{"id":4651,"date":"2022-09-18T14:05:33","date_gmt":"2022-09-18T12:05:33","guid":{"rendered":"http:\/\/talia-fashion.pl\/produkt\/trencz-dopasowany-wysoko-zapinany-hope\/"},"modified":"2026-02-05T07:03:59","modified_gmt":"2026-02-05T06:03:59","slug":"trencz-dopasowany-wysoko-zapinany-hope","status":"publish","type":"product","link":"https:\/\/talia-fashion.pl\/en\/product\/trencz-dopasowany-wysoko-zapinany-hope\/","title":{"rendered":"High-waisted fitted trench coat Hope"},"content":{"rendered":"<p>Trencz dopasowany wysoko zapinany Hope to p\u0142aszcz typu trencz podkre\u015blaj\u0105cy sylwetk\u0119. Klasyczna, prosta linia ramion. Boczne kieszenie uko\u015bnie wpuszczane, zako\u0144czone szerokimi listwami. Na ramionach oraz mankietach ozdobne pagony z naszytymi guzikami. P\u0142aszcz z rozci\u0119ciem na dole z ty\u0142u (z rozporkiem). Szylkretowe guziki. P\u0142aszcz jest taliowany. Pasek, dodatkowo podkre\u015blaj\u0105cy tali\u0119, wyjmowany i uszyty z tej samej tkaniny. Model w ca\u0142o\u015bci wyko\u0144czony podszewk\u0105, w\u0142\u0105cznie z r\u0119kawami. Wysokie zapi\u0119cie dodatkowo zabezpieczy przed wiatrem i zimnem. Idealnie prezentuje si\u0119 r\u00f3wnie\u017c bez zapi\u0119tego ostatniego guzika tworz\u0105c wtedy ko\u0142nierz typu rewers. Wy\u015bmienity na wiosn\u0119 i jesie\u0144.<\/p>\n<p>Hope to p\u0142aszcz o klasycznej linii prochowca. Je\u015bli lubisz dopasowany fason i nieco \u017co\u0142nierski sznyt, to ten model jest dla Ciebie idealny. Oficerki, podniesiony ko\u0142nierz i zdecydowane spojrzenie \ud83d\ude09 Oczywi\u015bcie Hope doskonale odnajdzie si\u0119 r\u00f3wnie\u017c w \u201emi\u0119kkich\u201d po\u0142\u0105czeniach z sukienk\u0105, butami na obcasie i mi\u0142ym u\u015bmiechem. Jakby tego wszystkiego by\u0142o ma\u0142o, mo\u017cesz za\u0142o\u017cy\u0107 trampki, d\u017cinsy, dziergan\u0105 czap\u0105 i lecie\u0107 zupe\u0142nie na luzie, na spacer ze swoim psem. Wybierz tylko odpowiedni dla siebie kolor p\u0142aszcza i ciesz si\u0119 wygod\u0105 i francuskim szykiem przez ca\u0142\u0105 wiosn\u0119 i jesie\u0144.<\/p>\n<p>Actual photo - green<br \/>\nDost\u0119pne kolory &#8211; zielony, czarny<br \/>\nAll colours are presented in our <a href=\"https:\/\/talia-fashion.pl\/en\/paleta-kolorow\/\">Colour palette,<\/a> a tak\u017ce na zdj\u0119ciach produkt\u00f3w na odr\u0119bnych aukcjach. W razie w\u0105tpliwo\u015bci, prosimy o kontakt. W tym sezonie stawiamy na kolor #dopaminedressing #dopaminecolor.<\/p>\n<p>Dost\u0119pne rozmiary:\u00a0 XS, S, M, L<\/p>\n<p>Indicative dimensions:<br \/>\nXS \u2013 biust: 86-88 \/ biodra: 92-94 \/ d\u0142ugo\u015b\u0107: 100 \/ szeroko\u015b\u0107 ramion 34,5-35 \/\u00a0r\u0119kaw: 61<br \/>\nS \u2013 biust: 90-92 \/ biodra: 96-98 \/ d\u0142ugo\u015b\u0107: 100 \/ szeroko\u015b\u0107 ramion 35,5-36 \/\u00a0r\u0119kaw: 61,5<br \/>\nM \u2013 biust: 94-96\u00a0\u00a0\/ biodra: 100-102 \/ d\u0142ugo\u015b\u0107: 100 \/ szeroko\u015b\u0107 ramion 37,5 \/ r\u0119kaw: 62<br \/>\nL \u2013 biust: 98-100 \/ biodra: 104-106 \/ d\u0142ugo\u015b\u0107: 101 \/ szeroko\u015b\u0107 ramion 39,5-40 \/ r\u0119kaw: 63<\/p>\n<p>Under <a href=\"https:\/\/talia-fashion.pl\/en\/jak-dobrac-rozmiar\/\">How to choose a size?<\/a> wyja\u015bniamy jak interpretowa\u0107 wymiary z powy\u017cszej tabeli a dodatkowo podpowiadamy w jaki spos\u00f3b si\u0119 zmierzy\u0107.<br \/>\nIf you are unsure of your size selection, please contact us.<\/p>\n<p><span lang=\"DE\">Materia\u0142:\u00a0 63% poliester, 33% wiskoza, 4% elastan<\/span><\/p>\n<p>Lining: 100% acetate<\/p>\n<p>Acetat podobnie jak wiskoza wytwarzany jest z celulozy. Prz\u0119dza acetatowa mo\u017ce by\u0107 wytworzona r\u00f3wnie\u017c z celulozy przetworzonej np. papieru. Podszewka acetatowa doskonale wch\u0142ania wilgo\u0107 i przepuszcza powietrze. Jest powlekany apretur\u0105 antystatyczn\u0105 i posiada certyfikat OEKOtex\u00ae Standard 100. Idealnie zapewnia komfort termiczny i wygodnie si\u0119 nosi.<\/p>\n<p>Trencz dopasowany wysoko zapinany Hope nale\u017cy czy\u015bci\u0107 chemicznie. Zapraszamy r\u00f3wnie\u017c po gar\u015b\u0107 porad <a href=\"https:\/\/talia-fashion.pl\/en\/jak-pielegnowac-i-dbac-o-plaszcz\/\">How to nurture and care for the coat?<\/a> , tak by \u0142atwo dba\u0107 o p\u0142aszcz i cieszy\u0107 si\u0119 nim latami, W\u0142a\u015bciwe dbanie o odzie\u017c nie tylko przed\u0142u\u017ca jej trwa\u0142o\u015b\u0107 ale r\u00f3wnie\u017c przyczynia si\u0119 do ochrony \u015brodowiska naturalnego.<\/p>\n<p>Trencz dopasowany wysoko zapinany Hope zaprojektowali\u015bmy w naszej rodzinnej pracowni. Wszystkie p\u0142aszcze szyjemy tradycyjnymi metodami, pocz\u0105wszy od r\u0119cznego uk\u0142adania tkanin po przyszywanie guzik\u00f3w. Pracujemy zgodnie z zasad\u0105 zero waste i staramy si\u0119 chroni\u0107 \u015brodowisko. Kochamy to co robimy, to nasza pasja.<\/p>\n<p>Oferujemy mo\u017cliwo\u015b\u0107 <strong>Individual orders<\/strong>, czyli z drobnymi modyfikacjami na \u017cyczenie Klienta. W p\u0142aszczyku mo\u017cemy skr\u00f3ci\u0107, b\u0105d\u017a wyd\u0142u\u017cy\u0107 r\u0119kawy, skr\u00f3ci\u0107 lub wyd\u0142u\u017cy\u0107 d\u0142ugo\u015b\u0107 p\u0142aszcza. Koszt takiej us\u0142ugi ustalamy indywidualnie po uprzednim kontakcie i ustaleniu dost\u0119pnych opcji.<\/p>\n<p><strong>An individual order is not subject to exchange or refund.<\/strong><\/p>\n<p>Czas realizacji zam\u00f3wienia uzale\u017cniamy od aktualnego stanu magazynowego w pracowni oraz dost\u0119pno\u015bci danego koloru materia\u0142u. Je\u015bli dany p\u0142aszcz jest dost\u0119pny w pracowni, realizacja zam\u00f3wienia nast\u0105pi bardzo szybko 2-5 dni roboczych. Je\u015bli konieczne jest uszycie p\u0142aszcza lub indywidualizacja zam\u00f3wienia \u2013 wykonanie przer\u00f3bki lub uszycie nowego p\u0142aszcza \u2013 czas realizacji zam\u00f3wienia mo\u017ce ulec wyd\u0142u\u017ceniu, maksymalnie do 2 tygodni.<\/p>\n<p><strong>Nasze p\u0142aszcze szyjemy r\u0119cznie i wi\u0119kszo\u015bci z nich nie szyjemy na magazyn<\/strong>, dlatego prosimy o cierpliwo\u015b\u0107. Musimy uszy\u0107 ten p\u0142aszcz dla Ciebie. Do\u0142o\u017cymy wszelkich stara\u0144 aby jak najszybciej zrealizowa\u0107 zam\u00f3wienie.<\/p>\n<p><strong>Thank you for supporting local crafts.<\/strong><\/p>\n<p>We encourage you to like our fanpage on\u00a0<a href=\"https:\/\/www.facebook.com\/talia.plaszcze\">Facebook<\/a>\u00a0and <a href=\"https:\/\/www.instagram.com\/talia_plaszcze\/\">Instagram<\/a>.<\/p>","protected":false},"excerpt":{"rendered":"<p>Trencz dopasowany wysoko zapinany Hope to p\u0142aszcz typu trencz podkre\u015blaj\u0105cy sylwetk\u0119. Klasyczna, prosta linia ramion. Boczne kieszenie uko\u015bnie wpuszczane, zako\u0144czone szerokimi listwami.&hellip;<\/p>","protected":false},"featured_media":686,"template":"","meta":{"_acf_changed":false},"product_cat":[104,29],"product_tag":[32,33,34,39,40,41,43,44,46,68,47,106,49,50,69,60,401,52,97,88],"class_list":{"0":"post-4651","1":"product","2":"type-product","3":"status-publish","4":"has-post-thumbnail","6":"product_cat-ostatnie-sztuki","7":"product_cat-sale-plaszcz-damski-w-promocji","8":"product_tag-dopasowany-kroj","9":"product_tag-dwurzedowy","10":"product_tag-handmade","11":"product_tag-klasyczny","12":"product_tag-kolnierz","13":"product_tag-na-podszewce","14":"product_tag-plaszcz-damski","15":"product_tag-plaszcz-damski-dlugi","16":"product_tag-plaszcz-dwurzedowy","17":"product_tag-plaszcz-jesienny","18":"product_tag-plaszcz-na-guziki","19":"product_tag-plaszcz-w-promocji","20":"product_tag-plaszcz-wiosenny","21":"product_tag-plaszcz-z-rewersem","22":"product_tag-prochowiec","23":"product_tag-producent-plaszczy-damskich","24":"product_tag-sale","25":"product_tag-szylkretowe-guziki","26":"product_tag-trencz","27":"product_tag-wiazany","29":"first","30":"instock","31":"sale","32":"shipping-taxable","33":"purchasable","34":"product-type-variable","35":"has-default-attributes"},"acf":[],"yoast_head":"<!-- This site is optimized with the Yoast SEO plugin v25.7 - https:\/\/yoast.com\/wordpress\/plugins\/seo\/ -->\n<title>Trencz dopasowany wysoko zapinany Hope - Talia Fashion<\/title>\n<meta name=\"description\" content=\"Trencz dopasowany wysoko zapinany to klasczyny dwurz\u0119dowy prochowiec z paskiem - idealny na wiosn\u0119 i jesie\u0144. Szyty r\u0119cznie w Polsce. Dopamine Dressing.\" \/>\n<meta name=\"robots\" content=\"index, follow, max-snippet:-1, max-image-preview:large, max-video-preview:-1\" \/>\n<link rel=\"canonical\" href=\"https:\/\/talia-fashion.pl\/en\/product\/trencz-dopasowany-wysoko-zapinany-hope\/\" \/>\n<meta property=\"og:locale\" content=\"en_GB\" \/>\n<meta property=\"og:type\" content=\"article\" \/>\n<meta property=\"og:title\" content=\"Trencz dopasowany wysoko zapinany Hope - Talia Fashion\" \/>\n<meta property=\"og:description\" content=\"Trencz dopasowany wysoko zapinany to klasczyny dwurz\u0119dowy prochowiec z paskiem - idealny na wiosn\u0119 i jesie\u0144. Szyty r\u0119cznie w Polsce. Dopamine Dressing.\" \/>\n<meta property=\"og:url\" content=\"https:\/\/talia-fashion.pl\/en\/product\/trencz-dopasowany-wysoko-zapinany-hope\/\" \/>\n<meta property=\"og:site_name\" content=\"Talia Fashion\" \/>\n<meta property=\"article:modified_time\" content=\"2026-02-05T06:03:59+00:00\" \/>\n<meta property=\"og:image\" content=\"https:\/\/talia-fashion.pl\/wp-content\/uploads\/2024\/10\/trencz_dopasowany_klasyczny_wysoko_zapinany.jpg\" \/>\n\t<meta property=\"og:image:width\" content=\"1500\" \/>\n\t<meta property=\"og:image:height\" content=\"2000\" \/>\n\t<meta property=\"og:image:type\" content=\"image\/jpeg\" \/>\n<meta name=\"twitter:card\" content=\"summary_large_image\" \/>\n<meta name=\"twitter:label1\" content=\"Estimated reading time\" \/>\n\t<meta name=\"twitter:data1\" content=\"3 minutes\" \/>\n<script type=\"application\/ld+json\" class=\"yoast-schema-graph\">{\"@context\":\"https:\/\/schema.org\",\"@graph\":[{\"@type\":\"WebPage\",\"@id\":\"https:\/\/talia-fashion.pl\/produkt\/trencz-dopasowany-wysoko-zapinany-hope\/\",\"url\":\"https:\/\/talia-fashion.pl\/produkt\/trencz-dopasowany-wysoko-zapinany-hope\/\",\"name\":\"Trencz dopasowany wysoko zapinany Hope - Talia Fashion\",\"isPartOf\":{\"@id\":\"https:\/\/talia-fashion.pl\/#website\"},\"primaryImageOfPage\":{\"@id\":\"https:\/\/talia-fashion.pl\/produkt\/trencz-dopasowany-wysoko-zapinany-hope\/#primaryimage\"},\"image\":{\"@id\":\"https:\/\/talia-fashion.pl\/produkt\/trencz-dopasowany-wysoko-zapinany-hope\/#primaryimage\"},\"thumbnailUrl\":\"https:\/\/talia-fashion.pl\/wp-content\/uploads\/2024\/10\/trencz_dopasowany_klasyczny_wysoko_zapinany.jpg\",\"datePublished\":\"2022-09-18T12:05:33+00:00\",\"dateModified\":\"2026-02-05T06:03:59+00:00\",\"description\":\"Trencz dopasowany wysoko zapinany to klasczyny dwurz\u0119dowy prochowiec z paskiem - idealny na wiosn\u0119 i jesie\u0144. Szyty r\u0119cznie w Polsce. Dopamine Dressing.\",\"breadcrumb\":{\"@id\":\"https:\/\/talia-fashion.pl\/produkt\/trencz-dopasowany-wysoko-zapinany-hope\/#breadcrumb\"},\"inLanguage\":\"en-GB\",\"potentialAction\":[{\"@type\":\"ReadAction\",\"target\":[\"https:\/\/talia-fashion.pl\/produkt\/trencz-dopasowany-wysoko-zapinany-hope\/\"]}]},{\"@type\":\"ImageObject\",\"inLanguage\":\"en-GB\",\"@id\":\"https:\/\/talia-fashion.pl\/produkt\/trencz-dopasowany-wysoko-zapinany-hope\/#primaryimage\",\"url\":\"https:\/\/talia-fashion.pl\/wp-content\/uploads\/2024\/10\/trencz_dopasowany_klasyczny_wysoko_zapinany.jpg\",\"contentUrl\":\"https:\/\/talia-fashion.pl\/wp-content\/uploads\/2024\/10\/trencz_dopasowany_klasyczny_wysoko_zapinany.jpg\",\"width\":1500,\"height\":2000,\"caption\":\"Klasyczny trencz o dopasowanym kroju, dwurz\u0119dowy, wysoko zapinany, wi\u0105zany w pasie, d\u0142ugo\u015b\u0107 w kolano. Bogata kolorystyka.,\"},{\"@type\":\"BreadcrumbList\",\"@id\":\"https:\/\/talia-fashion.pl\/produkt\/trencz-dopasowany-wysoko-zapinany-hope\/#breadcrumb\",\"itemListElement\":[{\"@type\":\"ListItem\",\"position\":1,\"name\":\"Strona g\u0142\u00f3wna\",\"item\":\"https:\/\/talia-fashion.pl\/\"},{\"@type\":\"ListItem\",\"position\":2,\"name\":\"Sklep\",\"item\":\"https:\/\/talia-fashion.pl\/sklep\/\"},{\"@type\":\"ListItem\",\"position\":3,\"name\":\"Trencz dopasowany wysoko zapinany Hope\"}]},{\"@type\":\"WebSite\",\"@id\":\"https:\/\/talia-fashion.pl\/#website\",\"url\":\"https:\/\/talia-fashion.pl\/\",\"name\":\"Talia Fashion\",\"description\":\"\",\"potentialAction\":[{\"@type\":\"SearchAction\",\"target\":{\"@type\":\"EntryPoint\",\"urlTemplate\":\"https:\/\/talia-fashion.pl\/?s={search_term_string}\"},\"query-input\":{\"@type\":\"PropertyValueSpecification\",\"valueRequired\":true,\"valueName\":\"search_term_string\"}}],\"inLanguage\":\"en-GB\"}]}<\/script>\n<!-- \/ Yoast SEO plugin. -->","yoast_head_json":{"title":"Trencz dopasowany wysoko zapinany Hope - Talia Fashion","description":"Trencz dopasowany wysoko zapinany to klasczyny dwurz\u0119dowy prochowiec z paskiem - idealny na wiosn\u0119 i jesie\u0144. Szyty r\u0119cznie w Polsce. Dopamine Dressing.","robots":{"index":"index","follow":"follow","max-snippet":"max-snippet:-1","max-image-preview":"max-image-preview:large","max-video-preview":"max-video-preview:-1"},"canonical":"https:\/\/talia-fashion.pl\/en\/product\/trencz-dopasowany-wysoko-zapinany-hope\/","og_locale":"en_GB","og_type":"article","og_title":"Trencz dopasowany wysoko zapinany Hope - Talia Fashion","og_description":"Trencz dopasowany wysoko zapinany to klasczyny dwurz\u0119dowy prochowiec z paskiem - idealny na wiosn\u0119 i jesie\u0144. Szyty r\u0119cznie w Polsce. Dopamine Dressing.","og_url":"https:\/\/talia-fashion.pl\/en\/product\/trencz-dopasowany-wysoko-zapinany-hope\/","og_site_name":"Talia Fashion","article_modified_time":"2026-02-05T06:03:59+00:00","og_image":[{"width":1500,"height":2000,"url":"https:\/\/talia-fashion.pl\/wp-content\/uploads\/2024\/10\/trencz_dopasowany_klasyczny_wysoko_zapinany.jpg","type":"image\/jpeg"}],"twitter_card":"summary_large_image","twitter_misc":{"Estimated reading time":"3 minutes"},"schema":{"@context":"https:\/\/schema.org","@graph":[{"@type":"WebPage","@id":"https:\/\/talia-fashion.pl\/produkt\/trencz-dopasowany-wysoko-zapinany-hope\/","url":"https:\/\/talia-fashion.pl\/produkt\/trencz-dopasowany-wysoko-zapinany-hope\/","name":"Trencz dopasowany wysoko zapinany Hope - Talia Fashion","isPartOf":{"@id":"https:\/\/talia-fashion.pl\/#website"},"primaryImageOfPage":{"@id":"https:\/\/talia-fashion.pl\/produkt\/trencz-dopasowany-wysoko-zapinany-hope\/#primaryimage"},"image":{"@id":"https:\/\/talia-fashion.pl\/produkt\/trencz-dopasowany-wysoko-zapinany-hope\/#primaryimage"},"thumbnailUrl":"https:\/\/talia-fashion.pl\/wp-content\/uploads\/2024\/10\/trencz_dopasowany_klasyczny_wysoko_zapinany.jpg","datePublished":"2022-09-18T12:05:33+00:00","dateModified":"2026-02-05T06:03:59+00:00","description":"Trencz dopasowany wysoko zapinany to klasczyny dwurz\u0119dowy prochowiec z paskiem - idealny na wiosn\u0119 i jesie\u0144. Szyty r\u0119cznie w Polsce. Dopamine Dressing.","breadcrumb":{"@id":"https:\/\/talia-fashion.pl\/produkt\/trencz-dopasowany-wysoko-zapinany-hope\/#breadcrumb"},"inLanguage":"en-GB","potentialAction":[{"@type":"ReadAction","target":["https:\/\/talia-fashion.pl\/produkt\/trencz-dopasowany-wysoko-zapinany-hope\/"]}]},{"@type":"ImageObject","inLanguage":"en-GB","@id":"https:\/\/talia-fashion.pl\/produkt\/trencz-dopasowany-wysoko-zapinany-hope\/#primaryimage","url":"https:\/\/talia-fashion.pl\/wp-content\/uploads\/2024\/10\/trencz_dopasowany_klasyczny_wysoko_zapinany.jpg","contentUrl":"https:\/\/talia-fashion.pl\/wp-content\/uploads\/2024\/10\/trencz_dopasowany_klasyczny_wysoko_zapinany.jpg","width":1500,"height":2000,"caption":"Klasyczny trencz o dopasowanym kroju, dwurz\u0119dowy, wysoko zapinany, wi\u0105zany w pasie, d\u0142ugo\u015b\u0107 w kolano. Bogata kolorystyka.,"},{"@type":"BreadcrumbList","@id":"https:\/\/talia-fashion.pl\/produkt\/trencz-dopasowany-wysoko-zapinany-hope\/#breadcrumb","itemListElement":[{"@type":"ListItem","position":1,"name":"Strona g\u0142\u00f3wna","item":"https:\/\/talia-fashion.pl\/"},{"@type":"ListItem","position":2,"name":"Sklep","item":"https:\/\/talia-fashion.pl\/sklep\/"},{"@type":"ListItem","position":3,"name":"Trencz dopasowany wysoko zapinany Hope"}]},{"@type":"WebSite","@id":"https:\/\/talia-fashion.pl\/#website","url":"https:\/\/talia-fashion.pl\/","name":"Talia Fashion","description":"","potentialAction":[{"@type":"SearchAction","target":{"@type":"EntryPoint","urlTemplate":"https:\/\/talia-fashion.pl\/?s={search_term_string}"},"query-input":{"@type":"PropertyValueSpecification","valueRequired":true,"valueName":"search_term_string"}}],"inLanguage":"en-GB"}]}},"_links":{"self":[{"href":"https:\/\/talia-fashion.pl\/en\/wp-json\/wp\/v2\/product\/4651","targetHints":{"allow":["GET"]}}],"collection":[{"href":"https:\/\/talia-fashion.pl\/en\/wp-json\/wp\/v2\/product"}],"about":[{"href":"https:\/\/talia-fashion.pl\/en\/wp-json\/wp\/v2\/types\/product"}],"wp:featuredmedia":[{"embeddable":true,"href":"https:\/\/talia-fashion.pl\/en\/wp-json\/wp\/v2\/media\/686"}],"wp:attachment":[{"href":"https:\/\/talia-fashion.pl\/en\/wp-json\/wp\/v2\/media?parent=4651"}],"wp:term":[{"taxonomy":"product_cat","embeddable":true,"href":"https:\/\/talia-fashion.pl\/en\/wp-json\/wp\/v2\/product_cat?post=4651"},{"taxonomy":"product_tag","embeddable":true,"href":"https:\/\/talia-fashion.pl\/en\/wp-json\/wp\/v2\/product_tag?post=4651"}],"curies":[{"name":"wp","href":"https:\/\/api.w.org\/{rel}","templated":true}]}}