{"id":4642,"date":"2022-09-18T13:13:41","date_gmt":"2022-09-18T11:13:41","guid":{"rendered":"http:\/\/talia-fashion.pl\/produkt\/zimowy-plaszcz-kimono-butelkowy-kenya\/"},"modified":"2026-02-20T20:41:38","modified_gmt":"2026-02-20T19:41:38","slug":"zimowy-plaszcz-kimono-butelkowy-kenya","status":"publish","type":"product","link":"https:\/\/talia-fashion.pl\/en\/product\/zimowy-plaszcz-kimono-butelkowy-kenya\/","title":{"rendered":"Kenya bottle winter kimono coat"},"content":{"rendered":"<p>Zimowy p\u0142aszcz kimono butelkowy Kenya z r\u0119kawem a&#8217;la kimono. Model dwurz\u0119dowy, zapinany na guziki, wi\u0105zany. Pasek uszyty z tej samej tkaniny, podkre\u015bla tali\u0119. Pasek jest \u0142atwo wyjmowany, a pude\u0142kowy kr\u00f3j p\u0142aszcza \u015bwietnie prezentuje si\u0119 r\u00f3wnie\u017c bez niego. Idealna opcja dla os\u00f3b, kt\u00f3re nie lubi\u0105 pask\u00f3w. Dwie przednie kieszenie wyko\u0144czone ozdobnymi listewkami. Ko\u0142nierz poszerzany z wyci\u0119ciem, modeluj\u0105cy dekolt w wysmuklaj\u0105cy szpic. Podniesiony prezentuje si\u0119 bardzo stylowo i chroni przed ch\u0142odem i zimnem. Oversizowy z obni\u017con\u0105 lini\u0105 ramion. \u00a0Ze wzgl\u0119du na opadaj\u0105c\u0105 lini\u0119 ramion p\u0142aszczyk wypada nieco obszerniej, zw\u0142aszcza w g\u00f3rnej jego cz\u0119\u015bci. Dzi\u0119ki czemu zmie\u015bci si\u0119 grubszy sweter czy marynarka. Idealny dla os\u00f3b z wi\u0119kszym biustem. Je\u015bli jednak wolisz bardziej dopasowany p\u0142aszczyk &#8211; polecamy wyb\u00f3r mniejszego rozmiaru. P\u0142aszcz w ca\u0142o\u015bci ocieplany. Znakomita propozycja na zimowe ch\u0142ody.<\/p>\n<p>Wyj\u0105tkowy odcie\u0144 butelkowej zieleni nigdy si\u0119 nie znudzi i b\u0119dzie znakomicie prezentowa\u0142 si\u0119 we wszystkich klasycznych zestawieniach. Niew\u0105tpliwie jednak, lu\u017any kr\u00f3j pozwala r\u00f3wnie\u017c na swobodne stylizacje i codzienny outfit, bez obawy o \u0142amanie konwencji czy mieszanie zasad. P\u0142aszcz o lu\u017anym kroju pozwoli Ci czu\u0107 si\u0119 naprawd\u0119 swobodnie, dlatego mo\u017cesz te\u017c za\u0142o\u017cy\u0107 trampki, fantazyjny szal i i\u015b\u0107 na spacer. Sp\u0119dzaj mi\u0142o czas w naszym wyj\u0105tkowym modelu Kenya.<\/p>\n<p>Zdj\u0119cie rzeczywiste &#8211; butelkowa ziele\u0144<\/p>\n<p>P\u0142aszcz dost\u0119pny w kolorach: butelkowa ziele\u0144 (tylko XS), granat (S,M), ecru (tylko L)<\/p>\n<p>You can check the available colours in our <a href=\"https:\/\/talia-fashion.pl\/en\/paleta-kolorow\/\">Colour palette.<\/a> Additionally, if you would like to see how a particular fabric looks in a coat, check out the other items in our shop. All available fabric colours are shown in the pictures of the coats in the different models. If in doubt, please do not hesitate to contact us.<\/p>\n<p>The model is 172 cm with a size S<\/p>\n<p>Available sizes: XS, S, M, L<\/p>\n<p>Indicative dimensions:<\/p>\n<p>XS - bust: 86-88 \/ hips: 94-96 \/ length: 106 \/ sleeve: 61<br \/>\nS - bust: 90-92 \/ hips: 98-100 \/ length: 106 \/ sleeve: 62<br \/>\nM - bust: 94-96 \/ hips: 102-104 \/ length: 106 \/ sleeve: 62<br \/>\nL - bust: 98-100 \/ hips: 106-108 \/ length: 107 \/ sleeve: 63<\/p>\n<p>If you are unsure about the size, please contact us.<\/p>\n<p>Materia\u0142: 60% we\u0142na, 22% poliester, 10% wiskoza, 8% alpaka<br \/>\nLining: 100 % acetate<br \/>\nLike viscose, acetate is produced from cellulose. Acetate yarn can also be made from recycled cellulose such as paper. The acetate lining is excellent at absorbing moisture and allowing air to pass through. It is coated with an antistatic apprettee and is OEKOtex\u00ae Standard 100 certified.<br \/>\nInsulation: 100% non-woven recycled polyester<br \/>\nOur coats are insulated with a compressed thermo-insulating quilted fleece on the lining. The fleece is made from recycled polyester fibres. The material is lightweight, thin and at the same time perfectly insulating. The insulating fleece we use is resistant to moisture (it retains its insulating properties and warming effect even in damp conditions), stops the wind, is hypoallergenic and breathable. It is OEKOtex\u00ae Standard 100 certified.<\/p>\n<p>Zimowy p\u0142aszcz kimono butelkowy Kenya, od pocz\u0105tku do ko\u0144ca, powsta\u0142 w naszej rodzinnej pracowni w Poznaniu. Od ponad 35 lat p\u0142aszcze s\u0105 nasz\u0105 pasj\u0105, dlatego wk\u0142adamy ca\u0142e serce w ka\u017cdy szyty produkt. Nasze p\u0142aszcze tworzymy r\u0119cznie, minimalizuj\u0105c negatywny wp\u0142yw na \u015brodowisko i wykorzystuj\u0105c maksymalnie wszystkie dost\u0119pne zasoby. U nas nic si\u0119 nie marnuje. Ka\u017cdy egzemplarz jest dzi\u0119ki temu wyj\u0105tkowy i unikatowy.<\/p>\n<p>The coat should be dry-cleaned, but to keep it looking great for longer we recommend the following <a href=\"https:\/\/talia-fashion.pl\/en\/product\/szczotka-do-czyszczenia-i-pielegnacji-plaszcza\/\">Brush for cleaning and care of the coat<\/a>, which is ideal for frequent refreshing of wool. We also encourage you to take a look at our simple tips <a href=\"https:\/\/talia-fashion.pl\/en\/jak-pielegnowac-i-dbac-o-plaszcz\/\">How to care for and maintain coats?<\/a> With simple measures, you can extend the life of your coat and thus contribute to protecting the environment.<\/p>\n<p><strong>Individual order <\/strong>- if you need us to make some modifications to the coat for you, such as: shortening, lengthening the sleeve, shortening and lengthening the coat. Contact us, the cost of making the modifications is priced individually depending on the scope of work.<br \/>\n<strong>An individual order is not subject to exchange or refund.<\/strong><\/p>\n<p>Czas realizacji uzale\u017cniony jest od aktualnego stanu magazynowego w firmie oraz dost\u0119pno\u015bci danego koloru materia\u0142u. Je\u015bli dany p\u0142aszcz jest dost\u0119pny w pracowni realizacja zam\u00f3wienia nast\u0105pi bardzo szybko 2-5 dni roboczych. Je\u015bli p\u0142aszczyk trzeba dopiero uszy\u0107 lub je\u015bli konieczna jest indywidualizacja zam\u00f3wienia \u2013 wykonanie przer\u00f3bki lub uszycie nowego p\u0142aszcza wed\u0142ug specyfikacji Klienta \u2013 czas realizacji zam\u00f3wienia mo\u017ce ulec wyd\u0142u\u017ceniu, maksymalnie do 2 tygodni.<\/p>\n<p>We sew our coats by hand, using traditional methods, and so please be patient while we wait for your order to be processed - we need to sew that coat for you ? Thank you for being with us and supporting local craftsmanship.<\/p>\n<p>We encourage you to like our fanpage on\u00a0<a href=\"https:\/\/www.facebook.com\/talia.plaszcze\">Facebook<\/a>\u00a0i\u00a0<a href=\"https:\/\/www.instagram.com\/talia_plaszcze\/\">Instagram<\/a><\/p>","protected":false},"excerpt":{"rendered":"<p>Zimowy p\u0142aszcz kimono butelkowy Kenya z r\u0119kawem a&#8217;la kimono. Model dwurz\u0119dowy, zapinany na guziki, wi\u0105zany. Pasek uszyty z tej samej tkaniny, podkre\u015bla&hellip;<\/p>","protected":false},"featured_media":681,"template":"","meta":{"_acf_changed":false},"product_cat":[104,29],"product_tag":[78,119,33,34,40,80,41,67,43,44,91,45,46,83,47,75,50,95,86,53,63],"class_list":{"0":"post-4642","1":"product","2":"type-product","3":"status-publish","4":"has-post-thumbnail","6":"product_cat-ostatnie-sztuki","7":"product_cat-sale-plaszcz-damski-w-promocji","8":"product_tag-dla-roznych-sylwetek","9":"product_tag-dlugi-plaszcz-zimowy","10":"product_tag-dwurzedowy","11":"product_tag-handmade","12":"product_tag-kolnierz","13":"product_tag-luzny-kroj","14":"product_tag-na-podszewce","15":"product_tag-ocieplany","16":"product_tag-plaszcz-damski","17":"product_tag-plaszcz-damski-dlugi","18":"product_tag-plaszcz-damski-zimowy","19":"product_tag-plaszcz-dlugi","20":"product_tag-plaszcz-dwurzedowy","21":"product_tag-plaszcz-luzny","22":"product_tag-plaszcz-na-guziki","23":"product_tag-plaszcz-ocieplany","24":"product_tag-plaszcz-z-rewersem","25":"product_tag-plaszcz-zimowy","26":"product_tag-plaszcz-zimowy-ocieplany","27":"product_tag-welna","28":"product_tag-welniany","30":"first","31":"instock","32":"sale","33":"shipping-taxable","34":"purchasable","35":"product-type-variable","36":"has-default-attributes"},"acf":[],"yoast_head":"<!-- This site is optimized with the Yoast SEO plugin v25.7 - https:\/\/yoast.com\/wordpress\/plugins\/seo\/ -->\n<title>Zimowy p\u0142aszcz kimono butelkowy Kenya - Talia Fashion - szyte w Polsce<\/title>\n<meta name=\"description\" content=\"Zimowy p\u0142aszcz kimono butelkowy - z doskonale wywa\u017conymi proporcjami to komfort i wygoda u\u017cytkowania. Szyty r\u0119cznie w naszej pracowni. Must have.\" \/>\n<meta name=\"robots\" content=\"index, follow, max-snippet:-1, max-image-preview:large, max-video-preview:-1\" \/>\n<link rel=\"canonical\" href=\"https:\/\/talia-fashion.pl\/en\/product\/zimowy-plaszcz-kimono-butelkowy-kenya\/\" \/>\n<meta property=\"og:locale\" content=\"en_GB\" \/>\n<meta property=\"og:type\" content=\"article\" \/>\n<meta property=\"og:title\" content=\"Zimowy p\u0142aszcz kimono butelkowy Kenya - Talia Fashion - szyte w Polsce\" \/>\n<meta property=\"og:description\" content=\"Zimowy p\u0142aszcz kimono butelkowy - z doskonale wywa\u017conymi proporcjami to komfort i wygoda u\u017cytkowania. Szyty r\u0119cznie w naszej pracowni. Must have.\" \/>\n<meta property=\"og:url\" content=\"https:\/\/talia-fashion.pl\/en\/product\/zimowy-plaszcz-kimono-butelkowy-kenya\/\" \/>\n<meta property=\"og:site_name\" content=\"Talia Fashion\" \/>\n<meta property=\"article:modified_time\" content=\"2026-02-20T19:41:38+00:00\" \/>\n<meta property=\"og:image\" content=\"https:\/\/talia-fashion.pl\/wp-content\/uploads\/2024\/10\/zimowy-plaszcz-kimono-butelkowy-zielony-oversize-scaled-2.jpg\" \/>\n\t<meta property=\"og:image:width\" content=\"1920\" \/>\n\t<meta property=\"og:image:height\" content=\"2560\" \/>\n\t<meta property=\"og:image:type\" content=\"image\/jpeg\" \/>\n<meta name=\"twitter:card\" content=\"summary_large_image\" \/>\n<meta name=\"twitter:label1\" content=\"Estimated reading time\" \/>\n\t<meta name=\"twitter:data1\" content=\"4 minutes\" \/>\n<script type=\"application\/ld+json\" class=\"yoast-schema-graph\">{\"@context\":\"https:\/\/schema.org\",\"@graph\":[{\"@type\":\"WebPage\",\"@id\":\"https:\/\/talia-fashion.pl\/produkt\/zimowy-plaszcz-kimono-butelkowy-kenya\/\",\"url\":\"https:\/\/talia-fashion.pl\/produkt\/zimowy-plaszcz-kimono-butelkowy-kenya\/\",\"name\":\"Zimowy p\u0142aszcz kimono butelkowy Kenya - Talia Fashion - szyte w Polsce\",\"isPartOf\":{\"@id\":\"https:\/\/talia-fashion.pl\/#website\"},\"primaryImageOfPage\":{\"@id\":\"https:\/\/talia-fashion.pl\/produkt\/zimowy-plaszcz-kimono-butelkowy-kenya\/#primaryimage\"},\"image\":{\"@id\":\"https:\/\/talia-fashion.pl\/produkt\/zimowy-plaszcz-kimono-butelkowy-kenya\/#primaryimage\"},\"thumbnailUrl\":\"https:\/\/talia-fashion.pl\/wp-content\/uploads\/2024\/10\/zimowy-plaszcz-kimono-butelkowy-zielony-oversize-scaled-2.jpg\",\"datePublished\":\"2022-09-18T11:13:41+00:00\",\"dateModified\":\"2026-02-20T19:41:38+00:00\",\"description\":\"Zimowy p\u0142aszcz kimono butelkowy - z doskonale wywa\u017conymi proporcjami to komfort i wygoda u\u017cytkowania. Szyty r\u0119cznie w naszej pracowni. Must have.\",\"breadcrumb\":{\"@id\":\"https:\/\/talia-fashion.pl\/produkt\/zimowy-plaszcz-kimono-butelkowy-kenya\/#breadcrumb\"},\"inLanguage\":\"en-GB\",\"potentialAction\":[{\"@type\":\"ReadAction\",\"target\":[\"https:\/\/talia-fashion.pl\/produkt\/zimowy-plaszcz-kimono-butelkowy-kenya\/\"]}]},{\"@type\":\"ImageObject\",\"inLanguage\":\"en-GB\",\"@id\":\"https:\/\/talia-fashion.pl\/produkt\/zimowy-plaszcz-kimono-butelkowy-kenya\/#primaryimage\",\"url\":\"https:\/\/talia-fashion.pl\/wp-content\/uploads\/2024\/10\/zimowy-plaszcz-kimono-butelkowy-zielony-oversize-scaled-2.jpg\",\"contentUrl\":\"https:\/\/talia-fashion.pl\/wp-content\/uploads\/2024\/10\/zimowy-plaszcz-kimono-butelkowy-zielony-oversize-scaled-2.jpg\",\"width\":1920,\"height\":2560,\"caption\":\"Zimowy p\u0142aszcz kimono butelkowa ziele\u0144. Styl oversize z obni\u017con\u0105 lini\u0105 ramion, zapinany na guziki i wi\u0105zany.\"},{\"@type\":\"BreadcrumbList\",\"@id\":\"https:\/\/talia-fashion.pl\/produkt\/zimowy-plaszcz-kimono-butelkowy-kenya\/#breadcrumb\",\"itemListElement\":[{\"@type\":\"ListItem\",\"position\":1,\"name\":\"Strona g\u0142\u00f3wna\",\"item\":\"https:\/\/talia-fashion.pl\/\"},{\"@type\":\"ListItem\",\"position\":2,\"name\":\"Sklep\",\"item\":\"https:\/\/talia-fashion.pl\/sklep\/\"},{\"@type\":\"ListItem\",\"position\":3,\"name\":\"Zimowy p\u0142aszcz kimono butelkowy Kenya\"}]},{\"@type\":\"WebSite\",\"@id\":\"https:\/\/talia-fashion.pl\/#website\",\"url\":\"https:\/\/talia-fashion.pl\/\",\"name\":\"Talia Fashion\",\"description\":\"\",\"potentialAction\":[{\"@type\":\"SearchAction\",\"target\":{\"@type\":\"EntryPoint\",\"urlTemplate\":\"https:\/\/talia-fashion.pl\/?s={search_term_string}\"},\"query-input\":{\"@type\":\"PropertyValueSpecification\",\"valueRequired\":true,\"valueName\":\"search_term_string\"}}],\"inLanguage\":\"en-GB\"}]}<\/script>\n<!-- \/ Yoast SEO plugin. -->","yoast_head_json":{"title":"Zimowy p\u0142aszcz kimono butelkowy Kenya - Talia Fashion - szyte w Polsce","description":"Zimowy p\u0142aszcz kimono butelkowy - z doskonale wywa\u017conymi proporcjami to komfort i wygoda u\u017cytkowania. Szyty r\u0119cznie w naszej pracowni. Must have.","robots":{"index":"index","follow":"follow","max-snippet":"max-snippet:-1","max-image-preview":"max-image-preview:large","max-video-preview":"max-video-preview:-1"},"canonical":"https:\/\/talia-fashion.pl\/en\/product\/zimowy-plaszcz-kimono-butelkowy-kenya\/","og_locale":"en_GB","og_type":"article","og_title":"Zimowy p\u0142aszcz kimono butelkowy Kenya - Talia Fashion - szyte w Polsce","og_description":"Zimowy p\u0142aszcz kimono butelkowy - z doskonale wywa\u017conymi proporcjami to komfort i wygoda u\u017cytkowania. Szyty r\u0119cznie w naszej pracowni. Must have.","og_url":"https:\/\/talia-fashion.pl\/en\/product\/zimowy-plaszcz-kimono-butelkowy-kenya\/","og_site_name":"Talia Fashion","article_modified_time":"2026-02-20T19:41:38+00:00","og_image":[{"width":1920,"height":2560,"url":"https:\/\/talia-fashion.pl\/wp-content\/uploads\/2024\/10\/zimowy-plaszcz-kimono-butelkowy-zielony-oversize-scaled-2.jpg","type":"image\/jpeg"}],"twitter_card":"summary_large_image","twitter_misc":{"Estimated reading time":"4 minutes"},"schema":{"@context":"https:\/\/schema.org","@graph":[{"@type":"WebPage","@id":"https:\/\/talia-fashion.pl\/produkt\/zimowy-plaszcz-kimono-butelkowy-kenya\/","url":"https:\/\/talia-fashion.pl\/produkt\/zimowy-plaszcz-kimono-butelkowy-kenya\/","name":"Zimowy p\u0142aszcz kimono butelkowy Kenya - Talia Fashion - szyte w Polsce","isPartOf":{"@id":"https:\/\/talia-fashion.pl\/#website"},"primaryImageOfPage":{"@id":"https:\/\/talia-fashion.pl\/produkt\/zimowy-plaszcz-kimono-butelkowy-kenya\/#primaryimage"},"image":{"@id":"https:\/\/talia-fashion.pl\/produkt\/zimowy-plaszcz-kimono-butelkowy-kenya\/#primaryimage"},"thumbnailUrl":"https:\/\/talia-fashion.pl\/wp-content\/uploads\/2024\/10\/zimowy-plaszcz-kimono-butelkowy-zielony-oversize-scaled-2.jpg","datePublished":"2022-09-18T11:13:41+00:00","dateModified":"2026-02-20T19:41:38+00:00","description":"Zimowy p\u0142aszcz kimono butelkowy - z doskonale wywa\u017conymi proporcjami to komfort i wygoda u\u017cytkowania. Szyty r\u0119cznie w naszej pracowni. Must have.","breadcrumb":{"@id":"https:\/\/talia-fashion.pl\/produkt\/zimowy-plaszcz-kimono-butelkowy-kenya\/#breadcrumb"},"inLanguage":"en-GB","potentialAction":[{"@type":"ReadAction","target":["https:\/\/talia-fashion.pl\/produkt\/zimowy-plaszcz-kimono-butelkowy-kenya\/"]}]},{"@type":"ImageObject","inLanguage":"en-GB","@id":"https:\/\/talia-fashion.pl\/produkt\/zimowy-plaszcz-kimono-butelkowy-kenya\/#primaryimage","url":"https:\/\/talia-fashion.pl\/wp-content\/uploads\/2024\/10\/zimowy-plaszcz-kimono-butelkowy-zielony-oversize-scaled-2.jpg","contentUrl":"https:\/\/talia-fashion.pl\/wp-content\/uploads\/2024\/10\/zimowy-plaszcz-kimono-butelkowy-zielony-oversize-scaled-2.jpg","width":1920,"height":2560,"caption":"Zimowy p\u0142aszcz kimono butelkowa ziele\u0144. Styl oversize z obni\u017con\u0105 lini\u0105 ramion, zapinany na guziki i wi\u0105zany."},{"@type":"BreadcrumbList","@id":"https:\/\/talia-fashion.pl\/produkt\/zimowy-plaszcz-kimono-butelkowy-kenya\/#breadcrumb","itemListElement":[{"@type":"ListItem","position":1,"name":"Strona g\u0142\u00f3wna","item":"https:\/\/talia-fashion.pl\/"},{"@type":"ListItem","position":2,"name":"Sklep","item":"https:\/\/talia-fashion.pl\/sklep\/"},{"@type":"ListItem","position":3,"name":"Zimowy p\u0142aszcz kimono butelkowy Kenya"}]},{"@type":"WebSite","@id":"https:\/\/talia-fashion.pl\/#website","url":"https:\/\/talia-fashion.pl\/","name":"Talia Fashion","description":"","potentialAction":[{"@type":"SearchAction","target":{"@type":"EntryPoint","urlTemplate":"https:\/\/talia-fashion.pl\/?s={search_term_string}"},"query-input":{"@type":"PropertyValueSpecification","valueRequired":true,"valueName":"search_term_string"}}],"inLanguage":"en-GB"}]}},"_links":{"self":[{"href":"https:\/\/talia-fashion.pl\/en\/wp-json\/wp\/v2\/product\/4642","targetHints":{"allow":["GET"]}}],"collection":[{"href":"https:\/\/talia-fashion.pl\/en\/wp-json\/wp\/v2\/product"}],"about":[{"href":"https:\/\/talia-fashion.pl\/en\/wp-json\/wp\/v2\/types\/product"}],"wp:featuredmedia":[{"embeddable":true,"href":"https:\/\/talia-fashion.pl\/en\/wp-json\/wp\/v2\/media\/681"}],"wp:attachment":[{"href":"https:\/\/talia-fashion.pl\/en\/wp-json\/wp\/v2\/media?parent=4642"}],"wp:term":[{"taxonomy":"product_cat","embeddable":true,"href":"https:\/\/talia-fashion.pl\/en\/wp-json\/wp\/v2\/product_cat?post=4642"},{"taxonomy":"product_tag","embeddable":true,"href":"https:\/\/talia-fashion.pl\/en\/wp-json\/wp\/v2\/product_tag?post=4642"}],"curies":[{"name":"wp","href":"https:\/\/api.w.org\/{rel}","templated":true}]}}