{"id":4618,"date":"2025-09-03T16:38:05","date_gmt":"2025-09-03T14:38:05","guid":{"rendered":"http:\/\/talia-fashion.pl\/produkt\/plaszcz-zimowy-z-alpaka-kamelowy-ola\/"},"modified":"2026-04-08T08:46:19","modified_gmt":"2026-04-08T06:46:19","slug":"plaszcz-zimowy-z-alpaka-kamelowy-ola","status":"publish","type":"product","link":"https:\/\/talia-fashion.pl\/en\/product\/plaszcz-zimowy-z-alpaka-kamelowy-ola\/","title":{"rendered":"Winter coat with alpaca camellia Ola"},"content":{"rendered":"<p>The Ola alpaca camel winter coat is a double-breasted model with a single button fastening (the second button acts as a decoration). The coat is sewn from a high quality wool blend. Classic coat line with a slightly widened reverse collar. Waisted back, shaped front without darts. Belt sewn from the same fabric to emphasize the waist. Colour-matched tortoiseshell buttons. Knee-length. Coat without a slit at the back (no opening). Two, diagonally sewn pockets finished with slits. Insulated. Ideal for autumn and winter.<\/p>\n<p>The camel wool coat is undoubtedly a classic in your wardrobe. An excellent candidate for creating many different stylings. It goes perfectly with both elegant ensembles and casual, sporty outfits. Chic boots and an elegant handbag or sporty boots and a chunky cap - it is only up to you which combination you choose. The camel coat also looks great paired with a hoodie. No matter what you wear it with, you will always look striking and very stylish.<\/p>\n<p><span lang=\"DE\">Actual photo - camel<\/span><br \/>\nAvailable colours<span lang=\"DE\">camellia (M only), light beige (XS, M, XL only)<\/span><\/p>\n<p>You can check the available colours in our\u00a0<a href=\"https:\/\/talia-fashion.pl\/en\/paleta-kolorow\/\">Colour palette<\/a> as well as on the other auctions of other coat models in our shop.<\/p>\n<p><span lang=\"DE\">Available sizes: XS, S, M, L, XL<\/span><\/p>\n<p>The model is 172 cm tall and presents the coat in size S.<\/p>\n<p><span lang=\"DE\">Indicative dimensions:<\/span><br \/>\nXS - bust: 86-88 \/ hips 94-96 \/ length: 97 \/ shoulder width 34.5-35 \/ sleeve 61<br \/>\nS - bust: 90-92 \/ hips: 98-100 \/ length: 98 \/ shoulder width 35.5-36 \/ sleeve: 62<br \/>\nM - bust: 94-96 \/ hips: 102-104 \/ length: 98 \/ shoulder width 37.5 \/ sleeve: 62<br \/>\nL - bust: 98-100 \/ hips: 106-108 \/ length: 98 \/ shoulder width 39.5-40 \/ sleeve: 63<br \/>\nXL - bust: 104-106 \/ hips: 112-114 \/ length: 98 \/ shoulder width 42-42.5 \/ sleeve: 64<\/p>\n<p><span lang=\"DE\">How to measure yourself and how to interpret our table is explained in our short guide <a href=\"https:\/\/talia-fashion.pl\/en\/jak-wybrac-odpowiedni-rozmiar\/\">How to choose a size?<\/a>\u00a0 If you have any further questions or concerns, please do not hesitate to contact us.<\/span><\/p>\n<p>Material: 60% wool, 8% alpaca, 22% polyester, 10% viscose<br \/>\nLining: 100 % acetate<br \/>\nLike viscose, acetate is produced from cellulose. Acetate yarn can also be made from recycled cellulose such as paper. The acetate lining is excellent at absorbing moisture and allowing air to pass through. It is coated with an antistatic apprettee and is OEKOtex\u00ae Standard 100 certified.<br \/>\nInsulation: 100% non-woven recycled polyester<br \/>\nOur coats are insulated with a compressed thermo-insulating quilted fleece on the lining. The fleece is made from recycled polyester fibres. The material is lightweight, thin and at the same time perfectly insulating. The insulating fleece we use is resistant to moisture (it retains its insulating properties and warming effect even in damp conditions), stops the wind, is hypoallergenic and breathable. It is OEKOtex\u00ae Standard 100 certified.<\/p>\n<p><span lang=\"DE\">We have designed all our models<\/span><span lang=\"DE\"> In our family workshop, in Pozna\u0144. We make our coats using traditional methods, putting a lot of heart into every detail. With us, you won't find tape production, just searching for the perfect material, matching the cut, hand finishing. Coats are our passion.<\/span><\/p>\n<p><span lang=\"DE\">Minor modifications - shortening or lengthening of the sleeves, lengthening and shortening of the coat - are possible on special request. <strong>Individual order<\/strong> We price after prior contact and determination of the size of the changes.<\/span><\/p>\n<p><span lang=\"DE\"><strong>An individual order is not subject to exchange or refund.<\/strong><\/span><\/p>\n<p><span style=\"font-family: 'Helvetica','sans-serif'; color: #858585; background: white;\">The Ola camellia winter coat with alpaca should be dry-cleaned. In order to enjoy your beautiful coat for a long time, we recommend that you refresh the wool frequently <a href=\"https:\/\/talia-fashion.pl\/en\/product\/szczotka-do-czyszczenia-i-pielegnacji-plaszcza\/\">Brush for cleaning and care of the coat<\/a>which can be purchased in our shop. In addition, we invite you to read a handful of tips on how to care for your coat at home <a href=\"https:\/\/talia-fashion.pl\/en\/jak-pielegnowac-i-dbac-o-plaszcz\/\">How to nurture and care for the coat?<\/a> Simple methods to prolong the life of your coat and thus take care of the environment. The longer you wear it, the less you pollute.<\/span><\/p>\n<p><span lang=\"DE\">The lead time depends on the company's current stock and the availability of a given fabric colour. If a given coat is available in the company, the order will be realised very quickly - 2-5 working days. If individualisation of the order is necessary - making alterations or sewing a new coat - the lead time may be extended to a maximum of 2 weeks.<\/span><\/p>\n<p>We practise classic tailoring and therefore do not sew our coats to stock. We therefore ask for your patience while waiting for your order to be processed. We make every effort to sew this coat for you as soon as possible.<\/p>\n<p><strong>Thanks for supporting local crafts \ud83d\ude42<\/strong><\/p>\n<p>To keep up to date, we invite you to like our fanpag on <a href=\"https:\/\/www.facebook.com\/talia.plaszcze\">Facebook<\/a> i <a href=\"https:\/\/www.instagram.com\/talia_plaszcze\/\">Instagram<\/a>.<\/p>","protected":false},"excerpt":{"rendered":"<p>P\u0142aszcz zimowy z alpak\u0105 kamelowy Ola to dwurz\u0119dowy model zapinany na jeden guzik (drugi pe\u0142ni rol\u0119 ozdoby). P\u0142aszcz szyjemy z wysokiej jako\u015bci&hellip;<\/p>","protected":false},"featured_media":666,"template":"","meta":{"_acf_changed":false},"product_cat":[104],"product_tag":[78,33,34,38,39,40,41,67,222,105,109,91,46,47,106,85,102,50,95,86,130,107,52,53,149,63],"class_list":{"0":"post-4618","1":"product","2":"type-product","3":"status-publish","4":"has-post-thumbnail","6":"product_cat-ostatnie-sztuki","7":"product_tag-dla-roznych-sylwetek","8":"product_tag-dwurzedowy","9":"product_tag-handmade","10":"product_tag-kamel","11":"product_tag-klasyczny","12":"product_tag-kolnierz","13":"product_tag-na-podszewce","14":"product_tag-ocieplany","15":"product_tag-ostanie-sztuki","16":"product_tag-ostatnie-sztuki","17":"product_tag-plaszcz-camel","18":"product_tag-plaszcz-damski-zimowy","19":"product_tag-plaszcz-dwurzedowy","20":"product_tag-plaszcz-na-guziki","21":"product_tag-plaszcz-w-promocji","22":"product_tag-plaszcz-welniany","23":"product_tag-plaszcz-z-alpaki","24":"product_tag-plaszcz-z-rewersem","25":"product_tag-plaszcz-zimowy","26":"product_tag-plaszcz-zimowy-ocieplany","27":"product_tag-promocja","28":"product_tag-promocje","29":"product_tag-szylkretowe-guziki","30":"product_tag-welna","31":"product_tag-welna-z-alpaki","32":"product_tag-welniany","34":"first","35":"instock","36":"sale","37":"shipping-taxable","38":"purchasable","39":"product-type-variable","40":"has-default-attributes"},"acf":[],"yoast_head":"<!-- This site is optimized with the Yoast SEO plugin v25.7 - https:\/\/yoast.com\/wordpress\/plugins\/seo\/ -->\n<title>P\u0142aszcz zimowy z alpak\u0105 kamelowy Ola - polskie p\u0142aszcze<\/title>\n<meta name=\"description\" content=\"P\u0142aszcz zimowy z alpak\u0105 kamelowy Ola uszyty w Polsce z wysokiej jako\u015bci we\u0142ny. Klasyczna linia, uniwersalny kolor, w ca\u0142o\u015bci ocieplany.\" \/>\n<meta name=\"robots\" content=\"index, follow, max-snippet:-1, max-image-preview:large, max-video-preview:-1\" \/>\n<link rel=\"canonical\" href=\"https:\/\/talia-fashion.pl\/en\/product\/plaszcz-zimowy-z-alpaka-kamelowy-ola\/\" \/>\n<meta property=\"og:locale\" content=\"en_GB\" \/>\n<meta property=\"og:type\" content=\"article\" \/>\n<meta property=\"og:title\" content=\"P\u0142aszcz zimowy z alpak\u0105 kamelowy Ola - polskie p\u0142aszcze\" \/>\n<meta property=\"og:description\" content=\"P\u0142aszcz zimowy z alpak\u0105 kamelowy Ola uszyty w Polsce z wysokiej jako\u015bci we\u0142ny. Klasyczna linia, uniwersalny kolor, w ca\u0142o\u015bci ocieplany.\" \/>\n<meta property=\"og:url\" content=\"https:\/\/talia-fashion.pl\/en\/product\/plaszcz-zimowy-z-alpaka-kamelowy-ola\/\" \/>\n<meta property=\"og:site_name\" content=\"Talia Fashion\" \/>\n<meta property=\"article:modified_time\" content=\"2026-04-08T06:46:19+00:00\" \/>\n<meta property=\"og:image\" content=\"https:\/\/talia-fashion.pl\/wp-content\/uploads\/2024\/10\/plaszcz-zimowy-z-alpaka-kamelowy.jpg\" \/>\n\t<meta property=\"og:image:width\" content=\"1500\" \/>\n\t<meta property=\"og:image:height\" content=\"2000\" \/>\n\t<meta property=\"og:image:type\" content=\"image\/jpeg\" \/>\n<meta name=\"twitter:card\" content=\"summary_large_image\" \/>\n<meta name=\"twitter:label1\" content=\"Estimated reading time\" \/>\n\t<meta name=\"twitter:data1\" content=\"4 minutes\" \/>\n<script type=\"application\/ld+json\" class=\"yoast-schema-graph\">{\"@context\":\"https:\/\/schema.org\",\"@graph\":[{\"@type\":\"WebPage\",\"@id\":\"https:\/\/talia-fashion.pl\/produkt\/plaszcz-zimowy-z-alpaka-kamelowy-ola\/\",\"url\":\"https:\/\/talia-fashion.pl\/produkt\/plaszcz-zimowy-z-alpaka-kamelowy-ola\/\",\"name\":\"P\u0142aszcz zimowy z alpak\u0105 kamelowy Ola - polskie p\u0142aszcze\",\"isPartOf\":{\"@id\":\"https:\/\/talia-fashion.pl\/#website\"},\"primaryImageOfPage\":{\"@id\":\"https:\/\/talia-fashion.pl\/produkt\/plaszcz-zimowy-z-alpaka-kamelowy-ola\/#primaryimage\"},\"image\":{\"@id\":\"https:\/\/talia-fashion.pl\/produkt\/plaszcz-zimowy-z-alpaka-kamelowy-ola\/#primaryimage\"},\"thumbnailUrl\":\"https:\/\/talia-fashion.pl\/wp-content\/uploads\/2024\/10\/plaszcz-zimowy-z-alpaka-kamelowy.jpg\",\"datePublished\":\"2025-09-03T14:38:05+00:00\",\"dateModified\":\"2026-04-08T06:46:19+00:00\",\"description\":\"P\u0142aszcz zimowy z alpak\u0105 kamelowy Ola uszyty w Polsce z wysokiej jako\u015bci we\u0142ny. Klasyczna linia, uniwersalny kolor, w ca\u0142o\u015bci ocieplany.\",\"breadcrumb\":{\"@id\":\"https:\/\/talia-fashion.pl\/produkt\/plaszcz-zimowy-z-alpaka-kamelowy-ola\/#breadcrumb\"},\"inLanguage\":\"en-GB\",\"potentialAction\":[{\"@type\":\"ReadAction\",\"target\":[\"https:\/\/talia-fashion.pl\/produkt\/plaszcz-zimowy-z-alpaka-kamelowy-ola\/\"]}]},{\"@type\":\"ImageObject\",\"inLanguage\":\"en-GB\",\"@id\":\"https:\/\/talia-fashion.pl\/produkt\/plaszcz-zimowy-z-alpaka-kamelowy-ola\/#primaryimage\",\"url\":\"https:\/\/talia-fashion.pl\/wp-content\/uploads\/2024\/10\/plaszcz-zimowy-z-alpaka-kamelowy.jpg\",\"contentUrl\":\"https:\/\/talia-fashion.pl\/wp-content\/uploads\/2024\/10\/plaszcz-zimowy-z-alpaka-kamelowy.jpg\",\"width\":1500,\"height\":2000,\"caption\":\"P\u0142aszcz zimowy z alpak\u0105 kamelowy wi\u0105zany w pasie z ko\u0142nierzem typu rewers.\"},{\"@type\":\"BreadcrumbList\",\"@id\":\"https:\/\/talia-fashion.pl\/produkt\/plaszcz-zimowy-z-alpaka-kamelowy-ola\/#breadcrumb\",\"itemListElement\":[{\"@type\":\"ListItem\",\"position\":1,\"name\":\"Strona g\u0142\u00f3wna\",\"item\":\"https:\/\/talia-fashion.pl\/\"},{\"@type\":\"ListItem\",\"position\":2,\"name\":\"Sklep\",\"item\":\"https:\/\/talia-fashion.pl\/sklep\/\"},{\"@type\":\"ListItem\",\"position\":3,\"name\":\"P\u0142aszcz zimowy z alpak\u0105 kamelowy Ola\"}]},{\"@type\":\"WebSite\",\"@id\":\"https:\/\/talia-fashion.pl\/#website\",\"url\":\"https:\/\/talia-fashion.pl\/\",\"name\":\"Talia Fashion\",\"description\":\"\",\"potentialAction\":[{\"@type\":\"SearchAction\",\"target\":{\"@type\":\"EntryPoint\",\"urlTemplate\":\"https:\/\/talia-fashion.pl\/?s={search_term_string}\"},\"query-input\":{\"@type\":\"PropertyValueSpecification\",\"valueRequired\":true,\"valueName\":\"search_term_string\"}}],\"inLanguage\":\"en-GB\"}]}<\/script>\n<!-- \/ Yoast SEO plugin. -->","yoast_head_json":{"title":"P\u0142aszcz zimowy z alpak\u0105 kamelowy Ola - polskie p\u0142aszcze","description":"P\u0142aszcz zimowy z alpak\u0105 kamelowy Ola uszyty w Polsce z wysokiej jako\u015bci we\u0142ny. Klasyczna linia, uniwersalny kolor, w ca\u0142o\u015bci ocieplany.","robots":{"index":"index","follow":"follow","max-snippet":"max-snippet:-1","max-image-preview":"max-image-preview:large","max-video-preview":"max-video-preview:-1"},"canonical":"https:\/\/talia-fashion.pl\/en\/product\/plaszcz-zimowy-z-alpaka-kamelowy-ola\/","og_locale":"en_GB","og_type":"article","og_title":"P\u0142aszcz zimowy z alpak\u0105 kamelowy Ola - polskie p\u0142aszcze","og_description":"P\u0142aszcz zimowy z alpak\u0105 kamelowy Ola uszyty w Polsce z wysokiej jako\u015bci we\u0142ny. Klasyczna linia, uniwersalny kolor, w ca\u0142o\u015bci ocieplany.","og_url":"https:\/\/talia-fashion.pl\/en\/product\/plaszcz-zimowy-z-alpaka-kamelowy-ola\/","og_site_name":"Talia Fashion","article_modified_time":"2026-04-08T06:46:19+00:00","og_image":[{"width":1500,"height":2000,"url":"https:\/\/talia-fashion.pl\/wp-content\/uploads\/2024\/10\/plaszcz-zimowy-z-alpaka-kamelowy.jpg","type":"image\/jpeg"}],"twitter_card":"summary_large_image","twitter_misc":{"Estimated reading time":"4 minutes"},"schema":{"@context":"https:\/\/schema.org","@graph":[{"@type":"WebPage","@id":"https:\/\/talia-fashion.pl\/produkt\/plaszcz-zimowy-z-alpaka-kamelowy-ola\/","url":"https:\/\/talia-fashion.pl\/produkt\/plaszcz-zimowy-z-alpaka-kamelowy-ola\/","name":"P\u0142aszcz zimowy z alpak\u0105 kamelowy Ola - polskie p\u0142aszcze","isPartOf":{"@id":"https:\/\/talia-fashion.pl\/#website"},"primaryImageOfPage":{"@id":"https:\/\/talia-fashion.pl\/produkt\/plaszcz-zimowy-z-alpaka-kamelowy-ola\/#primaryimage"},"image":{"@id":"https:\/\/talia-fashion.pl\/produkt\/plaszcz-zimowy-z-alpaka-kamelowy-ola\/#primaryimage"},"thumbnailUrl":"https:\/\/talia-fashion.pl\/wp-content\/uploads\/2024\/10\/plaszcz-zimowy-z-alpaka-kamelowy.jpg","datePublished":"2025-09-03T14:38:05+00:00","dateModified":"2026-04-08T06:46:19+00:00","description":"P\u0142aszcz zimowy z alpak\u0105 kamelowy Ola uszyty w Polsce z wysokiej jako\u015bci we\u0142ny. Klasyczna linia, uniwersalny kolor, w ca\u0142o\u015bci ocieplany.","breadcrumb":{"@id":"https:\/\/talia-fashion.pl\/produkt\/plaszcz-zimowy-z-alpaka-kamelowy-ola\/#breadcrumb"},"inLanguage":"en-GB","potentialAction":[{"@type":"ReadAction","target":["https:\/\/talia-fashion.pl\/produkt\/plaszcz-zimowy-z-alpaka-kamelowy-ola\/"]}]},{"@type":"ImageObject","inLanguage":"en-GB","@id":"https:\/\/talia-fashion.pl\/produkt\/plaszcz-zimowy-z-alpaka-kamelowy-ola\/#primaryimage","url":"https:\/\/talia-fashion.pl\/wp-content\/uploads\/2024\/10\/plaszcz-zimowy-z-alpaka-kamelowy.jpg","contentUrl":"https:\/\/talia-fashion.pl\/wp-content\/uploads\/2024\/10\/plaszcz-zimowy-z-alpaka-kamelowy.jpg","width":1500,"height":2000,"caption":"P\u0142aszcz zimowy z alpak\u0105 kamelowy wi\u0105zany w pasie z ko\u0142nierzem typu rewers."},{"@type":"BreadcrumbList","@id":"https:\/\/talia-fashion.pl\/produkt\/plaszcz-zimowy-z-alpaka-kamelowy-ola\/#breadcrumb","itemListElement":[{"@type":"ListItem","position":1,"name":"Strona g\u0142\u00f3wna","item":"https:\/\/talia-fashion.pl\/"},{"@type":"ListItem","position":2,"name":"Sklep","item":"https:\/\/talia-fashion.pl\/sklep\/"},{"@type":"ListItem","position":3,"name":"P\u0142aszcz zimowy z alpak\u0105 kamelowy Ola"}]},{"@type":"WebSite","@id":"https:\/\/talia-fashion.pl\/#website","url":"https:\/\/talia-fashion.pl\/","name":"Talia Fashion","description":"","potentialAction":[{"@type":"SearchAction","target":{"@type":"EntryPoint","urlTemplate":"https:\/\/talia-fashion.pl\/?s={search_term_string}"},"query-input":{"@type":"PropertyValueSpecification","valueRequired":true,"valueName":"search_term_string"}}],"inLanguage":"en-GB"}]}},"_links":{"self":[{"href":"https:\/\/talia-fashion.pl\/en\/wp-json\/wp\/v2\/product\/4618","targetHints":{"allow":["GET"]}}],"collection":[{"href":"https:\/\/talia-fashion.pl\/en\/wp-json\/wp\/v2\/product"}],"about":[{"href":"https:\/\/talia-fashion.pl\/en\/wp-json\/wp\/v2\/types\/product"}],"wp:featuredmedia":[{"embeddable":true,"href":"https:\/\/talia-fashion.pl\/en\/wp-json\/wp\/v2\/media\/666"}],"wp:attachment":[{"href":"https:\/\/talia-fashion.pl\/en\/wp-json\/wp\/v2\/media?parent=4618"}],"wp:term":[{"taxonomy":"product_cat","embeddable":true,"href":"https:\/\/talia-fashion.pl\/en\/wp-json\/wp\/v2\/product_cat?post=4618"},{"taxonomy":"product_tag","embeddable":true,"href":"https:\/\/talia-fashion.pl\/en\/wp-json\/wp\/v2\/product_tag?post=4618"}],"curies":[{"name":"wp","href":"https:\/\/api.w.org\/{rel}","templated":true}]}}