{"id":4607,"date":"2022-09-16T12:43:56","date_gmt":"2022-09-16T10:43:56","guid":{"rendered":"http:\/\/talia-fashion.pl\/produkt\/zimowy-jednorzedowy-plaszcz-w-jodelke-raglanowe-rekawy-celine\/"},"modified":"2026-02-12T15:05:02","modified_gmt":"2026-02-12T14:05:02","slug":"zimowy-jednorzedowy-plaszcz-w-jodelke-raglanowe-rekawy-celine","status":"publish","type":"product","link":"https:\/\/talia-fashion.pl\/en\/product\/zimowy-jednorzedowy-plaszcz-w-jodelke-raglanowe-rekawy-celine\/","title":{"rendered":"Winter single-breasted herringbone coat raglan sleeves Celine"},"content":{"rendered":"<p><strong>Zimowy jednorz\u0119dowy p\u0142aszcz w jode\u0142k\u0119 raglanowe r\u0119kawy<\/strong> Celine to zimowy p\u0142aszcz damski utrzymany w trendzie quiet luxury (&#8222;cichy luksus&#8221;). <strong>Starannie przemy\u015blana konstrukcja p\u0142aszcza, \u015bwietny jako\u015bciowo materia\u0142 oraz ponadczasowy wz\u00f3r jode\u0142ki<\/strong> sprawi\u0105, i\u017c p\u0142aszcz Celine stanie si\u0119 ulubionym i niezawodnym elementem Twojej garderoby. P\u0142aszcz ten daje nieograniczone mo\u017cliwo\u015bci w tworzeniu stylizacji. Ponadczasowy wz\u00f3r jode\u0142ki \u0142atwo po\u0142\u0105czy\u0107 z kolorami ziemi: biel\u0105, szaro\u015bciami, be\u017cami i br\u0105zami. Na sportowo z obszern\u0105 bluz\u0105, d\u017cinsami i sneakersami, czy bardziej casual do pracy &#8211; na marynark\u0119, z oficerkami a mo\u017ce na specjaln\u0105 okazj\u0119 &#8211; do sukienki i szpilek \u2013 za ka\u017cdym razem wypadniesz \u015bwietnie, luksusowo ale w subtelny spos\u00f3b.<\/p>\n<p>Zimowy jednorz\u0119dowy p\u0142aszcz w jode\u0142k\u0119 raglanowe r\u0119kawy Celine ma delikatnie zaokr\u0105glony ko\u0142nierz dodaj\u0105cy mi\u0119kko\u015bci sylwetce a jednocze\u015bnie wysmuklaj\u0105cy dekolt w szpic. Raglanowe r\u0119kawy, kt\u00f3re zamiast na linii ramienia rozpoczynaj\u0105 sie tu\u017c przy szyi, zapewniaj\u0105 dodatkowe miejsce pod pachami i daj\u0105 szeroki zakres ruch\u00f3w. Dzi\u0119ki temu p\u0142aszcz swobodnie uk\u0142ada si\u0119 i ma lu\u017aniejsze dopasowanie, szczeg\u00f3lnie w g\u00f3rnych partiach. Pasek wyci\u0105gany, uszyty z tej samej tkaniny, dodatkowo do podkre\u015blenia talii. D\u0142ugo\u015b\u0107 za kolano. Boczne, uko\u015bne kieszenie. R\u0119cznie przyszywane guziki, dobrane kolorystyczne. Ty\u0142 ma delikatne modelujace zaszewki, brak rozporka. Prosta forma dodaj\u0105ca syku i elegancji z g\u0142\u00f3wnym naciskiem na wygod\u0119. Model w ca\u0142o\u015bci na acetatowej podszewce i dodatkwo <strong>insulated<\/strong>. Stylowy i ciep\u0142y. Idealny do tworzenia stylizacji wielowarstowych, dedykowany na jesie\u0144 i zim\u0119.<\/p>\n<p>Dobieraj\u0105c p\u0142aszcz do sylwetki mo\u017cesz wspom\u00f3c si\u0119 naszymi wskaz\u00f3wkami z zak\u0142adki: <a href=\"https:\/\/talia-fashion.pl\/en\/jak-dobrac-plaszcz-do-sylwetki\/\">How do you choose a coat to suit your figure?<\/a><\/p>\n<p>Zdj\u0119cie rzeczywiste \u2013 jode\u0142ka be\u017cowa<br \/>\nP\u0142aszcz dost\u0119pny w nast\u0119puj\u0105cych kolorach: jode\u0142ka be\u017cowa (XS, M), jode\u0142ka mokka (tylko M)<\/p>\n<p>Wszystkie kolory znale\u017a\u0107 mo\u017cna w naszej \u00a0<a href=\"https:\/\/talia-fashion.pl\/en\/paleta-kolorow\/\">Colour palette<\/a>. Prezentujemy je tak\u017ce na zdj\u0119ciach pozosta\u0142ych p\u0142aszczy na innych aukcjach. W razie w\u0105tpliwo\u015bci, prosimy o kontakt.<\/p>\n<p>Available sizes: XS, S, M, L<\/p>\n<p>Indicative dimensions:<\/p>\n<p>XS \u2013 biust 86-88 \/ biodra: 94-96 \/ d\u0142ugo\u015b\u0107: 105 \/ r\u0119kaw: 61<br \/>\nS \u2013 biust: 90-92 \/ biodra: 98-100 \/ d\u0142ugo\u015b\u0107: 105 \/ r\u0119kaw: 61<br \/>\nM \u2013 biust: 94-96 \/ biodra: 102-104 \/ d\u0142ugo\u015b\u0107: 105 \/ r\u0119kaw: 62<br \/>\nL \u2013 biust: 98-100 \/ biodra: 106-108 \/ d\u0142ugo\u015b\u0107: 106\/ r\u0119kaw: 63<\/p>\n<p>Jak interpretowa\u0107 powy\u017csz\u0105 tabel\u0119 oraz jak si\u0119 mierzy\u0107 i dobra\u0107 rozmiar, podpowiadamy w zak\u0142adce\u00a0<a href=\"https:\/\/talia-fashion.pl\/en\/jak-dobrac-rozmiar\/\">How do you choose the right size?<\/a><br \/>\nIf in doubt, please contact us.<\/p>\n<p>The model is 172 cm and a size S.<\/p>\n<p>Materia\u0142 jode\u0142ka be\u017cowa, jode\u0142ka mokka: 80% we\u0142na dziewicza, 20% poliamid<\/p>\n<p>Lining: 100 % acetate<br \/>\nLike viscose, acetate is produced from cellulose. Acetate yarn can also be made from recycled cellulose such as paper. The acetate lining is excellent at absorbing moisture and allowing air to pass through, making it comfortable and wearable. It is coated with an antistatic apprettee and is OEKOtex\u00ae Standard 100 certified.<\/p>\n<p>Insulation: 100% non-woven recycled polyester<br \/>\nOur coats are insulated with a compressed thermo-insulating quilted fleece on the lining. The fleece is made from recycled polyester fibres. The material is lightweight, thin and at the same time perfectly insulating. The insulating fleece we use is resistant to moisture (it retains its insulating properties and warming effect even in damp conditions), stops the wind, is hypoallergenic and breathable. It is OEKOtex\u00ae Standard 100 certified.<\/p>\n<p>P\u0142aszcz nale\u017cy czy\u015bci\u0107 chemicznie, natomiast warto pami\u0119ta\u0107, \u017ce dbanie o odzie\u017c jest r\u00f3wnie\u017c wyrazem troski o \u015brodowisko. Dbaj\u0105c i piel\u0119gnuj\u0105c sw\u00f3j p\u0142aszcz, cieszysz si\u0119 nim d\u0142u\u017cej a jednocze\u015bnie ograniczasz ilo\u015b\u0107 odpad\u00f3w. W zak\u0142adce\u00a0 <a href=\"https:\/\/talia-fashion.pl\/en\/jak-pielegnowac-i-dbac-o-plaszcz\/\">How to care for and maintain coats?<\/a> znajdziesz gar\u015b\u0107 porad na domow\u0105 piel\u0119gnacj\u0119. Dodatkowo, do cz\u0119stego od\u015bwie\u017cania we\u0142ny polecamy <a href=\"https:\/\/talia-fashion.pl\/en\/product\/szczotka-do-czyszczenia-i-pielegnacji-plaszcza\/\">Brush for cleaning and care of the coat<\/a>, kt\u00f3r\u0105 znajdziesz w naszym sklepie.<\/p>\n<p>Istnieje mo\u017cliwo\u015b\u0107 wykonania pewnych modyfikacji na \u017cyczenie Klienta na <strong>Individual order<\/strong>: skr\u00f3cenie, wyd\u0142u\u017cenie r\u0119kawa, skr\u00f3cenie i wyd\u0142u\u017cenie p\u0142aszcza. Koszt us\u0142ugi ustalamy indywidualnie, po uprzednim okre\u015bleniu zakresu zmian..<\/p>\n<p><strong>An individual order is not subject to exchange or refund.<\/strong><\/p>\n<p>Zimowy jednorz\u0119dowy p\u0142aszcz w jode\u0142k\u0119 raglanowe r\u0119kawy Celine zaprojektowali\u015bmy i uszylismy w naszej rodzinnej pracowni.<\/p>\n<p>Czas realizacji zam\u00f3wienia uzale\u017cniamy od aktualnego stanu magazynowego w pracowni oraz dost\u0119pno\u015bci danego koloru materia\u0142u. Je\u015bli dany p\u0142aszcz jest dost\u0119pny w firmie realizacja zam\u00f3wienia nast\u0105pi bardzo szybko 2-5 dni roboczych. Je\u015bli konieczne jest uszycie p\u0142aszcza lub indywidualizacja zam\u00f3wienia \u2013 wykonanie przer\u00f3bki lub uszycie nowego p\u0142aszcza wed\u0142ug specyfikacji Klienta \u2013 czas realizacji zam\u00f3wienia mo\u017ce ulec wyd\u0142u\u017ceniu, maksymalnie do 2 tygodni.<\/p>\n<p>Prosimy o cierpliwo\u015b\u0107 w oczekiwaniu na zam\u00f3wienie, gdy\u017c musimy uszy\u0107 ten p\u0142aszcz dla Ciebie. Szyjemy tradycyjnymi metodami, kt\u00f3re s\u0105 czasoch\u0142onne. Aby wz\u00f3r na ka\u017cdym elemencie p\u0142aszcza pasowa\u0142 do siebie, materia\u0142 jest k\u0142adziony r\u0119cznie. Dzi\u0119ki temu nie tylko powstaje jak najmniejszy odpad, to przede wszystkim mamy pewno\u015b\u0107, i\u017c trafia do was p\u0142aszczyk dopracowany w najdrobniejszym detalu. Wk\u0142adamy w nasz\u0105 prac\u0119 wiele serca, by ka\u017cdy p\u0142aszcz by\u0142 wyj\u0105tkowy, dlatego nie szyjemy p\u0142aszczy na magazyn. Cho\u0107 do\u0142o\u017cymy wszelkich stara\u0144, by zrealizowa\u0107 Twoje zam\u00f3wienie jak najszybciej.<\/p>\n<p><strong>Thank you for supporting local crafts.<\/strong><\/p>\n<p>We invite you to like our profile on <a href=\"https:\/\/www.facebook.com\/talia.plaszcze\">Facebook<\/a> i \u00a0<a href=\"https:\/\/www.instagram.com\/talia_plaszcze\/\">Instagram<\/a>.<\/p>","protected":false},"excerpt":{"rendered":"<p>Zimowy jednorz\u0119dowy p\u0142aszcz w jode\u0142k\u0119 raglanowe r\u0119kawy Celine to zimowy p\u0142aszcz damski utrzymany w trendzie quiet luxury (&#8222;cichy luksus&#8221;). Starannie przemy\u015blana konstrukcja&hellip;<\/p>","protected":false},"featured_media":661,"template":"","meta":{"_acf_changed":false},"product_cat":[36],"product_tag":[89,78,119,37,34,39,80,42,67,43,164,68,83,47,75,84,181,85,50,95,86,60,226,227,139,149,147],"class_list":{"0":"post-4607","1":"product","2":"type-product","3":"status-publish","4":"has-post-thumbnail","6":"product_cat-plaszcze-dluzsze","7":"product_tag-cieply","8":"product_tag-dla-roznych-sylwetek","9":"product_tag-dlugi-plaszcz-zimowy","10":"product_tag-dyplomatka","11":"product_tag-handmade","12":"product_tag-klasyczny","13":"product_tag-luzny-kroj","14":"product_tag-nowosc","15":"product_tag-ocieplany","16":"product_tag-plaszcz-damski","17":"product_tag-plaszcz-jednorzedowy","18":"product_tag-plaszcz-jesienny","19":"product_tag-plaszcz-luzny","20":"product_tag-plaszcz-na-guziki","21":"product_tag-plaszcz-ocieplany","22":"product_tag-plaszcz-oversizowy","23":"product_tag-plaszcz-w-jodelke","24":"product_tag-plaszcz-welniany","25":"product_tag-plaszcz-z-rewersem","26":"product_tag-plaszcz-zimowy","27":"product_tag-plaszcz-zimowy-ocieplany","28":"product_tag-producent-plaszczy-damskich","29":"product_tag-produkt-polski","30":"product_tag-tradycyjne-rzemioslo","31":"product_tag-welna-dziewicza","32":"product_tag-welna-z-alpaki","33":"product_tag-zrownowazona-produkcja","35":"first","36":"instock","37":"shipping-taxable","38":"purchasable","39":"product-type-variable","40":"has-default-attributes"},"acf":[],"yoast_head":"<!-- This site is optimized with the Yoast SEO plugin v25.7 - https:\/\/yoast.com\/wordpress\/plugins\/seo\/ -->\n<title>Zimowy jednorz\u0119dowy p\u0142aszcz w jode\u0142k\u0119 raglanowe r\u0119kawy Celine - Talia Fashion<\/title>\n<meta name=\"description\" content=\"Zimowy jednorz\u0119dowy p\u0142aszcz w jode\u0142k\u0119 raglanowe r\u0119kawy Celine uszyli\u015bmy w naszej rodzinnej pracowni w Poznaniu. Postaw na klasyk\u0119 i elegancj\u0119. Wz\u00f3r jode\u0142ki.\" \/>\n<meta name=\"robots\" content=\"index, follow, max-snippet:-1, max-image-preview:large, max-video-preview:-1\" \/>\n<link rel=\"canonical\" href=\"https:\/\/talia-fashion.pl\/en\/product\/zimowy-jednorzedowy-plaszcz-w-jodelke-raglanowe-rekawy-celine\/\" \/>\n<meta property=\"og:locale\" content=\"en_GB\" \/>\n<meta property=\"og:type\" content=\"article\" \/>\n<meta property=\"og:title\" content=\"Zimowy jednorz\u0119dowy p\u0142aszcz w jode\u0142k\u0119 raglanowe r\u0119kawy Celine - Talia Fashion\" \/>\n<meta property=\"og:description\" content=\"Zimowy jednorz\u0119dowy p\u0142aszcz w jode\u0142k\u0119 raglanowe r\u0119kawy Celine uszyli\u015bmy w naszej rodzinnej pracowni w Poznaniu. Postaw na klasyk\u0119 i elegancj\u0119. Wz\u00f3r jode\u0142ki.\" \/>\n<meta property=\"og:url\" content=\"https:\/\/talia-fashion.pl\/en\/product\/zimowy-jednorzedowy-plaszcz-w-jodelke-raglanowe-rekawy-celine\/\" \/>\n<meta property=\"og:site_name\" content=\"Talia Fashion\" \/>\n<meta property=\"article:modified_time\" content=\"2026-02-12T14:05:02+00:00\" \/>\n<meta property=\"og:image\" content=\"https:\/\/talia-fashion.pl\/wp-content\/uploads\/2024\/10\/zimowy-jednorzedowy-plaszcz-jodelka-raglanowe-rekawy-quiet-luxury-960x1280.jpg\" \/>\n\t<meta property=\"og:image:width\" content=\"960\" \/>\n\t<meta property=\"og:image:height\" content=\"1280\" \/>\n\t<meta property=\"og:image:type\" content=\"image\/jpeg\" \/>\n<meta name=\"twitter:card\" content=\"summary_large_image\" \/>\n<meta name=\"twitter:label1\" content=\"Estimated reading time\" \/>\n\t<meta name=\"twitter:data1\" content=\"4 minutes\" \/>\n<script type=\"application\/ld+json\" class=\"yoast-schema-graph\">{\"@context\":\"https:\/\/schema.org\",\"@graph\":[{\"@type\":\"WebPage\",\"@id\":\"https:\/\/talia-fashion.pl\/produkt\/zimowy-jednorzedowy-plaszcz-w-jodelke-raglanowe-rekawy-celine\/\",\"url\":\"https:\/\/talia-fashion.pl\/produkt\/zimowy-jednorzedowy-plaszcz-w-jodelke-raglanowe-rekawy-celine\/\",\"name\":\"Zimowy jednorz\u0119dowy p\u0142aszcz w jode\u0142k\u0119 raglanowe r\u0119kawy Celine - Talia Fashion\",\"isPartOf\":{\"@id\":\"https:\/\/talia-fashion.pl\/#website\"},\"primaryImageOfPage\":{\"@id\":\"https:\/\/talia-fashion.pl\/produkt\/zimowy-jednorzedowy-plaszcz-w-jodelke-raglanowe-rekawy-celine\/#primaryimage\"},\"image\":{\"@id\":\"https:\/\/talia-fashion.pl\/produkt\/zimowy-jednorzedowy-plaszcz-w-jodelke-raglanowe-rekawy-celine\/#primaryimage\"},\"thumbnailUrl\":\"https:\/\/talia-fashion.pl\/wp-content\/uploads\/2024\/10\/zimowy-jednorzedowy-plaszcz-jodelka-raglanowe-rekawy-quiet-luxury.jpg\",\"datePublished\":\"2022-09-16T10:43:56+00:00\",\"dateModified\":\"2026-02-12T14:05:02+00:00\",\"description\":\"Zimowy jednorz\u0119dowy p\u0142aszcz w jode\u0142k\u0119 raglanowe r\u0119kawy Celine uszyli\u015bmy w naszej rodzinnej pracowni w Poznaniu. Postaw na klasyk\u0119 i elegancj\u0119. Wz\u00f3r jode\u0142ki.\",\"breadcrumb\":{\"@id\":\"https:\/\/talia-fashion.pl\/produkt\/zimowy-jednorzedowy-plaszcz-w-jodelke-raglanowe-rekawy-celine\/#breadcrumb\"},\"inLanguage\":\"en-GB\",\"potentialAction\":[{\"@type\":\"ReadAction\",\"target\":[\"https:\/\/talia-fashion.pl\/produkt\/zimowy-jednorzedowy-plaszcz-w-jodelke-raglanowe-rekawy-celine\/\"]}]},{\"@type\":\"ImageObject\",\"inLanguage\":\"en-GB\",\"@id\":\"https:\/\/talia-fashion.pl\/produkt\/zimowy-jednorzedowy-plaszcz-w-jodelke-raglanowe-rekawy-celine\/#primaryimage\",\"url\":\"https:\/\/talia-fashion.pl\/wp-content\/uploads\/2024\/10\/zimowy-jednorzedowy-plaszcz-jodelka-raglanowe-rekawy-quiet-luxury.jpg\",\"contentUrl\":\"https:\/\/talia-fashion.pl\/wp-content\/uploads\/2024\/10\/zimowy-jednorzedowy-plaszcz-jodelka-raglanowe-rekawy-quiet-luxury.jpg\",\"width\":1500,\"height\":2000,\"caption\":\"Zimowy, jednorz\u0119dowy p\u0142aszcz w be\u017cow\u0105 jode\u0142k\u0119 z raglanowymi r\u0119kawami. Wi\u0105zany w pasie, zapinany na guziki. Klasyczny kr\u00f3j, \u015bwietny jako\u015bciowo materia\u0142, ponadczasowy wz\u00f3r jode\u0142ki. Utrzymany w trendzie Quiet Luxury.\"},{\"@type\":\"BreadcrumbList\",\"@id\":\"https:\/\/talia-fashion.pl\/produkt\/zimowy-jednorzedowy-plaszcz-w-jodelke-raglanowe-rekawy-celine\/#breadcrumb\",\"itemListElement\":[{\"@type\":\"ListItem\",\"position\":1,\"name\":\"Strona g\u0142\u00f3wna\",\"item\":\"https:\/\/talia-fashion.pl\/\"},{\"@type\":\"ListItem\",\"position\":2,\"name\":\"Sklep\",\"item\":\"https:\/\/talia-fashion.pl\/sklep\/\"},{\"@type\":\"ListItem\",\"position\":3,\"name\":\"Zimowy jednorz\u0119dowy p\u0142aszcz w jode\u0142k\u0119 raglanowe r\u0119kawy Celine\"}]},{\"@type\":\"WebSite\",\"@id\":\"https:\/\/talia-fashion.pl\/#website\",\"url\":\"https:\/\/talia-fashion.pl\/\",\"name\":\"Talia Fashion\",\"description\":\"\",\"potentialAction\":[{\"@type\":\"SearchAction\",\"target\":{\"@type\":\"EntryPoint\",\"urlTemplate\":\"https:\/\/talia-fashion.pl\/?s={search_term_string}\"},\"query-input\":{\"@type\":\"PropertyValueSpecification\",\"valueRequired\":true,\"valueName\":\"search_term_string\"}}],\"inLanguage\":\"en-GB\"}]}<\/script>\n<!-- \/ Yoast SEO plugin. -->","yoast_head_json":{"title":"Zimowy jednorz\u0119dowy p\u0142aszcz w jode\u0142k\u0119 raglanowe r\u0119kawy Celine - Talia Fashion","description":"Zimowy jednorz\u0119dowy p\u0142aszcz w jode\u0142k\u0119 raglanowe r\u0119kawy Celine uszyli\u015bmy w naszej rodzinnej pracowni w Poznaniu. Postaw na klasyk\u0119 i elegancj\u0119. Wz\u00f3r jode\u0142ki.","robots":{"index":"index","follow":"follow","max-snippet":"max-snippet:-1","max-image-preview":"max-image-preview:large","max-video-preview":"max-video-preview:-1"},"canonical":"https:\/\/talia-fashion.pl\/en\/product\/zimowy-jednorzedowy-plaszcz-w-jodelke-raglanowe-rekawy-celine\/","og_locale":"en_GB","og_type":"article","og_title":"Zimowy jednorz\u0119dowy p\u0142aszcz w jode\u0142k\u0119 raglanowe r\u0119kawy Celine - Talia Fashion","og_description":"Zimowy jednorz\u0119dowy p\u0142aszcz w jode\u0142k\u0119 raglanowe r\u0119kawy Celine uszyli\u015bmy w naszej rodzinnej pracowni w Poznaniu. Postaw na klasyk\u0119 i elegancj\u0119. Wz\u00f3r jode\u0142ki.","og_url":"https:\/\/talia-fashion.pl\/en\/product\/zimowy-jednorzedowy-plaszcz-w-jodelke-raglanowe-rekawy-celine\/","og_site_name":"Talia Fashion","article_modified_time":"2026-02-12T14:05:02+00:00","og_image":[{"width":960,"height":1280,"url":"https:\/\/talia-fashion.pl\/wp-content\/uploads\/2024\/10\/zimowy-jednorzedowy-plaszcz-jodelka-raglanowe-rekawy-quiet-luxury-960x1280.jpg","type":"image\/jpeg"}],"twitter_card":"summary_large_image","twitter_misc":{"Estimated reading time":"4 minutes"},"schema":{"@context":"https:\/\/schema.org","@graph":[{"@type":"WebPage","@id":"https:\/\/talia-fashion.pl\/produkt\/zimowy-jednorzedowy-plaszcz-w-jodelke-raglanowe-rekawy-celine\/","url":"https:\/\/talia-fashion.pl\/produkt\/zimowy-jednorzedowy-plaszcz-w-jodelke-raglanowe-rekawy-celine\/","name":"Zimowy jednorz\u0119dowy p\u0142aszcz w jode\u0142k\u0119 raglanowe r\u0119kawy Celine - Talia Fashion","isPartOf":{"@id":"https:\/\/talia-fashion.pl\/#website"},"primaryImageOfPage":{"@id":"https:\/\/talia-fashion.pl\/produkt\/zimowy-jednorzedowy-plaszcz-w-jodelke-raglanowe-rekawy-celine\/#primaryimage"},"image":{"@id":"https:\/\/talia-fashion.pl\/produkt\/zimowy-jednorzedowy-plaszcz-w-jodelke-raglanowe-rekawy-celine\/#primaryimage"},"thumbnailUrl":"https:\/\/talia-fashion.pl\/wp-content\/uploads\/2024\/10\/zimowy-jednorzedowy-plaszcz-jodelka-raglanowe-rekawy-quiet-luxury.jpg","datePublished":"2022-09-16T10:43:56+00:00","dateModified":"2026-02-12T14:05:02+00:00","description":"Zimowy jednorz\u0119dowy p\u0142aszcz w jode\u0142k\u0119 raglanowe r\u0119kawy Celine uszyli\u015bmy w naszej rodzinnej pracowni w Poznaniu. Postaw na klasyk\u0119 i elegancj\u0119. Wz\u00f3r jode\u0142ki.","breadcrumb":{"@id":"https:\/\/talia-fashion.pl\/produkt\/zimowy-jednorzedowy-plaszcz-w-jodelke-raglanowe-rekawy-celine\/#breadcrumb"},"inLanguage":"en-GB","potentialAction":[{"@type":"ReadAction","target":["https:\/\/talia-fashion.pl\/produkt\/zimowy-jednorzedowy-plaszcz-w-jodelke-raglanowe-rekawy-celine\/"]}]},{"@type":"ImageObject","inLanguage":"en-GB","@id":"https:\/\/talia-fashion.pl\/produkt\/zimowy-jednorzedowy-plaszcz-w-jodelke-raglanowe-rekawy-celine\/#primaryimage","url":"https:\/\/talia-fashion.pl\/wp-content\/uploads\/2024\/10\/zimowy-jednorzedowy-plaszcz-jodelka-raglanowe-rekawy-quiet-luxury.jpg","contentUrl":"https:\/\/talia-fashion.pl\/wp-content\/uploads\/2024\/10\/zimowy-jednorzedowy-plaszcz-jodelka-raglanowe-rekawy-quiet-luxury.jpg","width":1500,"height":2000,"caption":"Zimowy, jednorz\u0119dowy p\u0142aszcz w be\u017cow\u0105 jode\u0142k\u0119 z raglanowymi r\u0119kawami. Wi\u0105zany w pasie, zapinany na guziki. Klasyczny kr\u00f3j, \u015bwietny jako\u015bciowo materia\u0142, ponadczasowy wz\u00f3r jode\u0142ki. Utrzymany w trendzie Quiet Luxury."},{"@type":"BreadcrumbList","@id":"https:\/\/talia-fashion.pl\/produkt\/zimowy-jednorzedowy-plaszcz-w-jodelke-raglanowe-rekawy-celine\/#breadcrumb","itemListElement":[{"@type":"ListItem","position":1,"name":"Strona g\u0142\u00f3wna","item":"https:\/\/talia-fashion.pl\/"},{"@type":"ListItem","position":2,"name":"Sklep","item":"https:\/\/talia-fashion.pl\/sklep\/"},{"@type":"ListItem","position":3,"name":"Zimowy jednorz\u0119dowy p\u0142aszcz w jode\u0142k\u0119 raglanowe r\u0119kawy Celine"}]},{"@type":"WebSite","@id":"https:\/\/talia-fashion.pl\/#website","url":"https:\/\/talia-fashion.pl\/","name":"Talia Fashion","description":"","potentialAction":[{"@type":"SearchAction","target":{"@type":"EntryPoint","urlTemplate":"https:\/\/talia-fashion.pl\/?s={search_term_string}"},"query-input":{"@type":"PropertyValueSpecification","valueRequired":true,"valueName":"search_term_string"}}],"inLanguage":"en-GB"}]}},"_links":{"self":[{"href":"https:\/\/talia-fashion.pl\/en\/wp-json\/wp\/v2\/product\/4607","targetHints":{"allow":["GET"]}}],"collection":[{"href":"https:\/\/talia-fashion.pl\/en\/wp-json\/wp\/v2\/product"}],"about":[{"href":"https:\/\/talia-fashion.pl\/en\/wp-json\/wp\/v2\/types\/product"}],"wp:featuredmedia":[{"embeddable":true,"href":"https:\/\/talia-fashion.pl\/en\/wp-json\/wp\/v2\/media\/661"}],"wp:attachment":[{"href":"https:\/\/talia-fashion.pl\/en\/wp-json\/wp\/v2\/media?parent=4607"}],"wp:term":[{"taxonomy":"product_cat","embeddable":true,"href":"https:\/\/talia-fashion.pl\/en\/wp-json\/wp\/v2\/product_cat?post=4607"},{"taxonomy":"product_tag","embeddable":true,"href":"https:\/\/talia-fashion.pl\/en\/wp-json\/wp\/v2\/product_tag?post=4607"}],"curies":[{"name":"wp","href":"https:\/\/api.w.org\/{rel}","templated":true}]}}