{"id":4594,"date":"2022-09-16T11:28:16","date_gmt":"2022-09-16T09:28:16","guid":{"rendered":"http:\/\/talia-fashion.pl\/produkt\/ocieplany-plaszcz-do-polowy-lydki-atena\/"},"modified":"2026-02-18T10:30:27","modified_gmt":"2026-02-18T09:30:27","slug":"ocieplany-plaszcz-do-polowy-lydki-atena","status":"publish","type":"product","link":"https:\/\/talia-fashion.pl\/en\/product\/ocieplany-plaszcz-do-polowy-lydki-atena\/","title":{"rendered":"Warmed mid-calf coat Athena"},"content":{"rendered":"<p>Atena mid-calf insulated coat in a beautiful cognac colour. Long winter coat, buttoned and tied at the waist. Double-breasted fastening with colour-matched tortoiseshell buttons. Removable belt, sewn in the same fabric. Side slanted inset pockets topped with decorative trim. Flared notched collar, modelling V neckline.  The coat has a low-cut back and shaped front, without darts. No zipper at the back. Mid-calf length. The coat is excellent for autumn and winter, fully insulated, including the sleeves.<\/p>\n<p>The long Athena will delight you with its heavenly softness and its sophisticated cognac colour will become your favourite. The length of this coat will allow you to wear your beloved skirts or dresses without the risk of your knees freezing. Hat, cap or beret? -it all depends where you are going and what your mood is today. The cognac-coloured Athena makes a great backdrop for any accessories and there's no stopping you styling it sporty. Sporty shoes and a romper will break up the classic expression of the coat. The long wool coat is sure to stay in your wardrobe for a long time.<\/p>\n<p>We invite you to take a look at our guidelines <a href=\"https:\/\/talia-fashion.pl\/en\/jak-dobrac-plaszcz-do-sylwetki\/\">How do you choose a coat to suit your figure?<\/a><\/p>\n<p><span lang=\"DE\">Actual photo - cognac<\/span><\/p>\n<p>Available colours<span lang=\"DE\">plum (XS, S, L only), light beige (XS, S, M, XL only)<\/span><\/p>\n<p>The colours are shown in the pictures of the coats in the various cuts, in the other auctions and in the <a href=\"https:\/\/talia-fashion.pl\/en\/paleta-kolorow\/\">colour palette<\/a>. If in doubt, please contact us.<\/p>\n<p><span lang=\"DE\">Available sizes: XS, S, M, L, XL<\/span><\/p>\n<p>The model is 172 cm and a size S.<\/p>\n<p><span lang=\"DE\">Indicative dimensions:<\/span><\/p>\n<p><span lang=\"DE\">XS - bust: 86-88 \/ hips 94-96 \/ length: 121 \/ arms 34.5-35 \/ sleeve 61<br \/>\nS - bust: 90-92 \/ hips: 98-100 \/ length: 122\/ shoulders 35.5-36 \/ sleeve: 62<br \/>\nM - bust: 94-96 \/ hips: 102-104 \/ length: 122 \/ shoulders 37.5 \/ sleeve: 62<br \/>\nL - bust: 98-100 \/ hips: 106-108 \/ length: 123 \/ shoulders 39.5-40 \/ sleeve: 63<br \/>\nXL - bust: 104-106 \/ hips: 112-114 \/ length: 123 \/ shoulders 42-42.5 \/ sleeve: 64<\/span><\/p>\n<p><span lang=\"DE\">If you are unsure of your size selection, please contact us.<\/span><\/p>\n<p><span lang=\"DE\">Material: <\/span><span lang=\"DE\">60% wool, 22% polyester, 10% viscose, 8% alpaca<br \/>\n<\/span><\/p>\n<p>Lining: 100% acetate<\/p>\n<p>Like viscose, acetate is produced from cellulose. Acetate yarn can also be made from recycled cellulose such as paper. The acetate lining is excellent at absorbing moisture and allowing air to pass through. It is coated with an antistatic apprettee and is OEKOtex\u00ae Standard 100 certified.<br \/>\nInsulation: 100% non-woven recycled polyester<br \/>\nOur coats are insulated with a compressed thermo-insulating quilted fleece on the lining. The fleece is made from recycled polyester fibres. The material is lightweight, thin and at the same time perfectly insulating. The insulating fleece we use is resistant to moisture (it retains its insulating properties and warming effect even in damp conditions), stops the wind, is hypoallergenic and breathable. It is OEKOtex\u00ae Standard 100 certified.<\/p>\n<p>The Athena mid-calf insulated coat should be dry-cleaned. For home wool cleaning we recommend <a href=\"https:\/\/talia-fashion.pl\/en\/product\/szczotka-do-czyszczenia-i-pielegnacji-plaszcza\/\">Brush for cleaning and care of the coat,<\/a> which can be purchased in our shop. What to do to enjoy your coat indefinitely is suggested under <a href=\"https:\/\/talia-fashion.pl\/en\/jak-pielegnowac-i-dbac-o-plaszcz\/\">How to care for and maintain coats<\/a>. <strong>By taking care of your clothing you are at the same time taking care of the environment. <\/strong><\/p>\n<p>On special request, we can make small modifications, such as shortening or lengthening the sleeve, shortening or lengthening the coat.  Such modifications give the order a status of <strong>Individual order. <\/strong>Individual order<strong> is not exchangeable or refundable.<\/strong><\/p>\n<p><span lang=\"DE\">The lead time depends on the company's current stock and the availability of a given fabric colour. If a given coat is available in the company, the order will be realised very quickly - 2-5 working days. If individualisation of the order is necessary - making alterations or sewing a new coat - the lead time may be extended to a maximum of 2 weeks.<\/span><\/p>\n<p>We are a family-run workshop where we practice traditional tailoring. We minimise waste and avoid overproduction, so we do not sew coats for stock. We therefore ask for your patience as we need to sew this coat for you.<\/p>\n<p>We encourage you to like our fanpage on <a href=\"https:\/\/www.facebook.com\/talia.plaszcze\">Facebook<\/a>.<\/p>","protected":false},"excerpt":{"rendered":"<p>Ocieplany p\u0142aszcz do po\u0142owy \u0142ydki Atena w przepi\u0119knym kolorze koniaku. D\u0142ugi p\u0142aszcz zimowy, zapinany na guziki i wi\u0105zany w pasie. Dwurz\u0119dowe zapi\u0119cie&hellip;<\/p>","protected":false},"featured_media":658,"template":"","meta":{"_acf_changed":false},"product_cat":[104,29],"product_tag":[89,119,209,32,33,37,34,39,41,42,67,222,105,43,44,91,45,68,47,75,102,50,95,86,52,53,149,210],"class_list":{"0":"post-4594","1":"product","2":"type-product","3":"status-publish","4":"has-post-thumbnail","6":"product_cat-ostatnie-sztuki","7":"product_cat-sale-plaszcz-damski-w-promocji","8":"product_tag-cieply","9":"product_tag-dlugi-plaszcz-zimowy","10":"product_tag-do-polowy-lydki","11":"product_tag-dopasowany-kroj","12":"product_tag-dwurzedowy","13":"product_tag-dyplomatka","14":"product_tag-handmade","15":"product_tag-klasyczny","16":"product_tag-na-podszewce","17":"product_tag-nowosc","18":"product_tag-ocieplany","19":"product_tag-ostanie-sztuki","20":"product_tag-ostatnie-sztuki","21":"product_tag-plaszcz-damski","22":"product_tag-plaszcz-damski-dlugi","23":"product_tag-plaszcz-damski-zimowy","24":"product_tag-plaszcz-dlugi","25":"product_tag-plaszcz-jesienny","26":"product_tag-plaszcz-na-guziki","27":"product_tag-plaszcz-ocieplany","28":"product_tag-plaszcz-z-alpaki","29":"product_tag-plaszcz-z-rewersem","30":"product_tag-plaszcz-zimowy","31":"product_tag-plaszcz-zimowy-ocieplany","32":"product_tag-szylkretowe-guziki","33":"product_tag-welna","34":"product_tag-welna-z-alpaki","35":"product_tag-za-kolano","37":"first","38":"instock","39":"sale","40":"shipping-taxable","41":"purchasable","42":"product-type-variable","43":"has-default-attributes"},"acf":[],"yoast_head":"<!-- This site is optimized with the Yoast SEO plugin v25.7 - https:\/\/yoast.com\/wordpress\/plugins\/seo\/ -->\n<title>Ocieplany p\u0142aszcz do po\u0142owy \u0142ydki Atena - Talia Fashion<\/title>\n<meta name=\"description\" content=\"Ocieplany p\u0142aszcz do po\u0142owy \u0142ydki, to propozycja p\u0142aszcza w wyj\u0105tkowym kolorze z naszej kolekcji r\u0119cznie szytych p\u0142aszczy. Uszyty w Polsce.\" \/>\n<meta name=\"robots\" content=\"index, follow, max-snippet:-1, max-image-preview:large, max-video-preview:-1\" \/>\n<link rel=\"canonical\" href=\"https:\/\/talia-fashion.pl\/en\/product\/ocieplany-plaszcz-do-polowy-lydki-atena\/\" \/>\n<meta property=\"og:locale\" content=\"en_GB\" \/>\n<meta property=\"og:type\" content=\"article\" \/>\n<meta property=\"og:title\" content=\"Ocieplany p\u0142aszcz do po\u0142owy \u0142ydki Atena - Talia Fashion\" \/>\n<meta property=\"og:description\" content=\"Ocieplany p\u0142aszcz do po\u0142owy \u0142ydki, to propozycja p\u0142aszcza w wyj\u0105tkowym kolorze z naszej kolekcji r\u0119cznie szytych p\u0142aszczy. Uszyty w Polsce.\" \/>\n<meta property=\"og:url\" content=\"https:\/\/talia-fashion.pl\/en\/product\/ocieplany-plaszcz-do-polowy-lydki-atena\/\" \/>\n<meta property=\"og:site_name\" content=\"Talia Fashion\" \/>\n<meta property=\"article:modified_time\" content=\"2026-02-18T09:30:27+00:00\" \/>\n<meta property=\"og:image\" content=\"https:\/\/talia-fashion.pl\/wp-content\/uploads\/2024\/10\/ocieplany-plaszcz-do-polowy-lydki.jpg\" \/>\n\t<meta property=\"og:image:width\" content=\"1500\" \/>\n\t<meta property=\"og:image:height\" content=\"2000\" \/>\n\t<meta property=\"og:image:type\" content=\"image\/jpeg\" \/>\n<meta name=\"twitter:card\" content=\"summary_large_image\" \/>\n<meta name=\"twitter:label1\" content=\"Estimated reading time\" \/>\n\t<meta name=\"twitter:data1\" content=\"3 minutes\" \/>\n<script type=\"application\/ld+json\" class=\"yoast-schema-graph\">{\"@context\":\"https:\/\/schema.org\",\"@graph\":[{\"@type\":\"WebPage\",\"@id\":\"https:\/\/talia-fashion.pl\/produkt\/ocieplany-plaszcz-do-polowy-lydki-atena\/\",\"url\":\"https:\/\/talia-fashion.pl\/produkt\/ocieplany-plaszcz-do-polowy-lydki-atena\/\",\"name\":\"Ocieplany p\u0142aszcz do po\u0142owy \u0142ydki Atena - Talia Fashion\",\"isPartOf\":{\"@id\":\"https:\/\/talia-fashion.pl\/#website\"},\"primaryImageOfPage\":{\"@id\":\"https:\/\/talia-fashion.pl\/produkt\/ocieplany-plaszcz-do-polowy-lydki-atena\/#primaryimage\"},\"image\":{\"@id\":\"https:\/\/talia-fashion.pl\/produkt\/ocieplany-plaszcz-do-polowy-lydki-atena\/#primaryimage\"},\"thumbnailUrl\":\"https:\/\/talia-fashion.pl\/wp-content\/uploads\/2024\/10\/ocieplany-plaszcz-do-polowy-lydki.jpg\",\"datePublished\":\"2022-09-16T09:28:16+00:00\",\"dateModified\":\"2026-02-18T09:30:27+00:00\",\"description\":\"Ocieplany p\u0142aszcz do po\u0142owy \u0142ydki, to propozycja p\u0142aszcza w wyj\u0105tkowym kolorze z naszej kolekcji r\u0119cznie szytych p\u0142aszczy. Uszyty w Polsce.\",\"breadcrumb\":{\"@id\":\"https:\/\/talia-fashion.pl\/produkt\/ocieplany-plaszcz-do-polowy-lydki-atena\/#breadcrumb\"},\"inLanguage\":\"en-GB\",\"potentialAction\":[{\"@type\":\"ReadAction\",\"target\":[\"https:\/\/talia-fashion.pl\/produkt\/ocieplany-plaszcz-do-polowy-lydki-atena\/\"]}]},{\"@type\":\"ImageObject\",\"inLanguage\":\"en-GB\",\"@id\":\"https:\/\/talia-fashion.pl\/produkt\/ocieplany-plaszcz-do-polowy-lydki-atena\/#primaryimage\",\"url\":\"https:\/\/talia-fashion.pl\/wp-content\/uploads\/2024\/10\/ocieplany-plaszcz-do-polowy-lydki.jpg\",\"contentUrl\":\"https:\/\/talia-fashion.pl\/wp-content\/uploads\/2024\/10\/ocieplany-plaszcz-do-polowy-lydki.jpg\",\"width\":1500,\"height\":2000,\"caption\":\"Ocieplany p\u0142aszcz do po\u0142owy \u0142ydki w kolorze koniakowym, dwurz\u0119dowy z wi\u0105zanym paskiem.\"},{\"@type\":\"BreadcrumbList\",\"@id\":\"https:\/\/talia-fashion.pl\/produkt\/ocieplany-plaszcz-do-polowy-lydki-atena\/#breadcrumb\",\"itemListElement\":[{\"@type\":\"ListItem\",\"position\":1,\"name\":\"Strona g\u0142\u00f3wna\",\"item\":\"https:\/\/talia-fashion.pl\/\"},{\"@type\":\"ListItem\",\"position\":2,\"name\":\"Sklep\",\"item\":\"https:\/\/talia-fashion.pl\/sklep\/\"},{\"@type\":\"ListItem\",\"position\":3,\"name\":\"Ocieplany p\u0142aszcz do po\u0142owy \u0142ydki Atena\"}]},{\"@type\":\"WebSite\",\"@id\":\"https:\/\/talia-fashion.pl\/#website\",\"url\":\"https:\/\/talia-fashion.pl\/\",\"name\":\"Talia Fashion\",\"description\":\"\",\"potentialAction\":[{\"@type\":\"SearchAction\",\"target\":{\"@type\":\"EntryPoint\",\"urlTemplate\":\"https:\/\/talia-fashion.pl\/?s={search_term_string}\"},\"query-input\":{\"@type\":\"PropertyValueSpecification\",\"valueRequired\":true,\"valueName\":\"search_term_string\"}}],\"inLanguage\":\"en-GB\"}]}<\/script>\n<!-- \/ Yoast SEO plugin. -->","yoast_head_json":{"title":"Ocieplany p\u0142aszcz do po\u0142owy \u0142ydki Atena - Talia Fashion","description":"Ocieplany p\u0142aszcz do po\u0142owy \u0142ydki, to propozycja p\u0142aszcza w wyj\u0105tkowym kolorze z naszej kolekcji r\u0119cznie szytych p\u0142aszczy. Uszyty w Polsce.","robots":{"index":"index","follow":"follow","max-snippet":"max-snippet:-1","max-image-preview":"max-image-preview:large","max-video-preview":"max-video-preview:-1"},"canonical":"https:\/\/talia-fashion.pl\/en\/product\/ocieplany-plaszcz-do-polowy-lydki-atena\/","og_locale":"en_GB","og_type":"article","og_title":"Ocieplany p\u0142aszcz do po\u0142owy \u0142ydki Atena - Talia Fashion","og_description":"Ocieplany p\u0142aszcz do po\u0142owy \u0142ydki, to propozycja p\u0142aszcza w wyj\u0105tkowym kolorze z naszej kolekcji r\u0119cznie szytych p\u0142aszczy. Uszyty w Polsce.","og_url":"https:\/\/talia-fashion.pl\/en\/product\/ocieplany-plaszcz-do-polowy-lydki-atena\/","og_site_name":"Talia Fashion","article_modified_time":"2026-02-18T09:30:27+00:00","og_image":[{"width":1500,"height":2000,"url":"https:\/\/talia-fashion.pl\/wp-content\/uploads\/2024\/10\/ocieplany-plaszcz-do-polowy-lydki.jpg","type":"image\/jpeg"}],"twitter_card":"summary_large_image","twitter_misc":{"Estimated reading time":"3 minutes"},"schema":{"@context":"https:\/\/schema.org","@graph":[{"@type":"WebPage","@id":"https:\/\/talia-fashion.pl\/produkt\/ocieplany-plaszcz-do-polowy-lydki-atena\/","url":"https:\/\/talia-fashion.pl\/produkt\/ocieplany-plaszcz-do-polowy-lydki-atena\/","name":"Ocieplany p\u0142aszcz do po\u0142owy \u0142ydki Atena - Talia Fashion","isPartOf":{"@id":"https:\/\/talia-fashion.pl\/#website"},"primaryImageOfPage":{"@id":"https:\/\/talia-fashion.pl\/produkt\/ocieplany-plaszcz-do-polowy-lydki-atena\/#primaryimage"},"image":{"@id":"https:\/\/talia-fashion.pl\/produkt\/ocieplany-plaszcz-do-polowy-lydki-atena\/#primaryimage"},"thumbnailUrl":"https:\/\/talia-fashion.pl\/wp-content\/uploads\/2024\/10\/ocieplany-plaszcz-do-polowy-lydki.jpg","datePublished":"2022-09-16T09:28:16+00:00","dateModified":"2026-02-18T09:30:27+00:00","description":"Ocieplany p\u0142aszcz do po\u0142owy \u0142ydki, to propozycja p\u0142aszcza w wyj\u0105tkowym kolorze z naszej kolekcji r\u0119cznie szytych p\u0142aszczy. Uszyty w Polsce.","breadcrumb":{"@id":"https:\/\/talia-fashion.pl\/produkt\/ocieplany-plaszcz-do-polowy-lydki-atena\/#breadcrumb"},"inLanguage":"en-GB","potentialAction":[{"@type":"ReadAction","target":["https:\/\/talia-fashion.pl\/produkt\/ocieplany-plaszcz-do-polowy-lydki-atena\/"]}]},{"@type":"ImageObject","inLanguage":"en-GB","@id":"https:\/\/talia-fashion.pl\/produkt\/ocieplany-plaszcz-do-polowy-lydki-atena\/#primaryimage","url":"https:\/\/talia-fashion.pl\/wp-content\/uploads\/2024\/10\/ocieplany-plaszcz-do-polowy-lydki.jpg","contentUrl":"https:\/\/talia-fashion.pl\/wp-content\/uploads\/2024\/10\/ocieplany-plaszcz-do-polowy-lydki.jpg","width":1500,"height":2000,"caption":"Ocieplany p\u0142aszcz do po\u0142owy \u0142ydki w kolorze koniakowym, dwurz\u0119dowy z wi\u0105zanym paskiem."},{"@type":"BreadcrumbList","@id":"https:\/\/talia-fashion.pl\/produkt\/ocieplany-plaszcz-do-polowy-lydki-atena\/#breadcrumb","itemListElement":[{"@type":"ListItem","position":1,"name":"Strona g\u0142\u00f3wna","item":"https:\/\/talia-fashion.pl\/"},{"@type":"ListItem","position":2,"name":"Sklep","item":"https:\/\/talia-fashion.pl\/sklep\/"},{"@type":"ListItem","position":3,"name":"Ocieplany p\u0142aszcz do po\u0142owy \u0142ydki Atena"}]},{"@type":"WebSite","@id":"https:\/\/talia-fashion.pl\/#website","url":"https:\/\/talia-fashion.pl\/","name":"Talia Fashion","description":"","potentialAction":[{"@type":"SearchAction","target":{"@type":"EntryPoint","urlTemplate":"https:\/\/talia-fashion.pl\/?s={search_term_string}"},"query-input":{"@type":"PropertyValueSpecification","valueRequired":true,"valueName":"search_term_string"}}],"inLanguage":"en-GB"}]}},"_links":{"self":[{"href":"https:\/\/talia-fashion.pl\/en\/wp-json\/wp\/v2\/product\/4594","targetHints":{"allow":["GET"]}}],"collection":[{"href":"https:\/\/talia-fashion.pl\/en\/wp-json\/wp\/v2\/product"}],"about":[{"href":"https:\/\/talia-fashion.pl\/en\/wp-json\/wp\/v2\/types\/product"}],"wp:featuredmedia":[{"embeddable":true,"href":"https:\/\/talia-fashion.pl\/en\/wp-json\/wp\/v2\/media\/658"}],"wp:attachment":[{"href":"https:\/\/talia-fashion.pl\/en\/wp-json\/wp\/v2\/media?parent=4594"}],"wp:term":[{"taxonomy":"product_cat","embeddable":true,"href":"https:\/\/talia-fashion.pl\/en\/wp-json\/wp\/v2\/product_cat?post=4594"},{"taxonomy":"product_tag","embeddable":true,"href":"https:\/\/talia-fashion.pl\/en\/wp-json\/wp\/v2\/product_tag?post=4594"}],"curies":[{"name":"wp","href":"https:\/\/api.w.org\/{rel}","templated":true}]}}