{"id":4590,"date":"2022-09-16T11:16:17","date_gmt":"2022-09-16T09:16:17","guid":{"rendered":"http:\/\/talia-fashion.pl\/produkt\/dwurzedowy-plaszcz-w-jodelke-ocieplany-florence\/"},"modified":"2026-02-12T15:29:29","modified_gmt":"2026-02-12T14:29:29","slug":"dwurzedowy-plaszcz-w-jodelke-ocieplany-florence","status":"publish","type":"product","link":"https:\/\/talia-fashion.pl\/en\/product\/dwurzedowy-plaszcz-w-jodelke-ocieplany-florence\/","title":{"rendered":"Herringbone double-breasted insulated coat Florence"},"content":{"rendered":"<p>Dwurz\u0119dowy p\u0142aszcz w jode\u0142k\u0119 ocieplany Florence o lu\u017anym, prostym kroju. P\u0142aszcz z wyjmowanym paskiem uszytym z tej samej tkaniny. Obni\u017cona linia ramion sprawia, \u017ce p\u0142aszcz jest lu\u017aniejszy, nieco oversizowy. Wi\u0105zany pasek podkre\u015bla tali\u0119. Wyk\u0142adany ko\u0142nierz, delikatnie poszerzony. Przednie, wpuszczane sko\u015bnie kieszenie. D\u0142ugo\u015b\u0107 za kolano. Ty\u0142 bez rozci\u0119cia na dole (bez rozporka). Wersja limitowana. P\u0142aszcz w <strong>ca\u0142o\u015bci ocieplany<\/strong>, idealny na zim\u0119.<\/p>\n<p>Szykowna, we\u0142niana Florence w klasyczny wz\u00f3r jode\u0142ki mi\u0119kko otuli Ci\u0119 w zimne dni. Ten nieco oversizowy styl p\u0142aszcza pozwala na r\u00f3\u017cnorodne stylizacje i po\u0142\u0105czenia. Sam w sobie, model ten, \u0142\u0105czy klasyk\u0119 z nowoczesno\u015bci\u0105 i stanie si\u0119 nieodzownym elementem Twojej codziennej garderoby. \u015awietnie b\u0119dzie wygl\u0105da\u0142 zar\u00f3wno z kozakami i sk\u00f3rzan\u0105 torebk\u0105 jak r\u00f3wnie\u017c z mi\u0119kk\u0105 dziergan\u0105 czapk\u0105 i obszernym szalem. Poszerzany, wyk\u0142adany ko\u0142nierz mo\u017cesz nosi\u0107 podniesiony i dodatkowo chroni\u0107 si\u0119 przed zimnem i wiatrem.<\/p>\n<p>Polecamy nasze wskaz\u00f3wki dotycz\u0105ce wyboru fasonu znajduj\u0105ce si\u0119 w zak\u0142adce\u00a0<a href=\"https:\/\/talia-fashion.pl\/en\/jak-dobrac-plaszcz-do-sylwetki\/\">How do you choose a coat to suit your figure?<\/a><\/p>\n<p>P\u0142aszcze w naszej pracowni szyjemy r\u0119cznie. Proces powstawania p\u0142aszcza zaczyna si\u0119 od r\u0119cznego uk\u0142adania materia\u0142u, tak aby ka\u017cdy element p\u0142aszcza pasowa\u0142 do siebie\u00a0 zar\u00f3wno pod wzgl\u0119dem konstrukcyjnym, jak i wzoru jode\u0142ki. Nast\u0119pnie odszycie p\u0142aszcza i r\u0119czne przyszywanie guzik\u00f3w. Ca\u0142y proces jest pracoch\u0142onny. Zgodnie z przy\u015bwiecaj\u0105c\u0105 nam filozofi\u0105 aby minimalizowa\u0107 negatywny wp\u0142yw na \u015brodowisko, unikamy nadprodukcji i nie szyjemy p\u0142aszczy na magazyn. Dlatego prosimy o cierpliwo\u015b\u0107 w oczekiwaniu na realizacj\u0119 zam\u00f3wienia. Dok\u0142adamy wszelkich stara\u0144 aby Tw\u00f3j p\u0142aszczyk trafi\u0142 do Ciebie jak najszybciej.<\/p>\n<p>Actual photo - herringbone black and white<br \/>\nDost\u0119pne kolory: jode\u0142ka czarno-bia\u0142a, jode\u0142ka czekoladowo-bia\u0142a<br \/>\nThe colours of the fabric can be seen in<a href=\"https:\/\/talia-fashion.pl\/en\/paleta-kolorow\/\">\u00a0Colour palette<\/a>\u00a0as well as in the pictures of coats in various models. If in doubt, please do not hesitate to contact us.<\/p>\n<p>Available sizes: XS, S, M, L, XL<\/p>\n<p>Modelka ma 172 cm wzrostu i p\u0142aszcz w rozmiarze S.<\/p>\n<p>Indicative dimensions:<\/p>\n<p>XS \u2013 biust: 86-88 \/ biodra: 94-96 \/ d\u0142ugo\u015b\u0107: 105 \/ r\u0119kaw 61<br \/>\nS \u2013 biust: 90-92 \/ biodra: 98-100 \/ d\u0142ugo\u015b\u0107: 106 \/ r\u0119kaw: 61<br \/>\nM - bust: 94-96 \/ hips: 102-104 \/ length: 106 \/ sleeve: 62<br \/>\nL - bust: 98-100 \/ hips: 106-108 \/ length: 107 \/ sleeve: 63<br \/>\nXL &#8211; biust: 104-106 \/ biodra: 112-114 \/ d\u0142ugo\u015b\u0107: 107 \/ r\u0119kaw: 63<\/p>\n<p>Dwurz\u0119dowy p\u0142aszcz w jode\u0142k\u0119 ocieplany Florence to model w <strong>stylu oversizowym<\/strong>, dlatego osobom preferuj\u0105cym bardziej dopasowane fasony polecamy wyb\u00f3r mniejszego rozmiaru.<\/p>\n<p>Under\u00a0<a href=\"https:\/\/talia-fashion.pl\/en\/jak-dobrac-rozmiar\/\">How to choose a size?<\/a> wyja\u015bniamy jak interpretowa\u0107 powy\u017csz\u0105 tabel\u0119 rozmiar\u00f3w i dodatkowo podpowiadamy w jaki spos\u00f3b si\u0119 zmierzy\u0107. W razie w\u0105tpliwo\u015bci prosimy o kontakt.<\/p>\n<p>Material: 80% virgin wool, 20% polyamide<br \/>\nLining: 100% acetate<br \/>\nLike viscose, acetate is produced from cellulose. Acetate yarn can also be made from recycled cellulose such as paper. The acetate lining is excellent at absorbing moisture, permeable to air and comfortable to wear. It is coated with an antistatic apprettee and is OEKOtex\u00ae Standard 100 certified.<\/p>\n<p>Insulation: 100% non-woven recycled polyester<br \/>\nOur coats are insulated with a compressed thermo-insulating quilted fleece on the lining. The fleece is made from recycled polyester fibres. The material is lightweight, thin and at the same time perfectly insulating. The insulating fleece we use is resistant to moisture (it retains its insulating properties and warming effect even in damp conditions), stops the wind, is hypoallergenic and breathable. It is OEKOtex\u00ae Standard 100 certified.<\/p>\n<p>The coat should be dry-cleaned. However, you can take care of it on a day-to-day basis by using the following products offered in our shop <a href=\"https:\/\/talia-fashion.pl\/en\/product\/szczotka-do-czyszczenia-i-pielegnacji-plaszcza\/\">Brushes for cleaning and care of the coat<\/a>. By taking care of your coat you are also helping to protect the environment, which is why in the <a href=\"https:\/\/talia-fashion.pl\/en\/jak-pielegnowac-i-dbac-o-plaszcz\/\">How to nurture and care for the coat?<\/a> we have included tips on how to extend the life of your coat.<\/p>\n<p><strong>Individual order\u00a0<\/strong>- We can carry out certain modifications at the customer's request, such as: shortening, lengthening of the sleeve, shortening and lengthening of the coat. We determine the cost individually, pricing the scope of work, after prior contact. <strong>Zam\u00f3wienia indywidualne, personalizowane nie podlegaj\u0105 zwrotowi ani wymianie.\u00a0<\/strong><\/p>\n<p>The lead time depends on the company's current stock and the availability of the fabric colour in question. If a given coat is available in the company, the order will be fulfilled very quickly - 2-5 working days. If it is necessary to sew the coat or individualise the order - making alterations or sewing a new coat - the lead time may be extended, up to a maximum of 2 weeks.<\/p>\n<p>Dwurz\u0119dowy p\u0142aszcz w jode\u0142k\u0119 ocieplany Florence jest naszym autorskim projektem i szyjemy go w naszej rodzinnej pracowni. Od ponad 37 lat zajmujemy si\u0119 rzemios\u0142em i szyjemy nasze p\u0142aszcze wed\u0142ug tradycyjnych metod, dlatego te\u017c nie szyjemy p\u0142aszczy na magazyn. Prosimy zatem o cierpliwo\u015b\u0107 w oczekiwaniu na realizacj\u0119 zam\u00f3wienia, \u00a0poniewa\u017c musimy uszy\u0107 ten p\u0142aszczyk dla Ciebie.<\/p>\n<p>Stay with us longer and watch us on\u00a0<a href=\"https:\/\/www.facebook.com\/talia.plaszcze\">Facebook<\/a>\u00a0i\u00a0<a href=\"https:\/\/www.instagram.com\/talia_plaszcze\/\">Instagram.<\/a><\/p>","protected":false},"excerpt":{"rendered":"<p>Dwurz\u0119dowy p\u0142aszcz w jode\u0142k\u0119 ocieplany Florence o lu\u017anym, prostym kroju. P\u0142aszcz z wyjmowanym paskiem uszytym z tej samej tkaniny. Obni\u017cona linia ramion&hellip;<\/p>","protected":false},"featured_media":652,"template":"","meta":{"_acf_changed":false},"product_cat":[36],"product_tag":[78,119,33,34,40,224,80,42,43,91,68,83,47,181,85,50,86,123,63,88,110,210,131],"class_list":{"0":"post-4590","1":"product","2":"type-product","3":"status-publish","4":"has-post-thumbnail","6":"product_cat-plaszcze-dluzsze","7":"product_tag-dla-roznych-sylwetek","8":"product_tag-dlugi-plaszcz-zimowy","9":"product_tag-dwurzedowy","10":"product_tag-handmade","11":"product_tag-kolnierz","12":"product_tag-limited-edition","13":"product_tag-luzny-kroj","14":"product_tag-nowosc","15":"product_tag-plaszcz-damski","16":"product_tag-plaszcz-damski-zimowy","17":"product_tag-plaszcz-jesienny","18":"product_tag-plaszcz-luzny","19":"product_tag-plaszcz-na-guziki","20":"product_tag-plaszcz-w-jodelke","21":"product_tag-plaszcz-welniany","22":"product_tag-plaszcz-z-rewersem","23":"product_tag-plaszcz-zimowy-ocieplany","24":"product_tag-plaszcze-damskie","25":"product_tag-welniany","26":"product_tag-wiazany","27":"product_tag-z-paskiem","28":"product_tag-za-kolano","29":"product_tag-zimowy-plaszcz","31":"first","32":"instock","33":"shipping-taxable","34":"purchasable","35":"product-type-variable","36":"has-default-attributes"},"acf":[],"yoast_head":"<!-- This site is optimized with the Yoast SEO plugin v25.7 - https:\/\/yoast.com\/wordpress\/plugins\/seo\/ -->\n<title>Dwurz\u0119dowy p\u0142aszcz w jode\u0142k\u0119 ocieplany Florence - Talia Fashion<\/title>\n<meta name=\"description\" content=\"Dwurz\u0119dowy p\u0142aszcz w jode\u0142k\u0119 ocieplany Florence - we\u0142niany i szyty r\u0119cznie w Polsce, z dba\u0142o\u015bci\u0105 o ka\u017cdy szczeg\u00f3\u0142. Ponadczasowa jode\u0142ka i unikatowy fason.\" \/>\n<meta name=\"robots\" content=\"index, follow, max-snippet:-1, max-image-preview:large, max-video-preview:-1\" \/>\n<link rel=\"canonical\" href=\"https:\/\/talia-fashion.pl\/en\/product\/dwurzedowy-plaszcz-w-jodelke-ocieplany-florence\/\" \/>\n<meta property=\"og:locale\" content=\"en_GB\" \/>\n<meta property=\"og:type\" content=\"article\" \/>\n<meta property=\"og:title\" content=\"Dwurz\u0119dowy p\u0142aszcz w jode\u0142k\u0119 ocieplany Florence - Talia Fashion\" \/>\n<meta property=\"og:description\" content=\"Dwurz\u0119dowy p\u0142aszcz w jode\u0142k\u0119 ocieplany Florence - we\u0142niany i szyty r\u0119cznie w Polsce, z dba\u0142o\u015bci\u0105 o ka\u017cdy szczeg\u00f3\u0142. Ponadczasowa jode\u0142ka i unikatowy fason.\" \/>\n<meta property=\"og:url\" content=\"https:\/\/talia-fashion.pl\/en\/product\/dwurzedowy-plaszcz-w-jodelke-ocieplany-florence\/\" \/>\n<meta property=\"og:site_name\" content=\"Talia Fashion\" \/>\n<meta property=\"article:modified_time\" content=\"2026-02-12T14:29:29+00:00\" \/>\n<meta property=\"og:image\" content=\"https:\/\/talia-fashion.pl\/wp-content\/uploads\/2024\/10\/dwurzedowy-plaszcz-w-jodelke-ocieplany-wiazany-scaled-1.jpg\" \/>\n\t<meta property=\"og:image:width\" content=\"1920\" \/>\n\t<meta property=\"og:image:height\" content=\"2560\" \/>\n\t<meta property=\"og:image:type\" content=\"image\/jpeg\" \/>\n<meta name=\"twitter:card\" content=\"summary_large_image\" \/>\n<meta name=\"twitter:label1\" content=\"Estimated reading time\" \/>\n\t<meta name=\"twitter:data1\" content=\"4 minutes\" \/>\n<script type=\"application\/ld+json\" class=\"yoast-schema-graph\">{\"@context\":\"https:\/\/schema.org\",\"@graph\":[{\"@type\":\"WebPage\",\"@id\":\"https:\/\/talia-fashion.pl\/produkt\/dwurzedowy-plaszcz-w-jodelke-ocieplany-florence\/\",\"url\":\"https:\/\/talia-fashion.pl\/produkt\/dwurzedowy-plaszcz-w-jodelke-ocieplany-florence\/\",\"name\":\"Dwurz\u0119dowy p\u0142aszcz w jode\u0142k\u0119 ocieplany Florence - Talia Fashion\",\"isPartOf\":{\"@id\":\"https:\/\/talia-fashion.pl\/#website\"},\"primaryImageOfPage\":{\"@id\":\"https:\/\/talia-fashion.pl\/produkt\/dwurzedowy-plaszcz-w-jodelke-ocieplany-florence\/#primaryimage\"},\"image\":{\"@id\":\"https:\/\/talia-fashion.pl\/produkt\/dwurzedowy-plaszcz-w-jodelke-ocieplany-florence\/#primaryimage\"},\"thumbnailUrl\":\"https:\/\/talia-fashion.pl\/wp-content\/uploads\/2024\/10\/dwurzedowy-plaszcz-w-jodelke-ocieplany-wiazany-scaled-1.jpg\",\"datePublished\":\"2022-09-16T09:16:17+00:00\",\"dateModified\":\"2026-02-12T14:29:29+00:00\",\"description\":\"Dwurz\u0119dowy p\u0142aszcz w jode\u0142k\u0119 ocieplany Florence - we\u0142niany i szyty r\u0119cznie w Polsce, z dba\u0142o\u015bci\u0105 o ka\u017cdy szczeg\u00f3\u0142. Ponadczasowa jode\u0142ka i unikatowy fason.\",\"breadcrumb\":{\"@id\":\"https:\/\/talia-fashion.pl\/produkt\/dwurzedowy-plaszcz-w-jodelke-ocieplany-florence\/#breadcrumb\"},\"inLanguage\":\"en-GB\",\"potentialAction\":[{\"@type\":\"ReadAction\",\"target\":[\"https:\/\/talia-fashion.pl\/produkt\/dwurzedowy-plaszcz-w-jodelke-ocieplany-florence\/\"]}]},{\"@type\":\"ImageObject\",\"inLanguage\":\"en-GB\",\"@id\":\"https:\/\/talia-fashion.pl\/produkt\/dwurzedowy-plaszcz-w-jodelke-ocieplany-florence\/#primaryimage\",\"url\":\"https:\/\/talia-fashion.pl\/wp-content\/uploads\/2024\/10\/dwurzedowy-plaszcz-w-jodelke-ocieplany-wiazany-scaled-1.jpg\",\"contentUrl\":\"https:\/\/talia-fashion.pl\/wp-content\/uploads\/2024\/10\/dwurzedowy-plaszcz-w-jodelke-ocieplany-wiazany-scaled-1.jpg\",\"width\":1920,\"height\":2560,\"caption\":\"P\u0142aszcz zimowy dwurz\u0119dowy w jode\u0142k\u0119. Ocieplany, oversizowy, lu\u017any kr\u00f3j.\"},{\"@type\":\"BreadcrumbList\",\"@id\":\"https:\/\/talia-fashion.pl\/produkt\/dwurzedowy-plaszcz-w-jodelke-ocieplany-florence\/#breadcrumb\",\"itemListElement\":[{\"@type\":\"ListItem\",\"position\":1,\"name\":\"Strona g\u0142\u00f3wna\",\"item\":\"https:\/\/talia-fashion.pl\/\"},{\"@type\":\"ListItem\",\"position\":2,\"name\":\"Sklep\",\"item\":\"https:\/\/talia-fashion.pl\/sklep\/\"},{\"@type\":\"ListItem\",\"position\":3,\"name\":\"Dwurz\u0119dowy p\u0142aszcz w jode\u0142k\u0119 ocieplany Florence\"}]},{\"@type\":\"WebSite\",\"@id\":\"https:\/\/talia-fashion.pl\/#website\",\"url\":\"https:\/\/talia-fashion.pl\/\",\"name\":\"Talia Fashion\",\"description\":\"\",\"potentialAction\":[{\"@type\":\"SearchAction\",\"target\":{\"@type\":\"EntryPoint\",\"urlTemplate\":\"https:\/\/talia-fashion.pl\/?s={search_term_string}\"},\"query-input\":{\"@type\":\"PropertyValueSpecification\",\"valueRequired\":true,\"valueName\":\"search_term_string\"}}],\"inLanguage\":\"en-GB\"}]}<\/script>\n<!-- \/ Yoast SEO plugin. -->","yoast_head_json":{"title":"Dwurz\u0119dowy p\u0142aszcz w jode\u0142k\u0119 ocieplany Florence - Talia Fashion","description":"Dwurz\u0119dowy p\u0142aszcz w jode\u0142k\u0119 ocieplany Florence - we\u0142niany i szyty r\u0119cznie w Polsce, z dba\u0142o\u015bci\u0105 o ka\u017cdy szczeg\u00f3\u0142. Ponadczasowa jode\u0142ka i unikatowy fason.","robots":{"index":"index","follow":"follow","max-snippet":"max-snippet:-1","max-image-preview":"max-image-preview:large","max-video-preview":"max-video-preview:-1"},"canonical":"https:\/\/talia-fashion.pl\/en\/product\/dwurzedowy-plaszcz-w-jodelke-ocieplany-florence\/","og_locale":"en_GB","og_type":"article","og_title":"Dwurz\u0119dowy p\u0142aszcz w jode\u0142k\u0119 ocieplany Florence - Talia Fashion","og_description":"Dwurz\u0119dowy p\u0142aszcz w jode\u0142k\u0119 ocieplany Florence - we\u0142niany i szyty r\u0119cznie w Polsce, z dba\u0142o\u015bci\u0105 o ka\u017cdy szczeg\u00f3\u0142. Ponadczasowa jode\u0142ka i unikatowy fason.","og_url":"https:\/\/talia-fashion.pl\/en\/product\/dwurzedowy-plaszcz-w-jodelke-ocieplany-florence\/","og_site_name":"Talia Fashion","article_modified_time":"2026-02-12T14:29:29+00:00","og_image":[{"width":1920,"height":2560,"url":"https:\/\/talia-fashion.pl\/wp-content\/uploads\/2024\/10\/dwurzedowy-plaszcz-w-jodelke-ocieplany-wiazany-scaled-1.jpg","type":"image\/jpeg"}],"twitter_card":"summary_large_image","twitter_misc":{"Estimated reading time":"4 minutes"},"schema":{"@context":"https:\/\/schema.org","@graph":[{"@type":"WebPage","@id":"https:\/\/talia-fashion.pl\/produkt\/dwurzedowy-plaszcz-w-jodelke-ocieplany-florence\/","url":"https:\/\/talia-fashion.pl\/produkt\/dwurzedowy-plaszcz-w-jodelke-ocieplany-florence\/","name":"Dwurz\u0119dowy p\u0142aszcz w jode\u0142k\u0119 ocieplany Florence - Talia Fashion","isPartOf":{"@id":"https:\/\/talia-fashion.pl\/#website"},"primaryImageOfPage":{"@id":"https:\/\/talia-fashion.pl\/produkt\/dwurzedowy-plaszcz-w-jodelke-ocieplany-florence\/#primaryimage"},"image":{"@id":"https:\/\/talia-fashion.pl\/produkt\/dwurzedowy-plaszcz-w-jodelke-ocieplany-florence\/#primaryimage"},"thumbnailUrl":"https:\/\/talia-fashion.pl\/wp-content\/uploads\/2024\/10\/dwurzedowy-plaszcz-w-jodelke-ocieplany-wiazany-scaled-1.jpg","datePublished":"2022-09-16T09:16:17+00:00","dateModified":"2026-02-12T14:29:29+00:00","description":"Dwurz\u0119dowy p\u0142aszcz w jode\u0142k\u0119 ocieplany Florence - we\u0142niany i szyty r\u0119cznie w Polsce, z dba\u0142o\u015bci\u0105 o ka\u017cdy szczeg\u00f3\u0142. Ponadczasowa jode\u0142ka i unikatowy fason.","breadcrumb":{"@id":"https:\/\/talia-fashion.pl\/produkt\/dwurzedowy-plaszcz-w-jodelke-ocieplany-florence\/#breadcrumb"},"inLanguage":"en-GB","potentialAction":[{"@type":"ReadAction","target":["https:\/\/talia-fashion.pl\/produkt\/dwurzedowy-plaszcz-w-jodelke-ocieplany-florence\/"]}]},{"@type":"ImageObject","inLanguage":"en-GB","@id":"https:\/\/talia-fashion.pl\/produkt\/dwurzedowy-plaszcz-w-jodelke-ocieplany-florence\/#primaryimage","url":"https:\/\/talia-fashion.pl\/wp-content\/uploads\/2024\/10\/dwurzedowy-plaszcz-w-jodelke-ocieplany-wiazany-scaled-1.jpg","contentUrl":"https:\/\/talia-fashion.pl\/wp-content\/uploads\/2024\/10\/dwurzedowy-plaszcz-w-jodelke-ocieplany-wiazany-scaled-1.jpg","width":1920,"height":2560,"caption":"P\u0142aszcz zimowy dwurz\u0119dowy w jode\u0142k\u0119. Ocieplany, oversizowy, lu\u017any kr\u00f3j."},{"@type":"BreadcrumbList","@id":"https:\/\/talia-fashion.pl\/produkt\/dwurzedowy-plaszcz-w-jodelke-ocieplany-florence\/#breadcrumb","itemListElement":[{"@type":"ListItem","position":1,"name":"Strona g\u0142\u00f3wna","item":"https:\/\/talia-fashion.pl\/"},{"@type":"ListItem","position":2,"name":"Sklep","item":"https:\/\/talia-fashion.pl\/sklep\/"},{"@type":"ListItem","position":3,"name":"Dwurz\u0119dowy p\u0142aszcz w jode\u0142k\u0119 ocieplany Florence"}]},{"@type":"WebSite","@id":"https:\/\/talia-fashion.pl\/#website","url":"https:\/\/talia-fashion.pl\/","name":"Talia Fashion","description":"","potentialAction":[{"@type":"SearchAction","target":{"@type":"EntryPoint","urlTemplate":"https:\/\/talia-fashion.pl\/?s={search_term_string}"},"query-input":{"@type":"PropertyValueSpecification","valueRequired":true,"valueName":"search_term_string"}}],"inLanguage":"en-GB"}]}},"_links":{"self":[{"href":"https:\/\/talia-fashion.pl\/en\/wp-json\/wp\/v2\/product\/4590","targetHints":{"allow":["GET"]}}],"collection":[{"href":"https:\/\/talia-fashion.pl\/en\/wp-json\/wp\/v2\/product"}],"about":[{"href":"https:\/\/talia-fashion.pl\/en\/wp-json\/wp\/v2\/types\/product"}],"wp:featuredmedia":[{"embeddable":true,"href":"https:\/\/talia-fashion.pl\/en\/wp-json\/wp\/v2\/media\/652"}],"wp:attachment":[{"href":"https:\/\/talia-fashion.pl\/en\/wp-json\/wp\/v2\/media?parent=4590"}],"wp:term":[{"taxonomy":"product_cat","embeddable":true,"href":"https:\/\/talia-fashion.pl\/en\/wp-json\/wp\/v2\/product_cat?post=4590"},{"taxonomy":"product_tag","embeddable":true,"href":"https:\/\/talia-fashion.pl\/en\/wp-json\/wp\/v2\/product_tag?post=4590"}],"curies":[{"name":"wp","href":"https:\/\/api.w.org\/{rel}","templated":true}]}}