{"id":4521,"date":"2022-09-14T12:14:25","date_gmt":"2022-09-14T10:14:25","guid":{"rendered":"http:\/\/talia-fashion.pl\/produkt\/zielona-dyplomatka-welniana-na-zime-mia\/"},"modified":"2026-02-05T07:11:54","modified_gmt":"2026-02-05T06:11:54","slug":"zielona-dyplomatka-welniana-na-zime-mia","status":"publish","type":"product","link":"https:\/\/talia-fashion.pl\/en\/product\/zielona-dyplomatka-welniana-na-zime-mia\/","title":{"rendered":"Mia green winter woolen dresser"},"content":{"rendered":"<p><span lang=\"DE\">Zielona dyplomatka we\u0142niana na zim\u0119 Mia to fason o prostym kroju, zapinany na guziki w kontrastowym kolorze, bez paska. Klasyczna linia ramion, wyk\u0142adany ko\u0142nierz tworz\u0105cy dekolt w szpic. P\u0142aszcz \u015bwietnie wygl\u0105da zar\u00f3wno zapi\u0119ty jak i rozpi\u0119ty. Ty\u0142 delikatnie taliowany, z rozporkiem. D\u0142ugi r\u0119kaw. Kieszenie boczne wyko\u0144czone pasplami i zwie\u0144czone ozdobnymi patkami. P\u0142aszcz w ca\u0142o\u015bci na podszewce, dodatkowo ocieplany. Stylowy i funkcjonalny. Idealny na zim\u0119.<br \/>\n<\/span><\/p>\n<p>Prze\u0142am konwencj\u0119 i wybierz dyplomatk\u0119 w nietypowym dla tego fasonu kolorze zielonym. Mo\u017cesz by\u0107 pewna, \u017ce wsz\u0119dzie gdzie si\u0119 znajdziesz uczynisz efekt &#8222;wow&#8221;. Bardzo wygodny fason p\u0142aszcza, \u015bwietnie komponuj\u0105cy si\u0119 z codziennym outfitem takim jak jeansy czy te\u017c kr\u00f3tka sp\u00f3dniczka i kozaki. Dobierz dodatki jakie lubisz i czuj si\u0119 wyj\u0105tkowo! Zielony p\u0142aszcz kupiony &#8211; zima nam niestraszna \ud83d\ude42<\/p>\n<p><span lang=\"DE\">Zdj\u0119cie rzeczywiste &#8211; zielony<\/span><br \/>\nDost\u0119pne kolory: zielony (tylko M, XL)<br \/>\n<span lang=\"DE\">Kolory materia\u0142\u00f3w prezentujemy w <a href=\"https:\/\/talia-fashion.pl\/en\/paleta-kolorow\/\">Colour palette<\/a> oraz w innych fasonach p\u0142aszczy, na pozosta\u0142ych aukcjach. W razie w\u0105tpliwo\u015bci odno\u015bnie koloru, prosimy o kontakt.<\/span><\/p>\n<p><span lang=\"DE\">Available sizes: XS, S, M, L, XL<\/span><\/p>\n<p><span lang=\"DE\">Indicative dimensions:<\/span><\/p>\n<p>XS &#8211; biust: 84-86 \/ biodra: 92-94 \/ d\u0142ugo\u015b\u0107: 100 \/ szeroko\u015b\u0107 ramion 34,5-35 \/ r\u0119kaw: 61<br \/>\n<span lang=\"DE\">S &#8211; biust: 88-90 \/ biodra: 96-98 \/ d\u0142ugo\u015b\u0107: 100 \/ szeroko\u015b\u0107 ramion 35,5-36 \/ r\u0119kaw: 61<\/span><br \/>\n<span lang=\"DE\">M &#8211; biust: 92-94\u00a0\u00a0\/ biodra: 100-102 \/ d\u0142ugo\u015b\u0107: 100 \/ szeroko\u015b\u0107 ramion 37-37,5 \/ r\u0119kaw: 62<\/span><br \/>\n<span lang=\"DE\">L &#8211; biust: 96-98 \/ biodra: 104-106 \/ d\u0142ugo\u015b\u0107: 101 \/ szeroko\u015b\u0107 ramion 39,5-40 \/ r\u0119kaw: 63<\/span><br \/>\nXL &#8211; biust: 102-104 \/ biodra: 110-112 \/ d\u0142ugo\u015b\u0107: 101 \/ <span lang=\"DE\">shoulder width 42-42.5 \/ <\/span>sleeve: 64<\/p>\n<p>Aby odpowiednio dobra\u0107 rozmiar polecamy zapozna\u0107 si\u0119 z naszymi wskaz\u00f3wkami zawartymi w zak\u0142adce\u00a0<a href=\"https:\/\/talia-fashion.pl\/en\/jak-dobrac-rozmiar\/\">How do you choose the right size?<\/a><br \/>\n<span lang=\"DE\">Zielona dyplomatka dwurz\u0119dowa Mia to p\u0142aszczyk dwurz\u0119dowy, w kt\u00f3rym mo\u017cna przesuwa\u0107 guziki, by go delikatnie zmniejszy\u0107 lub zwi\u0119kszy\u0107 na obwodzie, bez wp\u0142ywu na fason. <\/span>If you are unsure about the size, please contact us.<\/p>\n<p>The model is 172cm and a size S.<\/p>\n<p><span lang=\"DE\">Material: 80% wool, 20% polyamide<\/span><br \/>\nLining: acetate<\/p>\n<p>Like viscose, acetate is produced from cellulose. Acetate yarn can also be made from recycled cellulose such as paper. The acetate lining is excellent at absorbing moisture and allowing air to pass through. It is coated with an antistatic apprettee and is OEKOtex\u00ae Standard 100 certified.<\/p>\n<p>Insulation: 100% non-woven recycled polyester<br \/>\nOur coats are insulated with a compressed thermo-insulating quilted fleece on the lining. The fleece is made from recycled polyester fibres. The material is lightweight, thin and at the same time perfectly insulating. The insulating fleece we use is resistant to moisture (it retains its insulating properties and warming effect even in damp conditions), stops the wind, is hypoallergenic and breathable. It is OEKOtex\u00ae Standard 100 certified.<\/p>\n<p><span lang=\"DE\">W naszej rodzinnej pracowni sami projektujemy i szyjemy p\u0142aszcze. Tradycyjnymi metodami, spod naszych r\u0105k, wychodz\u0105 pere\u0142ki w kt\u00f3re wk\u0142adamy ca\u0142e nasze serca. Zielona dyplomatka we\u0142niana na zim\u0119 Mia jest naszym autorskim projektem a ka\u017cdy guzik w niej zosta\u0142 przyszyty r\u0119cznie.<\/span><\/p>\n<p>The coat should be dry-cleaned. For frequent refreshing of the coat we recommend the following <a href=\"https:\/\/talia-fashion.pl\/en\/product\/szczotka-do-czyszczenia-i-pielegnacji-plaszcza\/\">Brush for cleaning and care of the coat<\/a>which can be purchased in our shop.  We also encourage you to read our advice on proper care: <a href=\"https:\/\/talia-fashion.pl\/en\/jak-pielegnowac-i-dbac-o-plaszcz\/\">How to care for and maintain coats? <\/a><br \/>\nW\u0142a\u015bciwa piel\u0119gnacja ubra\u0144 sprawia, \u017ce cieszysz si\u0119 nimi zdecydowanie d\u0142u\u017cej a to sprawia, \u017ce jednocze\u015bnie dbasz o \u015brodowisko zmniejszaj\u0105c ilo\u015b\u0107 odpad\u00f3w. Dbaj i b\u0105d\u017a eko \ud83d\ude42<\/p>\n<p><span lang=\"DE\">Czas realizacji zam\u00f3wienia uzale\u017cniony jest od aktualnego stanu magazynowego w pracowni oraz dost\u0119pno\u015bci danego koloru materia\u0142u. Je\u015bli dany p\u0142aszcz jest dost\u0119pny w pracowni realizacja zam\u00f3wienia nast\u0105pi bardzo szybko 2-5 dni roboczych. Je\u015bli konieczne jest uszycie p\u0142aszcza b\u0105d\u017a indywidualizacja zam\u00f3wienia \u2013 wykonanie przer\u00f3bki lub uszycie p\u0142aszcza wed\u0142ug wskaz\u00f3wek Klienta \u2013 czas realizacji zam\u00f3wienia mo\u017ce ulec wyd\u0142u\u017ceniu, maksymalnie do 2 tygodni.<\/span><\/p>\n<p><strong>Individual order -\u00a0<\/strong>istnieje mo\u017cliwo\u015b\u0107 wykonania pewnych modyfikacji na \u017cyczenie Klienta: skr\u00f3cenie, wyd\u0142u\u017cenie r\u0119kawa, skr\u00f3cenie i wyd\u0142u\u017cenie p\u0142aszcza. Koszt i termin wykonania, ustalany jest indywidualnie po uprzednim kontakcie.<br \/>\n<strong>An individual order is not subject to exchange or refund.<\/strong><\/p>\n<p>Id\u0105c w my\u015bl zr\u00f3wnowa\u017conego rozwoju, unikamy nadprodukcji, dlatego w wi\u0119kszo\u015bci nie szyjemy p\u0142aszczy na magazyn. Prosimy zatem o cierpliwo\u015b\u0107, gdy\u017c musimy uszy\u0107 dla Ciebie ten p\u0142aszcz.<\/p>\n<p>We encourage you to like our profile on <a href=\"https:\/\/www.instagram.com\/talia_plaszcze\/\">Instagram<\/a>.<\/p>","protected":false},"excerpt":{"rendered":"<p>Zielona dyplomatka we\u0142niana na zim\u0119 Mia to fason o prostym kroju, zapinany na guziki w kontrastowym kolorze, bez paska. Klasyczna linia ramion,&hellip;<\/p>","protected":false},"featured_media":632,"template":"","meta":{"_acf_changed":false},"product_cat":[104,29],"product_tag":[33,37,39,41,105,46,68,96,195,106,85,95,86,60,107,51,97,53],"class_list":{"0":"post-4521","1":"product","2":"type-product","3":"status-publish","4":"has-post-thumbnail","6":"product_cat-ostatnie-sztuki","7":"product_cat-sale-plaszcz-damski-w-promocji","8":"product_tag-dwurzedowy","9":"product_tag-dyplomatka","10":"product_tag-klasyczny","11":"product_tag-na-podszewce","12":"product_tag-ostatnie-sztuki","13":"product_tag-plaszcz-dwurzedowy","14":"product_tag-plaszcz-jesienny","15":"product_tag-plaszcz-na-chlodne-dni","16":"product_tag-plaszcz-typu-basic","17":"product_tag-plaszcz-w-promocji","18":"product_tag-plaszcz-welniany","19":"product_tag-plaszcz-zimowy","20":"product_tag-plaszcz-zimowy-ocieplany","21":"product_tag-producent-plaszczy-damskich","22":"product_tag-promocje","23":"product_tag-prosty","24":"product_tag-trencz","25":"product_tag-welna","27":"first","28":"instock","29":"sale","30":"shipping-taxable","31":"purchasable","32":"product-type-variable","33":"has-default-attributes"},"acf":[],"yoast_head":"<!-- This site is optimized with the Yoast SEO plugin v25.7 - https:\/\/yoast.com\/wordpress\/plugins\/seo\/ -->\n<title>Zielona dyplomatka we\u0142niana na zim\u0119 Mia - Talia Fashion<\/title>\n<meta name=\"description\" content=\"Zielona dyplomatka we\u0142niana na zim\u0119 Mia - \u015bwietny, ponadczasowy kr\u00f3j w wyj\u0105tkowym kolorze. Uszyty w Polsce. Wyj\u0105tkowe po\u0142\u0105czenie tradycji z nowoczesno\u015bci\u0105.\" \/>\n<meta name=\"robots\" content=\"index, follow, max-snippet:-1, max-image-preview:large, max-video-preview:-1\" \/>\n<link rel=\"canonical\" href=\"https:\/\/talia-fashion.pl\/en\/product\/zielona-dyplomatka-welniana-na-zime-mia\/\" \/>\n<meta property=\"og:locale\" content=\"en_GB\" \/>\n<meta property=\"og:type\" content=\"article\" \/>\n<meta property=\"og:title\" content=\"Zielona dyplomatka we\u0142niana na zim\u0119 Mia - Talia Fashion\" \/>\n<meta property=\"og:description\" content=\"Zielona dyplomatka we\u0142niana na zim\u0119 Mia - \u015bwietny, ponadczasowy kr\u00f3j w wyj\u0105tkowym kolorze. Uszyty w Polsce. Wyj\u0105tkowe po\u0142\u0105czenie tradycji z nowoczesno\u015bci\u0105.\" \/>\n<meta property=\"og:url\" content=\"https:\/\/talia-fashion.pl\/en\/product\/zielona-dyplomatka-welniana-na-zime-mia\/\" \/>\n<meta property=\"og:site_name\" content=\"Talia Fashion\" \/>\n<meta property=\"article:modified_time\" content=\"2026-02-05T06:11:54+00:00\" \/>\n<meta property=\"og:image\" content=\"https:\/\/talia-fashion.pl\/wp-content\/uploads\/2024\/10\/zielona-dyplomatka-welniana-na-zime.jpg\" \/>\n\t<meta property=\"og:image:width\" content=\"1500\" \/>\n\t<meta property=\"og:image:height\" content=\"2000\" \/>\n\t<meta property=\"og:image:type\" content=\"image\/jpeg\" \/>\n<meta name=\"twitter:card\" content=\"summary_large_image\" \/>\n<meta name=\"twitter:label1\" content=\"Estimated reading time\" \/>\n\t<meta name=\"twitter:data1\" content=\"3 minutes\" \/>\n<script type=\"application\/ld+json\" class=\"yoast-schema-graph\">{\"@context\":\"https:\/\/schema.org\",\"@graph\":[{\"@type\":\"WebPage\",\"@id\":\"https:\/\/talia-fashion.pl\/produkt\/zielona-dyplomatka-welniana-na-zime-mia\/\",\"url\":\"https:\/\/talia-fashion.pl\/produkt\/zielona-dyplomatka-welniana-na-zime-mia\/\",\"name\":\"Zielona dyplomatka we\u0142niana na zim\u0119 Mia - Talia Fashion\",\"isPartOf\":{\"@id\":\"https:\/\/talia-fashion.pl\/#website\"},\"primaryImageOfPage\":{\"@id\":\"https:\/\/talia-fashion.pl\/produkt\/zielona-dyplomatka-welniana-na-zime-mia\/#primaryimage\"},\"image\":{\"@id\":\"https:\/\/talia-fashion.pl\/produkt\/zielona-dyplomatka-welniana-na-zime-mia\/#primaryimage\"},\"thumbnailUrl\":\"https:\/\/talia-fashion.pl\/wp-content\/uploads\/2024\/10\/zielona-dyplomatka-welniana-na-zime.jpg\",\"datePublished\":\"2022-09-14T10:14:25+00:00\",\"dateModified\":\"2026-02-05T06:11:54+00:00\",\"description\":\"Zielona dyplomatka we\u0142niana na zim\u0119 Mia - \u015bwietny, ponadczasowy kr\u00f3j w wyj\u0105tkowym kolorze. Uszyty w Polsce. Wyj\u0105tkowe po\u0142\u0105czenie tradycji z nowoczesno\u015bci\u0105.\",\"breadcrumb\":{\"@id\":\"https:\/\/talia-fashion.pl\/produkt\/zielona-dyplomatka-welniana-na-zime-mia\/#breadcrumb\"},\"inLanguage\":\"en-GB\",\"potentialAction\":[{\"@type\":\"ReadAction\",\"target\":[\"https:\/\/talia-fashion.pl\/produkt\/zielona-dyplomatka-welniana-na-zime-mia\/\"]}]},{\"@type\":\"ImageObject\",\"inLanguage\":\"en-GB\",\"@id\":\"https:\/\/talia-fashion.pl\/produkt\/zielona-dyplomatka-welniana-na-zime-mia\/#primaryimage\",\"url\":\"https:\/\/talia-fashion.pl\/wp-content\/uploads\/2024\/10\/zielona-dyplomatka-welniana-na-zime.jpg\",\"contentUrl\":\"https:\/\/talia-fashion.pl\/wp-content\/uploads\/2024\/10\/zielona-dyplomatka-welniana-na-zime.jpg\",\"width\":1500,\"height\":2000,\"caption\":\"Zielna dyplomatka we\u0142niana na zim\u0119, dwurz\u0119dowa bez paska.\"},{\"@type\":\"BreadcrumbList\",\"@id\":\"https:\/\/talia-fashion.pl\/produkt\/zielona-dyplomatka-welniana-na-zime-mia\/#breadcrumb\",\"itemListElement\":[{\"@type\":\"ListItem\",\"position\":1,\"name\":\"Strona g\u0142\u00f3wna\",\"item\":\"https:\/\/talia-fashion.pl\/\"},{\"@type\":\"ListItem\",\"position\":2,\"name\":\"Sklep\",\"item\":\"https:\/\/talia-fashion.pl\/sklep\/\"},{\"@type\":\"ListItem\",\"position\":3,\"name\":\"Zielona dyplomatka we\u0142niana na zim\u0119 Mia\"}]},{\"@type\":\"WebSite\",\"@id\":\"https:\/\/talia-fashion.pl\/#website\",\"url\":\"https:\/\/talia-fashion.pl\/\",\"name\":\"Talia Fashion\",\"description\":\"\",\"potentialAction\":[{\"@type\":\"SearchAction\",\"target\":{\"@type\":\"EntryPoint\",\"urlTemplate\":\"https:\/\/talia-fashion.pl\/?s={search_term_string}\"},\"query-input\":{\"@type\":\"PropertyValueSpecification\",\"valueRequired\":true,\"valueName\":\"search_term_string\"}}],\"inLanguage\":\"en-GB\"}]}<\/script>\n<!-- \/ Yoast SEO plugin. -->","yoast_head_json":{"title":"Zielona dyplomatka we\u0142niana na zim\u0119 Mia - Talia Fashion","description":"Zielona dyplomatka we\u0142niana na zim\u0119 Mia - \u015bwietny, ponadczasowy kr\u00f3j w wyj\u0105tkowym kolorze. Uszyty w Polsce. Wyj\u0105tkowe po\u0142\u0105czenie tradycji z nowoczesno\u015bci\u0105.","robots":{"index":"index","follow":"follow","max-snippet":"max-snippet:-1","max-image-preview":"max-image-preview:large","max-video-preview":"max-video-preview:-1"},"canonical":"https:\/\/talia-fashion.pl\/en\/product\/zielona-dyplomatka-welniana-na-zime-mia\/","og_locale":"en_GB","og_type":"article","og_title":"Zielona dyplomatka we\u0142niana na zim\u0119 Mia - Talia Fashion","og_description":"Zielona dyplomatka we\u0142niana na zim\u0119 Mia - \u015bwietny, ponadczasowy kr\u00f3j w wyj\u0105tkowym kolorze. Uszyty w Polsce. Wyj\u0105tkowe po\u0142\u0105czenie tradycji z nowoczesno\u015bci\u0105.","og_url":"https:\/\/talia-fashion.pl\/en\/product\/zielona-dyplomatka-welniana-na-zime-mia\/","og_site_name":"Talia Fashion","article_modified_time":"2026-02-05T06:11:54+00:00","og_image":[{"width":1500,"height":2000,"url":"https:\/\/talia-fashion.pl\/wp-content\/uploads\/2024\/10\/zielona-dyplomatka-welniana-na-zime.jpg","type":"image\/jpeg"}],"twitter_card":"summary_large_image","twitter_misc":{"Estimated reading time":"3 minutes"},"schema":{"@context":"https:\/\/schema.org","@graph":[{"@type":"WebPage","@id":"https:\/\/talia-fashion.pl\/produkt\/zielona-dyplomatka-welniana-na-zime-mia\/","url":"https:\/\/talia-fashion.pl\/produkt\/zielona-dyplomatka-welniana-na-zime-mia\/","name":"Zielona dyplomatka we\u0142niana na zim\u0119 Mia - Talia Fashion","isPartOf":{"@id":"https:\/\/talia-fashion.pl\/#website"},"primaryImageOfPage":{"@id":"https:\/\/talia-fashion.pl\/produkt\/zielona-dyplomatka-welniana-na-zime-mia\/#primaryimage"},"image":{"@id":"https:\/\/talia-fashion.pl\/produkt\/zielona-dyplomatka-welniana-na-zime-mia\/#primaryimage"},"thumbnailUrl":"https:\/\/talia-fashion.pl\/wp-content\/uploads\/2024\/10\/zielona-dyplomatka-welniana-na-zime.jpg","datePublished":"2022-09-14T10:14:25+00:00","dateModified":"2026-02-05T06:11:54+00:00","description":"Zielona dyplomatka we\u0142niana na zim\u0119 Mia - \u015bwietny, ponadczasowy kr\u00f3j w wyj\u0105tkowym kolorze. Uszyty w Polsce. Wyj\u0105tkowe po\u0142\u0105czenie tradycji z nowoczesno\u015bci\u0105.","breadcrumb":{"@id":"https:\/\/talia-fashion.pl\/produkt\/zielona-dyplomatka-welniana-na-zime-mia\/#breadcrumb"},"inLanguage":"en-GB","potentialAction":[{"@type":"ReadAction","target":["https:\/\/talia-fashion.pl\/produkt\/zielona-dyplomatka-welniana-na-zime-mia\/"]}]},{"@type":"ImageObject","inLanguage":"en-GB","@id":"https:\/\/talia-fashion.pl\/produkt\/zielona-dyplomatka-welniana-na-zime-mia\/#primaryimage","url":"https:\/\/talia-fashion.pl\/wp-content\/uploads\/2024\/10\/zielona-dyplomatka-welniana-na-zime.jpg","contentUrl":"https:\/\/talia-fashion.pl\/wp-content\/uploads\/2024\/10\/zielona-dyplomatka-welniana-na-zime.jpg","width":1500,"height":2000,"caption":"Zielna dyplomatka we\u0142niana na zim\u0119, dwurz\u0119dowa bez paska."},{"@type":"BreadcrumbList","@id":"https:\/\/talia-fashion.pl\/produkt\/zielona-dyplomatka-welniana-na-zime-mia\/#breadcrumb","itemListElement":[{"@type":"ListItem","position":1,"name":"Strona g\u0142\u00f3wna","item":"https:\/\/talia-fashion.pl\/"},{"@type":"ListItem","position":2,"name":"Sklep","item":"https:\/\/talia-fashion.pl\/sklep\/"},{"@type":"ListItem","position":3,"name":"Zielona dyplomatka we\u0142niana na zim\u0119 Mia"}]},{"@type":"WebSite","@id":"https:\/\/talia-fashion.pl\/#website","url":"https:\/\/talia-fashion.pl\/","name":"Talia Fashion","description":"","potentialAction":[{"@type":"SearchAction","target":{"@type":"EntryPoint","urlTemplate":"https:\/\/talia-fashion.pl\/?s={search_term_string}"},"query-input":{"@type":"PropertyValueSpecification","valueRequired":true,"valueName":"search_term_string"}}],"inLanguage":"en-GB"}]}},"_links":{"self":[{"href":"https:\/\/talia-fashion.pl\/en\/wp-json\/wp\/v2\/product\/4521","targetHints":{"allow":["GET"]}}],"collection":[{"href":"https:\/\/talia-fashion.pl\/en\/wp-json\/wp\/v2\/product"}],"about":[{"href":"https:\/\/talia-fashion.pl\/en\/wp-json\/wp\/v2\/types\/product"}],"wp:featuredmedia":[{"embeddable":true,"href":"https:\/\/talia-fashion.pl\/en\/wp-json\/wp\/v2\/media\/632"}],"wp:attachment":[{"href":"https:\/\/talia-fashion.pl\/en\/wp-json\/wp\/v2\/media?parent=4521"}],"wp:term":[{"taxonomy":"product_cat","embeddable":true,"href":"https:\/\/talia-fashion.pl\/en\/wp-json\/wp\/v2\/product_cat?post=4521"},{"taxonomy":"product_tag","embeddable":true,"href":"https:\/\/talia-fashion.pl\/en\/wp-json\/wp\/v2\/product_tag?post=4521"}],"curies":[{"name":"wp","href":"https:\/\/api.w.org\/{rel}","templated":true}]}}