{"id":4493,"date":"2022-09-12T16:08:07","date_gmt":"2022-09-12T14:08:07","guid":{"rendered":"http:\/\/talia-fashion.pl\/produkt\/zimowy-plaszcz-damski-z-welny-dziewiczej-midi-celine\/"},"modified":"2026-03-29T22:28:33","modified_gmt":"2026-03-29T20:28:33","slug":"zimowy-plaszcz-damski-z-welny-grafitowy-midi-celine","status":"publish","type":"product","link":"https:\/\/talia-fashion.pl\/en\/product\/zimowy-plaszcz-damski-z-welny-grafitowy-midi-celine\/","title":{"rendered":"Women's winter coat in graphite wool midi Celine"},"content":{"rendered":"<p><span lang=\"DE\">Celine's women's graphite wool midi winter coat is a <strong>comfortable, relaxed fit with raglan sleeves<\/strong>, <strong>single-row fastening<\/strong> on colour-matched buttons. <\/span>The ruched sleeve design makes the coat looser, especially at the top. This makes it easy to fit a thicker jumper or jacket. It is also a great option for ladies with larger busts. The soft shape and soft material will soften the silhouette if you have expansive or pudgy shoulders. <strong>Belt<\/strong> Sewn in the same fabric, it will build up the waist. In this cut, the most important thing is that the coat flows around the hips and not sits on them. Side slanted pockets <span lang=\"DE\">Finished with a wide strip, they add functionality. <\/span>The back is gently waisted, with no slit at the bottom (no opening). <strong>Knee-length<\/strong>, woollen material and additional <strong>insulation<\/strong> will keep you warm while giving your silhouette a sophisticated look.  Oversize cuts with a belt allow you to <strong>free dressing in layers<\/strong> and provide <strong>comfort in lower temperatures<\/strong>. Coat dedicated <strong>for autumn and winter<\/strong>.<\/p>\n<p>We have included tips on which coat cut to choose: <a href=\"https:\/\/talia-fashion.pl\/en\/jak-dobrac-plaszcz-do-sylwetki\/\">How do you choose a coat to suit your figure?<\/a><\/p>\n<p><span lang=\"DE\">Women's winter coat in graphite wool midi Celine<\/span> is an exquisite proposition offering virtually unlimited styling possibilities. A classic cut and herringbone pattern - what more could you want? Sporty or with stilettos, you will feel special every time.<\/p>\n<p><span lang=\"DE\">Actual photo - herringbone graphite (two threads interweave graphite and a little lighter grey - only size L), herringbone grey beige delicate (two threads interweave grey and beige - the pattern is very delicate)\u00a0<\/span><\/p>\n<p><span lang=\"DE\">The colours are presented in our <a href=\"https:\/\/talia-fashion.pl\/en\/paleta-kolorow\/\">Colour palette<\/a>. If in doubt, please contact us.<\/span><\/p>\n<p><span lang=\"DE\">Available sizes: XS, S, M, L<br \/>\n<\/span><\/p>\n<p><span lang=\"DE\">Indicative dimensions:<\/span><\/p>\n<p>XS - bust: 86-88 \/ hips: 94-96 \/ length: 110 \/ sleeve: 62<br \/>\nS - bust: 90-92 \/ hips: 98-100 \/ length: 110 \/ sleeve: 62<br \/>\nM - bust: 94-96 \/ hips: 102-104 \/ length: 110 \/ sleeve: 62<br \/>\nL - bust: 98-100 \/ hips: 106-108 \/ length: 111 \/ sleeve: 63<br \/>\nXL - bust: 104-106 \/ hips: 112-114 \/ length: 112 \/ sleeve: 64<\/p>\n<p><span lang=\"DE\">What size to choose and how to measure yourself are suggested in our short guide: <a href=\"https:\/\/talia-fashion.pl\/en\/jak-dobrac-rozmiar\/\">How to choose a size?<\/a><\/span><br \/>\n<span lang=\"DE\">If you are unsure of your size selection, please contact us.<\/span><\/p>\n<p><span lang=\"DE\">Celine's women's graphite wool midi winter coat has been sewn from a beautiful material. For many years, we have been striving to reduce overproduction and to reduce the consumption of raw materials, natural resources, water and energy. To this end, we seek out interesting materials that have already been produced, often for well-known brands, and transform them into coats in limited quantities. <\/span><\/p>\n<p><span lang=\"DE\">Material: 80% wool , 20% polyamide (lightweight and ideal for thermal comfort on cold winter days)<\/span><\/p>\n<p><span lang=\"DE\">Herringbone grey and beige delicate: 80<\/span><span lang=\"DE\">% virgin wool, 20% polyamide<\/span><\/p>\n<p>Lining: 50% viscose, 50% acetate<\/p>\n<p>Like viscose, acetate is produced from cellulose. Acetate yarn can also be made from recycled cellulose such as paper. The acetate lining is excellent at absorbing moisture and allowing air to pass through, making it comfortable and wearable. It is coated with an antistatic apprettee and is OEKOtex\u00ae Standard 100 certified.<br \/>\nInsulation: 100% non-woven recycled polyester<br \/>\nOur coats are insulated with a compressed thermo-insulating quilted fleece on the lining. The fleece is made from polyester fibres produced from recycled materials. The material is lightweight, thin and at the same time perfectly insulating. The insulating fleece we use is resistant to moisture (it retains its insulating properties and warming effect even in damp conditions), stops the wind, is hypoallergenic and breathable, and is OEKOtex\u00ae Standard 100 certified.<\/p>\n<p><span lang=\"DE\">The coat should be dry-cleaned. Proper care, hanging and avoiding snags will ensure that your coat remains beautiful for a long time. Take a look at our tab: <a href=\"https:\/\/talia-fashion.pl\/en\/jak-pielegnowac-i-dbac-o-plaszcz\/\">How to nurture and care for the coat?<\/a>where we have included more practical tips. And to refresh your wool frequently, we recommend <a href=\"https:\/\/talia-fashion.pl\/en\/product\/szczotka-do-czyszczenia-i-pielegnacji-plaszcza\/\">Brush for cleaning and care of the coat<\/a>available in our shop.<\/span><\/p>\n<p><span lang=\"DE\">There is also the possibility of <strong>Individual orders<\/strong>, i.e. with minor modifications at the client's request. We can shorten or lengthen the sleeves, shorten or lengthen the length of the coat. The cost of such a service is determined individually after prior contact and determination of possible options. <\/span><strong>An individual order is not subject to exchange or refund.<\/strong><\/p>\n<p><span lang=\"DE\">Women's winter coat in graphite wool midi Celine <strong>designed and sewn by hand in our family workshop<\/strong>. <\/span>We have been practising traditional tailoring for over 37 years and each of our coats is sewn by hand. We sew most of our coats on the fly, not in stock. That's why we ask for your patience - we need to sew that coat for you. Thank you for supporting a local business.<\/p>\n<p><span lang=\"DE\">The lead time depends on the current stock in the atelier and the availability of the fabric colour in question. If the given coat is available in the atelier, the order will be fulfilled very quickly - 2-5 working days. If it is necessary to sew the coat or individualise the order - making alterations or sewing a new coat - the lead time may be extended, up to a maximum of 2 weeks.<\/span><\/p>\n<p>We invite you to stay with us for longer and to follow our profiles on <a href=\"https:\/\/www.facebook.com\/talia.plaszcze\">Facebook<\/a>\u00a0and\u00a0<a href=\"https:\/\/www.instagram.com\/talia_plaszcze\/\">Instagram<\/a>.<\/p>","protected":false},"excerpt":{"rendered":"<p>Zimowy p\u0142aszcz damski z we\u0142ny grafitowy midi Celine to wygodny, swobodny kr\u00f3j z raglanowymi r\u0119kawami, zapinany jednorz\u0119dowo na dobrane kolorystycznie guziki. Raglanowa&hellip;<\/p>","protected":false},"featured_media":258781,"template":"","meta":{"_acf_changed":false},"product_cat":[31,36],"product_tag":[78,119,180,350,34,39,40,80,41,42,82,43,44,45,46,83,47,75,84,181,50,173,125,69,321,207,220,52,114,97,53,139,88,147],"class_list":{"0":"post-4493","1":"product","2":"type-product","3":"status-publish","4":"has-post-thumbnail","6":"product_cat-nowosci","7":"product_cat-plaszcze-dluzsze","8":"product_tag-dla-roznych-sylwetek","9":"product_tag-dlugi-plaszcz-zimowy","10":"product_tag-dlugosc-midi","11":"product_tag-grafitowa-jodelka","12":"product_tag-handmade","13":"product_tag-klasyczny","14":"product_tag-kolnierz","15":"product_tag-luzny-kroj","16":"product_tag-na-podszewce","17":"product_tag-nowosc","18":"product_tag-oversize","19":"product_tag-plaszcz-damski","20":"product_tag-plaszcz-damski-dlugi","21":"product_tag-plaszcz-dlugi","22":"product_tag-plaszcz-dwurzedowy","23":"product_tag-plaszcz-luzny","24":"product_tag-plaszcz-na-guziki","25":"product_tag-plaszcz-ocieplany","26":"product_tag-plaszcz-oversizowy","27":"product_tag-plaszcz-w-jodelke","28":"product_tag-plaszcz-z-rewersem","29":"product_tag-polski-producent-plaszczy","30":"product_tag-polskie-rzemioslo","31":"product_tag-prochowiec","32":"product_tag-raglanowy-rekaw","33":"product_tag-rodzinna-firma","34":"product_tag-styl-retro","35":"product_tag-szylkretowe-guziki","36":"product_tag-tencel","37":"product_tag-trencz","38":"product_tag-welna","39":"product_tag-welna-dziewicza","40":"product_tag-wiazany","41":"product_tag-zrownowazona-produkcja","43":"first","44":"instock","45":"shipping-taxable","46":"purchasable","47":"product-type-variable","48":"has-default-attributes"},"acf":[],"yoast_head":"<!-- This site is optimized with the Yoast SEO plugin v25.7 - https:\/\/yoast.com\/wordpress\/plugins\/seo\/ -->\n<title>Zimowy p\u0142aszcz damski z we\u0142ny grafitowy midi Celine - Talia Fashion - p\u0142aszcz w jode\u0142k\u0119<\/title>\n<meta name=\"description\" content=\"Zimowy p\u0142aszcz damski z we\u0142ny grafitowy midi - ponadczasowy kr\u00f3j, wz\u00f3r w jode\u0142k\u0119, \u015bwietny ciep\u0142y materia\u0142. Uszyty r\u0119cznie w naszej pracowni.\" \/>\n<meta name=\"robots\" content=\"index, follow, max-snippet:-1, max-image-preview:large, max-video-preview:-1\" \/>\n<link rel=\"canonical\" href=\"https:\/\/talia-fashion.pl\/en\/product\/zimowy-plaszcz-damski-z-welny-grafitowy-midi-celine\/\" \/>\n<meta property=\"og:locale\" content=\"en_GB\" \/>\n<meta property=\"og:type\" content=\"article\" \/>\n<meta property=\"og:title\" content=\"Zimowy p\u0142aszcz damski z we\u0142ny grafitowy midi Celine - Talia Fashion - p\u0142aszcz w jode\u0142k\u0119\" \/>\n<meta property=\"og:description\" content=\"Zimowy p\u0142aszcz damski z we\u0142ny grafitowy midi - ponadczasowy kr\u00f3j, wz\u00f3r w jode\u0142k\u0119, \u015bwietny ciep\u0142y materia\u0142. Uszyty r\u0119cznie w naszej pracowni.\" \/>\n<meta property=\"og:url\" content=\"https:\/\/talia-fashion.pl\/en\/product\/zimowy-plaszcz-damski-z-welny-grafitowy-midi-celine\/\" \/>\n<meta property=\"og:site_name\" content=\"Talia Fashion\" \/>\n<meta property=\"article:modified_time\" content=\"2026-03-29T20:28:33+00:00\" \/>\n<meta property=\"og:image\" content=\"https:\/\/talia-fashion.pl\/wp-content\/uploads\/2022\/09\/zimowy-plaszcz-damski-welna-midi-grafitowy.jpg\" \/>\n\t<meta property=\"og:image:width\" content=\"1300\" \/>\n\t<meta property=\"og:image:height\" content=\"1733\" \/>\n\t<meta property=\"og:image:type\" content=\"image\/jpeg\" \/>\n<meta name=\"twitter:card\" content=\"summary_large_image\" \/>\n<meta name=\"twitter:label1\" content=\"Estimated reading time\" \/>\n\t<meta name=\"twitter:data1\" content=\"4 minutes\" \/>\n<script type=\"application\/ld+json\" class=\"yoast-schema-graph\">{\"@context\":\"https:\/\/schema.org\",\"@graph\":[{\"@type\":\"WebPage\",\"@id\":\"https:\/\/talia-fashion.pl\/produkt\/zimowy-plaszcz-damski-z-welny-grafitowy-midi-celine\/\",\"url\":\"https:\/\/talia-fashion.pl\/produkt\/zimowy-plaszcz-damski-z-welny-grafitowy-midi-celine\/\",\"name\":\"Zimowy p\u0142aszcz damski z we\u0142ny grafitowy midi Celine - Talia Fashion - p\u0142aszcz w jode\u0142k\u0119\",\"isPartOf\":{\"@id\":\"https:\/\/talia-fashion.pl\/#website\"},\"primaryImageOfPage\":{\"@id\":\"https:\/\/talia-fashion.pl\/produkt\/zimowy-plaszcz-damski-z-welny-grafitowy-midi-celine\/#primaryimage\"},\"image\":{\"@id\":\"https:\/\/talia-fashion.pl\/produkt\/zimowy-plaszcz-damski-z-welny-grafitowy-midi-celine\/#primaryimage\"},\"thumbnailUrl\":\"https:\/\/talia-fashion.pl\/wp-content\/uploads\/2022\/09\/zimowy-plaszcz-damski-welna-midi-grafitowy.jpg\",\"datePublished\":\"2022-09-12T14:08:07+00:00\",\"dateModified\":\"2026-03-29T20:28:33+00:00\",\"description\":\"Zimowy p\u0142aszcz damski z we\u0142ny grafitowy midi - ponadczasowy kr\u00f3j, wz\u00f3r w jode\u0142k\u0119, \u015bwietny ciep\u0142y materia\u0142. Uszyty r\u0119cznie w naszej pracowni.\",\"breadcrumb\":{\"@id\":\"https:\/\/talia-fashion.pl\/produkt\/zimowy-plaszcz-damski-z-welny-grafitowy-midi-celine\/#breadcrumb\"},\"inLanguage\":\"en-GB\",\"potentialAction\":[{\"@type\":\"ReadAction\",\"target\":[\"https:\/\/talia-fashion.pl\/produkt\/zimowy-plaszcz-damski-z-welny-grafitowy-midi-celine\/\"]}]},{\"@type\":\"ImageObject\",\"inLanguage\":\"en-GB\",\"@id\":\"https:\/\/talia-fashion.pl\/produkt\/zimowy-plaszcz-damski-z-welny-grafitowy-midi-celine\/#primaryimage\",\"url\":\"https:\/\/talia-fashion.pl\/wp-content\/uploads\/2022\/09\/zimowy-plaszcz-damski-welna-midi-grafitowy.jpg\",\"contentUrl\":\"https:\/\/talia-fashion.pl\/wp-content\/uploads\/2022\/09\/zimowy-plaszcz-damski-welna-midi-grafitowy.jpg\",\"width\":1300,\"height\":1733,\"caption\":\"Zimowy p\u0142aszcz damski z we\u0142ny w grafitow\u0105 jode\u0142k\u0119. Swobodny, nowoczesny kr\u00f3j. Wyrafinowana elegancja.\"},{\"@type\":\"BreadcrumbList\",\"@id\":\"https:\/\/talia-fashion.pl\/produkt\/zimowy-plaszcz-damski-z-welny-grafitowy-midi-celine\/#breadcrumb\",\"itemListElement\":[{\"@type\":\"ListItem\",\"position\":1,\"name\":\"Strona g\u0142\u00f3wna\",\"item\":\"https:\/\/talia-fashion.pl\/\"},{\"@type\":\"ListItem\",\"position\":2,\"name\":\"Sklep\",\"item\":\"https:\/\/talia-fashion.pl\/sklep\/\"},{\"@type\":\"ListItem\",\"position\":3,\"name\":\"Zimowy p\u0142aszcz damski z we\u0142ny grafitowy midi Celine\"}]},{\"@type\":\"WebSite\",\"@id\":\"https:\/\/talia-fashion.pl\/#website\",\"url\":\"https:\/\/talia-fashion.pl\/\",\"name\":\"Talia Fashion\",\"description\":\"\",\"potentialAction\":[{\"@type\":\"SearchAction\",\"target\":{\"@type\":\"EntryPoint\",\"urlTemplate\":\"https:\/\/talia-fashion.pl\/?s={search_term_string}\"},\"query-input\":{\"@type\":\"PropertyValueSpecification\",\"valueRequired\":true,\"valueName\":\"search_term_string\"}}],\"inLanguage\":\"en-GB\"}]}<\/script>\n<!-- \/ Yoast SEO plugin. -->","yoast_head_json":{"title":"Zimowy p\u0142aszcz damski z we\u0142ny grafitowy midi Celine - Talia Fashion - p\u0142aszcz w jode\u0142k\u0119","description":"Zimowy p\u0142aszcz damski z we\u0142ny grafitowy midi - ponadczasowy kr\u00f3j, wz\u00f3r w jode\u0142k\u0119, \u015bwietny ciep\u0142y materia\u0142. Uszyty r\u0119cznie w naszej pracowni.","robots":{"index":"index","follow":"follow","max-snippet":"max-snippet:-1","max-image-preview":"max-image-preview:large","max-video-preview":"max-video-preview:-1"},"canonical":"https:\/\/talia-fashion.pl\/en\/product\/zimowy-plaszcz-damski-z-welny-grafitowy-midi-celine\/","og_locale":"en_GB","og_type":"article","og_title":"Zimowy p\u0142aszcz damski z we\u0142ny grafitowy midi Celine - Talia Fashion - p\u0142aszcz w jode\u0142k\u0119","og_description":"Zimowy p\u0142aszcz damski z we\u0142ny grafitowy midi - ponadczasowy kr\u00f3j, wz\u00f3r w jode\u0142k\u0119, \u015bwietny ciep\u0142y materia\u0142. Uszyty r\u0119cznie w naszej pracowni.","og_url":"https:\/\/talia-fashion.pl\/en\/product\/zimowy-plaszcz-damski-z-welny-grafitowy-midi-celine\/","og_site_name":"Talia Fashion","article_modified_time":"2026-03-29T20:28:33+00:00","og_image":[{"width":1300,"height":1733,"url":"https:\/\/talia-fashion.pl\/wp-content\/uploads\/2022\/09\/zimowy-plaszcz-damski-welna-midi-grafitowy.jpg","type":"image\/jpeg"}],"twitter_card":"summary_large_image","twitter_misc":{"Estimated reading time":"4 minutes"},"schema":{"@context":"https:\/\/schema.org","@graph":[{"@type":"WebPage","@id":"https:\/\/talia-fashion.pl\/produkt\/zimowy-plaszcz-damski-z-welny-grafitowy-midi-celine\/","url":"https:\/\/talia-fashion.pl\/produkt\/zimowy-plaszcz-damski-z-welny-grafitowy-midi-celine\/","name":"Zimowy p\u0142aszcz damski z we\u0142ny grafitowy midi Celine - Talia Fashion - p\u0142aszcz w jode\u0142k\u0119","isPartOf":{"@id":"https:\/\/talia-fashion.pl\/#website"},"primaryImageOfPage":{"@id":"https:\/\/talia-fashion.pl\/produkt\/zimowy-plaszcz-damski-z-welny-grafitowy-midi-celine\/#primaryimage"},"image":{"@id":"https:\/\/talia-fashion.pl\/produkt\/zimowy-plaszcz-damski-z-welny-grafitowy-midi-celine\/#primaryimage"},"thumbnailUrl":"https:\/\/talia-fashion.pl\/wp-content\/uploads\/2022\/09\/zimowy-plaszcz-damski-welna-midi-grafitowy.jpg","datePublished":"2022-09-12T14:08:07+00:00","dateModified":"2026-03-29T20:28:33+00:00","description":"Zimowy p\u0142aszcz damski z we\u0142ny grafitowy midi - ponadczasowy kr\u00f3j, wz\u00f3r w jode\u0142k\u0119, \u015bwietny ciep\u0142y materia\u0142. Uszyty r\u0119cznie w naszej pracowni.","breadcrumb":{"@id":"https:\/\/talia-fashion.pl\/produkt\/zimowy-plaszcz-damski-z-welny-grafitowy-midi-celine\/#breadcrumb"},"inLanguage":"en-GB","potentialAction":[{"@type":"ReadAction","target":["https:\/\/talia-fashion.pl\/produkt\/zimowy-plaszcz-damski-z-welny-grafitowy-midi-celine\/"]}]},{"@type":"ImageObject","inLanguage":"en-GB","@id":"https:\/\/talia-fashion.pl\/produkt\/zimowy-plaszcz-damski-z-welny-grafitowy-midi-celine\/#primaryimage","url":"https:\/\/talia-fashion.pl\/wp-content\/uploads\/2022\/09\/zimowy-plaszcz-damski-welna-midi-grafitowy.jpg","contentUrl":"https:\/\/talia-fashion.pl\/wp-content\/uploads\/2022\/09\/zimowy-plaszcz-damski-welna-midi-grafitowy.jpg","width":1300,"height":1733,"caption":"Zimowy p\u0142aszcz damski z we\u0142ny w grafitow\u0105 jode\u0142k\u0119. Swobodny, nowoczesny kr\u00f3j. Wyrafinowana elegancja."},{"@type":"BreadcrumbList","@id":"https:\/\/talia-fashion.pl\/produkt\/zimowy-plaszcz-damski-z-welny-grafitowy-midi-celine\/#breadcrumb","itemListElement":[{"@type":"ListItem","position":1,"name":"Strona g\u0142\u00f3wna","item":"https:\/\/talia-fashion.pl\/"},{"@type":"ListItem","position":2,"name":"Sklep","item":"https:\/\/talia-fashion.pl\/sklep\/"},{"@type":"ListItem","position":3,"name":"Zimowy p\u0142aszcz damski z we\u0142ny grafitowy midi Celine"}]},{"@type":"WebSite","@id":"https:\/\/talia-fashion.pl\/#website","url":"https:\/\/talia-fashion.pl\/","name":"Talia Fashion","description":"","potentialAction":[{"@type":"SearchAction","target":{"@type":"EntryPoint","urlTemplate":"https:\/\/talia-fashion.pl\/?s={search_term_string}"},"query-input":{"@type":"PropertyValueSpecification","valueRequired":true,"valueName":"search_term_string"}}],"inLanguage":"en-GB"}]}},"_links":{"self":[{"href":"https:\/\/talia-fashion.pl\/en\/wp-json\/wp\/v2\/product\/4493","targetHints":{"allow":["GET"]}}],"collection":[{"href":"https:\/\/talia-fashion.pl\/en\/wp-json\/wp\/v2\/product"}],"about":[{"href":"https:\/\/talia-fashion.pl\/en\/wp-json\/wp\/v2\/types\/product"}],"wp:featuredmedia":[{"embeddable":true,"href":"https:\/\/talia-fashion.pl\/en\/wp-json\/wp\/v2\/media\/258781"}],"wp:attachment":[{"href":"https:\/\/talia-fashion.pl\/en\/wp-json\/wp\/v2\/media?parent=4493"}],"wp:term":[{"taxonomy":"product_cat","embeddable":true,"href":"https:\/\/talia-fashion.pl\/en\/wp-json\/wp\/v2\/product_cat?post=4493"},{"taxonomy":"product_tag","embeddable":true,"href":"https:\/\/talia-fashion.pl\/en\/wp-json\/wp\/v2\/product_tag?post=4493"}],"curies":[{"name":"wp","href":"https:\/\/api.w.org\/{rel}","templated":true}]}}