{"id":4491,"date":"2022-09-12T15:59:44","date_gmt":"2022-09-12T13:59:44","guid":{"rendered":"http:\/\/talia-fashion.pl\/produkt\/zimowy-plaszcz-welniany-oversize-kenya\/"},"modified":"2026-02-26T11:32:05","modified_gmt":"2026-02-26T10:32:05","slug":"zimowy-plaszcz-welniany-oversize-kenya","status":"publish","type":"product","link":"https:\/\/talia-fashion.pl\/en\/product\/zimowy-plaszcz-welniany-oversize-kenya\/","title":{"rendered":"Wool oversize winter coat Kenya"},"content":{"rendered":"<p>Kenya oversize wool winter coat in an unfussy plum colour. Double-breasted model with a removable belt sewn in the same fabric. Lowered shoulder line with kimono armpit styling. Two front pockets finished with decorative piping. Widened collar with cut-out, modelling neckline in a slimming pointed tip.  Oversized style.  Due to the sloping shoulder line, the coat falls slightly bulkier, especially in the upper part. If you prefer a more fitted coat - we recommend choosing a smaller size. Fully insulated coat. An excellent choice for cold winter weather.<\/p>\n<p>The unique plum colour will look great with all classic combinations. Undoubtedly, however, the loose fit also allows for casual styling and everyday outfits, without worrying about breaking conventions or mixing up the rules. A loose-fitting coat will make you feel really casual, so you can also wear trainers, a fancy scarf and go for a walk. Spend quality time in our unique Kenya model.<\/p>\n<p>Actual photo - plum<\/p>\n<p>Coat available in plum (none), ash (XS, S,M), light beige (S, M)<\/p>\n<p>You can check the available colours in our <a href=\"https:\/\/talia-fashion.pl\/en\/paleta-kolorow\/\">Colour palette.<\/a> Additionally, if you would like to see how a particular fabric looks in a coat, check out the other items in our shop. All available fabric colours are shown in the pictures of the coats in the different models. If in doubt, please do not hesitate to contact us.<\/p>\n<p>The model is 172 cm with a size S<\/p>\n<p>Available sizes: XS, S, M, L<\/p>\n<p>Indicative dimensions:<\/p>\n<p>XS - bust: 86-88 \/ hips: 94-96 \/ length: 106 \/ sleeve: 61<br \/>\nS - bust: 90-92 \/ hips: 98-100 \/ length: 106 \/ sleeve: 62<br \/>\nM - bust: 94-96 \/ hips: 102-104 \/ length: 106 \/ sleeve: 62<br \/>\nL - bust: 98-100 \/ hips: 106-108 \/ length: 107 \/ sleeve: 63<\/p>\n<p>If you are unsure about the size, please contact us.<\/p>\n<p>Material: 60% wool, 22% polyester, 10% viscose,8% alpaca<br \/>\nLining: 100 % acetate<br \/>\nLike viscose, acetate is produced from cellulose. Acetate yarn can also be made from recycled cellulose such as paper. The acetate lining is excellent at absorbing moisture and allowing air to pass through. It is coated with an antistatic apprettee and is OEKOtex\u00ae Standard 100 certified.<br \/>\nInsulation: 100% non-woven recycled polyester<br \/>\nOur coats are insulated with a compressed thermo-insulating quilted fleece on the lining. The fleece is made from recycled polyester fibres. The material is lightweight, thin and at the same time perfectly insulating. The insulating fleece we use is resistant to moisture (it retains its insulating properties and warming effect even in damp conditions), stops the wind, is hypoallergenic and breathable. It is OEKOtex\u00ae Standard 100 certified.<\/p>\n<p>From start to finish, the Kenya wool oversize winter coat was created in our family workshop in Poznan. Coats have been our passion for over 33 years, which is why we put our whole heart into every product we sew. We create our coats by hand minimising the negative impact on the environment. As a result, each piece is unique and special.<\/p>\n<p>The coat should be dry-cleaned, but to keep it looking great for longer we recommend the following <a href=\"https:\/\/talia-fashion.pl\/en\/product\/szczotka-do-czyszczenia-i-pielegnacji-plaszcza\/\">Brush for cleaning and care of the coat<\/a>, which is ideal for frequent refreshing of wool. We also encourage you to take a look at our simple tips <a href=\"https:\/\/talia-fashion.pl\/en\/jak-pielegnowac-i-dbac-o-plaszcz\/\">How to care for and maintain coats?<\/a> With simple measures, you can extend the life of your coat and thus contribute to protecting the environment.<\/p>\n<p><strong>Individual order <\/strong>- if you need us to make some modifications to the coat for you, such as: shortening, lengthening the sleeve, shortening and lengthening the coat. Contact us, the cost of making the modifications is priced individually depending on the scope of work.<br \/>\n<strong>An individual order is not subject to exchange or refund.<\/strong><\/p>\n<p>The lead time depends on the company's current stock and the availability of the given fabric colour. If the given coat is available in the company, the order will be realised very quickly - 2-5 working days. If the coat still needs to be sewn or if the order needs to be individualised, i.e. the coat needs to be altered or a new coat needs to be sewn, the lead time may be extended to a maximum of 2 weeks.<\/p>\n<p>We sew our coats by hand, using traditional methods, and so please be patient while we wait for your order to be processed - we need to sew that coat for you ? Thank you for being with us and supporting local craftsmanship.<\/p>\n<p>We encourage you to like our fanpage on\u00a0<a href=\"https:\/\/www.facebook.com\/talia.plaszcze\">Facebook<\/a>\u00a0i\u00a0<a href=\"https:\/\/www.instagram.com\/talia_plaszcze\/\">Instagram<\/a><\/p>","protected":false},"excerpt":{"rendered":"<p>Zimowy p\u0142aszcz we\u0142niany oversize Kenya w nietuzinkowym \u015bliwkowym kolorze. Model dwurz\u0119dowy z wyjmowanym paskiem uszytym z tej samej tkaniny. Obni\u017cona linia ramion&hellip;<\/p>","protected":false},"featured_media":618,"template":"","meta":{"_acf_changed":false},"product_cat":[104,29],"product_tag":[78,119,33,34,40,80,41,67,43,44,91,45,46,83,47,75,106,50,95,86,107,53,63],"class_list":{"0":"post-4491","1":"product","2":"type-product","3":"status-publish","4":"has-post-thumbnail","6":"product_cat-ostatnie-sztuki","7":"product_cat-sale-plaszcz-damski-w-promocji","8":"product_tag-dla-roznych-sylwetek","9":"product_tag-dlugi-plaszcz-zimowy","10":"product_tag-dwurzedowy","11":"product_tag-handmade","12":"product_tag-kolnierz","13":"product_tag-luzny-kroj","14":"product_tag-na-podszewce","15":"product_tag-ocieplany","16":"product_tag-plaszcz-damski","17":"product_tag-plaszcz-damski-dlugi","18":"product_tag-plaszcz-damski-zimowy","19":"product_tag-plaszcz-dlugi","20":"product_tag-plaszcz-dwurzedowy","21":"product_tag-plaszcz-luzny","22":"product_tag-plaszcz-na-guziki","23":"product_tag-plaszcz-ocieplany","24":"product_tag-plaszcz-w-promocji","25":"product_tag-plaszcz-z-rewersem","26":"product_tag-plaszcz-zimowy","27":"product_tag-plaszcz-zimowy-ocieplany","28":"product_tag-promocje","29":"product_tag-welna","30":"product_tag-welniany","32":"first","33":"instock","34":"sale","35":"shipping-taxable","36":"purchasable","37":"product-type-variable","38":"has-default-attributes"},"acf":[],"yoast_head":"<!-- This site is optimized with the Yoast SEO plugin v25.7 - https:\/\/yoast.com\/wordpress\/plugins\/seo\/ -->\n<title>Zimowy p\u0142aszcz we\u0142niany oversize Kenya - Talia Fashion - szyte w Polsce<\/title>\n<meta name=\"description\" content=\"Zimowy p\u0142aszcz we\u0142niany oversize - z doskonale wywa\u017conymi proporcjami to komfort i wygoda u\u017cytkowania. Szyty r\u0119cznie w naszej pracowni.\" \/>\n<meta name=\"robots\" content=\"index, follow, max-snippet:-1, max-image-preview:large, max-video-preview:-1\" \/>\n<link rel=\"canonical\" href=\"https:\/\/talia-fashion.pl\/en\/product\/zimowy-plaszcz-welniany-oversize-kenya\/\" \/>\n<meta property=\"og:locale\" content=\"en_GB\" \/>\n<meta property=\"og:type\" content=\"article\" \/>\n<meta property=\"og:title\" content=\"Zimowy p\u0142aszcz we\u0142niany oversize Kenya - Talia Fashion - szyte w Polsce\" \/>\n<meta property=\"og:description\" content=\"Zimowy p\u0142aszcz we\u0142niany oversize - z doskonale wywa\u017conymi proporcjami to komfort i wygoda u\u017cytkowania. Szyty r\u0119cznie w naszej pracowni.\" \/>\n<meta property=\"og:url\" content=\"https:\/\/talia-fashion.pl\/en\/product\/zimowy-plaszcz-welniany-oversize-kenya\/\" \/>\n<meta property=\"og:site_name\" content=\"Talia Fashion\" \/>\n<meta property=\"article:modified_time\" content=\"2026-02-26T10:32:05+00:00\" \/>\n<meta property=\"og:image\" content=\"https:\/\/talia-fashion.pl\/wp-content\/uploads\/2024\/10\/zimowy-plaszcz-welniany-oversize.jpg\" \/>\n\t<meta property=\"og:image:width\" content=\"1500\" \/>\n\t<meta property=\"og:image:height\" content=\"2000\" \/>\n\t<meta property=\"og:image:type\" content=\"image\/jpeg\" \/>\n<meta name=\"twitter:card\" content=\"summary_large_image\" \/>\n<meta name=\"twitter:label1\" content=\"Estimated reading time\" \/>\n\t<meta name=\"twitter:data1\" content=\"3 minutes\" \/>\n<script type=\"application\/ld+json\" class=\"yoast-schema-graph\">{\"@context\":\"https:\/\/schema.org\",\"@graph\":[{\"@type\":\"WebPage\",\"@id\":\"https:\/\/talia-fashion.pl\/produkt\/zimowy-plaszcz-welniany-oversize-kenya\/\",\"url\":\"https:\/\/talia-fashion.pl\/produkt\/zimowy-plaszcz-welniany-oversize-kenya\/\",\"name\":\"Zimowy p\u0142aszcz we\u0142niany oversize Kenya - Talia Fashion - szyte w Polsce\",\"isPartOf\":{\"@id\":\"https:\/\/talia-fashion.pl\/#website\"},\"primaryImageOfPage\":{\"@id\":\"https:\/\/talia-fashion.pl\/produkt\/zimowy-plaszcz-welniany-oversize-kenya\/#primaryimage\"},\"image\":{\"@id\":\"https:\/\/talia-fashion.pl\/produkt\/zimowy-plaszcz-welniany-oversize-kenya\/#primaryimage\"},\"thumbnailUrl\":\"https:\/\/talia-fashion.pl\/wp-content\/uploads\/2024\/10\/zimowy-plaszcz-welniany-oversize.jpg\",\"datePublished\":\"2022-09-12T13:59:44+00:00\",\"dateModified\":\"2026-02-26T10:32:05+00:00\",\"description\":\"Zimowy p\u0142aszcz we\u0142niany oversize - z doskonale wywa\u017conymi proporcjami to komfort i wygoda u\u017cytkowania. Szyty r\u0119cznie w naszej pracowni.\",\"breadcrumb\":{\"@id\":\"https:\/\/talia-fashion.pl\/produkt\/zimowy-plaszcz-welniany-oversize-kenya\/#breadcrumb\"},\"inLanguage\":\"en-GB\",\"potentialAction\":[{\"@type\":\"ReadAction\",\"target\":[\"https:\/\/talia-fashion.pl\/produkt\/zimowy-plaszcz-welniany-oversize-kenya\/\"]}]},{\"@type\":\"ImageObject\",\"inLanguage\":\"en-GB\",\"@id\":\"https:\/\/talia-fashion.pl\/produkt\/zimowy-plaszcz-welniany-oversize-kenya\/#primaryimage\",\"url\":\"https:\/\/talia-fashion.pl\/wp-content\/uploads\/2024\/10\/zimowy-plaszcz-welniany-oversize.jpg\",\"contentUrl\":\"https:\/\/talia-fashion.pl\/wp-content\/uploads\/2024\/10\/zimowy-plaszcz-welniany-oversize.jpg\",\"width\":1500,\"height\":2000,\"caption\":\"Zimowy p\u0142aszcz we\u0142niany w oversizowym stylu zapinany na guziki i wi\u0105zany w pasie.\"},{\"@type\":\"BreadcrumbList\",\"@id\":\"https:\/\/talia-fashion.pl\/produkt\/zimowy-plaszcz-welniany-oversize-kenya\/#breadcrumb\",\"itemListElement\":[{\"@type\":\"ListItem\",\"position\":1,\"name\":\"Strona g\u0142\u00f3wna\",\"item\":\"https:\/\/talia-fashion.pl\/\"},{\"@type\":\"ListItem\",\"position\":2,\"name\":\"Sklep\",\"item\":\"https:\/\/talia-fashion.pl\/sklep\/\"},{\"@type\":\"ListItem\",\"position\":3,\"name\":\"Zimowy p\u0142aszcz we\u0142niany oversize Kenya\"}]},{\"@type\":\"WebSite\",\"@id\":\"https:\/\/talia-fashion.pl\/#website\",\"url\":\"https:\/\/talia-fashion.pl\/\",\"name\":\"Talia Fashion\",\"description\":\"\",\"potentialAction\":[{\"@type\":\"SearchAction\",\"target\":{\"@type\":\"EntryPoint\",\"urlTemplate\":\"https:\/\/talia-fashion.pl\/?s={search_term_string}\"},\"query-input\":{\"@type\":\"PropertyValueSpecification\",\"valueRequired\":true,\"valueName\":\"search_term_string\"}}],\"inLanguage\":\"en-GB\"}]}<\/script>\n<!-- \/ Yoast SEO plugin. -->","yoast_head_json":{"title":"Zimowy p\u0142aszcz we\u0142niany oversize Kenya - Talia Fashion - szyte w Polsce","description":"Zimowy p\u0142aszcz we\u0142niany oversize - z doskonale wywa\u017conymi proporcjami to komfort i wygoda u\u017cytkowania. Szyty r\u0119cznie w naszej pracowni.","robots":{"index":"index","follow":"follow","max-snippet":"max-snippet:-1","max-image-preview":"max-image-preview:large","max-video-preview":"max-video-preview:-1"},"canonical":"https:\/\/talia-fashion.pl\/en\/product\/zimowy-plaszcz-welniany-oversize-kenya\/","og_locale":"en_GB","og_type":"article","og_title":"Zimowy p\u0142aszcz we\u0142niany oversize Kenya - Talia Fashion - szyte w Polsce","og_description":"Zimowy p\u0142aszcz we\u0142niany oversize - z doskonale wywa\u017conymi proporcjami to komfort i wygoda u\u017cytkowania. Szyty r\u0119cznie w naszej pracowni.","og_url":"https:\/\/talia-fashion.pl\/en\/product\/zimowy-plaszcz-welniany-oversize-kenya\/","og_site_name":"Talia Fashion","article_modified_time":"2026-02-26T10:32:05+00:00","og_image":[{"width":1500,"height":2000,"url":"https:\/\/talia-fashion.pl\/wp-content\/uploads\/2024\/10\/zimowy-plaszcz-welniany-oversize.jpg","type":"image\/jpeg"}],"twitter_card":"summary_large_image","twitter_misc":{"Estimated reading time":"3 minutes"},"schema":{"@context":"https:\/\/schema.org","@graph":[{"@type":"WebPage","@id":"https:\/\/talia-fashion.pl\/produkt\/zimowy-plaszcz-welniany-oversize-kenya\/","url":"https:\/\/talia-fashion.pl\/produkt\/zimowy-plaszcz-welniany-oversize-kenya\/","name":"Zimowy p\u0142aszcz we\u0142niany oversize Kenya - Talia Fashion - szyte w Polsce","isPartOf":{"@id":"https:\/\/talia-fashion.pl\/#website"},"primaryImageOfPage":{"@id":"https:\/\/talia-fashion.pl\/produkt\/zimowy-plaszcz-welniany-oversize-kenya\/#primaryimage"},"image":{"@id":"https:\/\/talia-fashion.pl\/produkt\/zimowy-plaszcz-welniany-oversize-kenya\/#primaryimage"},"thumbnailUrl":"https:\/\/talia-fashion.pl\/wp-content\/uploads\/2024\/10\/zimowy-plaszcz-welniany-oversize.jpg","datePublished":"2022-09-12T13:59:44+00:00","dateModified":"2026-02-26T10:32:05+00:00","description":"Zimowy p\u0142aszcz we\u0142niany oversize - z doskonale wywa\u017conymi proporcjami to komfort i wygoda u\u017cytkowania. Szyty r\u0119cznie w naszej pracowni.","breadcrumb":{"@id":"https:\/\/talia-fashion.pl\/produkt\/zimowy-plaszcz-welniany-oversize-kenya\/#breadcrumb"},"inLanguage":"en-GB","potentialAction":[{"@type":"ReadAction","target":["https:\/\/talia-fashion.pl\/produkt\/zimowy-plaszcz-welniany-oversize-kenya\/"]}]},{"@type":"ImageObject","inLanguage":"en-GB","@id":"https:\/\/talia-fashion.pl\/produkt\/zimowy-plaszcz-welniany-oversize-kenya\/#primaryimage","url":"https:\/\/talia-fashion.pl\/wp-content\/uploads\/2024\/10\/zimowy-plaszcz-welniany-oversize.jpg","contentUrl":"https:\/\/talia-fashion.pl\/wp-content\/uploads\/2024\/10\/zimowy-plaszcz-welniany-oversize.jpg","width":1500,"height":2000,"caption":"Zimowy p\u0142aszcz we\u0142niany w oversizowym stylu zapinany na guziki i wi\u0105zany w pasie."},{"@type":"BreadcrumbList","@id":"https:\/\/talia-fashion.pl\/produkt\/zimowy-plaszcz-welniany-oversize-kenya\/#breadcrumb","itemListElement":[{"@type":"ListItem","position":1,"name":"Strona g\u0142\u00f3wna","item":"https:\/\/talia-fashion.pl\/"},{"@type":"ListItem","position":2,"name":"Sklep","item":"https:\/\/talia-fashion.pl\/sklep\/"},{"@type":"ListItem","position":3,"name":"Zimowy p\u0142aszcz we\u0142niany oversize Kenya"}]},{"@type":"WebSite","@id":"https:\/\/talia-fashion.pl\/#website","url":"https:\/\/talia-fashion.pl\/","name":"Talia Fashion","description":"","potentialAction":[{"@type":"SearchAction","target":{"@type":"EntryPoint","urlTemplate":"https:\/\/talia-fashion.pl\/?s={search_term_string}"},"query-input":{"@type":"PropertyValueSpecification","valueRequired":true,"valueName":"search_term_string"}}],"inLanguage":"en-GB"}]}},"_links":{"self":[{"href":"https:\/\/talia-fashion.pl\/en\/wp-json\/wp\/v2\/product\/4491","targetHints":{"allow":["GET"]}}],"collection":[{"href":"https:\/\/talia-fashion.pl\/en\/wp-json\/wp\/v2\/product"}],"about":[{"href":"https:\/\/talia-fashion.pl\/en\/wp-json\/wp\/v2\/types\/product"}],"wp:featuredmedia":[{"embeddable":true,"href":"https:\/\/talia-fashion.pl\/en\/wp-json\/wp\/v2\/media\/618"}],"wp:attachment":[{"href":"https:\/\/talia-fashion.pl\/en\/wp-json\/wp\/v2\/media?parent=4491"}],"wp:term":[{"taxonomy":"product_cat","embeddable":true,"href":"https:\/\/talia-fashion.pl\/en\/wp-json\/wp\/v2\/product_cat?post=4491"},{"taxonomy":"product_tag","embeddable":true,"href":"https:\/\/talia-fashion.pl\/en\/wp-json\/wp\/v2\/product_tag?post=4491"}],"curies":[{"name":"wp","href":"https:\/\/api.w.org\/{rel}","templated":true}]}}