{"id":4488,"date":"2022-09-12T14:16:58","date_gmt":"2022-09-12T12:16:58","guid":{"rendered":"http:\/\/talia-fashion.pl\/produkt\/zielony-dlugi-plaszcz-na-guziki-gaja\/"},"modified":"2026-02-19T09:39:30","modified_gmt":"2026-02-19T08:39:30","slug":"zielony-dlugi-plaszcz-na-guziki-gaja","status":"publish","type":"product","link":"https:\/\/talia-fashion.pl\/en\/product\/zielony-dlugi-plaszcz-na-guziki-gaja\/","title":{"rendered":"Green long button coat Gaia"},"content":{"rendered":"<p>The green long button coat has been tailored from a high-quality wool blend. Double-breasted fastening with colour-matched buttons. The cut of the coat is fitted at the back, with no additional cuts at the front. Classic shoulder line and padded collar with lapels to emphasise the neckline. Removable belt, sewn in the same fabric, to tie and accentuate the waist. Two, side slit pockets. Mid-calf length. Fully insulated, including the sleeves. Perfect for winter.<\/p>\n<p>Green Gaia will make you feel like Spring in the middle of winter \ud83d\ude42 The classic line of this long coat makes it a perfect match for both elegant and very casual outfits. There's nothing stopping you from teaming this sophisticated coat with insulated sneakers and a soft scarf for a long walk.<\/p>\n<p>If you're wondering which coat to choose, we suggest you take a look at our tips\u00a0<a href=\"https:\/\/talia-fashion.pl\/en\/jak-dobrac-plaszcz-do-sylwetki\/\">How do you choose a coat to suit your figure?<\/a><\/p>\n<p><span lang=\"DE\">Actual photo - green<\/span><\/p>\n<p>Available colours<span lang=\"DE\">green( S, M only)<br \/>\n<\/span><\/p>\n<p>The colours are shown in the pictures of the coats in different cuts, in the other auctions and in the\u00a0<a href=\"https:\/\/talia-fashion.pl\/en\/paleta-kolorow\/\">colour palette<\/a>. If in doubt, please contact us.<\/p>\n<p><span lang=\"DE\">Available sizes: XS, S, M, L<\/span><\/p>\n<p>The model is 172 cm and a size XS.<\/p>\n<p><span lang=\"DE\">Indicative dimensions:<\/span><\/p>\n<p><span lang=\"DE\">XS - bust: 86-88 \/ hips 94-96 \/ length: 120 \/ sleeve 61<br \/>\nS - bust: 90-92 \/ hips: 98-100 \/ length: 120 \/ sleeve: 62<br \/>\nM - bust: 94-96 \/ hips: 102-104 \/ length: 120 \/ sleeve: 62<br \/>\nL - bust: 98-100 \/ hips: 106-108 \/ length: 120 \/ sleeve: 63<br \/>\nXL - bust: 104-106 \/ hips: 112-114 \/ length: 120 \/ sleeve: 64<\/span><\/p>\n<p><span lang=\"DE\">If you are unsure of your size selection, please contact us.<\/span><\/p>\n<p><span lang=\"DE\">Material: 80<\/span><span lang=\"DE\">% wool, 20% polyamide\u00a0<\/span><\/p>\n<p>Lining: acetate<\/p>\n<p>Like viscose, acetate is produced from cellulose. Acetate yarn can also be made from recycled cellulose such as paper. The acetate lining is excellent at absorbing moisture and allowing air to pass through. It is coated with an antistatic apprettee and is OEKOtex\u00ae Standard 100 certified.<\/p>\n<p>Insulation: 100% non-woven recycled polyester<br \/>\nOur coats are insulated with a compressed thermo-insulating quilted fleece on the lining. The fleece is made from recycled polyester fibres. The material is lightweight, thin and at the same time perfectly insulating. The insulating fleece we use is resistant to moisture (it retains its insulating properties and warming effect even in damp conditions), stops the wind, is hypoallergenic and breathable. It is OEKOtex\u00ae Standard 100 certified.<\/p>\n<p>The green Gaja long button coat was created in our studio in Pozna\u0144, in an environmentally friendly and Fair Trade manner<span lang=\"DE\">. Our coats are an artisanal creation in which even the buttons have been sewn on by hand.\u00a0<\/span><\/p>\n<p>The coat should be dry-cleaned. For frequent refreshing of the wool we recommend the following\u00a0<a href=\"https:\/\/talia-fashion.pl\/en\/product\/szczotka-do-czyszczenia-i-pielegnacji-plaszcza\/\">Brush for cleaning and care of the coat<\/a>which can be purchased in our shop.<br \/>\nBy taking care of your clothes, you protect the environment.<\/p>\n<p>It is possible to make some modifications in the <strong>Individual orders<\/strong> - on request: shortening, lengthening of the sleeve, shortening and lengthening of the coat.<\/p>\n<p><strong>An individual order is not subject to exchange or refund.<\/strong><\/p>\n<p><span lang=\"DE\">The lead time depends on the company's current stock and the availability of a given fabric colour. If a given coat is available in the company, the order will be realised very quickly - 2-5 working days. If individualisation of the order is necessary - making alterations or sewing a new coat - the lead time may be extended to a maximum of 2 weeks.<\/span><\/p>\n<p>We do our best to keep the waiting time as short as possible, but our coats are sewn by hand using traditional methods, so please be patient.<\/p>\n<p>We encourage you to like our fanpage on\u00a0<a href=\"https:\/\/www.facebook.com\/talia.plaszcze\">Facebook<\/a>\u00a0i\u00a0<a href=\"https:\/\/www.instagram.com\/talia_plaszcze\/\">Instagram<\/a><\/p>","protected":false},"excerpt":{"rendered":"<p>Zielony d\u0142ugi p\u0142aszcz na guziki zosta\u0142 uszyty z wysokiej jako\u015bci mieszanki we\u0142ny. Zapi\u0119cie dwurz\u0119dowe z dobranymi kolorystycznie guzikami. Kr\u00f3j p\u0142aszcza dopasowany z&hellip;<\/p>","protected":false},"featured_media":615,"template":"","meta":{"_acf_changed":false},"product_cat":[104,29],"product_tag":[89,119,209,37,34,39,40,41,67,43,44,91,45,46,68,47,75,106,50,86,107,53,63,88,217],"class_list":{"0":"post-4488","1":"product","2":"type-product","3":"status-publish","4":"has-post-thumbnail","6":"product_cat-ostatnie-sztuki","7":"product_cat-sale-plaszcz-damski-w-promocji","8":"product_tag-cieply","9":"product_tag-dlugi-plaszcz-zimowy","10":"product_tag-do-polowy-lydki","11":"product_tag-dyplomatka","12":"product_tag-handmade","13":"product_tag-klasyczny","14":"product_tag-kolnierz","15":"product_tag-na-podszewce","16":"product_tag-ocieplany","17":"product_tag-plaszcz-damski","18":"product_tag-plaszcz-damski-dlugi","19":"product_tag-plaszcz-damski-zimowy","20":"product_tag-plaszcz-dlugi","21":"product_tag-plaszcz-dwurzedowy","22":"product_tag-plaszcz-jesienny","23":"product_tag-plaszcz-na-guziki","24":"product_tag-plaszcz-ocieplany","25":"product_tag-plaszcz-w-promocji","26":"product_tag-plaszcz-z-rewersem","27":"product_tag-plaszcz-zimowy-ocieplany","28":"product_tag-promocje","29":"product_tag-welna","30":"product_tag-welniany","31":"product_tag-wiazany","32":"product_tag-zielony-plaszcz","34":"first","35":"instock","36":"sale","37":"shipping-taxable","38":"purchasable","39":"product-type-variable","40":"has-default-attributes"},"acf":[],"yoast_head":"<!-- This site is optimized with the Yoast SEO plugin v25.7 - https:\/\/yoast.com\/wordpress\/plugins\/seo\/ -->\n<title>Zielony d\u0142ugi p\u0142aszcz na guziki Gaja - Talia Fashion - edycja limitowana<\/title>\n<meta name=\"description\" content=\"Zielony d\u0142ugi p\u0142aszcz na guziki uszyty r\u0119cznie, tradycyjnymi metodami, w naszej pracowni w Poznaniu. Pi\u0119kny p\u0142aszcz zimowy.\" \/>\n<meta name=\"robots\" content=\"index, follow, max-snippet:-1, max-image-preview:large, max-video-preview:-1\" \/>\n<link rel=\"canonical\" href=\"https:\/\/talia-fashion.pl\/en\/product\/zielony-dlugi-plaszcz-na-guziki-gaja\/\" \/>\n<meta property=\"og:locale\" content=\"en_GB\" \/>\n<meta property=\"og:type\" content=\"article\" \/>\n<meta property=\"og:title\" content=\"Zielony d\u0142ugi p\u0142aszcz na guziki Gaja - Talia Fashion - edycja limitowana\" \/>\n<meta property=\"og:description\" content=\"Zielony d\u0142ugi p\u0142aszcz na guziki uszyty r\u0119cznie, tradycyjnymi metodami, w naszej pracowni w Poznaniu. Pi\u0119kny p\u0142aszcz zimowy.\" \/>\n<meta property=\"og:url\" content=\"https:\/\/talia-fashion.pl\/en\/product\/zielony-dlugi-plaszcz-na-guziki-gaja\/\" \/>\n<meta property=\"og:site_name\" content=\"Talia Fashion\" \/>\n<meta property=\"article:modified_time\" content=\"2026-02-19T08:39:30+00:00\" \/>\n<meta property=\"og:image\" content=\"https:\/\/talia-fashion.pl\/wp-content\/uploads\/2024\/10\/dlugi-zimowy-plaszcz-zielony.jpg\" \/>\n\t<meta property=\"og:image:width\" content=\"1500\" \/>\n\t<meta property=\"og:image:height\" content=\"2000\" \/>\n\t<meta property=\"og:image:type\" content=\"image\/jpeg\" \/>\n<meta name=\"twitter:card\" content=\"summary_large_image\" \/>\n<meta name=\"twitter:label1\" content=\"Estimated reading time\" \/>\n\t<meta name=\"twitter:data1\" content=\"3 minutes\" \/>\n<script type=\"application\/ld+json\" class=\"yoast-schema-graph\">{\"@context\":\"https:\/\/schema.org\",\"@graph\":[{\"@type\":\"WebPage\",\"@id\":\"https:\/\/talia-fashion.pl\/produkt\/zielony-dlugi-plaszcz-na-guziki-gaja\/\",\"url\":\"https:\/\/talia-fashion.pl\/produkt\/zielony-dlugi-plaszcz-na-guziki-gaja\/\",\"name\":\"Zielony d\u0142ugi p\u0142aszcz na guziki Gaja - Talia Fashion - edycja limitowana\",\"isPartOf\":{\"@id\":\"https:\/\/talia-fashion.pl\/#website\"},\"primaryImageOfPage\":{\"@id\":\"https:\/\/talia-fashion.pl\/produkt\/zielony-dlugi-plaszcz-na-guziki-gaja\/#primaryimage\"},\"image\":{\"@id\":\"https:\/\/talia-fashion.pl\/produkt\/zielony-dlugi-plaszcz-na-guziki-gaja\/#primaryimage\"},\"thumbnailUrl\":\"https:\/\/talia-fashion.pl\/wp-content\/uploads\/2024\/10\/dlugi-zimowy-plaszcz-zielony.jpg\",\"datePublished\":\"2022-09-12T12:16:58+00:00\",\"dateModified\":\"2026-02-19T08:39:30+00:00\",\"description\":\"Zielony d\u0142ugi p\u0142aszcz na guziki uszyty r\u0119cznie, tradycyjnymi metodami, w naszej pracowni w Poznaniu. Pi\u0119kny p\u0142aszcz zimowy.\",\"breadcrumb\":{\"@id\":\"https:\/\/talia-fashion.pl\/produkt\/zielony-dlugi-plaszcz-na-guziki-gaja\/#breadcrumb\"},\"inLanguage\":\"en-GB\",\"potentialAction\":[{\"@type\":\"ReadAction\",\"target\":[\"https:\/\/talia-fashion.pl\/produkt\/zielony-dlugi-plaszcz-na-guziki-gaja\/\"]}]},{\"@type\":\"ImageObject\",\"inLanguage\":\"en-GB\",\"@id\":\"https:\/\/talia-fashion.pl\/produkt\/zielony-dlugi-plaszcz-na-guziki-gaja\/#primaryimage\",\"url\":\"https:\/\/talia-fashion.pl\/wp-content\/uploads\/2024\/10\/dlugi-zimowy-plaszcz-zielony.jpg\",\"contentUrl\":\"https:\/\/talia-fashion.pl\/wp-content\/uploads\/2024\/10\/dlugi-zimowy-plaszcz-zielony.jpg\",\"width\":1500,\"height\":2000,\"caption\":\"Z\u0142ugi p\u0142aszcz damski zimowy zapinany na guziki z wyk\u0142adanym ko\u0142nierzem rewers.\"},{\"@type\":\"BreadcrumbList\",\"@id\":\"https:\/\/talia-fashion.pl\/produkt\/zielony-dlugi-plaszcz-na-guziki-gaja\/#breadcrumb\",\"itemListElement\":[{\"@type\":\"ListItem\",\"position\":1,\"name\":\"Strona g\u0142\u00f3wna\",\"item\":\"https:\/\/talia-fashion.pl\/\"},{\"@type\":\"ListItem\",\"position\":2,\"name\":\"Sklep\",\"item\":\"https:\/\/talia-fashion.pl\/sklep\/\"},{\"@type\":\"ListItem\",\"position\":3,\"name\":\"Zielony d\u0142ugi p\u0142aszcz na guziki Gaja\"}]},{\"@type\":\"WebSite\",\"@id\":\"https:\/\/talia-fashion.pl\/#website\",\"url\":\"https:\/\/talia-fashion.pl\/\",\"name\":\"Talia Fashion\",\"description\":\"\",\"potentialAction\":[{\"@type\":\"SearchAction\",\"target\":{\"@type\":\"EntryPoint\",\"urlTemplate\":\"https:\/\/talia-fashion.pl\/?s={search_term_string}\"},\"query-input\":{\"@type\":\"PropertyValueSpecification\",\"valueRequired\":true,\"valueName\":\"search_term_string\"}}],\"inLanguage\":\"en-GB\"}]}<\/script>\n<!-- \/ Yoast SEO plugin. -->","yoast_head_json":{"title":"Zielony d\u0142ugi p\u0142aszcz na guziki Gaja - Talia Fashion - edycja limitowana","description":"Zielony d\u0142ugi p\u0142aszcz na guziki uszyty r\u0119cznie, tradycyjnymi metodami, w naszej pracowni w Poznaniu. Pi\u0119kny p\u0142aszcz zimowy.","robots":{"index":"index","follow":"follow","max-snippet":"max-snippet:-1","max-image-preview":"max-image-preview:large","max-video-preview":"max-video-preview:-1"},"canonical":"https:\/\/talia-fashion.pl\/en\/product\/zielony-dlugi-plaszcz-na-guziki-gaja\/","og_locale":"en_GB","og_type":"article","og_title":"Zielony d\u0142ugi p\u0142aszcz na guziki Gaja - Talia Fashion - edycja limitowana","og_description":"Zielony d\u0142ugi p\u0142aszcz na guziki uszyty r\u0119cznie, tradycyjnymi metodami, w naszej pracowni w Poznaniu. Pi\u0119kny p\u0142aszcz zimowy.","og_url":"https:\/\/talia-fashion.pl\/en\/product\/zielony-dlugi-plaszcz-na-guziki-gaja\/","og_site_name":"Talia Fashion","article_modified_time":"2026-02-19T08:39:30+00:00","og_image":[{"width":1500,"height":2000,"url":"https:\/\/talia-fashion.pl\/wp-content\/uploads\/2024\/10\/dlugi-zimowy-plaszcz-zielony.jpg","type":"image\/jpeg"}],"twitter_card":"summary_large_image","twitter_misc":{"Estimated reading time":"3 minutes"},"schema":{"@context":"https:\/\/schema.org","@graph":[{"@type":"WebPage","@id":"https:\/\/talia-fashion.pl\/produkt\/zielony-dlugi-plaszcz-na-guziki-gaja\/","url":"https:\/\/talia-fashion.pl\/produkt\/zielony-dlugi-plaszcz-na-guziki-gaja\/","name":"Zielony d\u0142ugi p\u0142aszcz na guziki Gaja - Talia Fashion - edycja limitowana","isPartOf":{"@id":"https:\/\/talia-fashion.pl\/#website"},"primaryImageOfPage":{"@id":"https:\/\/talia-fashion.pl\/produkt\/zielony-dlugi-plaszcz-na-guziki-gaja\/#primaryimage"},"image":{"@id":"https:\/\/talia-fashion.pl\/produkt\/zielony-dlugi-plaszcz-na-guziki-gaja\/#primaryimage"},"thumbnailUrl":"https:\/\/talia-fashion.pl\/wp-content\/uploads\/2024\/10\/dlugi-zimowy-plaszcz-zielony.jpg","datePublished":"2022-09-12T12:16:58+00:00","dateModified":"2026-02-19T08:39:30+00:00","description":"Zielony d\u0142ugi p\u0142aszcz na guziki uszyty r\u0119cznie, tradycyjnymi metodami, w naszej pracowni w Poznaniu. Pi\u0119kny p\u0142aszcz zimowy.","breadcrumb":{"@id":"https:\/\/talia-fashion.pl\/produkt\/zielony-dlugi-plaszcz-na-guziki-gaja\/#breadcrumb"},"inLanguage":"en-GB","potentialAction":[{"@type":"ReadAction","target":["https:\/\/talia-fashion.pl\/produkt\/zielony-dlugi-plaszcz-na-guziki-gaja\/"]}]},{"@type":"ImageObject","inLanguage":"en-GB","@id":"https:\/\/talia-fashion.pl\/produkt\/zielony-dlugi-plaszcz-na-guziki-gaja\/#primaryimage","url":"https:\/\/talia-fashion.pl\/wp-content\/uploads\/2024\/10\/dlugi-zimowy-plaszcz-zielony.jpg","contentUrl":"https:\/\/talia-fashion.pl\/wp-content\/uploads\/2024\/10\/dlugi-zimowy-plaszcz-zielony.jpg","width":1500,"height":2000,"caption":"Z\u0142ugi p\u0142aszcz damski zimowy zapinany na guziki z wyk\u0142adanym ko\u0142nierzem rewers."},{"@type":"BreadcrumbList","@id":"https:\/\/talia-fashion.pl\/produkt\/zielony-dlugi-plaszcz-na-guziki-gaja\/#breadcrumb","itemListElement":[{"@type":"ListItem","position":1,"name":"Strona g\u0142\u00f3wna","item":"https:\/\/talia-fashion.pl\/"},{"@type":"ListItem","position":2,"name":"Sklep","item":"https:\/\/talia-fashion.pl\/sklep\/"},{"@type":"ListItem","position":3,"name":"Zielony d\u0142ugi p\u0142aszcz na guziki Gaja"}]},{"@type":"WebSite","@id":"https:\/\/talia-fashion.pl\/#website","url":"https:\/\/talia-fashion.pl\/","name":"Talia Fashion","description":"","potentialAction":[{"@type":"SearchAction","target":{"@type":"EntryPoint","urlTemplate":"https:\/\/talia-fashion.pl\/?s={search_term_string}"},"query-input":{"@type":"PropertyValueSpecification","valueRequired":true,"valueName":"search_term_string"}}],"inLanguage":"en-GB"}]}},"_links":{"self":[{"href":"https:\/\/talia-fashion.pl\/en\/wp-json\/wp\/v2\/product\/4488","targetHints":{"allow":["GET"]}}],"collection":[{"href":"https:\/\/talia-fashion.pl\/en\/wp-json\/wp\/v2\/product"}],"about":[{"href":"https:\/\/talia-fashion.pl\/en\/wp-json\/wp\/v2\/types\/product"}],"wp:featuredmedia":[{"embeddable":true,"href":"https:\/\/talia-fashion.pl\/en\/wp-json\/wp\/v2\/media\/615"}],"wp:attachment":[{"href":"https:\/\/talia-fashion.pl\/en\/wp-json\/wp\/v2\/media?parent=4488"}],"wp:term":[{"taxonomy":"product_cat","embeddable":true,"href":"https:\/\/talia-fashion.pl\/en\/wp-json\/wp\/v2\/product_cat?post=4488"},{"taxonomy":"product_tag","embeddable":true,"href":"https:\/\/talia-fashion.pl\/en\/wp-json\/wp\/v2\/product_tag?post=4488"}],"curies":[{"name":"wp","href":"https:\/\/api.w.org\/{rel}","templated":true}]}}