{"id":4444,"date":"2022-03-23T12:50:37","date_gmt":"2022-03-23T11:50:37","guid":{"rendered":"http:\/\/talia-fashion.pl\/produkt\/pomaranczowy-trencz-z-peleryna-vanda\/"},"modified":"2026-02-05T11:13:39","modified_gmt":"2026-02-05T10:13:39","slug":"pomaranczowy-trencz-z-peleryna-vanda","status":"publish","type":"product","link":"https:\/\/talia-fashion.pl\/en\/product\/pomaranczowy-trencz-z-peleryna-vanda\/","title":{"rendered":"Orange trench with cape Vanda"},"content":{"rendered":"<p><span lang=\"DE\">Orange trench with Vanda cape. The raglan-stitched sleeves make this cut appear looser. Oversize single-breasted trench with decorative shoulder and sleeve patches, finished with a button. Tied at the waist. Belt, sewn from the same fabric. Two inset side pockets, finished with a strip. Slit at back. Reverse collar. Contrasting tortoiseshell buttons. Fully lined trench coat. Due to the oversized cut, for those who like more fitted models, we suggest choosing a smaller size. Buy your size for an oversized effect.<br \/>\n<\/span><\/p>\n<p>An extremely fashionable trench proposal in a strong colour. It will go perfectly with both denim trousers and airy dresses. The over-the-knee length of the coat will hide most midi skirts and will look sensational with mini skirts. We recommend this orange-coloured trench as a strong accent to business outfits, which will break up the classic, subdued look.<\/p>\n<p>We suggest which coat model to choose in the tab <a href=\"https:\/\/talia-fashion.pl\/en\/jak-dobrac-plaszcz-do-sylwetki\/\">How do you choose a coat to suit your figure?<\/a><\/p>\n<p><span lang=\"DE\">Actual photo - orange<br \/>\n<\/span><\/p>\n<p>Available colours: orange (L only), pink (XS, M), black (XS, S, M only)<\/p>\n<p><span lang=\"DE\">The colours are presented in our <a href=\"https:\/\/talia-fashion.pl\/en\/paleta-kolorow\/\">Colour palette<\/a>. If in doubt, please contact us.<\/span><\/p>\n<p>The model is wearing size XS and measures 172cm.<\/p>\n<p><span lang=\"DE\">Available sizes: XS, S, M<br \/>\n<\/span><\/p>\n<p><span lang=\"DE\">Indicative dimensions:<\/span><\/p>\n<p>XS - bust: 86-88 \/ hips: 94-96 \/ length: 106 \/ sleeve: 62<br \/>\nS - bust: 90-92 \/ hips: 98-100 \/ length: 106 \/ sleeve: 62<br \/>\nM - bust: 94-96 \/ hips: 102-104 \/ length: 107 \/ sleeve: 62<br \/>\nL - bust: 98-100 \/ hips: 106-108 \/ length: 107 \/ sleeve: 63<br \/>\nXL - bust: 104-106 \/ hips: 112-114 \/ length: 108 \/ sleeve: 64<\/p>\n<p><span lang=\"DE\">Under <a href=\"https:\/\/talia-fashion.pl\/en\/jak-dobrac-rozmiar\/\">How to choose a size? <\/a>we describe how to measure yourself correctly and which size to choose. We recommend!<\/span><br \/>\n<span lang=\"DE\">If you are unsure of your size selection, please contact us.<\/span><\/p>\n<p><span lang=\"DE\">Material: 63% polyester, 33% viscose, 4% elastane<\/span><br \/>\nLining: 100% acetate<br \/>\nLike viscose, acetate is produced from cellulose. Acetate yarn can also be made from recycled cellulose such as paper. The acetate lining is excellent at absorbing moisture and allowing air to pass through. It is coated with an antistatic apprettee and is OEKOtex\u00ae Standard 100 certified.<\/p>\n<p><span lang=\"DE\">In our family-run workshop, we design and sew all the coat models in our range, including the orange Vanda trench with cape. We have been involved in outer garments for over 30 years. We practise traditional craftsmanship and each of our coats is sewn by hand.\u00a0<\/span><\/p>\n<p><span lang=\"DE\">The orange Vanda cape trench should be dry-cleaned. Taking care of your clothes is also an expression of your concern for the environment, so in our short guide <a href=\"https:\/\/talia-fashion.pl\/en\/jak-pielegnowac-i-dbac-o-plaszcz\/\">How to nurture and care for the coat?<\/a>\u00a0 We show you simple methods for keeping your coat in good shape. Proper hanging, weathering and avoiding snags will ensure that your coat stays beautiful for a long time and that you enjoy it for many years to come.<\/span><\/p>\n<p><span lang=\"DE\">We also offer the possibility of <strong>Individual orders<\/strong>With minor modifications at the client's request. We can shorten or lengthen the sleeves, shorten or lengthen the length of the coat. The cost of such a service is determined individually after prior contact and determination of available options.<\/span><\/p>\n<p><strong>An individual order is not subject to exchange or refund.<\/strong><\/p>\n<p><span lang=\"DE\">The lead time depends on the company's current stock and the availability of a given fabric colour. If the given coat is available in the company, the order will be fulfilled very quickly - 2-5 working days. If it is necessary to sew the coat or individualise the order - making alterations or sewing a new coat - the lead time may be extended, up to a maximum of 2 weeks.<\/span><\/p>\n<p>Please be patient as we do not sew coats for stock and we need to sew this coat for you.<\/p>\n<p>Follow our profiles on <a href=\"https:\/\/www.facebook.com\/talia.plaszcze\">Facebook<\/a>\u00a0and\u00a0<a href=\"https:\/\/www.instagram.com\/talia_plaszcze\/\">Instagram<\/a>.<\/p>","protected":false},"excerpt":{"rendered":"<p>Pomara\u0144czowy trencz z peleryn\u0105 Vanda. R\u0119kawy wszyte raglanowo powoduj\u0105, \u017ce fason ten wypada lu\u017aniejszy. Trencz jednorz\u0119dowy o kroju oversize z ozdobnymi patkami&hellip;<\/p>","protected":false},"featured_media":602,"template":"","meta":{"_acf_changed":false},"product_cat":[104],"product_tag":[78,33,34,39,40,80,41,42,43,44,45,164,83,47,84,49,50,69,52,114,97,88],"class_list":{"0":"post-4444","1":"product","2":"type-product","3":"status-publish","4":"has-post-thumbnail","6":"product_cat-ostatnie-sztuki","7":"product_tag-dla-roznych-sylwetek","8":"product_tag-dwurzedowy","9":"product_tag-handmade","10":"product_tag-klasyczny","11":"product_tag-kolnierz","12":"product_tag-luzny-kroj","13":"product_tag-na-podszewce","14":"product_tag-nowosc","15":"product_tag-plaszcz-damski","16":"product_tag-plaszcz-damski-dlugi","17":"product_tag-plaszcz-dlugi","18":"product_tag-plaszcz-jednorzedowy","19":"product_tag-plaszcz-luzny","20":"product_tag-plaszcz-na-guziki","21":"product_tag-plaszcz-oversizowy","22":"product_tag-plaszcz-wiosenny","23":"product_tag-plaszcz-z-rewersem","24":"product_tag-prochowiec","25":"product_tag-szylkretowe-guziki","26":"product_tag-tencel","27":"product_tag-trencz","28":"product_tag-wiazany","30":"first","31":"instock","32":"shipping-taxable","33":"purchasable","34":"product-type-variable","35":"has-default-attributes"},"acf":[],"yoast_head":"<!-- This site is optimized with the Yoast SEO plugin v25.7 - https:\/\/yoast.com\/wordpress\/plugins\/seo\/ -->\n<title>Pomara\u0144czowy trencz z peleryn\u0105 Vanda - Talia Fashion - d\u0142ugi p\u0142aszcz<\/title>\n<meta name=\"description\" content=\"Pomara\u0144czowy trencz z peleryn\u0105 Vanda to lu\u017any trencz jednorz\u0119dowy wi\u0105zany w pasie. Raglanowe r\u0119kawy, ko\u0142nierz typu rewers, ozdobne patki. Mocny kolor.\" \/>\n<meta name=\"robots\" content=\"index, follow, max-snippet:-1, max-image-preview:large, max-video-preview:-1\" \/>\n<link rel=\"canonical\" href=\"https:\/\/talia-fashion.pl\/en\/product\/pomaranczowy-trencz-z-peleryna-vanda\/\" \/>\n<meta property=\"og:locale\" content=\"en_GB\" \/>\n<meta property=\"og:type\" content=\"article\" \/>\n<meta property=\"og:title\" content=\"Pomara\u0144czowy trencz z peleryn\u0105 Vanda - Talia Fashion - d\u0142ugi p\u0142aszcz\" \/>\n<meta property=\"og:description\" content=\"Pomara\u0144czowy trencz z peleryn\u0105 Vanda to lu\u017any trencz jednorz\u0119dowy wi\u0105zany w pasie. Raglanowe r\u0119kawy, ko\u0142nierz typu rewers, ozdobne patki. Mocny kolor.\" \/>\n<meta property=\"og:url\" content=\"https:\/\/talia-fashion.pl\/en\/product\/pomaranczowy-trencz-z-peleryna-vanda\/\" \/>\n<meta property=\"og:site_name\" content=\"Talia Fashion\" \/>\n<meta property=\"article:modified_time\" content=\"2026-02-05T10:13:39+00:00\" \/>\n<meta property=\"og:image\" content=\"https:\/\/talia-fashion.pl\/wp-content\/uploads\/2024\/10\/pomaranczowy_trencz_peleryna_jednorzedowy_dlugi.jpg\" \/>\n\t<meta property=\"og:image:width\" content=\"1500\" \/>\n\t<meta property=\"og:image:height\" content=\"2000\" \/>\n\t<meta property=\"og:image:type\" content=\"image\/jpeg\" \/>\n<meta name=\"twitter:card\" content=\"summary_large_image\" \/>\n<meta name=\"twitter:label1\" content=\"Estimated reading time\" \/>\n\t<meta name=\"twitter:data1\" content=\"3 minutes\" \/>\n<script type=\"application\/ld+json\" class=\"yoast-schema-graph\">{\"@context\":\"https:\/\/schema.org\",\"@graph\":[{\"@type\":\"WebPage\",\"@id\":\"https:\/\/talia-fashion.pl\/produkt\/pomaranczowy-trencz-z-peleryna-vanda\/\",\"url\":\"https:\/\/talia-fashion.pl\/produkt\/pomaranczowy-trencz-z-peleryna-vanda\/\",\"name\":\"Pomara\u0144czowy trencz z peleryn\u0105 Vanda - Talia Fashion - d\u0142ugi p\u0142aszcz\",\"isPartOf\":{\"@id\":\"https:\/\/talia-fashion.pl\/#website\"},\"primaryImageOfPage\":{\"@id\":\"https:\/\/talia-fashion.pl\/produkt\/pomaranczowy-trencz-z-peleryna-vanda\/#primaryimage\"},\"image\":{\"@id\":\"https:\/\/talia-fashion.pl\/produkt\/pomaranczowy-trencz-z-peleryna-vanda\/#primaryimage\"},\"thumbnailUrl\":\"https:\/\/talia-fashion.pl\/wp-content\/uploads\/2024\/10\/pomaranczowy_trencz_peleryna_jednorzedowy_dlugi.jpg\",\"datePublished\":\"2022-03-23T11:50:37+00:00\",\"dateModified\":\"2026-02-05T10:13:39+00:00\",\"description\":\"Pomara\u0144czowy trencz z peleryn\u0105 Vanda to lu\u017any trencz jednorz\u0119dowy wi\u0105zany w pasie. Raglanowe r\u0119kawy, ko\u0142nierz typu rewers, ozdobne patki. Mocny kolor.\",\"breadcrumb\":{\"@id\":\"https:\/\/talia-fashion.pl\/produkt\/pomaranczowy-trencz-z-peleryna-vanda\/#breadcrumb\"},\"inLanguage\":\"en-GB\",\"potentialAction\":[{\"@type\":\"ReadAction\",\"target\":[\"https:\/\/talia-fashion.pl\/produkt\/pomaranczowy-trencz-z-peleryna-vanda\/\"]}]},{\"@type\":\"ImageObject\",\"inLanguage\":\"en-GB\",\"@id\":\"https:\/\/talia-fashion.pl\/produkt\/pomaranczowy-trencz-z-peleryna-vanda\/#primaryimage\",\"url\":\"https:\/\/talia-fashion.pl\/wp-content\/uploads\/2024\/10\/pomaranczowy_trencz_peleryna_jednorzedowy_dlugi.jpg\",\"contentUrl\":\"https:\/\/talia-fashion.pl\/wp-content\/uploads\/2024\/10\/pomaranczowy_trencz_peleryna_jednorzedowy_dlugi.jpg\",\"width\":1500,\"height\":2000,\"caption\":\"D\u0142ugi, jednorz\u0119dowy trencz w modnym kolorze pomara\u0144czowym. Lu\u017any fason, wi\u0105zany. Dopamine dressing.\"},{\"@type\":\"BreadcrumbList\",\"@id\":\"https:\/\/talia-fashion.pl\/produkt\/pomaranczowy-trencz-z-peleryna-vanda\/#breadcrumb\",\"itemListElement\":[{\"@type\":\"ListItem\",\"position\":1,\"name\":\"Strona g\u0142\u00f3wna\",\"item\":\"https:\/\/talia-fashion.pl\/\"},{\"@type\":\"ListItem\",\"position\":2,\"name\":\"Sklep\",\"item\":\"https:\/\/talia-fashion.pl\/sklep\/\"},{\"@type\":\"ListItem\",\"position\":3,\"name\":\"Pomara\u0144czowy trencz z peleryn\u0105 Vanda\"}]},{\"@type\":\"WebSite\",\"@id\":\"https:\/\/talia-fashion.pl\/#website\",\"url\":\"https:\/\/talia-fashion.pl\/\",\"name\":\"Talia Fashion\",\"description\":\"\",\"potentialAction\":[{\"@type\":\"SearchAction\",\"target\":{\"@type\":\"EntryPoint\",\"urlTemplate\":\"https:\/\/talia-fashion.pl\/?s={search_term_string}\"},\"query-input\":{\"@type\":\"PropertyValueSpecification\",\"valueRequired\":true,\"valueName\":\"search_term_string\"}}],\"inLanguage\":\"en-GB\"}]}<\/script>\n<!-- \/ Yoast SEO plugin. -->","yoast_head_json":{"title":"Pomara\u0144czowy trencz z peleryn\u0105 Vanda - Talia Fashion - d\u0142ugi p\u0142aszcz","description":"Pomara\u0144czowy trencz z peleryn\u0105 Vanda to lu\u017any trencz jednorz\u0119dowy wi\u0105zany w pasie. Raglanowe r\u0119kawy, ko\u0142nierz typu rewers, ozdobne patki. Mocny kolor.","robots":{"index":"index","follow":"follow","max-snippet":"max-snippet:-1","max-image-preview":"max-image-preview:large","max-video-preview":"max-video-preview:-1"},"canonical":"https:\/\/talia-fashion.pl\/en\/product\/pomaranczowy-trencz-z-peleryna-vanda\/","og_locale":"en_GB","og_type":"article","og_title":"Pomara\u0144czowy trencz z peleryn\u0105 Vanda - Talia Fashion - d\u0142ugi p\u0142aszcz","og_description":"Pomara\u0144czowy trencz z peleryn\u0105 Vanda to lu\u017any trencz jednorz\u0119dowy wi\u0105zany w pasie. Raglanowe r\u0119kawy, ko\u0142nierz typu rewers, ozdobne patki. Mocny kolor.","og_url":"https:\/\/talia-fashion.pl\/en\/product\/pomaranczowy-trencz-z-peleryna-vanda\/","og_site_name":"Talia Fashion","article_modified_time":"2026-02-05T10:13:39+00:00","og_image":[{"width":1500,"height":2000,"url":"https:\/\/talia-fashion.pl\/wp-content\/uploads\/2024\/10\/pomaranczowy_trencz_peleryna_jednorzedowy_dlugi.jpg","type":"image\/jpeg"}],"twitter_card":"summary_large_image","twitter_misc":{"Estimated reading time":"3 minutes"},"schema":{"@context":"https:\/\/schema.org","@graph":[{"@type":"WebPage","@id":"https:\/\/talia-fashion.pl\/produkt\/pomaranczowy-trencz-z-peleryna-vanda\/","url":"https:\/\/talia-fashion.pl\/produkt\/pomaranczowy-trencz-z-peleryna-vanda\/","name":"Pomara\u0144czowy trencz z peleryn\u0105 Vanda - Talia Fashion - d\u0142ugi p\u0142aszcz","isPartOf":{"@id":"https:\/\/talia-fashion.pl\/#website"},"primaryImageOfPage":{"@id":"https:\/\/talia-fashion.pl\/produkt\/pomaranczowy-trencz-z-peleryna-vanda\/#primaryimage"},"image":{"@id":"https:\/\/talia-fashion.pl\/produkt\/pomaranczowy-trencz-z-peleryna-vanda\/#primaryimage"},"thumbnailUrl":"https:\/\/talia-fashion.pl\/wp-content\/uploads\/2024\/10\/pomaranczowy_trencz_peleryna_jednorzedowy_dlugi.jpg","datePublished":"2022-03-23T11:50:37+00:00","dateModified":"2026-02-05T10:13:39+00:00","description":"Pomara\u0144czowy trencz z peleryn\u0105 Vanda to lu\u017any trencz jednorz\u0119dowy wi\u0105zany w pasie. Raglanowe r\u0119kawy, ko\u0142nierz typu rewers, ozdobne patki. Mocny kolor.","breadcrumb":{"@id":"https:\/\/talia-fashion.pl\/produkt\/pomaranczowy-trencz-z-peleryna-vanda\/#breadcrumb"},"inLanguage":"en-GB","potentialAction":[{"@type":"ReadAction","target":["https:\/\/talia-fashion.pl\/produkt\/pomaranczowy-trencz-z-peleryna-vanda\/"]}]},{"@type":"ImageObject","inLanguage":"en-GB","@id":"https:\/\/talia-fashion.pl\/produkt\/pomaranczowy-trencz-z-peleryna-vanda\/#primaryimage","url":"https:\/\/talia-fashion.pl\/wp-content\/uploads\/2024\/10\/pomaranczowy_trencz_peleryna_jednorzedowy_dlugi.jpg","contentUrl":"https:\/\/talia-fashion.pl\/wp-content\/uploads\/2024\/10\/pomaranczowy_trencz_peleryna_jednorzedowy_dlugi.jpg","width":1500,"height":2000,"caption":"D\u0142ugi, jednorz\u0119dowy trencz w modnym kolorze pomara\u0144czowym. Lu\u017any fason, wi\u0105zany. Dopamine dressing."},{"@type":"BreadcrumbList","@id":"https:\/\/talia-fashion.pl\/produkt\/pomaranczowy-trencz-z-peleryna-vanda\/#breadcrumb","itemListElement":[{"@type":"ListItem","position":1,"name":"Strona g\u0142\u00f3wna","item":"https:\/\/talia-fashion.pl\/"},{"@type":"ListItem","position":2,"name":"Sklep","item":"https:\/\/talia-fashion.pl\/sklep\/"},{"@type":"ListItem","position":3,"name":"Pomara\u0144czowy trencz z peleryn\u0105 Vanda"}]},{"@type":"WebSite","@id":"https:\/\/talia-fashion.pl\/#website","url":"https:\/\/talia-fashion.pl\/","name":"Talia Fashion","description":"","potentialAction":[{"@type":"SearchAction","target":{"@type":"EntryPoint","urlTemplate":"https:\/\/talia-fashion.pl\/?s={search_term_string}"},"query-input":{"@type":"PropertyValueSpecification","valueRequired":true,"valueName":"search_term_string"}}],"inLanguage":"en-GB"}]}},"_links":{"self":[{"href":"https:\/\/talia-fashion.pl\/en\/wp-json\/wp\/v2\/product\/4444","targetHints":{"allow":["GET"]}}],"collection":[{"href":"https:\/\/talia-fashion.pl\/en\/wp-json\/wp\/v2\/product"}],"about":[{"href":"https:\/\/talia-fashion.pl\/en\/wp-json\/wp\/v2\/types\/product"}],"wp:featuredmedia":[{"embeddable":true,"href":"https:\/\/talia-fashion.pl\/en\/wp-json\/wp\/v2\/media\/602"}],"wp:attachment":[{"href":"https:\/\/talia-fashion.pl\/en\/wp-json\/wp\/v2\/media?parent=4444"}],"wp:term":[{"taxonomy":"product_cat","embeddable":true,"href":"https:\/\/talia-fashion.pl\/en\/wp-json\/wp\/v2\/product_cat?post=4444"},{"taxonomy":"product_tag","embeddable":true,"href":"https:\/\/talia-fashion.pl\/en\/wp-json\/wp\/v2\/product_tag?post=4444"}],"curies":[{"name":"wp","href":"https:\/\/api.w.org\/{rel}","templated":true}]}}