{"id":4422,"date":"2022-03-22T18:48:31","date_gmt":"2022-03-22T17:48:31","guid":{"rendered":"http:\/\/talia-fashion.pl\/produkt\/zimowy-plaszcz-trencz-w-kolorze-ecru-z-welny-vanda\/"},"modified":"2026-02-05T07:22:39","modified_gmt":"2026-02-05T06:22:39","slug":"zimowy-plaszcz-trencz-w-kolorze-ecru-z-welny-vanda","status":"publish","type":"product","link":"https:\/\/talia-fashion.pl\/en\/product\/zimowy-plaszcz-trencz-w-kolorze-ecru-z-welny-vanda\/","title":{"rendered":"Vanda wool ecru winter trench coat"},"content":{"rendered":"<p><span lang=\"DE\">Zimowy p\u0142aszcz trencz w kolorze ecru z we\u0142ny Vanda z raglanowymi r\u0119kawami, jednorz\u0119dowy zapinany na guziki. Obowi\u0105zkowa, zimowa pozycja w szafie ka\u017cdej kobiety. Model w stylu oversize o lu\u017anym, wygodnym kroju, ozdobne patki na ramionach oraz w wyko\u0144czeniu r\u0119kaw\u00f3w. Dwie boczne, uko\u015bne kieszenie zako\u0144czone szerok\u0105 listw\u0105. Pasek uszyty z tej samej tkaniny, do podkre\u015blenia talii. Rozci\u0119cie z ty\u0142u. P\u0142aszcz na podszewce. Dodatkowo ocieplany. W przypadku os\u00f3b lubi\u0105cych bardziej dopasowane fasony, sugerujemy wyb\u00f3r mniejszego rozmiaru.<\/span><\/p>\n<p>Wy\u015bmienita propozycja dla pa\u0144 lubi\u0105cych wygod\u0119, a tak\u017ce nieco nonszalancki look. Prochowiec \u015bwietnie komponuje si\u0119 zar\u00f3wno z eleganckim jak i sportowym strojem. Daje w\u0142a\u015bciwie nieograniczone mo\u017cliwo\u015bci w tworzeniu stylizacji, od sukienek po jeansy. Pasek znakomicie podkre\u015bli tali\u0119 a uniwersalny kolor b\u0119dzie pasowa\u0142 do wielu zestawie\u0144. Ponadczasowa moda z my\u015bl\u0105 o wszechstronno\u015bci i funkcjonalno\u015bci.<\/p>\n<p>We have included tips on which coat cut to choose: <a href=\"https:\/\/talia-fashion.pl\/en\/jak-dobrac-plaszcz-do-sylwetki\/\">Jak dobra\u0107 p\u0142aszcz do sylwetki\u00a0<\/a><\/p>\n<p><span lang=\"DE\">Zdj\u0119cie rzeczywiste &#8211; ecru<\/span><\/p>\n<p>Kolory dost\u0119pne: ecru (brak), karmel (brak), czarny (tylko XS)<\/p>\n<p><span lang=\"DE\">The colours are presented in our <a href=\"https:\/\/talia-fashion.pl\/en\/paleta-kolorow\/\">Colour palette<\/a>. If in doubt, please contact us.<\/span><\/p>\n<p><span lang=\"DE\">Available sizes: XS, S, M, L<\/span><\/p>\n<p><span lang=\"DE\">Indicative dimensions:<\/span><\/p>\n<p>XS &#8211; biust: 86-88 \/ biodra: 94-96 \/ d\u0142ugo\u015b\u0107: 108 \/ r\u0119kaw: 62<br \/>\nS &#8211; biust: 90-92 \/ biodra: 98-100 \/ d\u0142ugo\u015b\u0107: 108 \/ r\u0119kaw: 62<br \/>\nM &#8211; biust: 94-96\u00a0\u00a0\/ biodra: 102-104 \/ d\u0142ugo\u015b\u0107: 109 \/ r\u0119kaw: 62<br \/>\nL &#8211; biust: 98-100 \/ biodra: 106-108 \/ d\u0142ugo\u015b\u0107: 110 \/ r\u0119kaw: 63<br \/>\nXL &#8211; biust: 104-106 \/ biodra: 112-114 \/ d\u0142ugo\u015b\u0107: 111 \/ r\u0119kaw: 64<\/p>\n<p><span lang=\"DE\">What size to choose and how to measure yourself are suggested in our short guide: <a href=\"https:\/\/talia-fashion.pl\/en\/jak-dobrac-rozmiar\/\">How to choose a size?<\/a><\/span><br \/>\n<span lang=\"DE\">If you are unsure of your size selection, please contact us.<\/span><\/p>\n<p><span lang=\"DE\">Material: 80% wool, 20% polyamide<\/span><br \/>\nLining: 100% acetate<\/p>\n<p>Like viscose, acetate is produced from cellulose. Acetate yarn can also be made from recycled cellulose such as paper. The acetate lining is excellent at absorbing moisture and allowing air to pass through. It is coated with an antistatic apprettee and is OEKOtex\u00ae Standard 100 certified.<\/p>\n<p>Insulation: 100% non-woven recycled polyester<br \/>\nOur coats are insulated with a compressed thermo-insulating quilted fleece on the lining. The fleece is made from polyester fibres produced from recycled materials. The material is lightweight, thin and at the same time perfectly insulating. The insulating fleece we use is resistant to moisture (it retains its insulating properties and warming effect even in damp conditions), stops the wind, is hypoallergenic and breathable, and is OEKOtex\u00ae Standard 100 certified.<\/p>\n<p><span lang=\"DE\">Zimowy p\u0142aszcz trencz w kolorze ecru z we\u0142ny Vanda zosta\u0142 zaprojektowany i uszyty r\u0119cznie w naszej rodzinnej pracowni. Uprawiamy tradycyjne krawiectwo od ponad 30 lat.<\/span><\/p>\n<p><span lang=\"DE\">The coat should be dry-cleaned. Proper care, hanging and avoiding snags will ensure that your coat remains beautiful for a long time. Take a look at our tab: <a href=\"https:\/\/talia-fashion.pl\/en\/jak-pielegnowac-i-dbac-o-plaszcz\/\">How to nurture and care for the coat?<\/a>, where we have included simple methods for enjoying your coat for a long time. And to refresh your wool frequently, we recommend the following\u00a0<a href=\"https:\/\/talia-fashion.pl\/en\/product\/szczotka-do-czyszczenia-i-pielegnacji-plaszcza\/\">Brush for cleaning and care of the coat,<\/a> which can be purchased in our shop.<\/span><\/p>\n<p><span lang=\"DE\">There is also the possibility of <strong>Individual orders<\/strong>, i.e. with minor modifications at the client's request. We can shorten or lengthen the sleeves, shorten or lengthen the length of the coat. The cost of such a service is determined individually after prior contact and determination of possible options.<\/span><\/p>\n<p><strong>An individual order is not subject to exchange or refund.<\/strong><\/p>\n<p><span lang=\"DE\">The lead time depends on the current stock in the atelier and the availability of the fabric colour in question. If the given coat is available in the atelier, the order will be fulfilled very quickly - 2-5 working days. If it is necessary to sew the coat or individualise the order - making alterations or sewing a new coat - the lead time may be extended, up to a maximum of 2 weeks.<\/span><\/p>\n<p>We practice traditional craftsmanship and each of our coats is sewn by hand. For this reason, we do not sew coats for stock, so please be patient - we need to sew this coat for you. Thank you for supporting a local business.<\/p>\n<p>We invite you to stay with us for longer and to follow our profiles on <a href=\"https:\/\/www.facebook.com\/talia.plaszcze\">Facebook<\/a>\u00a0and\u00a0<a href=\"https:\/\/www.instagram.com\/talia_plaszcze\/\">Instagram<\/a>.<\/p>","protected":false},"excerpt":{"rendered":"<p>Zimowy p\u0142aszcz trencz w kolorze ecru z we\u0142ny Vanda z raglanowymi r\u0119kawami, jednorz\u0119dowy zapinany na guziki. Obowi\u0105zkowa, zimowa pozycja w szafie ka\u017cdej&hellip;<\/p>","protected":false},"featured_media":592,"template":"","meta":{"_acf_changed":false},"product_cat":[104,29],"product_tag":[78,119,33,34,39,40,93,80,41,105,129,43,44,45,46,83,47,75,84,106,50,95,69,107,52,97,88],"class_list":{"0":"post-4422","1":"product","2":"type-product","3":"status-publish","4":"has-post-thumbnail","6":"product_cat-ostatnie-sztuki","7":"product_cat-sale-plaszcz-damski-w-promocji","8":"product_tag-dla-roznych-sylwetek","9":"product_tag-dlugi-plaszcz-zimowy","10":"product_tag-dwurzedowy","11":"product_tag-handmade","12":"product_tag-klasyczny","13":"product_tag-kolnierz","14":"product_tag-kurtka-zimowa","15":"product_tag-luzny-kroj","16":"product_tag-na-podszewce","17":"product_tag-ostatnie-sztuki","18":"product_tag-outlet","19":"product_tag-plaszcz-damski","20":"product_tag-plaszcz-damski-dlugi","21":"product_tag-plaszcz-dlugi","22":"product_tag-plaszcz-dwurzedowy","23":"product_tag-plaszcz-luzny","24":"product_tag-plaszcz-na-guziki","25":"product_tag-plaszcz-ocieplany","26":"product_tag-plaszcz-oversizowy","27":"product_tag-plaszcz-w-promocji","28":"product_tag-plaszcz-z-rewersem","29":"product_tag-plaszcz-zimowy","30":"product_tag-prochowiec","31":"product_tag-promocje","32":"product_tag-szylkretowe-guziki","33":"product_tag-trencz","34":"product_tag-wiazany","36":"first","37":"instock","38":"sale","39":"shipping-taxable","40":"purchasable","41":"product-type-variable","42":"has-default-attributes"},"acf":[],"yoast_head":"<!-- This site is optimized with the Yoast SEO plugin v25.7 - https:\/\/yoast.com\/wordpress\/plugins\/seo\/ -->\n<title>Zimowy p\u0142aszcz trencz w kolorze ecru z we\u0142ny Vanda - Talia Fashion<\/title>\n<meta name=\"description\" content=\"Zimowy p\u0142aszcz trencz w kolorze ecru z we\u0142ny - ponadczasowy, o oversizowym kroju z raglanowymi r\u0119kawami. Uszyty r\u0119cznie w naszej pracowni.\" \/>\n<meta name=\"robots\" content=\"index, follow, max-snippet:-1, max-image-preview:large, max-video-preview:-1\" \/>\n<link rel=\"canonical\" href=\"https:\/\/talia-fashion.pl\/en\/product\/zimowy-plaszcz-trencz-w-kolorze-ecru-z-welny-vanda\/\" \/>\n<meta property=\"og:locale\" content=\"en_GB\" \/>\n<meta property=\"og:type\" content=\"article\" \/>\n<meta property=\"og:title\" content=\"Zimowy p\u0142aszcz trencz w kolorze ecru z we\u0142ny Vanda - Talia Fashion\" \/>\n<meta property=\"og:description\" content=\"Zimowy p\u0142aszcz trencz w kolorze ecru z we\u0142ny - ponadczasowy, o oversizowym kroju z raglanowymi r\u0119kawami. Uszyty r\u0119cznie w naszej pracowni.\" \/>\n<meta property=\"og:url\" content=\"https:\/\/talia-fashion.pl\/en\/product\/zimowy-plaszcz-trencz-w-kolorze-ecru-z-welny-vanda\/\" \/>\n<meta property=\"og:site_name\" content=\"Talia Fashion\" \/>\n<meta property=\"article:modified_time\" content=\"2026-02-05T06:22:39+00:00\" \/>\n<meta property=\"og:image\" content=\"https:\/\/talia-fashion.pl\/wp-content\/uploads\/2024\/10\/trencz-zimowy-z-welny-ecru.jpg\" \/>\n\t<meta property=\"og:image:width\" content=\"1500\" \/>\n\t<meta property=\"og:image:height\" content=\"2000\" \/>\n\t<meta property=\"og:image:type\" content=\"image\/jpeg\" \/>\n<meta name=\"twitter:card\" content=\"summary_large_image\" \/>\n<meta name=\"twitter:label1\" content=\"Estimated reading time\" \/>\n\t<meta name=\"twitter:data1\" content=\"3 minutes\" \/>\n<script type=\"application\/ld+json\" class=\"yoast-schema-graph\">{\"@context\":\"https:\/\/schema.org\",\"@graph\":[{\"@type\":\"WebPage\",\"@id\":\"https:\/\/talia-fashion.pl\/produkt\/zimowy-plaszcz-trencz-w-kolorze-ecru-z-welny-vanda\/\",\"url\":\"https:\/\/talia-fashion.pl\/produkt\/zimowy-plaszcz-trencz-w-kolorze-ecru-z-welny-vanda\/\",\"name\":\"Zimowy p\u0142aszcz trencz w kolorze ecru z we\u0142ny Vanda - Talia Fashion\",\"isPartOf\":{\"@id\":\"https:\/\/talia-fashion.pl\/#website\"},\"primaryImageOfPage\":{\"@id\":\"https:\/\/talia-fashion.pl\/produkt\/zimowy-plaszcz-trencz-w-kolorze-ecru-z-welny-vanda\/#primaryimage\"},\"image\":{\"@id\":\"https:\/\/talia-fashion.pl\/produkt\/zimowy-plaszcz-trencz-w-kolorze-ecru-z-welny-vanda\/#primaryimage\"},\"thumbnailUrl\":\"https:\/\/talia-fashion.pl\/wp-content\/uploads\/2024\/10\/trencz-zimowy-z-welny-ecru.jpg\",\"datePublished\":\"2022-03-22T17:48:31+00:00\",\"dateModified\":\"2026-02-05T06:22:39+00:00\",\"description\":\"Zimowy p\u0142aszcz trencz w kolorze ecru z we\u0142ny - ponadczasowy, o oversizowym kroju z raglanowymi r\u0119kawami. Uszyty r\u0119cznie w naszej pracowni.\",\"breadcrumb\":{\"@id\":\"https:\/\/talia-fashion.pl\/produkt\/zimowy-plaszcz-trencz-w-kolorze-ecru-z-welny-vanda\/#breadcrumb\"},\"inLanguage\":\"en-GB\",\"potentialAction\":[{\"@type\":\"ReadAction\",\"target\":[\"https:\/\/talia-fashion.pl\/produkt\/zimowy-plaszcz-trencz-w-kolorze-ecru-z-welny-vanda\/\"]}]},{\"@type\":\"ImageObject\",\"inLanguage\":\"en-GB\",\"@id\":\"https:\/\/talia-fashion.pl\/produkt\/zimowy-plaszcz-trencz-w-kolorze-ecru-z-welny-vanda\/#primaryimage\",\"url\":\"https:\/\/talia-fashion.pl\/wp-content\/uploads\/2024\/10\/trencz-zimowy-z-welny-ecru.jpg\",\"contentUrl\":\"https:\/\/talia-fashion.pl\/wp-content\/uploads\/2024\/10\/trencz-zimowy-z-welny-ecru.jpg\",\"width\":1500,\"height\":2000,\"caption\":\"P\u0142aszcz trencz zimowy ocieplany w ponadczasowym stylu w ciekawej kolorystyce.\"},{\"@type\":\"BreadcrumbList\",\"@id\":\"https:\/\/talia-fashion.pl\/produkt\/zimowy-plaszcz-trencz-w-kolorze-ecru-z-welny-vanda\/#breadcrumb\",\"itemListElement\":[{\"@type\":\"ListItem\",\"position\":1,\"name\":\"Strona g\u0142\u00f3wna\",\"item\":\"https:\/\/talia-fashion.pl\/\"},{\"@type\":\"ListItem\",\"position\":2,\"name\":\"Sklep\",\"item\":\"https:\/\/talia-fashion.pl\/sklep\/\"},{\"@type\":\"ListItem\",\"position\":3,\"name\":\"Zimowy p\u0142aszcz trencz w kolorze ecru z we\u0142ny Vanda\"}]},{\"@type\":\"WebSite\",\"@id\":\"https:\/\/talia-fashion.pl\/#website\",\"url\":\"https:\/\/talia-fashion.pl\/\",\"name\":\"Talia Fashion\",\"description\":\"\",\"potentialAction\":[{\"@type\":\"SearchAction\",\"target\":{\"@type\":\"EntryPoint\",\"urlTemplate\":\"https:\/\/talia-fashion.pl\/?s={search_term_string}\"},\"query-input\":{\"@type\":\"PropertyValueSpecification\",\"valueRequired\":true,\"valueName\":\"search_term_string\"}}],\"inLanguage\":\"en-GB\"}]}<\/script>\n<!-- \/ Yoast SEO plugin. -->","yoast_head_json":{"title":"Zimowy p\u0142aszcz trencz w kolorze ecru z we\u0142ny Vanda - Talia Fashion","description":"Zimowy p\u0142aszcz trencz w kolorze ecru z we\u0142ny - ponadczasowy, o oversizowym kroju z raglanowymi r\u0119kawami. Uszyty r\u0119cznie w naszej pracowni.","robots":{"index":"index","follow":"follow","max-snippet":"max-snippet:-1","max-image-preview":"max-image-preview:large","max-video-preview":"max-video-preview:-1"},"canonical":"https:\/\/talia-fashion.pl\/en\/product\/zimowy-plaszcz-trencz-w-kolorze-ecru-z-welny-vanda\/","og_locale":"en_GB","og_type":"article","og_title":"Zimowy p\u0142aszcz trencz w kolorze ecru z we\u0142ny Vanda - Talia Fashion","og_description":"Zimowy p\u0142aszcz trencz w kolorze ecru z we\u0142ny - ponadczasowy, o oversizowym kroju z raglanowymi r\u0119kawami. Uszyty r\u0119cznie w naszej pracowni.","og_url":"https:\/\/talia-fashion.pl\/en\/product\/zimowy-plaszcz-trencz-w-kolorze-ecru-z-welny-vanda\/","og_site_name":"Talia Fashion","article_modified_time":"2026-02-05T06:22:39+00:00","og_image":[{"width":1500,"height":2000,"url":"https:\/\/talia-fashion.pl\/wp-content\/uploads\/2024\/10\/trencz-zimowy-z-welny-ecru.jpg","type":"image\/jpeg"}],"twitter_card":"summary_large_image","twitter_misc":{"Estimated reading time":"3 minutes"},"schema":{"@context":"https:\/\/schema.org","@graph":[{"@type":"WebPage","@id":"https:\/\/talia-fashion.pl\/produkt\/zimowy-plaszcz-trencz-w-kolorze-ecru-z-welny-vanda\/","url":"https:\/\/talia-fashion.pl\/produkt\/zimowy-plaszcz-trencz-w-kolorze-ecru-z-welny-vanda\/","name":"Zimowy p\u0142aszcz trencz w kolorze ecru z we\u0142ny Vanda - Talia Fashion","isPartOf":{"@id":"https:\/\/talia-fashion.pl\/#website"},"primaryImageOfPage":{"@id":"https:\/\/talia-fashion.pl\/produkt\/zimowy-plaszcz-trencz-w-kolorze-ecru-z-welny-vanda\/#primaryimage"},"image":{"@id":"https:\/\/talia-fashion.pl\/produkt\/zimowy-plaszcz-trencz-w-kolorze-ecru-z-welny-vanda\/#primaryimage"},"thumbnailUrl":"https:\/\/talia-fashion.pl\/wp-content\/uploads\/2024\/10\/trencz-zimowy-z-welny-ecru.jpg","datePublished":"2022-03-22T17:48:31+00:00","dateModified":"2026-02-05T06:22:39+00:00","description":"Zimowy p\u0142aszcz trencz w kolorze ecru z we\u0142ny - ponadczasowy, o oversizowym kroju z raglanowymi r\u0119kawami. Uszyty r\u0119cznie w naszej pracowni.","breadcrumb":{"@id":"https:\/\/talia-fashion.pl\/produkt\/zimowy-plaszcz-trencz-w-kolorze-ecru-z-welny-vanda\/#breadcrumb"},"inLanguage":"en-GB","potentialAction":[{"@type":"ReadAction","target":["https:\/\/talia-fashion.pl\/produkt\/zimowy-plaszcz-trencz-w-kolorze-ecru-z-welny-vanda\/"]}]},{"@type":"ImageObject","inLanguage":"en-GB","@id":"https:\/\/talia-fashion.pl\/produkt\/zimowy-plaszcz-trencz-w-kolorze-ecru-z-welny-vanda\/#primaryimage","url":"https:\/\/talia-fashion.pl\/wp-content\/uploads\/2024\/10\/trencz-zimowy-z-welny-ecru.jpg","contentUrl":"https:\/\/talia-fashion.pl\/wp-content\/uploads\/2024\/10\/trencz-zimowy-z-welny-ecru.jpg","width":1500,"height":2000,"caption":"P\u0142aszcz trencz zimowy ocieplany w ponadczasowym stylu w ciekawej kolorystyce."},{"@type":"BreadcrumbList","@id":"https:\/\/talia-fashion.pl\/produkt\/zimowy-plaszcz-trencz-w-kolorze-ecru-z-welny-vanda\/#breadcrumb","itemListElement":[{"@type":"ListItem","position":1,"name":"Strona g\u0142\u00f3wna","item":"https:\/\/talia-fashion.pl\/"},{"@type":"ListItem","position":2,"name":"Sklep","item":"https:\/\/talia-fashion.pl\/sklep\/"},{"@type":"ListItem","position":3,"name":"Zimowy p\u0142aszcz trencz w kolorze ecru z we\u0142ny Vanda"}]},{"@type":"WebSite","@id":"https:\/\/talia-fashion.pl\/#website","url":"https:\/\/talia-fashion.pl\/","name":"Talia Fashion","description":"","potentialAction":[{"@type":"SearchAction","target":{"@type":"EntryPoint","urlTemplate":"https:\/\/talia-fashion.pl\/?s={search_term_string}"},"query-input":{"@type":"PropertyValueSpecification","valueRequired":true,"valueName":"search_term_string"}}],"inLanguage":"en-GB"}]}},"_links":{"self":[{"href":"https:\/\/talia-fashion.pl\/en\/wp-json\/wp\/v2\/product\/4422","targetHints":{"allow":["GET"]}}],"collection":[{"href":"https:\/\/talia-fashion.pl\/en\/wp-json\/wp\/v2\/product"}],"about":[{"href":"https:\/\/talia-fashion.pl\/en\/wp-json\/wp\/v2\/types\/product"}],"wp:featuredmedia":[{"embeddable":true,"href":"https:\/\/talia-fashion.pl\/en\/wp-json\/wp\/v2\/media\/592"}],"wp:attachment":[{"href":"https:\/\/talia-fashion.pl\/en\/wp-json\/wp\/v2\/media?parent=4422"}],"wp:term":[{"taxonomy":"product_cat","embeddable":true,"href":"https:\/\/talia-fashion.pl\/en\/wp-json\/wp\/v2\/product_cat?post=4422"},{"taxonomy":"product_tag","embeddable":true,"href":"https:\/\/talia-fashion.pl\/en\/wp-json\/wp\/v2\/product_tag?post=4422"}],"curies":[{"name":"wp","href":"https:\/\/api.w.org\/{rel}","templated":true}]}}