{"id":4411,"date":"2022-03-22T12:27:17","date_gmt":"2022-03-22T11:27:17","guid":{"rendered":"http:\/\/talia-fashion.pl\/produkt\/wiazany-trencz-klasyczny-dopasowany-hope\/"},"modified":"2026-04-13T08:17:31","modified_gmt":"2026-04-13T06:17:31","slug":"wiazany-trencz-klasyczny-dopasowany-hope","status":"publish","type":"product","link":"https:\/\/talia-fashion.pl\/en\/product\/wiazany-trencz-klasyczny-dopasowany-hope\/","title":{"rendered":"Tiered trench classic fit Hope"},"content":{"rendered":"<p><span lang=\"DE\">Wi\u0105zany trencz klasyczny dopasowany Hope o tradycyjnym, dwurz\u0119dowym zapi\u0119ciu na guziki. Prochowiec dopasowany do sylwetki, taliowany. Dodatkowo tali\u0119 mo\u017cna podkre\u015bli\u0107 paskiem wykonanym z tej samej tkaniny. Na ramionach pagony z naszytym guzikiem, pe\u0142ni\u0105ce funkcj\u0119 ozdoby. Mankiety zako\u0144czone ozdobn\u0105 patk\u0105 z naszytym guzikiem. Dwie, boczne uko\u015bnie wpuszczane kieszenie. Rozci\u0119cie z ty\u0142u. Trencz w ca\u0142o\u015bci na podszewce.<\/span><\/p>\n<p>Klasyczny w kroju prochowiec z dopasowan\u0105, prost\u0105 lini\u0105 ramion znakomicie podkre\u015bli Twoj\u0105 figur\u0119. Zawi\u0105zany pasek nie tylko podkre\u015bli tali\u0119 ale te\u017c optycznie wyd\u0142u\u017cy nogi. Trencz Hope znakomicie b\u0119dzie komponowa\u0142 si\u0119 ze sp\u00f3dnicami czy sukienkami oraz butami na obcasie. Ten ponadczasowy model prochowca r\u00f3wnie znakomicie wygl\u0105da w zestawieniu z d\u017cinsami i trampkami. Jest jak kameleon, dopasuje si\u0119 do twojego nastroju, pogody i oczekiwa\u0144.<\/p>\n<p><span lang=\"DE\">Zdj\u0119cie rzeczywiste &#8211; kremowy<\/span><br \/>\nDost\u0119pne kolory &#8211;\u00a0 kremowy (tylko M)<br \/>\nThe colours are presented in our <a href=\"https:\/\/talia-fashion.pl\/en\/paleta-kolorow\/\">Colour palette,<\/a> a tak\u017ce na zdj\u0119ciach produkt\u00f3w na odr\u0119bnych aukcjach.\u00a0W razie w\u0105tpliwo\u015bci, prosimy o kontakt.<\/p>\n<p><span lang=\"DE\">Dost\u0119pne rozmiary:\u00a0 XS, S, M, L<\/span><\/p>\n<p><span lang=\"DE\">Indicative dimensions:<\/span><br \/>\n<span lang=\"DE\">XS &#8211; biust: 86-88 \/ biodra: 92-94 \/ d\u0142ugo\u015b\u0107: 100 \/ r\u0119kaw: 61<\/span><br \/>\n<span lang=\"DE\">S &#8211; biust: 90-92 \/ biodra: 96-98 \/ d\u0142ugo\u015b\u0107: 100 \/ r\u0119kaw: 61<br \/>\nM &#8211; biust: 94-96\u00a0\u00a0\/ biodra: 100-102 \/ d\u0142ugo\u015b\u0107: 100 \/ r\u0119kaw: 62<br \/>\nL &#8211; biust: 98-100 \/ biodra: 104-106 \/ d\u0142ugo\u015b\u0107: 101 \/ r\u0119kaw: 63<br \/>\nXL &#8211; biust: 104-106 \/ biodra: 110-112 \/ d\u0142ugo\u015b\u0107: 102 \/ r\u0119kaw: 64<\/span><\/p>\n<p><span lang=\"DE\">Co oznaczaj\u0105 wymiary z powy\u017cszej tabeli oraz w jaki spos\u00f3b si\u0119 zmierzy\u0107, umie\u015bcili\u015bmy w zak\u0142adce <a href=\"https:\/\/talia-fashion.pl\/en\/jak-dobrac-rozmiar\/\">How to choose a size?<\/a> <\/span><br \/>\n<span lang=\"DE\">If you are unsure of your size selection, please contact us.<\/span><\/p>\n<p><span lang=\"DE\">Material: 63% polyester, 33% viscose, 4% elastane<\/span><br \/>\nLining: 100% acetate<\/p>\n<p>Like viscose, acetate is produced from cellulose. Acetate yarn can also be made from recycled cellulose such as paper. The acetate lining is excellent at absorbing moisture and allowing air to pass through. It is coated with an antistatic apprettee and is OEKOtex\u00ae Standard 100 certified.<\/p>\n<p>Wi\u0105zany trencz klasyczny dopasowany Hope nale\u017cy czy\u015bci\u0107 chemicznie. W\u0142a\u015bciwe dbanie o odzie\u017c nie tylko przed\u0142u\u017ca jej trwa\u0142o\u015b\u0107 ale r\u00f3wnie\u017c przyczynia si\u0119 do ochrony \u015brodowiska naturalnego.\u00a0 Jak w prosty spos\u00f3b dba\u0107 o p\u0142aszcz by m\u00f3c cieszy\u0107 si\u0119 nim latami podpowiadamy w naszym kr\u00f3tkim poradniku: <a href=\"https:\/\/talia-fashion.pl\/en\/jak-pielegnowac-i-dbac-o-plaszcz\/\">How to nurture and care for the coat?<\/a> Odpowiednie wieszanie, wietrzenie i unikanie zahacze\u0144 sprawi, \u017ce Tw\u00f3j p\u0142aszcz d\u0142ugo pozostanie pi\u0119kny.<\/p>\n<p><span lang=\"DE\">Wszystkie p\u0142aszcze z naszej kolekcji zaprojektowali\u015bmy i uszyli\u015bmy w naszej pracowni, tradycyjnymi i pracoch\u0142onnymi metodami w spos\u00f3b przyjazny dla \u015brodowiska. Ka\u017cdy nasz p\u0142aszczyk jest szyty r\u0119cznie z dba\u0142o\u015bci\u0105 o ka\u017cdy szczeg\u00f3\u0142, dlatego ka\u017cdy z nich jest wyj\u0105tkowy. P\u0142aszcze i kurtki to nasza pasja.\u00a0<\/span><\/p>\n<p>Oferujemy mo\u017cliwo\u015b\u0107 <strong>Individual orders<\/strong>, czyli z drobnymi modyfikacjami na \u017cyczenie Klienta. W p\u0142aszczyku mo\u017cemy skr\u00f3ci\u0107, b\u0105d\u017a wyd\u0142u\u017cy\u0107 r\u0119kawy, skr\u00f3ci\u0107 lub wyd\u0142u\u017cy\u0107 d\u0142ugo\u015b\u0107 p\u0142aszcza. Koszt takiej us\u0142ugi ustalamy indywidualnie po uprzednim kontakcie i ustaleniu dost\u0119pnych opcji.<\/p>\n<p><strong>An individual order is not subject to exchange or refund.<\/strong><\/p>\n<p><span lang=\"DE\">Czas realizacji zam\u00f3wienia uzale\u017cniamy od aktualnego stanu magazynowego w pracowni oraz dost\u0119pno\u015bci danego koloru materia\u0142u. Je\u015bli dany p\u0142aszcz jest dost\u0119pny w pracowni, realizacja zam\u00f3wienia nast\u0105pi bardzo szybko 2-5 dni roboczych. Je\u015bli konieczne jest uszycie p\u0142aszcza lub indywidualizacja zam\u00f3wienia \u2013 wykonanie przer\u00f3bki lub uszycie nowego p\u0142aszcza \u2013 czas realizacji zam\u00f3wienia mo\u017ce ulec wyd\u0142u\u017ceniu, maksymalnie do 2 tygodni.<\/span><\/p>\n<p>Prosimy o cierpliwo\u015b\u0107, musimy uszy\u0107 ten p\u0142aszcz dla Ciebie. Nasze p\u0142aszcze szyjemy r\u0119cznie i wi\u0119kszo\u015bci z nich nie szyjemy na magazyn. Do\u0142o\u017cymy wszelkich stara\u0144 aby jak najszybciej zrealizowa\u0107 zam\u00f3wienie.<\/p>\n<p>Thank you for supporting local crafts.<\/p>\n<p>We encourage you to like our fanpage on\u00a0<a href=\"https:\/\/www.facebook.com\/talia.plaszcze\">Facebook<\/a>\u00a0and <a href=\"https:\/\/www.instagram.com\/talia_plaszcze\/\">Instagram<\/a>.<\/p>","protected":false},"excerpt":{"rendered":"<p>Wi\u0105zany trencz klasyczny dopasowany Hope o tradycyjnym, dwurz\u0119dowym zapi\u0119ciu na guziki. Prochowiec dopasowany do sylwetki, taliowany. Dodatkowo tali\u0119 mo\u017cna podkre\u015bli\u0107 paskiem wykonanym&hellip;<\/p>","protected":false},"featured_media":587,"template":"","meta":{"_acf_changed":false},"product_cat":[104],"product_tag":[32,33,34,39,40,41,42,43,44,46,47,49,50,69,52,97,88],"class_list":{"0":"post-4411","1":"product","2":"type-product","3":"status-publish","4":"has-post-thumbnail","6":"product_cat-ostatnie-sztuki","7":"product_tag-dopasowany-kroj","8":"product_tag-dwurzedowy","9":"product_tag-handmade","10":"product_tag-klasyczny","11":"product_tag-kolnierz","12":"product_tag-na-podszewce","13":"product_tag-nowosc","14":"product_tag-plaszcz-damski","15":"product_tag-plaszcz-damski-dlugi","16":"product_tag-plaszcz-dwurzedowy","17":"product_tag-plaszcz-na-guziki","18":"product_tag-plaszcz-wiosenny","19":"product_tag-plaszcz-z-rewersem","20":"product_tag-prochowiec","21":"product_tag-szylkretowe-guziki","22":"product_tag-trencz","23":"product_tag-wiazany","25":"first","26":"instock","27":"shipping-taxable","28":"purchasable","29":"product-type-variable","30":"has-default-attributes"},"acf":[],"yoast_head":"<!-- This site is optimized with the Yoast SEO plugin v25.7 - https:\/\/yoast.com\/wordpress\/plugins\/seo\/ -->\n<title>Wi\u0105zany trencz klasyczny dopasowany Hope - Talia Fashion<\/title>\n<meta name=\"description\" content=\"Wi\u0105zany trencz klasyczny dopasowany Hope - Podkre\u015blaj\u0105cy sylwetk\u0119, taliowany prochowiec, dodatkowo wi\u0105zany w pasie. Szyty r\u0119cznie.\" \/>\n<meta name=\"robots\" content=\"index, follow, max-snippet:-1, max-image-preview:large, max-video-preview:-1\" \/>\n<link rel=\"canonical\" href=\"https:\/\/talia-fashion.pl\/en\/product\/wiazany-trencz-klasyczny-dopasowany-hope\/\" \/>\n<meta property=\"og:locale\" content=\"en_GB\" \/>\n<meta property=\"og:type\" content=\"article\" \/>\n<meta property=\"og:title\" content=\"Wi\u0105zany trencz klasyczny dopasowany Hope - Talia Fashion\" \/>\n<meta property=\"og:description\" content=\"Wi\u0105zany trencz klasyczny dopasowany Hope - Podkre\u015blaj\u0105cy sylwetk\u0119, taliowany prochowiec, dodatkowo wi\u0105zany w pasie. Szyty r\u0119cznie.\" \/>\n<meta property=\"og:url\" content=\"https:\/\/talia-fashion.pl\/en\/product\/wiazany-trencz-klasyczny-dopasowany-hope\/\" \/>\n<meta property=\"og:site_name\" content=\"Talia Fashion\" \/>\n<meta property=\"article:modified_time\" content=\"2026-04-13T06:17:31+00:00\" \/>\n<meta property=\"og:image\" content=\"https:\/\/talia-fashion.pl\/wp-content\/uploads\/2024\/10\/Wiazany-trencz-klasyczny-dopasowany.jpg\" \/>\n\t<meta property=\"og:image:width\" content=\"1000\" \/>\n\t<meta property=\"og:image:height\" content=\"1500\" \/>\n\t<meta property=\"og:image:type\" content=\"image\/jpeg\" \/>\n<meta name=\"twitter:card\" content=\"summary_large_image\" \/>\n<meta name=\"twitter:label1\" content=\"Estimated reading time\" \/>\n\t<meta name=\"twitter:data1\" content=\"3 minutes\" \/>\n<script type=\"application\/ld+json\" class=\"yoast-schema-graph\">{\"@context\":\"https:\/\/schema.org\",\"@graph\":[{\"@type\":\"WebPage\",\"@id\":\"https:\/\/talia-fashion.pl\/produkt\/wiazany-trencz-klasyczny-dopasowany-hope\/\",\"url\":\"https:\/\/talia-fashion.pl\/produkt\/wiazany-trencz-klasyczny-dopasowany-hope\/\",\"name\":\"Wi\u0105zany trencz klasyczny dopasowany Hope - Talia Fashion\",\"isPartOf\":{\"@id\":\"https:\/\/talia-fashion.pl\/#website\"},\"primaryImageOfPage\":{\"@id\":\"https:\/\/talia-fashion.pl\/produkt\/wiazany-trencz-klasyczny-dopasowany-hope\/#primaryimage\"},\"image\":{\"@id\":\"https:\/\/talia-fashion.pl\/produkt\/wiazany-trencz-klasyczny-dopasowany-hope\/#primaryimage\"},\"thumbnailUrl\":\"https:\/\/talia-fashion.pl\/wp-content\/uploads\/2024\/10\/Wiazany-trencz-klasyczny-dopasowany.jpg\",\"datePublished\":\"2022-03-22T11:27:17+00:00\",\"dateModified\":\"2026-04-13T06:17:31+00:00\",\"description\":\"Wi\u0105zany trencz klasyczny dopasowany Hope - Podkre\u015blaj\u0105cy sylwetk\u0119, taliowany prochowiec, dodatkowo wi\u0105zany w pasie. Szyty r\u0119cznie.\",\"breadcrumb\":{\"@id\":\"https:\/\/talia-fashion.pl\/produkt\/wiazany-trencz-klasyczny-dopasowany-hope\/#breadcrumb\"},\"inLanguage\":\"en-GB\",\"potentialAction\":[{\"@type\":\"ReadAction\",\"target\":[\"https:\/\/talia-fashion.pl\/produkt\/wiazany-trencz-klasyczny-dopasowany-hope\/\"]}]},{\"@type\":\"ImageObject\",\"inLanguage\":\"en-GB\",\"@id\":\"https:\/\/talia-fashion.pl\/produkt\/wiazany-trencz-klasyczny-dopasowany-hope\/#primaryimage\",\"url\":\"https:\/\/talia-fashion.pl\/wp-content\/uploads\/2024\/10\/Wiazany-trencz-klasyczny-dopasowany.jpg\",\"contentUrl\":\"https:\/\/talia-fashion.pl\/wp-content\/uploads\/2024\/10\/Wiazany-trencz-klasyczny-dopasowany.jpg\",\"width\":1000,\"height\":1500,\"caption\":\"Wi\u0105zany trencz klasyczny dopasowany z dwurz\u0119dowym zapi\u0119ciem na szylkretowe guziki wi\u0105zany w pasie.\"},{\"@type\":\"BreadcrumbList\",\"@id\":\"https:\/\/talia-fashion.pl\/produkt\/wiazany-trencz-klasyczny-dopasowany-hope\/#breadcrumb\",\"itemListElement\":[{\"@type\":\"ListItem\",\"position\":1,\"name\":\"Strona g\u0142\u00f3wna\",\"item\":\"https:\/\/talia-fashion.pl\/\"},{\"@type\":\"ListItem\",\"position\":2,\"name\":\"Sklep\",\"item\":\"https:\/\/talia-fashion.pl\/sklep\/\"},{\"@type\":\"ListItem\",\"position\":3,\"name\":\"Wi\u0105zany trencz klasyczny dopasowany Hope\"}]},{\"@type\":\"WebSite\",\"@id\":\"https:\/\/talia-fashion.pl\/#website\",\"url\":\"https:\/\/talia-fashion.pl\/\",\"name\":\"Talia Fashion\",\"description\":\"\",\"potentialAction\":[{\"@type\":\"SearchAction\",\"target\":{\"@type\":\"EntryPoint\",\"urlTemplate\":\"https:\/\/talia-fashion.pl\/?s={search_term_string}\"},\"query-input\":{\"@type\":\"PropertyValueSpecification\",\"valueRequired\":true,\"valueName\":\"search_term_string\"}}],\"inLanguage\":\"en-GB\"}]}<\/script>\n<!-- \/ Yoast SEO plugin. -->","yoast_head_json":{"title":"Wi\u0105zany trencz klasyczny dopasowany Hope - Talia Fashion","description":"Wi\u0105zany trencz klasyczny dopasowany Hope - Podkre\u015blaj\u0105cy sylwetk\u0119, taliowany prochowiec, dodatkowo wi\u0105zany w pasie. Szyty r\u0119cznie.","robots":{"index":"index","follow":"follow","max-snippet":"max-snippet:-1","max-image-preview":"max-image-preview:large","max-video-preview":"max-video-preview:-1"},"canonical":"https:\/\/talia-fashion.pl\/en\/product\/wiazany-trencz-klasyczny-dopasowany-hope\/","og_locale":"en_GB","og_type":"article","og_title":"Wi\u0105zany trencz klasyczny dopasowany Hope - Talia Fashion","og_description":"Wi\u0105zany trencz klasyczny dopasowany Hope - Podkre\u015blaj\u0105cy sylwetk\u0119, taliowany prochowiec, dodatkowo wi\u0105zany w pasie. Szyty r\u0119cznie.","og_url":"https:\/\/talia-fashion.pl\/en\/product\/wiazany-trencz-klasyczny-dopasowany-hope\/","og_site_name":"Talia Fashion","article_modified_time":"2026-04-13T06:17:31+00:00","og_image":[{"width":1000,"height":1500,"url":"https:\/\/talia-fashion.pl\/wp-content\/uploads\/2024\/10\/Wiazany-trencz-klasyczny-dopasowany.jpg","type":"image\/jpeg"}],"twitter_card":"summary_large_image","twitter_misc":{"Estimated reading time":"3 minutes"},"schema":{"@context":"https:\/\/schema.org","@graph":[{"@type":"WebPage","@id":"https:\/\/talia-fashion.pl\/produkt\/wiazany-trencz-klasyczny-dopasowany-hope\/","url":"https:\/\/talia-fashion.pl\/produkt\/wiazany-trencz-klasyczny-dopasowany-hope\/","name":"Wi\u0105zany trencz klasyczny dopasowany Hope - Talia Fashion","isPartOf":{"@id":"https:\/\/talia-fashion.pl\/#website"},"primaryImageOfPage":{"@id":"https:\/\/talia-fashion.pl\/produkt\/wiazany-trencz-klasyczny-dopasowany-hope\/#primaryimage"},"image":{"@id":"https:\/\/talia-fashion.pl\/produkt\/wiazany-trencz-klasyczny-dopasowany-hope\/#primaryimage"},"thumbnailUrl":"https:\/\/talia-fashion.pl\/wp-content\/uploads\/2024\/10\/Wiazany-trencz-klasyczny-dopasowany.jpg","datePublished":"2022-03-22T11:27:17+00:00","dateModified":"2026-04-13T06:17:31+00:00","description":"Wi\u0105zany trencz klasyczny dopasowany Hope - Podkre\u015blaj\u0105cy sylwetk\u0119, taliowany prochowiec, dodatkowo wi\u0105zany w pasie. Szyty r\u0119cznie.","breadcrumb":{"@id":"https:\/\/talia-fashion.pl\/produkt\/wiazany-trencz-klasyczny-dopasowany-hope\/#breadcrumb"},"inLanguage":"en-GB","potentialAction":[{"@type":"ReadAction","target":["https:\/\/talia-fashion.pl\/produkt\/wiazany-trencz-klasyczny-dopasowany-hope\/"]}]},{"@type":"ImageObject","inLanguage":"en-GB","@id":"https:\/\/talia-fashion.pl\/produkt\/wiazany-trencz-klasyczny-dopasowany-hope\/#primaryimage","url":"https:\/\/talia-fashion.pl\/wp-content\/uploads\/2024\/10\/Wiazany-trencz-klasyczny-dopasowany.jpg","contentUrl":"https:\/\/talia-fashion.pl\/wp-content\/uploads\/2024\/10\/Wiazany-trencz-klasyczny-dopasowany.jpg","width":1000,"height":1500,"caption":"Wi\u0105zany trencz klasyczny dopasowany z dwurz\u0119dowym zapi\u0119ciem na szylkretowe guziki wi\u0105zany w pasie."},{"@type":"BreadcrumbList","@id":"https:\/\/talia-fashion.pl\/produkt\/wiazany-trencz-klasyczny-dopasowany-hope\/#breadcrumb","itemListElement":[{"@type":"ListItem","position":1,"name":"Strona g\u0142\u00f3wna","item":"https:\/\/talia-fashion.pl\/"},{"@type":"ListItem","position":2,"name":"Sklep","item":"https:\/\/talia-fashion.pl\/sklep\/"},{"@type":"ListItem","position":3,"name":"Wi\u0105zany trencz klasyczny dopasowany Hope"}]},{"@type":"WebSite","@id":"https:\/\/talia-fashion.pl\/#website","url":"https:\/\/talia-fashion.pl\/","name":"Talia Fashion","description":"","potentialAction":[{"@type":"SearchAction","target":{"@type":"EntryPoint","urlTemplate":"https:\/\/talia-fashion.pl\/?s={search_term_string}"},"query-input":{"@type":"PropertyValueSpecification","valueRequired":true,"valueName":"search_term_string"}}],"inLanguage":"en-GB"}]}},"_links":{"self":[{"href":"https:\/\/talia-fashion.pl\/en\/wp-json\/wp\/v2\/product\/4411","targetHints":{"allow":["GET"]}}],"collection":[{"href":"https:\/\/talia-fashion.pl\/en\/wp-json\/wp\/v2\/product"}],"about":[{"href":"https:\/\/talia-fashion.pl\/en\/wp-json\/wp\/v2\/types\/product"}],"wp:featuredmedia":[{"embeddable":true,"href":"https:\/\/talia-fashion.pl\/en\/wp-json\/wp\/v2\/media\/587"}],"wp:attachment":[{"href":"https:\/\/talia-fashion.pl\/en\/wp-json\/wp\/v2\/media?parent=4411"}],"wp:term":[{"taxonomy":"product_cat","embeddable":true,"href":"https:\/\/talia-fashion.pl\/en\/wp-json\/wp\/v2\/product_cat?post=4411"},{"taxonomy":"product_tag","embeddable":true,"href":"https:\/\/talia-fashion.pl\/en\/wp-json\/wp\/v2\/product_tag?post=4411"}],"curies":[{"name":"wp","href":"https:\/\/api.w.org\/{rel}","templated":true}]}}