{"id":4402,"date":"2022-03-21T12:42:25","date_gmt":"2022-03-21T11:42:25","guid":{"rendered":"http:\/\/talia-fashion.pl\/produkt\/dwurzedowa-kurtka-w-stylu-marynarki-barcelona\/"},"modified":"2026-02-13T10:39:27","modified_gmt":"2026-02-13T09:39:27","slug":"dwurzedowa-kurtka-w-stylu-marynarki-barcelona","status":"publish","type":"product","link":"https:\/\/talia-fashion.pl\/en\/product\/dwurzedowa-kurtka-w-stylu-marynarki-barcelona\/","title":{"rendered":"Dwurz\u0119dowa kurtka w stylu marynarki Barcelona"},"content":{"rendered":"<p>Dwurz\u0119dowa kurtka w stylu marynarki Barcelona z szylkretowymi guzikami. Prosty fason z delikatnie taliowanym ty\u0142em. Klasycznie wszyte r\u0119kawy, prosta linia ramion. Ko\u0144ce r\u0119kaw\u00f3w ozdobione guzikami. Model bez paska. Uko\u015bnie wszyte kieszenie. Ozdobne patki na przodzie, nad kieszeniami. Doskonale wywa\u017cona proporcja wyk\u0142adanego ko\u0142nierza typu rewers. Kurtka w ca\u0142o\u015bci na podszewce.<\/p>\n<p>Kr\u00f3tki, lu\u017any fason Barcelony stanowi alternatyw\u0119 dla klasycznego trencza na cieplejsze, wiosenne dni. Na ch\u0142odniejsz\u0105 wiosn\u0119, Barcelona idealnie wpasuje si\u0119 pod oversizowy trencz i spe\u0142ni rol\u0119 marynarki. Doskonale komponuje si\u0119 ze spodniami i nieformalnym outfitem, natomiast bardziej eleganckiej i formalnej kreacji dodaje niezwyk\u0142ego szyku. Dwurz\u0119dowa kurtka w stylu marynarki r\u00f3wnie\u017c doskonale odnajdzie si\u0119 w towarzystwie sp\u00f3dniczek, sukienek i zwiewnych kreacji, stanowi\u0105c wierzchnie okrycie w letnie wieczory. Wybieraj\u0105c kurtk\u0119 o wi\u0119kszym rozmiarze uzyskasz niezwykle modny w tym sezonie efekt przerysowania.<\/p>\n<p>Kr\u00f3tkie wskaz\u00f3wki doboru p\u0142aszcza do figury umie\u015bcili\u015bmy w zak\u0142adce <a href=\"https:\/\/talia-fashion.pl\/en\/jak-dobrac-plaszcz-do-sylwetki\/\">How do you choose a coat to suit your figure?<\/a><\/p>\n<p>Actual photo - cream<br \/>\nThe colours are presented in our <a href=\"https:\/\/talia-fashion.pl\/en\/paleta-kolorow\/\">Colour palette<\/a> As well as in the pictures of coats in other cuts. If in doubt, please do not hesitate to contact us.<\/p>\n<p>Available sizes: XS, S, M, L<\/p>\n<p>Indicative dimensions:<\/p>\n<p>XS &#8211; biust: 86-88 \/ biodra: 94-96 \/ d\u0142ugo\u015b\u0107: 79 \/ szeroko\u015b\u0107 ramion 34,5-35 \/ r\u0119kaw: 61<br \/>\nS - bust: 90-92 \/ hips: 98-100 \/ length: 80 \/ shoulder width 35.5-36 \/ sleeve: 62<br \/>\nM &#8211; biust: 94-96 \/ biodra: 102-104 \/ d\u0142ugo\u015b\u0107: 80\/ \u00a0szeroko\u015b\u0107 ramion 37-37,5 \/ r\u0119kaw: 62<br \/>\nL - bust: 98-100 \/ hips: 106-108 \/ length: 81 \/ shoulder width 39.5-40 \/ sleeve: 63<br \/>\nXL - bust: 104-106 \/ hips: 112-114 \/ length: 81 \/ shoulder width 42-42.5 \/ sleeve: 63<\/p>\n<p>W jaki spos\u00f3b si\u0119 zmierzy\u0107 i jak dobra\u0107 rozmiar p\u0142aszcza podpowiadamy w naszym kr\u00f3tkim poradniku <a href=\"https:\/\/talia-fashion.pl\/en\/jak-dobrac-rozmiar\/\">How to choose a size?<\/a>\u00a0If you are unsure about the size, please contact us.<\/p>\n<p><span lang=\"DE\">Material: <\/span><span lang=\"DE\">63% polyester, 33% viscose, 4% elastane<\/span><br \/>\nLining: 100% acetate<\/p>\n<p>Like viscose, acetate is produced from cellulose. Acetate yarn can also be made from recycled cellulose such as paper. The acetate lining is excellent at absorbing moisture and allowing air to pass through. It is coated with an antistatic apprettee and is OEKOtex\u00ae Standard 100 certified.<\/p>\n<p>Wszystkie nasze p\u0142aszcze zaprojektowali\u015bmy i uszyli\u015bmy w naszej rodzinnej pracowni. Od ponad 30 lat uprawiamy tradycyjne rzemios\u0142o specjalizuj\u0105c si\u0119 w kurtkach i p\u0142aszczach. To nasza pasja. Ka\u017cdy nasz p\u0142aszcz szyjemy r\u0119cznie, zwracaj\u0105c uwag\u0119 na ka\u017cdy detal.<\/p>\n<p>Dwurz\u0119dow\u0105 kurtk\u0119 w stylu marynarki Barcelona nale\u017cy czy\u015bci\u0107 chemicznie. Dodatkowe wskaz\u00f3wki jak w prosty spos\u00f3b dba\u0107 o p\u0142aszcz by m\u00f3c cieszy\u0107 si\u0119 nim latami umie\u015bcili\u015bmy w linku <a href=\"https:\/\/talia-fashion.pl\/en\/jak-pielegnowac-i-dbac-o-plaszcz\/\">How to nurture and care for the coat?<\/a> Proper hanging, airing and avoiding snagging will ensure that your coat stays beautiful for a long time. With proper care, you are prolonging the life of your wardrobe and helping to protect the environment.<\/p>\n<p>Istnieje r\u00f3wnie\u017c mo\u017cliwo\u015b\u0107 dokonania <strong>Individual order<\/strong> and make certain modifications at the client's special request (shortening\/ lengthening of sleeves, shortening\/ lengthening of coat). The options available and the cost of such a service, is determined individually, after prior contact.<br \/>\n<strong>An individual order is not subject to exchange or refund.<\/strong><\/p>\n<p>The delivery time depends on the current stock in the atelier and the availability of the given colour of material. If the given coat is available in the atelier, the order will be fulfilled very quickly - 2-5 working days. If it is necessary to sew the coat or individualise the order - making alterations or sewing a new coat - the lead time may be extended, up to a maximum of 2 weeks.<\/p>\n<p>Prosimy o cierpliwo\u015b\u0107, uprawiamy tradycyjne krawiectwo i musimy uszy\u0107 ten p\u0142aszczyk dla Ciebie.<br \/>\nThank you!<\/p>\n<p>Zosta\u0144 z nami i obserwuj nas na <a href=\"https:\/\/www.facebook.com\/talia.plaszcze\">Facebook<\/a> and <a href=\"https:\/\/www.instagram.com\/talia_plaszcze\/\">Instagram<\/a>.<\/p>","protected":false},"excerpt":{"rendered":"<p>Dwurz\u0119dowa kurtka w stylu marynarki Barcelona z szylkretowymi guzikami. Prosty fason z delikatnie taliowanym ty\u0142em. Klasycznie wszyte r\u0119kawy, prosta linia ramion. Ko\u0144ce&hellip;<\/p>","protected":false},"featured_media":582,"template":"","meta":{"_acf_changed":false},"product_cat":[55],"product_tag":[78,33,34,39,74,80,116,41,42,43,83,47,84,49,50,51,52,97],"class_list":{"0":"post-4402","1":"product","2":"type-product","3":"status-publish","4":"has-post-thumbnail","6":"product_cat-plaszcze-krotsze","7":"product_tag-dla-roznych-sylwetek","8":"product_tag-dwurzedowy","9":"product_tag-handmade","10":"product_tag-klasyczny","11":"product_tag-kurtka-damska","12":"product_tag-luzny-kroj","13":"product_tag-marynarka","14":"product_tag-na-podszewce","15":"product_tag-nowosc","16":"product_tag-plaszcz-damski","17":"product_tag-plaszcz-luzny","18":"product_tag-plaszcz-na-guziki","19":"product_tag-plaszcz-oversizowy","20":"product_tag-plaszcz-wiosenny","21":"product_tag-plaszcz-z-rewersem","22":"product_tag-prosty","23":"product_tag-szylkretowe-guziki","24":"product_tag-trencz","26":"first","27":"instock","28":"shipping-taxable","29":"purchasable","30":"product-type-variable","31":"has-default-attributes"},"acf":[],"yoast_head":"<!-- This site is optimized with the Yoast SEO plugin v25.7 - https:\/\/yoast.com\/wordpress\/plugins\/seo\/ -->\n<title>Dwurz\u0119dowa kurtka w stylu marynarki Barcelona - Talia Fashion - p\u0142aszcze<\/title>\n<meta name=\"description\" content=\"Dwurz\u0119dowa kurtka w stylu marynarki Barcelona - niezwyk\u0142a wygoda i komfort. Kr\u00f3tka, dwurz\u0119dowa forma, bez paska. Uszyty w Polsce.\" \/>\n<meta name=\"robots\" content=\"index, follow, max-snippet:-1, max-image-preview:large, max-video-preview:-1\" \/>\n<link rel=\"canonical\" href=\"https:\/\/talia-fashion.pl\/en\/product\/dwurzedowa-kurtka-w-stylu-marynarki-barcelona\/\" \/>\n<meta property=\"og:locale\" content=\"en_GB\" \/>\n<meta property=\"og:type\" content=\"article\" \/>\n<meta property=\"og:title\" content=\"Dwurz\u0119dowa kurtka w stylu marynarki Barcelona - Talia Fashion - p\u0142aszcze\" \/>\n<meta property=\"og:description\" content=\"Dwurz\u0119dowa kurtka w stylu marynarki Barcelona - niezwyk\u0142a wygoda i komfort. Kr\u00f3tka, dwurz\u0119dowa forma, bez paska. Uszyty w Polsce.\" \/>\n<meta property=\"og:url\" content=\"https:\/\/talia-fashion.pl\/en\/product\/dwurzedowa-kurtka-w-stylu-marynarki-barcelona\/\" \/>\n<meta property=\"og:site_name\" content=\"Talia Fashion\" \/>\n<meta property=\"article:modified_time\" content=\"2026-02-13T09:39:27+00:00\" \/>\n<meta property=\"og:image\" content=\"https:\/\/talia-fashion.pl\/wp-content\/uploads\/2024\/10\/krotka-kurtka-szylkretowe-guziki.jpg\" \/>\n\t<meta property=\"og:image:width\" content=\"1000\" \/>\n\t<meta property=\"og:image:height\" content=\"1500\" \/>\n\t<meta property=\"og:image:type\" content=\"image\/jpeg\" \/>\n<meta name=\"twitter:card\" content=\"summary_large_image\" \/>\n<meta name=\"twitter:label1\" content=\"Estimated reading time\" \/>\n\t<meta name=\"twitter:data1\" content=\"3 minutes\" \/>\n<script type=\"application\/ld+json\" class=\"yoast-schema-graph\">{\"@context\":\"https:\/\/schema.org\",\"@graph\":[{\"@type\":\"WebPage\",\"@id\":\"https:\/\/talia-fashion.pl\/produkt\/dwurzedowa-kurtka-w-stylu-marynarki-barcelona\/\",\"url\":\"https:\/\/talia-fashion.pl\/produkt\/dwurzedowa-kurtka-w-stylu-marynarki-barcelona\/\",\"name\":\"Dwurz\u0119dowa kurtka w stylu marynarki Barcelona - Talia Fashion - p\u0142aszcze\",\"isPartOf\":{\"@id\":\"https:\/\/talia-fashion.pl\/#website\"},\"primaryImageOfPage\":{\"@id\":\"https:\/\/talia-fashion.pl\/produkt\/dwurzedowa-kurtka-w-stylu-marynarki-barcelona\/#primaryimage\"},\"image\":{\"@id\":\"https:\/\/talia-fashion.pl\/produkt\/dwurzedowa-kurtka-w-stylu-marynarki-barcelona\/#primaryimage\"},\"thumbnailUrl\":\"https:\/\/talia-fashion.pl\/wp-content\/uploads\/2024\/10\/krotka-kurtka-szylkretowe-guziki.jpg\",\"datePublished\":\"2022-03-21T11:42:25+00:00\",\"dateModified\":\"2026-02-13T09:39:27+00:00\",\"description\":\"Dwurz\u0119dowa kurtka w stylu marynarki Barcelona - niezwyk\u0142a wygoda i komfort. Kr\u00f3tka, dwurz\u0119dowa forma, bez paska. Uszyty w Polsce.\",\"breadcrumb\":{\"@id\":\"https:\/\/talia-fashion.pl\/produkt\/dwurzedowa-kurtka-w-stylu-marynarki-barcelona\/#breadcrumb\"},\"inLanguage\":\"en-GB\",\"potentialAction\":[{\"@type\":\"ReadAction\",\"target\":[\"https:\/\/talia-fashion.pl\/produkt\/dwurzedowa-kurtka-w-stylu-marynarki-barcelona\/\"]}]},{\"@type\":\"ImageObject\",\"inLanguage\":\"en-GB\",\"@id\":\"https:\/\/talia-fashion.pl\/produkt\/dwurzedowa-kurtka-w-stylu-marynarki-barcelona\/#primaryimage\",\"url\":\"https:\/\/talia-fashion.pl\/wp-content\/uploads\/2024\/10\/krotka-kurtka-szylkretowe-guziki.jpg\",\"contentUrl\":\"https:\/\/talia-fashion.pl\/wp-content\/uploads\/2024\/10\/krotka-kurtka-szylkretowe-guziki.jpg\",\"width\":1000,\"height\":1500,\"caption\":\"Dwurz\u0119dowa kurtka w stylu marynarki, guziki szylkretowe, ko\u0142nierz rewers, ozdobne patki nad kieszeniami.\"},{\"@type\":\"BreadcrumbList\",\"@id\":\"https:\/\/talia-fashion.pl\/produkt\/dwurzedowa-kurtka-w-stylu-marynarki-barcelona\/#breadcrumb\",\"itemListElement\":[{\"@type\":\"ListItem\",\"position\":1,\"name\":\"Strona g\u0142\u00f3wna\",\"item\":\"https:\/\/talia-fashion.pl\/\"},{\"@type\":\"ListItem\",\"position\":2,\"name\":\"Sklep\",\"item\":\"https:\/\/talia-fashion.pl\/sklep\/\"},{\"@type\":\"ListItem\",\"position\":3,\"name\":\"Dwurz\u0119dowa kurtka w stylu marynarki Barcelona\"}]},{\"@type\":\"WebSite\",\"@id\":\"https:\/\/talia-fashion.pl\/#website\",\"url\":\"https:\/\/talia-fashion.pl\/\",\"name\":\"Talia Fashion\",\"description\":\"\",\"potentialAction\":[{\"@type\":\"SearchAction\",\"target\":{\"@type\":\"EntryPoint\",\"urlTemplate\":\"https:\/\/talia-fashion.pl\/?s={search_term_string}\"},\"query-input\":{\"@type\":\"PropertyValueSpecification\",\"valueRequired\":true,\"valueName\":\"search_term_string\"}}],\"inLanguage\":\"en-GB\"}]}<\/script>\n<!-- \/ Yoast SEO plugin. -->","yoast_head_json":{"title":"Dwurz\u0119dowa kurtka w stylu marynarki Barcelona - Talia Fashion - p\u0142aszcze","description":"Dwurz\u0119dowa kurtka w stylu marynarki Barcelona - niezwyk\u0142a wygoda i komfort. Kr\u00f3tka, dwurz\u0119dowa forma, bez paska. Uszyty w Polsce.","robots":{"index":"index","follow":"follow","max-snippet":"max-snippet:-1","max-image-preview":"max-image-preview:large","max-video-preview":"max-video-preview:-1"},"canonical":"https:\/\/talia-fashion.pl\/en\/product\/dwurzedowa-kurtka-w-stylu-marynarki-barcelona\/","og_locale":"en_GB","og_type":"article","og_title":"Dwurz\u0119dowa kurtka w stylu marynarki Barcelona - Talia Fashion - p\u0142aszcze","og_description":"Dwurz\u0119dowa kurtka w stylu marynarki Barcelona - niezwyk\u0142a wygoda i komfort. Kr\u00f3tka, dwurz\u0119dowa forma, bez paska. Uszyty w Polsce.","og_url":"https:\/\/talia-fashion.pl\/en\/product\/dwurzedowa-kurtka-w-stylu-marynarki-barcelona\/","og_site_name":"Talia Fashion","article_modified_time":"2026-02-13T09:39:27+00:00","og_image":[{"width":1000,"height":1500,"url":"https:\/\/talia-fashion.pl\/wp-content\/uploads\/2024\/10\/krotka-kurtka-szylkretowe-guziki.jpg","type":"image\/jpeg"}],"twitter_card":"summary_large_image","twitter_misc":{"Estimated reading time":"3 minutes"},"schema":{"@context":"https:\/\/schema.org","@graph":[{"@type":"WebPage","@id":"https:\/\/talia-fashion.pl\/produkt\/dwurzedowa-kurtka-w-stylu-marynarki-barcelona\/","url":"https:\/\/talia-fashion.pl\/produkt\/dwurzedowa-kurtka-w-stylu-marynarki-barcelona\/","name":"Dwurz\u0119dowa kurtka w stylu marynarki Barcelona - Talia Fashion - p\u0142aszcze","isPartOf":{"@id":"https:\/\/talia-fashion.pl\/#website"},"primaryImageOfPage":{"@id":"https:\/\/talia-fashion.pl\/produkt\/dwurzedowa-kurtka-w-stylu-marynarki-barcelona\/#primaryimage"},"image":{"@id":"https:\/\/talia-fashion.pl\/produkt\/dwurzedowa-kurtka-w-stylu-marynarki-barcelona\/#primaryimage"},"thumbnailUrl":"https:\/\/talia-fashion.pl\/wp-content\/uploads\/2024\/10\/krotka-kurtka-szylkretowe-guziki.jpg","datePublished":"2022-03-21T11:42:25+00:00","dateModified":"2026-02-13T09:39:27+00:00","description":"Dwurz\u0119dowa kurtka w stylu marynarki Barcelona - niezwyk\u0142a wygoda i komfort. Kr\u00f3tka, dwurz\u0119dowa forma, bez paska. Uszyty w Polsce.","breadcrumb":{"@id":"https:\/\/talia-fashion.pl\/produkt\/dwurzedowa-kurtka-w-stylu-marynarki-barcelona\/#breadcrumb"},"inLanguage":"en-GB","potentialAction":[{"@type":"ReadAction","target":["https:\/\/talia-fashion.pl\/produkt\/dwurzedowa-kurtka-w-stylu-marynarki-barcelona\/"]}]},{"@type":"ImageObject","inLanguage":"en-GB","@id":"https:\/\/talia-fashion.pl\/produkt\/dwurzedowa-kurtka-w-stylu-marynarki-barcelona\/#primaryimage","url":"https:\/\/talia-fashion.pl\/wp-content\/uploads\/2024\/10\/krotka-kurtka-szylkretowe-guziki.jpg","contentUrl":"https:\/\/talia-fashion.pl\/wp-content\/uploads\/2024\/10\/krotka-kurtka-szylkretowe-guziki.jpg","width":1000,"height":1500,"caption":"Dwurz\u0119dowa kurtka w stylu marynarki, guziki szylkretowe, ko\u0142nierz rewers, ozdobne patki nad kieszeniami."},{"@type":"BreadcrumbList","@id":"https:\/\/talia-fashion.pl\/produkt\/dwurzedowa-kurtka-w-stylu-marynarki-barcelona\/#breadcrumb","itemListElement":[{"@type":"ListItem","position":1,"name":"Strona g\u0142\u00f3wna","item":"https:\/\/talia-fashion.pl\/"},{"@type":"ListItem","position":2,"name":"Sklep","item":"https:\/\/talia-fashion.pl\/sklep\/"},{"@type":"ListItem","position":3,"name":"Dwurz\u0119dowa kurtka w stylu marynarki Barcelona"}]},{"@type":"WebSite","@id":"https:\/\/talia-fashion.pl\/#website","url":"https:\/\/talia-fashion.pl\/","name":"Talia Fashion","description":"","potentialAction":[{"@type":"SearchAction","target":{"@type":"EntryPoint","urlTemplate":"https:\/\/talia-fashion.pl\/?s={search_term_string}"},"query-input":{"@type":"PropertyValueSpecification","valueRequired":true,"valueName":"search_term_string"}}],"inLanguage":"en-GB"}]}},"_links":{"self":[{"href":"https:\/\/talia-fashion.pl\/en\/wp-json\/wp\/v2\/product\/4402","targetHints":{"allow":["GET"]}}],"collection":[{"href":"https:\/\/talia-fashion.pl\/en\/wp-json\/wp\/v2\/product"}],"about":[{"href":"https:\/\/talia-fashion.pl\/en\/wp-json\/wp\/v2\/types\/product"}],"wp:featuredmedia":[{"embeddable":true,"href":"https:\/\/talia-fashion.pl\/en\/wp-json\/wp\/v2\/media\/582"}],"wp:attachment":[{"href":"https:\/\/talia-fashion.pl\/en\/wp-json\/wp\/v2\/media?parent=4402"}],"wp:term":[{"taxonomy":"product_cat","embeddable":true,"href":"https:\/\/talia-fashion.pl\/en\/wp-json\/wp\/v2\/product_cat?post=4402"},{"taxonomy":"product_tag","embeddable":true,"href":"https:\/\/talia-fashion.pl\/en\/wp-json\/wp\/v2\/product_tag?post=4402"}],"curies":[{"name":"wp","href":"https:\/\/api.w.org\/{rel}","templated":true}]}}