{"id":4390,"date":"2022-03-18T15:11:12","date_gmt":"2022-03-18T14:11:12","guid":{"rendered":"http:\/\/talia-fashion.pl\/produkt\/klasyczny-trencz-dwurzedowy-dopasowany-hope\/"},"modified":"2026-04-01T13:39:02","modified_gmt":"2026-04-01T11:39:02","slug":"klasyczny-trencz-dwurzedowy-dopasowany-hope","status":"publish","type":"product","link":"https:\/\/talia-fashion.pl\/en\/product\/klasyczny-trencz-dwurzedowy-dopasowany-hope\/","title":{"rendered":"Klasyczny trencz dwurz\u0119dowy dopasowany Hope"},"content":{"rendered":"<p><span lang=\"DE\">Klasyczny trencz dwurz\u0119dowy dopasowany Hope to nasza propozycja prochowca w niecodziennym kolorze pomara\u0144czowym. P\u0142aszcz jest taliowany i idealnie dopasowany do sylwetki. Mo\u017cna dodatkowo pokre\u015bli\u0107 tali\u0119 za pomoc\u0105 paska, uszytego z tej samej tkaniny. Klasyczna, prosta linia ramion. Ozdobne pagony z guzikami na ramionach. R\u0119kawy wyko\u0144czone ozdobnymi patkami z naszytym guzikiem. Guziki szylkretowe. Trencz ma dwie boczne, uko\u015bnie wszyte kieszenie. Wyko\u0144czony w ca\u0142o\u015bci na podszewce.<\/span><\/p>\n<p><span lang=\"DE\">Klasyczny trencz pomimo, \u017ce mocno kojarzy si\u0119 z pary\u017cankami, pasuje nie tylko do szpilek i beretu. Ten dwurz\u0119dowy p\u0142aszcz o klasycznym kroju w niebanalnym kolorze, r\u00f3wnie stylowo b\u0119dzie si\u0119 komponowa\u0142 z ulubionymi d\u017cinsami i sportowym obuwiem. Uwielbiasz kalosze? &#8211; b\u0119dziesz najmodniejsz\u0105 osob\u0105 w parku! \ud83d\ude42 <\/span><br \/>\n<span lang=\"DE\">Je\u015bli wyr\u00f3\u017cnia Ci\u0119 modowa nieszablonowo\u015b\u0107, wraz z naszym trenczem stworzysz idealny duet.<\/span><\/p>\n<p><span lang=\"DE\">Actual photo - orange\u00a0<\/span><\/p>\n<p>Available colours - orange<\/p>\n<p>The colours are presented in our <a href=\"https:\/\/talia-fashion.pl\/en\/paleta-kolorow\/\">Colour palette,<\/a> a tak\u017ce na zdj\u0119ciach produkt\u00f3w na odr\u0119bnych aukcjach.\u00a0W razie w\u0105tpliwo\u015bci, prosimy o kontakt.<\/p>\n<p><span lang=\"DE\">Dost\u0119pne rozmiary:\u00a0 \u00a0XS, S, M, L<\/span><\/p>\n<p><span lang=\"DE\">Indicative dimensions:<\/span><br \/>\n<span lang=\"DE\">XS &#8211; biust: 86-88 \/ biodra: 92-94 \/ d\u0142ugo\u015b\u0107: 100 \/ r\u0119kaw: 61<\/span><br \/>\n<span lang=\"DE\">S &#8211; biust: 90-92 \/ biodra: 96-98 \/ d\u0142ugo\u015b\u0107: 100 \/ r\u0119kaw: 61<br \/>\nM &#8211; biust: 94-96\u00a0\u00a0\/ biodra: 100-102 \/ d\u0142ugo\u015b\u0107: 100 \/ r\u0119kaw: 62<br \/>\nL &#8211; biust: 98-100 \/ biodra: 104-106 \/ d\u0142ugo\u015b\u0107: 101 \/ r\u0119kaw: 63<br \/>\nXL &#8211; biust: 104-106 \/ biodra: 110-112 \/ d\u0142ugo\u015b\u0107: 102 \/ r\u0119kaw: 64<\/span><\/p>\n<p><span lang=\"DE\">Jaki wybra\u0107 rozmiar p\u0142aszcza oraz jak si\u0119 zmierzy\u0107 podpowiadamy w zak\u0142adce <a href=\"https:\/\/talia-fashion.pl\/en\/jak-dobrac-rozmiar\/\">How to choose a size?<\/a> <\/span><br \/>\n<span lang=\"DE\">If you are unsure of your size selection, please contact us.<\/span><\/p>\n<p><span lang=\"DE\">Material: 63% polyester, 33% viscose, 4% elastane<\/span><br \/>\nLining: 100% acetate<\/p>\n<p>Like viscose, acetate is produced from cellulose. Acetate yarn can also be made from recycled cellulose such as paper. The acetate lining is excellent at absorbing moisture and allowing air to pass through. It is coated with an antistatic apprettee and is OEKOtex\u00ae Standard 100 certified.<\/p>\n<p>P\u0142aszczyk nale\u017cy czy\u015bci\u0107 chemicznie.\u00a0 Jak w prosty spos\u00f3b dba\u0107 o p\u0142aszcz by m\u00f3c cieszy\u0107 si\u0119 nim latami podpowiadamy w naszym kr\u00f3tkim poradniku: <a href=\"https:\/\/talia-fashion.pl\/en\/jak-pielegnowac-i-dbac-o-plaszcz\/\">How to nurture and care for the coat?<\/a> Odpowiednie wieszanie, wietrzenie i unikanie zahacze\u0144 sprawi, \u017ce Tw\u00f3j p\u0142aszcz d\u0142ugo pozostanie pi\u0119kny. Dzi\u0119ki temu nie tylko przed\u0142u\u017casz \u017cycie swojej garderobie ale tak\u017ce pomagasz chroni\u0107 \u015brodowisko.<\/p>\n<p><span lang=\"DE\">Klasyczny trencz dwurz\u0119dowy dopasowany Hope zaprojektowali\u015bmy i uszyli\u015bmy w naszej pracowni, tradycyjnymi i pracoch\u0142onnymi metodami w spos\u00f3b przyjazny dla \u015brodowiska.\u00a0 Od ponad 30 lat piel\u0119gnujemy polskie rzemios\u0142o krawieckie i ubieramy ju\u017c kolejne pokolenia. P\u0142aszcze i kurtki to nasza pasja.\u00a0<\/span><\/p>\n<p>We also offer the possibility of\u00a0<strong>Individual orders<\/strong>, czyli z drobnymi modyfikacjami na \u017cyczenie Klienta. W p\u0142aszczyku mo\u017cemy skr\u00f3ci\u0107, b\u0105d\u017a wyd\u0142u\u017cy\u0107 r\u0119kawy, skr\u00f3ci\u0107 lub wyd\u0142u\u017cy\u0107 d\u0142ugo\u015b\u0107 p\u0142aszcza. Koszt takiej us\u0142ugi ustalamy indywidualnie po uprzednim kontakcie i ustaleniu dost\u0119pnych opcji.<\/p>\n<p><strong>An individual order is not subject to exchange or refund.<\/strong><\/p>\n<p><span lang=\"DE\">Czas realizacji zam\u00f3wienia uzale\u017cniamy od aktualnego stanu magazynowego w pracowni oraz dost\u0119pno\u015bci danego koloru materia\u0142u. Je\u015bli dany p\u0142aszcz jest dost\u0119pny w pracowni, realizacja zam\u00f3wienia nast\u0105pi bardzo szybko 2-5 dni roboczych. Je\u015bli konieczne jest uszycie p\u0142aszcza lub indywidualizacja zam\u00f3wienia \u2013 wykonanie przer\u00f3bki lub uszycie nowego p\u0142aszcza \u2013 czas realizacji zam\u00f3wienia mo\u017ce ulec wyd\u0142u\u017ceniu, maksymalnie do 2 tygodni.<\/span><\/p>\n<p>Prosimy o cierpliwo\u015b\u0107, musimy uszy\u0107 ten p\u0142aszcz dla Ciebie. Nasze p\u0142aszcze szyjemy r\u0119cznie i wi\u0119kszo\u015bci z nich nie szyjemy na magazyn. Do\u0142o\u017cymy wszelkich stara\u0144 aby jak najszybciej zrealizowa\u0107 zam\u00f3wienie.<\/p>\n<p>Thank you for supporting local crafts.<\/p>\n<p>We encourage you to like our fanpage on\u00a0<a href=\"https:\/\/www.facebook.com\/talia.plaszcze\">Facebook<\/a>\u00a0and <a href=\"https:\/\/www.instagram.com\/talia_plaszcze\/\">Instagram<\/a>.<\/p>","protected":false},"excerpt":{"rendered":"<p>Klasyczny trencz dwurz\u0119dowy dopasowany Hope to nasza propozycja prochowca w niecodziennym kolorze pomara\u0144czowym. P\u0142aszcz jest taliowany i idealnie dopasowany do sylwetki. Mo\u017cna&hellip;<\/p>","protected":false},"featured_media":575,"template":"","meta":{"_acf_changed":false},"product_cat":[36,27],"product_tag":[32,33,34,39,40,41,43,44,46,47,49,50,69,52,97,88],"class_list":{"0":"post-4390","1":"product","2":"type-product","3":"status-publish","4":"has-post-thumbnail","6":"product_cat-plaszcze-dluzsze","7":"product_cat-trencze","8":"product_tag-dopasowany-kroj","9":"product_tag-dwurzedowy","10":"product_tag-handmade","11":"product_tag-klasyczny","12":"product_tag-kolnierz","13":"product_tag-na-podszewce","14":"product_tag-plaszcz-damski","15":"product_tag-plaszcz-damski-dlugi","16":"product_tag-plaszcz-dwurzedowy","17":"product_tag-plaszcz-na-guziki","18":"product_tag-plaszcz-wiosenny","19":"product_tag-plaszcz-z-rewersem","20":"product_tag-prochowiec","21":"product_tag-szylkretowe-guziki","22":"product_tag-trencz","23":"product_tag-wiazany","25":"first","26":"instock","27":"shipping-taxable","28":"purchasable","29":"product-type-variable","30":"has-default-attributes"},"acf":[],"yoast_head":"<!-- This site is optimized with the Yoast SEO plugin v25.7 - https:\/\/yoast.com\/wordpress\/plugins\/seo\/ -->\n<title>Klasyczny trencz dwurz\u0119dowy dopasowany Hope - Talia Fashion<\/title>\n<meta name=\"description\" content=\"Klasyczny trencz dwurz\u0119dowy dopasowany - taliowany prochowiec w niezwyk\u0142ym kolorze. Podkre\u015blaj\u0105cy sylwetk\u0119, wi\u0105zany w pasie. Szyty r\u0119cznie.\" \/>\n<meta name=\"robots\" content=\"index, follow, max-snippet:-1, max-image-preview:large, max-video-preview:-1\" \/>\n<link rel=\"canonical\" href=\"https:\/\/talia-fashion.pl\/en\/product\/klasyczny-trencz-dwurzedowy-dopasowany-hope\/\" \/>\n<meta property=\"og:locale\" content=\"en_GB\" \/>\n<meta property=\"og:type\" content=\"article\" \/>\n<meta property=\"og:title\" content=\"Klasyczny trencz dwurz\u0119dowy dopasowany Hope - Talia Fashion\" \/>\n<meta property=\"og:description\" content=\"Klasyczny trencz dwurz\u0119dowy dopasowany - taliowany prochowiec w niezwyk\u0142ym kolorze. Podkre\u015blaj\u0105cy sylwetk\u0119, wi\u0105zany w pasie. Szyty r\u0119cznie.\" \/>\n<meta property=\"og:url\" content=\"https:\/\/talia-fashion.pl\/en\/product\/klasyczny-trencz-dwurzedowy-dopasowany-hope\/\" \/>\n<meta property=\"og:site_name\" content=\"Talia Fashion\" \/>\n<meta property=\"article:modified_time\" content=\"2026-04-01T11:39:02+00:00\" \/>\n<meta property=\"og:image\" content=\"https:\/\/talia-fashion.pl\/wp-content\/uploads\/2024\/10\/trencz_damski_dwurzedowy_taliowany_wiazany.jpg\" \/>\n\t<meta property=\"og:image:width\" content=\"1240\" \/>\n\t<meta property=\"og:image:height\" content=\"1654\" \/>\n\t<meta property=\"og:image:type\" content=\"image\/jpeg\" \/>\n<meta name=\"twitter:card\" content=\"summary_large_image\" \/>\n<meta name=\"twitter:label1\" content=\"Estimated reading time\" \/>\n\t<meta name=\"twitter:data1\" content=\"3 minutes\" \/>\n<script type=\"application\/ld+json\" class=\"yoast-schema-graph\">{\"@context\":\"https:\/\/schema.org\",\"@graph\":[{\"@type\":\"WebPage\",\"@id\":\"https:\/\/talia-fashion.pl\/produkt\/klasyczny-trencz-dwurzedowy-dopasowany-hope\/\",\"url\":\"https:\/\/talia-fashion.pl\/produkt\/klasyczny-trencz-dwurzedowy-dopasowany-hope\/\",\"name\":\"Klasyczny trencz dwurz\u0119dowy dopasowany Hope - Talia Fashion\",\"isPartOf\":{\"@id\":\"https:\/\/talia-fashion.pl\/#website\"},\"primaryImageOfPage\":{\"@id\":\"https:\/\/talia-fashion.pl\/produkt\/klasyczny-trencz-dwurzedowy-dopasowany-hope\/#primaryimage\"},\"image\":{\"@id\":\"https:\/\/talia-fashion.pl\/produkt\/klasyczny-trencz-dwurzedowy-dopasowany-hope\/#primaryimage\"},\"thumbnailUrl\":\"https:\/\/talia-fashion.pl\/wp-content\/uploads\/2024\/10\/trencz_damski_dwurzedowy_taliowany_wiazany.jpg\",\"datePublished\":\"2022-03-18T14:11:12+00:00\",\"dateModified\":\"2026-04-01T11:39:02+00:00\",\"description\":\"Klasyczny trencz dwurz\u0119dowy dopasowany - taliowany prochowiec w niezwyk\u0142ym kolorze. Podkre\u015blaj\u0105cy sylwetk\u0119, wi\u0105zany w pasie. Szyty r\u0119cznie.\",\"breadcrumb\":{\"@id\":\"https:\/\/talia-fashion.pl\/produkt\/klasyczny-trencz-dwurzedowy-dopasowany-hope\/#breadcrumb\"},\"inLanguage\":\"en-GB\",\"potentialAction\":[{\"@type\":\"ReadAction\",\"target\":[\"https:\/\/talia-fashion.pl\/produkt\/klasyczny-trencz-dwurzedowy-dopasowany-hope\/\"]}]},{\"@type\":\"ImageObject\",\"inLanguage\":\"en-GB\",\"@id\":\"https:\/\/talia-fashion.pl\/produkt\/klasyczny-trencz-dwurzedowy-dopasowany-hope\/#primaryimage\",\"url\":\"https:\/\/talia-fashion.pl\/wp-content\/uploads\/2024\/10\/trencz_damski_dwurzedowy_taliowany_wiazany.jpg\",\"contentUrl\":\"https:\/\/talia-fashion.pl\/wp-content\/uploads\/2024\/10\/trencz_damski_dwurzedowy_taliowany_wiazany.jpg\",\"width\":1240,\"height\":1654,\"caption\":\"Trencz damski o klasycznym kroju w energetycznym pomara\u0144czowym kolorze. Zapinany dwurz\u0119dowo, z delikatnymi patkami na ramionach i r\u0119kawach. Szyty r\u0119cznie w naszej rodzinnej pracowni. Doskonale komponuje si\u0119 z codziennymi stylizacjami, jak i kreacjami wieczornymi.\"},{\"@type\":\"BreadcrumbList\",\"@id\":\"https:\/\/talia-fashion.pl\/produkt\/klasyczny-trencz-dwurzedowy-dopasowany-hope\/#breadcrumb\",\"itemListElement\":[{\"@type\":\"ListItem\",\"position\":1,\"name\":\"Strona g\u0142\u00f3wna\",\"item\":\"https:\/\/talia-fashion.pl\/\"},{\"@type\":\"ListItem\",\"position\":2,\"name\":\"Sklep\",\"item\":\"https:\/\/talia-fashion.pl\/sklep\/\"},{\"@type\":\"ListItem\",\"position\":3,\"name\":\"Klasyczny trencz dwurz\u0119dowy dopasowany Hope\"}]},{\"@type\":\"WebSite\",\"@id\":\"https:\/\/talia-fashion.pl\/#website\",\"url\":\"https:\/\/talia-fashion.pl\/\",\"name\":\"Talia Fashion\",\"description\":\"\",\"potentialAction\":[{\"@type\":\"SearchAction\",\"target\":{\"@type\":\"EntryPoint\",\"urlTemplate\":\"https:\/\/talia-fashion.pl\/?s={search_term_string}\"},\"query-input\":{\"@type\":\"PropertyValueSpecification\",\"valueRequired\":true,\"valueName\":\"search_term_string\"}}],\"inLanguage\":\"en-GB\"}]}<\/script>\n<!-- \/ Yoast SEO plugin. -->","yoast_head_json":{"title":"Klasyczny trencz dwurz\u0119dowy dopasowany Hope - Talia Fashion","description":"Klasyczny trencz dwurz\u0119dowy dopasowany - taliowany prochowiec w niezwyk\u0142ym kolorze. Podkre\u015blaj\u0105cy sylwetk\u0119, wi\u0105zany w pasie. Szyty r\u0119cznie.","robots":{"index":"index","follow":"follow","max-snippet":"max-snippet:-1","max-image-preview":"max-image-preview:large","max-video-preview":"max-video-preview:-1"},"canonical":"https:\/\/talia-fashion.pl\/en\/product\/klasyczny-trencz-dwurzedowy-dopasowany-hope\/","og_locale":"en_GB","og_type":"article","og_title":"Klasyczny trencz dwurz\u0119dowy dopasowany Hope - Talia Fashion","og_description":"Klasyczny trencz dwurz\u0119dowy dopasowany - taliowany prochowiec w niezwyk\u0142ym kolorze. Podkre\u015blaj\u0105cy sylwetk\u0119, wi\u0105zany w pasie. Szyty r\u0119cznie.","og_url":"https:\/\/talia-fashion.pl\/en\/product\/klasyczny-trencz-dwurzedowy-dopasowany-hope\/","og_site_name":"Talia Fashion","article_modified_time":"2026-04-01T11:39:02+00:00","og_image":[{"width":1240,"height":1654,"url":"https:\/\/talia-fashion.pl\/wp-content\/uploads\/2024\/10\/trencz_damski_dwurzedowy_taliowany_wiazany.jpg","type":"image\/jpeg"}],"twitter_card":"summary_large_image","twitter_misc":{"Estimated reading time":"3 minutes"},"schema":{"@context":"https:\/\/schema.org","@graph":[{"@type":"WebPage","@id":"https:\/\/talia-fashion.pl\/produkt\/klasyczny-trencz-dwurzedowy-dopasowany-hope\/","url":"https:\/\/talia-fashion.pl\/produkt\/klasyczny-trencz-dwurzedowy-dopasowany-hope\/","name":"Klasyczny trencz dwurz\u0119dowy dopasowany Hope - Talia Fashion","isPartOf":{"@id":"https:\/\/talia-fashion.pl\/#website"},"primaryImageOfPage":{"@id":"https:\/\/talia-fashion.pl\/produkt\/klasyczny-trencz-dwurzedowy-dopasowany-hope\/#primaryimage"},"image":{"@id":"https:\/\/talia-fashion.pl\/produkt\/klasyczny-trencz-dwurzedowy-dopasowany-hope\/#primaryimage"},"thumbnailUrl":"https:\/\/talia-fashion.pl\/wp-content\/uploads\/2024\/10\/trencz_damski_dwurzedowy_taliowany_wiazany.jpg","datePublished":"2022-03-18T14:11:12+00:00","dateModified":"2026-04-01T11:39:02+00:00","description":"Klasyczny trencz dwurz\u0119dowy dopasowany - taliowany prochowiec w niezwyk\u0142ym kolorze. Podkre\u015blaj\u0105cy sylwetk\u0119, wi\u0105zany w pasie. Szyty r\u0119cznie.","breadcrumb":{"@id":"https:\/\/talia-fashion.pl\/produkt\/klasyczny-trencz-dwurzedowy-dopasowany-hope\/#breadcrumb"},"inLanguage":"en-GB","potentialAction":[{"@type":"ReadAction","target":["https:\/\/talia-fashion.pl\/produkt\/klasyczny-trencz-dwurzedowy-dopasowany-hope\/"]}]},{"@type":"ImageObject","inLanguage":"en-GB","@id":"https:\/\/talia-fashion.pl\/produkt\/klasyczny-trencz-dwurzedowy-dopasowany-hope\/#primaryimage","url":"https:\/\/talia-fashion.pl\/wp-content\/uploads\/2024\/10\/trencz_damski_dwurzedowy_taliowany_wiazany.jpg","contentUrl":"https:\/\/talia-fashion.pl\/wp-content\/uploads\/2024\/10\/trencz_damski_dwurzedowy_taliowany_wiazany.jpg","width":1240,"height":1654,"caption":"Trencz damski o klasycznym kroju w energetycznym pomara\u0144czowym kolorze. Zapinany dwurz\u0119dowo, z delikatnymi patkami na ramionach i r\u0119kawach. Szyty r\u0119cznie w naszej rodzinnej pracowni. Doskonale komponuje si\u0119 z codziennymi stylizacjami, jak i kreacjami wieczornymi."},{"@type":"BreadcrumbList","@id":"https:\/\/talia-fashion.pl\/produkt\/klasyczny-trencz-dwurzedowy-dopasowany-hope\/#breadcrumb","itemListElement":[{"@type":"ListItem","position":1,"name":"Strona g\u0142\u00f3wna","item":"https:\/\/talia-fashion.pl\/"},{"@type":"ListItem","position":2,"name":"Sklep","item":"https:\/\/talia-fashion.pl\/sklep\/"},{"@type":"ListItem","position":3,"name":"Klasyczny trencz dwurz\u0119dowy dopasowany Hope"}]},{"@type":"WebSite","@id":"https:\/\/talia-fashion.pl\/#website","url":"https:\/\/talia-fashion.pl\/","name":"Talia Fashion","description":"","potentialAction":[{"@type":"SearchAction","target":{"@type":"EntryPoint","urlTemplate":"https:\/\/talia-fashion.pl\/?s={search_term_string}"},"query-input":{"@type":"PropertyValueSpecification","valueRequired":true,"valueName":"search_term_string"}}],"inLanguage":"en-GB"}]}},"_links":{"self":[{"href":"https:\/\/talia-fashion.pl\/en\/wp-json\/wp\/v2\/product\/4390","targetHints":{"allow":["GET"]}}],"collection":[{"href":"https:\/\/talia-fashion.pl\/en\/wp-json\/wp\/v2\/product"}],"about":[{"href":"https:\/\/talia-fashion.pl\/en\/wp-json\/wp\/v2\/types\/product"}],"wp:featuredmedia":[{"embeddable":true,"href":"https:\/\/talia-fashion.pl\/en\/wp-json\/wp\/v2\/media\/575"}],"wp:attachment":[{"href":"https:\/\/talia-fashion.pl\/en\/wp-json\/wp\/v2\/media?parent=4390"}],"wp:term":[{"taxonomy":"product_cat","embeddable":true,"href":"https:\/\/talia-fashion.pl\/en\/wp-json\/wp\/v2\/product_cat?post=4390"},{"taxonomy":"product_tag","embeddable":true,"href":"https:\/\/talia-fashion.pl\/en\/wp-json\/wp\/v2\/product_tag?post=4390"}],"curies":[{"name":"wp","href":"https:\/\/api.w.org\/{rel}","templated":true}]}}