{"id":4377,"date":"2022-03-17T18:48:12","date_gmt":"2022-03-17T17:48:12","guid":{"rendered":"http:\/\/talia-fashion.pl\/produkt\/klasyczny-luzny-trencz-damski-georgia\/"},"modified":"2026-02-05T11:02:40","modified_gmt":"2026-02-05T10:02:40","slug":"klasyczny-luzny-trencz-damski-georgia","status":"publish","type":"product","link":"https:\/\/talia-fashion.pl\/en\/product\/klasyczny-luzny-trencz-damski-georgia\/","title":{"rendered":"Classic loose-fitting women's trench Georgia"},"content":{"rendered":"<p><span lang=\"DE\">Klasyczny lu\u017any trencz damski Georgia to nasz absolutny, dwurz\u0119dowy klasyk w wiosennej kolekcji. Raglanowe wszycie r\u0119kaw\u00f3w sprawia, \u017ce model ten jest do\u015b\u0107 obszerny, w oversizowym stylu. Zapinany na kotrastowe guziki. Ramiona ozdobione pagonami z naszytym guzikiem. Uko\u015bnie wszyte kieszenie boczne. Pasek wykonany z tej samej tkaniny. Z ty\u0142u na dole rozporek. Na plecach ozdobna klapa. W ca\u0142o\u015bci trencz wyko\u0144czony jest kolorystycznie dobran\u0105 podszewk\u0105. Osobom lubi\u0105cym bardziej dopasowane p\u0142aszcze, sugerujemy wyb\u00f3r mniejszego rozmiaru.<br \/>\n<\/span><\/p>\n<p>Trencz jest klasycznym elementem damskiej garderoby na przej\u015bciowe pory roku. W tradycyjnej kolorystyce p\u0142aszcz ten \u015bwietnie sprawdzi si\u0119 zar\u00f3wno <span lang=\"DE\">do eleganckich jak i sportowych stylizacji. Oferuje szerok\u0105 gam\u0119 mo\u017cliwo\u015bci komponowania stroju, od zestaw\u00f3w ze szpilkami poprzez trampki, po kalosze. Sukienka, sp\u00f3dniczka, d\u017cinsy czy spodnie na kant &#8211; trencz w be\u017cowym, \u015bmietankowym czy czarnym kolorze idealnie scali Tw\u00f3j outfit. Dodatkowo lu\u017any kr\u00f3j zapewnia wygod\u0119 noszenia, a i we\u0142niany sweterek czy marynarka te\u017c si\u0119 zmieszcz\u0105.<br \/>\n<\/span><\/p>\n<p>Drobne wskaz\u00f3wki jaki fason p\u0142aszcza wybra\u0107, umie\u015bcili\u015bmy w zak\u0142adce: <a href=\"https:\/\/talia-fashion.pl\/en\/jak-dobrac-plaszcz-do-sylwetki\/\">How do you choose a coat to suit your figure?<\/a><\/p>\n<p><span lang=\"DE\">Zdj\u0119cie rzeczywiste &#8211; jasny be\u017cowy<\/span><\/p>\n<p>Dost\u0119pne kolory &#8211; jasny be\u017cowy (XS, S, M), kremowy (XS, S, M)<\/p>\n<p><span lang=\"DE\">The colours are presented in our <a href=\"https:\/\/talia-fashion.pl\/en\/paleta-kolorow\/\">Colour palette<\/a>. If in doubt, please contact us.<\/span><\/p>\n<p><span lang=\"DE\">Available sizes: XS, S, M, L<\/span><\/p>\n<p><span lang=\"DE\">Indicative dimensions:<\/span><\/p>\n<p>XS - bust: 86-88 \/ hips: 94-96 \/ length: 106 \/ sleeve: 62<br \/>\nS - bust: 90-92 \/ hips: 98-100 \/ length: 106 \/ sleeve: 62<br \/>\nM &#8211; biust: 94-96\u00a0\u00a0\/ biodra: 102-104 \/ d\u0142ugo\u015b\u0107: 106 \/ r\u0119kaw: 62<br \/>\nL - bust: 98-100 \/ hips: 106-108 \/ length: 107 \/ sleeve: 63<br \/>\nXL &#8211; biust: 104-106 \/ biodra: 112-114 \/ d\u0142ugo\u015b\u0107: 107 \/ r\u0119kaw: 64<\/p>\n<p><span lang=\"DE\">What size to choose and how to measure yourself are suggested in our short guide: <a href=\"https:\/\/talia-fashion.pl\/en\/jak-wybrac-odpowiedni-rozmiar\/\">How to choose a size?<\/a><\/span><br \/>\n<span lang=\"DE\">If you are unsure of your size selection, please contact us.<\/span><\/p>\n<p><span lang=\"DE\">Materia\u0142:\u00a0 63% poliester, 33% wiskoza, 4% elastan<\/span><br \/>\nLining: 100% acetate<\/p>\n<p>Like viscose, acetate is produced from cellulose. Acetate yarn can also be made from recycled cellulose such as paper. The acetate lining is excellent at absorbing moisture and allowing air to pass through. It is coated with an antistatic apprettee and is OEKOtex\u00ae Standard 100 certified.<\/p>\n<p><span lang=\"DE\">Trencz zaprojektowali\u015bmy i uszyli\u015bmy r\u0119cznie w naszej pracowni w Poznaniu. Wszystkie modele p\u0142aszczy znajduj\u0105ce si\u0119 w naszej ofercie zosta\u0142y przez nas zaprojektowane oraz wykonane r\u0119cznie.\u00a0 P\u0142aszcze i kurtki to nasza pasja. Tworzymy je dla Was od 37 lat.<br \/>\n<\/span><\/p>\n<p><span lang=\"DE\">Klasyczny lu\u017any trencz damski Georgia nale\u017cy czy\u015bci\u0107 chemicznie. Odpowiednia piel\u0119gnacja, wieszanie i unikanie zahacze\u0144 sprawi, \u017ce Tw\u00f3j p\u0142aszcz d\u0142ugo pozostanie pi\u0119kny. Zajrzyj do naszej zak\u0142adki: <a href=\"https:\/\/talia-fashion.pl\/en\/jak-pielegnowac-i-dbac-o-plaszcz\/\">How to nurture and care for the coat?\u00a0<\/a><\/span><\/p>\n<p><span lang=\"DE\">Oferujemy mo\u017cliwo\u015b\u0107 <strong>Individual orders<\/strong>, i.e. with minor modifications at the client's request. We can shorten or lengthen the sleeves, shorten or lengthen the length of the coat. The cost of such a service is determined individually after prior contact and determination of possible options.<\/span><\/p>\n<p><strong>An individual order is not subject to exchange or refund.<\/strong><\/p>\n<p><span lang=\"DE\">The lead time depends on the current stock in the atelier and the availability of the fabric colour in question. If the given coat is available in the atelier, the order will be fulfilled very quickly - 2-5 working days. If it is necessary to sew the coat or individualise the order - making alterations or sewing a new coat - the lead time may be extended, up to a maximum of 2 weeks.<\/span><\/p>\n<p>We practice traditional craftsmanship and each of our coats is sewn by hand. For this reason, we do not sew coats for stock, so please be patient - we need to sew this coat for you. Thank you for supporting a local business.<\/p>\n<p>We invite you to stay with us for longer and to follow our profiles on <a href=\"https:\/\/www.facebook.com\/talia.plaszcze\">Facebook<\/a>\u00a0and\u00a0<a href=\"https:\/\/www.instagram.com\/talia_plaszcze\/\">Instagram<\/a>.<\/p>","protected":false},"excerpt":{"rendered":"<p>Klasyczny lu\u017any trencz damski Georgia to nasz absolutny, dwurz\u0119dowy klasyk w wiosennej kolekcji. Raglanowe wszycie r\u0119kaw\u00f3w sprawia, \u017ce model ten jest do\u015b\u0107&hellip;<\/p>","protected":false},"featured_media":566,"template":"","meta":{"_acf_changed":false},"product_cat":[104],"product_tag":[78,33,34,39,40,80,41,42,43,44,45,46,83,47,84,49,50,69,52,114,97,88],"class_list":{"0":"post-4377","1":"product","2":"type-product","3":"status-publish","4":"has-post-thumbnail","6":"product_cat-ostatnie-sztuki","7":"product_tag-dla-roznych-sylwetek","8":"product_tag-dwurzedowy","9":"product_tag-handmade","10":"product_tag-klasyczny","11":"product_tag-kolnierz","12":"product_tag-luzny-kroj","13":"product_tag-na-podszewce","14":"product_tag-nowosc","15":"product_tag-plaszcz-damski","16":"product_tag-plaszcz-damski-dlugi","17":"product_tag-plaszcz-dlugi","18":"product_tag-plaszcz-dwurzedowy","19":"product_tag-plaszcz-luzny","20":"product_tag-plaszcz-na-guziki","21":"product_tag-plaszcz-oversizowy","22":"product_tag-plaszcz-wiosenny","23":"product_tag-plaszcz-z-rewersem","24":"product_tag-prochowiec","25":"product_tag-szylkretowe-guziki","26":"product_tag-tencel","27":"product_tag-trencz","28":"product_tag-wiazany","30":"first","31":"instock","32":"shipping-taxable","33":"purchasable","34":"product-type-variable","35":"has-default-attributes"},"acf":[],"yoast_head":"<!-- This site is optimized with the Yoast SEO plugin v25.7 - https:\/\/yoast.com\/wordpress\/plugins\/seo\/ -->\n<title>Klasyczny lu\u017any trencz damski Georgia - Talia Fashion - polskie p\u0142aszcze<\/title>\n<meta name=\"description\" content=\"Klasyczny lu\u017any trencz damski - raglanowe r\u0119kawy, wi\u0105zanie w pasie. Lu\u017any, oversizowy kr\u00f3j. Uszyty r\u0119cznie w naszej pracowni, w Polsce. Must have.\" \/>\n<meta name=\"robots\" content=\"index, follow, max-snippet:-1, max-image-preview:large, max-video-preview:-1\" \/>\n<link rel=\"canonical\" href=\"https:\/\/talia-fashion.pl\/en\/product\/klasyczny-luzny-trencz-damski-georgia\/\" \/>\n<meta property=\"og:locale\" content=\"en_GB\" \/>\n<meta property=\"og:type\" content=\"article\" \/>\n<meta property=\"og:title\" content=\"Klasyczny lu\u017any trencz damski Georgia - Talia Fashion - polskie p\u0142aszcze\" \/>\n<meta property=\"og:description\" content=\"Klasyczny lu\u017any trencz damski - raglanowe r\u0119kawy, wi\u0105zanie w pasie. Lu\u017any, oversizowy kr\u00f3j. Uszyty r\u0119cznie w naszej pracowni, w Polsce. Must have.\" \/>\n<meta property=\"og:url\" content=\"https:\/\/talia-fashion.pl\/en\/product\/klasyczny-luzny-trencz-damski-georgia\/\" \/>\n<meta property=\"og:site_name\" content=\"Talia Fashion\" \/>\n<meta property=\"article:modified_time\" content=\"2026-02-05T10:02:40+00:00\" \/>\n<meta property=\"og:image\" content=\"https:\/\/talia-fashion.pl\/wp-content\/uploads\/2024\/10\/klasyczny_luzny_trencz_damski_dwurzedowy_dlugi.jpg\" \/>\n\t<meta property=\"og:image:width\" content=\"1500\" \/>\n\t<meta property=\"og:image:height\" content=\"2000\" \/>\n\t<meta property=\"og:image:type\" content=\"image\/jpeg\" \/>\n<meta name=\"twitter:card\" content=\"summary_large_image\" \/>\n<meta name=\"twitter:label1\" content=\"Estimated reading time\" \/>\n\t<meta name=\"twitter:data1\" content=\"3 minutes\" \/>\n<script type=\"application\/ld+json\" class=\"yoast-schema-graph\">{\"@context\":\"https:\/\/schema.org\",\"@graph\":[{\"@type\":\"WebPage\",\"@id\":\"https:\/\/talia-fashion.pl\/produkt\/klasyczny-luzny-trencz-damski-georgia\/\",\"url\":\"https:\/\/talia-fashion.pl\/produkt\/klasyczny-luzny-trencz-damski-georgia\/\",\"name\":\"Klasyczny lu\u017any trencz damski Georgia - Talia Fashion - polskie p\u0142aszcze\",\"isPartOf\":{\"@id\":\"https:\/\/talia-fashion.pl\/#website\"},\"primaryImageOfPage\":{\"@id\":\"https:\/\/talia-fashion.pl\/produkt\/klasyczny-luzny-trencz-damski-georgia\/#primaryimage\"},\"image\":{\"@id\":\"https:\/\/talia-fashion.pl\/produkt\/klasyczny-luzny-trencz-damski-georgia\/#primaryimage\"},\"thumbnailUrl\":\"https:\/\/talia-fashion.pl\/wp-content\/uploads\/2024\/10\/klasyczny_luzny_trencz_damski_dwurzedowy_dlugi.jpg\",\"datePublished\":\"2022-03-17T17:48:12+00:00\",\"dateModified\":\"2026-02-05T10:02:40+00:00\",\"description\":\"Klasyczny lu\u017any trencz damski - raglanowe r\u0119kawy, wi\u0105zanie w pasie. Lu\u017any, oversizowy kr\u00f3j. Uszyty r\u0119cznie w naszej pracowni, w Polsce. Must have.\",\"breadcrumb\":{\"@id\":\"https:\/\/talia-fashion.pl\/produkt\/klasyczny-luzny-trencz-damski-georgia\/#breadcrumb\"},\"inLanguage\":\"en-GB\",\"potentialAction\":[{\"@type\":\"ReadAction\",\"target\":[\"https:\/\/talia-fashion.pl\/produkt\/klasyczny-luzny-trencz-damski-georgia\/\"]}]},{\"@type\":\"ImageObject\",\"inLanguage\":\"en-GB\",\"@id\":\"https:\/\/talia-fashion.pl\/produkt\/klasyczny-luzny-trencz-damski-georgia\/#primaryimage\",\"url\":\"https:\/\/talia-fashion.pl\/wp-content\/uploads\/2024\/10\/klasyczny_luzny_trencz_damski_dwurzedowy_dlugi.jpg\",\"contentUrl\":\"https:\/\/talia-fashion.pl\/wp-content\/uploads\/2024\/10\/klasyczny_luzny_trencz_damski_dwurzedowy_dlugi.jpg\",\"width\":1500,\"height\":2000,\"caption\":\"Klasyczny, lu\u017any trencz damski. Dwurz\u0119dowy, zapinany na kontrastowe guziki, wi\u0105zany z ozdobn\u0105 peleryn\u0105 na plecach.\"},{\"@type\":\"BreadcrumbList\",\"@id\":\"https:\/\/talia-fashion.pl\/produkt\/klasyczny-luzny-trencz-damski-georgia\/#breadcrumb\",\"itemListElement\":[{\"@type\":\"ListItem\",\"position\":1,\"name\":\"Strona g\u0142\u00f3wna\",\"item\":\"https:\/\/talia-fashion.pl\/\"},{\"@type\":\"ListItem\",\"position\":2,\"name\":\"Sklep\",\"item\":\"https:\/\/talia-fashion.pl\/sklep\/\"},{\"@type\":\"ListItem\",\"position\":3,\"name\":\"Klasyczny lu\u017any trencz damski Georgia\"}]},{\"@type\":\"WebSite\",\"@id\":\"https:\/\/talia-fashion.pl\/#website\",\"url\":\"https:\/\/talia-fashion.pl\/\",\"name\":\"Talia Fashion\",\"description\":\"\",\"potentialAction\":[{\"@type\":\"SearchAction\",\"target\":{\"@type\":\"EntryPoint\",\"urlTemplate\":\"https:\/\/talia-fashion.pl\/?s={search_term_string}\"},\"query-input\":{\"@type\":\"PropertyValueSpecification\",\"valueRequired\":true,\"valueName\":\"search_term_string\"}}],\"inLanguage\":\"en-GB\"}]}<\/script>\n<!-- \/ Yoast SEO plugin. -->","yoast_head_json":{"title":"Klasyczny lu\u017any trencz damski Georgia - Talia Fashion - polskie p\u0142aszcze","description":"Klasyczny lu\u017any trencz damski - raglanowe r\u0119kawy, wi\u0105zanie w pasie. Lu\u017any, oversizowy kr\u00f3j. Uszyty r\u0119cznie w naszej pracowni, w Polsce. Must have.","robots":{"index":"index","follow":"follow","max-snippet":"max-snippet:-1","max-image-preview":"max-image-preview:large","max-video-preview":"max-video-preview:-1"},"canonical":"https:\/\/talia-fashion.pl\/en\/product\/klasyczny-luzny-trencz-damski-georgia\/","og_locale":"en_GB","og_type":"article","og_title":"Klasyczny lu\u017any trencz damski Georgia - Talia Fashion - polskie p\u0142aszcze","og_description":"Klasyczny lu\u017any trencz damski - raglanowe r\u0119kawy, wi\u0105zanie w pasie. Lu\u017any, oversizowy kr\u00f3j. Uszyty r\u0119cznie w naszej pracowni, w Polsce. Must have.","og_url":"https:\/\/talia-fashion.pl\/en\/product\/klasyczny-luzny-trencz-damski-georgia\/","og_site_name":"Talia Fashion","article_modified_time":"2026-02-05T10:02:40+00:00","og_image":[{"width":1500,"height":2000,"url":"https:\/\/talia-fashion.pl\/wp-content\/uploads\/2024\/10\/klasyczny_luzny_trencz_damski_dwurzedowy_dlugi.jpg","type":"image\/jpeg"}],"twitter_card":"summary_large_image","twitter_misc":{"Estimated reading time":"3 minutes"},"schema":{"@context":"https:\/\/schema.org","@graph":[{"@type":"WebPage","@id":"https:\/\/talia-fashion.pl\/produkt\/klasyczny-luzny-trencz-damski-georgia\/","url":"https:\/\/talia-fashion.pl\/produkt\/klasyczny-luzny-trencz-damski-georgia\/","name":"Klasyczny lu\u017any trencz damski Georgia - Talia Fashion - polskie p\u0142aszcze","isPartOf":{"@id":"https:\/\/talia-fashion.pl\/#website"},"primaryImageOfPage":{"@id":"https:\/\/talia-fashion.pl\/produkt\/klasyczny-luzny-trencz-damski-georgia\/#primaryimage"},"image":{"@id":"https:\/\/talia-fashion.pl\/produkt\/klasyczny-luzny-trencz-damski-georgia\/#primaryimage"},"thumbnailUrl":"https:\/\/talia-fashion.pl\/wp-content\/uploads\/2024\/10\/klasyczny_luzny_trencz_damski_dwurzedowy_dlugi.jpg","datePublished":"2022-03-17T17:48:12+00:00","dateModified":"2026-02-05T10:02:40+00:00","description":"Klasyczny lu\u017any trencz damski - raglanowe r\u0119kawy, wi\u0105zanie w pasie. Lu\u017any, oversizowy kr\u00f3j. Uszyty r\u0119cznie w naszej pracowni, w Polsce. Must have.","breadcrumb":{"@id":"https:\/\/talia-fashion.pl\/produkt\/klasyczny-luzny-trencz-damski-georgia\/#breadcrumb"},"inLanguage":"en-GB","potentialAction":[{"@type":"ReadAction","target":["https:\/\/talia-fashion.pl\/produkt\/klasyczny-luzny-trencz-damski-georgia\/"]}]},{"@type":"ImageObject","inLanguage":"en-GB","@id":"https:\/\/talia-fashion.pl\/produkt\/klasyczny-luzny-trencz-damski-georgia\/#primaryimage","url":"https:\/\/talia-fashion.pl\/wp-content\/uploads\/2024\/10\/klasyczny_luzny_trencz_damski_dwurzedowy_dlugi.jpg","contentUrl":"https:\/\/talia-fashion.pl\/wp-content\/uploads\/2024\/10\/klasyczny_luzny_trencz_damski_dwurzedowy_dlugi.jpg","width":1500,"height":2000,"caption":"Klasyczny, lu\u017any trencz damski. Dwurz\u0119dowy, zapinany na kontrastowe guziki, wi\u0105zany z ozdobn\u0105 peleryn\u0105 na plecach."},{"@type":"BreadcrumbList","@id":"https:\/\/talia-fashion.pl\/produkt\/klasyczny-luzny-trencz-damski-georgia\/#breadcrumb","itemListElement":[{"@type":"ListItem","position":1,"name":"Strona g\u0142\u00f3wna","item":"https:\/\/talia-fashion.pl\/"},{"@type":"ListItem","position":2,"name":"Sklep","item":"https:\/\/talia-fashion.pl\/sklep\/"},{"@type":"ListItem","position":3,"name":"Klasyczny lu\u017any trencz damski Georgia"}]},{"@type":"WebSite","@id":"https:\/\/talia-fashion.pl\/#website","url":"https:\/\/talia-fashion.pl\/","name":"Talia Fashion","description":"","potentialAction":[{"@type":"SearchAction","target":{"@type":"EntryPoint","urlTemplate":"https:\/\/talia-fashion.pl\/?s={search_term_string}"},"query-input":{"@type":"PropertyValueSpecification","valueRequired":true,"valueName":"search_term_string"}}],"inLanguage":"en-GB"}]}},"_links":{"self":[{"href":"https:\/\/talia-fashion.pl\/en\/wp-json\/wp\/v2\/product\/4377","targetHints":{"allow":["GET"]}}],"collection":[{"href":"https:\/\/talia-fashion.pl\/en\/wp-json\/wp\/v2\/product"}],"about":[{"href":"https:\/\/talia-fashion.pl\/en\/wp-json\/wp\/v2\/types\/product"}],"wp:featuredmedia":[{"embeddable":true,"href":"https:\/\/talia-fashion.pl\/en\/wp-json\/wp\/v2\/media\/566"}],"wp:attachment":[{"href":"https:\/\/talia-fashion.pl\/en\/wp-json\/wp\/v2\/media?parent=4377"}],"wp:term":[{"taxonomy":"product_cat","embeddable":true,"href":"https:\/\/talia-fashion.pl\/en\/wp-json\/wp\/v2\/product_cat?post=4377"},{"taxonomy":"product_tag","embeddable":true,"href":"https:\/\/talia-fashion.pl\/en\/wp-json\/wp\/v2\/product_tag?post=4377"}],"curies":[{"name":"wp","href":"https:\/\/api.w.org\/{rel}","templated":true}]}}