{"id":4364,"date":"2022-03-16T13:21:25","date_gmt":"2022-03-16T12:21:25","guid":{"rendered":"http:\/\/talia-fashion.pl\/produkt\/krotki-trencz-luzny-barcelona\/"},"modified":"2026-02-13T10:41:37","modified_gmt":"2026-02-13T09:41:37","slug":"krotki-trencz-luzny-barcelona","status":"publish","type":"product","link":"https:\/\/talia-fashion.pl\/en\/product\/krotki-trencz-luzny-barcelona\/","title":{"rendered":"Short loose trench Barcelona"},"content":{"rendered":"<p>Kr\u00f3tki trencz lu\u017any Barcelona to prosty p\u0142aszczyk o fasonie dwurz\u0119dowej marynarki. Delikatnie taliowany ty\u0142, przody proste. Ko\u0142nierz wyk\u0142adany &#8211; rewers, o smuk\u0142ej linii, tworz\u0105cy dekolt w liter\u0119 V. Boczne, uko\u015bnie wpuszczane kieszenie z ozdobnymi patkami na froncie. Kr\u00f3tki trencz o d\u0142ugo\u015bci do po\u0142owy uda, bez paska. Szylkretowe guziki w dw\u00f3ch rz\u0119dach na przodzie oraz na mankietach. P\u0142aszczyk w ca\u0142o\u015bci na podszewce.<\/p>\n<p>Idealna propozycja na s\u0142oneczn\u0105 wiosn\u0119. Kr\u00f3tki, lu\u017any fason wy\u015bmienicie wygl\u0105da zestawiony zar\u00f3wno z d\u017cinsami jak i eleganckimi spodniami. Mo\u017cesz za\u0142o\u017cy\u0107 szpilki lub sportowe buty, shopperk\u0119 lub eleganck\u0105 torebk\u0119 i stylizowa\u0107 sw\u00f3j wygl\u0105d wed\u0142ug potrzeby. Klasyczna ale i swobodna linia sprawi, \u017ce zawsze b\u0119dziesz czu\u0142a si\u0119 wygodnie.<\/p>\n<p>Praktyczne wskaz\u00f3wki doboru p\u0142aszcza do figury umie\u015bcili\u015bmy w zak\u0142adce <a href=\"https:\/\/talia-fashion.pl\/en\/jak-dobrac-plaszcz-do-sylwetki\/\">How do you choose a coat to suit your figure?<\/a><\/p>\n<p>Zdj\u0119cie rzeczywiste \u2013 jasny be\u017cowy<br \/>\nDost\u0119pne kolory &#8211; jasny be\u017cowy<br \/>\nThe colours are presented in our <a href=\"https:\/\/talia-fashion.pl\/en\/paleta-kolorow\/\">Colour palette<\/a> As well as in the pictures of coats in other cuts. If in doubt, please do not hesitate to contact us.<\/p>\n<p>Available sizes: XS, S, M, L<\/p>\n<p>Indicative dimensions:<\/p>\n<p>XS &#8211; biust: 86-88 \/ biodra: 94-96 \/ d\u0142ugo\u015b\u0107: 79 \/ szeroko\u015b\u0107 ramion 34,5-35 \/ r\u0119kaw: 61<br \/>\nS - bust: 90-92 \/ hips: 98-100 \/ length: 80 \/ shoulder width 35.5-36 \/ sleeve: 62<br \/>\nM &#8211; biust: 94-96 \/ biodra: 102-104 \/ d\u0142ugo\u015b\u0107: 80\/ \u00a0szeroko\u015b\u0107 ramion 37-37,5 \/ r\u0119kaw: 62<br \/>\nL - bust: 98-100 \/ hips: 106-108 \/ length: 81 \/ shoulder width 39.5-40 \/ sleeve: 63<br \/>\nXL - bust: 104-106 \/ hips: 112-114 \/ length: 81 \/ shoulder width 42-42.5 \/ sleeve: 63<\/p>\n<p>Jak si\u0119 zmierzy\u0107 i dobra\u0107 rozmiar p\u0142aszcza podpowiadamy w naszym kr\u00f3tkim poradniku <a href=\"https:\/\/talia-fashion.pl\/en\/jak-dobrac-rozmiar\/\">How to choose a size?<\/a>\u00a0If you are unsure about the size, please contact us.<\/p>\n<p><span lang=\"DE\">Material: <\/span><span lang=\"DE\">63% polyester, 33% viscose, 4% elastane<\/span><br \/>\nLining: 100% acetate<\/p>\n<p>Like viscose, acetate is produced from cellulose. Acetate yarn can also be made from recycled cellulose such as paper. The acetate lining is excellent at absorbing moisture and allowing air to pass through. It is coated with an antistatic apprettee and is OEKOtex\u00ae Standard 100 certified.<\/p>\n<p>Wszystkie nasze p\u0142aszcze, tak\u017ce kr\u00f3tki trencz lu\u017any Barcelona, zaprojektowali\u015bmy i uszyli\u015bmy w naszej rodzinnej pracowni. Uprawiamy tradycyjne rzemios\u0142o i ka\u017cdy p\u0142aszcz szyjemy r\u0119cznie, co sprawia, \u017ce ka\u017cdy egzemplarz jest wyj\u0105tkowy.<\/p>\n<p>P\u0142aszczyk nale\u017cy czy\u015bci\u0107 chemicznie. Dodatkowe wskaz\u00f3wki jak w prosty spos\u00f3b dba\u0107 o p\u0142aszcz by m\u00f3c cieszy\u0107 si\u0119 nim latami umie\u015bcili\u015bmy w linku <a href=\"https:\/\/talia-fashion.pl\/en\/jak-pielegnowac-i-dbac-o-plaszcz\/\">How to nurture and care for the coat?<\/a> Proper hanging, airing and avoiding snagging will ensure that your coat stays beautiful for a long time. With proper care, you are prolonging the life of your wardrobe and helping to protect the environment.<\/p>\n<p>Istnieje r\u00f3wnie\u017c mo\u017cliwo\u015b\u0107 dokonania <strong>Individual order<\/strong> and make certain modifications at the client's special request (shortening\/ lengthening of sleeves, shortening\/ lengthening of coat). The options available and the cost of such a service, is determined individually, after prior contact.<br \/>\n<strong>An individual order is not subject to exchange or refund.<\/strong><\/p>\n<p>The delivery time depends on the current stock in the atelier and the availability of the given colour of material. If the given coat is available in the atelier, the order will be fulfilled very quickly - 2-5 working days. If it is necessary to sew the coat or individualise the order - making alterations or sewing a new coat - the lead time may be extended, up to a maximum of 2 weeks.<\/p>\n<p>Prosimy o cierpliwo\u015b\u0107, uprawiamy tradycyjne krawiectwo i musimy uszy\u0107 ten p\u0142aszczyk dla Ciebie.<br \/>\nThank you!<\/p>\n<p>Zosta\u0144 z nami i obserwuj nas na <a href=\"https:\/\/www.facebook.com\/talia.plaszcze\">Facebook<\/a> and <a href=\"https:\/\/www.instagram.com\/talia_plaszcze\/\">Instagram<\/a>.<\/p>","protected":false},"excerpt":{"rendered":"<p>Kr\u00f3tki trencz lu\u017any Barcelona to prosty p\u0142aszczyk o fasonie dwurz\u0119dowej marynarki. Delikatnie taliowany ty\u0142, przody proste. Ko\u0142nierz wyk\u0142adany &#8211; rewers, o smuk\u0142ej&hellip;<\/p>","protected":false},"featured_media":561,"template":"","meta":{"_acf_changed":false},"product_cat":[55],"product_tag":[78,33,34,39,80,116,41,42,43,83,47,84,49,50,51,52,97],"class_list":{"0":"post-4364","1":"product","2":"type-product","3":"status-publish","4":"has-post-thumbnail","6":"product_cat-plaszcze-krotsze","7":"product_tag-dla-roznych-sylwetek","8":"product_tag-dwurzedowy","9":"product_tag-handmade","10":"product_tag-klasyczny","11":"product_tag-luzny-kroj","12":"product_tag-marynarka","13":"product_tag-na-podszewce","14":"product_tag-nowosc","15":"product_tag-plaszcz-damski","16":"product_tag-plaszcz-luzny","17":"product_tag-plaszcz-na-guziki","18":"product_tag-plaszcz-oversizowy","19":"product_tag-plaszcz-wiosenny","20":"product_tag-plaszcz-z-rewersem","21":"product_tag-prosty","22":"product_tag-szylkretowe-guziki","23":"product_tag-trencz","25":"first","26":"instock","27":"shipping-taxable","28":"purchasable","29":"product-type-variable","30":"has-default-attributes"},"acf":[],"yoast_head":"<!-- This site is optimized with the Yoast SEO plugin v25.7 - https:\/\/yoast.com\/wordpress\/plugins\/seo\/ -->\n<title>Kr\u00f3tki trencz lu\u017any Barcelona - Talia Fashion - p\u0142aszcze damskie<\/title>\n<meta name=\"description\" content=\"Kr\u00f3tki trencz lu\u017any Barcelona - fason, kt\u00f3ry zapewnia wygod\u0119 i komfort noszenia. Kr\u00f3tka, dwurz\u0119dowa forma, bez paska. Uszyty w Polsce.\" \/>\n<meta name=\"robots\" content=\"index, follow, max-snippet:-1, max-image-preview:large, max-video-preview:-1\" \/>\n<link rel=\"canonical\" href=\"https:\/\/talia-fashion.pl\/en\/product\/krotki-trencz-luzny-barcelona\/\" \/>\n<meta property=\"og:locale\" content=\"en_GB\" \/>\n<meta property=\"og:type\" content=\"article\" \/>\n<meta property=\"og:title\" content=\"Kr\u00f3tki trencz lu\u017any Barcelona - Talia Fashion - p\u0142aszcze damskie\" \/>\n<meta property=\"og:description\" content=\"Kr\u00f3tki trencz lu\u017any Barcelona - fason, kt\u00f3ry zapewnia wygod\u0119 i komfort noszenia. Kr\u00f3tka, dwurz\u0119dowa forma, bez paska. Uszyty w Polsce.\" \/>\n<meta property=\"og:url\" content=\"https:\/\/talia-fashion.pl\/en\/product\/krotki-trencz-luzny-barcelona\/\" \/>\n<meta property=\"og:site_name\" content=\"Talia Fashion\" \/>\n<meta property=\"article:modified_time\" content=\"2026-02-13T09:41:37+00:00\" \/>\n<meta property=\"og:image\" content=\"https:\/\/talia-fashion.pl\/wp-content\/uploads\/2024\/10\/krotki-trencz-luzny-wiosenny-bezowy.jpg\" \/>\n\t<meta property=\"og:image:width\" content=\"1000\" \/>\n\t<meta property=\"og:image:height\" content=\"1500\" \/>\n\t<meta property=\"og:image:type\" content=\"image\/jpeg\" \/>\n<meta name=\"twitter:card\" content=\"summary_large_image\" \/>\n<meta name=\"twitter:label1\" content=\"Estimated reading time\" \/>\n\t<meta name=\"twitter:data1\" content=\"3 minutes\" \/>\n<script type=\"application\/ld+json\" class=\"yoast-schema-graph\">{\"@context\":\"https:\/\/schema.org\",\"@graph\":[{\"@type\":\"WebPage\",\"@id\":\"https:\/\/talia-fashion.pl\/produkt\/krotki-trencz-luzny-barcelona\/\",\"url\":\"https:\/\/talia-fashion.pl\/produkt\/krotki-trencz-luzny-barcelona\/\",\"name\":\"Kr\u00f3tki trencz lu\u017any Barcelona - Talia Fashion - p\u0142aszcze damskie\",\"isPartOf\":{\"@id\":\"https:\/\/talia-fashion.pl\/#website\"},\"primaryImageOfPage\":{\"@id\":\"https:\/\/talia-fashion.pl\/produkt\/krotki-trencz-luzny-barcelona\/#primaryimage\"},\"image\":{\"@id\":\"https:\/\/talia-fashion.pl\/produkt\/krotki-trencz-luzny-barcelona\/#primaryimage\"},\"thumbnailUrl\":\"https:\/\/talia-fashion.pl\/wp-content\/uploads\/2024\/10\/krotki-trencz-luzny-wiosenny-bezowy.jpg\",\"datePublished\":\"2022-03-16T12:21:25+00:00\",\"dateModified\":\"2026-02-13T09:41:37+00:00\",\"description\":\"Kr\u00f3tki trencz lu\u017any Barcelona - fason, kt\u00f3ry zapewnia wygod\u0119 i komfort noszenia. Kr\u00f3tka, dwurz\u0119dowa forma, bez paska. Uszyty w Polsce.\",\"breadcrumb\":{\"@id\":\"https:\/\/talia-fashion.pl\/produkt\/krotki-trencz-luzny-barcelona\/#breadcrumb\"},\"inLanguage\":\"en-GB\",\"potentialAction\":[{\"@type\":\"ReadAction\",\"target\":[\"https:\/\/talia-fashion.pl\/produkt\/krotki-trencz-luzny-barcelona\/\"]}]},{\"@type\":\"ImageObject\",\"inLanguage\":\"en-GB\",\"@id\":\"https:\/\/talia-fashion.pl\/produkt\/krotki-trencz-luzny-barcelona\/#primaryimage\",\"url\":\"https:\/\/talia-fashion.pl\/wp-content\/uploads\/2024\/10\/krotki-trencz-luzny-wiosenny-bezowy.jpg\",\"contentUrl\":\"https:\/\/talia-fashion.pl\/wp-content\/uploads\/2024\/10\/krotki-trencz-luzny-wiosenny-bezowy.jpg\",\"width\":1000,\"height\":1500,\"caption\":\"Kr\u00f3tki trencz lu\u017any bez paska z dwurz\u0119dowym zapi\u0119ciem w kolorze be\u017cowym.\"},{\"@type\":\"BreadcrumbList\",\"@id\":\"https:\/\/talia-fashion.pl\/produkt\/krotki-trencz-luzny-barcelona\/#breadcrumb\",\"itemListElement\":[{\"@type\":\"ListItem\",\"position\":1,\"name\":\"Strona g\u0142\u00f3wna\",\"item\":\"https:\/\/talia-fashion.pl\/\"},{\"@type\":\"ListItem\",\"position\":2,\"name\":\"Sklep\",\"item\":\"https:\/\/talia-fashion.pl\/sklep\/\"},{\"@type\":\"ListItem\",\"position\":3,\"name\":\"Kr\u00f3tki trencz lu\u017any Barcelona\"}]},{\"@type\":\"WebSite\",\"@id\":\"https:\/\/talia-fashion.pl\/#website\",\"url\":\"https:\/\/talia-fashion.pl\/\",\"name\":\"Talia Fashion\",\"description\":\"\",\"potentialAction\":[{\"@type\":\"SearchAction\",\"target\":{\"@type\":\"EntryPoint\",\"urlTemplate\":\"https:\/\/talia-fashion.pl\/?s={search_term_string}\"},\"query-input\":{\"@type\":\"PropertyValueSpecification\",\"valueRequired\":true,\"valueName\":\"search_term_string\"}}],\"inLanguage\":\"en-GB\"}]}<\/script>\n<!-- \/ Yoast SEO plugin. -->","yoast_head_json":{"title":"Kr\u00f3tki trencz lu\u017any Barcelona - Talia Fashion - p\u0142aszcze damskie","description":"Kr\u00f3tki trencz lu\u017any Barcelona - fason, kt\u00f3ry zapewnia wygod\u0119 i komfort noszenia. Kr\u00f3tka, dwurz\u0119dowa forma, bez paska. Uszyty w Polsce.","robots":{"index":"index","follow":"follow","max-snippet":"max-snippet:-1","max-image-preview":"max-image-preview:large","max-video-preview":"max-video-preview:-1"},"canonical":"https:\/\/talia-fashion.pl\/en\/product\/krotki-trencz-luzny-barcelona\/","og_locale":"en_GB","og_type":"article","og_title":"Kr\u00f3tki trencz lu\u017any Barcelona - Talia Fashion - p\u0142aszcze damskie","og_description":"Kr\u00f3tki trencz lu\u017any Barcelona - fason, kt\u00f3ry zapewnia wygod\u0119 i komfort noszenia. Kr\u00f3tka, dwurz\u0119dowa forma, bez paska. Uszyty w Polsce.","og_url":"https:\/\/talia-fashion.pl\/en\/product\/krotki-trencz-luzny-barcelona\/","og_site_name":"Talia Fashion","article_modified_time":"2026-02-13T09:41:37+00:00","og_image":[{"width":1000,"height":1500,"url":"https:\/\/talia-fashion.pl\/wp-content\/uploads\/2024\/10\/krotki-trencz-luzny-wiosenny-bezowy.jpg","type":"image\/jpeg"}],"twitter_card":"summary_large_image","twitter_misc":{"Estimated reading time":"3 minutes"},"schema":{"@context":"https:\/\/schema.org","@graph":[{"@type":"WebPage","@id":"https:\/\/talia-fashion.pl\/produkt\/krotki-trencz-luzny-barcelona\/","url":"https:\/\/talia-fashion.pl\/produkt\/krotki-trencz-luzny-barcelona\/","name":"Kr\u00f3tki trencz lu\u017any Barcelona - Talia Fashion - p\u0142aszcze damskie","isPartOf":{"@id":"https:\/\/talia-fashion.pl\/#website"},"primaryImageOfPage":{"@id":"https:\/\/talia-fashion.pl\/produkt\/krotki-trencz-luzny-barcelona\/#primaryimage"},"image":{"@id":"https:\/\/talia-fashion.pl\/produkt\/krotki-trencz-luzny-barcelona\/#primaryimage"},"thumbnailUrl":"https:\/\/talia-fashion.pl\/wp-content\/uploads\/2024\/10\/krotki-trencz-luzny-wiosenny-bezowy.jpg","datePublished":"2022-03-16T12:21:25+00:00","dateModified":"2026-02-13T09:41:37+00:00","description":"Kr\u00f3tki trencz lu\u017any Barcelona - fason, kt\u00f3ry zapewnia wygod\u0119 i komfort noszenia. Kr\u00f3tka, dwurz\u0119dowa forma, bez paska. Uszyty w Polsce.","breadcrumb":{"@id":"https:\/\/talia-fashion.pl\/produkt\/krotki-trencz-luzny-barcelona\/#breadcrumb"},"inLanguage":"en-GB","potentialAction":[{"@type":"ReadAction","target":["https:\/\/talia-fashion.pl\/produkt\/krotki-trencz-luzny-barcelona\/"]}]},{"@type":"ImageObject","inLanguage":"en-GB","@id":"https:\/\/talia-fashion.pl\/produkt\/krotki-trencz-luzny-barcelona\/#primaryimage","url":"https:\/\/talia-fashion.pl\/wp-content\/uploads\/2024\/10\/krotki-trencz-luzny-wiosenny-bezowy.jpg","contentUrl":"https:\/\/talia-fashion.pl\/wp-content\/uploads\/2024\/10\/krotki-trencz-luzny-wiosenny-bezowy.jpg","width":1000,"height":1500,"caption":"Kr\u00f3tki trencz lu\u017any bez paska z dwurz\u0119dowym zapi\u0119ciem w kolorze be\u017cowym."},{"@type":"BreadcrumbList","@id":"https:\/\/talia-fashion.pl\/produkt\/krotki-trencz-luzny-barcelona\/#breadcrumb","itemListElement":[{"@type":"ListItem","position":1,"name":"Strona g\u0142\u00f3wna","item":"https:\/\/talia-fashion.pl\/"},{"@type":"ListItem","position":2,"name":"Sklep","item":"https:\/\/talia-fashion.pl\/sklep\/"},{"@type":"ListItem","position":3,"name":"Kr\u00f3tki trencz lu\u017any Barcelona"}]},{"@type":"WebSite","@id":"https:\/\/talia-fashion.pl\/#website","url":"https:\/\/talia-fashion.pl\/","name":"Talia Fashion","description":"","potentialAction":[{"@type":"SearchAction","target":{"@type":"EntryPoint","urlTemplate":"https:\/\/talia-fashion.pl\/?s={search_term_string}"},"query-input":{"@type":"PropertyValueSpecification","valueRequired":true,"valueName":"search_term_string"}}],"inLanguage":"en-GB"}]}},"_links":{"self":[{"href":"https:\/\/talia-fashion.pl\/en\/wp-json\/wp\/v2\/product\/4364","targetHints":{"allow":["GET"]}}],"collection":[{"href":"https:\/\/talia-fashion.pl\/en\/wp-json\/wp\/v2\/product"}],"about":[{"href":"https:\/\/talia-fashion.pl\/en\/wp-json\/wp\/v2\/types\/product"}],"wp:featuredmedia":[{"embeddable":true,"href":"https:\/\/talia-fashion.pl\/en\/wp-json\/wp\/v2\/media\/561"}],"wp:attachment":[{"href":"https:\/\/talia-fashion.pl\/en\/wp-json\/wp\/v2\/media?parent=4364"}],"wp:term":[{"taxonomy":"product_cat","embeddable":true,"href":"https:\/\/talia-fashion.pl\/en\/wp-json\/wp\/v2\/product_cat?post=4364"},{"taxonomy":"product_tag","embeddable":true,"href":"https:\/\/talia-fashion.pl\/en\/wp-json\/wp\/v2\/product_tag?post=4364"}],"curies":[{"name":"wp","href":"https:\/\/api.w.org\/{rel}","templated":true}]}}