{"id":4339,"date":"2022-03-07T20:35:53","date_gmt":"2022-03-07T19:35:53","guid":{"rendered":"http:\/\/talia-fashion.pl\/produkt\/wiosenny-plaszcz-marynarka-pomaranczowa-barcelona\/"},"modified":"2026-04-09T13:21:41","modified_gmt":"2026-04-09T11:21:41","slug":"wiosenny-plaszcz-marynarka-pomaranczowa-barcelona","status":"publish","type":"product","link":"https:\/\/talia-fashion.pl\/en\/product\/wiosenny-plaszcz-marynarka-pomaranczowa-barcelona\/","title":{"rendered":"Spring coat blazer orange Barcelona"},"content":{"rendered":"<p>The orange Barcelona spring blazer coat is a suggestion for adding colour to spring. A coat that combines a soft fit with a straight, navy cut. The back subtly emphasises the line of the back, the front straight. Two side pockets sewn diagonally. Decorative patches on the front. Coat without a belt, mid-thigh length. Reverse collar, creating a slimming pointed neckline. Double-breasted coat in an ovesize style. Fully lined.<\/p>\n<p>The Barcelona will fit perfectly into your spring styling, looking great paired with both jeans and a skirt. It's a great alternative to a jacket as an outer garment. It looks great both buttoned and unbuttoned. It will make a great combination with jeans, a jumper and stilettos. However, if your everyday outfit only includes flat heeled shoes or sneakers, the Barcelona blazer will also fit perfectly into this ensemble. The classic, uncluttered line and the offbeat colour will make you unique every day.<\/p>\n<p>You are welcome to use our guidance <a href=\"https:\/\/talia-fashion.pl\/en\/jak-dobrac-plaszcz-do-sylwetki\/\">How do you choose a coat to suit your figure?<\/a><\/p>\n<p>Actual photo - orange<br \/>\nAvailable colours - orange<br \/>\nThe colours are presented in our <a href=\"https:\/\/talia-fashion.pl\/en\/paleta-kolorow\/\">Colour palette<\/a> As well as in the pictures of coats in other cuts. If in doubt, please do not hesitate to contact us.<\/p>\n<p>Available sizes: XS, S, M, L, XL<\/p>\n<p>Indicative dimensions:<\/p>\n<p>XS - bust: 86-88 \/ hips: 92-94 \/ length: 79 \/ shoulder width 34.5-35 \/ sleeve: 61<br \/>\nS - bust: 90-92 \/ hips: 96-98 \/ length: 80 \/ shoulder width 35.5-36 \/ sleeve: 62<br \/>\nM - bust: 94-96 \/ hips: 100-102 \/ length: 80\/ shoulder width 37-37.5 \/ sleeve: 62<br \/>\nL - bust: 98-100 \/ hips: 106-108 \/ length: 81 \/ shoulder width 39.5-40 \/ sleeve: 63<br \/>\nXL - bust: 104-106 \/ hips: 112-114 \/ length: 81 \/ shoulder width 42-42.5 \/ sleeve: 63<\/p>\n<p>In our short guide <a href=\"https:\/\/talia-fashion.pl\/en\/jak-dobrac-rozmiar\/\">How to choose a size?<\/a> we explain how to measure yourself and choose your coat size. If you are unsure about your size, please contact us.<\/p>\n<p><span lang=\"DE\">Material: <\/span><span lang=\"DE\">63% polyester, 33% viscose, 4% elastane<\/span><br \/>\nLining: 100% acetate<\/p>\n<p>Like viscose, acetate is produced from cellulose. Acetate yarn can also be made from recycled cellulose such as paper. The acetate lining is excellent at absorbing moisture and allowing air to pass through. It is coated with an antistatic apprettee and is OEKOtex\u00ae Standard 100 certified.<\/p>\n<p>The orange Barcelona spring blazer coat is designed and sewn in our family workshop. We sew each coat by hand, which makes each piece unique.<\/p>\n<p>The coat should be dry-cleaned. In addition, we suggest how to easily take care of your coat to enjoy it for years to come <a href=\"https:\/\/talia-fashion.pl\/en\/jak-pielegnowac-i-dbac-o-plaszcz\/\">How to nurture and care for the coat?<\/a> Proper hanging, airing and avoiding snagging will ensure that your coat stays beautiful for a long time. With proper care, you are prolonging the life of your wardrobe and helping to protect the environment.<\/p>\n<p>We also offer the possibility of making <strong>Individual order<\/strong> and make certain modifications at the client's special request (shortening\/ lengthening of sleeves, shortening\/ lengthening of coat). The options available and the cost of such a service, is determined individually, after prior contact.<br \/>\n<strong>An individual order is not subject to exchange or refund.<\/strong><\/p>\n<p>The delivery time depends on the current stock in the atelier and the availability of the given colour of material. If the given coat is available in the atelier, the order will be fulfilled very quickly - 2-5 working days. If it is necessary to sew the coat or individualise the order - making alterations or sewing a new coat - the lead time may be extended, up to a maximum of 2 weeks.<\/p>\n<p>We practice traditional tailoring, so please be patient as we need to sew this coat for you.<br \/>\nThank you!<\/p>\n<p>You are welcome, stay with us and watch us on <a href=\"https:\/\/www.facebook.com\/talia.plaszcze\">Facebook<\/a> and <a href=\"https:\/\/www.instagram.com\/talia_plaszcze\/\">Instagram<\/a>.<\/p>","protected":false},"excerpt":{"rendered":"<p>Wiosenny p\u0142aszcz marynarka pomara\u0144czowa Barcelona to propozycja na ubarwienie wiosny. P\u0142aszczyk \u0142\u0105cz\u0105cy w swoim fasonie delikatne dopasowanie z prostym, marynarkowym krojem. Ty\u0142&hellip;<\/p>","protected":false},"featured_media":550,"template":"","meta":{"_acf_changed":false},"product_cat":[55],"product_tag":[78,33,34,39,80,116,41,42,43,83,47,84,49,50,51],"class_list":{"0":"post-4339","1":"product","2":"type-product","3":"status-publish","4":"has-post-thumbnail","6":"product_cat-plaszcze-krotsze","7":"product_tag-dla-roznych-sylwetek","8":"product_tag-dwurzedowy","9":"product_tag-handmade","10":"product_tag-klasyczny","11":"product_tag-luzny-kroj","12":"product_tag-marynarka","13":"product_tag-na-podszewce","14":"product_tag-nowosc","15":"product_tag-plaszcz-damski","16":"product_tag-plaszcz-luzny","17":"product_tag-plaszcz-na-guziki","18":"product_tag-plaszcz-oversizowy","19":"product_tag-plaszcz-wiosenny","20":"product_tag-plaszcz-z-rewersem","21":"product_tag-prosty","23":"first","24":"instock","25":"shipping-taxable","26":"purchasable","27":"product-type-variable","28":"has-default-attributes"},"acf":[],"yoast_head":"<!-- This site is optimized with the Yoast SEO plugin v25.7 - https:\/\/yoast.com\/wordpress\/plugins\/seo\/ -->\n<title>Wiosenny p\u0142aszcz marynarka pomara\u0144czowa Barcelona - Talia Fashion<\/title>\n<meta name=\"description\" content=\"Wiosenny p\u0142aszcz marynarka pomara\u0144czowa - fason, kt\u00f3ry zapewnia wygod\u0119 i komfort noszenia. Przywo\u0142aj wiosn\u0119 energicznym kolorem.\" \/>\n<meta name=\"robots\" content=\"index, follow, max-snippet:-1, max-image-preview:large, max-video-preview:-1\" \/>\n<link rel=\"canonical\" href=\"https:\/\/talia-fashion.pl\/en\/product\/wiosenny-plaszcz-marynarka-pomaranczowa-barcelona\/\" \/>\n<meta property=\"og:locale\" content=\"en_GB\" \/>\n<meta property=\"og:type\" content=\"article\" \/>\n<meta property=\"og:title\" content=\"Wiosenny p\u0142aszcz marynarka pomara\u0144czowa Barcelona - Talia Fashion\" \/>\n<meta property=\"og:description\" content=\"Wiosenny p\u0142aszcz marynarka pomara\u0144czowa - fason, kt\u00f3ry zapewnia wygod\u0119 i komfort noszenia. Przywo\u0142aj wiosn\u0119 energicznym kolorem.\" \/>\n<meta property=\"og:url\" content=\"https:\/\/talia-fashion.pl\/en\/product\/wiosenny-plaszcz-marynarka-pomaranczowa-barcelona\/\" \/>\n<meta property=\"og:site_name\" content=\"Talia Fashion\" \/>\n<meta property=\"article:modified_time\" content=\"2026-04-09T11:21:41+00:00\" \/>\n<meta property=\"og:image\" content=\"https:\/\/talia-fashion.pl\/wp-content\/uploads\/2024\/10\/wiosenny-plaszcz-marynarka-pomaranczowa.jpg\" \/>\n\t<meta property=\"og:image:width\" content=\"1000\" \/>\n\t<meta property=\"og:image:height\" content=\"1500\" \/>\n\t<meta property=\"og:image:type\" content=\"image\/jpeg\" \/>\n<meta name=\"twitter:card\" content=\"summary_large_image\" \/>\n<meta name=\"twitter:label1\" content=\"Estimated reading time\" \/>\n\t<meta name=\"twitter:data1\" content=\"3 minutes\" \/>\n<script type=\"application\/ld+json\" class=\"yoast-schema-graph\">{\"@context\":\"https:\/\/schema.org\",\"@graph\":[{\"@type\":\"WebPage\",\"@id\":\"https:\/\/talia-fashion.pl\/produkt\/wiosenny-plaszcz-marynarka-pomaranczowa-barcelona\/\",\"url\":\"https:\/\/talia-fashion.pl\/produkt\/wiosenny-plaszcz-marynarka-pomaranczowa-barcelona\/\",\"name\":\"Wiosenny p\u0142aszcz marynarka pomara\u0144czowa Barcelona - Talia Fashion\",\"isPartOf\":{\"@id\":\"https:\/\/talia-fashion.pl\/#website\"},\"primaryImageOfPage\":{\"@id\":\"https:\/\/talia-fashion.pl\/produkt\/wiosenny-plaszcz-marynarka-pomaranczowa-barcelona\/#primaryimage\"},\"image\":{\"@id\":\"https:\/\/talia-fashion.pl\/produkt\/wiosenny-plaszcz-marynarka-pomaranczowa-barcelona\/#primaryimage\"},\"thumbnailUrl\":\"https:\/\/talia-fashion.pl\/wp-content\/uploads\/2024\/10\/wiosenny-plaszcz-marynarka-pomaranczowa.jpg\",\"datePublished\":\"2022-03-07T19:35:53+00:00\",\"dateModified\":\"2026-04-09T11:21:41+00:00\",\"description\":\"Wiosenny p\u0142aszcz marynarka pomara\u0144czowa - fason, kt\u00f3ry zapewnia wygod\u0119 i komfort noszenia. Przywo\u0142aj wiosn\u0119 energicznym kolorem.\",\"breadcrumb\":{\"@id\":\"https:\/\/talia-fashion.pl\/produkt\/wiosenny-plaszcz-marynarka-pomaranczowa-barcelona\/#breadcrumb\"},\"inLanguage\":\"en-GB\",\"potentialAction\":[{\"@type\":\"ReadAction\",\"target\":[\"https:\/\/talia-fashion.pl\/produkt\/wiosenny-plaszcz-marynarka-pomaranczowa-barcelona\/\"]}]},{\"@type\":\"ImageObject\",\"inLanguage\":\"en-GB\",\"@id\":\"https:\/\/talia-fashion.pl\/produkt\/wiosenny-plaszcz-marynarka-pomaranczowa-barcelona\/#primaryimage\",\"url\":\"https:\/\/talia-fashion.pl\/wp-content\/uploads\/2024\/10\/wiosenny-plaszcz-marynarka-pomaranczowa.jpg\",\"contentUrl\":\"https:\/\/talia-fashion.pl\/wp-content\/uploads\/2024\/10\/wiosenny-plaszcz-marynarka-pomaranczowa.jpg\",\"width\":1000,\"height\":1500,\"caption\":\"Wiosenny p\u0142aszcz marynarka pomara\u0144czowa, dwurz\u0119dowa prosta z ozdobnymi patkami.\"},{\"@type\":\"BreadcrumbList\",\"@id\":\"https:\/\/talia-fashion.pl\/produkt\/wiosenny-plaszcz-marynarka-pomaranczowa-barcelona\/#breadcrumb\",\"itemListElement\":[{\"@type\":\"ListItem\",\"position\":1,\"name\":\"Strona g\u0142\u00f3wna\",\"item\":\"https:\/\/talia-fashion.pl\/\"},{\"@type\":\"ListItem\",\"position\":2,\"name\":\"Sklep\",\"item\":\"https:\/\/talia-fashion.pl\/sklep\/\"},{\"@type\":\"ListItem\",\"position\":3,\"name\":\"Wiosenny p\u0142aszcz marynarka pomara\u0144czowa Barcelona\"}]},{\"@type\":\"WebSite\",\"@id\":\"https:\/\/talia-fashion.pl\/#website\",\"url\":\"https:\/\/talia-fashion.pl\/\",\"name\":\"Talia Fashion\",\"description\":\"\",\"potentialAction\":[{\"@type\":\"SearchAction\",\"target\":{\"@type\":\"EntryPoint\",\"urlTemplate\":\"https:\/\/talia-fashion.pl\/?s={search_term_string}\"},\"query-input\":{\"@type\":\"PropertyValueSpecification\",\"valueRequired\":true,\"valueName\":\"search_term_string\"}}],\"inLanguage\":\"en-GB\"}]}<\/script>\n<!-- \/ Yoast SEO plugin. -->","yoast_head_json":{"title":"Wiosenny p\u0142aszcz marynarka pomara\u0144czowa Barcelona - Talia Fashion","description":"Wiosenny p\u0142aszcz marynarka pomara\u0144czowa - fason, kt\u00f3ry zapewnia wygod\u0119 i komfort noszenia. Przywo\u0142aj wiosn\u0119 energicznym kolorem.","robots":{"index":"index","follow":"follow","max-snippet":"max-snippet:-1","max-image-preview":"max-image-preview:large","max-video-preview":"max-video-preview:-1"},"canonical":"https:\/\/talia-fashion.pl\/en\/product\/wiosenny-plaszcz-marynarka-pomaranczowa-barcelona\/","og_locale":"en_GB","og_type":"article","og_title":"Wiosenny p\u0142aszcz marynarka pomara\u0144czowa Barcelona - Talia Fashion","og_description":"Wiosenny p\u0142aszcz marynarka pomara\u0144czowa - fason, kt\u00f3ry zapewnia wygod\u0119 i komfort noszenia. Przywo\u0142aj wiosn\u0119 energicznym kolorem.","og_url":"https:\/\/talia-fashion.pl\/en\/product\/wiosenny-plaszcz-marynarka-pomaranczowa-barcelona\/","og_site_name":"Talia Fashion","article_modified_time":"2026-04-09T11:21:41+00:00","og_image":[{"width":1000,"height":1500,"url":"https:\/\/talia-fashion.pl\/wp-content\/uploads\/2024\/10\/wiosenny-plaszcz-marynarka-pomaranczowa.jpg","type":"image\/jpeg"}],"twitter_card":"summary_large_image","twitter_misc":{"Estimated reading time":"3 minutes"},"schema":{"@context":"https:\/\/schema.org","@graph":[{"@type":"WebPage","@id":"https:\/\/talia-fashion.pl\/produkt\/wiosenny-plaszcz-marynarka-pomaranczowa-barcelona\/","url":"https:\/\/talia-fashion.pl\/produkt\/wiosenny-plaszcz-marynarka-pomaranczowa-barcelona\/","name":"Wiosenny p\u0142aszcz marynarka pomara\u0144czowa Barcelona - Talia Fashion","isPartOf":{"@id":"https:\/\/talia-fashion.pl\/#website"},"primaryImageOfPage":{"@id":"https:\/\/talia-fashion.pl\/produkt\/wiosenny-plaszcz-marynarka-pomaranczowa-barcelona\/#primaryimage"},"image":{"@id":"https:\/\/talia-fashion.pl\/produkt\/wiosenny-plaszcz-marynarka-pomaranczowa-barcelona\/#primaryimage"},"thumbnailUrl":"https:\/\/talia-fashion.pl\/wp-content\/uploads\/2024\/10\/wiosenny-plaszcz-marynarka-pomaranczowa.jpg","datePublished":"2022-03-07T19:35:53+00:00","dateModified":"2026-04-09T11:21:41+00:00","description":"Wiosenny p\u0142aszcz marynarka pomara\u0144czowa - fason, kt\u00f3ry zapewnia wygod\u0119 i komfort noszenia. Przywo\u0142aj wiosn\u0119 energicznym kolorem.","breadcrumb":{"@id":"https:\/\/talia-fashion.pl\/produkt\/wiosenny-plaszcz-marynarka-pomaranczowa-barcelona\/#breadcrumb"},"inLanguage":"en-GB","potentialAction":[{"@type":"ReadAction","target":["https:\/\/talia-fashion.pl\/produkt\/wiosenny-plaszcz-marynarka-pomaranczowa-barcelona\/"]}]},{"@type":"ImageObject","inLanguage":"en-GB","@id":"https:\/\/talia-fashion.pl\/produkt\/wiosenny-plaszcz-marynarka-pomaranczowa-barcelona\/#primaryimage","url":"https:\/\/talia-fashion.pl\/wp-content\/uploads\/2024\/10\/wiosenny-plaszcz-marynarka-pomaranczowa.jpg","contentUrl":"https:\/\/talia-fashion.pl\/wp-content\/uploads\/2024\/10\/wiosenny-plaszcz-marynarka-pomaranczowa.jpg","width":1000,"height":1500,"caption":"Wiosenny p\u0142aszcz marynarka pomara\u0144czowa, dwurz\u0119dowa prosta z ozdobnymi patkami."},{"@type":"BreadcrumbList","@id":"https:\/\/talia-fashion.pl\/produkt\/wiosenny-plaszcz-marynarka-pomaranczowa-barcelona\/#breadcrumb","itemListElement":[{"@type":"ListItem","position":1,"name":"Strona g\u0142\u00f3wna","item":"https:\/\/talia-fashion.pl\/"},{"@type":"ListItem","position":2,"name":"Sklep","item":"https:\/\/talia-fashion.pl\/sklep\/"},{"@type":"ListItem","position":3,"name":"Wiosenny p\u0142aszcz marynarka pomara\u0144czowa Barcelona"}]},{"@type":"WebSite","@id":"https:\/\/talia-fashion.pl\/#website","url":"https:\/\/talia-fashion.pl\/","name":"Talia Fashion","description":"","potentialAction":[{"@type":"SearchAction","target":{"@type":"EntryPoint","urlTemplate":"https:\/\/talia-fashion.pl\/?s={search_term_string}"},"query-input":{"@type":"PropertyValueSpecification","valueRequired":true,"valueName":"search_term_string"}}],"inLanguage":"en-GB"}]}},"_links":{"self":[{"href":"https:\/\/talia-fashion.pl\/en\/wp-json\/wp\/v2\/product\/4339","targetHints":{"allow":["GET"]}}],"collection":[{"href":"https:\/\/talia-fashion.pl\/en\/wp-json\/wp\/v2\/product"}],"about":[{"href":"https:\/\/talia-fashion.pl\/en\/wp-json\/wp\/v2\/types\/product"}],"wp:featuredmedia":[{"embeddable":true,"href":"https:\/\/talia-fashion.pl\/en\/wp-json\/wp\/v2\/media\/550"}],"wp:attachment":[{"href":"https:\/\/talia-fashion.pl\/en\/wp-json\/wp\/v2\/media?parent=4339"}],"wp:term":[{"taxonomy":"product_cat","embeddable":true,"href":"https:\/\/talia-fashion.pl\/en\/wp-json\/wp\/v2\/product_cat?post=4339"},{"taxonomy":"product_tag","embeddable":true,"href":"https:\/\/talia-fashion.pl\/en\/wp-json\/wp\/v2\/product_tag?post=4339"}],"curies":[{"name":"wp","href":"https:\/\/api.w.org\/{rel}","templated":true}]}}