{"id":4310,"date":"2022-03-02T14:09:10","date_gmt":"2022-03-02T13:09:10","guid":{"rendered":"http:\/\/talia-fashion.pl\/produkt\/czarny-trencz-damski-dopasowany-wysoko-zapinany-karla\/"},"modified":"2026-03-24T13:46:29","modified_gmt":"2026-03-24T12:46:29","slug":"czarny-trencz-damski-dopasowany-wysoko-zapinany-karla","status":"publish","type":"product","link":"https:\/\/talia-fashion.pl\/en\/product\/czarny-trencz-damski-dopasowany-wysoko-zapinany-karla\/","title":{"rendered":"Black women's fitted high-button trench Karla"},"content":{"rendered":"<p>Czarny trencz damski dopasowany wysoko zapinany Karla to ponadczasowy element garderoby. I cho\u0107 trencz damski pochodzi z militarnego stroju brytyjskich oficer\u00f3w z pocz\u0105tku XX wieku, pokocha\u0142y go kobiety na ca\u0142ym \u015bwiecie. W kr\u00f3tkim czasie sta\u0142 si\u0119 synonimem elegancji i nonszalancji. Nic dziwnego, i\u017c tak ch\u0119tnie si\u0119gamy po niego, jak tylko ust\u0105pi\u0105 mrozy. Klasyczny trencz damski jest bardzo uniwersalny i pasuje na ka\u017cd\u0105 okazj\u0119. Zestawiony z d\u017cinsami, T-shirtem i kardiganem i codzienny outfit gotowy. Je\u015bli jednak Twoja codzienno\u015b\u0107 to o\u0142\u00f3wkowe sp\u00f3dnice, spodnie w kant i bia\u0142e koszule, z powodzeniem czarny trencz dope\u0142ni ca\u0142o\u015bci. Zwiewna boho sukienka i botki czy sp\u00f3dniczka mini i balerniki,a na to trencz i stylizacja na wyj\u015bcie z przyjaci\u00f3\u0142mi tworzy si\u0119 sama. <span lang=\"DE\">Trencze stylizowa\u0107 mo\u017cna w najrozmaitszy spos\u00f3b i ka\u017cdy jest dobry. Mo\u017cna je nosi\u0107 zapi\u0119te, rozpi\u0119te, wi\u0105zane na tyle, w wersji bardzo dopasowanej, jaki w du\u017co za du\u017cym rozmiarze i zawsze prezentuj\u0105 si\u0119 stylowo i szykownie. <\/span><\/p>\n<p>W naszej najnowszej ods\u0142onie czarny trencz damski ma dopasowany kr\u00f3j z dodatkowymi modeluj\u0105cymi ci\u0119ciami na przodzie i tyle. D\u00f3\u0142 p\u0142aszcz jest delikatnie rozkloszowany, odrobin\u0119 przypominaj\u0105cy liter\u0119 A. Zapinany dwurz\u0119dowo, na r\u0119cznie przyszywane guziki, kt\u00f3re stanowi\u0105 jego g\u0142\u00f3wn\u0105 ozdob\u0119. To one s\u0105 bi\u017cuteri\u0105 dla p\u0142aszcza &#8211; podkre\u015blaj\u0105 jego charakter i dodaj\u0105 funkcjonalno\u015bci. Trencz Karla ma wyk\u0142adany ko\u0142nierz na st\u00f3jce, kt\u00f3ry mo\u017cna zapia\u0107 wysoko lub postawi\u0107, by os\u0142oni\u0107 si\u0119 przed ch\u0142odnymi powiewami wiatru. <span lang=\"DE\">Z kolei w s\u0142oneczne, pogodne dni mo\u017cna wy\u0142o\u017cy\u0107 klapy tworz\u0105c efektowny rewers. Wi\u0105zany. Pasek wykonany z tej samej tkaniny co p\u0142aszcz. Dwie uko\u015bnie wszyte kieszenie wyko\u0144czone ozdobn\u0105 listw\u0105. Ty\u0142 z rozci\u0119ciem u do\u0142u. Na ramionach i r\u0119kawach ozdobne, subtelne patkami z guzikiem, nadaj\u0105ce militarnego charakteru.<\/span><\/p>\n<p><span lang=\"DE\">Czarny trencz damski dopasowany wysoko zapinany Karla u<\/span>szyli\u015bmy z lekkiej, pokrytej hydrofobow\u0105 pow\u0142ok\u0105 mieszanki bawe\u0142ny. Ca\u0142o\u015b\u0107 wyko\u0144czona oddychaj\u0105c\u0105 podszewk\u0105. Dodatkowo, w celu nadania luksusowego wygl\u0105du, przody trencza zosta\u0142y podklejone bardzo delikatn\u0105 klejonk\u0105, stabilizuj\u0105c\u0105 w\u0142\u00f3kna i podkre\u015blaj\u0105c\u0105 w\u0142a\u015bciwo\u015bci tkaniny.<\/p>\n<p><span lang=\"DE\">Zdj\u0119cie rzeczywiste &#8211; czarny<\/span><\/p>\n<p><span lang=\"DE\">Available sizes: XS, S, M, L, XL<\/span><br \/>\nModelka ma wzrost: 172cm i nosi rozmiar S<\/p>\n<p><span lang=\"DE\">Indicative dimensions:<\/span><br \/>\n<span lang=\"DE\">XS &#8211; biust: 86-88 \/ biodra: 92-94 \/ d\u0142ugo\u015b\u0107: 100 \/ szeroko\u015b\u0107 ramion 34,5-35 \/\u00a0r\u0119kaw: 61<\/span><br \/>\n<span lang=\"DE\">S &#8211; biust: 90-92 \/ biodra: 96-98 \/ d\u0142ugo\u015b\u0107: 100 \/ szeroko\u015b\u0107 ramion 35,5-36 \/\u00a0r\u0119kaw: 61,5<br \/>\nM &#8211; biust: 94-96\u00a0\u00a0\/ biodra: 100-102 \/ d\u0142ugo\u015b\u0107: 100 \/ szeroko\u015b\u0107 ramion 37,5 \/ r\u0119kaw: 62<br \/>\nL &#8211; biust: 98-100 \/ biodra: 104-106 \/ d\u0142ugo\u015b\u0107: 101 \/ szeroko\u015b\u0107 ramion 39,5-40 \/ r\u0119kaw: 63<\/span><br \/>\nXL \u2013 biust: 104-106 \/ biodra: 110-112 \/ d\u0142ugo\u015b\u0107: 102 \/szeroko\u015b\u0107 ramion 42-42,5 \/\u00a0 r\u0119kaw: 64<\/p>\n<p>Aby prawid\u0142owo zinterpretowa\u0107 powy\u017csz\u0105 tabel\u0119 rozmiar\u00f3w, zajrzyj do naszej zak\u0142adki <a href=\"https:\/\/talia-fashion.pl\/en\/jak-dobrac-rozmiar\/\">How to choose a size?<\/a>, tam r\u00f3wnie\u017c podpowiadamy jak si\u0119 mierzy\u0107. <span lang=\"DE\">If you are unsure of your size selection, please contact us.<\/span><\/p>\n<p><span lang=\"DE\">Material: 8<\/span><span lang=\"DE\">0% bawe\u0142na, 20% nylon<\/span><br \/>\nLining: 100% acetate<\/p>\n<p>Like viscose, acetate is produced from cellulose. Acetate yarn can also be made from recycled cellulose such as paper. The acetate lining is excellent at absorbing moisture and permeable to air. It is coated with an antistatic apprettee and is OEKOtex\u00ae Standard 100 certified.<\/p>\n<p><span lang=\"DE\">Czarny trencz damski dopasowany wysoko zapinany Karla zaprojektowali\u015bmy i uszyli\u015bmy w naszej rodzinnej pracowni. Od ponad 37 lat piel\u0119gnujemy polskie rzemios\u0142o przyk\u0142adaj\u0105c szczeg\u00f3ln\u0105 uwag\u0119 do zr\u00f3wnowa\u017conego rozwoju i minimalizowania szkodliwego wp\u0142ywu na \u015brodowisko. Ten p\u0142aszczyk powstaje w naszej pracowni w tradycyjny, r\u0119czny spos\u00f3b &#8211; tak, aby ka\u017cdy element do siebie pasowa\u0142 i zapewnia\u0142 jak najwi\u0119kszy komfort noszenia. Zachwy\u0107 si\u0119 jako\u015bci\u0105 wykonania.<\/span><\/p>\n<p>Czarny trencz damski dopasowany wysoko zapinany Karla nale\u017cy czy\u015bci\u0107 chemicznie. Aby p\u0142aszczyk m\u00f3g\u0142 s\u0142u\u017cy\u0107 latami, powinno si\u0119 go odpowiednio traktowa\u0107 na co dzie\u0144 &#8211; wiesza\u0107 na profilowanym rami\u0105czku (do\u0142\u0105czony do p\u0142aszcza), wietrzy\u0107, unika\u0107 zahacze\u0144. Dbaj\u0105c o odzie\u017c i wyd\u0142u\u017caj\u0105c jej \u017cycie, pomagasz chroni\u0107 \u015brodowisko.<br \/>\nPraktyczne wskaz\u00f3wki jak zadba\u0107 o swoj\u0105 odzie\u017c wierzchni\u0105 znajdziesz w naszym kr\u00f3tkim poradniku <a href=\"https:\/\/talia-fashion.pl\/en\/jak-pielegnowac-i-dbac-o-plaszcz\/\">How to nurture and care for the coat?\u00a0<\/a><\/p>\n<div class=\"woocommerce-tabs tabs-v1\">\n<div class=\"tab-content\">\n<div id=\"tabs-list-description\" class=\"tab-pane active in\">\n<div class=\"description\">\n<p><span lang=\"DE\">We also offer the possibility of <strong>Zam\u00f3wienia indywidualnego<\/strong> z wprowadzonymi na \u017cyczenie Klienta modyfikacjami, takimi jak: skr\u00f3cenie, b\u0105d\u017a wyd\u0142u\u017cenie r\u0119kaw\u00f3w, wyd\u0142u\u017cenie lub skr\u00f3cenie p\u0142aszcza. W ka\u017cdym przypadku koszt ustalany jest indywidualnie, po uprzednim kontakcie.<\/span><br \/>\n<strong>An individual order is not subject to exchange or refund.<\/strong><\/p>\n<p><span lang=\"DE\"><strong>Czas realizacji<\/strong> zam\u00f3wienia uzale\u017cniamy od aktualnego stanu magazynowego w firmie oraz dost\u0119pno\u015bci danego koloru materia\u0142u. Je\u015bli dany p\u0142aszcz jest dost\u0119pny w pracowni realizacja zam\u00f3wienia nast\u0105pi bardzo szybko w ci\u0105gu 2-5 dni roboczych. Je\u015bli konieczne jest uszycie p\u0142aszcza lub indywidualizacja zam\u00f3wienia \u2013 wykonanie przer\u00f3bki lub uszycie spersonalizowanego p\u0142aszcza \u2013 czas realizacji zam\u00f3wienia mo\u017ce ulec wyd\u0142u\u017ceniu, maksymalnie do 2 tygodni.<\/span><\/p>\n<p>Prosimy o cierpliwo\u015b\u0107, musimy uszy\u0107 ten trencz dla Ciebie. Wi\u0119kszo\u015b\u0107 naszych p\u0142aszczy nie szyjemy na magazyn, postaramy si\u0119 jednak jak najszybciej zrealizowa\u0107 zam\u00f3wienie.<\/p>\n<p>We encourage you to like our fanpage on <a href=\"https:\/\/www.facebook.com\/talia.plaszcze\">Facebook<\/a> i <a href=\"https:\/\/www.instagram.com\/talia_plaszcze\/\">Instagram<\/a><\/p>\n<\/div>\n<\/div>\n<\/div>\n<\/div>","protected":false},"excerpt":{"rendered":"<p>Czarny trencz damski dopasowany wysoko zapinany Karla to ponadczasowy element garderoby. I cho\u0107 trencz damski pochodzi z militarnego stroju brytyjskich oficer\u00f3w z&hellip;<\/p>","protected":false},"featured_media":4311,"template":"","meta":{"_acf_changed":false},"product_cat":[36,27],"product_tag":[112,213,247,289,32,33,37,34,38,73,39,290,40,41,42,43,44,46,96,47,291,49,50,69,60,97,258,292,88],"class_list":{"0":"post-4310","1":"product","2":"type-product","3":"status-publish","4":"has-post-thumbnail","6":"product_cat-plaszcze-dluzsze","7":"product_cat-trencze","8":"product_tag-bawelniany-trencz","9":"product_tag-chabrowy-niebieski","10":"product_tag-czarny-plaszczyk","11":"product_tag-czarny-trencz-damski","12":"product_tag-dopasowany-kroj","13":"product_tag-dwurzedowy","14":"product_tag-dyplomatka","15":"product_tag-handmade","16":"product_tag-kamel","17":"product_tag-karmelowy","18":"product_tag-klasyczny","19":"product_tag-klasyczny-trencz","20":"product_tag-kolnierz","21":"product_tag-na-podszewce","22":"product_tag-nowosc","23":"product_tag-plaszcz-damski","24":"product_tag-plaszcz-damski-dlugi","25":"product_tag-plaszcz-dwurzedowy","26":"product_tag-plaszcz-na-chlodne-dni","27":"product_tag-plaszcz-na-guziki","28":"product_tag-plaszcz-na-jesien","29":"product_tag-plaszcz-wiosenny","30":"product_tag-plaszcz-z-rewersem","31":"product_tag-prochowiec","32":"product_tag-producent-plaszczy-damskich","33":"product_tag-trencz","34":"product_tag-trencz-damski","35":"product_tag-trencz-dwurzedowy","36":"product_tag-wiazany","38":"first","39":"instock","40":"shipping-taxable","41":"purchasable","42":"product-type-variable","43":"has-default-attributes"},"acf":[],"yoast_head":"<!-- This site is optimized with the Yoast SEO plugin v25.7 - https:\/\/yoast.com\/wordpress\/plugins\/seo\/ -->\n<title>Czarny trencz damski dopasowany wysoko zapinany Karla - Talia Fashion - trencz<\/title>\n<meta name=\"description\" content=\"Czarny trencz damski dopasowany wysoko zapinany to kultowy trencz damski, obok kt\u00f3rego nikt nie przejdzie oboj\u0119tnie. Stylowy i funkcjonalny. Jako\u015b\u0107 na lata.\" \/>\n<meta name=\"robots\" content=\"index, follow, max-snippet:-1, max-image-preview:large, max-video-preview:-1\" \/>\n<link rel=\"canonical\" href=\"https:\/\/talia-fashion.pl\/en\/product\/czarny-trencz-damski-dopasowany-wysoko-zapinany-karla\/\" \/>\n<meta property=\"og:locale\" content=\"en_GB\" \/>\n<meta property=\"og:type\" content=\"article\" \/>\n<meta property=\"og:title\" content=\"Czarny trencz damski dopasowany wysoko zapinany Karla - Talia Fashion - trencz\" \/>\n<meta property=\"og:description\" content=\"Czarny trencz damski dopasowany wysoko zapinany to kultowy trencz damski, obok kt\u00f3rego nikt nie przejdzie oboj\u0119tnie. Stylowy i funkcjonalny. Jako\u015b\u0107 na lata.\" \/>\n<meta property=\"og:url\" content=\"https:\/\/talia-fashion.pl\/en\/product\/czarny-trencz-damski-dopasowany-wysoko-zapinany-karla\/\" \/>\n<meta property=\"og:site_name\" content=\"Talia Fashion\" \/>\n<meta property=\"article:modified_time\" content=\"2026-03-24T12:46:29+00:00\" \/>\n<meta property=\"og:image\" content=\"https:\/\/talia-fashion.pl\/wp-content\/uploads\/2025\/07\/czarny-trencz-damski-dopasowany-wysoko-zapinany.jpg\" \/>\n\t<meta property=\"og:image:width\" content=\"1500\" \/>\n\t<meta property=\"og:image:height\" content=\"2000\" \/>\n\t<meta property=\"og:image:type\" content=\"image\/jpeg\" \/>\n<meta name=\"twitter:card\" content=\"summary_large_image\" \/>\n<meta name=\"twitter:label1\" content=\"Estimated reading time\" \/>\n\t<meta name=\"twitter:data1\" content=\"4 minutes\" \/>\n<script type=\"application\/ld+json\" class=\"yoast-schema-graph\">{\"@context\":\"https:\/\/schema.org\",\"@graph\":[{\"@type\":\"WebPage\",\"@id\":\"https:\/\/talia-fashion.pl\/produkt\/czarny-trencz-damski-dopasowany-wysoko-zapinany-karla\/\",\"url\":\"https:\/\/talia-fashion.pl\/produkt\/czarny-trencz-damski-dopasowany-wysoko-zapinany-karla\/\",\"name\":\"Czarny trencz damski dopasowany wysoko zapinany Karla - Talia Fashion - trencz\",\"isPartOf\":{\"@id\":\"https:\/\/talia-fashion.pl\/#website\"},\"primaryImageOfPage\":{\"@id\":\"https:\/\/talia-fashion.pl\/produkt\/czarny-trencz-damski-dopasowany-wysoko-zapinany-karla\/#primaryimage\"},\"image\":{\"@id\":\"https:\/\/talia-fashion.pl\/produkt\/czarny-trencz-damski-dopasowany-wysoko-zapinany-karla\/#primaryimage\"},\"thumbnailUrl\":\"https:\/\/talia-fashion.pl\/wp-content\/uploads\/2025\/07\/czarny-trencz-damski-dopasowany-wysoko-zapinany.jpg\",\"datePublished\":\"2022-03-02T13:09:10+00:00\",\"dateModified\":\"2026-03-24T12:46:29+00:00\",\"description\":\"Czarny trencz damski dopasowany wysoko zapinany to kultowy trencz damski, obok kt\u00f3rego nikt nie przejdzie oboj\u0119tnie. Stylowy i funkcjonalny. Jako\u015b\u0107 na lata.\",\"breadcrumb\":{\"@id\":\"https:\/\/talia-fashion.pl\/produkt\/czarny-trencz-damski-dopasowany-wysoko-zapinany-karla\/#breadcrumb\"},\"inLanguage\":\"en-GB\",\"potentialAction\":[{\"@type\":\"ReadAction\",\"target\":[\"https:\/\/talia-fashion.pl\/produkt\/czarny-trencz-damski-dopasowany-wysoko-zapinany-karla\/\"]}]},{\"@type\":\"ImageObject\",\"inLanguage\":\"en-GB\",\"@id\":\"https:\/\/talia-fashion.pl\/produkt\/czarny-trencz-damski-dopasowany-wysoko-zapinany-karla\/#primaryimage\",\"url\":\"https:\/\/talia-fashion.pl\/wp-content\/uploads\/2025\/07\/czarny-trencz-damski-dopasowany-wysoko-zapinany.jpg\",\"contentUrl\":\"https:\/\/talia-fashion.pl\/wp-content\/uploads\/2025\/07\/czarny-trencz-damski-dopasowany-wysoko-zapinany.jpg\",\"width\":1500,\"height\":2000,\"caption\":\"Czarny trencz damski o dopasowanym kroju, wysoko zapinany. Wi\u0105zany.\"},{\"@type\":\"BreadcrumbList\",\"@id\":\"https:\/\/talia-fashion.pl\/produkt\/czarny-trencz-damski-dopasowany-wysoko-zapinany-karla\/#breadcrumb\",\"itemListElement\":[{\"@type\":\"ListItem\",\"position\":1,\"name\":\"Strona g\u0142\u00f3wna\",\"item\":\"https:\/\/talia-fashion.pl\/\"},{\"@type\":\"ListItem\",\"position\":2,\"name\":\"Sklep\",\"item\":\"https:\/\/talia-fashion.pl\/sklep\/\"},{\"@type\":\"ListItem\",\"position\":3,\"name\":\"Czarny trencz damski dopasowany wysoko zapinany Karla\"}]},{\"@type\":\"WebSite\",\"@id\":\"https:\/\/talia-fashion.pl\/#website\",\"url\":\"https:\/\/talia-fashion.pl\/\",\"name\":\"Talia Fashion\",\"description\":\"\",\"potentialAction\":[{\"@type\":\"SearchAction\",\"target\":{\"@type\":\"EntryPoint\",\"urlTemplate\":\"https:\/\/talia-fashion.pl\/?s={search_term_string}\"},\"query-input\":{\"@type\":\"PropertyValueSpecification\",\"valueRequired\":true,\"valueName\":\"search_term_string\"}}],\"inLanguage\":\"en-GB\"}]}<\/script>\n<!-- \/ Yoast SEO plugin. -->","yoast_head_json":{"title":"Czarny trencz damski dopasowany wysoko zapinany Karla - Talia Fashion - trencz","description":"Czarny trencz damski dopasowany wysoko zapinany to kultowy trencz damski, obok kt\u00f3rego nikt nie przejdzie oboj\u0119tnie. Stylowy i funkcjonalny. Jako\u015b\u0107 na lata.","robots":{"index":"index","follow":"follow","max-snippet":"max-snippet:-1","max-image-preview":"max-image-preview:large","max-video-preview":"max-video-preview:-1"},"canonical":"https:\/\/talia-fashion.pl\/en\/product\/czarny-trencz-damski-dopasowany-wysoko-zapinany-karla\/","og_locale":"en_GB","og_type":"article","og_title":"Czarny trencz damski dopasowany wysoko zapinany Karla - Talia Fashion - trencz","og_description":"Czarny trencz damski dopasowany wysoko zapinany to kultowy trencz damski, obok kt\u00f3rego nikt nie przejdzie oboj\u0119tnie. Stylowy i funkcjonalny. Jako\u015b\u0107 na lata.","og_url":"https:\/\/talia-fashion.pl\/en\/product\/czarny-trencz-damski-dopasowany-wysoko-zapinany-karla\/","og_site_name":"Talia Fashion","article_modified_time":"2026-03-24T12:46:29+00:00","og_image":[{"width":1500,"height":2000,"url":"https:\/\/talia-fashion.pl\/wp-content\/uploads\/2025\/07\/czarny-trencz-damski-dopasowany-wysoko-zapinany.jpg","type":"image\/jpeg"}],"twitter_card":"summary_large_image","twitter_misc":{"Estimated reading time":"4 minutes"},"schema":{"@context":"https:\/\/schema.org","@graph":[{"@type":"WebPage","@id":"https:\/\/talia-fashion.pl\/produkt\/czarny-trencz-damski-dopasowany-wysoko-zapinany-karla\/","url":"https:\/\/talia-fashion.pl\/produkt\/czarny-trencz-damski-dopasowany-wysoko-zapinany-karla\/","name":"Czarny trencz damski dopasowany wysoko zapinany Karla - Talia Fashion - trencz","isPartOf":{"@id":"https:\/\/talia-fashion.pl\/#website"},"primaryImageOfPage":{"@id":"https:\/\/talia-fashion.pl\/produkt\/czarny-trencz-damski-dopasowany-wysoko-zapinany-karla\/#primaryimage"},"image":{"@id":"https:\/\/talia-fashion.pl\/produkt\/czarny-trencz-damski-dopasowany-wysoko-zapinany-karla\/#primaryimage"},"thumbnailUrl":"https:\/\/talia-fashion.pl\/wp-content\/uploads\/2025\/07\/czarny-trencz-damski-dopasowany-wysoko-zapinany.jpg","datePublished":"2022-03-02T13:09:10+00:00","dateModified":"2026-03-24T12:46:29+00:00","description":"Czarny trencz damski dopasowany wysoko zapinany to kultowy trencz damski, obok kt\u00f3rego nikt nie przejdzie oboj\u0119tnie. Stylowy i funkcjonalny. Jako\u015b\u0107 na lata.","breadcrumb":{"@id":"https:\/\/talia-fashion.pl\/produkt\/czarny-trencz-damski-dopasowany-wysoko-zapinany-karla\/#breadcrumb"},"inLanguage":"en-GB","potentialAction":[{"@type":"ReadAction","target":["https:\/\/talia-fashion.pl\/produkt\/czarny-trencz-damski-dopasowany-wysoko-zapinany-karla\/"]}]},{"@type":"ImageObject","inLanguage":"en-GB","@id":"https:\/\/talia-fashion.pl\/produkt\/czarny-trencz-damski-dopasowany-wysoko-zapinany-karla\/#primaryimage","url":"https:\/\/talia-fashion.pl\/wp-content\/uploads\/2025\/07\/czarny-trencz-damski-dopasowany-wysoko-zapinany.jpg","contentUrl":"https:\/\/talia-fashion.pl\/wp-content\/uploads\/2025\/07\/czarny-trencz-damski-dopasowany-wysoko-zapinany.jpg","width":1500,"height":2000,"caption":"Czarny trencz damski o dopasowanym kroju, wysoko zapinany. Wi\u0105zany."},{"@type":"BreadcrumbList","@id":"https:\/\/talia-fashion.pl\/produkt\/czarny-trencz-damski-dopasowany-wysoko-zapinany-karla\/#breadcrumb","itemListElement":[{"@type":"ListItem","position":1,"name":"Strona g\u0142\u00f3wna","item":"https:\/\/talia-fashion.pl\/"},{"@type":"ListItem","position":2,"name":"Sklep","item":"https:\/\/talia-fashion.pl\/sklep\/"},{"@type":"ListItem","position":3,"name":"Czarny trencz damski dopasowany wysoko zapinany Karla"}]},{"@type":"WebSite","@id":"https:\/\/talia-fashion.pl\/#website","url":"https:\/\/talia-fashion.pl\/","name":"Talia Fashion","description":"","potentialAction":[{"@type":"SearchAction","target":{"@type":"EntryPoint","urlTemplate":"https:\/\/talia-fashion.pl\/?s={search_term_string}"},"query-input":{"@type":"PropertyValueSpecification","valueRequired":true,"valueName":"search_term_string"}}],"inLanguage":"en-GB"}]}},"_links":{"self":[{"href":"https:\/\/talia-fashion.pl\/en\/wp-json\/wp\/v2\/product\/4310","targetHints":{"allow":["GET"]}}],"collection":[{"href":"https:\/\/talia-fashion.pl\/en\/wp-json\/wp\/v2\/product"}],"about":[{"href":"https:\/\/talia-fashion.pl\/en\/wp-json\/wp\/v2\/types\/product"}],"wp:featuredmedia":[{"embeddable":true,"href":"https:\/\/talia-fashion.pl\/en\/wp-json\/wp\/v2\/media\/4311"}],"wp:attachment":[{"href":"https:\/\/talia-fashion.pl\/en\/wp-json\/wp\/v2\/media?parent=4310"}],"wp:term":[{"taxonomy":"product_cat","embeddable":true,"href":"https:\/\/talia-fashion.pl\/en\/wp-json\/wp\/v2\/product_cat?post=4310"},{"taxonomy":"product_tag","embeddable":true,"href":"https:\/\/talia-fashion.pl\/en\/wp-json\/wp\/v2\/product_tag?post=4310"}],"curies":[{"name":"wp","href":"https:\/\/api.w.org\/{rel}","templated":true}]}}