{"id":4288,"date":"2021-11-22T19:03:18","date_gmt":"2021-11-22T18:03:18","guid":{"rendered":"http:\/\/talia-fashion.pl\/produkt\/klasyczny-plaszcz-zimowy-burgundowy-ola\/"},"modified":"2026-03-27T16:16:37","modified_gmt":"2026-03-27T15:16:37","slug":"klasyczny-plaszcz-zimowy-burgundowy-ola","status":"publish","type":"product","link":"https:\/\/talia-fashion.pl\/en\/product\/klasyczny-plaszcz-zimowy-burgundowy-ola\/","title":{"rendered":"Classic burgundy winter coat Ola"},"content":{"rendered":"<p>Klasyczny p\u0142aszcz zimowy o bardzo eleganckim i klasycznym kroju. Szeroki ko\u0142nierz typu rewers (w rzeczywisto\u015bci jest szerszy ni\u017c na zdj\u0119ciu), d\u0142ugo\u015b\u0107 w kolano, zapinany na guzik (drugi pe\u0142ni funkcj\u0119 ozdoby). P\u0142aszczyk z ty\u0142u taliowany, wi\u0105zany paskiem aby wyra\u017aniej podkre\u015bli\u0107 tali\u0119. Dwie boczne, wszyte uko\u015bnie kieszenie zako\u0144czone ozdobnymi listewkami. P\u0142aszcz w ca\u0142o\u015bci ocieplany, w\u0142\u0105cznie z r\u0119kawami dlatego polecamy go jako idealne, zimowe okrycie.<\/p>\n<p>Klasyczny p\u0142aszcz zimowy b\u0119dzie niew\u0105tpliwie mocnym elementem w klasycznych zestawach. Proste czarne spodnie i czarny golfik b\u0119d\u0105 stanowi\u0107 t\u0142o, kt\u00f3rego si\u0142a tkwi oczywi\u015bcie w prostocie. Kolor kamelowy komponuje si\u0119 r\u00f3wnie dobrze i elegancko z br\u0105zami, ecru i be\u017cami, nie wyklucza to jednak\u017ce innych zestawie\u0144 kolorystycznych. Z powodzeniem mo\u017cesz postawi\u0107 na kontrasty i dobra\u0107 nie tylko bardziej \u015bmia\u0142e kolory ale te\u017c mocne dodatki w stylu ci\u0119\u017ckich botk\u00f3w. Nasz p\u0142aszcz o klasycznej linii, w zawsze eleganckim kolorze sprawi, \u017ce niezale\u017cnie od tego co pod niego w\u0142o\u017cysz, zawsze nada Twojej stylizacji szyku.<\/p>\n<p>Zajrzyj do naszych wskaz\u00f3wek <a href=\"https:\/\/talia-fashion.pl\/en\/jak-dobrac-plaszcz-do-sylwetki\/\">How do you choose a coat to suit your figure?<\/a><\/p>\n<p><span lang=\"DE\">Zdj\u0119cie rzeczywiste &#8211; burgund<\/span><\/p>\n<p>Available colours<span lang=\"DE\">:\u00a0 burgund (mieszanka czerwieni, fioletu i br\u0105zu), czarny<br \/>\n<\/span><\/p>\n<p><span lang=\"DE\">The colours are shown in the pictures of the coats in different cuts. If in doubt, please contact us.<\/span><\/p>\n<p><span lang=\"DE\">Available sizes: XS, S, M, L, XL<br \/>\n<\/span><\/p>\n<p><span lang=\"DE\">Indicative dimensions:<\/span><\/p>\n<p><span lang=\"DE\">XS &#8211; biust: 86-88 \/ biodra 94-96 \/ d\u0142ugo\u015b\u0107: 97 \/ szeroko\u015b\u0107 ramion: 34,5-35 \/ r\u0119kaw 61<br \/>\nS &#8211; biust: 90-92 \/ biodra: 98-100 \/ d\u0142ugo\u015b\u0107: 98 \/ szeroko\u015b\u0107 ramion: 35,5-36 \/ r\u0119kaw: 62<br \/>\nM &#8211; biust: 94-96\u00a0\u00a0\/ biodra: 102-104 \/ d\u0142ugo\u015b\u0107: 98 \/ szeroko\u015b\u0107 ramion: 37,5 \/ r\u0119kaw: 62<br \/>\nL &#8211; biust: 98-100 \/ biodra: 106-108 \/ d\u0142ugo\u015b\u0107: 98 \/ szeroko\u015b\u0107 ramion: 39,5-40 \/ r\u0119kaw: 63<br \/>\nXL &#8211; biust: 104-106 \/ biodra: 112-114 \/ d\u0142ugo\u015b\u0107: 98 \/ szeroko\u015b\u0107 ramion: 42-42,5 \/ r\u0119kaw: 64<\/span><\/p>\n<p><span lang=\"DE\">If you are unsure of your size selection, please contact us.<\/span><\/p>\n<p><span lang=\"DE\">Material: 47% wool, 30% polyester, 23% viscose<\/span><\/p>\n<p>Lining: 100% acetate<br \/>\nInsulation: 100% non-woven recycled polyester<br \/>\nNasze p\u0142aszcze ocieplane s\u0105 sprasowan\u0105 termoizoluj\u0105c\u0105 w\u0142\u00f3knin\u0105 pikowan\u0105 na podszewce. W\u0142\u00f3knina wytworzona jest z poliestrowych w\u0142\u00f3kien. Materia\u0142 jest lekki, cienki a zarazem doskonale izoluj\u0105cy. Stosowana przez nas ocieplina jest odporna na wilgo\u0107 (zachowuje w\u0142a\u015bciwo\u015bci izolacyjne i efekt grzania nawet w warunkach wilgotnych), zatrzymuje wiatr, jest hypoalergiczna i oddychaj\u0105ca. Posiada Certyfikat OEKOtex\u00ae Standard 100.<\/p>\n<p>The coat should be dry-cleaned. For frequent refreshing of the wool we recommend the following\u00a0<a href=\"https:\/\/talia-fashion.pl\/en\/product\/szczotka-do-czyszczenia-i-pielegnacji-plaszcza\/\">Brush for cleaning and care of the coat<\/a>which can be purchased in our shop.<\/p>\n<p><strong>Individual order -\u00a0<\/strong>istnieje mo\u017cliwo\u015b\u0107 wykonania pewnych modyfikacji na \u017cyczenie Klienta: skr\u00f3cenie, wyd\u0142u\u017cenie r\u0119kawa, skr\u00f3cenie i wyd\u0142u\u017cenie p\u0142aszcza. Koszt ustalany indywidualnie, po uprzednim kontakcie e-mail.<\/p>\n<p><strong>An individual order is not subject to exchange or refund.<\/strong><\/p>\n<p><strong>Uprawiamy tradycyjne krawiectwo i w zwi\u0105zku z tym oferujemy produkt najwy\u017cszej jako\u015bci, jednak prosimy o cierpliwo\u015b\u0107 w oczekiwaniu na realizacj\u0119 zam\u00f3wienia.\u00a0<\/strong><\/p>\n<p><span lang=\"DE\">The lead time depends on the company's current stock and the availability of the fabric colour in question. If a given coat is available in the company, the order will be fulfilled very quickly - 2-5 working days. If it is necessary to sew the coat or individualise the order - making alterations or sewing a new coat - the lead time may be extended, up to a maximum of 2 weeks.<\/span><\/p>\n<p>Klasyczny p\u0142aszcz zimowy od projektu do gotowego wyrobu, powstaje w naszej pracowni w Poznaniu w zgodzie z zasadami Fair Trade i w spos\u00f3b przyjazny dla \u015brodowiska<span lang=\"DE\">.<\/span><\/p>\n<p>We encourage you to follow us on\u00a0<a href=\"https:\/\/www.facebook.com\/talia.plaszcze\">Facebook<\/a>\u00a0i\u00a0<a href=\"https:\/\/www.instagram.com\/talia_plaszcze\/\">Instagram<\/a><\/p>","protected":false},"excerpt":{"rendered":"<p>Klasyczny p\u0142aszcz zimowy o bardzo eleganckim i klasycznym kroju. Szeroki ko\u0142nierz typu rewers (w rzeczywisto\u015bci jest szerszy ni\u017c na zdj\u0119ciu), d\u0142ugo\u015b\u0107 w&hellip;<\/p>","protected":false},"featured_media":540,"template":"","meta":{"_acf_changed":false},"product_cat":[36,29],"product_tag":[56,89,78,119,32,33,34,38,73,39,40,41,67,91,47,106,50,95,86,69,130,107,53,63,88],"class_list":{"0":"post-4288","1":"product","2":"type-product","3":"status-publish","4":"has-post-thumbnail","6":"product_cat-plaszcze-dluzsze","7":"product_cat-sale-plaszcz-damski-w-promocji","8":"product_tag-bestseller","9":"product_tag-cieply","10":"product_tag-dla-roznych-sylwetek","11":"product_tag-dlugi-plaszcz-zimowy","12":"product_tag-dopasowany-kroj","13":"product_tag-dwurzedowy","14":"product_tag-handmade","15":"product_tag-kamel","16":"product_tag-karmelowy","17":"product_tag-klasyczny","18":"product_tag-kolnierz","19":"product_tag-na-podszewce","20":"product_tag-ocieplany","21":"product_tag-plaszcz-damski-zimowy","22":"product_tag-plaszcz-na-guziki","23":"product_tag-plaszcz-w-promocji","24":"product_tag-plaszcz-z-rewersem","25":"product_tag-plaszcz-zimowy","26":"product_tag-plaszcz-zimowy-ocieplany","27":"product_tag-prochowiec","28":"product_tag-promocja","29":"product_tag-promocje","30":"product_tag-welna","31":"product_tag-welniany","32":"product_tag-wiazany","34":"first","35":"instock","36":"sale","37":"shipping-taxable","38":"purchasable","39":"product-type-variable","40":"has-default-attributes"},"acf":[],"yoast_head":"<!-- This site is optimized with the Yoast SEO plugin v25.7 - https:\/\/yoast.com\/wordpress\/plugins\/seo\/ -->\n<title>Klasyczny p\u0142aszcz zimowy burgundowy Ola - Talia Fashion - polski producent<\/title>\n<meta name=\"description\" content=\"Klasyczny p\u0142aszcz zimowy burgundowy - uniwersalna i zawsze modna pozycja w Twojej szafie. Ponadczasowy kr\u00f3j i ciekawa kolorystyka wzbogaci ka\u017cd\u0105 stylizacj\u0119.\" \/>\n<meta name=\"robots\" content=\"index, follow, max-snippet:-1, max-image-preview:large, max-video-preview:-1\" \/>\n<link rel=\"canonical\" href=\"https:\/\/talia-fashion.pl\/en\/product\/klasyczny-plaszcz-zimowy-burgundowy-ola\/\" \/>\n<meta property=\"og:locale\" content=\"en_GB\" \/>\n<meta property=\"og:type\" content=\"article\" \/>\n<meta property=\"og:title\" content=\"Klasyczny p\u0142aszcz zimowy burgundowy Ola - Talia Fashion - polski producent\" \/>\n<meta property=\"og:description\" content=\"Klasyczny p\u0142aszcz zimowy burgundowy - uniwersalna i zawsze modna pozycja w Twojej szafie. Ponadczasowy kr\u00f3j i ciekawa kolorystyka wzbogaci ka\u017cd\u0105 stylizacj\u0119.\" \/>\n<meta property=\"og:url\" content=\"https:\/\/talia-fashion.pl\/en\/product\/klasyczny-plaszcz-zimowy-burgundowy-ola\/\" \/>\n<meta property=\"og:site_name\" content=\"Talia Fashion\" \/>\n<meta property=\"article:modified_time\" content=\"2026-03-27T15:16:37+00:00\" \/>\n<meta property=\"og:image\" content=\"https:\/\/talia-fashion.pl\/wp-content\/uploads\/2024\/10\/burgundowy-plaszcz-zimowy-klasyczny-kolnierz-rewers.jpg\" \/>\n\t<meta property=\"og:image:width\" content=\"1500\" \/>\n\t<meta property=\"og:image:height\" content=\"2250\" \/>\n\t<meta property=\"og:image:type\" content=\"image\/jpeg\" \/>\n<meta name=\"twitter:card\" content=\"summary_large_image\" \/>\n<meta name=\"twitter:label1\" content=\"Estimated reading time\" \/>\n\t<meta name=\"twitter:data1\" content=\"3 minutes\" \/>\n<script type=\"application\/ld+json\" class=\"yoast-schema-graph\">{\"@context\":\"https:\/\/schema.org\",\"@graph\":[{\"@type\":\"WebPage\",\"@id\":\"https:\/\/talia-fashion.pl\/produkt\/klasyczny-plaszcz-zimowy-burgundowy-ola\/\",\"url\":\"https:\/\/talia-fashion.pl\/produkt\/klasyczny-plaszcz-zimowy-burgundowy-ola\/\",\"name\":\"Klasyczny p\u0142aszcz zimowy burgundowy Ola - Talia Fashion - polski producent\",\"isPartOf\":{\"@id\":\"https:\/\/talia-fashion.pl\/#website\"},\"primaryImageOfPage\":{\"@id\":\"https:\/\/talia-fashion.pl\/produkt\/klasyczny-plaszcz-zimowy-burgundowy-ola\/#primaryimage\"},\"image\":{\"@id\":\"https:\/\/talia-fashion.pl\/produkt\/klasyczny-plaszcz-zimowy-burgundowy-ola\/#primaryimage\"},\"thumbnailUrl\":\"https:\/\/talia-fashion.pl\/wp-content\/uploads\/2024\/10\/burgundowy-plaszcz-zimowy-klasyczny-kolnierz-rewers.jpg\",\"datePublished\":\"2021-11-22T18:03:18+00:00\",\"dateModified\":\"2026-03-27T15:16:37+00:00\",\"description\":\"Klasyczny p\u0142aszcz zimowy burgundowy - uniwersalna i zawsze modna pozycja w Twojej szafie. Ponadczasowy kr\u00f3j i ciekawa kolorystyka wzbogaci ka\u017cd\u0105 stylizacj\u0119.\",\"breadcrumb\":{\"@id\":\"https:\/\/talia-fashion.pl\/produkt\/klasyczny-plaszcz-zimowy-burgundowy-ola\/#breadcrumb\"},\"inLanguage\":\"en-GB\",\"potentialAction\":[{\"@type\":\"ReadAction\",\"target\":[\"https:\/\/talia-fashion.pl\/produkt\/klasyczny-plaszcz-zimowy-burgundowy-ola\/\"]}]},{\"@type\":\"ImageObject\",\"inLanguage\":\"en-GB\",\"@id\":\"https:\/\/talia-fashion.pl\/produkt\/klasyczny-plaszcz-zimowy-burgundowy-ola\/#primaryimage\",\"url\":\"https:\/\/talia-fashion.pl\/wp-content\/uploads\/2024\/10\/burgundowy-plaszcz-zimowy-klasyczny-kolnierz-rewers.jpg\",\"contentUrl\":\"https:\/\/talia-fashion.pl\/wp-content\/uploads\/2024\/10\/burgundowy-plaszcz-zimowy-klasyczny-kolnierz-rewers.jpg\",\"width\":1500,\"height\":2250,\"caption\":\"Burgundowy p\u0142aszcz zimowy o klasycznym kroju i d\u0142ugo\u015bci w kolano. Ocieplany. Kolnierz typu rewers.\"},{\"@type\":\"BreadcrumbList\",\"@id\":\"https:\/\/talia-fashion.pl\/produkt\/klasyczny-plaszcz-zimowy-burgundowy-ola\/#breadcrumb\",\"itemListElement\":[{\"@type\":\"ListItem\",\"position\":1,\"name\":\"Strona g\u0142\u00f3wna\",\"item\":\"https:\/\/talia-fashion.pl\/\"},{\"@type\":\"ListItem\",\"position\":2,\"name\":\"Sklep\",\"item\":\"https:\/\/talia-fashion.pl\/sklep\/\"},{\"@type\":\"ListItem\",\"position\":3,\"name\":\"Klasyczny p\u0142aszcz zimowy burgundowy Ola\"}]},{\"@type\":\"WebSite\",\"@id\":\"https:\/\/talia-fashion.pl\/#website\",\"url\":\"https:\/\/talia-fashion.pl\/\",\"name\":\"Talia Fashion\",\"description\":\"\",\"potentialAction\":[{\"@type\":\"SearchAction\",\"target\":{\"@type\":\"EntryPoint\",\"urlTemplate\":\"https:\/\/talia-fashion.pl\/?s={search_term_string}\"},\"query-input\":{\"@type\":\"PropertyValueSpecification\",\"valueRequired\":true,\"valueName\":\"search_term_string\"}}],\"inLanguage\":\"en-GB\"}]}<\/script>\n<!-- \/ Yoast SEO plugin. -->","yoast_head_json":{"title":"Klasyczny p\u0142aszcz zimowy burgundowy Ola - Talia Fashion - polski producent","description":"Klasyczny p\u0142aszcz zimowy burgundowy - uniwersalna i zawsze modna pozycja w Twojej szafie. Ponadczasowy kr\u00f3j i ciekawa kolorystyka wzbogaci ka\u017cd\u0105 stylizacj\u0119.","robots":{"index":"index","follow":"follow","max-snippet":"max-snippet:-1","max-image-preview":"max-image-preview:large","max-video-preview":"max-video-preview:-1"},"canonical":"https:\/\/talia-fashion.pl\/en\/product\/klasyczny-plaszcz-zimowy-burgundowy-ola\/","og_locale":"en_GB","og_type":"article","og_title":"Klasyczny p\u0142aszcz zimowy burgundowy Ola - Talia Fashion - polski producent","og_description":"Klasyczny p\u0142aszcz zimowy burgundowy - uniwersalna i zawsze modna pozycja w Twojej szafie. Ponadczasowy kr\u00f3j i ciekawa kolorystyka wzbogaci ka\u017cd\u0105 stylizacj\u0119.","og_url":"https:\/\/talia-fashion.pl\/en\/product\/klasyczny-plaszcz-zimowy-burgundowy-ola\/","og_site_name":"Talia Fashion","article_modified_time":"2026-03-27T15:16:37+00:00","og_image":[{"width":1500,"height":2250,"url":"https:\/\/talia-fashion.pl\/wp-content\/uploads\/2024\/10\/burgundowy-plaszcz-zimowy-klasyczny-kolnierz-rewers.jpg","type":"image\/jpeg"}],"twitter_card":"summary_large_image","twitter_misc":{"Estimated reading time":"3 minutes"},"schema":{"@context":"https:\/\/schema.org","@graph":[{"@type":"WebPage","@id":"https:\/\/talia-fashion.pl\/produkt\/klasyczny-plaszcz-zimowy-burgundowy-ola\/","url":"https:\/\/talia-fashion.pl\/produkt\/klasyczny-plaszcz-zimowy-burgundowy-ola\/","name":"Klasyczny p\u0142aszcz zimowy burgundowy Ola - Talia Fashion - polski producent","isPartOf":{"@id":"https:\/\/talia-fashion.pl\/#website"},"primaryImageOfPage":{"@id":"https:\/\/talia-fashion.pl\/produkt\/klasyczny-plaszcz-zimowy-burgundowy-ola\/#primaryimage"},"image":{"@id":"https:\/\/talia-fashion.pl\/produkt\/klasyczny-plaszcz-zimowy-burgundowy-ola\/#primaryimage"},"thumbnailUrl":"https:\/\/talia-fashion.pl\/wp-content\/uploads\/2024\/10\/burgundowy-plaszcz-zimowy-klasyczny-kolnierz-rewers.jpg","datePublished":"2021-11-22T18:03:18+00:00","dateModified":"2026-03-27T15:16:37+00:00","description":"Klasyczny p\u0142aszcz zimowy burgundowy - uniwersalna i zawsze modna pozycja w Twojej szafie. Ponadczasowy kr\u00f3j i ciekawa kolorystyka wzbogaci ka\u017cd\u0105 stylizacj\u0119.","breadcrumb":{"@id":"https:\/\/talia-fashion.pl\/produkt\/klasyczny-plaszcz-zimowy-burgundowy-ola\/#breadcrumb"},"inLanguage":"en-GB","potentialAction":[{"@type":"ReadAction","target":["https:\/\/talia-fashion.pl\/produkt\/klasyczny-plaszcz-zimowy-burgundowy-ola\/"]}]},{"@type":"ImageObject","inLanguage":"en-GB","@id":"https:\/\/talia-fashion.pl\/produkt\/klasyczny-plaszcz-zimowy-burgundowy-ola\/#primaryimage","url":"https:\/\/talia-fashion.pl\/wp-content\/uploads\/2024\/10\/burgundowy-plaszcz-zimowy-klasyczny-kolnierz-rewers.jpg","contentUrl":"https:\/\/talia-fashion.pl\/wp-content\/uploads\/2024\/10\/burgundowy-plaszcz-zimowy-klasyczny-kolnierz-rewers.jpg","width":1500,"height":2250,"caption":"Burgundowy p\u0142aszcz zimowy o klasycznym kroju i d\u0142ugo\u015bci w kolano. Ocieplany. Kolnierz typu rewers."},{"@type":"BreadcrumbList","@id":"https:\/\/talia-fashion.pl\/produkt\/klasyczny-plaszcz-zimowy-burgundowy-ola\/#breadcrumb","itemListElement":[{"@type":"ListItem","position":1,"name":"Strona g\u0142\u00f3wna","item":"https:\/\/talia-fashion.pl\/"},{"@type":"ListItem","position":2,"name":"Sklep","item":"https:\/\/talia-fashion.pl\/sklep\/"},{"@type":"ListItem","position":3,"name":"Klasyczny p\u0142aszcz zimowy burgundowy Ola"}]},{"@type":"WebSite","@id":"https:\/\/talia-fashion.pl\/#website","url":"https:\/\/talia-fashion.pl\/","name":"Talia Fashion","description":"","potentialAction":[{"@type":"SearchAction","target":{"@type":"EntryPoint","urlTemplate":"https:\/\/talia-fashion.pl\/?s={search_term_string}"},"query-input":{"@type":"PropertyValueSpecification","valueRequired":true,"valueName":"search_term_string"}}],"inLanguage":"en-GB"}]}},"_links":{"self":[{"href":"https:\/\/talia-fashion.pl\/en\/wp-json\/wp\/v2\/product\/4288","targetHints":{"allow":["GET"]}}],"collection":[{"href":"https:\/\/talia-fashion.pl\/en\/wp-json\/wp\/v2\/product"}],"about":[{"href":"https:\/\/talia-fashion.pl\/en\/wp-json\/wp\/v2\/types\/product"}],"wp:featuredmedia":[{"embeddable":true,"href":"https:\/\/talia-fashion.pl\/en\/wp-json\/wp\/v2\/media\/540"}],"wp:attachment":[{"href":"https:\/\/talia-fashion.pl\/en\/wp-json\/wp\/v2\/media?parent=4288"}],"wp:term":[{"taxonomy":"product_cat","embeddable":true,"href":"https:\/\/talia-fashion.pl\/en\/wp-json\/wp\/v2\/product_cat?post=4288"},{"taxonomy":"product_tag","embeddable":true,"href":"https:\/\/talia-fashion.pl\/en\/wp-json\/wp\/v2\/product_tag?post=4288"}],"curies":[{"name":"wp","href":"https:\/\/api.w.org\/{rel}","templated":true}]}}