{"id":4272,"date":"2021-09-16T09:07:17","date_gmt":"2021-09-16T07:07:17","guid":{"rendered":"http:\/\/talia-fashion.pl\/produkt\/dlugi-zimowy-plaszcz-w-bezowa-jodelke-kira\/"},"modified":"2026-04-03T20:45:19","modified_gmt":"2026-04-03T18:45:19","slug":"dlugi-zimowy-plaszcz-w-bezowa-jodelke-kira","status":"publish","type":"product","link":"https:\/\/talia-fashion.pl\/en\/product\/dlugi-zimowy-plaszcz-w-bezowa-jodelke-kira\/","title":{"rendered":"Long winter coat in beige herringbone Kira"},"content":{"rendered":"<p>D\u0142ugi zimowy p\u0142aszcz w be\u017cow\u0105 jode\u0142k\u0119 Kira to nasza propozycja d\u0142ugiego p\u0142aszcza zimowego, kt\u00f3ry w zale\u017cno\u015bci od wzrostu mo\u017ce si\u0119ga\u0107 niemal kostek. P\u0142aszcz zosta\u0142 skonstruowany tak, by optycznie wyszczupla\u0142 i wyd\u0142u\u017ca\u0142 sylwetk\u0119.\u00a0Ten fason nie zaburza proporcji cia\u0142a i nie przyt\u0142acza sylwetki, dlatego nawet niskie osoby b\u0119d\u0105 w nim \u015bwietnie wygl\u0105da\u0142y. D\u0142ugi p\u0142aszcz doda im lekko\u015bci i optycznie wyd\u0142u\u017cy. Taki sam efekt zyskamy przy rozpi\u0119tym p\u0142aszczu lub z przewi\u0105zanym na tyle pasku. Je\u015bli jeszcze dodatkowo za\u0142o\u017cymy buty na obcasie, efekt b\u0119dzie wzmocniony. Wi\u0119cej takich ciekawostek znajdziecie w naszym poradniku: <a href=\"https:\/\/talia-fashion.pl\/en\/jak-dobrac-plaszcz-do-sylwetki\/\">How do you choose a coat to suit your figure?<\/a><\/p>\n<p>Ten pi\u0119kny p\u0142aszcz zimowy uszyli\u015bmy z mi\u0119kkiego we\u0142nianego materia\u0142u o lekko w\u0142oskowatej strukturze. Na uwag\u0119 zas\u0142uguje r\u00f3wnie\u017c unikatowy wz\u00f3r jode\u0142ki, w kt\u00f3rej przeplataj\u0105 si\u0119 nitki o dw\u00f3ch odcieniach be\u017cu. Zapinany jest na szylkretowe guziki w ciemniejszych odcieniach br\u0105zu. Wysmuklaj\u0105cy sylwetk\u0119 ko\u0142nierz z klapami mo\u017cna nosi\u0107 podniesiony aby dodatkowo ochrania\u0142 przed ch\u0142odem. P\u0142aszcz ma taliowany ty\u0142 i profilowany prz\u00f3d dzi\u0119ki czemu idealnie dopasowuje si\u0119 do sylwetki, a dodatkowo aby podkre\u015bli\u0107 tali\u0119 posiada pasek uszyty z tej samej tkaniny. Dwie, uko\u015bnie wszyte kieszenie zako\u0144czone ozdobnymi listewkami. P\u0142aszcz ma rozporek na tyle.\u00a0 W ca\u0142o\u015bci na acetatowej podszewce i dodatkowo ocieplany. Polecamy na zim\u0119.<\/p>\n<p><span lang=\"DE\">Wytworny, d\u0142ugi zimowy p\u0142aszcz w be\u017cow\u0105 jode\u0142k\u0119 Kira mo\u017cesz nosi\u0107 nie tylko do eleganckich, wyj\u015bciowych kreacji. \u015awietnie sprawdzi si\u0119 r\u00f3wnie\u017c do casualowych oraz sportowych stylizacji, nie wykluczaj\u0105c zestawienia z obuwiem sportowym. Je\u015bli lubisz nosi\u0107 sukienki lub sp\u00f3dniczki mini, d\u0142ugo\u015b\u0107 do po\u0142owy \u0142ydki zapewni Ci idealne ciep\u0142o. Mo\u017cesz wzbogaci\u0107 sw\u00f3j p\u0142aszcz o ciep\u0142y szal i milutk\u0105 czapk\u0119, aby czu\u0107 si\u0119 komfortowo na ka\u017cdym zimowym spacerze. Idealnie sprawdzi si\u0119 r\u00f3wnie\u017c w stylizacjach do biura na marynark\u0119 &#8211; pi\u0119knie komponowa\u0107 si\u0119 b\u0119dzie z nasz\u0105 marynark\u0105 Brooklyn. <\/span><\/p>\n<p>Available colours<span lang=\"DE\">: jode\u0142ka be\u017cowa<br \/>\n<\/span><\/p>\n<p>The colours are shown in the pictures of the coats in the various cuts, in the other auctions and in the <a href=\"https:\/\/talia-fashion.pl\/en\/paleta-kolorow\/\">colour palette<\/a>. If in doubt, please contact us.<\/p>\n<p><span lang=\"DE\">Available sizes: XS, S, M, L, XL<\/span><\/p>\n<p>The model is 172 cm and a size S.<\/p>\n<p><span lang=\"DE\">Indicative dimensions:<\/span><\/p>\n<p><span lang=\"DE\">XS - bust: 86-88 \/ hips 94-96 \/ length: 118 \/ arms 34.5-35 \/ sleeve 61<br \/>\nS - bust: 90-92 \/ hips: 98-100 \/ length: 118\/ shoulders 35.5-36 \/ sleeve: 62<br \/>\nM - bust: 94-96 \/ hips: 102-104 \/ length: 118 \/ shoulders 37.5 \/ sleeve: 62<br \/>\nL \u2013 biust: 98-100 \/ biodra: 106-108 \/ d\u0142ugo\u015b\u0107: 120 \/ ramiona 39,5-40 \/ r\u0119kaw: 63<br \/>\nXL \u2013 biust: 104-106 \/ biodra: 112-114 \/ d\u0142ugo\u015b\u0107: 120 \/ ramiona 42-42,5 \/ r\u0119kaw: 64<\/span><\/p>\n<p><span lang=\"DE\">If you are unsure of your size selection, please contact us.<\/span><\/p>\n<p><span lang=\"DE\">Material: <\/span><span lang=\"DE\">80% we\u0142na dziewicza, 20% poliamid<br \/>\n<\/span><\/p>\n<p>Lining: 100% acetate<br \/>\nAcetat podobnie jak wiskoza wytwarzany jest z celulozy. Prz\u0119dza acetatowa mo\u017ce by\u0107 wytworzona r\u00f3wnie\u017c z celulozy przetworzonej np. papieru. Podszewka acetatowa doskonale wch\u0142ania wilgo\u0107 i przepuszcza powietrze, dzi\u0119ki czemu dobrze si\u0119 nosi i zapewnia komfort. Jest powlekana apretur\u0105 antystatyczn\u0105 i posiada certyfikat OEKOtex\u00ae Standard 100.<\/p>\n<p>Insulation: 100% non-woven recycled polyester<br \/>\nOur coats are insulated with a compressed thermo-insulating quilted fleece on the lining. The fleece is made from recycled polyester fibres. The material is lightweight, thin and at the same time perfectly insulating. The insulating fleece we use is resistant to moisture (it retains its insulating properties and warming effect even in damp conditions), stops the wind, is hypoallergenic and breathable. It is OEKOtex\u00ae Standard 100 certified.<\/p>\n<p>D\u0142ugi zimowy p\u0142aszcz w be\u017cow\u0105 jode\u0142k\u0119 Kira nale\u017cy czy\u015bci\u0107 chemicznie. P\u0142aszcze we\u0142niane wymagaj\u0105 szczeg\u00f3lnego traktowania: wyczesywania, wietrzenia, odwieszania na wyprofilowany wieszaczek. Do domowej piel\u0119gnacji we\u0142ny polecamy <a href=\"https:\/\/talia-fashion.pl\/en\/product\/szczotka-do-czyszczenia-i-pielegnacji-plaszcza\/\">Brush for cleaning and care of the coat<\/a>, kt\u00f3r\u0105 mo\u017cna kupi\u0107 w naszym sklepie. Podpowiadamy <a href=\"https:\/\/talia-fashion.pl\/en\/jak-pielegnowac-i-dbac-o-plaszcz\/\">jak piel\u0119gnowa\u0107 i dba\u0107 o p\u0142aszcze,<\/a>gdy\u017c dbaj\u0105c o ubrania pomagasz chroni\u0107 \u015brodowisko.<\/p>\n<p><strong>Individual order -\u00a0<\/strong>Some modifications can be made at the client's request: shortening, lengthening of the sleeve, shortening and lengthening of the coat.<\/p>\n<p><strong>An individual order is not subject to exchange or refund.<\/strong><\/p>\n<p>D\u0142ugi zimowy p\u0142aszcz w be\u017cow\u0105 jode\u0142k\u0119 Kira powsta\u0142 w naszej rodzinnej pracowni w Poznaniu w zgodzie z zasadami Fair Trade i w spos\u00f3b przyjazny dla \u015brodowiska<span lang=\"DE\">.\u00a0 Zadbali\u015bmy o ka\u017cdy jego detal, pocz\u0105wszy od czasoch\u0142onnej selekcji materia\u0142\u00f3w i podszewek, modeluj\u0105cej konstrukcji plaszcza a sko\u0144czywszy na jego wyko\u0144czeniu. To rzemie\u015blnicza pere\u0142ka, w kt\u00f3rej nawet guziki zosta\u0142y przyszyte r\u0119cznie. Zachwy\u0107 si\u0119 mi\u0119kko\u015bci\u0105 i jako\u015bci\u0105 wykonania.<\/span><\/p>\n<p><span lang=\"DE\">Czas realizacji zam\u00f3wienia uzale\u017cniamy od aktualnego stanu magazynowego w pracowni oraz dost\u0119pno\u015bci danego koloru materia\u0142u. Je\u015bli dany p\u0142aszcz jest ju\u017c uszyty realizacja zam\u00f3wienia nast\u0105pi bardzo szybko 2-5 dni roboczych. Je\u015bli konieczne jest uszycie p\u0142aszcza b\u0105d\u017a indywidualizacja zam\u00f3wienia \u2013 wykonanie przer\u00f3bki lub uszycie nowego p\u0142aszcza wed\u0142ug specyfikacji Klienta \u2013 czas realizacji zam\u00f3wienia mo\u017ce ulec wyd\u0142u\u017ceniu, maksymalnie do 2 tygodni.<\/span><br \/>\nProsimy zatem o cierpliwo\u015b\u0107, musimy uszy\u0107 ten p\u0142aszcz dla Ciebie.<\/p>\n<p>We encourage you to like our\u00a0<a href=\"https:\/\/www.facebook.com\/talia.plaszcze\">fanpage\u2019u\u00a0<\/a>na Facebooku.<\/p>","protected":false},"excerpt":{"rendered":"<p>D\u0142ugi zimowy p\u0142aszcz w be\u017cow\u0105 jode\u0142k\u0119 Kira to nasza propozycja d\u0142ugiego p\u0142aszcza zimowego, kt\u00f3ry w zale\u017cno\u015bci od wzrostu mo\u017ce si\u0119ga\u0107 niemal kostek.&hellip;<\/p>","protected":false},"featured_media":531,"template":"","meta":{"_acf_changed":false},"product_cat":[31,36],"product_tag":[89,119,209,32,33,37,34,39,41,42,67,135,109,43,44,91,45,68,96,47,75,122,150,181,102,50,95,86,53,139,175,210,147],"class_list":{"0":"post-4272","1":"product","2":"type-product","3":"status-publish","4":"has-post-thumbnail","6":"product_cat-nowosci","7":"product_cat-plaszcze-dluzsze","8":"product_tag-cieply","9":"product_tag-dlugi-plaszcz-zimowy","10":"product_tag-do-polowy-lydki","11":"product_tag-dopasowany-kroj","12":"product_tag-dwurzedowy","13":"product_tag-dyplomatka","14":"product_tag-handmade","15":"product_tag-klasyczny","16":"product_tag-na-podszewce","17":"product_tag-nowosc","18":"product_tag-ocieplany","19":"product_tag-plaszcz-brazowy","20":"product_tag-plaszcz-camel","21":"product_tag-plaszcz-damski","22":"product_tag-plaszcz-damski-dlugi","23":"product_tag-plaszcz-damski-zimowy","24":"product_tag-plaszcz-dlugi","25":"product_tag-plaszcz-jesienny","26":"product_tag-plaszcz-na-chlodne-dni","27":"product_tag-plaszcz-na-guziki","28":"product_tag-plaszcz-ocieplany","29":"product_tag-plaszcz-szlafrokowy","30":"product_tag-plaszcz-taliowany","31":"product_tag-plaszcz-w-jodelke","32":"product_tag-plaszcz-z-alpaki","33":"product_tag-plaszcz-z-rewersem","34":"product_tag-plaszcz-zimowy","35":"product_tag-plaszcz-zimowy-ocieplany","36":"product_tag-welna","37":"product_tag-welna-dziewicza","38":"product_tag-welniany-plaszcz-z-kapturem","39":"product_tag-za-kolano","40":"product_tag-zrownowazona-produkcja","42":"first","43":"instock","44":"shipping-taxable","45":"purchasable","46":"product-type-variable","47":"has-default-attributes"},"acf":[],"yoast_head":"<!-- This site is optimized with the Yoast SEO plugin v25.7 - https:\/\/yoast.com\/wordpress\/plugins\/seo\/ -->\n<title>D\u0142ugi zimowy p\u0142aszcz w be\u017cow\u0105 jode\u0142k\u0119 Kira - Talia Fashion - polski producent<\/title>\n<meta name=\"description\" content=\"D\u0142ugi zimowy p\u0142aszcz w be\u017cow\u0105 jode\u0142k\u0119 to wyj\u0105tkowa propozycja z naszej kolekcji r\u0119cznie szytych p\u0142aszczy. Zachwy\u0107 si\u0119 mi\u0119kko\u015bci\u0105 i jako\u015bci\u0105 wykonania.\" \/>\n<meta name=\"robots\" content=\"index, follow, max-snippet:-1, max-image-preview:large, max-video-preview:-1\" \/>\n<link rel=\"canonical\" href=\"https:\/\/talia-fashion.pl\/en\/product\/dlugi-zimowy-plaszcz-w-bezowa-jodelke-kira\/\" \/>\n<meta property=\"og:locale\" content=\"en_GB\" \/>\n<meta property=\"og:type\" content=\"article\" \/>\n<meta property=\"og:title\" content=\"D\u0142ugi zimowy p\u0142aszcz w be\u017cow\u0105 jode\u0142k\u0119 Kira - Talia Fashion - polski producent\" \/>\n<meta property=\"og:description\" content=\"D\u0142ugi zimowy p\u0142aszcz w be\u017cow\u0105 jode\u0142k\u0119 to wyj\u0105tkowa propozycja z naszej kolekcji r\u0119cznie szytych p\u0142aszczy. Zachwy\u0107 si\u0119 mi\u0119kko\u015bci\u0105 i jako\u015bci\u0105 wykonania.\" \/>\n<meta property=\"og:url\" content=\"https:\/\/talia-fashion.pl\/en\/product\/dlugi-zimowy-plaszcz-w-bezowa-jodelke-kira\/\" \/>\n<meta property=\"og:site_name\" content=\"Talia Fashion\" \/>\n<meta property=\"article:modified_time\" content=\"2026-04-03T18:45:19+00:00\" \/>\n<meta property=\"og:image\" content=\"https:\/\/talia-fashion.pl\/wp-content\/uploads\/2024\/10\/dlugi-zimowy-plaszcz-welniany-jodelka-z-paskiem-dwurzedowy-szlafrokowy-kroj-960x1280.jpg\" \/>\n\t<meta property=\"og:image:width\" content=\"960\" \/>\n\t<meta property=\"og:image:height\" content=\"1280\" \/>\n\t<meta property=\"og:image:type\" content=\"image\/jpeg\" \/>\n<meta name=\"twitter:card\" content=\"summary_large_image\" \/>\n<meta name=\"twitter:label1\" content=\"Estimated reading time\" \/>\n\t<meta name=\"twitter:data1\" content=\"4 minutes\" \/>\n<script type=\"application\/ld+json\" class=\"yoast-schema-graph\">{\"@context\":\"https:\/\/schema.org\",\"@graph\":[{\"@type\":\"WebPage\",\"@id\":\"https:\/\/talia-fashion.pl\/produkt\/dlugi-zimowy-plaszcz-w-bezowa-jodelke-kira\/\",\"url\":\"https:\/\/talia-fashion.pl\/produkt\/dlugi-zimowy-plaszcz-w-bezowa-jodelke-kira\/\",\"name\":\"D\u0142ugi zimowy p\u0142aszcz w be\u017cow\u0105 jode\u0142k\u0119 Kira - Talia Fashion - polski producent\",\"isPartOf\":{\"@id\":\"https:\/\/talia-fashion.pl\/#website\"},\"primaryImageOfPage\":{\"@id\":\"https:\/\/talia-fashion.pl\/produkt\/dlugi-zimowy-plaszcz-w-bezowa-jodelke-kira\/#primaryimage\"},\"image\":{\"@id\":\"https:\/\/talia-fashion.pl\/produkt\/dlugi-zimowy-plaszcz-w-bezowa-jodelke-kira\/#primaryimage\"},\"thumbnailUrl\":\"https:\/\/talia-fashion.pl\/wp-content\/uploads\/2024\/10\/dlugi-zimowy-plaszcz-welniany-jodelka-z-paskiem-dwurzedowy-szlafrokowy-kroj.jpg\",\"datePublished\":\"2021-09-16T07:07:17+00:00\",\"dateModified\":\"2026-04-03T18:45:19+00:00\",\"description\":\"D\u0142ugi zimowy p\u0142aszcz w be\u017cow\u0105 jode\u0142k\u0119 to wyj\u0105tkowa propozycja z naszej kolekcji r\u0119cznie szytych p\u0142aszczy. Zachwy\u0107 si\u0119 mi\u0119kko\u015bci\u0105 i jako\u015bci\u0105 wykonania.\",\"breadcrumb\":{\"@id\":\"https:\/\/talia-fashion.pl\/produkt\/dlugi-zimowy-plaszcz-w-bezowa-jodelke-kira\/#breadcrumb\"},\"inLanguage\":\"en-GB\",\"potentialAction\":[{\"@type\":\"ReadAction\",\"target\":[\"https:\/\/talia-fashion.pl\/produkt\/dlugi-zimowy-plaszcz-w-bezowa-jodelke-kira\/\"]}]},{\"@type\":\"ImageObject\",\"inLanguage\":\"en-GB\",\"@id\":\"https:\/\/talia-fashion.pl\/produkt\/dlugi-zimowy-plaszcz-w-bezowa-jodelke-kira\/#primaryimage\",\"url\":\"https:\/\/talia-fashion.pl\/wp-content\/uploads\/2024\/10\/dlugi-zimowy-plaszcz-welniany-jodelka-z-paskiem-dwurzedowy-szlafrokowy-kroj.jpg\",\"contentUrl\":\"https:\/\/talia-fashion.pl\/wp-content\/uploads\/2024\/10\/dlugi-zimowy-plaszcz-welniany-jodelka-z-paskiem-dwurzedowy-szlafrokowy-kroj.jpg\",\"width\":1500,\"height\":2000,\"caption\":\"D\u0142ugi zimowy p\u0142aszcz w be\u017cow\u0105 jode\u0142k\u0119. Uszyty z wysokiej jako\u015b\u0107 mieszanki we\u0142ny dziewiczej. Zaprojektowany i uszyty z zba\u0142o\u015bci\u0105 o najmniejszy detal. Klasyka i ponadczasowy wz\u00f3r. Produkt premium.\"},{\"@type\":\"BreadcrumbList\",\"@id\":\"https:\/\/talia-fashion.pl\/produkt\/dlugi-zimowy-plaszcz-w-bezowa-jodelke-kira\/#breadcrumb\",\"itemListElement\":[{\"@type\":\"ListItem\",\"position\":1,\"name\":\"Strona g\u0142\u00f3wna\",\"item\":\"https:\/\/talia-fashion.pl\/\"},{\"@type\":\"ListItem\",\"position\":2,\"name\":\"Sklep\",\"item\":\"https:\/\/talia-fashion.pl\/sklep\/\"},{\"@type\":\"ListItem\",\"position\":3,\"name\":\"D\u0142ugi zimowy p\u0142aszcz w be\u017cow\u0105 jode\u0142k\u0119 Kira\"}]},{\"@type\":\"WebSite\",\"@id\":\"https:\/\/talia-fashion.pl\/#website\",\"url\":\"https:\/\/talia-fashion.pl\/\",\"name\":\"Talia Fashion\",\"description\":\"\",\"potentialAction\":[{\"@type\":\"SearchAction\",\"target\":{\"@type\":\"EntryPoint\",\"urlTemplate\":\"https:\/\/talia-fashion.pl\/?s={search_term_string}\"},\"query-input\":{\"@type\":\"PropertyValueSpecification\",\"valueRequired\":true,\"valueName\":\"search_term_string\"}}],\"inLanguage\":\"en-GB\"}]}<\/script>\n<!-- \/ Yoast SEO plugin. -->","yoast_head_json":{"title":"D\u0142ugi zimowy p\u0142aszcz w be\u017cow\u0105 jode\u0142k\u0119 Kira - Talia Fashion - polski producent","description":"D\u0142ugi zimowy p\u0142aszcz w be\u017cow\u0105 jode\u0142k\u0119 to wyj\u0105tkowa propozycja z naszej kolekcji r\u0119cznie szytych p\u0142aszczy. Zachwy\u0107 si\u0119 mi\u0119kko\u015bci\u0105 i jako\u015bci\u0105 wykonania.","robots":{"index":"index","follow":"follow","max-snippet":"max-snippet:-1","max-image-preview":"max-image-preview:large","max-video-preview":"max-video-preview:-1"},"canonical":"https:\/\/talia-fashion.pl\/en\/product\/dlugi-zimowy-plaszcz-w-bezowa-jodelke-kira\/","og_locale":"en_GB","og_type":"article","og_title":"D\u0142ugi zimowy p\u0142aszcz w be\u017cow\u0105 jode\u0142k\u0119 Kira - Talia Fashion - polski producent","og_description":"D\u0142ugi zimowy p\u0142aszcz w be\u017cow\u0105 jode\u0142k\u0119 to wyj\u0105tkowa propozycja z naszej kolekcji r\u0119cznie szytych p\u0142aszczy. Zachwy\u0107 si\u0119 mi\u0119kko\u015bci\u0105 i jako\u015bci\u0105 wykonania.","og_url":"https:\/\/talia-fashion.pl\/en\/product\/dlugi-zimowy-plaszcz-w-bezowa-jodelke-kira\/","og_site_name":"Talia Fashion","article_modified_time":"2026-04-03T18:45:19+00:00","og_image":[{"width":960,"height":1280,"url":"https:\/\/talia-fashion.pl\/wp-content\/uploads\/2024\/10\/dlugi-zimowy-plaszcz-welniany-jodelka-z-paskiem-dwurzedowy-szlafrokowy-kroj-960x1280.jpg","type":"image\/jpeg"}],"twitter_card":"summary_large_image","twitter_misc":{"Estimated reading time":"4 minutes"},"schema":{"@context":"https:\/\/schema.org","@graph":[{"@type":"WebPage","@id":"https:\/\/talia-fashion.pl\/produkt\/dlugi-zimowy-plaszcz-w-bezowa-jodelke-kira\/","url":"https:\/\/talia-fashion.pl\/produkt\/dlugi-zimowy-plaszcz-w-bezowa-jodelke-kira\/","name":"D\u0142ugi zimowy p\u0142aszcz w be\u017cow\u0105 jode\u0142k\u0119 Kira - Talia Fashion - polski producent","isPartOf":{"@id":"https:\/\/talia-fashion.pl\/#website"},"primaryImageOfPage":{"@id":"https:\/\/talia-fashion.pl\/produkt\/dlugi-zimowy-plaszcz-w-bezowa-jodelke-kira\/#primaryimage"},"image":{"@id":"https:\/\/talia-fashion.pl\/produkt\/dlugi-zimowy-plaszcz-w-bezowa-jodelke-kira\/#primaryimage"},"thumbnailUrl":"https:\/\/talia-fashion.pl\/wp-content\/uploads\/2024\/10\/dlugi-zimowy-plaszcz-welniany-jodelka-z-paskiem-dwurzedowy-szlafrokowy-kroj.jpg","datePublished":"2021-09-16T07:07:17+00:00","dateModified":"2026-04-03T18:45:19+00:00","description":"D\u0142ugi zimowy p\u0142aszcz w be\u017cow\u0105 jode\u0142k\u0119 to wyj\u0105tkowa propozycja z naszej kolekcji r\u0119cznie szytych p\u0142aszczy. Zachwy\u0107 si\u0119 mi\u0119kko\u015bci\u0105 i jako\u015bci\u0105 wykonania.","breadcrumb":{"@id":"https:\/\/talia-fashion.pl\/produkt\/dlugi-zimowy-plaszcz-w-bezowa-jodelke-kira\/#breadcrumb"},"inLanguage":"en-GB","potentialAction":[{"@type":"ReadAction","target":["https:\/\/talia-fashion.pl\/produkt\/dlugi-zimowy-plaszcz-w-bezowa-jodelke-kira\/"]}]},{"@type":"ImageObject","inLanguage":"en-GB","@id":"https:\/\/talia-fashion.pl\/produkt\/dlugi-zimowy-plaszcz-w-bezowa-jodelke-kira\/#primaryimage","url":"https:\/\/talia-fashion.pl\/wp-content\/uploads\/2024\/10\/dlugi-zimowy-plaszcz-welniany-jodelka-z-paskiem-dwurzedowy-szlafrokowy-kroj.jpg","contentUrl":"https:\/\/talia-fashion.pl\/wp-content\/uploads\/2024\/10\/dlugi-zimowy-plaszcz-welniany-jodelka-z-paskiem-dwurzedowy-szlafrokowy-kroj.jpg","width":1500,"height":2000,"caption":"D\u0142ugi zimowy p\u0142aszcz w be\u017cow\u0105 jode\u0142k\u0119. Uszyty z wysokiej jako\u015b\u0107 mieszanki we\u0142ny dziewiczej. Zaprojektowany i uszyty z zba\u0142o\u015bci\u0105 o najmniejszy detal. Klasyka i ponadczasowy wz\u00f3r. Produkt premium."},{"@type":"BreadcrumbList","@id":"https:\/\/talia-fashion.pl\/produkt\/dlugi-zimowy-plaszcz-w-bezowa-jodelke-kira\/#breadcrumb","itemListElement":[{"@type":"ListItem","position":1,"name":"Strona g\u0142\u00f3wna","item":"https:\/\/talia-fashion.pl\/"},{"@type":"ListItem","position":2,"name":"Sklep","item":"https:\/\/talia-fashion.pl\/sklep\/"},{"@type":"ListItem","position":3,"name":"D\u0142ugi zimowy p\u0142aszcz w be\u017cow\u0105 jode\u0142k\u0119 Kira"}]},{"@type":"WebSite","@id":"https:\/\/talia-fashion.pl\/#website","url":"https:\/\/talia-fashion.pl\/","name":"Talia Fashion","description":"","potentialAction":[{"@type":"SearchAction","target":{"@type":"EntryPoint","urlTemplate":"https:\/\/talia-fashion.pl\/?s={search_term_string}"},"query-input":{"@type":"PropertyValueSpecification","valueRequired":true,"valueName":"search_term_string"}}],"inLanguage":"en-GB"}]}},"_links":{"self":[{"href":"https:\/\/talia-fashion.pl\/en\/wp-json\/wp\/v2\/product\/4272","targetHints":{"allow":["GET"]}}],"collection":[{"href":"https:\/\/talia-fashion.pl\/en\/wp-json\/wp\/v2\/product"}],"about":[{"href":"https:\/\/talia-fashion.pl\/en\/wp-json\/wp\/v2\/types\/product"}],"wp:featuredmedia":[{"embeddable":true,"href":"https:\/\/talia-fashion.pl\/en\/wp-json\/wp\/v2\/media\/531"}],"wp:attachment":[{"href":"https:\/\/talia-fashion.pl\/en\/wp-json\/wp\/v2\/media?parent=4272"}],"wp:term":[{"taxonomy":"product_cat","embeddable":true,"href":"https:\/\/talia-fashion.pl\/en\/wp-json\/wp\/v2\/product_cat?post=4272"},{"taxonomy":"product_tag","embeddable":true,"href":"https:\/\/talia-fashion.pl\/en\/wp-json\/wp\/v2\/product_tag?post=4272"}],"curies":[{"name":"wp","href":"https:\/\/api.w.org\/{rel}","templated":true}]}}