{"id":4261,"date":"2021-09-15T13:23:54","date_gmt":"2021-09-15T11:23:54","guid":{"rendered":"http:\/\/talia-fashion.pl\/produkt\/granatowy-zimowy-plaszcz-z-mieszanki-welny-ada\/"},"modified":"2026-04-10T18:58:15","modified_gmt":"2026-04-10T16:58:15","slug":"granatowy-zimowy-plaszcz-z-mieszanki-welny-ada","status":"publish","type":"product","link":"https:\/\/talia-fashion.pl\/en\/product\/granatowy-zimowy-plaszcz-z-mieszanki-welny-ada\/","title":{"rendered":"Ada navy blue wool blend winter coat"},"content":{"rendered":"<p>Highly recommended <strong>navy blue winter coat<\/strong> made from Ada wool blend. This is one of the more timeless women's topcoats, fitting almost every person and occasion. <span lang=\"DE\">The soft wool-blend fabric, minimalist cut and versatile colour will work no matter what the current trends are, providing the perfect base for many outfits, both casual and special occasion. Whether it's a wool dress and flat ballerinas with a Mary Jane belt or a white shirt and boots, everything will fit beautifully into the perfect outfit with this <strong>classic<\/strong> in the cut of the coat. <\/span><\/p>\n<p>The coat was sewn from a fabric in a deep shade of navy blue <strong data-start=\"242\" data-end=\"259\">(midnight navy). <\/strong>It is a shade inspired by the colour of the night sky just before total darkness. It is darker than the classic navy blue, almost falling into black - but still retains the <strong data-start=\"461\" data-end=\"493\">noble blue pigment<\/strong>which adds to its elegance. A great choice for style <strong data-start=\"1066\" data-end=\"1079\">Old Money<\/strong>, <strong data-start=\"1081\" data-end=\"1099\">modern classic <\/strong>(modern classics) or <strong data-start=\"1104\" data-end=\"1124\">smart minimalism <\/strong>(intelligent minimalism).<\/p>\n<p>The navy blue coat suits almost all skin tones and beauty types, making it a <strong>exceptionally versatile<\/strong>. It can be combined with a wide range of colours - from neutral beige and white to more daring colours such as red, gold, pink or green. The navy blue coat is timeless, discreet yet full of character. No matter the season or occasion, it always adds class and sophistication to styling, making it an essential piece for any wardrobe.<\/p>\n<p><span lang=\"DE\">Ada navy blue wool blend winter coat <strong>it has a double-breasted button fastening<\/strong>. The back is waisted and fitted to the silhouette, with an opening. The front is shaped. The waist can be further emphasised <strong>belt<\/strong> made of the same fabric. Pockets sewn into the sides add functionality. <strong>Knee-length coat<\/strong> The design of the dress is very flattering even on shorter people. Fully lined model <strong>on <\/strong>acetate<strong> lining<\/strong> i <strong>additionally insulated<\/strong>. An interestingly constructed, lined collar with delicate flaps that have been specially sewn together to form a shawl collar. The shawl collar optically slims the silhouette, while the turned-up and raised collar provides warmth and protection from the wind. A stylish choice for cold winter days!\u00a0<\/span><\/p>\n<p><span lang=\"DE\">Actual photo - navy blue<\/span><\/p>\n<p>Available colours<span lang=\"DE\">: midnight navy<\/span><\/p>\n<p><span lang=\"DE\">The colours are shown in the pictures of the coats in different cuts. If in doubt, please contact us.<\/span><\/p>\n<p><span lang=\"DE\">Available sizes: XS, S, M, L,XL<\/span><\/p>\n<p>The model is 172cm and a size S.<\/p>\n<p><span lang=\"DE\">Indicative dimensions:<\/span><\/p>\n<p><span lang=\"DE\">XS - bust: 86-88 \/ hips 94-96 \/ length: 97 \/ sleeve 61<br \/>\nS - bust: 90-92 \/ hips: 98-100 \/ length: 98 \/ sleeve: 62<br \/>\nM - bust: 94-96 \/ hips: 102-104 \/ length: 98 \/ sleeve: 62<br \/>\nL - bust: 98-100 \/ hips: 106-108 \/ length: 98 \/ sleeve: 63<br \/>\nXL - bust: 104-106 \/ hips: 112-114 \/ length: 98 \/ sleeve: 64<\/span><\/p>\n<p><span lang=\"DE\">If you are unsure about your size selection, please contact us. We also encourage you to read our tips <a href=\"https:\/\/talia-fashion.pl\/en\/jak-dobrac-plaszcz-do-sylwetki\/\">How do you choose a coat to suit your figure? <\/a><br \/>\n<\/span><\/p>\n<p><span lang=\"DE\">Material: 80% virgin wool, 20% poly<\/span><span lang=\"DE\">amid\u00a0<\/span><\/p>\n<p>Lining: acetate 100%<br \/>\nLike viscose, acetate is produced from cellulose. Acetate yarn can also be made from recycled cellulose such as paper. The acetate lining is excellent at absorbing moisture, permeable to air and comfortable to wear. It is coated with an antistatic apprettee and is OEKOtex\u00ae Standard 100 certified.<\/p>\n<p>Insulation: 100% non-woven recycled polyester<br \/>\nOur coats are insulated with a compressed thermo-insulating quilted fleece on the lining. The fleece is made from recycled polyester fibres. The material is lightweight, thin and at the same time perfectly insulating. The insulating fleece we use is resistant to moisture (it retains its insulating properties and warming effect even in damp conditions), stops the wind, is hypoallergenic and breathable. It is OEKOtex\u00ae Standard 100 certified.<\/p>\n<p><span lang=\"DE\">Ada navy blue wool blend winter coat <\/span> from design to finished product, created in our family workshop in Poznan in a Fair Trade and environmentally friendly manner<span lang=\"DE\">.<\/span><\/p>\n<p>The coat should be dry-cleaned. For frequent refreshing of the wool we recommend the following <a href=\"https:\/\/talia-fashion.pl\/en\/product\/szczotka-do-czyszczenia-i-pielegnacji-plaszcza\/\">Brush for cleaning and care of the coat<\/a>which can be purchased in our shop. Proper care is essential to enjoy your beloved coat for a long time. <a href=\"https:\/\/talia-fashion.pl\/en\/jak-pielegnowac-i-dbac-o-plaszcz\/\">How to care for and maintain coats?<\/a><\/p>\n<p><strong>Individual order -\u00a0 <\/strong>In response to your unique needs, it is possible to make certain personalisations, for example: shortening, lengthening of the sleeves, shortening and lengthening of the coat. Any modifications at the customer's request are made after prior e-mail contact. <strong>An individual order is not subject to exchange or refund.<\/strong><\/p>\n<p><span lang=\"DE\">The lead time depends on the current stock in the atelier and the availability of the fabric colour. If the coat is already sewn, the order will be fulfilled very quickly - 2-5 working days. If the coat needs to be sewn or modifications need to be made - alterations or sewing a new coat - the lead time may be extended to a maximum of 2 weeks.<\/span><\/p>\n<p>Please be patient, we are a small, family-run studio and we do not sew coats for stock. We have to sew a particular coat for you and this takes time and precision. However, we will do our best to complete your order as quickly as possible.<\/p>\n<p>We encourage you to follow us on <a href=\"https:\/\/www.facebook.com\/talia.plaszcze\">Facebook<\/a>\u00a0i\u00a0<a href=\"https:\/\/www.instagram.com\/talia_plaszcze\/\">Instagram<\/a><\/p>","protected":false},"excerpt":{"rendered":"<p>Navy blue women's coat in quiet luxury style. Modern and classic at the same time.<\/p>","protected":false},"featured_media":258599,"template":"","meta":{"_acf_changed":false},"product_cat":[31,36],"product_tag":[78,32,37,206,34,38,39,121,41,42,67,142,91,164,102,95,86,173,69,60,61,207,53,167,88],"class_list":{"0":"post-4261","1":"product","2":"type-product","3":"status-publish","4":"has-post-thumbnail","6":"product_cat-nowosci","7":"product_cat-plaszcze-dluzsze","8":"product_tag-dla-roznych-sylwetek","9":"product_tag-dopasowany-kroj","10":"product_tag-dyplomatka","11":"product_tag-granatowa-kurtka","12":"product_tag-handmade","13":"product_tag-kamel","14":"product_tag-klasyczny","15":"product_tag-materialy-przyjazne-dla-srodowiska","16":"product_tag-na-podszewce","17":"product_tag-nowosc","18":"product_tag-ocieplany","19":"product_tag-plaszcz-butelkowy","20":"product_tag-plaszcz-damski-zimowy","21":"product_tag-plaszcz-jednorzedowy","22":"product_tag-plaszcz-z-alpaki","23":"product_tag-plaszcz-zimowy","24":"product_tag-plaszcz-zimowy-ocieplany","25":"product_tag-polski-producent-plaszczy","26":"product_tag-prochowiec","27":"product_tag-producent-plaszczy-damskich","28":"product_tag-recznie-szyty","29":"product_tag-rodzinna-firma","30":"product_tag-welna","31":"product_tag-welna-z-alpaka","32":"product_tag-wiazany","34":"first","35":"instock","36":"shipping-taxable","37":"purchasable","38":"product-type-variable","39":"has-default-attributes"},"acf":[],"yoast_head":"<!-- This site is optimized with the Yoast SEO plugin v25.7 - https:\/\/yoast.com\/wordpress\/plugins\/seo\/ -->\n<title>Granatowy zimowy p\u0142aszcz z mieszanki we\u0142ny Ada - Talia Fashion<\/title>\n<meta name=\"description\" content=\"Granatowy zimowy p\u0142aszcz z mieszanki we\u0142ny zosta\u0142 uszyty r\u0119cznie z dba\u0142o\u015bci\u0105 o ka\u017cdy element. Sprawdzi si\u0119 w ka\u017cdej stylizacji. Winter must have.\" \/>\n<meta name=\"robots\" content=\"index, follow, max-snippet:-1, max-image-preview:large, max-video-preview:-1\" \/>\n<link rel=\"canonical\" href=\"https:\/\/talia-fashion.pl\/en\/product\/granatowy-zimowy-plaszcz-z-mieszanki-welny-ada\/\" \/>\n<meta property=\"og:locale\" content=\"en_GB\" \/>\n<meta property=\"og:type\" content=\"article\" \/>\n<meta property=\"og:title\" content=\"Granatowy zimowy p\u0142aszcz z mieszanki we\u0142ny Ada - Talia Fashion\" \/>\n<meta property=\"og:description\" content=\"Granatowy zimowy p\u0142aszcz z mieszanki we\u0142ny zosta\u0142 uszyty r\u0119cznie z dba\u0142o\u015bci\u0105 o ka\u017cdy element. Sprawdzi si\u0119 w ka\u017cdej stylizacji. Winter must have.\" \/>\n<meta property=\"og:url\" content=\"https:\/\/talia-fashion.pl\/en\/product\/granatowy-zimowy-plaszcz-z-mieszanki-welny-ada\/\" \/>\n<meta property=\"og:site_name\" content=\"Talia Fashion\" \/>\n<meta property=\"article:modified_time\" content=\"2026-04-10T16:58:15+00:00\" \/>\n<meta property=\"og:image\" content=\"https:\/\/talia-fashion.pl\/wp-content\/uploads\/2025\/09\/granatowy-zimowy-plaszcz-mieszanka-welny-z-paskiem-ocieplany.jpg\" \/>\n\t<meta property=\"og:image:width\" content=\"1500\" \/>\n\t<meta property=\"og:image:height\" content=\"2000\" \/>\n\t<meta property=\"og:image:type\" content=\"image\/jpeg\" \/>\n<meta name=\"twitter:card\" content=\"summary_large_image\" \/>\n<meta name=\"twitter:label1\" content=\"Estimated reading time\" \/>\n\t<meta name=\"twitter:data1\" content=\"4 minutes\" \/>\n<script type=\"application\/ld+json\" class=\"yoast-schema-graph\">{\"@context\":\"https:\/\/schema.org\",\"@graph\":[{\"@type\":\"WebPage\",\"@id\":\"https:\/\/talia-fashion.pl\/produkt\/granatowy-zimowy-plaszcz-z-mieszanki-welny-ada\/\",\"url\":\"https:\/\/talia-fashion.pl\/produkt\/granatowy-zimowy-plaszcz-z-mieszanki-welny-ada\/\",\"name\":\"Granatowy zimowy p\u0142aszcz z mieszanki we\u0142ny Ada - Talia Fashion\",\"isPartOf\":{\"@id\":\"https:\/\/talia-fashion.pl\/#website\"},\"primaryImageOfPage\":{\"@id\":\"https:\/\/talia-fashion.pl\/produkt\/granatowy-zimowy-plaszcz-z-mieszanki-welny-ada\/#primaryimage\"},\"image\":{\"@id\":\"https:\/\/talia-fashion.pl\/produkt\/granatowy-zimowy-plaszcz-z-mieszanki-welny-ada\/#primaryimage\"},\"thumbnailUrl\":\"https:\/\/talia-fashion.pl\/wp-content\/uploads\/2025\/09\/granatowy-zimowy-plaszcz-mieszanka-welny-z-paskiem-ocieplany.jpg\",\"datePublished\":\"2021-09-15T11:23:54+00:00\",\"dateModified\":\"2026-04-10T16:58:15+00:00\",\"description\":\"Granatowy zimowy p\u0142aszcz z mieszanki we\u0142ny zosta\u0142 uszyty r\u0119cznie z dba\u0142o\u015bci\u0105 o ka\u017cdy element. Sprawdzi si\u0119 w ka\u017cdej stylizacji. Winter must have.\",\"breadcrumb\":{\"@id\":\"https:\/\/talia-fashion.pl\/produkt\/granatowy-zimowy-plaszcz-z-mieszanki-welny-ada\/#breadcrumb\"},\"inLanguage\":\"en-GB\",\"potentialAction\":[{\"@type\":\"ReadAction\",\"target\":[\"https:\/\/talia-fashion.pl\/produkt\/granatowy-zimowy-plaszcz-z-mieszanki-welny-ada\/\"]}]},{\"@type\":\"ImageObject\",\"inLanguage\":\"en-GB\",\"@id\":\"https:\/\/talia-fashion.pl\/produkt\/granatowy-zimowy-plaszcz-z-mieszanki-welny-ada\/#primaryimage\",\"url\":\"https:\/\/talia-fashion.pl\/wp-content\/uploads\/2025\/09\/granatowy-zimowy-plaszcz-mieszanka-welny-z-paskiem-ocieplany.jpg\",\"contentUrl\":\"https:\/\/talia-fashion.pl\/wp-content\/uploads\/2025\/09\/granatowy-zimowy-plaszcz-mieszanka-welny-z-paskiem-ocieplany.jpg\",\"width\":1500,\"height\":2000,\"caption\":\"Granatowy zimowy p\u0142aszcz w minimalistycznym stylu. Ocieplany i wygodny.\"},{\"@type\":\"BreadcrumbList\",\"@id\":\"https:\/\/talia-fashion.pl\/produkt\/granatowy-zimowy-plaszcz-z-mieszanki-welny-ada\/#breadcrumb\",\"itemListElement\":[{\"@type\":\"ListItem\",\"position\":1,\"name\":\"Strona g\u0142\u00f3wna\",\"item\":\"https:\/\/talia-fashion.pl\/\"},{\"@type\":\"ListItem\",\"position\":2,\"name\":\"Sklep\",\"item\":\"https:\/\/talia-fashion.pl\/sklep\/\"},{\"@type\":\"ListItem\",\"position\":3,\"name\":\"Granatowy zimowy p\u0142aszcz z mieszanki we\u0142ny Ada\"}]},{\"@type\":\"WebSite\",\"@id\":\"https:\/\/talia-fashion.pl\/#website\",\"url\":\"https:\/\/talia-fashion.pl\/\",\"name\":\"Talia Fashion\",\"description\":\"\",\"potentialAction\":[{\"@type\":\"SearchAction\",\"target\":{\"@type\":\"EntryPoint\",\"urlTemplate\":\"https:\/\/talia-fashion.pl\/?s={search_term_string}\"},\"query-input\":{\"@type\":\"PropertyValueSpecification\",\"valueRequired\":true,\"valueName\":\"search_term_string\"}}],\"inLanguage\":\"en-GB\"}]}<\/script>\n<!-- \/ Yoast SEO plugin. -->","yoast_head_json":{"title":"Granatowy zimowy p\u0142aszcz z mieszanki we\u0142ny Ada - Talia Fashion","description":"Granatowy zimowy p\u0142aszcz z mieszanki we\u0142ny zosta\u0142 uszyty r\u0119cznie z dba\u0142o\u015bci\u0105 o ka\u017cdy element. Sprawdzi si\u0119 w ka\u017cdej stylizacji. Winter must have.","robots":{"index":"index","follow":"follow","max-snippet":"max-snippet:-1","max-image-preview":"max-image-preview:large","max-video-preview":"max-video-preview:-1"},"canonical":"https:\/\/talia-fashion.pl\/en\/product\/granatowy-zimowy-plaszcz-z-mieszanki-welny-ada\/","og_locale":"en_GB","og_type":"article","og_title":"Granatowy zimowy p\u0142aszcz z mieszanki we\u0142ny Ada - Talia Fashion","og_description":"Granatowy zimowy p\u0142aszcz z mieszanki we\u0142ny zosta\u0142 uszyty r\u0119cznie z dba\u0142o\u015bci\u0105 o ka\u017cdy element. Sprawdzi si\u0119 w ka\u017cdej stylizacji. Winter must have.","og_url":"https:\/\/talia-fashion.pl\/en\/product\/granatowy-zimowy-plaszcz-z-mieszanki-welny-ada\/","og_site_name":"Talia Fashion","article_modified_time":"2026-04-10T16:58:15+00:00","og_image":[{"width":1500,"height":2000,"url":"https:\/\/talia-fashion.pl\/wp-content\/uploads\/2025\/09\/granatowy-zimowy-plaszcz-mieszanka-welny-z-paskiem-ocieplany.jpg","type":"image\/jpeg"}],"twitter_card":"summary_large_image","twitter_misc":{"Estimated reading time":"4 minutes"},"schema":{"@context":"https:\/\/schema.org","@graph":[{"@type":"WebPage","@id":"https:\/\/talia-fashion.pl\/produkt\/granatowy-zimowy-plaszcz-z-mieszanki-welny-ada\/","url":"https:\/\/talia-fashion.pl\/produkt\/granatowy-zimowy-plaszcz-z-mieszanki-welny-ada\/","name":"Granatowy zimowy p\u0142aszcz z mieszanki we\u0142ny Ada - Talia Fashion","isPartOf":{"@id":"https:\/\/talia-fashion.pl\/#website"},"primaryImageOfPage":{"@id":"https:\/\/talia-fashion.pl\/produkt\/granatowy-zimowy-plaszcz-z-mieszanki-welny-ada\/#primaryimage"},"image":{"@id":"https:\/\/talia-fashion.pl\/produkt\/granatowy-zimowy-plaszcz-z-mieszanki-welny-ada\/#primaryimage"},"thumbnailUrl":"https:\/\/talia-fashion.pl\/wp-content\/uploads\/2025\/09\/granatowy-zimowy-plaszcz-mieszanka-welny-z-paskiem-ocieplany.jpg","datePublished":"2021-09-15T11:23:54+00:00","dateModified":"2026-04-10T16:58:15+00:00","description":"Granatowy zimowy p\u0142aszcz z mieszanki we\u0142ny zosta\u0142 uszyty r\u0119cznie z dba\u0142o\u015bci\u0105 o ka\u017cdy element. Sprawdzi si\u0119 w ka\u017cdej stylizacji. Winter must have.","breadcrumb":{"@id":"https:\/\/talia-fashion.pl\/produkt\/granatowy-zimowy-plaszcz-z-mieszanki-welny-ada\/#breadcrumb"},"inLanguage":"en-GB","potentialAction":[{"@type":"ReadAction","target":["https:\/\/talia-fashion.pl\/produkt\/granatowy-zimowy-plaszcz-z-mieszanki-welny-ada\/"]}]},{"@type":"ImageObject","inLanguage":"en-GB","@id":"https:\/\/talia-fashion.pl\/produkt\/granatowy-zimowy-plaszcz-z-mieszanki-welny-ada\/#primaryimage","url":"https:\/\/talia-fashion.pl\/wp-content\/uploads\/2025\/09\/granatowy-zimowy-plaszcz-mieszanka-welny-z-paskiem-ocieplany.jpg","contentUrl":"https:\/\/talia-fashion.pl\/wp-content\/uploads\/2025\/09\/granatowy-zimowy-plaszcz-mieszanka-welny-z-paskiem-ocieplany.jpg","width":1500,"height":2000,"caption":"Granatowy zimowy p\u0142aszcz w minimalistycznym stylu. Ocieplany i wygodny."},{"@type":"BreadcrumbList","@id":"https:\/\/talia-fashion.pl\/produkt\/granatowy-zimowy-plaszcz-z-mieszanki-welny-ada\/#breadcrumb","itemListElement":[{"@type":"ListItem","position":1,"name":"Strona g\u0142\u00f3wna","item":"https:\/\/talia-fashion.pl\/"},{"@type":"ListItem","position":2,"name":"Sklep","item":"https:\/\/talia-fashion.pl\/sklep\/"},{"@type":"ListItem","position":3,"name":"Granatowy zimowy p\u0142aszcz z mieszanki we\u0142ny Ada"}]},{"@type":"WebSite","@id":"https:\/\/talia-fashion.pl\/#website","url":"https:\/\/talia-fashion.pl\/","name":"Talia Fashion","description":"","potentialAction":[{"@type":"SearchAction","target":{"@type":"EntryPoint","urlTemplate":"https:\/\/talia-fashion.pl\/?s={search_term_string}"},"query-input":{"@type":"PropertyValueSpecification","valueRequired":true,"valueName":"search_term_string"}}],"inLanguage":"en-GB"}]}},"_links":{"self":[{"href":"https:\/\/talia-fashion.pl\/en\/wp-json\/wp\/v2\/product\/4261","targetHints":{"allow":["GET"]}}],"collection":[{"href":"https:\/\/talia-fashion.pl\/en\/wp-json\/wp\/v2\/product"}],"about":[{"href":"https:\/\/talia-fashion.pl\/en\/wp-json\/wp\/v2\/types\/product"}],"wp:featuredmedia":[{"embeddable":true,"href":"https:\/\/talia-fashion.pl\/en\/wp-json\/wp\/v2\/media\/258599"}],"wp:attachment":[{"href":"https:\/\/talia-fashion.pl\/en\/wp-json\/wp\/v2\/media?parent=4261"}],"wp:term":[{"taxonomy":"product_cat","embeddable":true,"href":"https:\/\/talia-fashion.pl\/en\/wp-json\/wp\/v2\/product_cat?post=4261"},{"taxonomy":"product_tag","embeddable":true,"href":"https:\/\/talia-fashion.pl\/en\/wp-json\/wp\/v2\/product_tag?post=4261"}],"curies":[{"name":"wp","href":"https:\/\/api.w.org\/{rel}","templated":true}]}}