{"id":4252,"date":"2021-09-14T18:33:09","date_gmt":"2021-09-14T16:33:09","guid":{"rendered":"http:\/\/talia-fashion.pl\/produkt\/plaszcz-damski-z-kapturem-welniany-michalina\/"},"modified":"2026-04-13T13:14:33","modified_gmt":"2026-04-13T11:14:33","slug":"plaszcz-damski-z-kapturem-welniany-michalina","status":"publish","type":"product","link":"https:\/\/talia-fashion.pl\/en\/product\/plaszcz-damski-z-kapturem-welniany-michalina\/","title":{"rendered":"Women's hooded wool coat Michalina"},"content":{"rendered":"<p>P\u0142aszcz damski z kapturem we\u0142niany Michalina to bardzo stylowa i funkcjonalna propozycja p\u0142aszcza zimowego. Model ten zapinany jest na guziki &#8211; po zapi\u0119ciu tylko ostatni jest widoczny, pozosta\u0142e s\u0105 ukryte, w specjalnej listwie. Dzi\u0119ki temu zabiegowi p\u0142aszcz jest minimalistyczny i prosty w formie. P\u0142aszcz ma bardzo ciekaw\u0105 konstrukcj\u0119 ko\u0142nierza tworz\u0105cego otulaj\u0105c\u0105 st\u00f3jk\u0119. W zimowe dni tylni\u0105 cz\u0119\u015b\u0107 st\u00f3jki mo\u017cna podnie\u015b\u0107 i wtedy ko\u0142nierz pos\u0142u\u017cy jako kaptur ochraniajac przed ch\u0142odem i wiatrem. Po roz\u0142o\u017ceniu natomiast stworzy du\u017cy szalowy ko\u0142nierz. Linia p\u0142aszcza jest dopasowana z uwagi na klasycznie wszywany r\u0119kaw i taliowany ty\u0142. Jednak\u017ce prz\u00f3d jest prosty i p\u0142aszcz mo\u017ce wypada\u0107 ciut lu\u017aniejszy. Dwie boczne, wpuszczane kieszenie. Uszyty z mieszanki we\u0142nianej z alpak\u0105 jest bardzo ciep\u0142y i mi\u0119kki. Ten we\u0142niany p\u0142aszcz z kapturem jest w ca\u0142o\u015bci ocieplany i b\u0119dzie idealny na zimowe ch\u0142ody.<\/p>\n<p>P\u0142aszcz damski z kapturem we\u0142niany Michalina bez problemu mo\u017cesz wykorzysta\u0107 na spacer w zimne dni i ubra\u0107 do niego lu\u017any str\u00f3j wraz z obuwiem sportowym b\u0105d\u017a traperami. Je\u015bli zapomnisz szala i czapki &#8211; to nic nie szkodzi! Ten model zapewni Ci ochron\u0119 g\u0142owy przed zimnem a wysokie podpi\u0119cie tworz\u0105ce st\u00f3jk\u0119 i otulaj\u0105ce szyj\u0119 zast\u0105pi szal. Oczywi\u015bcie to nie jest jedyna mo\u017cliwo\u015b\u0107 stylizacji. Michalina r\u00f3wnie dobrze prezentuje si\u0119 z eleganckimi spodniami i butami na obcasie, opr\u00f3cz elegancji zapewniaj\u0105c komfort i wygod\u0119. Dodatkowo model ten jest ponadczasowy i b\u0119dzie towarzyszy\u0142 Ci latami.<\/p>\n<p>If you're wondering which coat to choose, we suggest you take a look at our tips\u00a0<a href=\"https:\/\/talia-fashion.pl\/en\/jak-dobrac-plaszcz-do-sylwetki\/\">How do you choose a coat to suit your figure?<\/a><\/p>\n<p>Zdj\u0119cie rzeczywiste \u2013 miodowy<\/p>\n<p>Dost\u0119pne kolory: miodowy (tylko L), czarny, butelkowa ziele\u0144 (tylko L), jasny be\u017c<\/p>\n<p>Materia\u0142: 60% we\u0142na, 22% poliester, 10% wiskoza, 8% alpaka<\/p>\n<p>Lining: 100% acetate<br \/>\nLike viscose, acetate is produced from cellulose. Acetate yarn can also be made from recycled cellulose such as paper. The acetate lining is excellent at absorbing moisture and allowing air to pass through. It is coated with an antistatic apprettee and is OEKOtex\u00ae Standard 100 certified.<\/p>\n<p>Insulation: 100% non-woven recycled polyester<br \/>\nOur coats are insulated with a compressed thermo-insulating quilted fleece on the lining. The fleece is made from recycled polyester fibres. The material is lightweight, thin and at the same time perfectly insulating. The insulating fleece we use is resistant to moisture (it retains its insulating properties and warming effect even in damp conditions), stops the wind, is hypoallergenic and breathable. It is OEKOtex\u00ae Standard 100 certified.<\/p>\n<p>Available sizes: XS, S, M, L, XL<\/p>\n<p>Indicative dimensions:<\/p>\n<p>XS &#8211; biust: 86-88 \/ biodra: 94-96 \/ d\u0142ugo\u015b\u0107: 88 \/ r\u0119kaw: 61<br \/>\nS &#8211; biust: 90-92 \/ biodra: 98-100 \/ d\u0142ugo\u015b\u0107: 88 \/ r\u0119kaw: 61,5<br \/>\nM &#8211; biust: 94-96 \/ biodra: 102-104 \/ d\u0142ugo\u015b\u0107: 88 \/ r\u0119kaw: 62<br \/>\nL &#8211; biust: 98-100 \/ biodra: 106-108 \/ d\u0142ugo\u015b\u0107: 89 \/ r\u0119kaw: 63<br \/>\nXL &#8211; biust: 104-106 \/ biodra: 112-114 \/ d\u0142ugo\u015b\u0107: 89 \/ r\u0119kaw: 64<\/p>\n<p>If in doubt, please contact us.<\/p>\n<p>P\u0142aszcz zaprojektowali\u015bmy i uszyli\u015bmy w naszej rodzinnej pracowni w Poznaniu. Wszystkie nasze p\u0142aszcze s\u0105 szyte r\u0119cznie tradycyjnymi, pracoch\u0142onnymi metodami. W ka\u017cdy egzemplarz wk\u0142adamy mn\u00f3stwo serca, a z my\u015bl\u0105 o przysz\u0142o\u015bci, dzia\u0142amy w spos\u00f3b przyjazny \u015brodowisku.<\/p>\n<p>P\u0142aszcz damski z kapturem we\u0142niany Michalina nale\u017cy czy\u015bci\u0107 chemicznie. Do cz\u0119stego od\u015bwie\u017cania we\u0142ny polecamy <a href=\"https:\/\/talia-fashion.pl\/en\/product\/szczotka-do-czyszczenia-i-pielegnacji-plaszcza\/\">Brush for cleaning and care of the coat<\/a>which can be purchased in our shop.<\/p>\n<p><strong>Individual order<\/strong> &#8211; mo\u017cliwo\u015b\u0107 skr\u00f3cenia, b\u0105d\u017a wyd\u0142u\u017cenia r\u0119kaw\u00f3w, mo\u017cliwo\u015b\u0107 wyd\u0142u\u017cenia i skr\u00f3cenia p\u0142aszcza \u2013 koszt ustalany indywidualnie po uprzednim kontakcie.<\/p>\n<p><b>An individual order is not subject to exchange or refund.<\/b><\/p>\n<p>Czas realizacji zam\u00f3wienia uzale\u017cniamy od aktualnego stanu magazynowego w firmie oraz dost\u0119pno\u015bci danego koloru materia\u0142u. Je\u015bli dany p\u0142aszcz jest uszyty realizacja zam\u00f3wienia nast\u0105pi bardzo szybko w ci\u0105gu 2-5 dni roboczych. Je\u015bli konieczne jest uszycie p\u0142aszcza b\u0105d\u017a indywidualizacja zam\u00f3wienia \u2013 wykonanie przer\u00f3bki lub uszycie nowego p\u0142aszcza wed\u0142ug specyfikacji Klienta\u2013 czas realizacji zam\u00f3wienia mo\u017ce ulec wyd\u0142u\u017ceniu, maksymalnie do 2 tygodni.<\/p>\n<p>Prosimy o cierpliwo\u015b\u0107, musimy uszy\u0107 ten p\u0142aszcz dla Ciebie. Dzi\u0119kuj\u0119, \u017ce wspieracie lokalne rzemios\u0142o.<\/p>\n<p>We encourage you to like our <a href=\"https:\/\/www.facebook.com\/talia.plaszcze\/\">fanpage&#8217;a na facebook&#8217;u<\/a>.<\/p>","protected":false},"excerpt":{"rendered":"<p>P\u0142aszcz damski z kapturem we\u0142niany Michalina to bardzo stylowa i funkcjonalna propozycja p\u0142aszcza zimowego. Model ten zapinany jest na guziki &#8211; po&hellip;<\/p>","protected":false},"featured_media":508,"template":"","meta":{"_acf_changed":false},"product_cat":[36],"product_tag":[78,34,202,39,65,42,67,109,91,68,96,47,102,203,86,125,60,166,53,175,88,147],"class_list":{"0":"post-4252","1":"product","2":"type-product","3":"status-publish","4":"has-post-thumbnail","6":"product_cat-plaszcze-dluzsze","7":"product_tag-dla-roznych-sylwetek","8":"product_tag-handmade","9":"product_tag-kaptur","10":"product_tag-klasyczny","11":"product_tag-kurtka-ocieplana","12":"product_tag-nowosc","13":"product_tag-ocieplany","14":"product_tag-plaszcz-camel","15":"product_tag-plaszcz-damski-zimowy","16":"product_tag-plaszcz-jesienny","17":"product_tag-plaszcz-na-chlodne-dni","18":"product_tag-plaszcz-na-guziki","19":"product_tag-plaszcz-z-alpaki","20":"product_tag-plaszcz-z-kapturem","21":"product_tag-plaszcz-zimowy-ocieplany","22":"product_tag-polskie-rzemioslo","23":"product_tag-producent-plaszczy-damskich","24":"product_tag-szalowy-kolnierz","25":"product_tag-welna","26":"product_tag-welniany-plaszcz-z-kapturem","27":"product_tag-wiazany","28":"product_tag-zrownowazona-produkcja","30":"first","31":"instock","32":"shipping-taxable","33":"purchasable","34":"product-type-variable","35":"has-default-attributes"},"acf":[],"yoast_head":"<!-- This site is optimized with the Yoast SEO plugin v25.7 - https:\/\/yoast.com\/wordpress\/plugins\/seo\/ -->\n<title>P\u0142aszcz damski z kapturem we\u0142niany Michalina - Talia Fashion handmade<\/title>\n<meta name=\"description\" content=\"P\u0142aszcz damski z kapturem we\u0142niany znakomity na zim\u0119. Ponadczasowy, wygodny i stylowy - p\u0142aszcz idealny. R\u0119cznie szyty w Polsce. Must have.\" \/>\n<meta name=\"robots\" content=\"index, follow, max-snippet:-1, max-image-preview:large, max-video-preview:-1\" \/>\n<link rel=\"canonical\" href=\"https:\/\/talia-fashion.pl\/en\/product\/plaszcz-damski-z-kapturem-welniany-michalina\/\" \/>\n<meta property=\"og:locale\" content=\"en_GB\" \/>\n<meta property=\"og:type\" content=\"article\" \/>\n<meta property=\"og:title\" content=\"P\u0142aszcz damski z kapturem we\u0142niany Michalina - Talia Fashion handmade\" \/>\n<meta property=\"og:description\" content=\"P\u0142aszcz damski z kapturem we\u0142niany znakomity na zim\u0119. Ponadczasowy, wygodny i stylowy - p\u0142aszcz idealny. R\u0119cznie szyty w Polsce. Must have.\" \/>\n<meta property=\"og:url\" content=\"https:\/\/talia-fashion.pl\/en\/product\/plaszcz-damski-z-kapturem-welniany-michalina\/\" \/>\n<meta property=\"og:site_name\" content=\"Talia Fashion\" \/>\n<meta property=\"article:modified_time\" content=\"2026-04-13T11:14:33+00:00\" \/>\n<meta property=\"og:image\" content=\"https:\/\/talia-fashion.pl\/wp-content\/uploads\/2024\/10\/plaszcz-damski-z-kapturem-welniany-miodowy-stojka.jpg\" \/>\n\t<meta property=\"og:image:width\" content=\"964\" \/>\n\t<meta property=\"og:image:height\" content=\"1500\" \/>\n\t<meta property=\"og:image:type\" content=\"image\/jpeg\" \/>\n<meta name=\"twitter:card\" content=\"summary_large_image\" \/>\n<meta name=\"twitter:label1\" content=\"Estimated reading time\" \/>\n\t<meta name=\"twitter:data1\" content=\"3 minutes\" \/>\n<script type=\"application\/ld+json\" class=\"yoast-schema-graph\">{\"@context\":\"https:\/\/schema.org\",\"@graph\":[{\"@type\":\"WebPage\",\"@id\":\"https:\/\/talia-fashion.pl\/produkt\/plaszcz-damski-z-kapturem-welniany-michalina\/\",\"url\":\"https:\/\/talia-fashion.pl\/produkt\/plaszcz-damski-z-kapturem-welniany-michalina\/\",\"name\":\"P\u0142aszcz damski z kapturem we\u0142niany Michalina - Talia Fashion handmade\",\"isPartOf\":{\"@id\":\"https:\/\/talia-fashion.pl\/#website\"},\"primaryImageOfPage\":{\"@id\":\"https:\/\/talia-fashion.pl\/produkt\/plaszcz-damski-z-kapturem-welniany-michalina\/#primaryimage\"},\"image\":{\"@id\":\"https:\/\/talia-fashion.pl\/produkt\/plaszcz-damski-z-kapturem-welniany-michalina\/#primaryimage\"},\"thumbnailUrl\":\"https:\/\/talia-fashion.pl\/wp-content\/uploads\/2024\/10\/plaszcz-damski-z-kapturem-welniany-miodowy-stojka.jpg\",\"datePublished\":\"2021-09-14T16:33:09+00:00\",\"dateModified\":\"2026-04-13T11:14:33+00:00\",\"description\":\"P\u0142aszcz damski z kapturem we\u0142niany znakomity na zim\u0119. Ponadczasowy, wygodny i stylowy - p\u0142aszcz idealny. R\u0119cznie szyty w Polsce. Must have.\",\"breadcrumb\":{\"@id\":\"https:\/\/talia-fashion.pl\/produkt\/plaszcz-damski-z-kapturem-welniany-michalina\/#breadcrumb\"},\"inLanguage\":\"en-GB\",\"potentialAction\":[{\"@type\":\"ReadAction\",\"target\":[\"https:\/\/talia-fashion.pl\/produkt\/plaszcz-damski-z-kapturem-welniany-michalina\/\"]}]},{\"@type\":\"ImageObject\",\"inLanguage\":\"en-GB\",\"@id\":\"https:\/\/talia-fashion.pl\/produkt\/plaszcz-damski-z-kapturem-welniany-michalina\/#primaryimage\",\"url\":\"https:\/\/talia-fashion.pl\/wp-content\/uploads\/2024\/10\/plaszcz-damski-z-kapturem-welniany-miodowy-stojka.jpg\",\"contentUrl\":\"https:\/\/talia-fashion.pl\/wp-content\/uploads\/2024\/10\/plaszcz-damski-z-kapturem-welniany-miodowy-stojka.jpg\",\"width\":964,\"height\":1500,\"caption\":\"P\u0142aszcz damski z kapturem przed kolano. Jednorz\u0119dowy zapinany na guziki. Kryte zapi\u0119cie. Ze st\u00f3jk\u0105 przekszta\u0142caj\u0105c\u0105 si\u0119 w kaptur.\"},{\"@type\":\"BreadcrumbList\",\"@id\":\"https:\/\/talia-fashion.pl\/produkt\/plaszcz-damski-z-kapturem-welniany-michalina\/#breadcrumb\",\"itemListElement\":[{\"@type\":\"ListItem\",\"position\":1,\"name\":\"Strona g\u0142\u00f3wna\",\"item\":\"https:\/\/talia-fashion.pl\/\"},{\"@type\":\"ListItem\",\"position\":2,\"name\":\"Sklep\",\"item\":\"https:\/\/talia-fashion.pl\/sklep\/\"},{\"@type\":\"ListItem\",\"position\":3,\"name\":\"P\u0142aszcz damski z kapturem we\u0142niany Michalina\"}]},{\"@type\":\"WebSite\",\"@id\":\"https:\/\/talia-fashion.pl\/#website\",\"url\":\"https:\/\/talia-fashion.pl\/\",\"name\":\"Talia Fashion\",\"description\":\"\",\"potentialAction\":[{\"@type\":\"SearchAction\",\"target\":{\"@type\":\"EntryPoint\",\"urlTemplate\":\"https:\/\/talia-fashion.pl\/?s={search_term_string}\"},\"query-input\":{\"@type\":\"PropertyValueSpecification\",\"valueRequired\":true,\"valueName\":\"search_term_string\"}}],\"inLanguage\":\"en-GB\"}]}<\/script>\n<!-- \/ Yoast SEO plugin. -->","yoast_head_json":{"title":"P\u0142aszcz damski z kapturem we\u0142niany Michalina - Talia Fashion handmade","description":"P\u0142aszcz damski z kapturem we\u0142niany znakomity na zim\u0119. Ponadczasowy, wygodny i stylowy - p\u0142aszcz idealny. R\u0119cznie szyty w Polsce. Must have.","robots":{"index":"index","follow":"follow","max-snippet":"max-snippet:-1","max-image-preview":"max-image-preview:large","max-video-preview":"max-video-preview:-1"},"canonical":"https:\/\/talia-fashion.pl\/en\/product\/plaszcz-damski-z-kapturem-welniany-michalina\/","og_locale":"en_GB","og_type":"article","og_title":"P\u0142aszcz damski z kapturem we\u0142niany Michalina - Talia Fashion handmade","og_description":"P\u0142aszcz damski z kapturem we\u0142niany znakomity na zim\u0119. Ponadczasowy, wygodny i stylowy - p\u0142aszcz idealny. R\u0119cznie szyty w Polsce. Must have.","og_url":"https:\/\/talia-fashion.pl\/en\/product\/plaszcz-damski-z-kapturem-welniany-michalina\/","og_site_name":"Talia Fashion","article_modified_time":"2026-04-13T11:14:33+00:00","og_image":[{"width":964,"height":1500,"url":"https:\/\/talia-fashion.pl\/wp-content\/uploads\/2024\/10\/plaszcz-damski-z-kapturem-welniany-miodowy-stojka.jpg","type":"image\/jpeg"}],"twitter_card":"summary_large_image","twitter_misc":{"Estimated reading time":"3 minutes"},"schema":{"@context":"https:\/\/schema.org","@graph":[{"@type":"WebPage","@id":"https:\/\/talia-fashion.pl\/produkt\/plaszcz-damski-z-kapturem-welniany-michalina\/","url":"https:\/\/talia-fashion.pl\/produkt\/plaszcz-damski-z-kapturem-welniany-michalina\/","name":"P\u0142aszcz damski z kapturem we\u0142niany Michalina - Talia Fashion handmade","isPartOf":{"@id":"https:\/\/talia-fashion.pl\/#website"},"primaryImageOfPage":{"@id":"https:\/\/talia-fashion.pl\/produkt\/plaszcz-damski-z-kapturem-welniany-michalina\/#primaryimage"},"image":{"@id":"https:\/\/talia-fashion.pl\/produkt\/plaszcz-damski-z-kapturem-welniany-michalina\/#primaryimage"},"thumbnailUrl":"https:\/\/talia-fashion.pl\/wp-content\/uploads\/2024\/10\/plaszcz-damski-z-kapturem-welniany-miodowy-stojka.jpg","datePublished":"2021-09-14T16:33:09+00:00","dateModified":"2026-04-13T11:14:33+00:00","description":"P\u0142aszcz damski z kapturem we\u0142niany znakomity na zim\u0119. Ponadczasowy, wygodny i stylowy - p\u0142aszcz idealny. R\u0119cznie szyty w Polsce. Must have.","breadcrumb":{"@id":"https:\/\/talia-fashion.pl\/produkt\/plaszcz-damski-z-kapturem-welniany-michalina\/#breadcrumb"},"inLanguage":"en-GB","potentialAction":[{"@type":"ReadAction","target":["https:\/\/talia-fashion.pl\/produkt\/plaszcz-damski-z-kapturem-welniany-michalina\/"]}]},{"@type":"ImageObject","inLanguage":"en-GB","@id":"https:\/\/talia-fashion.pl\/produkt\/plaszcz-damski-z-kapturem-welniany-michalina\/#primaryimage","url":"https:\/\/talia-fashion.pl\/wp-content\/uploads\/2024\/10\/plaszcz-damski-z-kapturem-welniany-miodowy-stojka.jpg","contentUrl":"https:\/\/talia-fashion.pl\/wp-content\/uploads\/2024\/10\/plaszcz-damski-z-kapturem-welniany-miodowy-stojka.jpg","width":964,"height":1500,"caption":"P\u0142aszcz damski z kapturem przed kolano. Jednorz\u0119dowy zapinany na guziki. Kryte zapi\u0119cie. Ze st\u00f3jk\u0105 przekszta\u0142caj\u0105c\u0105 si\u0119 w kaptur."},{"@type":"BreadcrumbList","@id":"https:\/\/talia-fashion.pl\/produkt\/plaszcz-damski-z-kapturem-welniany-michalina\/#breadcrumb","itemListElement":[{"@type":"ListItem","position":1,"name":"Strona g\u0142\u00f3wna","item":"https:\/\/talia-fashion.pl\/"},{"@type":"ListItem","position":2,"name":"Sklep","item":"https:\/\/talia-fashion.pl\/sklep\/"},{"@type":"ListItem","position":3,"name":"P\u0142aszcz damski z kapturem we\u0142niany Michalina"}]},{"@type":"WebSite","@id":"https:\/\/talia-fashion.pl\/#website","url":"https:\/\/talia-fashion.pl\/","name":"Talia Fashion","description":"","potentialAction":[{"@type":"SearchAction","target":{"@type":"EntryPoint","urlTemplate":"https:\/\/talia-fashion.pl\/?s={search_term_string}"},"query-input":{"@type":"PropertyValueSpecification","valueRequired":true,"valueName":"search_term_string"}}],"inLanguage":"en-GB"}]}},"_links":{"self":[{"href":"https:\/\/talia-fashion.pl\/en\/wp-json\/wp\/v2\/product\/4252","targetHints":{"allow":["GET"]}}],"collection":[{"href":"https:\/\/talia-fashion.pl\/en\/wp-json\/wp\/v2\/product"}],"about":[{"href":"https:\/\/talia-fashion.pl\/en\/wp-json\/wp\/v2\/types\/product"}],"wp:featuredmedia":[{"embeddable":true,"href":"https:\/\/talia-fashion.pl\/en\/wp-json\/wp\/v2\/media\/508"}],"wp:attachment":[{"href":"https:\/\/talia-fashion.pl\/en\/wp-json\/wp\/v2\/media?parent=4252"}],"wp:term":[{"taxonomy":"product_cat","embeddable":true,"href":"https:\/\/talia-fashion.pl\/en\/wp-json\/wp\/v2\/product_cat?post=4252"},{"taxonomy":"product_tag","embeddable":true,"href":"https:\/\/talia-fashion.pl\/en\/wp-json\/wp\/v2\/product_tag?post=4252"}],"curies":[{"name":"wp","href":"https:\/\/api.w.org\/{rel}","templated":true}]}}