{"id":4244,"date":"2021-09-14T08:29:56","date_gmt":"2021-09-14T06:29:56","guid":{"rendered":"http:\/\/talia-fashion.pl\/produkt\/dlugi-bezowy-plaszcz-z-welnianej-mieszanki-como\/"},"modified":"2026-02-12T15:55:46","modified_gmt":"2026-02-12T14:55:46","slug":"dlugi-bezowy-plaszcz-z-welnianej-mieszanki-como","status":"publish","type":"product","link":"https:\/\/talia-fashion.pl\/en\/product\/dlugi-bezowy-plaszcz-z-welnianej-mieszanki-como\/","title":{"rendered":"Como long beige wool blend coat"},"content":{"rendered":"<p>The Como long beige wool blend button coat is a winter coat with a minimalist hygge style. Warm, pleasant to the touch, made of good quality materials, sparing in embellishments and above all - comfortable. The coat is buttoned and tied with a belt made of the same fabric. Lined<span lang=\"DE\"> Collar with lapels, optically slimming the silhouette. Designed to accentuate the neckline and make it slimmer, while raised to wrap around and protect against the cold. The back of the coat is perfectly tailored to the silhouette, with a slim fit. The front is profiled, without additional darts, thanks to which the coat will accommodate, this season's fashionable knitted dresses and woollen waistcoats. The waist can be built up and further emphasised with a belt. Sewn-in pockets on the sides. At the back, there is an opening at the bottom. The model has an acetate lining and is additionally insulated. Ideal for winter. <\/span><\/p>\n<p><span lang=\"DE\">When designing the Como long beige wool-blend button coat, we focused on quality, unforced chic and a sense of comfort and freedom. As a result, it has a timeless character and will become the basis for many different outfits. It can take centre stage or just be the background. It is up to you and your imagination. Whether it's the trendy Old Money look with high-waisted trousers and a woollen jumper, or the sportier version with a hoodie, jeans and sneakers. Or perhaps a retro look combined with items of clothing that evoke nostalgia and times gone by. This is definitely a must-have item in your capsule wardrobe, next to the black coat. If you haven't started your coat adventure yet, a beige coat is a great start.<\/span><\/p>\n<p>Available colours<span lang=\"DE\">: beige, navy blue<\/span><\/p>\n<p><span lang=\"DE\">Available sizes: XS, S, M, L, XL<\/span><\/p>\n<p>The model is 172 cm and a size S.<\/p>\n<p><span lang=\"DE\">Indicative dimensions:<\/span><\/p>\n<p><span lang=\"DE\">XS - bust: 86-88 \/ hips 94-96 \/ length: 120 \/ sleeve 61<br \/>\nS - bust: 90-92 \/ hips: 98-100 \/ length: 120 \/ sleeve: 62<br \/>\nM - bust: 94-96 \/ hips: 102-104 \/ length: 120 \/ sleeve: 62<br \/>\nL - bust: 98-100 \/ hips: 106-108 \/ length: 120 \/ sleeve: 63<br \/>\nXL - bust: 104-106 \/ hips: 112-114 \/ length: 120 \/ sleeve: 64<\/span><\/p>\n<p><span lang=\"DE\">If you are unsure about your size choice, please contact us. If you are wondering which coat to choose, we suggest you read our tips\u00a0<a href=\"https:\/\/talia-fashion.pl\/en\/jak-dobrac-plaszcz-do-sylwetki\/\">How do you choose a coat to suit your figure?<\/a><br \/>\n<\/span><\/p>\n<p><span lang=\"DE\">Material: 80<\/span><span lang=\"DE\">% wool, 20% polyamide\u00a0<\/span><\/p>\n<p>Lining: acetate 100%<\/p>\n<p>Like viscose, acetate is produced from cellulose. Acetate yarn can also be made from recycled cellulose such as paper. The acetate lining is excellent at absorbing moisture and allowing air to pass through, so it provides thermal comfort and wears well. It is coated with an antistatic apprette and is OEKOtex\u00ae Standard 100 certified.<\/p>\n<p>Insulation: 100% non-woven recycled polyester<br \/>\nOur coats are insulated with a compressed thermo-insulating quilted fleece on the lining. The fleece is made from recycled polyester fibres. The material is lightweight, thin and at the same time perfectly insulating. The insulating fleece we use is resistant to moisture (it retains its insulating properties and warming effect even in damp conditions), stops the wind, is hypoallergenic and breathable. It is OEKOtex\u00ae Standard 100 certified.<\/p>\n<p>We created the Como long beige wool blend button coat in our family workshop in Poznan, Poland <span lang=\"DE\">with both comfort and aesthetics in mind. For us, the most important thing is that you feel beautiful, comfortable and that our coats make you feel better.<\/span><\/p>\n<p>The coat should be dry-cleaned. For frequent refreshing of the wool we recommend the following\u00a0<a href=\"https:\/\/talia-fashion.pl\/en\/product\/szczotka-do-czyszczenia-i-pielegnacji-plaszcza\/\">Brush for cleaning and care of the coat<\/a>which can be purchased in our shop. We also recommend that you air your woollen coats regularly, which makes it easier to keep them fresh and extends their life considerably. By taking care of your clothes, you protect the environment.<\/p>\n<p><strong>Individual order - <\/strong>All coats are sewn by ourselves, therefore it is possible to carry out certain modifications at the client's request. For example: shortening, lengthening of sleeves, shortening and lengthening of the coat. All modifications are agreed by email.<\/p>\n<p><strong>An individual order is not subject to exchange or refund.<\/strong><\/p>\n<p><span lang=\"DE\">The lead time depends on the current stock in the atelier and the availability of a given colour of fabric. If a given coat is sewn, the order will be realised very quickly - 2-5 working days. If it is necessary to sew the coat or to individualise the order - making alterations or sewing a new coat according to the customer's specifications - the order processing time may be prolonged, up to a maximum of 2 weeks.<\/span><\/p>\n<p>We do our best to keep the waiting time as short as possible, but our coats are sewn by hand using traditional methods, so please be patient.<\/p>\n<p>We encourage you to like our fanpage on\u00a0<a href=\"https:\/\/www.facebook.com\/talia.plaszcze\">Facebook<\/a>\u00a0i\u00a0<a href=\"https:\/\/www.instagram.com\/talia_plaszcze\/\">Instagram<\/a><\/p>","protected":false},"excerpt":{"rendered":"<p>D\u0142ugi be\u017cowy p\u0142aszcz z we\u0142nianej mieszanki na guziki Como to zimowy p\u0142aszcz utrzymany w minimalistycznym stylu hygge. Ciep\u0142y, mi\u0142y w dotyku, z&hellip;<\/p>","protected":false},"featured_media":502,"template":"","meta":{"_acf_changed":false},"product_cat":[36],"product_tag":[163,89,78,119,37,34,39,40,41,42,67,43,44,91,45,46,68,47,75,50,86,60,87,53,63,88],"class_list":{"0":"post-4244","1":"product","2":"type-product","3":"status-publish","4":"has-post-thumbnail","6":"product_cat-plaszcze-dluzsze","7":"product_tag-bezowy-plaszcz","8":"product_tag-cieply","9":"product_tag-dla-roznych-sylwetek","10":"product_tag-dlugi-plaszcz-zimowy","11":"product_tag-dyplomatka","12":"product_tag-handmade","13":"product_tag-klasyczny","14":"product_tag-kolnierz","15":"product_tag-na-podszewce","16":"product_tag-nowosc","17":"product_tag-ocieplany","18":"product_tag-plaszcz-damski","19":"product_tag-plaszcz-damski-dlugi","20":"product_tag-plaszcz-damski-zimowy","21":"product_tag-plaszcz-dlugi","22":"product_tag-plaszcz-dwurzedowy","23":"product_tag-plaszcz-jesienny","24":"product_tag-plaszcz-na-guziki","25":"product_tag-plaszcz-ocieplany","26":"product_tag-plaszcz-z-rewersem","27":"product_tag-plaszcz-zimowy-ocieplany","28":"product_tag-producent-plaszczy-damskich","29":"product_tag-produkt-premium","30":"product_tag-welna","31":"product_tag-welniany","32":"product_tag-wiazany","34":"first","35":"instock","36":"shipping-taxable","37":"purchasable","38":"product-type-variable","39":"has-default-attributes"},"acf":[],"yoast_head":"<!-- This site is optimized with the Yoast SEO plugin v25.7 - https:\/\/yoast.com\/wordpress\/plugins\/seo\/ -->\n<title>D\u0142ugi be\u017cowy p\u0142aszcz z we\u0142nianej mieszanki Como - Talia Fashion - p\u0142aszcz zimowy<\/title>\n<meta name=\"description\" content=\"D\u0142ugi be\u017cowy p\u0142aszcz z we\u0142nianej mieszanki na guziki uszyty r\u0119cznie, tradycyjnymi metodami, w naszej pracowni w Poznaniu. Ciep\u0142y p\u0142aszcz zimowy.\" \/>\n<meta name=\"robots\" content=\"index, follow, max-snippet:-1, max-image-preview:large, max-video-preview:-1\" \/>\n<link rel=\"canonical\" href=\"https:\/\/talia-fashion.pl\/en\/product\/dlugi-bezowy-plaszcz-z-welnianej-mieszanki-como\/\" \/>\n<meta property=\"og:locale\" content=\"en_GB\" \/>\n<meta property=\"og:type\" content=\"article\" \/>\n<meta property=\"og:title\" content=\"D\u0142ugi be\u017cowy p\u0142aszcz z we\u0142nianej mieszanki Como - Talia Fashion - p\u0142aszcz zimowy\" \/>\n<meta property=\"og:description\" content=\"D\u0142ugi be\u017cowy p\u0142aszcz z we\u0142nianej mieszanki na guziki uszyty r\u0119cznie, tradycyjnymi metodami, w naszej pracowni w Poznaniu. Ciep\u0142y p\u0142aszcz zimowy.\" \/>\n<meta property=\"og:url\" content=\"https:\/\/talia-fashion.pl\/en\/product\/dlugi-bezowy-plaszcz-z-welnianej-mieszanki-como\/\" \/>\n<meta property=\"og:site_name\" content=\"Talia Fashion\" \/>\n<meta property=\"article:modified_time\" content=\"2026-02-12T14:55:46+00:00\" \/>\n<meta property=\"og:image\" content=\"https:\/\/talia-fashion.pl\/wp-content\/uploads\/2024\/10\/dlugi-bezowy-plaszcz-mieszanka-welny-na-guziki-wiazany.jpg\" \/>\n\t<meta property=\"og:image:width\" content=\"1500\" \/>\n\t<meta property=\"og:image:height\" content=\"2000\" \/>\n\t<meta property=\"og:image:type\" content=\"image\/jpeg\" \/>\n<meta name=\"twitter:card\" content=\"summary_large_image\" \/>\n<meta name=\"twitter:label1\" content=\"Estimated reading time\" \/>\n\t<meta name=\"twitter:data1\" content=\"4 minutes\" \/>\n<script type=\"application\/ld+json\" class=\"yoast-schema-graph\">{\"@context\":\"https:\/\/schema.org\",\"@graph\":[{\"@type\":\"WebPage\",\"@id\":\"https:\/\/talia-fashion.pl\/produkt\/dlugi-bezowy-plaszcz-z-welnianej-mieszanki-como\/\",\"url\":\"https:\/\/talia-fashion.pl\/produkt\/dlugi-bezowy-plaszcz-z-welnianej-mieszanki-como\/\",\"name\":\"D\u0142ugi be\u017cowy p\u0142aszcz z we\u0142nianej mieszanki Como - Talia Fashion - p\u0142aszcz zimowy\",\"isPartOf\":{\"@id\":\"https:\/\/talia-fashion.pl\/#website\"},\"primaryImageOfPage\":{\"@id\":\"https:\/\/talia-fashion.pl\/produkt\/dlugi-bezowy-plaszcz-z-welnianej-mieszanki-como\/#primaryimage\"},\"image\":{\"@id\":\"https:\/\/talia-fashion.pl\/produkt\/dlugi-bezowy-plaszcz-z-welnianej-mieszanki-como\/#primaryimage\"},\"thumbnailUrl\":\"https:\/\/talia-fashion.pl\/wp-content\/uploads\/2024\/10\/dlugi-bezowy-plaszcz-mieszanka-welny-na-guziki-wiazany.jpg\",\"datePublished\":\"2021-09-14T06:29:56+00:00\",\"dateModified\":\"2026-02-12T14:55:46+00:00\",\"description\":\"D\u0142ugi be\u017cowy p\u0142aszcz z we\u0142nianej mieszanki na guziki uszyty r\u0119cznie, tradycyjnymi metodami, w naszej pracowni w Poznaniu. Ciep\u0142y p\u0142aszcz zimowy.\",\"breadcrumb\":{\"@id\":\"https:\/\/talia-fashion.pl\/produkt\/dlugi-bezowy-plaszcz-z-welnianej-mieszanki-como\/#breadcrumb\"},\"inLanguage\":\"en-GB\",\"potentialAction\":[{\"@type\":\"ReadAction\",\"target\":[\"https:\/\/talia-fashion.pl\/produkt\/dlugi-bezowy-plaszcz-z-welnianej-mieszanki-como\/\"]}]},{\"@type\":\"ImageObject\",\"inLanguage\":\"en-GB\",\"@id\":\"https:\/\/talia-fashion.pl\/produkt\/dlugi-bezowy-plaszcz-z-welnianej-mieszanki-como\/#primaryimage\",\"url\":\"https:\/\/talia-fashion.pl\/wp-content\/uploads\/2024\/10\/dlugi-bezowy-plaszcz-mieszanka-welny-na-guziki-wiazany.jpg\",\"contentUrl\":\"https:\/\/talia-fashion.pl\/wp-content\/uploads\/2024\/10\/dlugi-bezowy-plaszcz-mieszanka-welny-na-guziki-wiazany.jpg\",\"width\":1500,\"height\":2000,\"caption\":\"D\u0142ugi be\u017cowy p\u0142aszcz zimowy z we\u0142nianej mieszanki. Zapinany na guziki i wi\u0105zany w pasie. Minimalistyczny. Idealna baza dla wielu stylizacji. Szykowny i ciep\u0142y.\"},{\"@type\":\"BreadcrumbList\",\"@id\":\"https:\/\/talia-fashion.pl\/produkt\/dlugi-bezowy-plaszcz-z-welnianej-mieszanki-como\/#breadcrumb\",\"itemListElement\":[{\"@type\":\"ListItem\",\"position\":1,\"name\":\"Strona g\u0142\u00f3wna\",\"item\":\"https:\/\/talia-fashion.pl\/\"},{\"@type\":\"ListItem\",\"position\":2,\"name\":\"Sklep\",\"item\":\"https:\/\/talia-fashion.pl\/sklep\/\"},{\"@type\":\"ListItem\",\"position\":3,\"name\":\"D\u0142ugi be\u017cowy p\u0142aszcz z we\u0142nianej mieszanki Como\"}]},{\"@type\":\"WebSite\",\"@id\":\"https:\/\/talia-fashion.pl\/#website\",\"url\":\"https:\/\/talia-fashion.pl\/\",\"name\":\"Talia Fashion\",\"description\":\"\",\"potentialAction\":[{\"@type\":\"SearchAction\",\"target\":{\"@type\":\"EntryPoint\",\"urlTemplate\":\"https:\/\/talia-fashion.pl\/?s={search_term_string}\"},\"query-input\":{\"@type\":\"PropertyValueSpecification\",\"valueRequired\":true,\"valueName\":\"search_term_string\"}}],\"inLanguage\":\"en-GB\"}]}<\/script>\n<!-- \/ Yoast SEO plugin. -->","yoast_head_json":{"title":"D\u0142ugi be\u017cowy p\u0142aszcz z we\u0142nianej mieszanki Como - Talia Fashion - p\u0142aszcz zimowy","description":"D\u0142ugi be\u017cowy p\u0142aszcz z we\u0142nianej mieszanki na guziki uszyty r\u0119cznie, tradycyjnymi metodami, w naszej pracowni w Poznaniu. Ciep\u0142y p\u0142aszcz zimowy.","robots":{"index":"index","follow":"follow","max-snippet":"max-snippet:-1","max-image-preview":"max-image-preview:large","max-video-preview":"max-video-preview:-1"},"canonical":"https:\/\/talia-fashion.pl\/en\/product\/dlugi-bezowy-plaszcz-z-welnianej-mieszanki-como\/","og_locale":"en_GB","og_type":"article","og_title":"D\u0142ugi be\u017cowy p\u0142aszcz z we\u0142nianej mieszanki Como - Talia Fashion - p\u0142aszcz zimowy","og_description":"D\u0142ugi be\u017cowy p\u0142aszcz z we\u0142nianej mieszanki na guziki uszyty r\u0119cznie, tradycyjnymi metodami, w naszej pracowni w Poznaniu. Ciep\u0142y p\u0142aszcz zimowy.","og_url":"https:\/\/talia-fashion.pl\/en\/product\/dlugi-bezowy-plaszcz-z-welnianej-mieszanki-como\/","og_site_name":"Talia Fashion","article_modified_time":"2026-02-12T14:55:46+00:00","og_image":[{"width":1500,"height":2000,"url":"https:\/\/talia-fashion.pl\/wp-content\/uploads\/2024\/10\/dlugi-bezowy-plaszcz-mieszanka-welny-na-guziki-wiazany.jpg","type":"image\/jpeg"}],"twitter_card":"summary_large_image","twitter_misc":{"Estimated reading time":"4 minutes"},"schema":{"@context":"https:\/\/schema.org","@graph":[{"@type":"WebPage","@id":"https:\/\/talia-fashion.pl\/produkt\/dlugi-bezowy-plaszcz-z-welnianej-mieszanki-como\/","url":"https:\/\/talia-fashion.pl\/produkt\/dlugi-bezowy-plaszcz-z-welnianej-mieszanki-como\/","name":"D\u0142ugi be\u017cowy p\u0142aszcz z we\u0142nianej mieszanki Como - Talia Fashion - p\u0142aszcz zimowy","isPartOf":{"@id":"https:\/\/talia-fashion.pl\/#website"},"primaryImageOfPage":{"@id":"https:\/\/talia-fashion.pl\/produkt\/dlugi-bezowy-plaszcz-z-welnianej-mieszanki-como\/#primaryimage"},"image":{"@id":"https:\/\/talia-fashion.pl\/produkt\/dlugi-bezowy-plaszcz-z-welnianej-mieszanki-como\/#primaryimage"},"thumbnailUrl":"https:\/\/talia-fashion.pl\/wp-content\/uploads\/2024\/10\/dlugi-bezowy-plaszcz-mieszanka-welny-na-guziki-wiazany.jpg","datePublished":"2021-09-14T06:29:56+00:00","dateModified":"2026-02-12T14:55:46+00:00","description":"D\u0142ugi be\u017cowy p\u0142aszcz z we\u0142nianej mieszanki na guziki uszyty r\u0119cznie, tradycyjnymi metodami, w naszej pracowni w Poznaniu. Ciep\u0142y p\u0142aszcz zimowy.","breadcrumb":{"@id":"https:\/\/talia-fashion.pl\/produkt\/dlugi-bezowy-plaszcz-z-welnianej-mieszanki-como\/#breadcrumb"},"inLanguage":"en-GB","potentialAction":[{"@type":"ReadAction","target":["https:\/\/talia-fashion.pl\/produkt\/dlugi-bezowy-plaszcz-z-welnianej-mieszanki-como\/"]}]},{"@type":"ImageObject","inLanguage":"en-GB","@id":"https:\/\/talia-fashion.pl\/produkt\/dlugi-bezowy-plaszcz-z-welnianej-mieszanki-como\/#primaryimage","url":"https:\/\/talia-fashion.pl\/wp-content\/uploads\/2024\/10\/dlugi-bezowy-plaszcz-mieszanka-welny-na-guziki-wiazany.jpg","contentUrl":"https:\/\/talia-fashion.pl\/wp-content\/uploads\/2024\/10\/dlugi-bezowy-plaszcz-mieszanka-welny-na-guziki-wiazany.jpg","width":1500,"height":2000,"caption":"D\u0142ugi be\u017cowy p\u0142aszcz zimowy z we\u0142nianej mieszanki. Zapinany na guziki i wi\u0105zany w pasie. Minimalistyczny. Idealna baza dla wielu stylizacji. Szykowny i ciep\u0142y."},{"@type":"BreadcrumbList","@id":"https:\/\/talia-fashion.pl\/produkt\/dlugi-bezowy-plaszcz-z-welnianej-mieszanki-como\/#breadcrumb","itemListElement":[{"@type":"ListItem","position":1,"name":"Strona g\u0142\u00f3wna","item":"https:\/\/talia-fashion.pl\/"},{"@type":"ListItem","position":2,"name":"Sklep","item":"https:\/\/talia-fashion.pl\/sklep\/"},{"@type":"ListItem","position":3,"name":"D\u0142ugi be\u017cowy p\u0142aszcz z we\u0142nianej mieszanki Como"}]},{"@type":"WebSite","@id":"https:\/\/talia-fashion.pl\/#website","url":"https:\/\/talia-fashion.pl\/","name":"Talia Fashion","description":"","potentialAction":[{"@type":"SearchAction","target":{"@type":"EntryPoint","urlTemplate":"https:\/\/talia-fashion.pl\/?s={search_term_string}"},"query-input":{"@type":"PropertyValueSpecification","valueRequired":true,"valueName":"search_term_string"}}],"inLanguage":"en-GB"}]}},"_links":{"self":[{"href":"https:\/\/talia-fashion.pl\/en\/wp-json\/wp\/v2\/product\/4244","targetHints":{"allow":["GET"]}}],"collection":[{"href":"https:\/\/talia-fashion.pl\/en\/wp-json\/wp\/v2\/product"}],"about":[{"href":"https:\/\/talia-fashion.pl\/en\/wp-json\/wp\/v2\/types\/product"}],"wp:featuredmedia":[{"embeddable":true,"href":"https:\/\/talia-fashion.pl\/en\/wp-json\/wp\/v2\/media\/502"}],"wp:attachment":[{"href":"https:\/\/talia-fashion.pl\/en\/wp-json\/wp\/v2\/media?parent=4244"}],"wp:term":[{"taxonomy":"product_cat","embeddable":true,"href":"https:\/\/talia-fashion.pl\/en\/wp-json\/wp\/v2\/product_cat?post=4244"},{"taxonomy":"product_tag","embeddable":true,"href":"https:\/\/talia-fashion.pl\/en\/wp-json\/wp\/v2\/product_tag?post=4244"}],"curies":[{"name":"wp","href":"https:\/\/api.w.org\/{rel}","templated":true}]}}