{"id":4240,"date":"2021-09-13T12:22:35","date_gmt":"2021-09-13T10:22:35","guid":{"rendered":"http:\/\/talia-fashion.pl\/produkt\/zimowy-plaszcz-handmade-w-kurza-stopke-alexa\/"},"modified":"2026-02-05T07:28:00","modified_gmt":"2026-02-05T06:28:00","slug":"zimowy-plaszcz-handmade-w-kurza-stopke-alexa","status":"publish","type":"product","link":"https:\/\/talia-fashion.pl\/en\/product\/zimowy-plaszcz-handmade-w-kurza-stopke-alexa\/","title":{"rendered":"Alexa's handmade winter coat in chicken feet"},"content":{"rendered":"<p><span lang=\"DE\">Alexa's handmade chicken foot winter coat is a great option for the upcoming winter season. Made from a soft, artisan woven fabric in a timeless, interesting black and white chicken foot pattern. Fastened with one button (the second button serves as a decoration). Fitted to the silhouette at the back, the front is profiled, making the coat very comfortable and although fitted, it does not drape over the silhouette. The belt is made of the same fabric as the coat, allowing the waist to be emphasised even further. Two side slit pockets and decorative reverse collar. No zipper at the back. <\/span><span lang=\"DE\">Knee-length coat. Fully lined and additionally insulated model.  Expressive pattern, toned and brightening colour give unlimited possibilities in creating styling. We recommend combining with plain dresses or light-coloured trousers and a grey jumper, or with a dark base and the Alexa coat as the main star. Sporty and with stilettos, you'll feel special every time. But if you know how to combine patterns, there's nothing stopping you from going wild and surprising everyone with your creation. Winter is here!<br \/>\n<\/span><\/p>\n<p>Take a look at our tips <a href=\"https:\/\/talia-fashion.pl\/en\/jak-dobrac-plaszcz-do-sylwetki\/\"><span lang=\"DE\">How do you choose a coat to suit your figure?<\/span><\/a><\/p>\n<p><span lang=\"DE\">Real photo - black and white chicken feet<br \/>\n<\/span><\/p>\n<p>Available colours<span lang=\"DE\">: black and white chicken foot<br \/>\n<\/span><\/p>\n<p>The colours are shown in the pictures of the coats in different cuts. If in doubt, please contact us. You can also view the available colours under\u00a0<a href=\"https:\/\/talia-fashion.pl\/en\/paleta-kolorow\/\">Colour palette<\/a>.<\/p>\n<p>We make the chicken footed cloak by hand, paying great attention to the precision of the pattern fit. We practice traditional tailoring and therefore offer a product of the highest quality, Coats are not sewn for stock to limit overproduction, so please be patient while waiting for your order to be processed.<\/p>\n<p><span lang=\"DE\">Available sizes: L, XL only<br \/>\n<\/span><\/p>\n<p>The model is 176 cm and a size S.<\/p>\n<p><span lang=\"DE\">Indicative dimensions:<\/span><\/p>\n<p><span lang=\"DE\">XS - bust: 86-88 \/ hips 94-96 \/ length: 97 \/ sleeve 61<br \/>\nS - bust: 90-92 \/ hips: 98-100 \/ length: 98 \/ sleeve: 62<br \/>\nM - bust: 94-96 \/ hips: 102-104 \/ length: 98 \/ sleeve: 62<br \/>\nL - bust: 98-100 \/ hips: 106-108 \/ length: 98 \/ sleeve: 63<br \/>\nXL - bust: 104-106 \/ hips: 112-114 \/ length: 98 \/ sleeve: 64<\/span><\/p>\n<p><span lang=\"DE\">If you are unsure of your size selection, please contact us.<\/span><\/p>\n<p><span lang=\"DE\">Material:\u00a0<\/span><span lang=\"DE\">58.7% wool, 28.2% polyester, 5.7% nylon, 4.5% acrylic, 1.9% viscose <\/span><br \/>\nLining: 100% acetate<\/p>\n<p>Like viscose, acetate is produced from cellulose. Acetate yarn can also be made from recycled cellulose such as paper. The acetate lining is excellent at absorbing moisture and allowing air to pass through. It is coated with an antistatic apprettee and is OEKOtex\u00ae Standard 100 certified.<\/p>\n<p>Insulation: 100% non-woven recycled polyester<br \/>\nOur coats are insulated with a compressed thermo-insulating quilted fleece on the lining. The fleece is made from recycled polyester fibres. The material is lightweight, thin and at the same time perfectly insulating. The insulating fleece we use is resistant to moisture (it retains its insulating properties and warming effect even in damp conditions), stops the wind, is hypoallergenic and breathable. It is OEKOtex\u00ae Standard 100 certified.<\/p>\n<p><span lang=\"DE\">Alex's chicken footed handmade winter coat designed and sewn by hand<\/span><span lang=\"DE\"> in our workshop. The perfect fit of the pattern is the result of the traditional methods used in our workshop. For 37 years, we have believed in sustainability and have promoted the work of human hands.<\/span><\/p>\n<p>The coat should be dry-cleaned. For frequent refreshing of the coat we recommend the following <a href=\"https:\/\/talia-fashion.pl\/en\/product\/szczotka-do-czyszczenia-i-pielegnacji-plaszcza\/\">Brush for cleaning and care of the coat<\/a>which you can buy in our shop. We also recommend airing your coat, hanging it on a shaped hanger, avoiding snags and storing it properly and you will enjoy it for years.<\/p>\n<p><strong>Individual order - <\/strong>Some modifications can be made at the client's request: shortening, lengthening of the sleeve, shortening and lengthening of the coat. Cost to be determined individually, after prior contact.<\/p>\n<p><strong>An individual order is not subject to exchange or refund.<\/strong><\/p>\n<p><span lang=\"DE\">The lead time depends on the current stock in the atelier and the availability of a given colour of fabric. If the coat is sewn, the order will be processed very quickly - 2-5 working days. If it is necessary to sew it or individualise the order - making alterations or sewing a new coat - the lead time may be extended, up to a maximum of 2 weeks.<\/span><\/p>\n<p>Thank you for supporting local crafts. Thanks to you, we are already dressing the next generation. I invite you to like our profile on\u00a0<a href=\"https:\/\/www.instagram.com\/talia_plaszcze\/\">Instagram<\/a>.<\/p>","protected":false},"excerpt":{"rendered":"<p>Zimowy p\u0142aszcz handmade w kurz\u0105 stopk\u0119 Alexa to \u015bwietna propozycja na nadchodz\u0105cy zimowy sezon. Uszyty z miekkiego, rzemie\u015blniczo tkanego materia\u0142u w ponadczasowy,&hellip;<\/p>","protected":false},"featured_media":498,"template":"","meta":{"_acf_changed":false},"product_cat":[104,29],"product_tag":[33,34,39,116,154,43,46,68,96,47,75,195,190,106,50,95,86,60,107,97,200,88,117],"class_list":{"0":"post-4240","1":"product","2":"type-product","3":"status-publish","4":"has-post-thumbnail","6":"product_cat-ostatnie-sztuki","7":"product_cat-sale-plaszcz-damski-w-promocji","8":"product_tag-dwurzedowy","9":"product_tag-handmade","10":"product_tag-klasyczny","11":"product_tag-marynarka","12":"product_tag-pepitka","13":"product_tag-plaszcz-damski","14":"product_tag-plaszcz-dwurzedowy","15":"product_tag-plaszcz-jesienny","16":"product_tag-plaszcz-na-chlodne-dni","17":"product_tag-plaszcz-na-guziki","18":"product_tag-plaszcz-ocieplany","19":"product_tag-plaszcz-typu-basic","20":"product_tag-plaszcz-w-pepitke","21":"product_tag-plaszcz-w-promocji","22":"product_tag-plaszcz-z-rewersem","23":"product_tag-plaszcz-zimowy","24":"product_tag-plaszcz-zimowy-ocieplany","25":"product_tag-producent-plaszczy-damskich","26":"product_tag-promocje","27":"product_tag-trencz","28":"product_tag-w-kolano","29":"product_tag-wiazany","30":"product_tag-zakiet","32":"first","33":"instock","34":"sale","35":"shipping-taxable","36":"purchasable","37":"product-type-variable","38":"has-default-attributes"},"acf":[],"yoast_head":"<!-- This site is optimized with the Yoast SEO plugin v25.7 - https:\/\/yoast.com\/wordpress\/plugins\/seo\/ -->\n<title>Zimowy p\u0142aszcz handmade w kurz\u0105 stopk\u0119 Alexa - Talia Fashion<\/title>\n<meta name=\"description\" content=\"Zimowy p\u0142aszcz handmade w kurz\u0105 stopk\u0119, idealna propozycja na zimowe ch\u0142ody. Polecamy r\u0119cznie szyty p\u0142aszczyk. Wysoka jako\u015b\u0107.\" \/>\n<meta name=\"robots\" content=\"index, follow, max-snippet:-1, max-image-preview:large, max-video-preview:-1\" \/>\n<link rel=\"canonical\" href=\"https:\/\/talia-fashion.pl\/en\/product\/zimowy-plaszcz-handmade-w-kurza-stopke-alexa\/\" \/>\n<meta property=\"og:locale\" content=\"en_GB\" \/>\n<meta property=\"og:type\" content=\"article\" \/>\n<meta property=\"og:title\" content=\"Zimowy p\u0142aszcz handmade w kurz\u0105 stopk\u0119 Alexa - Talia Fashion\" \/>\n<meta property=\"og:description\" content=\"Zimowy p\u0142aszcz handmade w kurz\u0105 stopk\u0119, idealna propozycja na zimowe ch\u0142ody. Polecamy r\u0119cznie szyty p\u0142aszczyk. Wysoka jako\u015b\u0107.\" \/>\n<meta property=\"og:url\" content=\"https:\/\/talia-fashion.pl\/en\/product\/zimowy-plaszcz-handmade-w-kurza-stopke-alexa\/\" \/>\n<meta property=\"og:site_name\" content=\"Talia Fashion\" \/>\n<meta property=\"article:modified_time\" content=\"2026-02-05T06:28:00+00:00\" \/>\n<meta property=\"og:image\" content=\"https:\/\/talia-fashion.pl\/wp-content\/uploads\/2024\/10\/zimowy-plaszcz-handmade-w-kurza-stopke-scaled-2.jpg\" \/>\n\t<meta property=\"og:image:width\" content=\"1920\" \/>\n\t<meta property=\"og:image:height\" content=\"2560\" \/>\n\t<meta property=\"og:image:type\" content=\"image\/jpeg\" \/>\n<meta name=\"twitter:card\" content=\"summary_large_image\" \/>\n<meta name=\"twitter:label1\" content=\"Estimated reading time\" \/>\n\t<meta name=\"twitter:data1\" content=\"3 minutes\" \/>\n<script type=\"application\/ld+json\" class=\"yoast-schema-graph\">{\"@context\":\"https:\/\/schema.org\",\"@graph\":[{\"@type\":\"WebPage\",\"@id\":\"https:\/\/talia-fashion.pl\/produkt\/zimowy-plaszcz-handmade-w-kurza-stopke-alexa\/\",\"url\":\"https:\/\/talia-fashion.pl\/produkt\/zimowy-plaszcz-handmade-w-kurza-stopke-alexa\/\",\"name\":\"Zimowy p\u0142aszcz handmade w kurz\u0105 stopk\u0119 Alexa - Talia Fashion\",\"isPartOf\":{\"@id\":\"https:\/\/talia-fashion.pl\/#website\"},\"primaryImageOfPage\":{\"@id\":\"https:\/\/talia-fashion.pl\/produkt\/zimowy-plaszcz-handmade-w-kurza-stopke-alexa\/#primaryimage\"},\"image\":{\"@id\":\"https:\/\/talia-fashion.pl\/produkt\/zimowy-plaszcz-handmade-w-kurza-stopke-alexa\/#primaryimage\"},\"thumbnailUrl\":\"https:\/\/talia-fashion.pl\/wp-content\/uploads\/2024\/10\/zimowy-plaszcz-handmade-w-kurza-stopke-scaled-2.jpg\",\"datePublished\":\"2021-09-13T10:22:35+00:00\",\"dateModified\":\"2026-02-05T06:28:00+00:00\",\"description\":\"Zimowy p\u0142aszcz handmade w kurz\u0105 stopk\u0119, idealna propozycja na zimowe ch\u0142ody. Polecamy r\u0119cznie szyty p\u0142aszczyk. Wysoka jako\u015b\u0107.\",\"breadcrumb\":{\"@id\":\"https:\/\/talia-fashion.pl\/produkt\/zimowy-plaszcz-handmade-w-kurza-stopke-alexa\/#breadcrumb\"},\"inLanguage\":\"en-GB\",\"potentialAction\":[{\"@type\":\"ReadAction\",\"target\":[\"https:\/\/talia-fashion.pl\/produkt\/zimowy-plaszcz-handmade-w-kurza-stopke-alexa\/\"]}]},{\"@type\":\"ImageObject\",\"inLanguage\":\"en-GB\",\"@id\":\"https:\/\/talia-fashion.pl\/produkt\/zimowy-plaszcz-handmade-w-kurza-stopke-alexa\/#primaryimage\",\"url\":\"https:\/\/talia-fashion.pl\/wp-content\/uploads\/2024\/10\/zimowy-plaszcz-handmade-w-kurza-stopke-scaled-2.jpg\",\"contentUrl\":\"https:\/\/talia-fashion.pl\/wp-content\/uploads\/2024\/10\/zimowy-plaszcz-handmade-w-kurza-stopke-scaled-2.jpg\",\"width\":1920,\"height\":2560,\"caption\":\"Zimowy, klasyczny p\u0142aszcz z wyk\u0142adanym ko\u0142nierzem w ponadczasowy wz\u00f3r.\"},{\"@type\":\"BreadcrumbList\",\"@id\":\"https:\/\/talia-fashion.pl\/produkt\/zimowy-plaszcz-handmade-w-kurza-stopke-alexa\/#breadcrumb\",\"itemListElement\":[{\"@type\":\"ListItem\",\"position\":1,\"name\":\"Strona g\u0142\u00f3wna\",\"item\":\"https:\/\/talia-fashion.pl\/\"},{\"@type\":\"ListItem\",\"position\":2,\"name\":\"Sklep\",\"item\":\"https:\/\/talia-fashion.pl\/sklep\/\"},{\"@type\":\"ListItem\",\"position\":3,\"name\":\"Zimowy p\u0142aszcz handmade w kurz\u0105 stopk\u0119 Alexa\"}]},{\"@type\":\"WebSite\",\"@id\":\"https:\/\/talia-fashion.pl\/#website\",\"url\":\"https:\/\/talia-fashion.pl\/\",\"name\":\"Talia Fashion\",\"description\":\"\",\"potentialAction\":[{\"@type\":\"SearchAction\",\"target\":{\"@type\":\"EntryPoint\",\"urlTemplate\":\"https:\/\/talia-fashion.pl\/?s={search_term_string}\"},\"query-input\":{\"@type\":\"PropertyValueSpecification\",\"valueRequired\":true,\"valueName\":\"search_term_string\"}}],\"inLanguage\":\"en-GB\"}]}<\/script>\n<!-- \/ Yoast SEO plugin. -->","yoast_head_json":{"title":"Zimowy p\u0142aszcz handmade w kurz\u0105 stopk\u0119 Alexa - Talia Fashion","description":"Zimowy p\u0142aszcz handmade w kurz\u0105 stopk\u0119, idealna propozycja na zimowe ch\u0142ody. Polecamy r\u0119cznie szyty p\u0142aszczyk. Wysoka jako\u015b\u0107.","robots":{"index":"index","follow":"follow","max-snippet":"max-snippet:-1","max-image-preview":"max-image-preview:large","max-video-preview":"max-video-preview:-1"},"canonical":"https:\/\/talia-fashion.pl\/en\/product\/zimowy-plaszcz-handmade-w-kurza-stopke-alexa\/","og_locale":"en_GB","og_type":"article","og_title":"Zimowy p\u0142aszcz handmade w kurz\u0105 stopk\u0119 Alexa - Talia Fashion","og_description":"Zimowy p\u0142aszcz handmade w kurz\u0105 stopk\u0119, idealna propozycja na zimowe ch\u0142ody. Polecamy r\u0119cznie szyty p\u0142aszczyk. Wysoka jako\u015b\u0107.","og_url":"https:\/\/talia-fashion.pl\/en\/product\/zimowy-plaszcz-handmade-w-kurza-stopke-alexa\/","og_site_name":"Talia Fashion","article_modified_time":"2026-02-05T06:28:00+00:00","og_image":[{"width":1920,"height":2560,"url":"https:\/\/talia-fashion.pl\/wp-content\/uploads\/2024\/10\/zimowy-plaszcz-handmade-w-kurza-stopke-scaled-2.jpg","type":"image\/jpeg"}],"twitter_card":"summary_large_image","twitter_misc":{"Estimated reading time":"3 minutes"},"schema":{"@context":"https:\/\/schema.org","@graph":[{"@type":"WebPage","@id":"https:\/\/talia-fashion.pl\/produkt\/zimowy-plaszcz-handmade-w-kurza-stopke-alexa\/","url":"https:\/\/talia-fashion.pl\/produkt\/zimowy-plaszcz-handmade-w-kurza-stopke-alexa\/","name":"Zimowy p\u0142aszcz handmade w kurz\u0105 stopk\u0119 Alexa - Talia Fashion","isPartOf":{"@id":"https:\/\/talia-fashion.pl\/#website"},"primaryImageOfPage":{"@id":"https:\/\/talia-fashion.pl\/produkt\/zimowy-plaszcz-handmade-w-kurza-stopke-alexa\/#primaryimage"},"image":{"@id":"https:\/\/talia-fashion.pl\/produkt\/zimowy-plaszcz-handmade-w-kurza-stopke-alexa\/#primaryimage"},"thumbnailUrl":"https:\/\/talia-fashion.pl\/wp-content\/uploads\/2024\/10\/zimowy-plaszcz-handmade-w-kurza-stopke-scaled-2.jpg","datePublished":"2021-09-13T10:22:35+00:00","dateModified":"2026-02-05T06:28:00+00:00","description":"Zimowy p\u0142aszcz handmade w kurz\u0105 stopk\u0119, idealna propozycja na zimowe ch\u0142ody. Polecamy r\u0119cznie szyty p\u0142aszczyk. Wysoka jako\u015b\u0107.","breadcrumb":{"@id":"https:\/\/talia-fashion.pl\/produkt\/zimowy-plaszcz-handmade-w-kurza-stopke-alexa\/#breadcrumb"},"inLanguage":"en-GB","potentialAction":[{"@type":"ReadAction","target":["https:\/\/talia-fashion.pl\/produkt\/zimowy-plaszcz-handmade-w-kurza-stopke-alexa\/"]}]},{"@type":"ImageObject","inLanguage":"en-GB","@id":"https:\/\/talia-fashion.pl\/produkt\/zimowy-plaszcz-handmade-w-kurza-stopke-alexa\/#primaryimage","url":"https:\/\/talia-fashion.pl\/wp-content\/uploads\/2024\/10\/zimowy-plaszcz-handmade-w-kurza-stopke-scaled-2.jpg","contentUrl":"https:\/\/talia-fashion.pl\/wp-content\/uploads\/2024\/10\/zimowy-plaszcz-handmade-w-kurza-stopke-scaled-2.jpg","width":1920,"height":2560,"caption":"Zimowy, klasyczny p\u0142aszcz z wyk\u0142adanym ko\u0142nierzem w ponadczasowy wz\u00f3r."},{"@type":"BreadcrumbList","@id":"https:\/\/talia-fashion.pl\/produkt\/zimowy-plaszcz-handmade-w-kurza-stopke-alexa\/#breadcrumb","itemListElement":[{"@type":"ListItem","position":1,"name":"Strona g\u0142\u00f3wna","item":"https:\/\/talia-fashion.pl\/"},{"@type":"ListItem","position":2,"name":"Sklep","item":"https:\/\/talia-fashion.pl\/sklep\/"},{"@type":"ListItem","position":3,"name":"Zimowy p\u0142aszcz handmade w kurz\u0105 stopk\u0119 Alexa"}]},{"@type":"WebSite","@id":"https:\/\/talia-fashion.pl\/#website","url":"https:\/\/talia-fashion.pl\/","name":"Talia Fashion","description":"","potentialAction":[{"@type":"SearchAction","target":{"@type":"EntryPoint","urlTemplate":"https:\/\/talia-fashion.pl\/?s={search_term_string}"},"query-input":{"@type":"PropertyValueSpecification","valueRequired":true,"valueName":"search_term_string"}}],"inLanguage":"en-GB"}]}},"_links":{"self":[{"href":"https:\/\/talia-fashion.pl\/en\/wp-json\/wp\/v2\/product\/4240","targetHints":{"allow":["GET"]}}],"collection":[{"href":"https:\/\/talia-fashion.pl\/en\/wp-json\/wp\/v2\/product"}],"about":[{"href":"https:\/\/talia-fashion.pl\/en\/wp-json\/wp\/v2\/types\/product"}],"wp:featuredmedia":[{"embeddable":true,"href":"https:\/\/talia-fashion.pl\/en\/wp-json\/wp\/v2\/media\/498"}],"wp:attachment":[{"href":"https:\/\/talia-fashion.pl\/en\/wp-json\/wp\/v2\/media?parent=4240"}],"wp:term":[{"taxonomy":"product_cat","embeddable":true,"href":"https:\/\/talia-fashion.pl\/en\/wp-json\/wp\/v2\/product_cat?post=4240"},{"taxonomy":"product_tag","embeddable":true,"href":"https:\/\/talia-fashion.pl\/en\/wp-json\/wp\/v2\/product_tag?post=4240"}],"curies":[{"name":"wp","href":"https:\/\/api.w.org\/{rel}","templated":true}]}}