{"id":4224,"date":"2021-08-15T12:59:46","date_gmt":"2021-08-15T10:59:46","guid":{"rendered":"http:\/\/talia-fashion.pl\/produkt\/karta-podarunkowa\/"},"modified":"2025-08-22T15:23:16","modified_gmt":"2025-08-22T13:23:16","slug":"karta-podarunkowa","status":"publish","type":"product","link":"https:\/\/talia-fashion.pl\/en\/product\/karta-podarunkowa\/","title":{"rendered":"Gift card"},"content":{"rendered":"<p>A Gift Card is the only gift you know is sure to hit the spot - someone will choose what they want for themselves \ud83d\ude09.<\/p>\n<p>If you are looking for the perfect gift this is the best option. With a gift card, you not only allow you to choose the type of gift you want but also give you the opportunity to decide throughout the year. Purchasing an e-card with a unique code also gives you the opportunity for an instant and remote gift, even at the last minute.<br \/>\nYou no longer have to wonder what your dream gift is, whether you will choose the right size or whether the colour will be right. Bring joy not only to the recipient but also to yourself. A gift card is the quick and easy way to give a present.<\/p>\n<p>Any occasion is good to gift a loved one.<\/p>\n<p><strong>How does the Gift Card work?<\/strong><\/p>\n<p>Buy a Gift Card and you will receive a unique numerical code with the value of the purchased Gift Card on the email provided.<br \/>\nEnter the code on subsequent purchases, the value of the basket will be reduced by the amount from the Gift Card.<br \/>\nIf you do not use all of your Gift Card funds, you will receive a new code for the remaining balance.<br \/>\nThe code is valid for 12 months from the date of purchase of the Card.<br \/>\nThe card is not redeemable for cash.<br \/>\nThe Gift Card is purchased at face value - the purchase of a Gift Card cannot be combined with the use of discount codes or discounts.<\/p>\n<p>More information can be found in our <a href=\"https:\/\/talia-fashion.pl\/en\/regulamin-kart-podarunkowych-talia\/\">Terms and Conditions for Gift Cards<\/a>.<\/p>\n<p>We also encourage you to like our fanpage on <a href=\"https:\/\/www.facebook.com\/talia.plaszcze\">Facebook<\/a>\u00a0i\u00a0<a href=\"https:\/\/www.instagram.com\/talia_plaszcze\/\">Instagram<\/a>. Keep up to date with us!<\/p>","protected":false},"excerpt":{"rendered":"<p>Karta Podarunkowa to jedyny prezent, o kt\u00f3rym wiesz, \u017ce na pewno b\u0119dzie trafiony &#8211; kto\u015b sam wybierze to, na co ma ochot\u0119&hellip;<\/p>","protected":false},"featured_media":258196,"template":"","meta":{"_acf_changed":false},"product_cat":[333],"product_tag":[],"class_list":{"0":"post-4224","1":"product","2":"type-product","3":"status-publish","4":"has-post-thumbnail","6":"product_cat-wps_wgm_giftcard","7":"product_shipping_class-gift-card","9":"first","10":"instock","11":"virtual","12":"purchasable","13":"product-type-wgm_gift_card"},"acf":[],"yoast_head":"<!-- This site is optimized with the Yoast SEO plugin v25.7 - https:\/\/yoast.com\/wordpress\/plugins\/seo\/ -->\n<title>Karta Podarunkowa - Talia Fashion - doskona\u0142y pomys\u0142 na prezent<\/title>\n<meta name=\"description\" content=\"Karta Podarunkowa to prezent idealny! Zawsze trafiony a w dodatku do wykorzystania przez ca\u0142y rok. Zawsze jest dobra okazja na prezent!\" \/>\n<meta name=\"robots\" content=\"index, follow, max-snippet:-1, max-image-preview:large, max-video-preview:-1\" \/>\n<link rel=\"canonical\" href=\"https:\/\/talia-fashion.pl\/en\/product\/karta-podarunkowa\/\" \/>\n<meta property=\"og:locale\" content=\"en_GB\" \/>\n<meta property=\"og:type\" content=\"article\" \/>\n<meta property=\"og:title\" content=\"Karta Podarunkowa - Talia Fashion - doskona\u0142y pomys\u0142 na prezent\" \/>\n<meta property=\"og:description\" content=\"Karta Podarunkowa to prezent idealny! Zawsze trafiony a w dodatku do wykorzystania przez ca\u0142y rok. Zawsze jest dobra okazja na prezent!\" \/>\n<meta property=\"og:url\" content=\"https:\/\/talia-fashion.pl\/en\/product\/karta-podarunkowa\/\" \/>\n<meta property=\"og:site_name\" content=\"Talia Fashion\" \/>\n<meta property=\"article:modified_time\" content=\"2025-08-22T13:23:16+00:00\" \/>\n<meta property=\"og:image\" content=\"https:\/\/talia-fashion.pl\/wp-content\/uploads\/2021\/08\/Projekt-bez-nazwy-4.png\" \/>\n\t<meta property=\"og:image:width\" content=\"1000\" \/>\n\t<meta property=\"og:image:height\" content=\"1500\" \/>\n\t<meta property=\"og:image:type\" content=\"image\/png\" \/>\n<meta name=\"twitter:card\" content=\"summary_large_image\" \/>\n<meta name=\"twitter:label1\" content=\"Estimated reading time\" \/>\n\t<meta name=\"twitter:data1\" content=\"2 minutes\" \/>\n<script type=\"application\/ld+json\" class=\"yoast-schema-graph\">{\"@context\":\"https:\/\/schema.org\",\"@graph\":[{\"@type\":\"WebPage\",\"@id\":\"https:\/\/talia-fashion.pl\/produkt\/karta-podarunkowa\/\",\"url\":\"https:\/\/talia-fashion.pl\/produkt\/karta-podarunkowa\/\",\"name\":\"Karta Podarunkowa - Talia Fashion - doskona\u0142y pomys\u0142 na prezent\",\"isPartOf\":{\"@id\":\"https:\/\/talia-fashion.pl\/#website\"},\"primaryImageOfPage\":{\"@id\":\"https:\/\/talia-fashion.pl\/produkt\/karta-podarunkowa\/#primaryimage\"},\"image\":{\"@id\":\"https:\/\/talia-fashion.pl\/produkt\/karta-podarunkowa\/#primaryimage\"},\"thumbnailUrl\":\"https:\/\/talia-fashion.pl\/wp-content\/uploads\/2021\/08\/Projekt-bez-nazwy-4.png\",\"datePublished\":\"2021-08-15T10:59:46+00:00\",\"dateModified\":\"2025-08-22T13:23:16+00:00\",\"description\":\"Karta Podarunkowa to prezent idealny! Zawsze trafiony a w dodatku do wykorzystania przez ca\u0142y rok. Zawsze jest dobra okazja na prezent!\",\"breadcrumb\":{\"@id\":\"https:\/\/talia-fashion.pl\/produkt\/karta-podarunkowa\/#breadcrumb\"},\"inLanguage\":\"en-GB\",\"potentialAction\":[{\"@type\":\"ReadAction\",\"target\":[\"https:\/\/talia-fashion.pl\/produkt\/karta-podarunkowa\/\"]}]},{\"@type\":\"ImageObject\",\"inLanguage\":\"en-GB\",\"@id\":\"https:\/\/talia-fashion.pl\/produkt\/karta-podarunkowa\/#primaryimage\",\"url\":\"https:\/\/talia-fashion.pl\/wp-content\/uploads\/2021\/08\/Projekt-bez-nazwy-4.png\",\"contentUrl\":\"https:\/\/talia-fashion.pl\/wp-content\/uploads\/2021\/08\/Projekt-bez-nazwy-4.png\",\"width\":1000,\"height\":1500},{\"@type\":\"BreadcrumbList\",\"@id\":\"https:\/\/talia-fashion.pl\/produkt\/karta-podarunkowa\/#breadcrumb\",\"itemListElement\":[{\"@type\":\"ListItem\",\"position\":1,\"name\":\"Strona g\u0142\u00f3wna\",\"item\":\"https:\/\/talia-fashion.pl\/\"},{\"@type\":\"ListItem\",\"position\":2,\"name\":\"Sklep\",\"item\":\"https:\/\/talia-fashion.pl\/sklep\/\"},{\"@type\":\"ListItem\",\"position\":3,\"name\":\"Karta Podarunkowa\"}]},{\"@type\":\"WebSite\",\"@id\":\"https:\/\/talia-fashion.pl\/#website\",\"url\":\"https:\/\/talia-fashion.pl\/\",\"name\":\"Talia Fashion\",\"description\":\"\",\"potentialAction\":[{\"@type\":\"SearchAction\",\"target\":{\"@type\":\"EntryPoint\",\"urlTemplate\":\"https:\/\/talia-fashion.pl\/?s={search_term_string}\"},\"query-input\":{\"@type\":\"PropertyValueSpecification\",\"valueRequired\":true,\"valueName\":\"search_term_string\"}}],\"inLanguage\":\"en-GB\"}]}<\/script>\n<!-- \/ Yoast SEO plugin. -->","yoast_head_json":{"title":"Karta Podarunkowa - Talia Fashion - doskona\u0142y pomys\u0142 na prezent","description":"Karta Podarunkowa to prezent idealny! Zawsze trafiony a w dodatku do wykorzystania przez ca\u0142y rok. Zawsze jest dobra okazja na prezent!","robots":{"index":"index","follow":"follow","max-snippet":"max-snippet:-1","max-image-preview":"max-image-preview:large","max-video-preview":"max-video-preview:-1"},"canonical":"https:\/\/talia-fashion.pl\/en\/product\/karta-podarunkowa\/","og_locale":"en_GB","og_type":"article","og_title":"Karta Podarunkowa - Talia Fashion - doskona\u0142y pomys\u0142 na prezent","og_description":"Karta Podarunkowa to prezent idealny! Zawsze trafiony a w dodatku do wykorzystania przez ca\u0142y rok. Zawsze jest dobra okazja na prezent!","og_url":"https:\/\/talia-fashion.pl\/en\/product\/karta-podarunkowa\/","og_site_name":"Talia Fashion","article_modified_time":"2025-08-22T13:23:16+00:00","og_image":[{"width":1000,"height":1500,"url":"https:\/\/talia-fashion.pl\/wp-content\/uploads\/2021\/08\/Projekt-bez-nazwy-4.png","type":"image\/png"}],"twitter_card":"summary_large_image","twitter_misc":{"Estimated reading time":"2 minutes"},"schema":{"@context":"https:\/\/schema.org","@graph":[{"@type":"WebPage","@id":"https:\/\/talia-fashion.pl\/produkt\/karta-podarunkowa\/","url":"https:\/\/talia-fashion.pl\/produkt\/karta-podarunkowa\/","name":"Karta Podarunkowa - Talia Fashion - doskona\u0142y pomys\u0142 na prezent","isPartOf":{"@id":"https:\/\/talia-fashion.pl\/#website"},"primaryImageOfPage":{"@id":"https:\/\/talia-fashion.pl\/produkt\/karta-podarunkowa\/#primaryimage"},"image":{"@id":"https:\/\/talia-fashion.pl\/produkt\/karta-podarunkowa\/#primaryimage"},"thumbnailUrl":"https:\/\/talia-fashion.pl\/wp-content\/uploads\/2021\/08\/Projekt-bez-nazwy-4.png","datePublished":"2021-08-15T10:59:46+00:00","dateModified":"2025-08-22T13:23:16+00:00","description":"Karta Podarunkowa to prezent idealny! Zawsze trafiony a w dodatku do wykorzystania przez ca\u0142y rok. Zawsze jest dobra okazja na prezent!","breadcrumb":{"@id":"https:\/\/talia-fashion.pl\/produkt\/karta-podarunkowa\/#breadcrumb"},"inLanguage":"en-GB","potentialAction":[{"@type":"ReadAction","target":["https:\/\/talia-fashion.pl\/produkt\/karta-podarunkowa\/"]}]},{"@type":"ImageObject","inLanguage":"en-GB","@id":"https:\/\/talia-fashion.pl\/produkt\/karta-podarunkowa\/#primaryimage","url":"https:\/\/talia-fashion.pl\/wp-content\/uploads\/2021\/08\/Projekt-bez-nazwy-4.png","contentUrl":"https:\/\/talia-fashion.pl\/wp-content\/uploads\/2021\/08\/Projekt-bez-nazwy-4.png","width":1000,"height":1500},{"@type":"BreadcrumbList","@id":"https:\/\/talia-fashion.pl\/produkt\/karta-podarunkowa\/#breadcrumb","itemListElement":[{"@type":"ListItem","position":1,"name":"Strona g\u0142\u00f3wna","item":"https:\/\/talia-fashion.pl\/"},{"@type":"ListItem","position":2,"name":"Sklep","item":"https:\/\/talia-fashion.pl\/sklep\/"},{"@type":"ListItem","position":3,"name":"Karta Podarunkowa"}]},{"@type":"WebSite","@id":"https:\/\/talia-fashion.pl\/#website","url":"https:\/\/talia-fashion.pl\/","name":"Talia Fashion","description":"","potentialAction":[{"@type":"SearchAction","target":{"@type":"EntryPoint","urlTemplate":"https:\/\/talia-fashion.pl\/?s={search_term_string}"},"query-input":{"@type":"PropertyValueSpecification","valueRequired":true,"valueName":"search_term_string"}}],"inLanguage":"en-GB"}]}},"_links":{"self":[{"href":"https:\/\/talia-fashion.pl\/en\/wp-json\/wp\/v2\/product\/4224","targetHints":{"allow":["GET"]}}],"collection":[{"href":"https:\/\/talia-fashion.pl\/en\/wp-json\/wp\/v2\/product"}],"about":[{"href":"https:\/\/talia-fashion.pl\/en\/wp-json\/wp\/v2\/types\/product"}],"wp:featuredmedia":[{"embeddable":true,"href":"https:\/\/talia-fashion.pl\/en\/wp-json\/wp\/v2\/media\/258196"}],"wp:attachment":[{"href":"https:\/\/talia-fashion.pl\/en\/wp-json\/wp\/v2\/media?parent=4224"}],"wp:term":[{"taxonomy":"product_cat","embeddable":true,"href":"https:\/\/talia-fashion.pl\/en\/wp-json\/wp\/v2\/product_cat?post=4224"},{"taxonomy":"product_tag","embeddable":true,"href":"https:\/\/talia-fashion.pl\/en\/wp-json\/wp\/v2\/product_tag?post=4224"}],"curies":[{"name":"wp","href":"https:\/\/api.w.org\/{rel}","templated":true}]}}