{"id":4200,"date":"2021-03-05T14:21:43","date_gmt":"2021-03-05T13:21:43","guid":{"rendered":"http:\/\/talia-fashion.pl\/produkt\/oversize-plaszcz-jednorzedowy-zimowy-kler\/"},"modified":"2026-02-12T16:00:11","modified_gmt":"2026-02-12T15:00:11","slug":"oversize-plaszcz-jednorzedowy-zimowy-kler","status":"publish","type":"product","link":"https:\/\/talia-fashion.pl\/en\/product\/oversize-plaszcz-jednorzedowy-zimowy-kler\/","title":{"rendered":"Oversize p\u0142aszcz jednorz\u0119dowy zimowy Kler"},"content":{"rendered":"<p><span lang=\"DE\">Oversize p\u0142aszcz jednorz\u0119dowy zimowy Kler to p\u0142aszcz z tkaniny z mieszanki we\u0142ny do po\u0142owy \u0142ydki. P\u0142aszcz ma ko\u0142nierz z du\u017cymi klapami. Zapinany na guziki.\u00a0 Wi\u0105zany. Pasek z tego samego materia\u0142u, co p\u0142aszcz. Dwie, boczne kieszenie. P\u0142aszcz ma prosty kr\u00f3j oraz d\u0142ugie raglanowe r\u0119kawy przez co wypada lu\u017aniejszy. Typowo oversizowy p\u0142aszcz. Doskona\u0142a harmonia obj\u0119to\u015bci i proporcji.\u00a0 Je\u015bli preferowany jest bardziej dopasowany p\u0142aszcz, sugerujemy wyb\u00f3r mniejszego rozmiaru. Ca\u0142y urok jednak w tej lu\u017aniejszej formie. Stylowy i funkcjonalny. P\u0142aszcz jest w ca\u0142o\u015bci ocieplany. Idealny na zim\u0119. Po prostu \u2013 cudny!<\/span><\/p>\n<p>If you're wondering which coat to choose, we suggest you take a look at our tips <a href=\"https:\/\/talia-fashion.pl\/en\/jak-dobrac-plaszcz-do-sylwetki\/\">How do you choose a coat to suit your figure?<\/a><\/p>\n<p><span lang=\"DE\">Zdj\u0119cie rzeczywiste &#8211; czarny<\/span><\/p>\n<p><span lang=\"DE\">Kolory g\u0142adkie: czarny, grafitowy (S, L), krata bia\u0142o-be\u017cowo-popielata (S, M, L)<\/span><\/p>\n<p>The colours are presented in <a href=\"https:\/\/talia-fashion.pl\/en\/paleta-kolorow\/\">colour palette<\/a>. If in doubt, please contact us.<\/p>\n<p>The model is 178cm and a size S.<\/p>\n<p><span lang=\"DE\">Available sizes: XS, S, M, L<\/span><\/p>\n<p>Indicative dimensions:<\/p>\n<p>XS - bust: 86-88 \/ hips: 94-96 \/ length: 106 \/ sleeve: 62<br \/>\nS - bust: 90-92 \/ hips: 98-100 \/ length: 106 \/ sleeve: 62<br \/>\nM - bust: 94-96 \/ hips: 102-104 \/ length: 107 \/ sleeve: 62<br \/>\nL - bust: 98-100 \/ hips: 106-108 \/ length: 107 \/ sleeve: 63<\/p>\n<p><span lang=\"DE\">If you are unsure of your size selection, please contact us.<\/span><\/p>\n<p><span lang=\"DE\">Material: 80<\/span><span lang=\"DE\">% wool, 20% polyamide<\/span><\/p>\n<p>Lining: 100% acetate<\/p>\n<p>Like viscose, acetate is produced from cellulose. Acetate yarn can also be made from recycled cellulose such as paper. The acetate lining is excellent at absorbing moisture and allowing air to pass through. It is coated with an antistatic apprettee and is OEKOtex\u00ae Standard 100 certified.<\/p>\n<p>Insulation: 100% non-woven recycled polyester<br \/>\nOur coats are insulated with a compressed thermo-insulating quilted fleece on the lining. The fleece is made from recycled polyester fibres. The material is lightweight, thin and at the same time perfectly insulating. The insulating fleece we use is resistant to moisture (it retains its insulating properties and warming effect even in damp conditions), stops the wind, is hypoallergenic and breathable. It is OEKOtex\u00ae Standard 100 certified.<\/p>\n<p><span lang=\"DE\">Oversize p\u0142aszcz jednorz\u0119dowy zimowy zaprojektowali\u015bmy i uszyli\u015bmy w naszej pracowni, tradycyjnymi i pracoch\u0142onnymi metodami w spos\u00f3b przyjazny dla \u015brodowiska.\u00a0 Od ponad 30 lat staramy si\u0119 piel\u0119gnowa\u0107 polskie rzemios\u0142o i dzi\u0119ki Wam ubieramy ju\u017c kolejne pokolenia. Dzi\u0119kujemy, \u017ce wybieracie lokalne produkty.\u00a0<\/span><\/p>\n<p><span lang=\"DE\">Mo\u017cliwo\u015b\u0107 skr\u00f3cenia, b\u0105d\u017a wyd\u0142u\u017cenia r\u0119kaw\u00f3w, mo\u017cliwo\u015b\u0107 wyd\u0142u\u017cenia i skr\u00f3cenia p\u0142aszcza \u2013 koszt ustalany indywidualnie po uprzednim kontakcie.<\/span><\/p>\n<p><strong>An individual order is not subject to exchange or refund.<\/strong><\/p>\n<p><span lang=\"DE\">The lead time depends on the company's current stock and the availability of a given fabric colour. If a given coat is available in the company, the order will be realised very quickly - 2-5 working days. If individualisation of the order is necessary - making alterations or sewing a new coat - the lead time may be extended to a maximum of 2 weeks.<\/span><\/p>\n<p>Prosimy o cierpliwo\u015b\u0107, musimy uszy\u0107 ten p\u0142aszcz dla Ciebie. Wi\u0119kszo\u015b\u0107 naszych p\u0142aszczy nie szyjemy na magazyn, postaramy si\u0119 jednak jak najszybciej zrealizowa\u0107 zam\u00f3wienie.<\/p>\n<p>The coat should be dry-cleaned. For frequent refreshing of the wool we recommend the following <a href=\"https:\/\/talia-fashion.pl\/en\/product\/szczotka-do-czyszczenia-i-pielegnacji-plaszcza\/\">Brush for cleaning and care of the coat<\/a>, kt\u00f3r\u0105 mo\u017cna kupi\u0107 w naszym sklepie. Dbaj\u0105c o ubranie, dbamy o \u015brodowisko.<\/p>\n<p>Zach\u0119camy do polubienia naszego fanpage&#8217;a na <a href=\"https:\/\/www.facebook.com\/talia.plaszcze\">Facebook<\/a>.<\/p>","protected":false},"excerpt":{"rendered":"<p>Oversize p\u0142aszcz jednorz\u0119dowy zimowy Kler to p\u0142aszcz z tkaniny z mieszanki we\u0142ny do po\u0142owy \u0142ydki. P\u0142aszcz ma ko\u0142nierz z du\u017cymi klapami. Zapinany&hellip;<\/p>","protected":false},"featured_media":470,"template":"","meta":{"_acf_changed":false},"product_cat":[36],"product_tag":[89,119,34,39,42,67,43,44,91,45,68,47,75,84,85,50,95,86,69,97,53,63,88],"class_list":{"0":"post-4200","1":"product","2":"type-product","3":"status-publish","4":"has-post-thumbnail","6":"product_cat-plaszcze-dluzsze","7":"product_tag-cieply","8":"product_tag-dlugi-plaszcz-zimowy","9":"product_tag-handmade","10":"product_tag-klasyczny","11":"product_tag-nowosc","12":"product_tag-ocieplany","13":"product_tag-plaszcz-damski","14":"product_tag-plaszcz-damski-dlugi","15":"product_tag-plaszcz-damski-zimowy","16":"product_tag-plaszcz-dlugi","17":"product_tag-plaszcz-jesienny","18":"product_tag-plaszcz-na-guziki","19":"product_tag-plaszcz-ocieplany","20":"product_tag-plaszcz-oversizowy","21":"product_tag-plaszcz-welniany","22":"product_tag-plaszcz-z-rewersem","23":"product_tag-plaszcz-zimowy","24":"product_tag-plaszcz-zimowy-ocieplany","25":"product_tag-prochowiec","26":"product_tag-trencz","27":"product_tag-welna","28":"product_tag-welniany","29":"product_tag-wiazany","31":"first","32":"instock","33":"shipping-taxable","34":"purchasable","35":"product-type-variable","36":"has-default-attributes"},"acf":[],"yoast_head":"<!-- This site is optimized with the Yoast SEO plugin v25.7 - https:\/\/yoast.com\/wordpress\/plugins\/seo\/ -->\n<title>Oversize p\u0142aszcz jednorz\u0119dowy zimowy Kler - Talia Fashion<\/title>\n<meta name=\"description\" content=\"Oversize p\u0142aszcz jednorz\u0119dowy zimowy - to jednorz\u0119dowy p\u0142aszcz o lu\u017anym, oversizowym kroju. R\u0119cznie szyty p\u0142aszcz zimowy.\" \/>\n<meta name=\"robots\" content=\"index, follow, max-snippet:-1, max-image-preview:large, max-video-preview:-1\" \/>\n<link rel=\"canonical\" href=\"https:\/\/talia-fashion.pl\/en\/product\/oversize-plaszcz-jednorzedowy-zimowy-kler\/\" \/>\n<meta property=\"og:locale\" content=\"en_GB\" \/>\n<meta property=\"og:type\" content=\"article\" \/>\n<meta property=\"og:title\" content=\"Oversize p\u0142aszcz jednorz\u0119dowy zimowy Kler - Talia Fashion\" \/>\n<meta property=\"og:description\" content=\"Oversize p\u0142aszcz jednorz\u0119dowy zimowy - to jednorz\u0119dowy p\u0142aszcz o lu\u017anym, oversizowym kroju. R\u0119cznie szyty p\u0142aszcz zimowy.\" \/>\n<meta property=\"og:url\" content=\"https:\/\/talia-fashion.pl\/en\/product\/oversize-plaszcz-jednorzedowy-zimowy-kler\/\" \/>\n<meta property=\"og:site_name\" content=\"Talia Fashion\" \/>\n<meta property=\"article:modified_time\" content=\"2026-02-12T15:00:11+00:00\" \/>\n<meta property=\"og:image\" content=\"https:\/\/talia-fashion.pl\/wp-content\/uploads\/2024\/10\/oversize-plaszcz-jednorzedowy-wiosenny-czarny.jpg\" \/>\n\t<meta property=\"og:image:width\" content=\"1500\" \/>\n\t<meta property=\"og:image:height\" content=\"2250\" \/>\n\t<meta property=\"og:image:type\" content=\"image\/jpeg\" \/>\n<meta name=\"twitter:card\" content=\"summary_large_image\" \/>\n<meta name=\"twitter:label1\" content=\"Estimated reading time\" \/>\n\t<meta name=\"twitter:data1\" content=\"3 minutes\" \/>\n<script type=\"application\/ld+json\" class=\"yoast-schema-graph\">{\"@context\":\"https:\/\/schema.org\",\"@graph\":[{\"@type\":\"WebPage\",\"@id\":\"https:\/\/talia-fashion.pl\/produkt\/oversize-plaszcz-jednorzedowy-zimowy-kler\/\",\"url\":\"https:\/\/talia-fashion.pl\/produkt\/oversize-plaszcz-jednorzedowy-zimowy-kler\/\",\"name\":\"Oversize p\u0142aszcz jednorz\u0119dowy zimowy Kler - Talia Fashion\",\"isPartOf\":{\"@id\":\"https:\/\/talia-fashion.pl\/#website\"},\"primaryImageOfPage\":{\"@id\":\"https:\/\/talia-fashion.pl\/produkt\/oversize-plaszcz-jednorzedowy-zimowy-kler\/#primaryimage\"},\"image\":{\"@id\":\"https:\/\/talia-fashion.pl\/produkt\/oversize-plaszcz-jednorzedowy-zimowy-kler\/#primaryimage\"},\"thumbnailUrl\":\"https:\/\/talia-fashion.pl\/wp-content\/uploads\/2024\/10\/oversize-plaszcz-jednorzedowy-wiosenny-czarny.jpg\",\"datePublished\":\"2021-03-05T13:21:43+00:00\",\"dateModified\":\"2026-02-12T15:00:11+00:00\",\"description\":\"Oversize p\u0142aszcz jednorz\u0119dowy zimowy - to jednorz\u0119dowy p\u0142aszcz o lu\u017anym, oversizowym kroju. R\u0119cznie szyty p\u0142aszcz zimowy.\",\"breadcrumb\":{\"@id\":\"https:\/\/talia-fashion.pl\/produkt\/oversize-plaszcz-jednorzedowy-zimowy-kler\/#breadcrumb\"},\"inLanguage\":\"en-GB\",\"potentialAction\":[{\"@type\":\"ReadAction\",\"target\":[\"https:\/\/talia-fashion.pl\/produkt\/oversize-plaszcz-jednorzedowy-zimowy-kler\/\"]}]},{\"@type\":\"ImageObject\",\"inLanguage\":\"en-GB\",\"@id\":\"https:\/\/talia-fashion.pl\/produkt\/oversize-plaszcz-jednorzedowy-zimowy-kler\/#primaryimage\",\"url\":\"https:\/\/talia-fashion.pl\/wp-content\/uploads\/2024\/10\/oversize-plaszcz-jednorzedowy-wiosenny-czarny.jpg\",\"contentUrl\":\"https:\/\/talia-fashion.pl\/wp-content\/uploads\/2024\/10\/oversize-plaszcz-jednorzedowy-wiosenny-czarny.jpg\",\"width\":1500,\"height\":2250,\"caption\":\"Oversizowy p\u0142aszcz jednorz\u0119dowy, zapinany na guziki, wi\u0105zany, z mieszanki we\u0142ny.\"},{\"@type\":\"BreadcrumbList\",\"@id\":\"https:\/\/talia-fashion.pl\/produkt\/oversize-plaszcz-jednorzedowy-zimowy-kler\/#breadcrumb\",\"itemListElement\":[{\"@type\":\"ListItem\",\"position\":1,\"name\":\"Strona g\u0142\u00f3wna\",\"item\":\"https:\/\/talia-fashion.pl\/\"},{\"@type\":\"ListItem\",\"position\":2,\"name\":\"Sklep\",\"item\":\"https:\/\/talia-fashion.pl\/sklep\/\"},{\"@type\":\"ListItem\",\"position\":3,\"name\":\"Oversize p\u0142aszcz jednorz\u0119dowy zimowy Kler\"}]},{\"@type\":\"WebSite\",\"@id\":\"https:\/\/talia-fashion.pl\/#website\",\"url\":\"https:\/\/talia-fashion.pl\/\",\"name\":\"Talia Fashion\",\"description\":\"\",\"potentialAction\":[{\"@type\":\"SearchAction\",\"target\":{\"@type\":\"EntryPoint\",\"urlTemplate\":\"https:\/\/talia-fashion.pl\/?s={search_term_string}\"},\"query-input\":{\"@type\":\"PropertyValueSpecification\",\"valueRequired\":true,\"valueName\":\"search_term_string\"}}],\"inLanguage\":\"en-GB\"}]}<\/script>\n<!-- \/ Yoast SEO plugin. -->","yoast_head_json":{"title":"Oversize p\u0142aszcz jednorz\u0119dowy zimowy Kler - Talia Fashion","description":"Oversize p\u0142aszcz jednorz\u0119dowy zimowy - to jednorz\u0119dowy p\u0142aszcz o lu\u017anym, oversizowym kroju. R\u0119cznie szyty p\u0142aszcz zimowy.","robots":{"index":"index","follow":"follow","max-snippet":"max-snippet:-1","max-image-preview":"max-image-preview:large","max-video-preview":"max-video-preview:-1"},"canonical":"https:\/\/talia-fashion.pl\/en\/product\/oversize-plaszcz-jednorzedowy-zimowy-kler\/","og_locale":"en_GB","og_type":"article","og_title":"Oversize p\u0142aszcz jednorz\u0119dowy zimowy Kler - Talia Fashion","og_description":"Oversize p\u0142aszcz jednorz\u0119dowy zimowy - to jednorz\u0119dowy p\u0142aszcz o lu\u017anym, oversizowym kroju. R\u0119cznie szyty p\u0142aszcz zimowy.","og_url":"https:\/\/talia-fashion.pl\/en\/product\/oversize-plaszcz-jednorzedowy-zimowy-kler\/","og_site_name":"Talia Fashion","article_modified_time":"2026-02-12T15:00:11+00:00","og_image":[{"width":1500,"height":2250,"url":"https:\/\/talia-fashion.pl\/wp-content\/uploads\/2024\/10\/oversize-plaszcz-jednorzedowy-wiosenny-czarny.jpg","type":"image\/jpeg"}],"twitter_card":"summary_large_image","twitter_misc":{"Estimated reading time":"3 minutes"},"schema":{"@context":"https:\/\/schema.org","@graph":[{"@type":"WebPage","@id":"https:\/\/talia-fashion.pl\/produkt\/oversize-plaszcz-jednorzedowy-zimowy-kler\/","url":"https:\/\/talia-fashion.pl\/produkt\/oversize-plaszcz-jednorzedowy-zimowy-kler\/","name":"Oversize p\u0142aszcz jednorz\u0119dowy zimowy Kler - Talia Fashion","isPartOf":{"@id":"https:\/\/talia-fashion.pl\/#website"},"primaryImageOfPage":{"@id":"https:\/\/talia-fashion.pl\/produkt\/oversize-plaszcz-jednorzedowy-zimowy-kler\/#primaryimage"},"image":{"@id":"https:\/\/talia-fashion.pl\/produkt\/oversize-plaszcz-jednorzedowy-zimowy-kler\/#primaryimage"},"thumbnailUrl":"https:\/\/talia-fashion.pl\/wp-content\/uploads\/2024\/10\/oversize-plaszcz-jednorzedowy-wiosenny-czarny.jpg","datePublished":"2021-03-05T13:21:43+00:00","dateModified":"2026-02-12T15:00:11+00:00","description":"Oversize p\u0142aszcz jednorz\u0119dowy zimowy - to jednorz\u0119dowy p\u0142aszcz o lu\u017anym, oversizowym kroju. R\u0119cznie szyty p\u0142aszcz zimowy.","breadcrumb":{"@id":"https:\/\/talia-fashion.pl\/produkt\/oversize-plaszcz-jednorzedowy-zimowy-kler\/#breadcrumb"},"inLanguage":"en-GB","potentialAction":[{"@type":"ReadAction","target":["https:\/\/talia-fashion.pl\/produkt\/oversize-plaszcz-jednorzedowy-zimowy-kler\/"]}]},{"@type":"ImageObject","inLanguage":"en-GB","@id":"https:\/\/talia-fashion.pl\/produkt\/oversize-plaszcz-jednorzedowy-zimowy-kler\/#primaryimage","url":"https:\/\/talia-fashion.pl\/wp-content\/uploads\/2024\/10\/oversize-plaszcz-jednorzedowy-wiosenny-czarny.jpg","contentUrl":"https:\/\/talia-fashion.pl\/wp-content\/uploads\/2024\/10\/oversize-plaszcz-jednorzedowy-wiosenny-czarny.jpg","width":1500,"height":2250,"caption":"Oversizowy p\u0142aszcz jednorz\u0119dowy, zapinany na guziki, wi\u0105zany, z mieszanki we\u0142ny."},{"@type":"BreadcrumbList","@id":"https:\/\/talia-fashion.pl\/produkt\/oversize-plaszcz-jednorzedowy-zimowy-kler\/#breadcrumb","itemListElement":[{"@type":"ListItem","position":1,"name":"Strona g\u0142\u00f3wna","item":"https:\/\/talia-fashion.pl\/"},{"@type":"ListItem","position":2,"name":"Sklep","item":"https:\/\/talia-fashion.pl\/sklep\/"},{"@type":"ListItem","position":3,"name":"Oversize p\u0142aszcz jednorz\u0119dowy zimowy Kler"}]},{"@type":"WebSite","@id":"https:\/\/talia-fashion.pl\/#website","url":"https:\/\/talia-fashion.pl\/","name":"Talia Fashion","description":"","potentialAction":[{"@type":"SearchAction","target":{"@type":"EntryPoint","urlTemplate":"https:\/\/talia-fashion.pl\/?s={search_term_string}"},"query-input":{"@type":"PropertyValueSpecification","valueRequired":true,"valueName":"search_term_string"}}],"inLanguage":"en-GB"}]}},"_links":{"self":[{"href":"https:\/\/talia-fashion.pl\/en\/wp-json\/wp\/v2\/product\/4200","targetHints":{"allow":["GET"]}}],"collection":[{"href":"https:\/\/talia-fashion.pl\/en\/wp-json\/wp\/v2\/product"}],"about":[{"href":"https:\/\/talia-fashion.pl\/en\/wp-json\/wp\/v2\/types\/product"}],"wp:featuredmedia":[{"embeddable":true,"href":"https:\/\/talia-fashion.pl\/en\/wp-json\/wp\/v2\/media\/470"}],"wp:attachment":[{"href":"https:\/\/talia-fashion.pl\/en\/wp-json\/wp\/v2\/media?parent=4200"}],"wp:term":[{"taxonomy":"product_cat","embeddable":true,"href":"https:\/\/talia-fashion.pl\/en\/wp-json\/wp\/v2\/product_cat?post=4200"},{"taxonomy":"product_tag","embeddable":true,"href":"https:\/\/talia-fashion.pl\/en\/wp-json\/wp\/v2\/product_tag?post=4200"}],"curies":[{"name":"wp","href":"https:\/\/api.w.org\/{rel}","templated":true}]}}