{"id":4190,"date":"2021-03-05T10:52:50","date_gmt":"2021-03-05T09:52:50","guid":{"rendered":"http:\/\/talia-fashion.pl\/produkt\/dlugi-plaszcz-trencz-oversize-dwurzedowy-stella\/"},"modified":"2026-03-30T13:32:25","modified_gmt":"2026-03-30T11:32:25","slug":"dlugi-plaszcz-trencz-oversize-dwurzedowy-stella","status":"publish","type":"product","link":"https:\/\/talia-fashion.pl\/en\/product\/dlugi-plaszcz-trencz-oversize-dwurzedowy-stella\/","title":{"rendered":"Long oversize double-breasted trench coat Stella"},"content":{"rendered":"<p><span lang=\"DE\">D\u0142ugi p\u0142aszcz trencz oversize dwurz\u0119dowy to klasyczny dwurz\u0119dowy prochowiec z peleryn\u0105 na plecach. Ma rozporek. Zapinany na guziki. Wysokie podpi\u0119cie chroni przed wiatrem. <\/span>Ko\u0142nierz z mo\u017cliwo\u015bci\u0105 wy\u0142o\u017cenia w formie rewersu. <span lang=\"DE\">Dwie, boczne kieszenie. P\u0142aszcz ma ozdobne pagony naszywane na ramionach i wyko\u0144czone guzikiem oraz ozdobne patki na r\u0119kawach. P\u0142aszcz profilowany, jednak z uwagi na raglanowe wyko\u0144czenie r\u0119kaw\u00f3w wypada lu\u017aniejszy. Typowo oversizowy p\u0142aszcz. Tali\u0119 mo\u017cna dodatkowo podkre\u015bli\u0107 paskiem. Doskona\u0142a harmonia obj\u0119to\u015bci i proporcji.\u00a0 Je\u015bli preferowany jest bardziej dopasowany p\u0142aszcz, sugerujemy wyb\u00f3r mniejszego rozmiaru. Ca\u0142y urok jednak w tej lu\u017aniejszej formie. Stylowy i funkcjonalny. P\u0142aszcz ma podszewk\u0119. Idealny na wiosn\u0119 i jesie\u0144.\u00a0 Stanowi\u0107 b\u0119dzie idealn\u0105 baz\u0119 dla ka\u017cdej stylizacji &#8211; czy do przys\u0142owiowej &#8222;ma\u0142ej czarnej&#8221; czy do trampek i d\u017cins\u00f3w. Obowi\u0105zkowa pozycja w szafie kapsu\u0142owej.<br \/>\n<\/span><\/p>\n<p><span lang=\"DE\">Zdj\u0119cie rzeczywiste &#8211; ch\u0142odny krem (p\u0142aszcz jest dost\u0119pny w standardzie w wersji z pagonami na ramionach)<br \/>\n<\/span><\/p>\n<p><span lang=\"DE\">Kolory g\u0142adkie: ch\u0142odny krem<\/span><\/p>\n<p>The colours are presented in <a href=\"https:\/\/talia-fashion.pl\/en\/paleta-kolorow\/\">colour palette<\/a>. If in doubt, please contact us.<\/p>\n<p>The model is 178cm and a size S.<\/p>\n<p><span lang=\"DE\">Available sizes: XS, S, M, L<\/span><\/p>\n<p>Indicative dimensions:<\/p>\n<p>XS &#8211; biust: 86-88 \/ biodra: 94-96 \/ d\u0142ugo\u015b\u0107: 107 \/ r\u0119kaw: 62<br \/>\nS - bust: 90-92 \/ hips: 98-100 \/ length: 107 \/ sleeve: 62<br \/>\nM &#8211; biust: 94-96\u00a0\u00a0\/ biodra: 102-104 \/ d\u0142ugo\u015b\u0107: 108 \/ r\u0119kaw: 62<br \/>\nL - bust: 98-100 \/ hips: 106-108 \/ length: 108 \/ sleeve: 63<\/p>\n<p><span lang=\"DE\">If you are unsure of your size selection, please contact us.<\/span><\/p>\n<p><span lang=\"DE\">Material: 80<\/span><span lang=\"DE\">% bawe\u0142na, 20% nylon<br \/>\n<\/span><\/p>\n<p>Lining: 100% acetate<\/p>\n<p>Acetat podobnie jak wiskoza wytwarzany jest z celulozy. Prz\u0119dza acetatowa mo\u017ce by\u0107 wytworzona r\u00f3wnie\u017c z celulozy przetworzonej np. papieru. Podszewka acetatowa doskonale wch\u0142ania wilgo\u0107 i przepuszcza powietrze, dzi\u0119ki czemu zapewnia komfort noszenia. Jest powlekana apretur\u0105 antystatyczn\u0105 i posiada certyfikat OEKOtex\u00ae Standard 100.<\/p>\n<p><span lang=\"DE\">D\u0142ugi p\u0142aszcz trencz oversize dwurz\u0119dowy zaprojektowali\u015bmy i uszyli\u015bmy w naszej pracowni, tradycyjnymi i pracoch\u0142onnymi metodami w spos\u00f3b przyjazny dla \u015brodowiska.\u00a0 Od 37 lat staramy si\u0119 piel\u0119gnowa\u0107 polskie rzemios\u0142o i dzi\u0119ki Wam ubieramy ju\u017c kolejne pokolenia. Dzi\u0119kujemy, \u017ce wybieracie lokalne produkty.\u00a0<\/span><\/p>\n<p><span lang=\"DE\">Personalizacja trencza &#8211; mo\u017cliwo\u015b\u0107 skr\u00f3cenia, b\u0105d\u017a wyd\u0142u\u017cenia r\u0119kaw\u00f3w, mo\u017cliwo\u015b\u0107 wyd\u0142u\u017cenia i skr\u00f3cenia p\u0142aszcza \u2013 koszt ustalany indywidualnie po uprzednim kontakcie. Je\u015bli nie przepadacie za pagonami na ramionach &#8211; istnieje mo\u017cliwo\u015b\u0107 ich usuni\u0119cia.<br \/>\n<\/span><\/p>\n<p><strong>An individual order is not subject to exchange or refund.<\/strong><\/p>\n<p><span lang=\"DE\">Czas realizacji zam\u00f3wienia uzale\u017cniamy od aktualnego stanu magazynowego w firmie oraz dost\u0119pno\u015bci danego koloru materia\u0142u. Je\u015bli dany p\u0142aszcz jest dost\u0119pny w pracowni realizacja zam\u00f3wienia nast\u0105pi w ci\u0105gu 2-5 dni roboczych. Je\u015bli konieczne jest uszycie p\u0142aszcza lub indywidualizacja zam\u00f3wienia \u2013 wykonanie przer\u00f3bki lub uszycie nowego p\u0142aszcza wed\u0142ug specyfikacji Klienta \u2013 czas realizacji zam\u00f3wienia mo\u017ce ulec wyd\u0142u\u017ceniu, maksymalnie do 2 tygodni.<\/span><\/p>\n<p>Prosimy o cierpliwo\u015b\u0107, musimy uszy\u0107 ten p\u0142aszcz dla Ciebie. Wi\u0119kszo\u015b\u0107 naszych p\u0142aszczy nie szyjemy na magazyn, postaramy si\u0119 jednak jak najszybciej zrealizowa\u0107 zam\u00f3wienie.<\/p>\n<p>Zach\u0119camy do polubienia naszego fanpage&#8217;a na <a href=\"https:\/\/www.facebook.com\/talia.plaszcze\">Facebook<\/a>.<\/p>","protected":false},"excerpt":{"rendered":"<p>D\u0142ugi p\u0142aszcz trencz oversize dwurz\u0119dowy to klasyczny dwurz\u0119dowy prochowiec z peleryn\u0105 na plecach. Ma rozporek. Zapinany na guziki. Wysokie podpi\u0119cie chroni przed&hellip;<\/p>","protected":false},"featured_media":4195,"template":"","meta":{"_acf_changed":false},"product_cat":[36,27],"product_tag":[56,153,78,33,39,116,41,43,44,45,46,68,84,187,49,161,69,60,97],"class_list":{"0":"post-4190","1":"product","2":"type-product","3":"status-publish","4":"has-post-thumbnail","6":"product_cat-plaszcze-dluzsze","7":"product_cat-trencze","8":"product_tag-bestseller","9":"product_tag-blazer","10":"product_tag-dla-roznych-sylwetek","11":"product_tag-dwurzedowy","12":"product_tag-klasyczny","13":"product_tag-marynarka","14":"product_tag-na-podszewce","15":"product_tag-plaszcz-damski","16":"product_tag-plaszcz-damski-dlugi","17":"product_tag-plaszcz-dlugi","18":"product_tag-plaszcz-dwurzedowy","19":"product_tag-plaszcz-jesienny","20":"product_tag-plaszcz-oversizowy","21":"product_tag-plaszcz-trencz","22":"product_tag-plaszcz-wiosenny","23":"product_tag-polski-producent","24":"product_tag-prochowiec","25":"product_tag-producent-plaszczy-damskich","26":"product_tag-trencz","28":"first","29":"instock","30":"shipping-taxable","31":"purchasable","32":"product-type-variable","33":"has-default-attributes"},"acf":[],"yoast_head":"<!-- This site is optimized with the Yoast SEO plugin v25.7 - https:\/\/yoast.com\/wordpress\/plugins\/seo\/ -->\n<title>D\u0142ugi p\u0142aszcz trencz oversize dwurz\u0119dowy Stella - Talia Fashion<\/title>\n<meta name=\"description\" content=\"D\u0142ugi p\u0142aszcz trencz oversize dwurz\u0119dowy - to lekki, dwurz\u0119dowy prochowiec o lu\u017anym, oversizowym kroju. Odzie\u017c wierzchnia do ka\u017cdej stylizacji\" \/>\n<meta name=\"robots\" content=\"index, follow, max-snippet:-1, max-image-preview:large, max-video-preview:-1\" \/>\n<link rel=\"canonical\" href=\"https:\/\/talia-fashion.pl\/en\/product\/dlugi-plaszcz-trencz-oversize-dwurzedowy-stella\/\" \/>\n<meta property=\"og:locale\" content=\"en_GB\" \/>\n<meta property=\"og:type\" content=\"article\" \/>\n<meta property=\"og:title\" content=\"D\u0142ugi p\u0142aszcz trencz oversize dwurz\u0119dowy Stella - Talia Fashion\" \/>\n<meta property=\"og:description\" content=\"D\u0142ugi p\u0142aszcz trencz oversize dwurz\u0119dowy - to lekki, dwurz\u0119dowy prochowiec o lu\u017anym, oversizowym kroju. Odzie\u017c wierzchnia do ka\u017cdej stylizacji\" \/>\n<meta property=\"og:url\" content=\"https:\/\/talia-fashion.pl\/en\/product\/dlugi-plaszcz-trencz-oversize-dwurzedowy-stella\/\" \/>\n<meta property=\"og:site_name\" content=\"Talia Fashion\" \/>\n<meta property=\"article:modified_time\" content=\"2026-03-30T11:32:25+00:00\" \/>\n<meta property=\"og:image\" content=\"https:\/\/talia-fashion.pl\/wp-content\/uploads\/2025\/07\/klasyczny-obszerny-trencz-dwurzedowy-oversize-raglanowy-rekaw.jpg\" \/>\n\t<meta property=\"og:image:width\" content=\"1500\" \/>\n\t<meta property=\"og:image:height\" content=\"2250\" \/>\n\t<meta property=\"og:image:type\" content=\"image\/jpeg\" \/>\n<meta name=\"twitter:card\" content=\"summary_large_image\" \/>\n<meta name=\"twitter:label1\" content=\"Estimated reading time\" \/>\n\t<meta name=\"twitter:data1\" content=\"3 minutes\" \/>\n<script type=\"application\/ld+json\" class=\"yoast-schema-graph\">{\"@context\":\"https:\/\/schema.org\",\"@graph\":[{\"@type\":\"WebPage\",\"@id\":\"https:\/\/talia-fashion.pl\/produkt\/dlugi-plaszcz-trencz-oversize-dwurzedowy-stella\/\",\"url\":\"https:\/\/talia-fashion.pl\/produkt\/dlugi-plaszcz-trencz-oversize-dwurzedowy-stella\/\",\"name\":\"D\u0142ugi p\u0142aszcz trencz oversize dwurz\u0119dowy Stella - Talia Fashion\",\"isPartOf\":{\"@id\":\"https:\/\/talia-fashion.pl\/#website\"},\"primaryImageOfPage\":{\"@id\":\"https:\/\/talia-fashion.pl\/produkt\/dlugi-plaszcz-trencz-oversize-dwurzedowy-stella\/#primaryimage\"},\"image\":{\"@id\":\"https:\/\/talia-fashion.pl\/produkt\/dlugi-plaszcz-trencz-oversize-dwurzedowy-stella\/#primaryimage\"},\"thumbnailUrl\":\"https:\/\/talia-fashion.pl\/wp-content\/uploads\/2025\/07\/klasyczny-obszerny-trencz-dwurzedowy-oversize-raglanowy-rekaw.jpg\",\"datePublished\":\"2021-03-05T09:52:50+00:00\",\"dateModified\":\"2026-03-30T11:32:25+00:00\",\"description\":\"D\u0142ugi p\u0142aszcz trencz oversize dwurz\u0119dowy - to lekki, dwurz\u0119dowy prochowiec o lu\u017anym, oversizowym kroju. Odzie\u017c wierzchnia do ka\u017cdej stylizacji\",\"breadcrumb\":{\"@id\":\"https:\/\/talia-fashion.pl\/produkt\/dlugi-plaszcz-trencz-oversize-dwurzedowy-stella\/#breadcrumb\"},\"inLanguage\":\"en-GB\",\"potentialAction\":[{\"@type\":\"ReadAction\",\"target\":[\"https:\/\/talia-fashion.pl\/produkt\/dlugi-plaszcz-trencz-oversize-dwurzedowy-stella\/\"]}]},{\"@type\":\"ImageObject\",\"inLanguage\":\"en-GB\",\"@id\":\"https:\/\/talia-fashion.pl\/produkt\/dlugi-plaszcz-trencz-oversize-dwurzedowy-stella\/#primaryimage\",\"url\":\"https:\/\/talia-fashion.pl\/wp-content\/uploads\/2025\/07\/klasyczny-obszerny-trencz-dwurzedowy-oversize-raglanowy-rekaw.jpg\",\"contentUrl\":\"https:\/\/talia-fashion.pl\/wp-content\/uploads\/2025\/07\/klasyczny-obszerny-trencz-dwurzedowy-oversize-raglanowy-rekaw.jpg\",\"width\":1500,\"height\":2250,\"caption\":\"Dwurz\u0119dowy trencz damski o nowoczesnym oversizowym kroju w ch\u0142odnym kremie. Cloud dancer.\"},{\"@type\":\"BreadcrumbList\",\"@id\":\"https:\/\/talia-fashion.pl\/produkt\/dlugi-plaszcz-trencz-oversize-dwurzedowy-stella\/#breadcrumb\",\"itemListElement\":[{\"@type\":\"ListItem\",\"position\":1,\"name\":\"Strona g\u0142\u00f3wna\",\"item\":\"https:\/\/talia-fashion.pl\/\"},{\"@type\":\"ListItem\",\"position\":2,\"name\":\"Sklep\",\"item\":\"https:\/\/talia-fashion.pl\/sklep\/\"},{\"@type\":\"ListItem\",\"position\":3,\"name\":\"D\u0142ugi p\u0142aszcz trencz oversize dwurz\u0119dowy Stella\"}]},{\"@type\":\"WebSite\",\"@id\":\"https:\/\/talia-fashion.pl\/#website\",\"url\":\"https:\/\/talia-fashion.pl\/\",\"name\":\"Talia Fashion\",\"description\":\"\",\"potentialAction\":[{\"@type\":\"SearchAction\",\"target\":{\"@type\":\"EntryPoint\",\"urlTemplate\":\"https:\/\/talia-fashion.pl\/?s={search_term_string}\"},\"query-input\":{\"@type\":\"PropertyValueSpecification\",\"valueRequired\":true,\"valueName\":\"search_term_string\"}}],\"inLanguage\":\"en-GB\"}]}<\/script>\n<!-- \/ Yoast SEO plugin. -->","yoast_head_json":{"title":"D\u0142ugi p\u0142aszcz trencz oversize dwurz\u0119dowy Stella - Talia Fashion","description":"D\u0142ugi p\u0142aszcz trencz oversize dwurz\u0119dowy - to lekki, dwurz\u0119dowy prochowiec o lu\u017anym, oversizowym kroju. Odzie\u017c wierzchnia do ka\u017cdej stylizacji","robots":{"index":"index","follow":"follow","max-snippet":"max-snippet:-1","max-image-preview":"max-image-preview:large","max-video-preview":"max-video-preview:-1"},"canonical":"https:\/\/talia-fashion.pl\/en\/product\/dlugi-plaszcz-trencz-oversize-dwurzedowy-stella\/","og_locale":"en_GB","og_type":"article","og_title":"D\u0142ugi p\u0142aszcz trencz oversize dwurz\u0119dowy Stella - Talia Fashion","og_description":"D\u0142ugi p\u0142aszcz trencz oversize dwurz\u0119dowy - to lekki, dwurz\u0119dowy prochowiec o lu\u017anym, oversizowym kroju. Odzie\u017c wierzchnia do ka\u017cdej stylizacji","og_url":"https:\/\/talia-fashion.pl\/en\/product\/dlugi-plaszcz-trencz-oversize-dwurzedowy-stella\/","og_site_name":"Talia Fashion","article_modified_time":"2026-03-30T11:32:25+00:00","og_image":[{"width":1500,"height":2250,"url":"https:\/\/talia-fashion.pl\/wp-content\/uploads\/2025\/07\/klasyczny-obszerny-trencz-dwurzedowy-oversize-raglanowy-rekaw.jpg","type":"image\/jpeg"}],"twitter_card":"summary_large_image","twitter_misc":{"Estimated reading time":"3 minutes"},"schema":{"@context":"https:\/\/schema.org","@graph":[{"@type":"WebPage","@id":"https:\/\/talia-fashion.pl\/produkt\/dlugi-plaszcz-trencz-oversize-dwurzedowy-stella\/","url":"https:\/\/talia-fashion.pl\/produkt\/dlugi-plaszcz-trencz-oversize-dwurzedowy-stella\/","name":"D\u0142ugi p\u0142aszcz trencz oversize dwurz\u0119dowy Stella - Talia Fashion","isPartOf":{"@id":"https:\/\/talia-fashion.pl\/#website"},"primaryImageOfPage":{"@id":"https:\/\/talia-fashion.pl\/produkt\/dlugi-plaszcz-trencz-oversize-dwurzedowy-stella\/#primaryimage"},"image":{"@id":"https:\/\/talia-fashion.pl\/produkt\/dlugi-plaszcz-trencz-oversize-dwurzedowy-stella\/#primaryimage"},"thumbnailUrl":"https:\/\/talia-fashion.pl\/wp-content\/uploads\/2025\/07\/klasyczny-obszerny-trencz-dwurzedowy-oversize-raglanowy-rekaw.jpg","datePublished":"2021-03-05T09:52:50+00:00","dateModified":"2026-03-30T11:32:25+00:00","description":"D\u0142ugi p\u0142aszcz trencz oversize dwurz\u0119dowy - to lekki, dwurz\u0119dowy prochowiec o lu\u017anym, oversizowym kroju. Odzie\u017c wierzchnia do ka\u017cdej stylizacji","breadcrumb":{"@id":"https:\/\/talia-fashion.pl\/produkt\/dlugi-plaszcz-trencz-oversize-dwurzedowy-stella\/#breadcrumb"},"inLanguage":"en-GB","potentialAction":[{"@type":"ReadAction","target":["https:\/\/talia-fashion.pl\/produkt\/dlugi-plaszcz-trencz-oversize-dwurzedowy-stella\/"]}]},{"@type":"ImageObject","inLanguage":"en-GB","@id":"https:\/\/talia-fashion.pl\/produkt\/dlugi-plaszcz-trencz-oversize-dwurzedowy-stella\/#primaryimage","url":"https:\/\/talia-fashion.pl\/wp-content\/uploads\/2025\/07\/klasyczny-obszerny-trencz-dwurzedowy-oversize-raglanowy-rekaw.jpg","contentUrl":"https:\/\/talia-fashion.pl\/wp-content\/uploads\/2025\/07\/klasyczny-obszerny-trencz-dwurzedowy-oversize-raglanowy-rekaw.jpg","width":1500,"height":2250,"caption":"Dwurz\u0119dowy trencz damski o nowoczesnym oversizowym kroju w ch\u0142odnym kremie. Cloud dancer."},{"@type":"BreadcrumbList","@id":"https:\/\/talia-fashion.pl\/produkt\/dlugi-plaszcz-trencz-oversize-dwurzedowy-stella\/#breadcrumb","itemListElement":[{"@type":"ListItem","position":1,"name":"Strona g\u0142\u00f3wna","item":"https:\/\/talia-fashion.pl\/"},{"@type":"ListItem","position":2,"name":"Sklep","item":"https:\/\/talia-fashion.pl\/sklep\/"},{"@type":"ListItem","position":3,"name":"D\u0142ugi p\u0142aszcz trencz oversize dwurz\u0119dowy Stella"}]},{"@type":"WebSite","@id":"https:\/\/talia-fashion.pl\/#website","url":"https:\/\/talia-fashion.pl\/","name":"Talia Fashion","description":"","potentialAction":[{"@type":"SearchAction","target":{"@type":"EntryPoint","urlTemplate":"https:\/\/talia-fashion.pl\/?s={search_term_string}"},"query-input":{"@type":"PropertyValueSpecification","valueRequired":true,"valueName":"search_term_string"}}],"inLanguage":"en-GB"}]}},"_links":{"self":[{"href":"https:\/\/talia-fashion.pl\/en\/wp-json\/wp\/v2\/product\/4190","targetHints":{"allow":["GET"]}}],"collection":[{"href":"https:\/\/talia-fashion.pl\/en\/wp-json\/wp\/v2\/product"}],"about":[{"href":"https:\/\/talia-fashion.pl\/en\/wp-json\/wp\/v2\/types\/product"}],"wp:featuredmedia":[{"embeddable":true,"href":"https:\/\/talia-fashion.pl\/en\/wp-json\/wp\/v2\/media\/4195"}],"wp:attachment":[{"href":"https:\/\/talia-fashion.pl\/en\/wp-json\/wp\/v2\/media?parent=4190"}],"wp:term":[{"taxonomy":"product_cat","embeddable":true,"href":"https:\/\/talia-fashion.pl\/en\/wp-json\/wp\/v2\/product_cat?post=4190"},{"taxonomy":"product_tag","embeddable":true,"href":"https:\/\/talia-fashion.pl\/en\/wp-json\/wp\/v2\/product_tag?post=4190"}],"curies":[{"name":"wp","href":"https:\/\/api.w.org\/{rel}","templated":true}]}}