{"id":4181,"date":"2021-02-26T12:05:35","date_gmt":"2021-02-26T11:05:35","guid":{"rendered":"http:\/\/talia-fashion.pl\/produkt\/oversizowy-plaszcz-zimowy-w-brazowa-jodelke-milano\/"},"modified":"2026-02-12T15:36:49","modified_gmt":"2026-02-12T14:36:49","slug":"oversizowy-plaszcz-zimowy-w-brazowa-jodelke-milano","status":"publish","type":"product","link":"https:\/\/talia-fashion.pl\/en\/product\/oversizowy-plaszcz-zimowy-w-brazowa-jodelke-milano\/","title":{"rendered":"Oversized winter coat in brown herringbone Milano"},"content":{"rendered":"<p>The Milano brown herringbone oversized winter coat is a fairly casual double-breasted coat with dropped shoulders and a loose fit that add nonchalance and stylish ease to the styling. It's the perfect coat for those who appreciate comfort but don't want to sacrifice elegance. The coat has a deliberately lowered shoulder line to create space for layering styles and to give the overall look a soft and relaxed feel. The Milano coat is gently looser and larger, especially in the upper parts. Ideal for those with a larger bust. However, if you prefer a more fitted coat - we recommend choosing a smaller size. The most important thing about this cut is that it doesn't sag too much on the hips.<\/p>\n<p>Milano's brown herringbone oversized winter coat is tied. The belt has been sewn from the same fabric and added deliberately for those of you who like to emphasise your waist. However, the belt is easily removable and the boxy cut of the coat also looks great without it. An ideal option for those who don't like belts. Two front pockets finished with decorative piping. Widened collar with a cut-out, shaping the neckline into a slender point. Raised looks very modern and protects from cold and chill. Knee-length. Back without a zipper. Fully insulated. An excellent choice for cold winter weather.<\/p>\n<p>Coat available in the following colours: herringbone mocha - not available at the moment (two threads intertwined brown and beige), herringbone beige<\/p>\n<p>Available sizes: XS, S, M, L, XL<\/p>\n<p>Indicative dimensions:<\/p>\n<p>XS - bust: 86-88 \/ hips: 94-96 \/ length: 106 \/ sleeve: 61<br \/>\nS - bust: 90-92 \/ hips: 98-100 \/ length: 106 \/ sleeve: 62<br \/>\nM - bust: 94-96 \/ hips: 102-104 \/ length: 106 \/ sleeve: 62<br \/>\nL - bust: 98-100 \/ hips: 106-108 \/ length: 107 \/ sleeve: 63<br \/>\nXL - bust: 104-106 \/ hips: 112-114 \/ length: 107<span lang=\"DE\"> \/ <\/span>sleeve: 64<\/p>\n<p>If in doubt about your size, please contact us. For tips on how to measure yourself, see the tab <a href=\"https:\/\/talia-fashion.pl\/en\/jak-dobrac-rozmiar\/\">How do you choose the right size?<\/a><\/p>\n<p>Material: mocha herringbone: 80% virgin wool, 20% polyamide<br \/>\nLining: 100% acetate<\/p>\n<p>Like viscose, acetate is produced from cellulose. Acetate yarn can also be made from recycled cellulose such as paper. The acetate lining is excellent at absorbing moisture and allowing air to pass through, making it comfortable and wearable. It is coated with an antistatic apprettee and is OEKOtex\u00ae Standard 100 certified.<\/p>\n<p>Insulation: 100% non-woven recycled polyester<br \/>\nOur coats are insulated with a compressed thermo-insulating quilted fleece on the lining. The fleece is made from recycled polyester fibres (insulating 100% recycled polyester). The material is lightweight, thin and at the same time perfectly insulating. The insulating material we use is resistant to moisture (it retains its insulating properties and warming effect even in damp conditions), stops the wind, is hypoallergenic and breathable, and is OEKOtex\u00ae Standard 100 certified.<\/p>\n<p>The material from which we sewed the Milano coat comes from deadstock materials that we managed to buy back from Italian manufacturers. It was produced for a well-known Fashion House and not collected in its entirety. And we created a unique, high-quality product from it in a very limited quantity. Looking for this type of material is part of our sustainable fashion philosophy.<\/p>\n<p>All coats are designed and sewn in our family workshop in Pozna\u0144, so there is the possibility of certain modifications being made to the <strong>Individual Customer Order<\/strong>: shortening, lengthening of the sleeve and shortening and lengthening of the coat. All personalisations and their cost are agreed individually, after prior contact.<\/p>\n<p><strong>An individual order is not subject to exchange or refund.<\/strong><\/p>\n<p>The lead time depends on the current stock in the atelier and the availability of the given fabric colour. If the given coat is sewn, the order will be realised very quickly within 2-5 working days. If it is necessary to sew the coat or individualise the order - making alterations or sewing a new coat according to the customer's specifications - the lead time may be extended, up to a maximum of 2 weeks.<\/p>\n<p>The coat should be dry-cleaned. For frequent refreshing of the coat we recommend the following <a href=\"https:\/\/talia-fashion.pl\/en\/product\/szczotka-do-czyszczenia-i-pielegnacji-plaszcza\/\">Brush for cleaning and care of the coat<\/a>which can be purchased in our shop.  We also encourage you to read our advice on proper care: <a href=\"https:\/\/talia-fashion.pl\/en\/jak-pielegnowac-i-dbac-o-plaszcz\/\">How to care for and maintain coats? <\/a><br \/>\nTaking proper care of your clothes means that you enjoy them far longer and at the same time take care of the environment by reducing waste. Care, repair and be eco.<\/p>\n<p>We ask for your patience and thank you for supporting indigenous craftsmanship.<\/p>\n<p>We encourage you to like our <a href=\"https:\/\/www.instagram.com\/talia_plaszcze\/\">Fanpage on Instagram<\/a>.<\/p>","protected":false},"excerpt":{"rendered":"<p>Oversizowy p\u0142aszcz zimowy w br\u0105zow\u0105 jode\u0142k\u0119 Milano to do\u015b\u0107 swobodny dwurz\u0119dowy p\u0142aszcz z opadaj\u0105cymi ramionami i lu\u017anym dopasowaniem, kt\u00f3re nadaj\u0105 stylizacji nonszalancji&hellip;<\/p>","protected":false},"featured_media":450,"template":"","meta":{"_acf_changed":false},"product_cat":[31,36],"product_tag":[89,180,32,33,37,34,40,41,42,67,135,44,91,68,96,47,75,84,181,48,50,86,53,63],"class_list":{"0":"post-4181","1":"product","2":"type-product","3":"status-publish","4":"has-post-thumbnail","6":"product_cat-nowosci","7":"product_cat-plaszcze-dluzsze","8":"product_tag-cieply","9":"product_tag-dlugosc-midi","10":"product_tag-dopasowany-kroj","11":"product_tag-dwurzedowy","12":"product_tag-dyplomatka","13":"product_tag-handmade","14":"product_tag-kolnierz","15":"product_tag-na-podszewce","16":"product_tag-nowosc","17":"product_tag-ocieplany","18":"product_tag-plaszcz-brazowy","19":"product_tag-plaszcz-damski-dlugi","20":"product_tag-plaszcz-damski-zimowy","21":"product_tag-plaszcz-jesienny","22":"product_tag-plaszcz-na-chlodne-dni","23":"product_tag-plaszcz-na-guziki","24":"product_tag-plaszcz-ocieplany","25":"product_tag-plaszcz-oversizowy","26":"product_tag-plaszcz-w-jodelke","27":"product_tag-plaszcz-welniany-meski","28":"product_tag-plaszcz-z-rewersem","29":"product_tag-plaszcz-zimowy-ocieplany","30":"product_tag-welna","31":"product_tag-welniany","33":"first","34":"instock","35":"shipping-taxable","36":"purchasable","37":"product-type-variable","38":"has-default-attributes"},"acf":[],"yoast_head":"<!-- This site is optimized with the Yoast SEO plugin v25.7 - https:\/\/yoast.com\/wordpress\/plugins\/seo\/ -->\n<title>Oversizowy p\u0142aszcz zimowy w br\u0105zow\u0105 jode\u0142k\u0119 Milano - Talia Fashion<\/title>\n<meta name=\"description\" content=\"Oversizowy p\u0142aszcz zimowy w br\u0105zow\u0105 jode\u0142k\u0119 to wygodny w kroju i wyrazisty w stylu we\u0142niany p\u0142aszcz. Rzemie\u015blnicza pere\u0142ka uszyta r\u0119cznie w Polsce.\" \/>\n<meta name=\"robots\" content=\"index, follow, max-snippet:-1, max-image-preview:large, max-video-preview:-1\" \/>\n<link rel=\"canonical\" href=\"https:\/\/talia-fashion.pl\/en\/product\/oversizowy-plaszcz-zimowy-w-brazowa-jodelke-milano\/\" \/>\n<meta property=\"og:locale\" content=\"en_GB\" \/>\n<meta property=\"og:type\" content=\"article\" \/>\n<meta property=\"og:title\" content=\"Oversizowy p\u0142aszcz zimowy w br\u0105zow\u0105 jode\u0142k\u0119 Milano - Talia Fashion\" \/>\n<meta property=\"og:description\" content=\"Oversizowy p\u0142aszcz zimowy w br\u0105zow\u0105 jode\u0142k\u0119 to wygodny w kroju i wyrazisty w stylu we\u0142niany p\u0142aszcz. Rzemie\u015blnicza pere\u0142ka uszyta r\u0119cznie w Polsce.\" \/>\n<meta property=\"og:url\" content=\"https:\/\/talia-fashion.pl\/en\/product\/oversizowy-plaszcz-zimowy-w-brazowa-jodelke-milano\/\" \/>\n<meta property=\"og:site_name\" content=\"Talia Fashion\" \/>\n<meta property=\"article:modified_time\" content=\"2026-02-12T14:36:49+00:00\" \/>\n<meta property=\"og:image\" content=\"https:\/\/talia-fashion.pl\/wp-content\/uploads\/2024\/10\/oversizowy-plaszcz-zimowy-brazowa-jodelka-dwurzedowy-styl-hygge-960x1280.jpg\" \/>\n\t<meta property=\"og:image:width\" content=\"960\" \/>\n\t<meta property=\"og:image:height\" content=\"1280\" \/>\n\t<meta property=\"og:image:type\" content=\"image\/jpeg\" \/>\n<meta name=\"twitter:card\" content=\"summary_large_image\" \/>\n<meta name=\"twitter:label1\" content=\"Estimated reading time\" \/>\n\t<meta name=\"twitter:data1\" content=\"4 minutes\" \/>\n<script type=\"application\/ld+json\" class=\"yoast-schema-graph\">{\"@context\":\"https:\/\/schema.org\",\"@graph\":[{\"@type\":\"WebPage\",\"@id\":\"https:\/\/talia-fashion.pl\/produkt\/oversizowy-plaszcz-zimowy-w-brazowa-jodelke-milano\/\",\"url\":\"https:\/\/talia-fashion.pl\/produkt\/oversizowy-plaszcz-zimowy-w-brazowa-jodelke-milano\/\",\"name\":\"Oversizowy p\u0142aszcz zimowy w br\u0105zow\u0105 jode\u0142k\u0119 Milano - Talia Fashion\",\"isPartOf\":{\"@id\":\"https:\/\/talia-fashion.pl\/#website\"},\"primaryImageOfPage\":{\"@id\":\"https:\/\/talia-fashion.pl\/produkt\/oversizowy-plaszcz-zimowy-w-brazowa-jodelke-milano\/#primaryimage\"},\"image\":{\"@id\":\"https:\/\/talia-fashion.pl\/produkt\/oversizowy-plaszcz-zimowy-w-brazowa-jodelke-milano\/#primaryimage\"},\"thumbnailUrl\":\"https:\/\/talia-fashion.pl\/wp-content\/uploads\/2024\/10\/oversizowy-plaszcz-zimowy-brazowa-jodelka-dwurzedowy-styl-hygge.jpg\",\"datePublished\":\"2021-02-26T11:05:35+00:00\",\"dateModified\":\"2026-02-12T14:36:49+00:00\",\"description\":\"Oversizowy p\u0142aszcz zimowy w br\u0105zow\u0105 jode\u0142k\u0119 to wygodny w kroju i wyrazisty w stylu we\u0142niany p\u0142aszcz. Rzemie\u015blnicza pere\u0142ka uszyta r\u0119cznie w Polsce.\",\"breadcrumb\":{\"@id\":\"https:\/\/talia-fashion.pl\/produkt\/oversizowy-plaszcz-zimowy-w-brazowa-jodelke-milano\/#breadcrumb\"},\"inLanguage\":\"en-GB\",\"potentialAction\":[{\"@type\":\"ReadAction\",\"target\":[\"https:\/\/talia-fashion.pl\/produkt\/oversizowy-plaszcz-zimowy-w-brazowa-jodelke-milano\/\"]}]},{\"@type\":\"ImageObject\",\"inLanguage\":\"en-GB\",\"@id\":\"https:\/\/talia-fashion.pl\/produkt\/oversizowy-plaszcz-zimowy-w-brazowa-jodelke-milano\/#primaryimage\",\"url\":\"https:\/\/talia-fashion.pl\/wp-content\/uploads\/2024\/10\/oversizowy-plaszcz-zimowy-brazowa-jodelka-dwurzedowy-styl-hygge.jpg\",\"contentUrl\":\"https:\/\/talia-fashion.pl\/wp-content\/uploads\/2024\/10\/oversizowy-plaszcz-zimowy-brazowa-jodelka-dwurzedowy-styl-hygge.jpg\",\"width\":1500,\"height\":2000,\"caption\":\"Oversizowy p\u0142aszcz zimowy w br\u0105zow\u0105 jode\u0142k\u0119, zaprojektowany, by pomie\u015bci\u0107 wielowarstwowe stylizacje. R\u0119cznie uk\u0142adany materia\u0142, by ka\u017cdy element wzoru jode\u0142ki do siebie pasowa\u0142. Ocieplany, wygodny, utrzymany w modnym stylu hygge. Stawiamy na szyk i komfort.\"},{\"@type\":\"BreadcrumbList\",\"@id\":\"https:\/\/talia-fashion.pl\/produkt\/oversizowy-plaszcz-zimowy-w-brazowa-jodelke-milano\/#breadcrumb\",\"itemListElement\":[{\"@type\":\"ListItem\",\"position\":1,\"name\":\"Strona g\u0142\u00f3wna\",\"item\":\"https:\/\/talia-fashion.pl\/\"},{\"@type\":\"ListItem\",\"position\":2,\"name\":\"Sklep\",\"item\":\"https:\/\/talia-fashion.pl\/sklep\/\"},{\"@type\":\"ListItem\",\"position\":3,\"name\":\"Oversizowy p\u0142aszcz zimowy w br\u0105zow\u0105 jode\u0142k\u0119 Milano\"}]},{\"@type\":\"WebSite\",\"@id\":\"https:\/\/talia-fashion.pl\/#website\",\"url\":\"https:\/\/talia-fashion.pl\/\",\"name\":\"Talia Fashion\",\"description\":\"\",\"potentialAction\":[{\"@type\":\"SearchAction\",\"target\":{\"@type\":\"EntryPoint\",\"urlTemplate\":\"https:\/\/talia-fashion.pl\/?s={search_term_string}\"},\"query-input\":{\"@type\":\"PropertyValueSpecification\",\"valueRequired\":true,\"valueName\":\"search_term_string\"}}],\"inLanguage\":\"en-GB\"}]}<\/script>\n<!-- \/ Yoast SEO plugin. -->","yoast_head_json":{"title":"Oversizowy p\u0142aszcz zimowy w br\u0105zow\u0105 jode\u0142k\u0119 Milano - Talia Fashion","description":"Oversizowy p\u0142aszcz zimowy w br\u0105zow\u0105 jode\u0142k\u0119 to wygodny w kroju i wyrazisty w stylu we\u0142niany p\u0142aszcz. Rzemie\u015blnicza pere\u0142ka uszyta r\u0119cznie w Polsce.","robots":{"index":"index","follow":"follow","max-snippet":"max-snippet:-1","max-image-preview":"max-image-preview:large","max-video-preview":"max-video-preview:-1"},"canonical":"https:\/\/talia-fashion.pl\/en\/product\/oversizowy-plaszcz-zimowy-w-brazowa-jodelke-milano\/","og_locale":"en_GB","og_type":"article","og_title":"Oversizowy p\u0142aszcz zimowy w br\u0105zow\u0105 jode\u0142k\u0119 Milano - Talia Fashion","og_description":"Oversizowy p\u0142aszcz zimowy w br\u0105zow\u0105 jode\u0142k\u0119 to wygodny w kroju i wyrazisty w stylu we\u0142niany p\u0142aszcz. Rzemie\u015blnicza pere\u0142ka uszyta r\u0119cznie w Polsce.","og_url":"https:\/\/talia-fashion.pl\/en\/product\/oversizowy-plaszcz-zimowy-w-brazowa-jodelke-milano\/","og_site_name":"Talia Fashion","article_modified_time":"2026-02-12T14:36:49+00:00","og_image":[{"width":960,"height":1280,"url":"https:\/\/talia-fashion.pl\/wp-content\/uploads\/2024\/10\/oversizowy-plaszcz-zimowy-brazowa-jodelka-dwurzedowy-styl-hygge-960x1280.jpg","type":"image\/jpeg"}],"twitter_card":"summary_large_image","twitter_misc":{"Estimated reading time":"4 minutes"},"schema":{"@context":"https:\/\/schema.org","@graph":[{"@type":"WebPage","@id":"https:\/\/talia-fashion.pl\/produkt\/oversizowy-plaszcz-zimowy-w-brazowa-jodelke-milano\/","url":"https:\/\/talia-fashion.pl\/produkt\/oversizowy-plaszcz-zimowy-w-brazowa-jodelke-milano\/","name":"Oversizowy p\u0142aszcz zimowy w br\u0105zow\u0105 jode\u0142k\u0119 Milano - Talia Fashion","isPartOf":{"@id":"https:\/\/talia-fashion.pl\/#website"},"primaryImageOfPage":{"@id":"https:\/\/talia-fashion.pl\/produkt\/oversizowy-plaszcz-zimowy-w-brazowa-jodelke-milano\/#primaryimage"},"image":{"@id":"https:\/\/talia-fashion.pl\/produkt\/oversizowy-plaszcz-zimowy-w-brazowa-jodelke-milano\/#primaryimage"},"thumbnailUrl":"https:\/\/talia-fashion.pl\/wp-content\/uploads\/2024\/10\/oversizowy-plaszcz-zimowy-brazowa-jodelka-dwurzedowy-styl-hygge.jpg","datePublished":"2021-02-26T11:05:35+00:00","dateModified":"2026-02-12T14:36:49+00:00","description":"Oversizowy p\u0142aszcz zimowy w br\u0105zow\u0105 jode\u0142k\u0119 to wygodny w kroju i wyrazisty w stylu we\u0142niany p\u0142aszcz. Rzemie\u015blnicza pere\u0142ka uszyta r\u0119cznie w Polsce.","breadcrumb":{"@id":"https:\/\/talia-fashion.pl\/produkt\/oversizowy-plaszcz-zimowy-w-brazowa-jodelke-milano\/#breadcrumb"},"inLanguage":"en-GB","potentialAction":[{"@type":"ReadAction","target":["https:\/\/talia-fashion.pl\/produkt\/oversizowy-plaszcz-zimowy-w-brazowa-jodelke-milano\/"]}]},{"@type":"ImageObject","inLanguage":"en-GB","@id":"https:\/\/talia-fashion.pl\/produkt\/oversizowy-plaszcz-zimowy-w-brazowa-jodelke-milano\/#primaryimage","url":"https:\/\/talia-fashion.pl\/wp-content\/uploads\/2024\/10\/oversizowy-plaszcz-zimowy-brazowa-jodelka-dwurzedowy-styl-hygge.jpg","contentUrl":"https:\/\/talia-fashion.pl\/wp-content\/uploads\/2024\/10\/oversizowy-plaszcz-zimowy-brazowa-jodelka-dwurzedowy-styl-hygge.jpg","width":1500,"height":2000,"caption":"Oversizowy p\u0142aszcz zimowy w br\u0105zow\u0105 jode\u0142k\u0119, zaprojektowany, by pomie\u015bci\u0107 wielowarstwowe stylizacje. R\u0119cznie uk\u0142adany materia\u0142, by ka\u017cdy element wzoru jode\u0142ki do siebie pasowa\u0142. Ocieplany, wygodny, utrzymany w modnym stylu hygge. Stawiamy na szyk i komfort."},{"@type":"BreadcrumbList","@id":"https:\/\/talia-fashion.pl\/produkt\/oversizowy-plaszcz-zimowy-w-brazowa-jodelke-milano\/#breadcrumb","itemListElement":[{"@type":"ListItem","position":1,"name":"Strona g\u0142\u00f3wna","item":"https:\/\/talia-fashion.pl\/"},{"@type":"ListItem","position":2,"name":"Sklep","item":"https:\/\/talia-fashion.pl\/sklep\/"},{"@type":"ListItem","position":3,"name":"Oversizowy p\u0142aszcz zimowy w br\u0105zow\u0105 jode\u0142k\u0119 Milano"}]},{"@type":"WebSite","@id":"https:\/\/talia-fashion.pl\/#website","url":"https:\/\/talia-fashion.pl\/","name":"Talia Fashion","description":"","potentialAction":[{"@type":"SearchAction","target":{"@type":"EntryPoint","urlTemplate":"https:\/\/talia-fashion.pl\/?s={search_term_string}"},"query-input":{"@type":"PropertyValueSpecification","valueRequired":true,"valueName":"search_term_string"}}],"inLanguage":"en-GB"}]}},"_links":{"self":[{"href":"https:\/\/talia-fashion.pl\/en\/wp-json\/wp\/v2\/product\/4181","targetHints":{"allow":["GET"]}}],"collection":[{"href":"https:\/\/talia-fashion.pl\/en\/wp-json\/wp\/v2\/product"}],"about":[{"href":"https:\/\/talia-fashion.pl\/en\/wp-json\/wp\/v2\/types\/product"}],"wp:featuredmedia":[{"embeddable":true,"href":"https:\/\/talia-fashion.pl\/en\/wp-json\/wp\/v2\/media\/450"}],"wp:attachment":[{"href":"https:\/\/talia-fashion.pl\/en\/wp-json\/wp\/v2\/media?parent=4181"}],"wp:term":[{"taxonomy":"product_cat","embeddable":true,"href":"https:\/\/talia-fashion.pl\/en\/wp-json\/wp\/v2\/product_cat?post=4181"},{"taxonomy":"product_tag","embeddable":true,"href":"https:\/\/talia-fashion.pl\/en\/wp-json\/wp\/v2\/product_tag?post=4181"}],"curies":[{"name":"wp","href":"https:\/\/api.w.org\/{rel}","templated":true}]}}