{"id":4171,"date":"2020-09-21T13:49:09","date_gmt":"2020-09-21T11:49:09","guid":{"rendered":"http:\/\/talia-fashion.pl\/produkt\/bezowy-welniany-plaszcz-ocieplany-ola\/"},"modified":"2026-02-24T14:29:38","modified_gmt":"2026-02-24T13:29:38","slug":"grafitowy-welniany-plaszcz-ocieplany-ola","status":"publish","type":"product","link":"https:\/\/talia-fashion.pl\/en\/product\/grafitowy-welniany-plaszcz-ocieplany-ola\/","title":{"rendered":"Graphite woollen insulated coat Ola"},"content":{"rendered":"<p><span lang=\"DE\">The new season marks the return of winter outerwear. The graphite woollen Ola insulated coat is the latest instalment of our classic coat in a very minimalist Scandinavian style. Made from a soft fabric in a very good quality blend with a predominance of wool. The single-breasted fastening (fastened with one button, the second button serves as a decoration), the perfectly tailored collar and the knee-length give the whole thing a timeless character. The coat has a fitted back and shaped front, which makes it very comfortable and, although fitted, does not hug the figure. Tied. A belt made of the same fabric further emphasises the waist. Two side pockets with decorative trim. No opening. Fully lined. Additionally insulated (also in sleeves). We have given the dressing gown a luxurious character by lining its front with very fine glueboard, which stabilises the fibres and emphasises the properties of the fabric.<br \/>\n<\/span><\/p>\n<p><span lang=\"DE\">It is our stylish and functional proposal for autumn and winter days, which allows you to combine it with elegant and casual elements of your wardrobe. Base colours such as beige, graphite, navy blue or black will make the Ola coat the basis of any styling. A must-have item in a capsule wardrobe.<br \/>\n<\/span><\/p>\n<p><span lang=\"DE\">Actual photo - graphite<\/span><\/p>\n<p>Available colours<span lang=\"DE\">: black (L only), graphite (M only), navy blue (XS, L, XL only)<\/span><\/p>\n<p><span lang=\"DE\">Other colours are shown on other coat models and in the <a href=\"https:\/\/talia-fashion.pl\/en\/paleta-kolorow\/\">Colour palette<\/a>. If in doubt, we will be happy to help.\u00a0<\/span><\/p>\n<p><span lang=\"DE\">Available sizes: XS, S, M, L, XL<\/span><\/p>\n<p>The model is 172cm and a size XS.<\/p>\n<p><span lang=\"DE\">Indicative dimensions:<\/span><\/p>\n<p><span lang=\"DE\">XS - bust: 86-88 \/ hips 94-96 \/ length: 97 \/ shoulder width 34.5-35 \/ sleeve 61<br \/>\nS - bust: 90-92 \/ hips: 98-100 \/ length: 98 \/ shoulder width 35.5-36 \/ sleeve: 62<br \/>\nM - bust: 94-96 \/ hips: 102-104 \/ length: 98 \/ shoulder width 37-37.5 \/ sleeve: 62<br \/>\nL - bust: 98-100 \/ hips: 106-108 \/ length: 98 \/ shoulder width 39.5-40 \/ sleeve: 63<br \/>\nXL - bust: 104-106 \/ hips: 112-114 \/ length: 98 \/ shoulder width 42-42.5 \/ sleeve: 64<\/span><\/p>\n<p>We encourage you to read our advice on choosing the right size (\u00a0<a href=\"https:\/\/talia-fashion.pl\/en\/jak-dobrac-rozmiar\/\">How to choose a size?<\/a>\u00a0) and the cut of the coat (\u00a0<a href=\"https:\/\/talia-fashion.pl\/en\/jak-dobrac-plaszcz-do-sylwetki\/\">How do you choose a coat to suit your figure?<\/a>\u00a0).  If in doubt, please contact us.<\/p>\n<p><span lang=\"DE\">Material: 8<\/span><span lang=\"DE\">0% wool, 20% polyamide<br \/>\n<\/span><\/p>\n<p>Lining: 100% acetate<\/p>\n<p>Like viscose, acetate is produced from cellulose. Acetate yarn can also be made from recycled cellulose such as paper. The acetate lining is excellent at absorbing moisture and allowing air to pass through. It is coated with an antistatic apprettee and is OEKOtex\u00ae Standard 100 certified.<\/p>\n<p>Insulation: 100% non-woven recycled polyester<br \/>\nOur coats are insulated with a compressed thermo-insulating quilted fleece on the lining. The fleece is made from recycled polyester fibres. The material is lightweight, thin and at the same time perfectly insulating. The insulating fleece we use is resistant to moisture (it retains its insulating properties and warming effect even in damp conditions), stops the wind, is hypoallergenic and breathable. It is OEKOtex\u00ae Standard 100 certified.<\/p>\n<p><span lang=\"DE\">We designed and sewed the Ola graphite woollen insulated coat in our workshop, using traditional, labour-intensive methods and lots of heart put in, yet in an environmentally friendly way.\u00a0<\/span><\/p>\n<p><strong>Individual order - <\/strong>Some modifications can be made at the client's request: shortening, lengthening of the sleeve, shortening and lengthening of the coat. Cost to be determined individually, after prior contact.<\/p>\n<p><strong>An individual order is not subject to exchange or refund.<\/strong><\/p>\n<p><span lang=\"DE\">Graphite woollen insulated coat Ola<\/span> should be dry-cleaned. For regular refreshing of the coat we recommend the following <a href=\"https:\/\/talia-fashion.pl\/en\/product\/szczotka-do-czyszczenia-i-pielegnacji-plaszcza\/\">Brush for cleaning and care<\/a>, which can be purchased in our shop. How to simply look after your coat and enjoy it for years to come is explained in our short guide: <a href=\"https:\/\/talia-fashion.pl\/en\/jak-pielegnowac-i-dbac-o-plaszcz\/\">How to nurture and care for the coat?<\/a> Proper care of garments not only prolongs their lifespan but also contributes to environmental protection.<\/p>\n<p><span lang=\"DE\">The lead time depends on the current stock in the atelier and the availability of the fabric colour. If the given coat is available in the atelier, the order will be realised very quickly - 2-5 working days. If it is necessary to sew the coat or individualise the order - making alterations or sewing a new coat according to the customer's specifications - the lead time may be extended, up to a maximum of 2 weeks.<\/span><\/p>\n<p>We ask for your patience. We avoid overproduction and do not sew for stock, so we have to sew this coat for you. And although we try to process orders quickly, sewing a coat takes time.  Thank you for supporting Polish craftsmanship.<\/p>\n<p>We encourage you to like our <a href=\"https:\/\/www.instagram.com\/talia_plaszcze\/\">Fanpage on Instagram<\/a>.<\/p>","protected":false},"excerpt":{"rendered":"<p>Nowy sezon oznacza powr\u00f3t zimowych okry\u0107 wierzchnich. Grafitowy we\u0142niany p\u0142aszcz ocieplany Ola to najnowsza ods\u0142ona naszego\u00a0 klasycznego p\u0142aszcza w bardzo minimalistycznym, skandynawskim&hellip;<\/p>","protected":false},"featured_media":4086,"template":"","meta":{"_acf_changed":false},"product_cat":[104,29],"product_tag":[163,89,78,32,176,34,39,41,42,67,154,43,68,96,75,85,50,86,69,177,97,53,88],"class_list":{"0":"post-4171","1":"product","2":"type-product","3":"status-publish","4":"has-post-thumbnail","6":"product_cat-ostatnie-sztuki","7":"product_cat-sale-plaszcz-damski-w-promocji","8":"product_tag-bezowy-plaszcz","9":"product_tag-cieply","10":"product_tag-dla-roznych-sylwetek","11":"product_tag-dopasowany-kroj","12":"product_tag-flausz","13":"product_tag-handmade","14":"product_tag-klasyczny","15":"product_tag-na-podszewce","16":"product_tag-nowosc","17":"product_tag-ocieplany","18":"product_tag-pepitka","19":"product_tag-plaszcz-damski","20":"product_tag-plaszcz-jesienny","21":"product_tag-plaszcz-na-chlodne-dni","22":"product_tag-plaszcz-ocieplany","23":"product_tag-plaszcz-welniany","24":"product_tag-plaszcz-z-rewersem","25":"product_tag-plaszcz-zimowy-ocieplany","26":"product_tag-prochowiec","27":"product_tag-szlafrokowy-kroj","28":"product_tag-trencz","29":"product_tag-welna","30":"product_tag-wiazany","32":"first","33":"instock","34":"sale","35":"shipping-taxable","36":"purchasable","37":"product-type-variable","38":"has-default-attributes"},"acf":[],"yoast_head":"<!-- This site is optimized with the Yoast SEO plugin v25.7 - https:\/\/yoast.com\/wordpress\/plugins\/seo\/ -->\n<title>Grafitowy we\u0142niany p\u0142aszcz ocieplany Ola - Talia Fashion - p\u0142aszcz damski<\/title>\n<meta name=\"description\" content=\"Grafitowy we\u0142niany p\u0142aszcz ocieplany wi\u0105zany w pasie, z ko\u0142nierzem typu rewers. Polecamy wysokiej jako\u015bci p\u0142aszcz projektowany i r\u0119cznie szyty w Polsce.\" \/>\n<meta name=\"robots\" content=\"index, follow, max-snippet:-1, max-image-preview:large, max-video-preview:-1\" \/>\n<link rel=\"canonical\" href=\"https:\/\/talia-fashion.pl\/en\/product\/grafitowy-welniany-plaszcz-ocieplany-ola\/\" \/>\n<meta property=\"og:locale\" content=\"en_GB\" \/>\n<meta property=\"og:type\" content=\"article\" \/>\n<meta property=\"og:title\" content=\"Grafitowy we\u0142niany p\u0142aszcz ocieplany Ola - Talia Fashion - p\u0142aszcz damski\" \/>\n<meta property=\"og:description\" content=\"Grafitowy we\u0142niany p\u0142aszcz ocieplany wi\u0105zany w pasie, z ko\u0142nierzem typu rewers. Polecamy wysokiej jako\u015bci p\u0142aszcz projektowany i r\u0119cznie szyty w Polsce.\" \/>\n<meta property=\"og:url\" content=\"https:\/\/talia-fashion.pl\/en\/product\/grafitowy-welniany-plaszcz-ocieplany-ola\/\" \/>\n<meta property=\"og:site_name\" content=\"Talia Fashion\" \/>\n<meta property=\"article:modified_time\" content=\"2026-02-24T13:29:38+00:00\" \/>\n<meta property=\"og:image\" content=\"https:\/\/talia-fashion.pl\/wp-content\/uploads\/2025\/07\/welniany-zimowy-plaszcz-damski-ocieplany-wiazany-grafitowy.jpg\" \/>\n\t<meta property=\"og:image:width\" content=\"1500\" \/>\n\t<meta property=\"og:image:height\" content=\"2250\" \/>\n\t<meta property=\"og:image:type\" content=\"image\/jpeg\" \/>\n<meta name=\"twitter:card\" content=\"summary_large_image\" \/>\n<meta name=\"twitter:label1\" content=\"Estimated reading time\" \/>\n\t<meta name=\"twitter:data1\" content=\"4 minutes\" \/>\n<script type=\"application\/ld+json\" class=\"yoast-schema-graph\">{\"@context\":\"https:\/\/schema.org\",\"@graph\":[{\"@type\":\"WebPage\",\"@id\":\"https:\/\/talia-fashion.pl\/produkt\/grafitowy-welniany-plaszcz-ocieplany-ola\/\",\"url\":\"https:\/\/talia-fashion.pl\/produkt\/grafitowy-welniany-plaszcz-ocieplany-ola\/\",\"name\":\"Grafitowy we\u0142niany p\u0142aszcz ocieplany Ola - Talia Fashion - p\u0142aszcz damski\",\"isPartOf\":{\"@id\":\"https:\/\/talia-fashion.pl\/#website\"},\"primaryImageOfPage\":{\"@id\":\"https:\/\/talia-fashion.pl\/produkt\/grafitowy-welniany-plaszcz-ocieplany-ola\/#primaryimage\"},\"image\":{\"@id\":\"https:\/\/talia-fashion.pl\/produkt\/grafitowy-welniany-plaszcz-ocieplany-ola\/#primaryimage\"},\"thumbnailUrl\":\"https:\/\/talia-fashion.pl\/wp-content\/uploads\/2025\/07\/welniany-zimowy-plaszcz-damski-ocieplany-wiazany-grafitowy.jpg\",\"datePublished\":\"2020-09-21T11:49:09+00:00\",\"dateModified\":\"2026-02-24T13:29:38+00:00\",\"description\":\"Grafitowy we\u0142niany p\u0142aszcz ocieplany wi\u0105zany w pasie, z ko\u0142nierzem typu rewers. Polecamy wysokiej jako\u015bci p\u0142aszcz projektowany i r\u0119cznie szyty w Polsce.\",\"breadcrumb\":{\"@id\":\"https:\/\/talia-fashion.pl\/produkt\/grafitowy-welniany-plaszcz-ocieplany-ola\/#breadcrumb\"},\"inLanguage\":\"en-GB\",\"potentialAction\":[{\"@type\":\"ReadAction\",\"target\":[\"https:\/\/talia-fashion.pl\/produkt\/grafitowy-welniany-plaszcz-ocieplany-ola\/\"]}]},{\"@type\":\"ImageObject\",\"inLanguage\":\"en-GB\",\"@id\":\"https:\/\/talia-fashion.pl\/produkt\/grafitowy-welniany-plaszcz-ocieplany-ola\/#primaryimage\",\"url\":\"https:\/\/talia-fashion.pl\/wp-content\/uploads\/2025\/07\/welniany-zimowy-plaszcz-damski-ocieplany-wiazany-grafitowy.jpg\",\"contentUrl\":\"https:\/\/talia-fashion.pl\/wp-content\/uploads\/2025\/07\/welniany-zimowy-plaszcz-damski-ocieplany-wiazany-grafitowy.jpg\",\"width\":1500,\"height\":2250},{\"@type\":\"BreadcrumbList\",\"@id\":\"https:\/\/talia-fashion.pl\/produkt\/grafitowy-welniany-plaszcz-ocieplany-ola\/#breadcrumb\",\"itemListElement\":[{\"@type\":\"ListItem\",\"position\":1,\"name\":\"Strona g\u0142\u00f3wna\",\"item\":\"https:\/\/talia-fashion.pl\/\"},{\"@type\":\"ListItem\",\"position\":2,\"name\":\"Sklep\",\"item\":\"https:\/\/talia-fashion.pl\/sklep\/\"},{\"@type\":\"ListItem\",\"position\":3,\"name\":\"Grafitowy we\u0142niany p\u0142aszcz ocieplany Ola\"}]},{\"@type\":\"WebSite\",\"@id\":\"https:\/\/talia-fashion.pl\/#website\",\"url\":\"https:\/\/talia-fashion.pl\/\",\"name\":\"Talia Fashion\",\"description\":\"\",\"potentialAction\":[{\"@type\":\"SearchAction\",\"target\":{\"@type\":\"EntryPoint\",\"urlTemplate\":\"https:\/\/talia-fashion.pl\/?s={search_term_string}\"},\"query-input\":{\"@type\":\"PropertyValueSpecification\",\"valueRequired\":true,\"valueName\":\"search_term_string\"}}],\"inLanguage\":\"en-GB\"}]}<\/script>\n<!-- \/ Yoast SEO plugin. -->","yoast_head_json":{"title":"Grafitowy we\u0142niany p\u0142aszcz ocieplany Ola - Talia Fashion - p\u0142aszcz damski","description":"Grafitowy we\u0142niany p\u0142aszcz ocieplany wi\u0105zany w pasie, z ko\u0142nierzem typu rewers. Polecamy wysokiej jako\u015bci p\u0142aszcz projektowany i r\u0119cznie szyty w Polsce.","robots":{"index":"index","follow":"follow","max-snippet":"max-snippet:-1","max-image-preview":"max-image-preview:large","max-video-preview":"max-video-preview:-1"},"canonical":"https:\/\/talia-fashion.pl\/en\/product\/grafitowy-welniany-plaszcz-ocieplany-ola\/","og_locale":"en_GB","og_type":"article","og_title":"Grafitowy we\u0142niany p\u0142aszcz ocieplany Ola - Talia Fashion - p\u0142aszcz damski","og_description":"Grafitowy we\u0142niany p\u0142aszcz ocieplany wi\u0105zany w pasie, z ko\u0142nierzem typu rewers. Polecamy wysokiej jako\u015bci p\u0142aszcz projektowany i r\u0119cznie szyty w Polsce.","og_url":"https:\/\/talia-fashion.pl\/en\/product\/grafitowy-welniany-plaszcz-ocieplany-ola\/","og_site_name":"Talia Fashion","article_modified_time":"2026-02-24T13:29:38+00:00","og_image":[{"width":1500,"height":2250,"url":"https:\/\/talia-fashion.pl\/wp-content\/uploads\/2025\/07\/welniany-zimowy-plaszcz-damski-ocieplany-wiazany-grafitowy.jpg","type":"image\/jpeg"}],"twitter_card":"summary_large_image","twitter_misc":{"Estimated reading time":"4 minutes"},"schema":{"@context":"https:\/\/schema.org","@graph":[{"@type":"WebPage","@id":"https:\/\/talia-fashion.pl\/produkt\/grafitowy-welniany-plaszcz-ocieplany-ola\/","url":"https:\/\/talia-fashion.pl\/produkt\/grafitowy-welniany-plaszcz-ocieplany-ola\/","name":"Grafitowy we\u0142niany p\u0142aszcz ocieplany Ola - Talia Fashion - p\u0142aszcz damski","isPartOf":{"@id":"https:\/\/talia-fashion.pl\/#website"},"primaryImageOfPage":{"@id":"https:\/\/talia-fashion.pl\/produkt\/grafitowy-welniany-plaszcz-ocieplany-ola\/#primaryimage"},"image":{"@id":"https:\/\/talia-fashion.pl\/produkt\/grafitowy-welniany-plaszcz-ocieplany-ola\/#primaryimage"},"thumbnailUrl":"https:\/\/talia-fashion.pl\/wp-content\/uploads\/2025\/07\/welniany-zimowy-plaszcz-damski-ocieplany-wiazany-grafitowy.jpg","datePublished":"2020-09-21T11:49:09+00:00","dateModified":"2026-02-24T13:29:38+00:00","description":"Grafitowy we\u0142niany p\u0142aszcz ocieplany wi\u0105zany w pasie, z ko\u0142nierzem typu rewers. Polecamy wysokiej jako\u015bci p\u0142aszcz projektowany i r\u0119cznie szyty w Polsce.","breadcrumb":{"@id":"https:\/\/talia-fashion.pl\/produkt\/grafitowy-welniany-plaszcz-ocieplany-ola\/#breadcrumb"},"inLanguage":"en-GB","potentialAction":[{"@type":"ReadAction","target":["https:\/\/talia-fashion.pl\/produkt\/grafitowy-welniany-plaszcz-ocieplany-ola\/"]}]},{"@type":"ImageObject","inLanguage":"en-GB","@id":"https:\/\/talia-fashion.pl\/produkt\/grafitowy-welniany-plaszcz-ocieplany-ola\/#primaryimage","url":"https:\/\/talia-fashion.pl\/wp-content\/uploads\/2025\/07\/welniany-zimowy-plaszcz-damski-ocieplany-wiazany-grafitowy.jpg","contentUrl":"https:\/\/talia-fashion.pl\/wp-content\/uploads\/2025\/07\/welniany-zimowy-plaszcz-damski-ocieplany-wiazany-grafitowy.jpg","width":1500,"height":2250},{"@type":"BreadcrumbList","@id":"https:\/\/talia-fashion.pl\/produkt\/grafitowy-welniany-plaszcz-ocieplany-ola\/#breadcrumb","itemListElement":[{"@type":"ListItem","position":1,"name":"Strona g\u0142\u00f3wna","item":"https:\/\/talia-fashion.pl\/"},{"@type":"ListItem","position":2,"name":"Sklep","item":"https:\/\/talia-fashion.pl\/sklep\/"},{"@type":"ListItem","position":3,"name":"Grafitowy we\u0142niany p\u0142aszcz ocieplany Ola"}]},{"@type":"WebSite","@id":"https:\/\/talia-fashion.pl\/#website","url":"https:\/\/talia-fashion.pl\/","name":"Talia Fashion","description":"","potentialAction":[{"@type":"SearchAction","target":{"@type":"EntryPoint","urlTemplate":"https:\/\/talia-fashion.pl\/?s={search_term_string}"},"query-input":{"@type":"PropertyValueSpecification","valueRequired":true,"valueName":"search_term_string"}}],"inLanguage":"en-GB"}]}},"_links":{"self":[{"href":"https:\/\/talia-fashion.pl\/en\/wp-json\/wp\/v2\/product\/4171","targetHints":{"allow":["GET"]}}],"collection":[{"href":"https:\/\/talia-fashion.pl\/en\/wp-json\/wp\/v2\/product"}],"about":[{"href":"https:\/\/talia-fashion.pl\/en\/wp-json\/wp\/v2\/types\/product"}],"wp:featuredmedia":[{"embeddable":true,"href":"https:\/\/talia-fashion.pl\/en\/wp-json\/wp\/v2\/media\/4086"}],"wp:attachment":[{"href":"https:\/\/talia-fashion.pl\/en\/wp-json\/wp\/v2\/media?parent=4171"}],"wp:term":[{"taxonomy":"product_cat","embeddable":true,"href":"https:\/\/talia-fashion.pl\/en\/wp-json\/wp\/v2\/product_cat?post=4171"},{"taxonomy":"product_tag","embeddable":true,"href":"https:\/\/talia-fashion.pl\/en\/wp-json\/wp\/v2\/product_tag?post=4171"}],"curies":[{"name":"wp","href":"https:\/\/api.w.org\/{rel}","templated":true}]}}