{"id":4163,"date":"2020-09-09T16:11:15","date_gmt":"2020-09-09T14:11:15","guid":{"rendered":"http:\/\/talia-fashion.pl\/produkt\/plaszcz-alpaka-z-kapturem-camila\/"},"modified":"2026-03-18T07:22:41","modified_gmt":"2026-03-18T06:22:41","slug":"plaszcz-alpaka-z-kapturem-camila","status":"publish","type":"product","link":"https:\/\/talia-fashion.pl\/en\/product\/plaszcz-alpaka-z-kapturem-camila\/","title":{"rendered":"Camila hooded alpaca coat"},"content":{"rendered":"<p>P\u0142aszcz alpaka z kapturem jest to p\u0142aszcz zimowy z du\u017cym kapturem, zapinany na trzy guziki. Ostatni dodatkowy guzik sprawia, \u017ce tworzy si\u0119 delikatna st\u00f3jka otulaj\u0105ca szyj\u0119.\u00a0 Idealny i ponadczasowy, o uniwersalnej formie. P\u0142aszcz jest dopasowany i ma ciekawe, asymetryczne ci\u0119cie na przodzie, dodaj\u0105ce lekko\u015bci. Dodatkowo, tali\u0119 w \u0142atwy spos\u00f3b mo\u017cna podkre\u015bli\u0107 paskiem. P\u0142aszcz jest ciep\u0142y i mi\u0119kki. Ma podszewk\u0119 i jest ocieplany.\u00a0 Wygodny i stylowy jednocze\u015bnie, b\u0119dzie sprawdza\u0142 si\u0119 doskonale w ka\u017cdej sytuacji. Jest to ponadczasowy model, kt\u00f3ry opiera si\u0119 zmieniaj\u0105cym trendom.<\/p>\n<p>Actual photo - cognac<\/p>\n<p>Dost\u0119pne kolory: koniak, taupe, czarny, czerwony<\/p>\n<p>Materia\u0142: 60% we\u0142na, 22% poliester, 10% wiskoza, 8% alpaka<\/p>\n<p>Lining: 100% acetate<\/p>\n<p>Like viscose, acetate is produced from cellulose. Acetate yarn can also be made from recycled cellulose such as paper. The acetate lining is excellent at absorbing moisture and allowing air to pass through. It is coated with an antistatic apprettee and is OEKOtex\u00ae Standard 100 certified.<br \/>\nInsulation: 100% non-woven recycled polyester<br \/>\nOur coats are insulated with a compressed thermo-insulating quilted fleece on the lining. The fleece is made from recycled polyester fibres. The material is lightweight, thin and at the same time perfectly insulating. The insulating fleece we use is resistant to moisture (it retains its insulating properties and warming effect even in damp conditions), stops the wind, is hypoallergenic and breathable. It is OEKOtex\u00ae Standard 100 certified.<\/p>\n<p>Available sizes: XS, S, M, L, XL<\/p>\n<p>Indicative dimensions:<\/p>\n<p>XS &#8211; biust: 86-88 \/ biodra: 94-96 \/ d\u0142ugo\u015b\u0107: 96 \/ r\u0119kaw: 61<br \/>\nS &#8211; biust: 90-92 \/ biodra: 98-100 \/ d\u0142ugo\u015b\u0107: 97 \/ r\u0119kaw: 61,5<br \/>\nM &#8211; biust: 94-96 \/ biodra: 102-104 \/ d\u0142ugo\u015b\u0107: 97 \/ r\u0119kaw: 62<br \/>\nL - bust: 98-100 \/ hips: 106-108 \/ length: 98 \/ sleeve: 63<br \/>\nXL &#8211; biust: 104-106 \/ biodra: 112-114 \/ d\u0142ugo\u015b\u0107: 99 \/ r\u0119kaw: 64<\/p>\n<p>P\u0142aszcz ma do\u015b\u0107 du\u017cy zak\u0142ad, dzi\u0119ki czemu zawsze mo\u017cna przesun\u0105\u0107 guziki, aby zyska\u0107 dodatkowe centymetry, b\u0105d\u017a go odpowiednio zmniejszy\u0107, bez wp\u0142ywu na fason p\u0142aszcza. W razie w\u0105tpliwo\u015bci, prosimy o kontakt.<\/p>\n<p>P\u0142aszcz alpaka z kapturem zaprojektowali\u015bmy i uszyli\u015bmy w naszej pracowni w Poznaniu, tradycyjnymi, pracoch\u0142onnymi metodami i mn\u00f3stwem w\u0142o\u017conego serca, a jednocze\u015bnie w spos\u00f3b przyjazny \u015brodowisku.<\/p>\n<p>The coat should be dry-cleaned. For frequent refreshing of the wool we recommend the following <a href=\"https:\/\/talia-fashion.pl\/en\/product\/szczotka-do-czyszczenia-i-pielegnacji-plaszcza\/\">Brush for cleaning and care of the coat,<\/a> which can be purchased in our shop.<\/p>\n<p><strong>Individual order<\/strong> &#8211; mo\u017cliwo\u015b\u0107 skr\u00f3cenia, b\u0105d\u017a wyd\u0142u\u017cenia r\u0119kaw\u00f3w, mo\u017cliwo\u015b\u0107 wyd\u0142u\u017cenia i skr\u00f3cenia p\u0142aszcza \u2013 koszt ustalany indywidualnie po uprzednim kontakcie.<\/p>\n<p><b>An individual order is not subject to exchange or refund.<\/b><\/p>\n<p>The lead time depends on the company's current stock and the availability of a given fabric colour. If a given coat is available in the company, the order will be realised very quickly - 2-5 working days. If individualisation of the order is necessary - making alterations or sewing a new coat - the lead time may be extended to a maximum of 2 weeks.<\/p>\n<p>Prosimy o cierpliwo\u015b\u0107, musimy uszy\u0107 ten p\u0142aszcz dla Ciebie. Dzi\u0119kuj\u0119, \u017ce wspieracie lokalne rzemios\u0142o.<\/p>\n<p>We encourage you to like our <a href=\"https:\/\/www.facebook.com\/talia.plaszcze\/\">fanpage&#8217;a na facebook&#8217;u<\/a>.<\/p>","protected":false},"excerpt":{"rendered":"<blockquote><p>&nbsp;<\/p><\/blockquote>","protected":false},"featured_media":438,"template":"","meta":{"_acf_changed":false},"product_cat":[36],"product_tag":[78,39,65,121,67,109,96,47,102,86,123,53,175],"class_list":{"0":"post-4163","1":"product","2":"type-product","3":"status-publish","4":"has-post-thumbnail","6":"product_cat-plaszcze-dluzsze","7":"product_tag-dla-roznych-sylwetek","8":"product_tag-klasyczny","9":"product_tag-kurtka-ocieplana","10":"product_tag-materialy-przyjazne-dla-srodowiska","11":"product_tag-ocieplany","12":"product_tag-plaszcz-camel","13":"product_tag-plaszcz-na-chlodne-dni","14":"product_tag-plaszcz-na-guziki","15":"product_tag-plaszcz-z-alpaki","16":"product_tag-plaszcz-zimowy-ocieplany","17":"product_tag-plaszcze-damskie","18":"product_tag-welna","19":"product_tag-welniany-plaszcz-z-kapturem","21":"first","22":"instock","23":"shipping-taxable","24":"purchasable","25":"product-type-variable","26":"has-default-attributes"},"acf":[],"yoast_head":"<!-- This site is optimized with the Yoast SEO plugin v25.7 - https:\/\/yoast.com\/wordpress\/plugins\/seo\/ -->\n<title>P\u0142aszcz alpaka z kapturem Camila - Talia Fashion ciep\u0142e p\u0142aszcze<\/title>\n<meta name=\"description\" content=\"P\u0142aszcz alpaka z kapturem ocieplany, znakomity na zim\u0119. Ponadczasowy, wygodny i stylowy - p\u0142aszcz idealny. R\u0119cznie szyty w Polsce. Must have.\" \/>\n<meta name=\"robots\" content=\"index, follow, max-snippet:-1, max-image-preview:large, max-video-preview:-1\" \/>\n<link rel=\"canonical\" href=\"https:\/\/talia-fashion.pl\/en\/product\/plaszcz-alpaka-z-kapturem-camila\/\" \/>\n<meta property=\"og:locale\" content=\"en_GB\" \/>\n<meta property=\"og:type\" content=\"article\" \/>\n<meta property=\"og:title\" content=\"P\u0142aszcz alpaka z kapturem Camila - Talia Fashion ciep\u0142e p\u0142aszcze\" \/>\n<meta property=\"og:description\" content=\"P\u0142aszcz alpaka z kapturem ocieplany, znakomity na zim\u0119. Ponadczasowy, wygodny i stylowy - p\u0142aszcz idealny. R\u0119cznie szyty w Polsce. Must have.\" \/>\n<meta property=\"og:url\" content=\"https:\/\/talia-fashion.pl\/en\/product\/plaszcz-alpaka-z-kapturem-camila\/\" \/>\n<meta property=\"og:site_name\" content=\"Talia Fashion\" \/>\n<meta property=\"article:modified_time\" content=\"2026-03-18T06:22:41+00:00\" \/>\n<meta property=\"og:image\" content=\"https:\/\/talia-fashion.pl\/wp-content\/uploads\/2024\/10\/plaszcz-alpaka-z-kapturem.jpg\" \/>\n\t<meta property=\"og:image:width\" content=\"1500\" \/>\n\t<meta property=\"og:image:height\" content=\"2250\" \/>\n\t<meta property=\"og:image:type\" content=\"image\/jpeg\" \/>\n<meta name=\"twitter:card\" content=\"summary_large_image\" \/>\n<meta name=\"twitter:label1\" content=\"Estimated reading time\" \/>\n\t<meta name=\"twitter:data1\" content=\"3 minutes\" \/>\n<script type=\"application\/ld+json\" class=\"yoast-schema-graph\">{\"@context\":\"https:\/\/schema.org\",\"@graph\":[{\"@type\":\"WebPage\",\"@id\":\"https:\/\/talia-fashion.pl\/produkt\/plaszcz-alpaka-z-kapturem-camila\/\",\"url\":\"https:\/\/talia-fashion.pl\/produkt\/plaszcz-alpaka-z-kapturem-camila\/\",\"name\":\"P\u0142aszcz alpaka z kapturem Camila - Talia Fashion ciep\u0142e p\u0142aszcze\",\"isPartOf\":{\"@id\":\"https:\/\/talia-fashion.pl\/#website\"},\"primaryImageOfPage\":{\"@id\":\"https:\/\/talia-fashion.pl\/produkt\/plaszcz-alpaka-z-kapturem-camila\/#primaryimage\"},\"image\":{\"@id\":\"https:\/\/talia-fashion.pl\/produkt\/plaszcz-alpaka-z-kapturem-camila\/#primaryimage\"},\"thumbnailUrl\":\"https:\/\/talia-fashion.pl\/wp-content\/uploads\/2024\/10\/plaszcz-alpaka-z-kapturem.jpg\",\"datePublished\":\"2020-09-09T14:11:15+00:00\",\"dateModified\":\"2026-03-18T06:22:41+00:00\",\"description\":\"P\u0142aszcz alpaka z kapturem ocieplany, znakomity na zim\u0119. Ponadczasowy, wygodny i stylowy - p\u0142aszcz idealny. R\u0119cznie szyty w Polsce. Must have.\",\"breadcrumb\":{\"@id\":\"https:\/\/talia-fashion.pl\/produkt\/plaszcz-alpaka-z-kapturem-camila\/#breadcrumb\"},\"inLanguage\":\"en-GB\",\"potentialAction\":[{\"@type\":\"ReadAction\",\"target\":[\"https:\/\/talia-fashion.pl\/produkt\/plaszcz-alpaka-z-kapturem-camila\/\"]}]},{\"@type\":\"ImageObject\",\"inLanguage\":\"en-GB\",\"@id\":\"https:\/\/talia-fashion.pl\/produkt\/plaszcz-alpaka-z-kapturem-camila\/#primaryimage\",\"url\":\"https:\/\/talia-fashion.pl\/wp-content\/uploads\/2024\/10\/plaszcz-alpaka-z-kapturem.jpg\",\"contentUrl\":\"https:\/\/talia-fashion.pl\/wp-content\/uploads\/2024\/10\/plaszcz-alpaka-z-kapturem.jpg\",\"width\":1500,\"height\":2250,\"caption\":\"P\u0142aszcz damski z kapturem z we\u0142n\u0105 z alpaki, wi\u0105zany w pasie.\"},{\"@type\":\"BreadcrumbList\",\"@id\":\"https:\/\/talia-fashion.pl\/produkt\/plaszcz-alpaka-z-kapturem-camila\/#breadcrumb\",\"itemListElement\":[{\"@type\":\"ListItem\",\"position\":1,\"name\":\"Strona g\u0142\u00f3wna\",\"item\":\"https:\/\/talia-fashion.pl\/\"},{\"@type\":\"ListItem\",\"position\":2,\"name\":\"Sklep\",\"item\":\"https:\/\/talia-fashion.pl\/sklep\/\"},{\"@type\":\"ListItem\",\"position\":3,\"name\":\"P\u0142aszcz alpaka z kapturem Camila\"}]},{\"@type\":\"WebSite\",\"@id\":\"https:\/\/talia-fashion.pl\/#website\",\"url\":\"https:\/\/talia-fashion.pl\/\",\"name\":\"Talia Fashion\",\"description\":\"\",\"potentialAction\":[{\"@type\":\"SearchAction\",\"target\":{\"@type\":\"EntryPoint\",\"urlTemplate\":\"https:\/\/talia-fashion.pl\/?s={search_term_string}\"},\"query-input\":{\"@type\":\"PropertyValueSpecification\",\"valueRequired\":true,\"valueName\":\"search_term_string\"}}],\"inLanguage\":\"en-GB\"}]}<\/script>\n<!-- \/ Yoast SEO plugin. -->","yoast_head_json":{"title":"P\u0142aszcz alpaka z kapturem Camila - Talia Fashion ciep\u0142e p\u0142aszcze","description":"P\u0142aszcz alpaka z kapturem ocieplany, znakomity na zim\u0119. Ponadczasowy, wygodny i stylowy - p\u0142aszcz idealny. R\u0119cznie szyty w Polsce. Must have.","robots":{"index":"index","follow":"follow","max-snippet":"max-snippet:-1","max-image-preview":"max-image-preview:large","max-video-preview":"max-video-preview:-1"},"canonical":"https:\/\/talia-fashion.pl\/en\/product\/plaszcz-alpaka-z-kapturem-camila\/","og_locale":"en_GB","og_type":"article","og_title":"P\u0142aszcz alpaka z kapturem Camila - Talia Fashion ciep\u0142e p\u0142aszcze","og_description":"P\u0142aszcz alpaka z kapturem ocieplany, znakomity na zim\u0119. Ponadczasowy, wygodny i stylowy - p\u0142aszcz idealny. R\u0119cznie szyty w Polsce. Must have.","og_url":"https:\/\/talia-fashion.pl\/en\/product\/plaszcz-alpaka-z-kapturem-camila\/","og_site_name":"Talia Fashion","article_modified_time":"2026-03-18T06:22:41+00:00","og_image":[{"width":1500,"height":2250,"url":"https:\/\/talia-fashion.pl\/wp-content\/uploads\/2024\/10\/plaszcz-alpaka-z-kapturem.jpg","type":"image\/jpeg"}],"twitter_card":"summary_large_image","twitter_misc":{"Estimated reading time":"3 minutes"},"schema":{"@context":"https:\/\/schema.org","@graph":[{"@type":"WebPage","@id":"https:\/\/talia-fashion.pl\/produkt\/plaszcz-alpaka-z-kapturem-camila\/","url":"https:\/\/talia-fashion.pl\/produkt\/plaszcz-alpaka-z-kapturem-camila\/","name":"P\u0142aszcz alpaka z kapturem Camila - Talia Fashion ciep\u0142e p\u0142aszcze","isPartOf":{"@id":"https:\/\/talia-fashion.pl\/#website"},"primaryImageOfPage":{"@id":"https:\/\/talia-fashion.pl\/produkt\/plaszcz-alpaka-z-kapturem-camila\/#primaryimage"},"image":{"@id":"https:\/\/talia-fashion.pl\/produkt\/plaszcz-alpaka-z-kapturem-camila\/#primaryimage"},"thumbnailUrl":"https:\/\/talia-fashion.pl\/wp-content\/uploads\/2024\/10\/plaszcz-alpaka-z-kapturem.jpg","datePublished":"2020-09-09T14:11:15+00:00","dateModified":"2026-03-18T06:22:41+00:00","description":"P\u0142aszcz alpaka z kapturem ocieplany, znakomity na zim\u0119. Ponadczasowy, wygodny i stylowy - p\u0142aszcz idealny. R\u0119cznie szyty w Polsce. Must have.","breadcrumb":{"@id":"https:\/\/talia-fashion.pl\/produkt\/plaszcz-alpaka-z-kapturem-camila\/#breadcrumb"},"inLanguage":"en-GB","potentialAction":[{"@type":"ReadAction","target":["https:\/\/talia-fashion.pl\/produkt\/plaszcz-alpaka-z-kapturem-camila\/"]}]},{"@type":"ImageObject","inLanguage":"en-GB","@id":"https:\/\/talia-fashion.pl\/produkt\/plaszcz-alpaka-z-kapturem-camila\/#primaryimage","url":"https:\/\/talia-fashion.pl\/wp-content\/uploads\/2024\/10\/plaszcz-alpaka-z-kapturem.jpg","contentUrl":"https:\/\/talia-fashion.pl\/wp-content\/uploads\/2024\/10\/plaszcz-alpaka-z-kapturem.jpg","width":1500,"height":2250,"caption":"P\u0142aszcz damski z kapturem z we\u0142n\u0105 z alpaki, wi\u0105zany w pasie."},{"@type":"BreadcrumbList","@id":"https:\/\/talia-fashion.pl\/produkt\/plaszcz-alpaka-z-kapturem-camila\/#breadcrumb","itemListElement":[{"@type":"ListItem","position":1,"name":"Strona g\u0142\u00f3wna","item":"https:\/\/talia-fashion.pl\/"},{"@type":"ListItem","position":2,"name":"Sklep","item":"https:\/\/talia-fashion.pl\/sklep\/"},{"@type":"ListItem","position":3,"name":"P\u0142aszcz alpaka z kapturem Camila"}]},{"@type":"WebSite","@id":"https:\/\/talia-fashion.pl\/#website","url":"https:\/\/talia-fashion.pl\/","name":"Talia Fashion","description":"","potentialAction":[{"@type":"SearchAction","target":{"@type":"EntryPoint","urlTemplate":"https:\/\/talia-fashion.pl\/?s={search_term_string}"},"query-input":{"@type":"PropertyValueSpecification","valueRequired":true,"valueName":"search_term_string"}}],"inLanguage":"en-GB"}]}},"_links":{"self":[{"href":"https:\/\/talia-fashion.pl\/en\/wp-json\/wp\/v2\/product\/4163","targetHints":{"allow":["GET"]}}],"collection":[{"href":"https:\/\/talia-fashion.pl\/en\/wp-json\/wp\/v2\/product"}],"about":[{"href":"https:\/\/talia-fashion.pl\/en\/wp-json\/wp\/v2\/types\/product"}],"wp:featuredmedia":[{"embeddable":true,"href":"https:\/\/talia-fashion.pl\/en\/wp-json\/wp\/v2\/media\/438"}],"wp:attachment":[{"href":"https:\/\/talia-fashion.pl\/en\/wp-json\/wp\/v2\/media?parent=4163"}],"wp:term":[{"taxonomy":"product_cat","embeddable":true,"href":"https:\/\/talia-fashion.pl\/en\/wp-json\/wp\/v2\/product_cat?post=4163"},{"taxonomy":"product_tag","embeddable":true,"href":"https:\/\/talia-fashion.pl\/en\/wp-json\/wp\/v2\/product_tag?post=4163"}],"curies":[{"name":"wp","href":"https:\/\/api.w.org\/{rel}","templated":true}]}}