{"id":4134,"date":"2025-09-03T16:38:04","date_gmt":"2025-09-03T14:38:04","guid":{"rendered":"http:\/\/talia-fashion.pl\/produkt\/butelkowy-plaszcz-o-klasycznym-kroju-anna\/"},"modified":"2026-02-05T21:40:04","modified_gmt":"2026-02-05T20:40:04","slug":"butelkowy-plaszcz-o-klasycznym-kroju-anna","status":"publish","type":"product","link":"https:\/\/talia-fashion.pl\/en\/product\/butelkowy-plaszcz-o-klasycznym-kroju-anna\/","title":{"rendered":"Butel green classic cut coat Anna"},"content":{"rendered":"<p>Gor\u0105co polecamy butelkowa ziele\u0144 p\u0142aszcz o klasycznym kroju, zapinany na guzik (drugi guzik <span lang=\"DE\">pe\u0142ni funkcj\u0119 ozdoby<\/span>). <span lang=\"DE\">Zimowy p\u0142aszczyk ma ozdobny ko\u0142nierz z klapami i ponadczasowy kr\u00f3j. P\u0142aszcz ma taliowany ty\u0142,\u00a0 dopasowany do sylwetki. Prz\u00f3d prosty. Tali\u0119 mo\u017cna dodatkowo podkre\u015bli\u0107 paskiem wykonanym z tej samej tkaniny. Po bokach wszyte kieszenie. D\u0142ugo\u015b\u0107 p\u0142aszcza w kolano. Model ma podszewk\u0119 i jest dodatkowo ocieplany. Idealny na zim\u0119. Sprawdzi si\u0119 w ka\u017cdej stylizacji!<\/span><\/p>\n<p>Take a look at our tips <a href=\"https:\/\/talia-fashion.pl\/en\/jak-dobrac-plaszcz-do-sylwetki\/\">How do you choose a coat to suit your figure?<\/a><\/p>\n<p><span lang=\"DE\">Zdj\u0119cie rzeczywiste &#8211; butelkowa ziele\u0144<\/span><\/p>\n<p>Available colours<span lang=\"DE\">: butelkowa ziele\u0144 (brak), granatowy (L), ecru (XS, S, L, XL)<\/span><\/p>\n<p><span lang=\"DE\">The colours are shown in the pictures of the coats in different cuts. If in doubt, please contact us.<\/span><\/p>\n<p><span lang=\"DE\">Available sizes: XS, S, M, L, XL<\/span><\/p>\n<p>The model is 178cm and a size S.<\/p>\n<p><span lang=\"DE\">Indicative dimensions:<\/span><\/p>\n<p><span lang=\"DE\">XS - bust: 86-88 \/ hips 94-96 \/ length: 97 \/ sleeve 61<br \/>\nS - bust: 90-92 \/ hips: 98-100 \/ length: 98 \/ sleeve: 62<br \/>\nM - bust: 94-96 \/ hips: 102-104 \/ length: 98 \/ sleeve: 62<br \/>\nL - bust: 98-100 \/ hips: 106-108 \/ length: 98 \/ sleeve: 63<br \/>\nXL - bust: 104-106 \/ hips: 112-114 \/ length: 98 \/ sleeve: 64<\/span><\/p>\n<p><span lang=\"DE\">If you are unsure of your size selection, please contact us.<\/span><\/p>\n<p><span lang=\"DE\">Materia\u0142: 60% we\u0142na, 22% poliester<\/span><span lang=\"DE\">, 8% alpaka, 10% wiskoza\u00a0<\/span><\/p>\n<p>Lining: acetate 100%<br \/>\nLike viscose, acetate is produced from cellulose. Acetate yarn can also be made from recycled cellulose such as paper. The acetate lining is excellent at absorbing moisture and allowing air to pass through. It is coated with an antistatic apprettee and is OEKOtex\u00ae Standard 100 certified.<\/p>\n<p>Insulation: 100% non-woven recycled polyester<br \/>\nOur coats are insulated with a compressed thermo-insulating quilted fleece on the lining. The fleece is made from recycled polyester fibres. The material is lightweight, thin and at the same time perfectly insulating. The insulating fleece we use is resistant to moisture (it retains its insulating properties and warming effect even in damp conditions), stops the wind, is hypoallergenic and breathable. It is OEKOtex\u00ae Standard 100 certified.<\/p>\n<p>Butelkowa ziele\u0144 p\u0142aszcz o klasycznym kroju od projektu do gotowego wyrobu, powsta\u0142 w naszej pracowni w Poznaniu w zgodzie z zasadami Fair Trade i w spos\u00f3b przyjazny dla \u015brodowiska<span lang=\"DE\">.<\/span><\/p>\n<p>The coat should be dry-cleaned. For frequent refreshing of the wool we recommend the following <a href=\"https:\/\/talia-fashion.pl\/en\/product\/szczotka-do-czyszczenia-i-pielegnacji-plaszcza\/\">Brush for cleaning and care of the coat,<\/a> which can be purchased in our shop.<\/p>\n<p><strong>Individual order - <\/strong>Some modifications can be made at the client's request: shortening, lengthening of the sleeve, shortening and lengthening of the coat.<\/p>\n<p><strong>An individual order is not subject to exchange or refund.<\/strong><\/p>\n<p><span lang=\"DE\">The lead time depends on the company's current stock and the availability of a given fabric colour. If a given coat is available in the company, the order will be realised very quickly - 2-5 working days. If individualisation of the order is necessary - making alterations or sewing a new coat - the lead time may be extended to a maximum of 2 weeks.<\/span><\/p>\n<p>Please be patient, we need to sew this coat for you.<\/p>\n<p>We encourage you to follow us on <a href=\"https:\/\/www.facebook.com\/talia.plaszcze\">Facebook<\/a>\u00a0i\u00a0<a href=\"https:\/\/www.instagram.com\/talia_plaszcze\/\">Instagram<\/a><\/p>","protected":false},"excerpt":{"rendered":"<p>Gor\u0105co polecamy butelkowa ziele\u0144 p\u0142aszcz o klasycznym kroju, zapinany na guzik (drugi guzik pe\u0142ni funkcj\u0119 ozdoby). Zimowy p\u0142aszczyk ma ozdobny ko\u0142nierz z&hellip;<\/p>","protected":false},"featured_media":430,"template":"","meta":{"_acf_changed":false},"product_cat":[104],"product_tag":[56,172,78,32,37,34,38,66,41,67,142,43,91,96,137,106,102,95,86,173,69,130,107,151,53,88],"class_list":{"0":"post-4134","1":"product","2":"type-product","3":"status-publish","4":"has-post-thumbnail","6":"product_cat-ostatnie-sztuki","7":"product_tag-bestseller","8":"product_tag-butelkowa-zielen","9":"product_tag-dla-roznych-sylwetek","10":"product_tag-dopasowany-kroj","11":"product_tag-dyplomatka","12":"product_tag-handmade","13":"product_tag-kamel","14":"product_tag-kurtka-zimowa-ocieplana","15":"product_tag-na-podszewce","16":"product_tag-ocieplany","17":"product_tag-plaszcz-butelkowy","18":"product_tag-plaszcz-damski","19":"product_tag-plaszcz-damski-zimowy","20":"product_tag-plaszcz-na-chlodne-dni","21":"product_tag-plaszcz-w-kolano","22":"product_tag-plaszcz-w-promocji","23":"product_tag-plaszcz-z-alpaki","24":"product_tag-plaszcz-zimowy","25":"product_tag-plaszcz-zimowy-ocieplany","26":"product_tag-polski-producent-plaszczy","27":"product_tag-prochowiec","28":"product_tag-promocja","29":"product_tag-promocje","30":"product_tag-rodzinna-pracownia","31":"product_tag-welna","32":"product_tag-wiazany","34":"first","35":"instock","36":"sale","37":"shipping-taxable","38":"purchasable","39":"product-type-variable","40":"has-default-attributes"},"acf":[],"yoast_head":"<!-- This site is optimized with the Yoast SEO plugin v25.7 - https:\/\/yoast.com\/wordpress\/plugins\/seo\/ -->\n<title>Butelkowa ziele\u0144 p\u0142aszcz o klasycznym kroju Anna - Talia Fashion<\/title>\n<meta name=\"description\" content=\"Butelkowa ziele\u0144 p\u0142aszcz o klasycznym kroju zosta\u0142 uszyty r\u0119cznie w spos\u00f3b przyjazny \u015brodowisku. Sprawdzi si\u0119 w ka\u017cdej stylizacji.\" \/>\n<meta name=\"robots\" content=\"index, follow, max-snippet:-1, max-image-preview:large, max-video-preview:-1\" \/>\n<link rel=\"canonical\" href=\"https:\/\/talia-fashion.pl\/en\/product\/butelkowy-plaszcz-o-klasycznym-kroju-anna\/\" \/>\n<meta property=\"og:locale\" content=\"en_GB\" \/>\n<meta property=\"og:type\" content=\"article\" \/>\n<meta property=\"og:title\" content=\"Butelkowa ziele\u0144 p\u0142aszcz o klasycznym kroju Anna - Talia Fashion\" \/>\n<meta property=\"og:description\" content=\"Butelkowa ziele\u0144 p\u0142aszcz o klasycznym kroju zosta\u0142 uszyty r\u0119cznie w spos\u00f3b przyjazny \u015brodowisku. Sprawdzi si\u0119 w ka\u017cdej stylizacji.\" \/>\n<meta property=\"og:url\" content=\"https:\/\/talia-fashion.pl\/en\/product\/butelkowy-plaszcz-o-klasycznym-kroju-anna\/\" \/>\n<meta property=\"og:site_name\" content=\"Talia Fashion\" \/>\n<meta property=\"article:modified_time\" content=\"2026-02-05T20:40:04+00:00\" \/>\n<meta property=\"og:image\" content=\"https:\/\/talia-fashion.pl\/wp-content\/uploads\/2024\/10\/butelkowa-zielen-plaszcz-klasycznym-kroju.jpg\" \/>\n\t<meta property=\"og:image:width\" content=\"1500\" \/>\n\t<meta property=\"og:image:height\" content=\"2250\" \/>\n\t<meta property=\"og:image:type\" content=\"image\/jpeg\" \/>\n<meta name=\"twitter:card\" content=\"summary_large_image\" \/>\n<meta name=\"twitter:label1\" content=\"Estimated reading time\" \/>\n\t<meta name=\"twitter:data1\" content=\"3 minutes\" \/>\n<script type=\"application\/ld+json\" class=\"yoast-schema-graph\">{\"@context\":\"https:\/\/schema.org\",\"@graph\":[{\"@type\":\"WebPage\",\"@id\":\"https:\/\/talia-fashion.pl\/produkt\/butelkowy-plaszcz-o-klasycznym-kroju-anna\/\",\"url\":\"https:\/\/talia-fashion.pl\/produkt\/butelkowy-plaszcz-o-klasycznym-kroju-anna\/\",\"name\":\"Butelkowa ziele\u0144 p\u0142aszcz o klasycznym kroju Anna - Talia Fashion\",\"isPartOf\":{\"@id\":\"https:\/\/talia-fashion.pl\/#website\"},\"primaryImageOfPage\":{\"@id\":\"https:\/\/talia-fashion.pl\/produkt\/butelkowy-plaszcz-o-klasycznym-kroju-anna\/#primaryimage\"},\"image\":{\"@id\":\"https:\/\/talia-fashion.pl\/produkt\/butelkowy-plaszcz-o-klasycznym-kroju-anna\/#primaryimage\"},\"thumbnailUrl\":\"https:\/\/talia-fashion.pl\/wp-content\/uploads\/2024\/10\/butelkowa-zielen-plaszcz-klasycznym-kroju.jpg\",\"datePublished\":\"2025-09-03T14:38:04+00:00\",\"dateModified\":\"2026-02-05T20:40:04+00:00\",\"description\":\"Butelkowa ziele\u0144 p\u0142aszcz o klasycznym kroju zosta\u0142 uszyty r\u0119cznie w spos\u00f3b przyjazny \u015brodowisku. Sprawdzi si\u0119 w ka\u017cdej stylizacji.\",\"breadcrumb\":{\"@id\":\"https:\/\/talia-fashion.pl\/produkt\/butelkowy-plaszcz-o-klasycznym-kroju-anna\/#breadcrumb\"},\"inLanguage\":\"en-GB\",\"potentialAction\":[{\"@type\":\"ReadAction\",\"target\":[\"https:\/\/talia-fashion.pl\/produkt\/butelkowy-plaszcz-o-klasycznym-kroju-anna\/\"]}]},{\"@type\":\"ImageObject\",\"inLanguage\":\"en-GB\",\"@id\":\"https:\/\/talia-fashion.pl\/produkt\/butelkowy-plaszcz-o-klasycznym-kroju-anna\/#primaryimage\",\"url\":\"https:\/\/talia-fashion.pl\/wp-content\/uploads\/2024\/10\/butelkowa-zielen-plaszcz-klasycznym-kroju.jpg\",\"contentUrl\":\"https:\/\/talia-fashion.pl\/wp-content\/uploads\/2024\/10\/butelkowa-zielen-plaszcz-klasycznym-kroju.jpg\",\"width\":1500,\"height\":2250,\"caption\":\"P\u0142aszcz damski o klasycznym kroju w kolorze butelkowa ziele\u0144.\"},{\"@type\":\"BreadcrumbList\",\"@id\":\"https:\/\/talia-fashion.pl\/produkt\/butelkowy-plaszcz-o-klasycznym-kroju-anna\/#breadcrumb\",\"itemListElement\":[{\"@type\":\"ListItem\",\"position\":1,\"name\":\"Strona g\u0142\u00f3wna\",\"item\":\"https:\/\/talia-fashion.pl\/\"},{\"@type\":\"ListItem\",\"position\":2,\"name\":\"Sklep\",\"item\":\"https:\/\/talia-fashion.pl\/sklep\/\"},{\"@type\":\"ListItem\",\"position\":3,\"name\":\"Butelkowa ziele\u0144 p\u0142aszcz o klasycznym kroju Anna\"}]},{\"@type\":\"WebSite\",\"@id\":\"https:\/\/talia-fashion.pl\/#website\",\"url\":\"https:\/\/talia-fashion.pl\/\",\"name\":\"Talia Fashion\",\"description\":\"\",\"potentialAction\":[{\"@type\":\"SearchAction\",\"target\":{\"@type\":\"EntryPoint\",\"urlTemplate\":\"https:\/\/talia-fashion.pl\/?s={search_term_string}\"},\"query-input\":{\"@type\":\"PropertyValueSpecification\",\"valueRequired\":true,\"valueName\":\"search_term_string\"}}],\"inLanguage\":\"en-GB\"}]}<\/script>\n<!-- \/ Yoast SEO plugin. -->","yoast_head_json":{"title":"Butelkowa ziele\u0144 p\u0142aszcz o klasycznym kroju Anna - Talia Fashion","description":"Butelkowa ziele\u0144 p\u0142aszcz o klasycznym kroju zosta\u0142 uszyty r\u0119cznie w spos\u00f3b przyjazny \u015brodowisku. Sprawdzi si\u0119 w ka\u017cdej stylizacji.","robots":{"index":"index","follow":"follow","max-snippet":"max-snippet:-1","max-image-preview":"max-image-preview:large","max-video-preview":"max-video-preview:-1"},"canonical":"https:\/\/talia-fashion.pl\/en\/product\/butelkowy-plaszcz-o-klasycznym-kroju-anna\/","og_locale":"en_GB","og_type":"article","og_title":"Butelkowa ziele\u0144 p\u0142aszcz o klasycznym kroju Anna - Talia Fashion","og_description":"Butelkowa ziele\u0144 p\u0142aszcz o klasycznym kroju zosta\u0142 uszyty r\u0119cznie w spos\u00f3b przyjazny \u015brodowisku. Sprawdzi si\u0119 w ka\u017cdej stylizacji.","og_url":"https:\/\/talia-fashion.pl\/en\/product\/butelkowy-plaszcz-o-klasycznym-kroju-anna\/","og_site_name":"Talia Fashion","article_modified_time":"2026-02-05T20:40:04+00:00","og_image":[{"width":1500,"height":2250,"url":"https:\/\/talia-fashion.pl\/wp-content\/uploads\/2024\/10\/butelkowa-zielen-plaszcz-klasycznym-kroju.jpg","type":"image\/jpeg"}],"twitter_card":"summary_large_image","twitter_misc":{"Estimated reading time":"3 minutes"},"schema":{"@context":"https:\/\/schema.org","@graph":[{"@type":"WebPage","@id":"https:\/\/talia-fashion.pl\/produkt\/butelkowy-plaszcz-o-klasycznym-kroju-anna\/","url":"https:\/\/talia-fashion.pl\/produkt\/butelkowy-plaszcz-o-klasycznym-kroju-anna\/","name":"Butelkowa ziele\u0144 p\u0142aszcz o klasycznym kroju Anna - Talia Fashion","isPartOf":{"@id":"https:\/\/talia-fashion.pl\/#website"},"primaryImageOfPage":{"@id":"https:\/\/talia-fashion.pl\/produkt\/butelkowy-plaszcz-o-klasycznym-kroju-anna\/#primaryimage"},"image":{"@id":"https:\/\/talia-fashion.pl\/produkt\/butelkowy-plaszcz-o-klasycznym-kroju-anna\/#primaryimage"},"thumbnailUrl":"https:\/\/talia-fashion.pl\/wp-content\/uploads\/2024\/10\/butelkowa-zielen-plaszcz-klasycznym-kroju.jpg","datePublished":"2025-09-03T14:38:04+00:00","dateModified":"2026-02-05T20:40:04+00:00","description":"Butelkowa ziele\u0144 p\u0142aszcz o klasycznym kroju zosta\u0142 uszyty r\u0119cznie w spos\u00f3b przyjazny \u015brodowisku. Sprawdzi si\u0119 w ka\u017cdej stylizacji.","breadcrumb":{"@id":"https:\/\/talia-fashion.pl\/produkt\/butelkowy-plaszcz-o-klasycznym-kroju-anna\/#breadcrumb"},"inLanguage":"en-GB","potentialAction":[{"@type":"ReadAction","target":["https:\/\/talia-fashion.pl\/produkt\/butelkowy-plaszcz-o-klasycznym-kroju-anna\/"]}]},{"@type":"ImageObject","inLanguage":"en-GB","@id":"https:\/\/talia-fashion.pl\/produkt\/butelkowy-plaszcz-o-klasycznym-kroju-anna\/#primaryimage","url":"https:\/\/talia-fashion.pl\/wp-content\/uploads\/2024\/10\/butelkowa-zielen-plaszcz-klasycznym-kroju.jpg","contentUrl":"https:\/\/talia-fashion.pl\/wp-content\/uploads\/2024\/10\/butelkowa-zielen-plaszcz-klasycznym-kroju.jpg","width":1500,"height":2250,"caption":"P\u0142aszcz damski o klasycznym kroju w kolorze butelkowa ziele\u0144."},{"@type":"BreadcrumbList","@id":"https:\/\/talia-fashion.pl\/produkt\/butelkowy-plaszcz-o-klasycznym-kroju-anna\/#breadcrumb","itemListElement":[{"@type":"ListItem","position":1,"name":"Strona g\u0142\u00f3wna","item":"https:\/\/talia-fashion.pl\/"},{"@type":"ListItem","position":2,"name":"Sklep","item":"https:\/\/talia-fashion.pl\/sklep\/"},{"@type":"ListItem","position":3,"name":"Butelkowa ziele\u0144 p\u0142aszcz o klasycznym kroju Anna"}]},{"@type":"WebSite","@id":"https:\/\/talia-fashion.pl\/#website","url":"https:\/\/talia-fashion.pl\/","name":"Talia Fashion","description":"","potentialAction":[{"@type":"SearchAction","target":{"@type":"EntryPoint","urlTemplate":"https:\/\/talia-fashion.pl\/?s={search_term_string}"},"query-input":{"@type":"PropertyValueSpecification","valueRequired":true,"valueName":"search_term_string"}}],"inLanguage":"en-GB"}]}},"_links":{"self":[{"href":"https:\/\/talia-fashion.pl\/en\/wp-json\/wp\/v2\/product\/4134","targetHints":{"allow":["GET"]}}],"collection":[{"href":"https:\/\/talia-fashion.pl\/en\/wp-json\/wp\/v2\/product"}],"about":[{"href":"https:\/\/talia-fashion.pl\/en\/wp-json\/wp\/v2\/types\/product"}],"wp:featuredmedia":[{"embeddable":true,"href":"https:\/\/talia-fashion.pl\/en\/wp-json\/wp\/v2\/media\/430"}],"wp:attachment":[{"href":"https:\/\/talia-fashion.pl\/en\/wp-json\/wp\/v2\/media?parent=4134"}],"wp:term":[{"taxonomy":"product_cat","embeddable":true,"href":"https:\/\/talia-fashion.pl\/en\/wp-json\/wp\/v2\/product_cat?post=4134"},{"taxonomy":"product_tag","embeddable":true,"href":"https:\/\/talia-fashion.pl\/en\/wp-json\/wp\/v2\/product_tag?post=4134"}],"curies":[{"name":"wp","href":"https:\/\/api.w.org\/{rel}","templated":true}]}}