{"id":4106,"date":"2020-03-11T11:17:47","date_gmt":"2020-03-11T10:17:47","guid":{"rendered":"http:\/\/talia-fashion.pl\/produkt\/dwurzedowy-plaszcz-o-fasonie-trencza-karla\/"},"modified":"2026-04-15T08:58:21","modified_gmt":"2026-04-15T06:58:21","slug":"dwurzedowy-plaszcz-o-fasonie-trencza-karla","status":"publish","type":"product","link":"https:\/\/talia-fashion.pl\/en\/product\/dwurzedowy-plaszcz-o-fasonie-trencza-karla\/","title":{"rendered":"Double-breasted trench coat by Karla"},"content":{"rendered":"<p>Dwurz\u0119dowy p\u0142aszcz o fasonie trencza. Dopasowany, klasyczny prochowiec zapinany na guziki i wi\u0105zany w pasie. Trencz jest lekko poszerzany ku do\u0142owi, z pi\u0119knym wyk\u0142adanym ko\u0142nierzem typu rewers. Klapy przy dekolcie mo\u017cna zapi\u0105\u0107 i uzyska\u0107 stylizacj\u0119 z ko\u0142nierzykiem w szpic.\u00a0 Ramiona i r\u0119kawy wyko\u0144czone ozdobnymi patkami z guzikiem, z przodu dwie sko\u015bne kieszenie. <span lang=\"DE\">Delikatne pagony na ramionach, nadaj\u0105ce militarny charakter. <\/span>Ty\u0142 p\u0142aszcza z rozporkiem na dole. Dwurz\u0119dowy p\u0142aszcz o fasonie trencza w ca\u0142o\u015bci na podszewce stanowi idealn\u0105 propozycj\u0119 na wiosn\u0119 i jesie\u0144.<\/p>\n<p>Klasyczna linia tego prochowca pozwoli Ci na pi\u0119kne podkre\u015blenie sylwetki. Wi\u0105zany pasek zaakcentuje Twoj\u0105 tali\u0119 a sam p\u0142aszcz b\u0119dzie wygl\u0105da\u0142 znakomicie zar\u00f3wno w wersji zapi\u0119tej jak i rozpi\u0119tej. Szylkretowe guziki dodatkowo ozdabiaj\u0105 p\u0142aszcz stanowi\u0105c kontrast do ch\u0142odnej barwy kremowej. P\u0142aszcz pi\u0119knie komponuje si\u0119 zar\u00f3wno ze swobodnymi, casualowymi stylizacjami jak i mo\u017ce stanowi\u0107 wyko\u0144czenie oficjalnego, biznesowego outfitu. W zestawieniu z tym trenczem doskonale wygl\u0105daj\u0105 zar\u00f3wno buty na obcasach jak i sportowe sneakersy. Stonowana kolorystyka p\u0142aszcza z \u0142atwo\u015bci\u0105 da si\u0119 uzupe\u0142ni\u0107 wielobarwnym szalem, apaszk\u0105 czy paszmin\u0105. Ile pomys\u0142\u00f3w &#8211; tyle kreacji. Eksperymentuj, szalej i ciesz si\u0119 ka\u017cdym wyj\u015bciem.<\/p>\n<p>If you're wondering which coat to choose, we suggest you take a look at our tips\u00a0<a href=\"https:\/\/talia-fashion.pl\/en\/jak-dobrac-plaszcz-do-sylwetki\/\">How do you choose a coat to suit your figure?<\/a><\/p>\n<p><span lang=\"DE\">Zdj\u0119cie rzeczywiste &#8211; ch\u0142odny krem <\/span><\/p>\n<p><span lang=\"DE\">Na zdj\u0119ciu g\u0142\u00f3wnym pagony na ramionach s\u0105 ma\u0142o widoczne &#8211; standardowo dost\u0119pne trencze maj\u0105 delikatne pagony na ramionach.<\/span><\/p>\n<p><span lang=\"DE\">Kolory g\u0142adkie: ch\u0142odny krem, be\u017cowy<\/span><\/p>\n<p><span lang=\"DE\">Zdj\u0119cia prezentuj\u0105ce kolory umie\u015bcili\u015bmy pogl\u0105dowo w <a href=\"https:\/\/talia-fashion.pl\/en\/paleta-kolorow\/\">colour palette<\/a>. If in doubt, please contact us.<\/span><\/p>\n<p><span lang=\"DE\">Available sizes: XS, S, M, L, XL<\/span><\/p>\n<p><span lang=\"DE\">Indicative dimensions:<\/span><\/p>\n<p><span lang=\"DE\">XS &#8211; biust: 86-88 \/ biodra: 92-94 \/ d\u0142ugo\u015b\u0107: 98 \/ r\u0119kaw: 61<\/span><br \/>\n<span lang=\"DE\">S &#8211; biust: 90-92 \/ biodra: 96-98 \/ d\u0142ugo\u015b\u0107: 98 \/ r\u0119kaw: 61,5<br \/>\nM &#8211; biust: 94-96\u00a0\u00a0\/ biodra: 100-102 \/ d\u0142ugo\u015b\u0107: 99 \/ r\u0119kaw: 62<br \/>\nL &#8211; biust: 98-100 \/ biodra: 104-106 \/ d\u0142ugo\u015b\u0107: 99 \/ r\u0119kaw: 63<br \/>\nXL &#8211; biust: 104-106 \/ biodra: 110-112 \/ d\u0142ugo\u015b\u0107: 100 \/ r\u0119kaw: 64<\/span><\/p>\n<p>Modelka ma wzrost: 172cm i rozmiar S<\/p>\n<p><span lang=\"DE\">If you are unsure of your size selection, please contact us.<\/span><\/p>\n<p><span lang=\"DE\">Material: 80<\/span><span lang=\"DE\">% bawe\u0142na, 20% nylon<br \/>\n<\/span><\/p>\n<p>Lining: 100% acetate<\/p>\n<p>Acetat podobnie jak wiskoza wytwarzany jest z celulozy. Prz\u0119dza acetatowa mo\u017ce by\u0107 wytworzona r\u00f3wnie\u017c z celulozy przetworzonej np. papieru. Podszewka acetatowa doskonale wch\u0142ania wilgo\u0107 i przepuszcza powietrze, dzi\u0119ki czemu zapewnia komfort. Jest powlekana apretur\u0105 antystatyczn\u0105 i posiada certyfikat OEKOtex\u00ae Standard 100.<\/p>\n<p><span lang=\"DE\">Dwurz\u0119dowy p\u0142aszcz o fasonie trencza z<\/span>aprojektowali\u015bmy i uszyli\u015bmy w naszej pracowni, tradycyjnymi i pracoch\u0142onnymi metodami w spos\u00f3b przyjazny dla \u015brodowiska.\u00a0 Od ponad 37 lat staramy si\u0119 piel\u0119gnowa\u0107 polskie rzemios\u0142o i dzi\u0119ki Wam ubieramy ju\u017c kolejne pokolenia. Dzi\u0119kujemy, \u017ce wybieracie lokalne produkty i cenicie prac\u0119 naszych r\u0105k.<\/p>\n<p>Zalecamy chemiczne czyszczenie p\u0142aszcza.\u00a0 Dodatkowo aby zadba\u0107 o jego kondycj\u0119 wystarczy kilka prostych nawyk\u00f3w \u2013 jakich? podpowiadamy w naszej zak\u0142adce: <a href=\"https:\/\/talia-fashion.pl\/en\/jak-pielegnowac-i-dbac-o-plaszcz\/\">How to nurture and care for the coat?<\/a> Zupe\u0142nie podstawowe czynno\u015bci jak: odpowiednie wieszanie, wietrzenie i unikanie zahacze\u0144 sprawi, \u017ce Tw\u00f3j p\u0142aszcz d\u0142ugo pozostanie pi\u0119kny. Dzi\u0119ki temu r\u00f3wnie\u017c pomagasz chroni\u0107 \u015brodowisko.<\/p>\n<p><span lang=\"DE\">Istnieje mo\u017cliwo\u015b\u0107 skr\u00f3cenia, b\u0105d\u017a wyd\u0142u\u017cenia r\u0119kaw\u00f3w, wyd\u0142u\u017cenia lub\u00a0 skr\u00f3cenia p\u0142aszcza, usuni\u0119cia pagon\u00f3w \u2013 tak\u0105 us\u0142ug\u0119 wykonamy na specjalne <strong>Indywidualne Zam\u00f3wienie. <\/strong>Je\u015bli chcesz zam\u00f3wi\u0107 tak\u0105 us\u0142ug\u0119, skontaktuj si\u0119 z nami (najlepiej mailowo), wtedy ustalimy czy oczekiwana modyfikacja jest mo\u017cliwa i jaki b\u0119dzie jej koszt.<\/span><\/p>\n<p><strong>An individual order is not subject to exchange or refund.<\/strong><\/p>\n<p><span lang=\"DE\">The lead time depends on the company's current stock and the availability of a given fabric colour. If a given coat is available in the company, the order will be realised very quickly - 2-5 working days. If individualisation of the order is necessary - making alterations or sewing a new coat - the lead time may be extended to a maximum of 2 weeks.<\/span><\/p>\n<p>Prosimy o cierpliwo\u015b\u0107, musimy uszy\u0107 ten p\u0142aszcz dla Ciebie. Wi\u0119kszo\u015b\u0107 naszych p\u0142aszczy nie szyjemy na magazyn, <strong>wi\u0119c czas realizacji mo\u017ce potrwa\u0107 do 14 dni. <\/strong>Postaramy si\u0119 jednak jak najszybciej zrealizowa\u0107 zam\u00f3wienie.<\/p>\n<p>We encourage you to like our fanpage on <a href=\"https:\/\/www.facebook.com\/talia.plaszcze\">Facebook<\/a> i <a href=\"https:\/\/www.instagram.com\/talia_plaszcze\/\">Instagram<\/a><\/p>","protected":false},"excerpt":{"rendered":"<p>Dwurz\u0119dowy p\u0142aszcz o fasonie trencza. Dopasowany, klasyczny prochowiec zapinany na guziki i wi\u0105zany w pasie. Trencz jest lekko poszerzany ku do\u0142owi, z&hellip;<\/p>","protected":false},"featured_media":4107,"template":"","meta":{"_acf_changed":false},"product_cat":[31,36,27],"product_tag":[112,56,32,33,34,39,41,42,43,44,68,47,49,50,161,69,60,61,52,97,62,88],"class_list":{"0":"post-4106","1":"product","2":"type-product","3":"status-publish","4":"has-post-thumbnail","6":"product_cat-nowosci","7":"product_cat-plaszcze-dluzsze","8":"product_cat-trencze","9":"product_tag-bawelniany-trencz","10":"product_tag-bestseller","11":"product_tag-dopasowany-kroj","12":"product_tag-dwurzedowy","13":"product_tag-handmade","14":"product_tag-klasyczny","15":"product_tag-na-podszewce","16":"product_tag-nowosc","17":"product_tag-plaszcz-damski","18":"product_tag-plaszcz-damski-dlugi","19":"product_tag-plaszcz-jesienny","20":"product_tag-plaszcz-na-guziki","21":"product_tag-plaszcz-wiosenny","22":"product_tag-plaszcz-z-rewersem","23":"product_tag-polski-producent","24":"product_tag-prochowiec","25":"product_tag-producent-plaszczy-damskich","26":"product_tag-recznie-szyty","27":"product_tag-szylkretowe-guziki","28":"product_tag-trencz","29":"product_tag-uszyty-w-polsce","30":"product_tag-wiazany","32":"first","33":"instock","34":"shipping-taxable","35":"purchasable","36":"product-type-variable","37":"has-default-attributes"},"acf":[],"yoast_head":"<!-- This site is optimized with the Yoast SEO plugin v25.7 - https:\/\/yoast.com\/wordpress\/plugins\/seo\/ -->\n<title>Dwurz\u0119dowy p\u0142aszcz o fasonie trencza Karla - kultowy model p\u0142aszcza<\/title>\n<meta name=\"description\" content=\"Dwurz\u0119dowy p\u0142aszcz o fasonie trencza. Klasyczny, dopasowany fason podkre\u015blaj\u0105cy sylwetk\u0119. Wi\u0105zany w pasie. Idealny na wiosn\u0119.\" \/>\n<meta name=\"robots\" content=\"index, follow, max-snippet:-1, max-image-preview:large, max-video-preview:-1\" \/>\n<link rel=\"canonical\" href=\"https:\/\/talia-fashion.pl\/en\/product\/dwurzedowy-plaszcz-o-fasonie-trencza-karla\/\" \/>\n<meta property=\"og:locale\" content=\"en_GB\" \/>\n<meta property=\"og:type\" content=\"article\" \/>\n<meta property=\"og:title\" content=\"Dwurz\u0119dowy p\u0142aszcz o fasonie trencza Karla - kultowy model p\u0142aszcza\" \/>\n<meta property=\"og:description\" content=\"Dwurz\u0119dowy p\u0142aszcz o fasonie trencza. Klasyczny, dopasowany fason podkre\u015blaj\u0105cy sylwetk\u0119. Wi\u0105zany w pasie. Idealny na wiosn\u0119.\" \/>\n<meta property=\"og:url\" content=\"https:\/\/talia-fashion.pl\/en\/product\/dwurzedowy-plaszcz-o-fasonie-trencza-karla\/\" \/>\n<meta property=\"og:site_name\" content=\"Talia Fashion\" \/>\n<meta property=\"article:modified_time\" content=\"2026-04-15T06:58:21+00:00\" \/>\n<meta property=\"og:image\" content=\"https:\/\/talia-fashion.pl\/wp-content\/uploads\/2025\/07\/dwurzedowy_plaszcz_trencz_taliowany.jpg\" \/>\n\t<meta property=\"og:image:width\" content=\"1333\" \/>\n\t<meta property=\"og:image:height\" content=\"2000\" \/>\n\t<meta property=\"og:image:type\" content=\"image\/jpeg\" \/>\n<meta name=\"twitter:card\" content=\"summary_large_image\" \/>\n<meta name=\"twitter:label1\" content=\"Estimated reading time\" \/>\n\t<meta name=\"twitter:data1\" content=\"3 minutes\" \/>\n<script type=\"application\/ld+json\" class=\"yoast-schema-graph\">{\"@context\":\"https:\/\/schema.org\",\"@graph\":[{\"@type\":\"WebPage\",\"@id\":\"https:\/\/talia-fashion.pl\/produkt\/dwurzedowy-plaszcz-o-fasonie-trencza-karla\/\",\"url\":\"https:\/\/talia-fashion.pl\/produkt\/dwurzedowy-plaszcz-o-fasonie-trencza-karla\/\",\"name\":\"Dwurz\u0119dowy p\u0142aszcz o fasonie trencza Karla - kultowy model p\u0142aszcza\",\"isPartOf\":{\"@id\":\"https:\/\/talia-fashion.pl\/#website\"},\"primaryImageOfPage\":{\"@id\":\"https:\/\/talia-fashion.pl\/produkt\/dwurzedowy-plaszcz-o-fasonie-trencza-karla\/#primaryimage\"},\"image\":{\"@id\":\"https:\/\/talia-fashion.pl\/produkt\/dwurzedowy-plaszcz-o-fasonie-trencza-karla\/#primaryimage\"},\"thumbnailUrl\":\"https:\/\/talia-fashion.pl\/wp-content\/uploads\/2025\/07\/dwurzedowy_plaszcz_trencz_taliowany.jpg\",\"datePublished\":\"2020-03-11T10:17:47+00:00\",\"dateModified\":\"2026-04-15T06:58:21+00:00\",\"description\":\"Dwurz\u0119dowy p\u0142aszcz o fasonie trencza. Klasyczny, dopasowany fason podkre\u015blaj\u0105cy sylwetk\u0119. Wi\u0105zany w pasie. Idealny na wiosn\u0119.\",\"breadcrumb\":{\"@id\":\"https:\/\/talia-fashion.pl\/produkt\/dwurzedowy-plaszcz-o-fasonie-trencza-karla\/#breadcrumb\"},\"inLanguage\":\"en-GB\",\"potentialAction\":[{\"@type\":\"ReadAction\",\"target\":[\"https:\/\/talia-fashion.pl\/produkt\/dwurzedowy-plaszcz-o-fasonie-trencza-karla\/\"]}]},{\"@type\":\"ImageObject\",\"inLanguage\":\"en-GB\",\"@id\":\"https:\/\/talia-fashion.pl\/produkt\/dwurzedowy-plaszcz-o-fasonie-trencza-karla\/#primaryimage\",\"url\":\"https:\/\/talia-fashion.pl\/wp-content\/uploads\/2025\/07\/dwurzedowy_plaszcz_trencz_taliowany.jpg\",\"contentUrl\":\"https:\/\/talia-fashion.pl\/wp-content\/uploads\/2025\/07\/dwurzedowy_plaszcz_trencz_taliowany.jpg\",\"width\":1333,\"height\":2000,\"caption\":\"Dwurz\u0119dowy p\u0142aszcz typu trencz. Dopasowany kr\u00f3j. Dodatkowo wi\u0105zany.\"},{\"@type\":\"BreadcrumbList\",\"@id\":\"https:\/\/talia-fashion.pl\/produkt\/dwurzedowy-plaszcz-o-fasonie-trencza-karla\/#breadcrumb\",\"itemListElement\":[{\"@type\":\"ListItem\",\"position\":1,\"name\":\"Strona g\u0142\u00f3wna\",\"item\":\"https:\/\/talia-fashion.pl\/\"},{\"@type\":\"ListItem\",\"position\":2,\"name\":\"Sklep\",\"item\":\"https:\/\/talia-fashion.pl\/sklep\/\"},{\"@type\":\"ListItem\",\"position\":3,\"name\":\"Dwurz\u0119dowy p\u0142aszcz o fasonie trencza Karla\"}]},{\"@type\":\"WebSite\",\"@id\":\"https:\/\/talia-fashion.pl\/#website\",\"url\":\"https:\/\/talia-fashion.pl\/\",\"name\":\"Talia Fashion\",\"description\":\"\",\"potentialAction\":[{\"@type\":\"SearchAction\",\"target\":{\"@type\":\"EntryPoint\",\"urlTemplate\":\"https:\/\/talia-fashion.pl\/?s={search_term_string}\"},\"query-input\":{\"@type\":\"PropertyValueSpecification\",\"valueRequired\":true,\"valueName\":\"search_term_string\"}}],\"inLanguage\":\"en-GB\"}]}<\/script>\n<!-- \/ Yoast SEO plugin. -->","yoast_head_json":{"title":"Dwurz\u0119dowy p\u0142aszcz o fasonie trencza Karla - kultowy model p\u0142aszcza","description":"Dwurz\u0119dowy p\u0142aszcz o fasonie trencza. Klasyczny, dopasowany fason podkre\u015blaj\u0105cy sylwetk\u0119. Wi\u0105zany w pasie. Idealny na wiosn\u0119.","robots":{"index":"index","follow":"follow","max-snippet":"max-snippet:-1","max-image-preview":"max-image-preview:large","max-video-preview":"max-video-preview:-1"},"canonical":"https:\/\/talia-fashion.pl\/en\/product\/dwurzedowy-plaszcz-o-fasonie-trencza-karla\/","og_locale":"en_GB","og_type":"article","og_title":"Dwurz\u0119dowy p\u0142aszcz o fasonie trencza Karla - kultowy model p\u0142aszcza","og_description":"Dwurz\u0119dowy p\u0142aszcz o fasonie trencza. Klasyczny, dopasowany fason podkre\u015blaj\u0105cy sylwetk\u0119. Wi\u0105zany w pasie. Idealny na wiosn\u0119.","og_url":"https:\/\/talia-fashion.pl\/en\/product\/dwurzedowy-plaszcz-o-fasonie-trencza-karla\/","og_site_name":"Talia Fashion","article_modified_time":"2026-04-15T06:58:21+00:00","og_image":[{"width":1333,"height":2000,"url":"https:\/\/talia-fashion.pl\/wp-content\/uploads\/2025\/07\/dwurzedowy_plaszcz_trencz_taliowany.jpg","type":"image\/jpeg"}],"twitter_card":"summary_large_image","twitter_misc":{"Estimated reading time":"3 minutes"},"schema":{"@context":"https:\/\/schema.org","@graph":[{"@type":"WebPage","@id":"https:\/\/talia-fashion.pl\/produkt\/dwurzedowy-plaszcz-o-fasonie-trencza-karla\/","url":"https:\/\/talia-fashion.pl\/produkt\/dwurzedowy-plaszcz-o-fasonie-trencza-karla\/","name":"Dwurz\u0119dowy p\u0142aszcz o fasonie trencza Karla - kultowy model p\u0142aszcza","isPartOf":{"@id":"https:\/\/talia-fashion.pl\/#website"},"primaryImageOfPage":{"@id":"https:\/\/talia-fashion.pl\/produkt\/dwurzedowy-plaszcz-o-fasonie-trencza-karla\/#primaryimage"},"image":{"@id":"https:\/\/talia-fashion.pl\/produkt\/dwurzedowy-plaszcz-o-fasonie-trencza-karla\/#primaryimage"},"thumbnailUrl":"https:\/\/talia-fashion.pl\/wp-content\/uploads\/2025\/07\/dwurzedowy_plaszcz_trencz_taliowany.jpg","datePublished":"2020-03-11T10:17:47+00:00","dateModified":"2026-04-15T06:58:21+00:00","description":"Dwurz\u0119dowy p\u0142aszcz o fasonie trencza. Klasyczny, dopasowany fason podkre\u015blaj\u0105cy sylwetk\u0119. Wi\u0105zany w pasie. Idealny na wiosn\u0119.","breadcrumb":{"@id":"https:\/\/talia-fashion.pl\/produkt\/dwurzedowy-plaszcz-o-fasonie-trencza-karla\/#breadcrumb"},"inLanguage":"en-GB","potentialAction":[{"@type":"ReadAction","target":["https:\/\/talia-fashion.pl\/produkt\/dwurzedowy-plaszcz-o-fasonie-trencza-karla\/"]}]},{"@type":"ImageObject","inLanguage":"en-GB","@id":"https:\/\/talia-fashion.pl\/produkt\/dwurzedowy-plaszcz-o-fasonie-trencza-karla\/#primaryimage","url":"https:\/\/talia-fashion.pl\/wp-content\/uploads\/2025\/07\/dwurzedowy_plaszcz_trencz_taliowany.jpg","contentUrl":"https:\/\/talia-fashion.pl\/wp-content\/uploads\/2025\/07\/dwurzedowy_plaszcz_trencz_taliowany.jpg","width":1333,"height":2000,"caption":"Dwurz\u0119dowy p\u0142aszcz typu trencz. Dopasowany kr\u00f3j. Dodatkowo wi\u0105zany."},{"@type":"BreadcrumbList","@id":"https:\/\/talia-fashion.pl\/produkt\/dwurzedowy-plaszcz-o-fasonie-trencza-karla\/#breadcrumb","itemListElement":[{"@type":"ListItem","position":1,"name":"Strona g\u0142\u00f3wna","item":"https:\/\/talia-fashion.pl\/"},{"@type":"ListItem","position":2,"name":"Sklep","item":"https:\/\/talia-fashion.pl\/sklep\/"},{"@type":"ListItem","position":3,"name":"Dwurz\u0119dowy p\u0142aszcz o fasonie trencza Karla"}]},{"@type":"WebSite","@id":"https:\/\/talia-fashion.pl\/#website","url":"https:\/\/talia-fashion.pl\/","name":"Talia Fashion","description":"","potentialAction":[{"@type":"SearchAction","target":{"@type":"EntryPoint","urlTemplate":"https:\/\/talia-fashion.pl\/?s={search_term_string}"},"query-input":{"@type":"PropertyValueSpecification","valueRequired":true,"valueName":"search_term_string"}}],"inLanguage":"en-GB"}]}},"_links":{"self":[{"href":"https:\/\/talia-fashion.pl\/en\/wp-json\/wp\/v2\/product\/4106","targetHints":{"allow":["GET"]}}],"collection":[{"href":"https:\/\/talia-fashion.pl\/en\/wp-json\/wp\/v2\/product"}],"about":[{"href":"https:\/\/talia-fashion.pl\/en\/wp-json\/wp\/v2\/types\/product"}],"wp:featuredmedia":[{"embeddable":true,"href":"https:\/\/talia-fashion.pl\/en\/wp-json\/wp\/v2\/media\/4107"}],"wp:attachment":[{"href":"https:\/\/talia-fashion.pl\/en\/wp-json\/wp\/v2\/media?parent=4106"}],"wp:term":[{"taxonomy":"product_cat","embeddable":true,"href":"https:\/\/talia-fashion.pl\/en\/wp-json\/wp\/v2\/product_cat?post=4106"},{"taxonomy":"product_tag","embeddable":true,"href":"https:\/\/talia-fashion.pl\/en\/wp-json\/wp\/v2\/product_tag?post=4106"}],"curies":[{"name":"wp","href":"https:\/\/api.w.org\/{rel}","templated":true}]}}