{"id":4099,"date":"2020-03-09T12:14:44","date_gmt":"2020-03-09T11:14:44","guid":{"rendered":"http:\/\/talia-fashion.pl\/produkt\/plaszcz-o-kroju-marynarki-barcelona\/"},"modified":"2026-02-13T10:08:16","modified_gmt":"2026-02-13T09:08:16","slug":"plaszcz-o-kroju-marynarki-barcelona","status":"publish","type":"product","link":"https:\/\/talia-fashion.pl\/en\/product\/plaszcz-o-kroju-marynarki-barcelona\/","title":{"rendered":"Barcelona jacket cut coat"},"content":{"rendered":"<p><span lang=\"DE\">P\u0142aszcz o kroju marynarki Barcelona &#8211; idealna propozycja na wierzchnie okrycie wiosenne. Prosty kr\u00f3j dwurz\u0119dowy, zapinany na guziki. Guziki szylkretowe. Prz\u00f3d ozdobiony dekoracyjnymi patkami nad kieszeniami. Sko\u015bne kieszenie boczne, wpuszczane. Ty\u0142 p\u0142aszcza delikatnie profilowany. Bez rozci\u0119cia na dole z ty\u0142u. Subtelny, wyk\u0142adany ko\u0142nierz typu rewers. Klasyczna linia ramion. R\u0119kawy ozdobione guzikami. P\u0142aszczyk w ca\u0142o\u015bci na podszewce.<\/span><\/p>\n<p>Barcelona, w rozmiarze o jeden wi\u0119kszym ni\u017c potrzebujesz, \u015bwietnie sprawdzi si\u0119 w super modnej roli oversizowej marynarki. Prosty, swobodny kr\u00f3j zagwarantuje Ci komfort noszenia a trendy kolory sprawi\u0105, \u017ce poczujesz wiosenny przyp\u0142yw energii. Ten p\u0142aszczyk niew\u0105tpliwie b\u0119dzie gra\u0142 pierwsze skrzypce w casualowych stylizacjach. Pasuje zar\u00f3wno do d\u017cins\u00f3w, spodni na kant, jak i sukienek.<\/p>\n<p><span lang=\"DE\">Zdj\u0119cie rzeczywiste &#8211; r\u00f3\u017cowy<\/span><\/p>\n<p><span lang=\"DE\">Dost\u0119pne kolory prezentujemy w naszej <a href=\"https:\/\/talia-fashion.pl\/en\/paleta-kolorow\/\">Colour palette<\/a> a tak\u017ce w innych fasonach p\u0142aszczy, na pozosta\u0142ych aukcjach. W razie w\u0105tpliwo\u015bci odno\u015bnie koloru, prosimy o kontakt.<\/span><\/p>\n<p><span lang=\"DE\">Available sizes: XS, S, M, L<\/span><\/p>\n<p><span lang=\"DE\">Indicative dimensions:<\/span><br \/>\nXS \u2013 biust: 86-88 \/ biodra: 94-96 \/ d\u0142ugo\u015b\u0107: 80 \/ szeroko\u015b\u0107 ramion 34,5-35 \/\u00a0r\u0119kaw: 61<br \/>\nS \u2013 biust: 90-92 \/ biodra: 98-100 \/ d\u0142ugo\u015b\u0107: 80 \/ szeroko\u015b\u0107 ramion 35,5-36 \/ r\u0119kaw: 62<br \/>\nM \u2013 biust: 94-96 \/ biodra: 102-104 \/ d\u0142ugo\u015b\u0107: 80 \/ szeroko\u015b\u0107 ramion 37-37,5 \/ r\u0119kaw: 62<br \/>\nL \u2013 biust: 98-100 \/ biodra: 106-108 \/ d\u0142ugo\u015b\u0107:81 \/ szeroko\u015b\u0107 ramion 39,5-40 \/\u00a0r\u0119kaw: 63<br \/>\nXL \u2013 biust: 104-106 \/ biodra: 112-114 \/ d\u0142ugo\u015b\u0107:81 \/ \u00a0<span lang=\"DE\">shoulder width 42-42.5 \/\u00a0<\/span>sleeve: 63<\/p>\n<p><span lang=\"DE\">Interpretacj\u0119 powy\u017cszej tabeli przedstawiamy w naszej zak\u0142adce <a href=\"https:\/\/talia-fashion.pl\/en\/jak-dobrac-rozmiar\/\">How to choose a size?<\/a>, znajdziesz tam r\u00f3wnie\u017c wskaz\u00f3wki jak si\u0119 zmierzy\u0107.<\/span><\/p>\n<p><span lang=\"DE\">Material: 63% polyester, 33% viscose, 4% elastane<\/span><\/p>\n<p>Lining: 100% acetate<\/p>\n<p>Like viscose, acetate is produced from cellulose. Acetate yarn can also be made from recycled cellulose such as paper. The acetate lining is excellent at absorbing moisture and allowing air to pass through. It is coated with an antistatic apprettee and is OEKOtex\u00ae Standard 100 certified.<\/p>\n<p>The coat should be dry-cleaned. In addition, we suggest how to easily take care of your coat to enjoy it for years to come\u00a0<a href=\"https:\/\/talia-fashion.pl\/en\/jak-pielegnowac-i-dbac-o-plaszcz\/\">How to nurture and care for the coat?<\/a>\u00a0Proper hanging, airing and avoiding snagging will ensure that your coat stays beautiful for a long time. With proper care, you are prolonging the life of your wardrobe and helping to protect the environment.<\/p>\n<p><span lang=\"DE\">P\u0142aszcz o kroju marynarki Barcelona zaprojektowali\u015bmy i szyjemy w naszej pracowni, tradycyjn\u0105 rzemie\u015blnicz\u0105 metod\u0105.<\/span><\/p>\n<p><span lang=\"DE\">We also offer the possibility of <strong>Individual orders<\/strong>, czyli z drobnymi modyfikacjami na \u017cyczenie Klienta. W p\u0142aszczyku mo\u017cemy skr\u00f3ci\u0107, b\u0105d\u017a wyd\u0142u\u017cy\u0107 r\u0119kawy, skr\u00f3ci\u0107 lub wyd\u0142u\u017cy\u0107 d\u0142ugo\u015b\u0107 p\u0142aszcza. Koszt takiej us\u0142ugi ustalamy indywidualnie po uprzednim kontakcie.<\/span><\/p>\n<p><span lang=\"DE\">Czas realizacji uzale\u017cniamy od aktualnego stanu magazynowego w firmie oraz dost\u0119pno\u015bci danego koloru materia\u0142u. Je\u015bli dany p\u0142aszcz jest dost\u0119pny w firmie, realizacja zam\u00f3wienia nast\u0105pi bardzo szybko 2-5 dni roboczych. Je\u015bli konieczna jest uszycie p\u0142aszcza lub indywidualizacja zam\u00f3wienia \u2013 wykonanie przer\u00f3bki lub uszycie nowego p\u0142aszcza \u2013 czas realizacji zam\u00f3wienia mo\u017ce ulec wyd\u0142u\u017ceniu, maksymalnie do 2 tygodni.<\/span><\/p>\n<p>Prosimy o cierpliwo\u015b\u0107, musimy uszy\u0107 ten p\u0142aszczyk dla Ciebie.<\/p>\n<p>You are welcome, stay with us and watch us on\u00a0<a href=\"https:\/\/www.facebook.com\/talia.plaszcze\">Facebook<\/a>\u00a0and\u00a0<a href=\"https:\/\/www.instagram.com\/talia_plaszcze\/\">Instagram<\/a>.<\/p>","protected":false},"excerpt":{"rendered":"<p>P\u0142aszcz o kroju marynarki Barcelona &#8211; idealna propozycja na wierzchnie okrycie wiosenne. Prosty kr\u00f3j dwurz\u0119dowy, zapinany na guziki. Guziki szylkretowe. Prz\u00f3d ozdobiony&hellip;<\/p>","protected":false},"featured_media":400,"template":"","meta":{"_acf_changed":false},"product_cat":[55],"product_tag":[78,34,39,40,90,80,116,41,42,43,47,84,49,50,51,52,117],"class_list":{"0":"post-4099","1":"product","2":"type-product","3":"status-publish","4":"has-post-thumbnail","6":"product_cat-plaszcze-krotsze","7":"product_tag-dla-roznych-sylwetek","8":"product_tag-handmade","9":"product_tag-klasyczny","10":"product_tag-kolnierz","11":"product_tag-krotki-plaszcz","12":"product_tag-luzny-kroj","13":"product_tag-marynarka","14":"product_tag-na-podszewce","15":"product_tag-nowosc","16":"product_tag-plaszcz-damski","17":"product_tag-plaszcz-na-guziki","18":"product_tag-plaszcz-oversizowy","19":"product_tag-plaszcz-wiosenny","20":"product_tag-plaszcz-z-rewersem","21":"product_tag-prosty","22":"product_tag-szylkretowe-guziki","23":"product_tag-zakiet","25":"first","26":"instock","27":"shipping-taxable","28":"purchasable","29":"product-type-variable","30":"has-default-attributes"},"acf":[],"yoast_head":"<!-- This site is optimized with the Yoast SEO plugin v25.7 - https:\/\/yoast.com\/wordpress\/plugins\/seo\/ -->\n<title>P\u0142aszcz o kroju marynarki Barcelona - kolekcja p\u0142aszczy damskich<\/title>\n<meta name=\"description\" content=\"P\u0142aszcz o kroju marynarki Barcelona polecamy jako wiosenne, lekkie okrycie wierzchnie. P\u0142aszcze szyjemy r\u0119cznie w naszej pracowni.\" \/>\n<meta name=\"robots\" content=\"index, follow, max-snippet:-1, max-image-preview:large, max-video-preview:-1\" \/>\n<link rel=\"canonical\" href=\"https:\/\/talia-fashion.pl\/en\/product\/plaszcz-o-kroju-marynarki-barcelona\/\" \/>\n<meta property=\"og:locale\" content=\"en_GB\" \/>\n<meta property=\"og:type\" content=\"article\" \/>\n<meta property=\"og:title\" content=\"P\u0142aszcz o kroju marynarki Barcelona - kolekcja p\u0142aszczy damskich\" \/>\n<meta property=\"og:description\" content=\"P\u0142aszcz o kroju marynarki Barcelona polecamy jako wiosenne, lekkie okrycie wierzchnie. P\u0142aszcze szyjemy r\u0119cznie w naszej pracowni.\" \/>\n<meta property=\"og:url\" content=\"https:\/\/talia-fashion.pl\/en\/product\/plaszcz-o-kroju-marynarki-barcelona\/\" \/>\n<meta property=\"og:site_name\" content=\"Talia Fashion\" \/>\n<meta property=\"article:modified_time\" content=\"2026-02-13T09:08:16+00:00\" \/>\n<meta property=\"og:image\" content=\"https:\/\/talia-fashion.pl\/wp-content\/uploads\/2024\/10\/plaszcz-kroj-marynarki-rozowy.jpg\" \/>\n\t<meta property=\"og:image:width\" content=\"1000\" \/>\n\t<meta property=\"og:image:height\" content=\"1500\" \/>\n\t<meta property=\"og:image:type\" content=\"image\/jpeg\" \/>\n<meta name=\"twitter:card\" content=\"summary_large_image\" \/>\n<meta name=\"twitter:label1\" content=\"Estimated reading time\" \/>\n\t<meta name=\"twitter:data1\" content=\"3 minutes\" \/>\n<script type=\"application\/ld+json\" class=\"yoast-schema-graph\">{\"@context\":\"https:\/\/schema.org\",\"@graph\":[{\"@type\":\"WebPage\",\"@id\":\"https:\/\/talia-fashion.pl\/produkt\/plaszcz-o-kroju-marynarki-barcelona\/\",\"url\":\"https:\/\/talia-fashion.pl\/produkt\/plaszcz-o-kroju-marynarki-barcelona\/\",\"name\":\"P\u0142aszcz o kroju marynarki Barcelona - kolekcja p\u0142aszczy damskich\",\"isPartOf\":{\"@id\":\"https:\/\/talia-fashion.pl\/#website\"},\"primaryImageOfPage\":{\"@id\":\"https:\/\/talia-fashion.pl\/produkt\/plaszcz-o-kroju-marynarki-barcelona\/#primaryimage\"},\"image\":{\"@id\":\"https:\/\/talia-fashion.pl\/produkt\/plaszcz-o-kroju-marynarki-barcelona\/#primaryimage\"},\"thumbnailUrl\":\"https:\/\/talia-fashion.pl\/wp-content\/uploads\/2024\/10\/plaszcz-kroj-marynarki-rozowy.jpg\",\"datePublished\":\"2020-03-09T11:14:44+00:00\",\"dateModified\":\"2026-02-13T09:08:16+00:00\",\"description\":\"P\u0142aszcz o kroju marynarki Barcelona polecamy jako wiosenne, lekkie okrycie wierzchnie. P\u0142aszcze szyjemy r\u0119cznie w naszej pracowni.\",\"breadcrumb\":{\"@id\":\"https:\/\/talia-fashion.pl\/produkt\/plaszcz-o-kroju-marynarki-barcelona\/#breadcrumb\"},\"inLanguage\":\"en-GB\",\"potentialAction\":[{\"@type\":\"ReadAction\",\"target\":[\"https:\/\/talia-fashion.pl\/produkt\/plaszcz-o-kroju-marynarki-barcelona\/\"]}]},{\"@type\":\"ImageObject\",\"inLanguage\":\"en-GB\",\"@id\":\"https:\/\/talia-fashion.pl\/produkt\/plaszcz-o-kroju-marynarki-barcelona\/#primaryimage\",\"url\":\"https:\/\/talia-fashion.pl\/wp-content\/uploads\/2024\/10\/plaszcz-kroj-marynarki-rozowy.jpg\",\"contentUrl\":\"https:\/\/talia-fashion.pl\/wp-content\/uploads\/2024\/10\/plaszcz-kroj-marynarki-rozowy.jpg\",\"width\":1000,\"height\":1500,\"caption\":\"P\u0142aszcz o kroju marynarki, dwurz\u0119dowy z ozdobnymi patkami nad kieszeniami.\"},{\"@type\":\"BreadcrumbList\",\"@id\":\"https:\/\/talia-fashion.pl\/produkt\/plaszcz-o-kroju-marynarki-barcelona\/#breadcrumb\",\"itemListElement\":[{\"@type\":\"ListItem\",\"position\":1,\"name\":\"Strona g\u0142\u00f3wna\",\"item\":\"https:\/\/talia-fashion.pl\/\"},{\"@type\":\"ListItem\",\"position\":2,\"name\":\"Sklep\",\"item\":\"https:\/\/talia-fashion.pl\/sklep\/\"},{\"@type\":\"ListItem\",\"position\":3,\"name\":\"P\u0142aszcz o kroju marynarki Barcelona\"}]},{\"@type\":\"WebSite\",\"@id\":\"https:\/\/talia-fashion.pl\/#website\",\"url\":\"https:\/\/talia-fashion.pl\/\",\"name\":\"Talia Fashion\",\"description\":\"\",\"potentialAction\":[{\"@type\":\"SearchAction\",\"target\":{\"@type\":\"EntryPoint\",\"urlTemplate\":\"https:\/\/talia-fashion.pl\/?s={search_term_string}\"},\"query-input\":{\"@type\":\"PropertyValueSpecification\",\"valueRequired\":true,\"valueName\":\"search_term_string\"}}],\"inLanguage\":\"en-GB\"}]}<\/script>\n<!-- \/ Yoast SEO plugin. -->","yoast_head_json":{"title":"P\u0142aszcz o kroju marynarki Barcelona - kolekcja p\u0142aszczy damskich","description":"P\u0142aszcz o kroju marynarki Barcelona polecamy jako wiosenne, lekkie okrycie wierzchnie. P\u0142aszcze szyjemy r\u0119cznie w naszej pracowni.","robots":{"index":"index","follow":"follow","max-snippet":"max-snippet:-1","max-image-preview":"max-image-preview:large","max-video-preview":"max-video-preview:-1"},"canonical":"https:\/\/talia-fashion.pl\/en\/product\/plaszcz-o-kroju-marynarki-barcelona\/","og_locale":"en_GB","og_type":"article","og_title":"P\u0142aszcz o kroju marynarki Barcelona - kolekcja p\u0142aszczy damskich","og_description":"P\u0142aszcz o kroju marynarki Barcelona polecamy jako wiosenne, lekkie okrycie wierzchnie. P\u0142aszcze szyjemy r\u0119cznie w naszej pracowni.","og_url":"https:\/\/talia-fashion.pl\/en\/product\/plaszcz-o-kroju-marynarki-barcelona\/","og_site_name":"Talia Fashion","article_modified_time":"2026-02-13T09:08:16+00:00","og_image":[{"width":1000,"height":1500,"url":"https:\/\/talia-fashion.pl\/wp-content\/uploads\/2024\/10\/plaszcz-kroj-marynarki-rozowy.jpg","type":"image\/jpeg"}],"twitter_card":"summary_large_image","twitter_misc":{"Estimated reading time":"3 minutes"},"schema":{"@context":"https:\/\/schema.org","@graph":[{"@type":"WebPage","@id":"https:\/\/talia-fashion.pl\/produkt\/plaszcz-o-kroju-marynarki-barcelona\/","url":"https:\/\/talia-fashion.pl\/produkt\/plaszcz-o-kroju-marynarki-barcelona\/","name":"P\u0142aszcz o kroju marynarki Barcelona - kolekcja p\u0142aszczy damskich","isPartOf":{"@id":"https:\/\/talia-fashion.pl\/#website"},"primaryImageOfPage":{"@id":"https:\/\/talia-fashion.pl\/produkt\/plaszcz-o-kroju-marynarki-barcelona\/#primaryimage"},"image":{"@id":"https:\/\/talia-fashion.pl\/produkt\/plaszcz-o-kroju-marynarki-barcelona\/#primaryimage"},"thumbnailUrl":"https:\/\/talia-fashion.pl\/wp-content\/uploads\/2024\/10\/plaszcz-kroj-marynarki-rozowy.jpg","datePublished":"2020-03-09T11:14:44+00:00","dateModified":"2026-02-13T09:08:16+00:00","description":"P\u0142aszcz o kroju marynarki Barcelona polecamy jako wiosenne, lekkie okrycie wierzchnie. P\u0142aszcze szyjemy r\u0119cznie w naszej pracowni.","breadcrumb":{"@id":"https:\/\/talia-fashion.pl\/produkt\/plaszcz-o-kroju-marynarki-barcelona\/#breadcrumb"},"inLanguage":"en-GB","potentialAction":[{"@type":"ReadAction","target":["https:\/\/talia-fashion.pl\/produkt\/plaszcz-o-kroju-marynarki-barcelona\/"]}]},{"@type":"ImageObject","inLanguage":"en-GB","@id":"https:\/\/talia-fashion.pl\/produkt\/plaszcz-o-kroju-marynarki-barcelona\/#primaryimage","url":"https:\/\/talia-fashion.pl\/wp-content\/uploads\/2024\/10\/plaszcz-kroj-marynarki-rozowy.jpg","contentUrl":"https:\/\/talia-fashion.pl\/wp-content\/uploads\/2024\/10\/plaszcz-kroj-marynarki-rozowy.jpg","width":1000,"height":1500,"caption":"P\u0142aszcz o kroju marynarki, dwurz\u0119dowy z ozdobnymi patkami nad kieszeniami."},{"@type":"BreadcrumbList","@id":"https:\/\/talia-fashion.pl\/produkt\/plaszcz-o-kroju-marynarki-barcelona\/#breadcrumb","itemListElement":[{"@type":"ListItem","position":1,"name":"Strona g\u0142\u00f3wna","item":"https:\/\/talia-fashion.pl\/"},{"@type":"ListItem","position":2,"name":"Sklep","item":"https:\/\/talia-fashion.pl\/sklep\/"},{"@type":"ListItem","position":3,"name":"P\u0142aszcz o kroju marynarki Barcelona"}]},{"@type":"WebSite","@id":"https:\/\/talia-fashion.pl\/#website","url":"https:\/\/talia-fashion.pl\/","name":"Talia Fashion","description":"","potentialAction":[{"@type":"SearchAction","target":{"@type":"EntryPoint","urlTemplate":"https:\/\/talia-fashion.pl\/?s={search_term_string}"},"query-input":{"@type":"PropertyValueSpecification","valueRequired":true,"valueName":"search_term_string"}}],"inLanguage":"en-GB"}]}},"_links":{"self":[{"href":"https:\/\/talia-fashion.pl\/en\/wp-json\/wp\/v2\/product\/4099","targetHints":{"allow":["GET"]}}],"collection":[{"href":"https:\/\/talia-fashion.pl\/en\/wp-json\/wp\/v2\/product"}],"about":[{"href":"https:\/\/talia-fashion.pl\/en\/wp-json\/wp\/v2\/types\/product"}],"wp:featuredmedia":[{"embeddable":true,"href":"https:\/\/talia-fashion.pl\/en\/wp-json\/wp\/v2\/media\/400"}],"wp:attachment":[{"href":"https:\/\/talia-fashion.pl\/en\/wp-json\/wp\/v2\/media?parent=4099"}],"wp:term":[{"taxonomy":"product_cat","embeddable":true,"href":"https:\/\/talia-fashion.pl\/en\/wp-json\/wp\/v2\/product_cat?post=4099"},{"taxonomy":"product_tag","embeddable":true,"href":"https:\/\/talia-fashion.pl\/en\/wp-json\/wp\/v2\/product_tag?post=4099"}],"curies":[{"name":"wp","href":"https:\/\/api.w.org\/{rel}","templated":true}]}}