{"id":4091,"date":"2020-03-02T10:39:06","date_gmt":"2020-03-02T09:39:06","guid":{"rendered":"http:\/\/talia-fashion.pl\/produkt\/damska-welniana-marynarka-dwurzedowa-grey\/"},"modified":"2026-03-27T16:55:07","modified_gmt":"2026-03-27T15:55:07","slug":"damska-welniana-marynarka-dwurzedowa-grey","status":"publish","type":"product","link":"https:\/\/talia-fashion.pl\/en\/product\/damska-welniana-marynarka-dwurzedowa-grey\/","title":{"rendered":"Women's wool double-breasted blazer Grey"},"content":{"rendered":"<p>The women's Grey wool double-breasted blazer is a must-have item in any capsule wardrobe. Featuring a timeless and minimalist cut and base colour. The jacket has a gently shaped back and a straight front. Slightly oversized form - very fashionable and sought after this season. Mid-thigh length. Double-breasted fastening with six buttons. Regular long sleeves decorated at the cuffs with buttons. Two pockets, finished with decorative patches on the front. The slimming, padded collar has been refined at every point for a soft and graceful look. The jacket is lined. No zipper. Worn unbuttoned, it will fit any silhouette. Ideal for creating a wide variety of looks, as it is easy to match with elegant wardrobe pieces as well as everyday outfits. With trousers as well as with a dress, with a white shirt as well as with a cotton T-shirt. The long grey blazer is already a classic, permanently inscribed in the wardrobe canon and which will stay with us for years. Especially as it can be used all year round - as an outer garment from spring to late autumn and as a jacket under a coat on cold winter days.<\/p>\n<p>Actual photo - grey<\/p>\n<p>Available colours: grey<\/p>\n<p>The colours are presented in <a href=\"https:\/\/talia-fashion.pl\/en\/paleta-kolorow\/\">Colour palette.\u00a0 <\/a> If in doubt, please contact us.<\/p>\n<p>Available sizes: XS, S, M, L, XL<\/p>\n<p>Indicative dimensions:<\/p>\n<p>XS - bust: 86-88 \/ hips: 94-96 \/ length: 80 \/ shoulder width 34.5-35 \/ sleeve: 61<br \/>\nS - bust: 90-92 \/ hips: 98-100 \/ length: 80 \/ shoulder width 35.5-36 \/ sleeve: 62<br \/>\nM - bust: 94-96 \/ hips: 102-104 \/ length: 80 \/ shoulder width 37-37.5 \/ sleeve: 62<br \/>\nL - bust: 98-100 \/ hips: 106-108 \/ length:81 \/ shoulder width 39.5-40 \/ sleeve: 63<br \/>\nXL - bust: 104-106 \/ hips: 112-114 \/ length:81 \/ \u00a0<span lang=\"DE\">shoulder width 42-42.5 \/ <\/span>sleeve: 63<\/p>\n<p>We will tell you how to measure your silhouette correctly in the tab\u00a0<a href=\"https:\/\/talia-fashion.pl\/en\/jak-dobrac-rozmiar\/\">How do you choose the right size?<\/a>\u00a0Current trends give us a lot of freedom, and the bigger the jacket the better. If in doubt about your size, please contact us.<\/p>\n<p>Material: 80% wool, 20% polyamide<\/p>\n<p>Lining: 100% acetate<\/p>\n<p>Like viscose, acetate is produced from cellulose. Acetate yarn can also be made from recycled cellulose such as paper. The acetate lining is excellent at absorbing moisture and permeable to air. It is coated with an antistatic apprette and is OEKOtex\u00ae Standard 100 certified. The lining is pleasant to the body and breathable.<\/p>\n<p>The women's Grey wool double-breasted blazer was designed and sewn in our studio in Poznan. It is an artisanal gem that we have sewn for you and with you in mind, and we have put our whole heart into it. Starting with the handmade cut to create the smallest possible waste, and finishing with the final touching up of the jacket by sewing on the buttons by hand. The jacket was sewn from a high quality deadstock fabric. Previously produced and unused by a well-known designer. We enjoy finding such gems for you. Plus we enjoy reducing overproduction and littering our planet.<\/p>\n<p>At <strong>individual order<\/strong> It is possible to shorten or lengthen the sleeves, to make a shorter or longer jacket - the cost is determined individually after prior contact. <strong>An individual order is not subject to refund or exchange.\u00a0<\/strong><\/p>\n<p><span style=\"font-family: 'Helvetica','sans-serif'; color: #858585; background: white;\">The jacket should be dry-cleaned. For frequent refreshing we recommend <a href=\"https:\/\/talia-fashion.pl\/en\/product\/szczotka-do-czyszczenia-i-pielegnacji-plaszcza\/\">Brush for cleaning and care of the coat<\/a>which you can buy in our shop. However, it is best to air the jacket regularly, hang it on the shaped hanger (included in the purchase), unbutton it while driving and watch out for snags, and it will serve you for years.\u00a0<\/span><\/p>\n<p>The lead time depends on the current stock in the atelier. If the jacket in question is available in the atelier, the order will be fulfilled within 2-5 working days. If it is necessary to sew the jacket or personalise the order - making alterations or sewing a new coat according to the customer's specifications - the lead time can be extended, up to a maximum of 2 weeks.<\/p>\n<p>We make every effort to fulfil all orders as quickly as possible. In line with the idea of sustainability, we avoid overproduction and therefore do not sew to stock. So please be patient. We have to sew the jacket of your dreams for you.<\/p>\n<p>We encourage you to like our profile on <a href=\"https:\/\/www.facebook.com\/talia.plaszcze\">Facebook<\/a>.<\/p>","protected":false},"excerpt":{"rendered":"<p>Damska we\u0142niana marynarka dwurz\u0119dowa Grey to obowi\u0105zkowa pozycja w ka\u017cdej szafie kapsu\u0142owej. Ponadczasowy i minimalistyczny kr\u00f3j oraz bazowy kolor. Marynarka ma delikatnie&hellip;<\/p>","protected":false},"featured_media":390,"template":"","meta":{"_acf_changed":false},"product_cat":[55],"product_tag":[153,37,34,74,116,41,42,154,43,46,68,47,85,49,50,69,51,97,53,117],"class_list":{"0":"post-4091","1":"product","2":"type-product","3":"status-publish","4":"has-post-thumbnail","6":"product_cat-plaszcze-krotsze","7":"product_tag-blazer","8":"product_tag-dyplomatka","9":"product_tag-handmade","10":"product_tag-kurtka-damska","11":"product_tag-marynarka","12":"product_tag-na-podszewce","13":"product_tag-nowosc","14":"product_tag-pepitka","15":"product_tag-plaszcz-damski","16":"product_tag-plaszcz-dwurzedowy","17":"product_tag-plaszcz-jesienny","18":"product_tag-plaszcz-na-guziki","19":"product_tag-plaszcz-welniany","20":"product_tag-plaszcz-wiosenny","21":"product_tag-plaszcz-z-rewersem","22":"product_tag-prochowiec","23":"product_tag-prosty","24":"product_tag-trencz","25":"product_tag-welna","26":"product_tag-zakiet","28":"first","29":"outofstock","30":"shipping-taxable","31":"purchasable","32":"product-type-variable","33":"has-default-attributes"},"acf":[],"yoast_head":"<!-- This site is optimized with the Yoast SEO plugin v25.7 - https:\/\/yoast.com\/wordpress\/plugins\/seo\/ -->\n<title>Damska we\u0142niana marynarka dwurz\u0119dowa Grey - szyta w Polsce<\/title>\n<meta name=\"description\" content=\"Damska we\u0142niana marynarka dwurz\u0119dowa to nasza najnowsza propozycja na wiosn\u0119. P\u0142aszcze projektujemy i szyjemy r\u0119cznie w pracowni w Poznaniu.\" \/>\n<meta name=\"robots\" content=\"index, follow, max-snippet:-1, max-image-preview:large, max-video-preview:-1\" \/>\n<link rel=\"canonical\" href=\"https:\/\/talia-fashion.pl\/en\/product\/damska-welniana-marynarka-dwurzedowa-grey\/\" \/>\n<meta property=\"og:locale\" content=\"en_GB\" \/>\n<meta property=\"og:type\" content=\"article\" \/>\n<meta property=\"og:title\" content=\"Damska we\u0142niana marynarka dwurz\u0119dowa Grey - szyta w Polsce\" \/>\n<meta property=\"og:description\" content=\"Damska we\u0142niana marynarka dwurz\u0119dowa to nasza najnowsza propozycja na wiosn\u0119. P\u0142aszcze projektujemy i szyjemy r\u0119cznie w pracowni w Poznaniu.\" \/>\n<meta property=\"og:url\" content=\"https:\/\/talia-fashion.pl\/en\/product\/damska-welniana-marynarka-dwurzedowa-grey\/\" \/>\n<meta property=\"og:site_name\" content=\"Talia Fashion\" \/>\n<meta property=\"article:modified_time\" content=\"2026-03-27T15:55:07+00:00\" \/>\n<meta property=\"og:image\" content=\"https:\/\/talia-fashion.pl\/wp-content\/uploads\/2024\/10\/damska_welniana_marynarka_dwurzedowa_szara_krotki_plaszcz_dyplomatka.jpg\" \/>\n\t<meta property=\"og:image:width\" content=\"1500\" \/>\n\t<meta property=\"og:image:height\" content=\"2000\" \/>\n\t<meta property=\"og:image:type\" content=\"image\/jpeg\" \/>\n<meta name=\"twitter:card\" content=\"summary_large_image\" \/>\n<meta name=\"twitter:label1\" content=\"Estimated reading time\" \/>\n\t<meta name=\"twitter:data1\" content=\"3 minutes\" \/>\n<script type=\"application\/ld+json\" class=\"yoast-schema-graph\">{\"@context\":\"https:\/\/schema.org\",\"@graph\":[{\"@type\":\"WebPage\",\"@id\":\"https:\/\/talia-fashion.pl\/produkt\/damska-welniana-marynarka-dwurzedowa-grey\/\",\"url\":\"https:\/\/talia-fashion.pl\/produkt\/damska-welniana-marynarka-dwurzedowa-grey\/\",\"name\":\"Damska we\u0142niana marynarka dwurz\u0119dowa Grey - szyta w Polsce\",\"isPartOf\":{\"@id\":\"https:\/\/talia-fashion.pl\/#website\"},\"primaryImageOfPage\":{\"@id\":\"https:\/\/talia-fashion.pl\/produkt\/damska-welniana-marynarka-dwurzedowa-grey\/#primaryimage\"},\"image\":{\"@id\":\"https:\/\/talia-fashion.pl\/produkt\/damska-welniana-marynarka-dwurzedowa-grey\/#primaryimage\"},\"thumbnailUrl\":\"https:\/\/talia-fashion.pl\/wp-content\/uploads\/2024\/10\/damska_welniana_marynarka_dwurzedowa_szara_krotki_plaszcz_dyplomatka.jpg\",\"datePublished\":\"2020-03-02T09:39:06+00:00\",\"dateModified\":\"2026-03-27T15:55:07+00:00\",\"description\":\"Damska we\u0142niana marynarka dwurz\u0119dowa to nasza najnowsza propozycja na wiosn\u0119. P\u0142aszcze projektujemy i szyjemy r\u0119cznie w pracowni w Poznaniu.\",\"breadcrumb\":{\"@id\":\"https:\/\/talia-fashion.pl\/produkt\/damska-welniana-marynarka-dwurzedowa-grey\/#breadcrumb\"},\"inLanguage\":\"en-GB\",\"potentialAction\":[{\"@type\":\"ReadAction\",\"target\":[\"https:\/\/talia-fashion.pl\/produkt\/damska-welniana-marynarka-dwurzedowa-grey\/\"]}]},{\"@type\":\"ImageObject\",\"inLanguage\":\"en-GB\",\"@id\":\"https:\/\/talia-fashion.pl\/produkt\/damska-welniana-marynarka-dwurzedowa-grey\/#primaryimage\",\"url\":\"https:\/\/talia-fashion.pl\/wp-content\/uploads\/2024\/10\/damska_welniana_marynarka_dwurzedowa_szara_krotki_plaszcz_dyplomatka.jpg\",\"contentUrl\":\"https:\/\/talia-fashion.pl\/wp-content\/uploads\/2024\/10\/damska_welniana_marynarka_dwurzedowa_szara_krotki_plaszcz_dyplomatka.jpg\",\"width\":1500,\"height\":2000,\"caption\":\"Damska we\u0142niana marynarka dwurz\u0119dowa w szarym kolorze. Klasyczny kr\u00f3j dyplomatki, bazowy kolor sprawi, i\u017c sprawdzi si\u0119 w ka\u017cdej stylizacji. Ca\u0142a na podszewce. Damska marynarka i kr\u00f3ki p\u0142aszcz.\"},{\"@type\":\"BreadcrumbList\",\"@id\":\"https:\/\/talia-fashion.pl\/produkt\/damska-welniana-marynarka-dwurzedowa-grey\/#breadcrumb\",\"itemListElement\":[{\"@type\":\"ListItem\",\"position\":1,\"name\":\"Strona g\u0142\u00f3wna\",\"item\":\"https:\/\/talia-fashion.pl\/\"},{\"@type\":\"ListItem\",\"position\":2,\"name\":\"Sklep\",\"item\":\"https:\/\/talia-fashion.pl\/sklep\/\"},{\"@type\":\"ListItem\",\"position\":3,\"name\":\"Damska we\u0142niana marynarka dwurz\u0119dowa Grey\"}]},{\"@type\":\"WebSite\",\"@id\":\"https:\/\/talia-fashion.pl\/#website\",\"url\":\"https:\/\/talia-fashion.pl\/\",\"name\":\"Talia Fashion\",\"description\":\"\",\"potentialAction\":[{\"@type\":\"SearchAction\",\"target\":{\"@type\":\"EntryPoint\",\"urlTemplate\":\"https:\/\/talia-fashion.pl\/?s={search_term_string}\"},\"query-input\":{\"@type\":\"PropertyValueSpecification\",\"valueRequired\":true,\"valueName\":\"search_term_string\"}}],\"inLanguage\":\"en-GB\"}]}<\/script>\n<!-- \/ Yoast SEO plugin. -->","yoast_head_json":{"title":"Damska we\u0142niana marynarka dwurz\u0119dowa Grey - szyta w Polsce","description":"Damska we\u0142niana marynarka dwurz\u0119dowa to nasza najnowsza propozycja na wiosn\u0119. P\u0142aszcze projektujemy i szyjemy r\u0119cznie w pracowni w Poznaniu.","robots":{"index":"index","follow":"follow","max-snippet":"max-snippet:-1","max-image-preview":"max-image-preview:large","max-video-preview":"max-video-preview:-1"},"canonical":"https:\/\/talia-fashion.pl\/en\/product\/damska-welniana-marynarka-dwurzedowa-grey\/","og_locale":"en_GB","og_type":"article","og_title":"Damska we\u0142niana marynarka dwurz\u0119dowa Grey - szyta w Polsce","og_description":"Damska we\u0142niana marynarka dwurz\u0119dowa to nasza najnowsza propozycja na wiosn\u0119. P\u0142aszcze projektujemy i szyjemy r\u0119cznie w pracowni w Poznaniu.","og_url":"https:\/\/talia-fashion.pl\/en\/product\/damska-welniana-marynarka-dwurzedowa-grey\/","og_site_name":"Talia Fashion","article_modified_time":"2026-03-27T15:55:07+00:00","og_image":[{"width":1500,"height":2000,"url":"https:\/\/talia-fashion.pl\/wp-content\/uploads\/2024\/10\/damska_welniana_marynarka_dwurzedowa_szara_krotki_plaszcz_dyplomatka.jpg","type":"image\/jpeg"}],"twitter_card":"summary_large_image","twitter_misc":{"Estimated reading time":"3 minutes"},"schema":{"@context":"https:\/\/schema.org","@graph":[{"@type":"WebPage","@id":"https:\/\/talia-fashion.pl\/produkt\/damska-welniana-marynarka-dwurzedowa-grey\/","url":"https:\/\/talia-fashion.pl\/produkt\/damska-welniana-marynarka-dwurzedowa-grey\/","name":"Damska we\u0142niana marynarka dwurz\u0119dowa Grey - szyta w Polsce","isPartOf":{"@id":"https:\/\/talia-fashion.pl\/#website"},"primaryImageOfPage":{"@id":"https:\/\/talia-fashion.pl\/produkt\/damska-welniana-marynarka-dwurzedowa-grey\/#primaryimage"},"image":{"@id":"https:\/\/talia-fashion.pl\/produkt\/damska-welniana-marynarka-dwurzedowa-grey\/#primaryimage"},"thumbnailUrl":"https:\/\/talia-fashion.pl\/wp-content\/uploads\/2024\/10\/damska_welniana_marynarka_dwurzedowa_szara_krotki_plaszcz_dyplomatka.jpg","datePublished":"2020-03-02T09:39:06+00:00","dateModified":"2026-03-27T15:55:07+00:00","description":"Damska we\u0142niana marynarka dwurz\u0119dowa to nasza najnowsza propozycja na wiosn\u0119. P\u0142aszcze projektujemy i szyjemy r\u0119cznie w pracowni w Poznaniu.","breadcrumb":{"@id":"https:\/\/talia-fashion.pl\/produkt\/damska-welniana-marynarka-dwurzedowa-grey\/#breadcrumb"},"inLanguage":"en-GB","potentialAction":[{"@type":"ReadAction","target":["https:\/\/talia-fashion.pl\/produkt\/damska-welniana-marynarka-dwurzedowa-grey\/"]}]},{"@type":"ImageObject","inLanguage":"en-GB","@id":"https:\/\/talia-fashion.pl\/produkt\/damska-welniana-marynarka-dwurzedowa-grey\/#primaryimage","url":"https:\/\/talia-fashion.pl\/wp-content\/uploads\/2024\/10\/damska_welniana_marynarka_dwurzedowa_szara_krotki_plaszcz_dyplomatka.jpg","contentUrl":"https:\/\/talia-fashion.pl\/wp-content\/uploads\/2024\/10\/damska_welniana_marynarka_dwurzedowa_szara_krotki_plaszcz_dyplomatka.jpg","width":1500,"height":2000,"caption":"Damska we\u0142niana marynarka dwurz\u0119dowa w szarym kolorze. Klasyczny kr\u00f3j dyplomatki, bazowy kolor sprawi, i\u017c sprawdzi si\u0119 w ka\u017cdej stylizacji. Ca\u0142a na podszewce. Damska marynarka i kr\u00f3ki p\u0142aszcz."},{"@type":"BreadcrumbList","@id":"https:\/\/talia-fashion.pl\/produkt\/damska-welniana-marynarka-dwurzedowa-grey\/#breadcrumb","itemListElement":[{"@type":"ListItem","position":1,"name":"Strona g\u0142\u00f3wna","item":"https:\/\/talia-fashion.pl\/"},{"@type":"ListItem","position":2,"name":"Sklep","item":"https:\/\/talia-fashion.pl\/sklep\/"},{"@type":"ListItem","position":3,"name":"Damska we\u0142niana marynarka dwurz\u0119dowa Grey"}]},{"@type":"WebSite","@id":"https:\/\/talia-fashion.pl\/#website","url":"https:\/\/talia-fashion.pl\/","name":"Talia Fashion","description":"","potentialAction":[{"@type":"SearchAction","target":{"@type":"EntryPoint","urlTemplate":"https:\/\/talia-fashion.pl\/?s={search_term_string}"},"query-input":{"@type":"PropertyValueSpecification","valueRequired":true,"valueName":"search_term_string"}}],"inLanguage":"en-GB"}]}},"_links":{"self":[{"href":"https:\/\/talia-fashion.pl\/en\/wp-json\/wp\/v2\/product\/4091","targetHints":{"allow":["GET"]}}],"collection":[{"href":"https:\/\/talia-fashion.pl\/en\/wp-json\/wp\/v2\/product"}],"about":[{"href":"https:\/\/talia-fashion.pl\/en\/wp-json\/wp\/v2\/types\/product"}],"wp:featuredmedia":[{"embeddable":true,"href":"https:\/\/talia-fashion.pl\/en\/wp-json\/wp\/v2\/media\/390"}],"wp:attachment":[{"href":"https:\/\/talia-fashion.pl\/en\/wp-json\/wp\/v2\/media?parent=4091"}],"wp:term":[{"taxonomy":"product_cat","embeddable":true,"href":"https:\/\/talia-fashion.pl\/en\/wp-json\/wp\/v2\/product_cat?post=4091"},{"taxonomy":"product_tag","embeddable":true,"href":"https:\/\/talia-fashion.pl\/en\/wp-json\/wp\/v2\/product_tag?post=4091"}],"curies":[{"name":"wp","href":"https:\/\/api.w.org\/{rel}","templated":true}]}}