{"id":4082,"date":"2020-01-17T13:32:31","date_gmt":"2020-01-17T12:32:31","guid":{"rendered":"http:\/\/talia-fashion.pl\/produkt\/szary-welniany-plaszcz-z-paskiem-sredniej-dlugosci-ada\/"},"modified":"2026-03-13T12:53:17","modified_gmt":"2026-03-13T11:53:17","slug":"szary-welniany-plaszcz-z-paskiem-sredniej-dlugosci-ada","status":"publish","type":"product","link":"https:\/\/talia-fashion.pl\/en\/product\/szary-welniany-plaszcz-z-paskiem-sredniej-dlugosci-ada\/","title":{"rendered":"Grey wool coat with mid-length belt Ada"},"content":{"rendered":"<p><span lang=\"DE\"><strong>Szary we\u0142niany p\u0142aszcz z paskiem \u015bredniej d\u0142ugo\u015bci<\/strong> Ada to nasza stylowa i funkcjonalna propozycja na nadchodz\u0105cy sezon. Im bardziej klasyczny w kroju p\u0142aszcz, tym bardziej ponadczasowy i zawsze modny. W nowym sezonie nie mog\u0142o zatem zabrakn\u0105\u0107 taliowanego p\u0142aszcza, kt\u00f3ry nie tylko podkre\u015bla kobiec\u0105 figur\u0119, ale r\u00f3wnie\u017c dodaje elegancji w ch\u0142odne jesienno-zimowe dni. P\u0142aszcz jest <strong>z<\/strong><\/span><span lang=\"DE\"><strong>apinany dwurz\u0119dowo na guziki<\/strong>. <strong>Belt<\/strong> wykonany z tej samej tkaniny, dodatkowo podkre\u015bla tali\u0119. P\u0142aszcz ma dwie boczne kieszenie. Wyko\u0144czony jest ciekawie skonstrukowanym wyk\u0142adanym ko\u0142nierzem, kt\u00f3ry mo\u017cna nosi\u0107 lu\u017ano lub podniesiony, dodaj\u0105c szyku i ciep\u0142a. <strong>P\u0142aszcz ma taliowany ty\u0142, prz\u00f3d jest delikatnie profilowany<\/strong>, dzi\u0119ki czemu p\u0142aszcz ma bardzo wygodny kr\u00f3j. <strong>D\u0142ugo\u015b\u0107 p\u0142aszcza w kolano, z rozporkiem na tyle<\/strong>. Model jest <strong>insulated<\/strong>, r\u00f3wnie\u017c w r\u0119kawach. <\/span><\/p>\n<p><span lang=\"DE\">Materia\u0142, podszewka oraz dodatkowe ocieplenie zapewni\u0105 komfort noszenia nawet w zmiennych warunkach pogodowych.\u00a0 Natomiast <strong>grey<\/strong> kolor p\u0142aszcza sprawi, i\u017c bez problemu zestawisz go z eleganckimi i formalnymi elementami garderoby. Dok\u0142adaj\u0105c shopper-bag, we\u0142nian\u0105, fuksjow\u0105 czapk\u0119 i szalik oraz botki szybko zmienisz jego charakter na bardziej casulowy, idealny na kaw\u0119 z przyjaci\u00f3\u0142k\u0105.\u00a0 <span class=\"ILfuVd\" lang=\"pl\"><span class=\"hgKElc\">Je\u015bli chcesz troch\u0119 o\u017cywi\u0107 stylizacj\u0119 opart\u0105 na szarym p\u0142aszczu nie b\u00f3j si\u0119 wyrazistych kolor\u00f3w i dodatk\u00f3w. Z pewno\u015bci\u0105 b\u0119d\u0105 pasowa\u0107 takie kolory jak: czerwony, turkusowy, \u017c\u00f3\u0142ty, musztardowy, r\u00f3\u017cowy, czy kobaltowy. <\/span><\/span>Obowi\u0105zkowa pozycja w szafie kapsu\u0142owej.<\/span><\/p>\n<p><span lang=\"DE\">Actual photo - grey<\/span><\/p>\n<p>Available colours<span lang=\"DE\">: szary, mokka melan\u017c<\/span><\/p>\n<p><span lang=\"DE\">Available sizes: XS, S, M, L, XL<br \/>\n<\/span><\/p>\n<p>The model is 172cm and a size S.<\/p>\n<p><span lang=\"DE\">Indicative dimensions:<\/span><\/p>\n<p><span lang=\"DE\">XS &#8211; biust: 86-88 \/ biodra 94-96 \/ d\u0142ugo\u015b\u0107: 97 \/ ramiona 34,5-35 \/ r\u0119kaw 61<br \/>\nS &#8211; biust: 90-92 \/ biodra: 98-100 \/ d\u0142ugo\u015b\u0107: 98 \/ ramiona 35,5-36 \/ r\u0119kaw: 62<br \/>\nM &#8211; biust: 94-96\u00a0\u00a0\/ biodra: 102-104 \/ d\u0142ugo\u015b\u0107: 98 \/ ramiona 37,5 \/ r\u0119kaw: 62<br \/>\nL &#8211; biust: 98-100 \/ biodra: 106-108 \/ d\u0142ugo\u015b\u0107: 98 \/ ramiona 39,5-40 \/ r\u0119kaw: 63<br \/>\nXL &#8211; biust: 104-106 \/ biodra: 112-114 \/ d\u0142ugo\u015b\u0107: 98 \/ ramiona 42-42,5 \/ r\u0119kaw: 64<\/span><\/p>\n<p><span lang=\"DE\">If you are unsure of your size selection, please contact us.<\/span><\/p>\n<p>Grey material: 80% wool, 20% polyamide<\/p>\n<p>Lining: 100% acetate<br \/>\nAcetat podobnie jak wiskoza wytwarzany jest z celulozy. Prz\u0119dza acetatowa mo\u017ce by\u0107 wytworzona r\u00f3wnie\u017c z celulozy przetworzonej np. papieru. Podszewka acetatowa doskonale wch\u0142ania wilgo\u0107 i przepuszcza powietrze, dzi\u0119ki czemu dobrze si\u0119 nosi i zapewnia komfort. Jest powlekana apretur\u0105 antystatyczn\u0105 i posiada certyfikat OEKOtex\u00ae Standard 100.<\/p>\n<p>Insulation: 100% non-woven recycled polyester<br \/>\nNasze p\u0142aszcze ocieplane s\u0105 sprasowan\u0105 termoizoluj\u0105c\u0105 w\u0142\u00f3knin\u0105 pikowan\u0105 na podszewce. W\u0142\u00f3knina wytworzona jest z poliestrowych w\u0142\u00f3kien z surowc\u00f3w wt\u00f3rnych. Materia\u0142 jest lekki, cienki a zarazem doskonale izoluj\u0105cy. Stosowana przez nas ocieplina jest odporna na wilgo\u0107 (zachowuje w\u0142a\u015bciwo\u015bci izolacyjne i efekt grzania nawet w warunkach wilgotnych), zatrzymuje wiatr, jest hypoalergiczna i oddychaj\u0105ca. Posiada Certyfikat OEKOtex\u00ae Standard 100.<\/p>\n<p>The coat should be dry-cleaned. For frequent refreshing of the wool we recommend the following <a href=\"https:\/\/talia-fashion.pl\/en\/product\/szczotka-do-czyszczenia-i-pielegnacji-plaszcza\/\">Brush for cleaning and care of the coat<\/a>which can be purchased in our shop. Proper care is essential to enjoy your beloved coat for a long time. <a href=\"https:\/\/talia-fashion.pl\/en\/jak-pielegnowac-i-dbac-o-plaszcz\/\">How to care for and maintain coats?<\/a><\/p>\n<p><strong>Individual order - <\/strong>Some modifications can be made at the client's request: shortening, lengthening of the sleeve, shortening and lengthening of the coat. Cost to be determined individually, after prior contact.<\/p>\n<p><strong>An individual order is not subject to exchange or refund.<\/strong><\/p>\n<p><span lang=\"DE\">Szary we\u0142niany p\u0142aszcz z paskiem \u015bredniej d\u0142ugo\u015bci Ada od projektu do gotowego wyrobu, powsta\u0142 w naszej rodzinnej pracowni w Poznaniu w zgodzie z zasadami Fair Trade i w spos\u00f3b przyjazny dla \u015brodowiska. Dok\u0142adamy wszelkich stara\u0144, by trafi\u0142 do Ciebie p\u0142aszcz dopracowany w najdrobniejszym szczeg\u00f3le.<br \/>\n<\/span><\/p>\n<p>Ograniczamy nadprodukcj\u0119 i nie szyjemy na magazyn, dlatego prosimy o cierpliwo\u015b\u0107.<\/p>\n<p><span lang=\"DE\">Czas realizacji zam\u00f3wienia uzale\u017cniamy od aktualnego stanu magazynowego w pracowni oraz dost\u0119pno\u015bci danego koloru materia\u0142u. Je\u015bli dany p\u0142aszcz jest uszyty realizacja zam\u00f3wienia nast\u0105pi bardzo szybko 2-5 dni roboczych. Je\u015bli konieczne jest jego uszycie b\u0105d\u017a indywidualizacja zam\u00f3wienia \u2013 wykonanie przer\u00f3bki lub uszycie nowego p\u0142aszcza wed\u0142ug specyfikacji Klienta \u2013 czas realizacji zam\u00f3wienia mo\u017ce ulec wyd\u0142u\u017ceniu, maksymalnie do 2 tygodni.<\/span><\/p>\n<p>Ograniczamy nadprodukcj\u0119 i nie szyjemy na magazyn, dlatego prosimy o cierpliwo\u015b\u0107, musimy uszy\u0107 p\u0142aszcz dla Ciebie.<\/p>\n<p>We encourage you to follow us on <a href=\"https:\/\/www.facebook.com\/talia.plaszcze\">Facebook<\/a>\u00a0i\u00a0<a href=\"https:\/\/www.instagram.com\/talia_plaszcze\/\">Instagram<\/a><\/p>","protected":false},"excerpt":{"rendered":"<p>Szary we\u0142niany p\u0142aszcz z paskiem \u015bredniej d\u0142ugo\u015bci Ada to nasza stylowa i funkcjonalna propozycja na nadchodz\u0105cy sezon. Im bardziej klasyczny w kroju&hellip;<\/p>","protected":false},"featured_media":258601,"template":"","meta":{"_acf_changed":false},"product_cat":[36],"product_tag":[89,78,32,37,34,39,81,42,67,43,91,68,75,150,137,50,124,60,151,152,76,62,53,63,88,147],"class_list":{"0":"post-4082","1":"product","2":"type-product","3":"status-publish","4":"has-post-thumbnail","6":"product_cat-plaszcze-dluzsze","7":"product_tag-cieply","8":"product_tag-dla-roznych-sylwetek","9":"product_tag-dopasowany-kroj","10":"product_tag-dyplomatka","11":"product_tag-handmade","12":"product_tag-klasyczny","13":"product_tag-naturalne-materialy","14":"product_tag-nowosc","15":"product_tag-ocieplany","16":"product_tag-plaszcz-damski","17":"product_tag-plaszcz-damski-zimowy","18":"product_tag-plaszcz-jesienny","19":"product_tag-plaszcz-ocieplany","20":"product_tag-plaszcz-taliowany","21":"product_tag-plaszcz-w-kolano","22":"product_tag-plaszcz-z-rewersem","23":"product_tag-polska-marka","24":"product_tag-producent-plaszczy-damskich","25":"product_tag-rodzinna-pracownia","26":"product_tag-szary","27":"product_tag-szary-plaszcz","28":"product_tag-uszyty-w-polsce","29":"product_tag-welna","30":"product_tag-welniany","31":"product_tag-wiazany","32":"product_tag-zrownowazona-produkcja","34":"first","35":"instock","36":"shipping-taxable","37":"purchasable","38":"product-type-variable","39":"has-default-attributes"},"acf":[],"yoast_head":"<!-- This site is optimized with the Yoast SEO plugin v25.7 - https:\/\/yoast.com\/wordpress\/plugins\/seo\/ -->\n<title>Szary we\u0142niany p\u0142aszcz z paskiem \u015bredniej d\u0142ugo\u015bci Ada - Talia<\/title>\n<meta name=\"description\" content=\"Szary we\u0142niany p\u0142aszcz z paskiem \u015bredniej d\u0142ugo\u015bci z ciekawym wyk\u0142adanym ko\u0142nierzem - rewers. P\u0142aszcz projektowany i szyty w Polsce. Klasyka na lata.\" \/>\n<meta name=\"robots\" content=\"index, follow, max-snippet:-1, max-image-preview:large, max-video-preview:-1\" \/>\n<link rel=\"canonical\" href=\"https:\/\/talia-fashion.pl\/en\/product\/szary-welniany-plaszcz-z-paskiem-sredniej-dlugosci-ada\/\" \/>\n<meta property=\"og:locale\" content=\"en_GB\" \/>\n<meta property=\"og:type\" content=\"article\" \/>\n<meta property=\"og:title\" content=\"Szary we\u0142niany p\u0142aszcz z paskiem \u015bredniej d\u0142ugo\u015bci Ada - Talia\" \/>\n<meta property=\"og:description\" content=\"Szary we\u0142niany p\u0142aszcz z paskiem \u015bredniej d\u0142ugo\u015bci z ciekawym wyk\u0142adanym ko\u0142nierzem - rewers. P\u0142aszcz projektowany i szyty w Polsce. Klasyka na lata.\" \/>\n<meta property=\"og:url\" content=\"https:\/\/talia-fashion.pl\/en\/product\/szary-welniany-plaszcz-z-paskiem-sredniej-dlugosci-ada\/\" \/>\n<meta property=\"og:site_name\" content=\"Talia Fashion\" \/>\n<meta property=\"article:modified_time\" content=\"2026-03-13T11:53:17+00:00\" \/>\n<meta property=\"og:image\" content=\"https:\/\/talia-fashion.pl\/wp-content\/uploads\/2025\/09\/szary-welniany-plaszcz-z-paskiem-sredniej-dlugosci-zimowy-cieply.jpg\" \/>\n\t<meta property=\"og:image:width\" content=\"1500\" \/>\n\t<meta property=\"og:image:height\" content=\"2000\" \/>\n\t<meta property=\"og:image:type\" content=\"image\/jpeg\" \/>\n<meta name=\"twitter:card\" content=\"summary_large_image\" \/>\n<meta name=\"twitter:label1\" content=\"Estimated reading time\" \/>\n\t<meta name=\"twitter:data1\" content=\"3 minutes\" \/>\n<script type=\"application\/ld+json\" class=\"yoast-schema-graph\">{\"@context\":\"https:\/\/schema.org\",\"@graph\":[{\"@type\":\"WebPage\",\"@id\":\"https:\/\/talia-fashion.pl\/produkt\/szary-welniany-plaszcz-z-paskiem-sredniej-dlugosci-ada\/\",\"url\":\"https:\/\/talia-fashion.pl\/produkt\/szary-welniany-plaszcz-z-paskiem-sredniej-dlugosci-ada\/\",\"name\":\"Szary we\u0142niany p\u0142aszcz z paskiem \u015bredniej d\u0142ugo\u015bci Ada - Talia\",\"isPartOf\":{\"@id\":\"https:\/\/talia-fashion.pl\/#website\"},\"primaryImageOfPage\":{\"@id\":\"https:\/\/talia-fashion.pl\/produkt\/szary-welniany-plaszcz-z-paskiem-sredniej-dlugosci-ada\/#primaryimage\"},\"image\":{\"@id\":\"https:\/\/talia-fashion.pl\/produkt\/szary-welniany-plaszcz-z-paskiem-sredniej-dlugosci-ada\/#primaryimage\"},\"thumbnailUrl\":\"https:\/\/talia-fashion.pl\/wp-content\/uploads\/2025\/09\/szary-welniany-plaszcz-z-paskiem-sredniej-dlugosci-zimowy-cieply.jpg\",\"datePublished\":\"2020-01-17T12:32:31+00:00\",\"dateModified\":\"2026-03-13T11:53:17+00:00\",\"description\":\"Szary we\u0142niany p\u0142aszcz z paskiem \u015bredniej d\u0142ugo\u015bci z ciekawym wyk\u0142adanym ko\u0142nierzem - rewers. P\u0142aszcz projektowany i szyty w Polsce. Klasyka na lata.\",\"breadcrumb\":{\"@id\":\"https:\/\/talia-fashion.pl\/produkt\/szary-welniany-plaszcz-z-paskiem-sredniej-dlugosci-ada\/#breadcrumb\"},\"inLanguage\":\"en-GB\",\"potentialAction\":[{\"@type\":\"ReadAction\",\"target\":[\"https:\/\/talia-fashion.pl\/produkt\/szary-welniany-plaszcz-z-paskiem-sredniej-dlugosci-ada\/\"]}]},{\"@type\":\"ImageObject\",\"inLanguage\":\"en-GB\",\"@id\":\"https:\/\/talia-fashion.pl\/produkt\/szary-welniany-plaszcz-z-paskiem-sredniej-dlugosci-ada\/#primaryimage\",\"url\":\"https:\/\/talia-fashion.pl\/wp-content\/uploads\/2025\/09\/szary-welniany-plaszcz-z-paskiem-sredniej-dlugosci-zimowy-cieply.jpg\",\"contentUrl\":\"https:\/\/talia-fashion.pl\/wp-content\/uploads\/2025\/09\/szary-welniany-plaszcz-z-paskiem-sredniej-dlugosci-zimowy-cieply.jpg\",\"width\":1500,\"height\":2000,\"caption\":\"Szary w\u0142eniany p\u0142aszcz z tkaniny strukturalnej. Wi\u0105zany. D\u0142ugo\u015b\u0107 w kolano.\"},{\"@type\":\"BreadcrumbList\",\"@id\":\"https:\/\/talia-fashion.pl\/produkt\/szary-welniany-plaszcz-z-paskiem-sredniej-dlugosci-ada\/#breadcrumb\",\"itemListElement\":[{\"@type\":\"ListItem\",\"position\":1,\"name\":\"Strona g\u0142\u00f3wna\",\"item\":\"https:\/\/talia-fashion.pl\/\"},{\"@type\":\"ListItem\",\"position\":2,\"name\":\"Sklep\",\"item\":\"https:\/\/talia-fashion.pl\/sklep\/\"},{\"@type\":\"ListItem\",\"position\":3,\"name\":\"Szary we\u0142niany p\u0142aszcz z paskiem \u015bredniej d\u0142ugo\u015bci Ada\"}]},{\"@type\":\"WebSite\",\"@id\":\"https:\/\/talia-fashion.pl\/#website\",\"url\":\"https:\/\/talia-fashion.pl\/\",\"name\":\"Talia Fashion\",\"description\":\"\",\"potentialAction\":[{\"@type\":\"SearchAction\",\"target\":{\"@type\":\"EntryPoint\",\"urlTemplate\":\"https:\/\/talia-fashion.pl\/?s={search_term_string}\"},\"query-input\":{\"@type\":\"PropertyValueSpecification\",\"valueRequired\":true,\"valueName\":\"search_term_string\"}}],\"inLanguage\":\"en-GB\"}]}<\/script>\n<!-- \/ Yoast SEO plugin. -->","yoast_head_json":{"title":"Szary we\u0142niany p\u0142aszcz z paskiem \u015bredniej d\u0142ugo\u015bci Ada - Talia","description":"Szary we\u0142niany p\u0142aszcz z paskiem \u015bredniej d\u0142ugo\u015bci z ciekawym wyk\u0142adanym ko\u0142nierzem - rewers. P\u0142aszcz projektowany i szyty w Polsce. Klasyka na lata.","robots":{"index":"index","follow":"follow","max-snippet":"max-snippet:-1","max-image-preview":"max-image-preview:large","max-video-preview":"max-video-preview:-1"},"canonical":"https:\/\/talia-fashion.pl\/en\/product\/szary-welniany-plaszcz-z-paskiem-sredniej-dlugosci-ada\/","og_locale":"en_GB","og_type":"article","og_title":"Szary we\u0142niany p\u0142aszcz z paskiem \u015bredniej d\u0142ugo\u015bci Ada - Talia","og_description":"Szary we\u0142niany p\u0142aszcz z paskiem \u015bredniej d\u0142ugo\u015bci z ciekawym wyk\u0142adanym ko\u0142nierzem - rewers. P\u0142aszcz projektowany i szyty w Polsce. Klasyka na lata.","og_url":"https:\/\/talia-fashion.pl\/en\/product\/szary-welniany-plaszcz-z-paskiem-sredniej-dlugosci-ada\/","og_site_name":"Talia Fashion","article_modified_time":"2026-03-13T11:53:17+00:00","og_image":[{"width":1500,"height":2000,"url":"https:\/\/talia-fashion.pl\/wp-content\/uploads\/2025\/09\/szary-welniany-plaszcz-z-paskiem-sredniej-dlugosci-zimowy-cieply.jpg","type":"image\/jpeg"}],"twitter_card":"summary_large_image","twitter_misc":{"Estimated reading time":"3 minutes"},"schema":{"@context":"https:\/\/schema.org","@graph":[{"@type":"WebPage","@id":"https:\/\/talia-fashion.pl\/produkt\/szary-welniany-plaszcz-z-paskiem-sredniej-dlugosci-ada\/","url":"https:\/\/talia-fashion.pl\/produkt\/szary-welniany-plaszcz-z-paskiem-sredniej-dlugosci-ada\/","name":"Szary we\u0142niany p\u0142aszcz z paskiem \u015bredniej d\u0142ugo\u015bci Ada - Talia","isPartOf":{"@id":"https:\/\/talia-fashion.pl\/#website"},"primaryImageOfPage":{"@id":"https:\/\/talia-fashion.pl\/produkt\/szary-welniany-plaszcz-z-paskiem-sredniej-dlugosci-ada\/#primaryimage"},"image":{"@id":"https:\/\/talia-fashion.pl\/produkt\/szary-welniany-plaszcz-z-paskiem-sredniej-dlugosci-ada\/#primaryimage"},"thumbnailUrl":"https:\/\/talia-fashion.pl\/wp-content\/uploads\/2025\/09\/szary-welniany-plaszcz-z-paskiem-sredniej-dlugosci-zimowy-cieply.jpg","datePublished":"2020-01-17T12:32:31+00:00","dateModified":"2026-03-13T11:53:17+00:00","description":"Szary we\u0142niany p\u0142aszcz z paskiem \u015bredniej d\u0142ugo\u015bci z ciekawym wyk\u0142adanym ko\u0142nierzem - rewers. P\u0142aszcz projektowany i szyty w Polsce. Klasyka na lata.","breadcrumb":{"@id":"https:\/\/talia-fashion.pl\/produkt\/szary-welniany-plaszcz-z-paskiem-sredniej-dlugosci-ada\/#breadcrumb"},"inLanguage":"en-GB","potentialAction":[{"@type":"ReadAction","target":["https:\/\/talia-fashion.pl\/produkt\/szary-welniany-plaszcz-z-paskiem-sredniej-dlugosci-ada\/"]}]},{"@type":"ImageObject","inLanguage":"en-GB","@id":"https:\/\/talia-fashion.pl\/produkt\/szary-welniany-plaszcz-z-paskiem-sredniej-dlugosci-ada\/#primaryimage","url":"https:\/\/talia-fashion.pl\/wp-content\/uploads\/2025\/09\/szary-welniany-plaszcz-z-paskiem-sredniej-dlugosci-zimowy-cieply.jpg","contentUrl":"https:\/\/talia-fashion.pl\/wp-content\/uploads\/2025\/09\/szary-welniany-plaszcz-z-paskiem-sredniej-dlugosci-zimowy-cieply.jpg","width":1500,"height":2000,"caption":"Szary w\u0142eniany p\u0142aszcz z tkaniny strukturalnej. Wi\u0105zany. D\u0142ugo\u015b\u0107 w kolano."},{"@type":"BreadcrumbList","@id":"https:\/\/talia-fashion.pl\/produkt\/szary-welniany-plaszcz-z-paskiem-sredniej-dlugosci-ada\/#breadcrumb","itemListElement":[{"@type":"ListItem","position":1,"name":"Strona g\u0142\u00f3wna","item":"https:\/\/talia-fashion.pl\/"},{"@type":"ListItem","position":2,"name":"Sklep","item":"https:\/\/talia-fashion.pl\/sklep\/"},{"@type":"ListItem","position":3,"name":"Szary we\u0142niany p\u0142aszcz z paskiem \u015bredniej d\u0142ugo\u015bci Ada"}]},{"@type":"WebSite","@id":"https:\/\/talia-fashion.pl\/#website","url":"https:\/\/talia-fashion.pl\/","name":"Talia Fashion","description":"","potentialAction":[{"@type":"SearchAction","target":{"@type":"EntryPoint","urlTemplate":"https:\/\/talia-fashion.pl\/?s={search_term_string}"},"query-input":{"@type":"PropertyValueSpecification","valueRequired":true,"valueName":"search_term_string"}}],"inLanguage":"en-GB"}]}},"_links":{"self":[{"href":"https:\/\/talia-fashion.pl\/en\/wp-json\/wp\/v2\/product\/4082","targetHints":{"allow":["GET"]}}],"collection":[{"href":"https:\/\/talia-fashion.pl\/en\/wp-json\/wp\/v2\/product"}],"about":[{"href":"https:\/\/talia-fashion.pl\/en\/wp-json\/wp\/v2\/types\/product"}],"wp:featuredmedia":[{"embeddable":true,"href":"https:\/\/talia-fashion.pl\/en\/wp-json\/wp\/v2\/media\/258601"}],"wp:attachment":[{"href":"https:\/\/talia-fashion.pl\/en\/wp-json\/wp\/v2\/media?parent=4082"}],"wp:term":[{"taxonomy":"product_cat","embeddable":true,"href":"https:\/\/talia-fashion.pl\/en\/wp-json\/wp\/v2\/product_cat?post=4082"},{"taxonomy":"product_tag","embeddable":true,"href":"https:\/\/talia-fashion.pl\/en\/wp-json\/wp\/v2\/product_tag?post=4082"}],"curies":[{"name":"wp","href":"https:\/\/api.w.org\/{rel}","templated":true}]}}