{"id":4079,"date":"2025-09-03T16:38:04","date_gmt":"2025-09-03T14:38:04","guid":{"rendered":"http:\/\/talia-fashion.pl\/produkt\/zimowy-plaszcz-w-kolorze-wina-z-paskiem-ola\/"},"modified":"2026-03-13T12:33:47","modified_gmt":"2026-03-13T11:33:47","slug":"zimowy-plaszcz-w-kolorze-wina-z-paskiem-ola","status":"publish","type":"product","link":"https:\/\/talia-fashion.pl\/en\/product\/zimowy-plaszcz-w-kolorze-wina-z-paskiem-ola\/","title":{"rendered":"Wine-coloured winter coat with belt Ola"},"content":{"rendered":"<p>The wine-coloured winter coat with Ola stripe is sewn from a high-quality wool blend. Very chic, widened reverse collar. Front, diagonally sewn pockets finished with a strip. Fastened with one button, the other serves as a decoration. Chiffon buttons, matched in colour to the coat. Back with a slim fit, front without darts. To accentuate the waist, removable belt sewn from the same fabric. No slit at the back. Knee-length. Fully insulated, perfect for winter.<\/p>\n<p>Ola, in the colour of wine, is a model you won't be able to pass by indifferently. The refined, even noble colour will make you attract all eyes - both fans of classics and fans of unconventional combinations. The versatile length will allow for a wide range of styling, from more casual everyday outfits to chic and elegant suits or dresses. A winter 'peppermint' for your wardrobe.<\/p>\n<p><span lang=\"DE\">Actual photo - wine<\/span><\/p>\n<p>Available colours<span lang=\"DE\">: wine (none), yellow (S, L only)<\/span><\/p>\n<p>You can check the available colours in our\u00a0<a href=\"https:\/\/talia-fashion.pl\/en\/paleta-kolorow\/\">Colour palette<\/a> as well as on the other auctions of other coat models in our shop.<\/p>\n<p><span lang=\"DE\">Available sizes: XS, S, M, L, XL<\/span><\/p>\n<p><span lang=\"DE\">Indicative dimensions:<\/span><\/p>\n<p>XS - bust: 86-88 \/ hips 94-96 \/ length: 97 \/ shoulder width 34.5-35 \/ sleeve 61<br \/>\nS - bust: 90-92 \/ hips: 98-100 \/ length: 98 \/ shoulder width 35.5-36 \/ sleeve: 62<br \/>\nM - bust: 94-96 \/ hips: 102-104 \/ length: 98 \/ shoulder width 37.5 \/ sleeve: 62<br \/>\nL - bust: 98-100 \/ hips: 106-108 \/ length: 98 \/ shoulder width 39.5-40 \/ sleeve: 63<br \/>\nXL - bust: 104-106 \/ hips: 112-114 \/ length: 98 \/ shoulder width 42-42.5 \/ sleeve: 64<\/p>\n<p><span lang=\"DE\">If you are unsure about which size to choose, we recommend our quick guide <a href=\"https:\/\/talia-fashion.pl\/en\/jak-dobrac-rozmiar\/\">How to choose a size?<\/a> We give you tips on how to measure yourself and how to interpret our table. Of course, if you have any further questions, please do not hesitate to contact us.<\/span><\/p>\n<p>Wine material: 80% wool, 20% polyamide<\/p>\n<p>Material yellow: 60% wool, 8% alpaca, 22% polyester, 10% viscose<br \/>\nLining: 100 % acetate<br \/>\nLike viscose, acetate is produced from cellulose. Acetate yarn can also be made from recycled cellulose such as paper. The acetate lining is excellent at absorbing moisture and allowing air to pass through. It is coated with an antistatic apprettee and is OEKOtex\u00ae Standard 100 certified.<\/p>\n<p>Insulation: 100% non-woven recycled polyester<br \/>\nOur coats are insulated with a compressed thermo-insulating quilted fleece on the lining. The fleece is made from recycled polyester fibres. The material is lightweight, thin and at the same time perfectly insulating. The insulating fleece we use is resistant to moisture (it retains its insulating properties and warming effect even in damp conditions), stops the wind, is hypoallergenic and breathable. It is OEKOtex\u00ae Standard 100 certified.<\/p>\n<p><span lang=\"DE\">Wine-coloured winter coat with Ola stripe we designed and sewed<\/span><span lang=\"DE\"> In our atelier, in Pozna\u0144. We are a family-run workshop and we make our coats using traditional methods. In our workshop you won't find tape production, just searching for the perfect material, matching the cut, hand finishing. <\/span>Each of our coats is special and unique.<\/p>\n<p><span lang=\"DE\">Minor modifications - shortening or lengthening of the sleeves, lengthening and shortening of the coat - are possible on special request. <strong>Individual order<\/strong> We price after prior contact and determination of the size of the changes.<\/span><\/p>\n<p><span lang=\"DE\"><strong>An individual order is not subject to exchange or refund.<\/strong><\/span><\/p>\n<p><span style=\"font-family: 'Helvetica','sans-serif'; color: #858585; background: white;\">The coat should be dry-cleaned. In order to enjoy your beautiful coat for a long time, we recommend that you refresh the wool frequently. <a href=\"https:\/\/talia-fashion.pl\/en\/product\/szczotka-do-czyszczenia-i-pielegnacji-plaszcza\/\">Brush for cleaning and care of the coat<\/a>which can be purchased in our shop. Caring for your clothing is also about caring for the environment. The longer you wear, the less you pollute.<\/span><\/p>\n<p><span lang=\"DE\">The lead time depends on the company's current stock and the availability of a given fabric colour. If a given coat is available in the company, the order will be realised very quickly - 2-5 working days. If individualisation of the order is necessary - making alterations or sewing a new coat - the lead time may be extended to a maximum of 2 weeks.<\/span><\/p>\n<p>We do not sew our coats in stock, so please be patient while waiting for your order to be processed. We make every effort to sew this coat for you as soon as possible.<\/p>\n<p><strong>Thanks for supporting local crafts \ud83d\ude42<\/strong><\/p>\n<p>To keep up to date, we invite you to like our fanpag on <a href=\"https:\/\/www.facebook.com\/talia.plaszcze\">Facebook<\/a> i <a href=\"https:\/\/www.instagram.com\/talia_plaszcze\/\">Instagram<\/a>.<\/p>","protected":false},"excerpt":{"rendered":"<p>Zimowy p\u0142aszcz w kolorze wina z paskiem Ola szyjemy z wysokiej jako\u015bci mieszanki we\u0142nianej. Bardzo szykowny, poszerzany ko\u0142nierz rewers. Przednie, uko\u015bnie wszyte&hellip;<\/p>","protected":false},"featured_media":378,"template":"","meta":{"_acf_changed":false},"product_cat":[104,29],"product_tag":[78,33,34,39,40,41,42,67,91,46,47,85,50,95,86,52,53,149,63],"class_list":{"0":"post-4079","1":"product","2":"type-product","3":"status-publish","4":"has-post-thumbnail","6":"product_cat-ostatnie-sztuki","7":"product_cat-sale-plaszcz-damski-w-promocji","8":"product_tag-dla-roznych-sylwetek","9":"product_tag-dwurzedowy","10":"product_tag-handmade","11":"product_tag-klasyczny","12":"product_tag-kolnierz","13":"product_tag-na-podszewce","14":"product_tag-nowosc","15":"product_tag-ocieplany","16":"product_tag-plaszcz-damski-zimowy","17":"product_tag-plaszcz-dwurzedowy","18":"product_tag-plaszcz-na-guziki","19":"product_tag-plaszcz-welniany","20":"product_tag-plaszcz-z-rewersem","21":"product_tag-plaszcz-zimowy","22":"product_tag-plaszcz-zimowy-ocieplany","23":"product_tag-szylkretowe-guziki","24":"product_tag-welna","25":"product_tag-welna-z-alpaki","26":"product_tag-welniany","28":"first","29":"instock","30":"sale","31":"shipping-taxable","32":"purchasable","33":"product-type-variable","34":"has-default-attributes"},"acf":[],"yoast_head":"<!-- This site is optimized with the Yoast SEO plugin v25.7 - https:\/\/yoast.com\/wordpress\/plugins\/seo\/ -->\n<title>Zimowy p\u0142aszcz w kolorze wina z paskiem Ola - polskie p\u0142aszcze<\/title>\n<meta name=\"description\" content=\"Zimowy p\u0142aszcz w kolorze wina z paskiem. Uszyty w Polsce. Wysoka jako\u015b\u0107 we\u0142ny, wyrafinowany kolor, niepowtarzalny styl. Ocieplany.\" \/>\n<meta name=\"robots\" content=\"index, follow, max-snippet:-1, max-image-preview:large, max-video-preview:-1\" \/>\n<link rel=\"canonical\" href=\"https:\/\/talia-fashion.pl\/en\/product\/zimowy-plaszcz-w-kolorze-wina-z-paskiem-ola\/\" \/>\n<meta property=\"og:locale\" content=\"en_GB\" \/>\n<meta property=\"og:type\" content=\"article\" \/>\n<meta property=\"og:title\" content=\"Zimowy p\u0142aszcz w kolorze wina z paskiem Ola - polskie p\u0142aszcze\" \/>\n<meta property=\"og:description\" content=\"Zimowy p\u0142aszcz w kolorze wina z paskiem. Uszyty w Polsce. Wysoka jako\u015b\u0107 we\u0142ny, wyrafinowany kolor, niepowtarzalny styl. Ocieplany.\" \/>\n<meta property=\"og:url\" content=\"https:\/\/talia-fashion.pl\/en\/product\/zimowy-plaszcz-w-kolorze-wina-z-paskiem-ola\/\" \/>\n<meta property=\"og:site_name\" content=\"Talia Fashion\" \/>\n<meta property=\"article:modified_time\" content=\"2026-03-13T11:33:47+00:00\" \/>\n<meta property=\"og:image\" content=\"https:\/\/talia-fashion.pl\/wp-content\/uploads\/2024\/10\/zimowy-plaszcz-w-kolorze-wina.jpg\" \/>\n\t<meta property=\"og:image:width\" content=\"1500\" \/>\n\t<meta property=\"og:image:height\" content=\"2000\" \/>\n\t<meta property=\"og:image:type\" content=\"image\/jpeg\" \/>\n<meta name=\"twitter:card\" content=\"summary_large_image\" \/>\n<meta name=\"twitter:label1\" content=\"Estimated reading time\" \/>\n\t<meta name=\"twitter:data1\" content=\"3 minutes\" \/>\n<script type=\"application\/ld+json\" class=\"yoast-schema-graph\">{\"@context\":\"https:\/\/schema.org\",\"@graph\":[{\"@type\":\"WebPage\",\"@id\":\"https:\/\/talia-fashion.pl\/produkt\/zimowy-plaszcz-w-kolorze-wina-z-paskiem-ola\/\",\"url\":\"https:\/\/talia-fashion.pl\/produkt\/zimowy-plaszcz-w-kolorze-wina-z-paskiem-ola\/\",\"name\":\"Zimowy p\u0142aszcz w kolorze wina z paskiem Ola - polskie p\u0142aszcze\",\"isPartOf\":{\"@id\":\"https:\/\/talia-fashion.pl\/#website\"},\"primaryImageOfPage\":{\"@id\":\"https:\/\/talia-fashion.pl\/produkt\/zimowy-plaszcz-w-kolorze-wina-z-paskiem-ola\/#primaryimage\"},\"image\":{\"@id\":\"https:\/\/talia-fashion.pl\/produkt\/zimowy-plaszcz-w-kolorze-wina-z-paskiem-ola\/#primaryimage\"},\"thumbnailUrl\":\"https:\/\/talia-fashion.pl\/wp-content\/uploads\/2024\/10\/zimowy-plaszcz-w-kolorze-wina.jpg\",\"datePublished\":\"2025-09-03T14:38:04+00:00\",\"dateModified\":\"2026-03-13T11:33:47+00:00\",\"description\":\"Zimowy p\u0142aszcz w kolorze wina z paskiem. Uszyty w Polsce. Wysoka jako\u015b\u0107 we\u0142ny, wyrafinowany kolor, niepowtarzalny styl. Ocieplany.\",\"breadcrumb\":{\"@id\":\"https:\/\/talia-fashion.pl\/produkt\/zimowy-plaszcz-w-kolorze-wina-z-paskiem-ola\/#breadcrumb\"},\"inLanguage\":\"en-GB\",\"potentialAction\":[{\"@type\":\"ReadAction\",\"target\":[\"https:\/\/talia-fashion.pl\/produkt\/zimowy-plaszcz-w-kolorze-wina-z-paskiem-ola\/\"]}]},{\"@type\":\"ImageObject\",\"inLanguage\":\"en-GB\",\"@id\":\"https:\/\/talia-fashion.pl\/produkt\/zimowy-plaszcz-w-kolorze-wina-z-paskiem-ola\/#primaryimage\",\"url\":\"https:\/\/talia-fashion.pl\/wp-content\/uploads\/2024\/10\/zimowy-plaszcz-w-kolorze-wina.jpg\",\"contentUrl\":\"https:\/\/talia-fashion.pl\/wp-content\/uploads\/2024\/10\/zimowy-plaszcz-w-kolorze-wina.jpg\",\"width\":1500,\"height\":2000,\"caption\":\"Zimow p\u0142aszcz w kolorze wina z paskiem i poszerzanym, wyk\u0142adanym ko\u0142nierzem z wci\u0119ciem.\"},{\"@type\":\"BreadcrumbList\",\"@id\":\"https:\/\/talia-fashion.pl\/produkt\/zimowy-plaszcz-w-kolorze-wina-z-paskiem-ola\/#breadcrumb\",\"itemListElement\":[{\"@type\":\"ListItem\",\"position\":1,\"name\":\"Strona g\u0142\u00f3wna\",\"item\":\"https:\/\/talia-fashion.pl\/\"},{\"@type\":\"ListItem\",\"position\":2,\"name\":\"Sklep\",\"item\":\"https:\/\/talia-fashion.pl\/sklep\/\"},{\"@type\":\"ListItem\",\"position\":3,\"name\":\"Zimowy p\u0142aszcz w kolorze wina z paskiem Ola\"}]},{\"@type\":\"WebSite\",\"@id\":\"https:\/\/talia-fashion.pl\/#website\",\"url\":\"https:\/\/talia-fashion.pl\/\",\"name\":\"Talia Fashion\",\"description\":\"\",\"potentialAction\":[{\"@type\":\"SearchAction\",\"target\":{\"@type\":\"EntryPoint\",\"urlTemplate\":\"https:\/\/talia-fashion.pl\/?s={search_term_string}\"},\"query-input\":{\"@type\":\"PropertyValueSpecification\",\"valueRequired\":true,\"valueName\":\"search_term_string\"}}],\"inLanguage\":\"en-GB\"}]}<\/script>\n<!-- \/ Yoast SEO plugin. -->","yoast_head_json":{"title":"Zimowy p\u0142aszcz w kolorze wina z paskiem Ola - polskie p\u0142aszcze","description":"Zimowy p\u0142aszcz w kolorze wina z paskiem. Uszyty w Polsce. Wysoka jako\u015b\u0107 we\u0142ny, wyrafinowany kolor, niepowtarzalny styl. Ocieplany.","robots":{"index":"index","follow":"follow","max-snippet":"max-snippet:-1","max-image-preview":"max-image-preview:large","max-video-preview":"max-video-preview:-1"},"canonical":"https:\/\/talia-fashion.pl\/en\/product\/zimowy-plaszcz-w-kolorze-wina-z-paskiem-ola\/","og_locale":"en_GB","og_type":"article","og_title":"Zimowy p\u0142aszcz w kolorze wina z paskiem Ola - polskie p\u0142aszcze","og_description":"Zimowy p\u0142aszcz w kolorze wina z paskiem. Uszyty w Polsce. Wysoka jako\u015b\u0107 we\u0142ny, wyrafinowany kolor, niepowtarzalny styl. Ocieplany.","og_url":"https:\/\/talia-fashion.pl\/en\/product\/zimowy-plaszcz-w-kolorze-wina-z-paskiem-ola\/","og_site_name":"Talia Fashion","article_modified_time":"2026-03-13T11:33:47+00:00","og_image":[{"width":1500,"height":2000,"url":"https:\/\/talia-fashion.pl\/wp-content\/uploads\/2024\/10\/zimowy-plaszcz-w-kolorze-wina.jpg","type":"image\/jpeg"}],"twitter_card":"summary_large_image","twitter_misc":{"Estimated reading time":"3 minutes"},"schema":{"@context":"https:\/\/schema.org","@graph":[{"@type":"WebPage","@id":"https:\/\/talia-fashion.pl\/produkt\/zimowy-plaszcz-w-kolorze-wina-z-paskiem-ola\/","url":"https:\/\/talia-fashion.pl\/produkt\/zimowy-plaszcz-w-kolorze-wina-z-paskiem-ola\/","name":"Zimowy p\u0142aszcz w kolorze wina z paskiem Ola - polskie p\u0142aszcze","isPartOf":{"@id":"https:\/\/talia-fashion.pl\/#website"},"primaryImageOfPage":{"@id":"https:\/\/talia-fashion.pl\/produkt\/zimowy-plaszcz-w-kolorze-wina-z-paskiem-ola\/#primaryimage"},"image":{"@id":"https:\/\/talia-fashion.pl\/produkt\/zimowy-plaszcz-w-kolorze-wina-z-paskiem-ola\/#primaryimage"},"thumbnailUrl":"https:\/\/talia-fashion.pl\/wp-content\/uploads\/2024\/10\/zimowy-plaszcz-w-kolorze-wina.jpg","datePublished":"2025-09-03T14:38:04+00:00","dateModified":"2026-03-13T11:33:47+00:00","description":"Zimowy p\u0142aszcz w kolorze wina z paskiem. Uszyty w Polsce. Wysoka jako\u015b\u0107 we\u0142ny, wyrafinowany kolor, niepowtarzalny styl. Ocieplany.","breadcrumb":{"@id":"https:\/\/talia-fashion.pl\/produkt\/zimowy-plaszcz-w-kolorze-wina-z-paskiem-ola\/#breadcrumb"},"inLanguage":"en-GB","potentialAction":[{"@type":"ReadAction","target":["https:\/\/talia-fashion.pl\/produkt\/zimowy-plaszcz-w-kolorze-wina-z-paskiem-ola\/"]}]},{"@type":"ImageObject","inLanguage":"en-GB","@id":"https:\/\/talia-fashion.pl\/produkt\/zimowy-plaszcz-w-kolorze-wina-z-paskiem-ola\/#primaryimage","url":"https:\/\/talia-fashion.pl\/wp-content\/uploads\/2024\/10\/zimowy-plaszcz-w-kolorze-wina.jpg","contentUrl":"https:\/\/talia-fashion.pl\/wp-content\/uploads\/2024\/10\/zimowy-plaszcz-w-kolorze-wina.jpg","width":1500,"height":2000,"caption":"Zimow p\u0142aszcz w kolorze wina z paskiem i poszerzanym, wyk\u0142adanym ko\u0142nierzem z wci\u0119ciem."},{"@type":"BreadcrumbList","@id":"https:\/\/talia-fashion.pl\/produkt\/zimowy-plaszcz-w-kolorze-wina-z-paskiem-ola\/#breadcrumb","itemListElement":[{"@type":"ListItem","position":1,"name":"Strona g\u0142\u00f3wna","item":"https:\/\/talia-fashion.pl\/"},{"@type":"ListItem","position":2,"name":"Sklep","item":"https:\/\/talia-fashion.pl\/sklep\/"},{"@type":"ListItem","position":3,"name":"Zimowy p\u0142aszcz w kolorze wina z paskiem Ola"}]},{"@type":"WebSite","@id":"https:\/\/talia-fashion.pl\/#website","url":"https:\/\/talia-fashion.pl\/","name":"Talia Fashion","description":"","potentialAction":[{"@type":"SearchAction","target":{"@type":"EntryPoint","urlTemplate":"https:\/\/talia-fashion.pl\/?s={search_term_string}"},"query-input":{"@type":"PropertyValueSpecification","valueRequired":true,"valueName":"search_term_string"}}],"inLanguage":"en-GB"}]}},"_links":{"self":[{"href":"https:\/\/talia-fashion.pl\/en\/wp-json\/wp\/v2\/product\/4079","targetHints":{"allow":["GET"]}}],"collection":[{"href":"https:\/\/talia-fashion.pl\/en\/wp-json\/wp\/v2\/product"}],"about":[{"href":"https:\/\/talia-fashion.pl\/en\/wp-json\/wp\/v2\/types\/product"}],"wp:featuredmedia":[{"embeddable":true,"href":"https:\/\/talia-fashion.pl\/en\/wp-json\/wp\/v2\/media\/378"}],"wp:attachment":[{"href":"https:\/\/talia-fashion.pl\/en\/wp-json\/wp\/v2\/media?parent=4079"}],"wp:term":[{"taxonomy":"product_cat","embeddable":true,"href":"https:\/\/talia-fashion.pl\/en\/wp-json\/wp\/v2\/product_cat?post=4079"},{"taxonomy":"product_tag","embeddable":true,"href":"https:\/\/talia-fashion.pl\/en\/wp-json\/wp\/v2\/product_tag?post=4079"}],"curies":[{"name":"wp","href":"https:\/\/api.w.org\/{rel}","templated":true}]}}