{"id":4075,"date":"2025-09-03T16:38:04","date_gmt":"2025-09-03T14:38:04","guid":{"rendered":"http:\/\/talia-fashion.pl\/produkt\/brazowy-zimowy-plaszcz-z-miekkiej-tkaniny-ola\/"},"modified":"2026-03-07T07:16:15","modified_gmt":"2026-03-07T06:16:15","slug":"brazowy-zimowy-plaszcz-z-miekkiej-tkaniny-ada","status":"publish","type":"product","link":"https:\/\/talia-fashion.pl\/en\/product\/brazowy-zimowy-plaszcz-z-miekkiej-tkaniny-ada\/","title":{"rendered":"Brown winter coat in soft fabric Ada"},"content":{"rendered":"<p><span lang=\"DE\">Br\u0105zowy zimowy p\u0142aszcz z mi\u0119kkiej tkaniny Ada to jedno z bardziej ponadczasowych, damskich okry\u0107 wierzchnich, pasuj\u0105cych niemal na ka\u017cd\u0105 okazj\u0119. Model ten dost\u0119pny jest w wielu odcieniach br\u0105zu (od jasnych be\u017cy, poprzez ch\u0142odn\u0105 mokk\u0119 po czekoladowy) i na pewno ka\u017cdy znajdzie dla siebie wyj\u0105tkowy odcie\u0144. <strong>Mi\u0119kki materia\u0142 z mieszanki we\u0142ny<\/strong> and <strong>uniwersalny, czekoladowy kolor<\/strong> sprawdz\u0105 si\u0119 bez wzgl\u0119du na panuj\u0105ce aktualnie trendy, stanowi\u0105c idealn\u0105 baz\u0119 dla wielu stylizacji, zar\u00f3wno tych codziennych, jak i na specjalne wyj\u015bcia. Zwiewna sukienka lub komfortowo skrojone spodnie, p\u0142askie botki czy buty na obcasie &#8211; wszystko pi\u0119knie wpasuje si\u0119 w idealn\u0105 stylizacj\u0119 z tym klasycznym w kroju p\u0142aszczykiem. A ciep\u0142y niebieski szal i kapelusz uzupe\u0142ni\u0105 Tw\u00f3j zimowy wizerunek.<br \/>\n<\/span><\/p>\n<p><span lang=\"DE\">Br\u0105zowy zimowy p\u0142aszcz z mi\u0119kkiej tkaniny Ada zapinany jest na dwa guziki. Zimowy, ciep\u0142y p\u0142aszcz z pi\u0119knym ko\u0142nierzem z klapami. <strong>Ty\u0142 taliowany<\/strong> i dopasowany do sylwetki, z wysmyklaj\u0105cym <strong>strut<\/strong>. <strong>Prz\u00f3d jest profilowany<\/strong>. Tali\u0119 mo\u017cna dodatkowo jeszcze podkre\u015bli\u0107 <strong>belt<\/strong> wykonanym z tej samej tkaniny. <strong>Praktyczne kieszenie<\/strong> wszyte po bokach. <strong>Knee-length coat<\/strong>. Model uszyty w ca\u0142o\u015bci na podszewce i dodatkowo <strong>insulated<\/strong>. <strong>We\u0142niana tkanina<\/strong> zapewni optymalny komfort termiczny, chroni\u0105c przed ch\u0142odem i wilgoci\u0105. Dodatkowo, ko\u0142nierz zosta\u0142 tak skonstruowany i wyprofilowany, by \u0142atwo mo\u017cna go by\u0142o wywija\u0107 i podnosi\u0107 &#8211; zapewniaj\u0105c tym samym ciep\u0142o i ochron\u0119 przed wiatrem. <strong>Idealna propozycja na zim\u0119. <\/strong><\/span><\/p>\n<p><a href=\"https:\/\/talia-fashion.pl\/en\/jak-dobrac-plaszcz-do-sylwetki\/\">How do you choose a coat to suit your figure?<\/a> -skorzystaj z naszego kr\u00f3tkiego poradnika.<\/p>\n<p><span lang=\"DE\">Actual photo - chocolate<\/span><\/p>\n<p>Available colours<span lang=\"DE\">: czekolada<\/span><\/p>\n<p><span lang=\"DE\">Kolory prezentujemy na zdj\u0119ciach p\u0142aszczy w r\u00f3\u017cnych fasonach. W razie w\u0105tpliwo\u015bci, prosimy o kontakt. Zach\u0119camy te\u017c do obejrzenia <a href=\"https:\/\/talia-fashion.pl\/en\/paleta-kolorow\/\">palety kolor\u00f3w<\/a>.\u00a0<\/span><\/p>\n<p><span lang=\"DE\">Available sizes: XS, S, M, L, XL<\/span><\/p>\n<p><span lang=\"DE\">Indicative dimensions:<\/span><\/p>\n<p><span lang=\"DE\">XS &#8211; biust: 86-88 \/ biodra 94-96 \/ szeroko\u015b\u0107 ramion 34,5-35 \/ d\u0142ugo\u015b\u0107: 97 \/ r\u0119kaw 61<br \/>\nS - bust: 90-92 \/ hips: 98-100 \/ length: 98 \/ shoulder width 35.5-36 \/ sleeve: 62<br \/>\nM - bust: 94-96 \/ hips: 102-104 \/ length: 98 \/ shoulder width 37.5 \/ sleeve: 62<br \/>\nL &#8211; biust: 98-100 \/ biodra: 106-108 \/ d\u0142ugo\u015b\u0107: 98 \/ szeroko\u015b\u0107 ramion 39,5-40 \/ r\u0119kaw: 63<br \/>\nXL - bust: 104-106 \/ hips: 112-114 \/ length: 98 \/ shoulder width 42-42.5 \/ sleeve: 64\u00a0<\/span><\/p>\n<p><span lang=\"DE\">How to measure yourself can be found under\u00a0<a href=\"https:\/\/talia-fashion.pl\/en\/jak-dobrac-rozmiar\/\">How do you choose the right size? <\/a><\/span><span lang=\"DE\">Oczywi\u015bcie, w razie w\u0105tpliwo\u015bci odno\u015bnie rozmiaru, prosimy o kontakt.<\/span><\/p>\n<p>Modelka ma 168cm i rozmiar S.<\/p>\n<p>Material: 80% wool, 20% polyamide<br \/>\nLining: 100 % acetate<br \/>\nLike viscose, acetate is produced from cellulose. Acetate yarn can also be made from recycled cellulose such as paper. The acetate lining is excellent at absorbing moisture and allowing air to pass through. It is coated with an antistatic apprettee and is OEKOtex\u00ae Standard 100 certified.<br \/>\nInsulation: 100% non-woven recycled polyester<br \/>\nOur coats are insulated with a compressed thermo-insulating quilted fleece on the lining. The fleece is made from recycled polyester fibres. The material is lightweight, thin and at the same time perfectly insulating. The insulating fleece we use is resistant to moisture (it retains its insulating properties and warming effect even in damp conditions), stops the wind, is hypoallergenic and breathable. It is OEKOtex\u00ae Standard 100 certified.<\/p>\n<p><span lang=\"DE\">Brown winter coat in soft fabric Ada <strong>zaprojektowali\u015bmy i uszyli\u015bmy<\/strong><\/span><span lang=\"DE\"><strong> in our family workshop<\/strong>. Od wielu lat uprawiamy <strong>traditional tailoring<\/strong> i ka\u017cdy nasz p\u0142aszczyk jest od pocz\u0105tku do ko\u0144ca wykonany r\u0119cznie w spos\u00f3b przyjazny \u015brodowisku. W\u0142a\u015bnie dlatego jest <strong>wyj\u0105tkowy i niepowtarzalny<\/strong>.<br \/>\n<\/span><\/p>\n<p>P\u0142aszczyk nale\u017cy czy\u015bci\u0107 chemicznie. Podstawowe zasady jak dba\u0107 o odzie\u017c wierzchni\u0105 zebrali\u015bmy na naszej stronie, w zak\u0142adce <a href=\"https:\/\/talia-fashion.pl\/en\/jak-pielegnowac-i-dbac-o-plaszcz\/\">How to care for and maintain coats?<\/a> Dbaj\u0105c o swoj\u0105 odzie\u017c nie tylko przed\u0142u\u017casz jej \u017cywotno\u015b\u0107, ale jednocze\u015bnie dbasz o \u015brodowisko. Do cz\u0119stego od\u015bwie\u017cania we\u0142ny polecamy <a href=\"https:\/\/talia-fashion.pl\/en\/product\/szczotka-do-czyszczenia-i-pielegnacji-plaszcza\/\">Brush for cleaning and care of the coat<\/a>available in our shop.<\/p>\n<p><strong>Individual order - <\/strong>Some modifications can be made at the client's request: shortening, lengthening of the sleeve, shortening and lengthening of the coat. Cost to be determined individually, after prior contact. <span lang=\"DE\">On individual request, it is possible to sew this coat model in size 34 (XXS). <\/span><strong>An individual order is not subject to exchange or refund.<\/strong><\/p>\n<p><span lang=\"DE\">Czas realizacji zam\u00f3wienia uzale\u017cniamy od aktualnego stanu magazynowego w pracowni oraz dost\u0119pno\u015bci danego koloru materia\u0142u. Je\u015bli dany p\u0142aszcz jest uszyty realizacja zam\u00f3wienia nast\u0105pi bardzo szybko w ci\u0105gu 2-5 dni roboczych. Je\u015bli konieczna jest uszycie p\u0142aszcza lub indywidualizacja zam\u00f3wienia \u2013 wykonanie przer\u00f3bki lub uszycie nowego p\u0142aszcza wed\u0142ug specyfikacji Klienta \u2013 czas realizacji zam\u00f3wienia mo\u017ce ulec wyd\u0142u\u017ceniu, maksymalnie do 2 tygodni.\u00a0<\/span><\/p>\n<p>Poniewa\u017c nie szyjemy p\u0142aszczy ta\u015bmowo, ani na magazyn, prosimy o cierpliwo\u015b\u0107. Musimy uszy\u0107 ten p\u0142aszcz dla Ciebie. Dzi\u0119kujemy, \u017ce wspieracie lokalne rzemios\u0142o.<\/p>\n<p>B\u0105d\u017a na bie\u017c\u0105co i \u015bled\u017a nasz profil na <a href=\"https:\/\/www.instagram.com\/talia_plaszcze\/\">Instagram<\/a>.<\/p>","protected":false},"excerpt":{"rendered":"<p>Czekoladowy p\u0142aszczyk w kolano. Dopasowany, wi\u0105zany w pasie. Szykowny i funkcjonalny.<\/p>","protected":false},"featured_media":259801,"template":"","meta":{"_acf_changed":false},"product_cat":[31,55],"product_tag":[244,78,32,33,37,34,39,343,74,121,41,42,67,135,109,43,44,91,47,122,137,50,86,60,53,63,88,110,147],"class_list":{"0":"post-4075","1":"product","2":"type-product","3":"status-publish","4":"has-post-thumbnail","6":"product_cat-nowosci","7":"product_cat-plaszcze-krotsze","8":"product_tag-czekoladowy-plaszcz","9":"product_tag-dla-roznych-sylwetek","10":"product_tag-dopasowany-kroj","11":"product_tag-dwurzedowy","12":"product_tag-dyplomatka","13":"product_tag-handmade","14":"product_tag-klasyczny","15":"product_tag-klasyczny-plaszcz-damski","16":"product_tag-kurtka-damska","17":"product_tag-materialy-przyjazne-dla-srodowiska","18":"product_tag-na-podszewce","19":"product_tag-nowosc","20":"product_tag-ocieplany","21":"product_tag-plaszcz-brazowy","22":"product_tag-plaszcz-camel","23":"product_tag-plaszcz-damski","24":"product_tag-plaszcz-damski-dlugi","25":"product_tag-plaszcz-damski-zimowy","26":"product_tag-plaszcz-na-guziki","27":"product_tag-plaszcz-szlafrokowy","28":"product_tag-plaszcz-w-kolano","29":"product_tag-plaszcz-z-rewersem","30":"product_tag-plaszcz-zimowy-ocieplany","31":"product_tag-producent-plaszczy-damskich","32":"product_tag-welna","33":"product_tag-welniany","34":"product_tag-wiazany","35":"product_tag-z-paskiem","36":"product_tag-zrownowazona-produkcja","38":"first","39":"outofstock","40":"shipping-taxable","41":"purchasable","42":"product-type-variable","43":"has-default-attributes"},"acf":[],"yoast_head":"<!-- This site is optimized with the Yoast SEO plugin v25.7 - https:\/\/yoast.com\/wordpress\/plugins\/seo\/ -->\n<title>Br\u0105zowy zimowy p\u0142aszcz z mi\u0119kkiej tkaniny Ada - r\u0119cznie szyte<\/title>\n<meta name=\"description\" content=\"Br\u0105zowy zimowy p\u0142aszcz z mi\u0119kkiej tkaniny, wi\u0105zany w pasie i zapinany na guziki. R\u0119cznie szyty w Polsce. Wysoka jako\u015b\u0107. Po\u0142\u0105czenie komfortu i szyku.\" \/>\n<meta name=\"robots\" content=\"index, follow, max-snippet:-1, max-image-preview:large, max-video-preview:-1\" \/>\n<link rel=\"canonical\" href=\"https:\/\/talia-fashion.pl\/en\/product\/brazowy-zimowy-plaszcz-z-miekkiej-tkaniny-ada\/\" \/>\n<meta property=\"og:locale\" content=\"en_GB\" \/>\n<meta property=\"og:type\" content=\"article\" \/>\n<meta property=\"og:title\" content=\"Br\u0105zowy zimowy p\u0142aszcz z mi\u0119kkiej tkaniny Ada - r\u0119cznie szyte\" \/>\n<meta property=\"og:description\" content=\"Br\u0105zowy zimowy p\u0142aszcz z mi\u0119kkiej tkaniny, wi\u0105zany w pasie i zapinany na guziki. R\u0119cznie szyty w Polsce. Wysoka jako\u015b\u0107. Po\u0142\u0105czenie komfortu i szyku.\" \/>\n<meta property=\"og:url\" content=\"https:\/\/talia-fashion.pl\/en\/product\/brazowy-zimowy-plaszcz-z-miekkiej-tkaniny-ada\/\" \/>\n<meta property=\"og:site_name\" content=\"Talia Fashion\" \/>\n<meta property=\"article:modified_time\" content=\"2026-03-07T06:16:15+00:00\" \/>\n<meta property=\"og:image\" content=\"https:\/\/talia-fashion.pl\/wp-content\/uploads\/2025\/09\/brazowy-plaszcz-damski-w-kolano-miekka-tkanina-welna.jpg\" \/>\n\t<meta property=\"og:image:width\" content=\"1333\" \/>\n\t<meta property=\"og:image:height\" content=\"2000\" \/>\n\t<meta property=\"og:image:type\" content=\"image\/jpeg\" \/>\n<meta name=\"twitter:card\" content=\"summary_large_image\" \/>\n<meta name=\"twitter:label1\" content=\"Estimated reading time\" \/>\n\t<meta name=\"twitter:data1\" content=\"4 minutes\" \/>\n<script type=\"application\/ld+json\" class=\"yoast-schema-graph\">{\"@context\":\"https:\/\/schema.org\",\"@graph\":[{\"@type\":\"WebPage\",\"@id\":\"https:\/\/talia-fashion.pl\/produkt\/brazowy-zimowy-plaszcz-z-miekkiej-tkaniny-ada\/\",\"url\":\"https:\/\/talia-fashion.pl\/produkt\/brazowy-zimowy-plaszcz-z-miekkiej-tkaniny-ada\/\",\"name\":\"Br\u0105zowy zimowy p\u0142aszcz z mi\u0119kkiej tkaniny Ada - r\u0119cznie szyte\",\"isPartOf\":{\"@id\":\"https:\/\/talia-fashion.pl\/#website\"},\"primaryImageOfPage\":{\"@id\":\"https:\/\/talia-fashion.pl\/produkt\/brazowy-zimowy-plaszcz-z-miekkiej-tkaniny-ada\/#primaryimage\"},\"image\":{\"@id\":\"https:\/\/talia-fashion.pl\/produkt\/brazowy-zimowy-plaszcz-z-miekkiej-tkaniny-ada\/#primaryimage\"},\"thumbnailUrl\":\"https:\/\/talia-fashion.pl\/wp-content\/uploads\/2025\/09\/brazowy-plaszcz-damski-w-kolano-miekka-tkanina-welna.jpg\",\"datePublished\":\"2025-09-03T14:38:04+00:00\",\"dateModified\":\"2026-03-07T06:16:15+00:00\",\"description\":\"Br\u0105zowy zimowy p\u0142aszcz z mi\u0119kkiej tkaniny, wi\u0105zany w pasie i zapinany na guziki. R\u0119cznie szyty w Polsce. Wysoka jako\u015b\u0107. Po\u0142\u0105czenie komfortu i szyku.\",\"breadcrumb\":{\"@id\":\"https:\/\/talia-fashion.pl\/produkt\/brazowy-zimowy-plaszcz-z-miekkiej-tkaniny-ada\/#breadcrumb\"},\"inLanguage\":\"en-GB\",\"potentialAction\":[{\"@type\":\"ReadAction\",\"target\":[\"https:\/\/talia-fashion.pl\/produkt\/brazowy-zimowy-plaszcz-z-miekkiej-tkaniny-ada\/\"]}]},{\"@type\":\"ImageObject\",\"inLanguage\":\"en-GB\",\"@id\":\"https:\/\/talia-fashion.pl\/produkt\/brazowy-zimowy-plaszcz-z-miekkiej-tkaniny-ada\/#primaryimage\",\"url\":\"https:\/\/talia-fashion.pl\/wp-content\/uploads\/2025\/09\/brazowy-plaszcz-damski-w-kolano-miekka-tkanina-welna.jpg\",\"contentUrl\":\"https:\/\/talia-fashion.pl\/wp-content\/uploads\/2025\/09\/brazowy-plaszcz-damski-w-kolano-miekka-tkanina-welna.jpg\",\"width\":1333,\"height\":2000,\"caption\":\"Czekoladowy br\u0105z. Damski p\u0142aszcz zimowy ocieplany. Wi\u0105zany. D\u0142ugo\u015b\u0107 w kolano.\"},{\"@type\":\"BreadcrumbList\",\"@id\":\"https:\/\/talia-fashion.pl\/produkt\/brazowy-zimowy-plaszcz-z-miekkiej-tkaniny-ada\/#breadcrumb\",\"itemListElement\":[{\"@type\":\"ListItem\",\"position\":1,\"name\":\"Strona g\u0142\u00f3wna\",\"item\":\"https:\/\/talia-fashion.pl\/\"},{\"@type\":\"ListItem\",\"position\":2,\"name\":\"Sklep\",\"item\":\"https:\/\/talia-fashion.pl\/sklep\/\"},{\"@type\":\"ListItem\",\"position\":3,\"name\":\"Br\u0105zowy zimowy p\u0142aszcz z mi\u0119kkiej tkaniny Ada\"}]},{\"@type\":\"WebSite\",\"@id\":\"https:\/\/talia-fashion.pl\/#website\",\"url\":\"https:\/\/talia-fashion.pl\/\",\"name\":\"Talia Fashion\",\"description\":\"\",\"potentialAction\":[{\"@type\":\"SearchAction\",\"target\":{\"@type\":\"EntryPoint\",\"urlTemplate\":\"https:\/\/talia-fashion.pl\/?s={search_term_string}\"},\"query-input\":{\"@type\":\"PropertyValueSpecification\",\"valueRequired\":true,\"valueName\":\"search_term_string\"}}],\"inLanguage\":\"en-GB\"}]}<\/script>\n<!-- \/ Yoast SEO plugin. -->","yoast_head_json":{"title":"Br\u0105zowy zimowy p\u0142aszcz z mi\u0119kkiej tkaniny Ada - r\u0119cznie szyte","description":"Br\u0105zowy zimowy p\u0142aszcz z mi\u0119kkiej tkaniny, wi\u0105zany w pasie i zapinany na guziki. R\u0119cznie szyty w Polsce. Wysoka jako\u015b\u0107. Po\u0142\u0105czenie komfortu i szyku.","robots":{"index":"index","follow":"follow","max-snippet":"max-snippet:-1","max-image-preview":"max-image-preview:large","max-video-preview":"max-video-preview:-1"},"canonical":"https:\/\/talia-fashion.pl\/en\/product\/brazowy-zimowy-plaszcz-z-miekkiej-tkaniny-ada\/","og_locale":"en_GB","og_type":"article","og_title":"Br\u0105zowy zimowy p\u0142aszcz z mi\u0119kkiej tkaniny Ada - r\u0119cznie szyte","og_description":"Br\u0105zowy zimowy p\u0142aszcz z mi\u0119kkiej tkaniny, wi\u0105zany w pasie i zapinany na guziki. R\u0119cznie szyty w Polsce. Wysoka jako\u015b\u0107. Po\u0142\u0105czenie komfortu i szyku.","og_url":"https:\/\/talia-fashion.pl\/en\/product\/brazowy-zimowy-plaszcz-z-miekkiej-tkaniny-ada\/","og_site_name":"Talia Fashion","article_modified_time":"2026-03-07T06:16:15+00:00","og_image":[{"width":1333,"height":2000,"url":"https:\/\/talia-fashion.pl\/wp-content\/uploads\/2025\/09\/brazowy-plaszcz-damski-w-kolano-miekka-tkanina-welna.jpg","type":"image\/jpeg"}],"twitter_card":"summary_large_image","twitter_misc":{"Estimated reading time":"4 minutes"},"schema":{"@context":"https:\/\/schema.org","@graph":[{"@type":"WebPage","@id":"https:\/\/talia-fashion.pl\/produkt\/brazowy-zimowy-plaszcz-z-miekkiej-tkaniny-ada\/","url":"https:\/\/talia-fashion.pl\/produkt\/brazowy-zimowy-plaszcz-z-miekkiej-tkaniny-ada\/","name":"Br\u0105zowy zimowy p\u0142aszcz z mi\u0119kkiej tkaniny Ada - r\u0119cznie szyte","isPartOf":{"@id":"https:\/\/talia-fashion.pl\/#website"},"primaryImageOfPage":{"@id":"https:\/\/talia-fashion.pl\/produkt\/brazowy-zimowy-plaszcz-z-miekkiej-tkaniny-ada\/#primaryimage"},"image":{"@id":"https:\/\/talia-fashion.pl\/produkt\/brazowy-zimowy-plaszcz-z-miekkiej-tkaniny-ada\/#primaryimage"},"thumbnailUrl":"https:\/\/talia-fashion.pl\/wp-content\/uploads\/2025\/09\/brazowy-plaszcz-damski-w-kolano-miekka-tkanina-welna.jpg","datePublished":"2025-09-03T14:38:04+00:00","dateModified":"2026-03-07T06:16:15+00:00","description":"Br\u0105zowy zimowy p\u0142aszcz z mi\u0119kkiej tkaniny, wi\u0105zany w pasie i zapinany na guziki. R\u0119cznie szyty w Polsce. Wysoka jako\u015b\u0107. Po\u0142\u0105czenie komfortu i szyku.","breadcrumb":{"@id":"https:\/\/talia-fashion.pl\/produkt\/brazowy-zimowy-plaszcz-z-miekkiej-tkaniny-ada\/#breadcrumb"},"inLanguage":"en-GB","potentialAction":[{"@type":"ReadAction","target":["https:\/\/talia-fashion.pl\/produkt\/brazowy-zimowy-plaszcz-z-miekkiej-tkaniny-ada\/"]}]},{"@type":"ImageObject","inLanguage":"en-GB","@id":"https:\/\/talia-fashion.pl\/produkt\/brazowy-zimowy-plaszcz-z-miekkiej-tkaniny-ada\/#primaryimage","url":"https:\/\/talia-fashion.pl\/wp-content\/uploads\/2025\/09\/brazowy-plaszcz-damski-w-kolano-miekka-tkanina-welna.jpg","contentUrl":"https:\/\/talia-fashion.pl\/wp-content\/uploads\/2025\/09\/brazowy-plaszcz-damski-w-kolano-miekka-tkanina-welna.jpg","width":1333,"height":2000,"caption":"Czekoladowy br\u0105z. Damski p\u0142aszcz zimowy ocieplany. Wi\u0105zany. D\u0142ugo\u015b\u0107 w kolano."},{"@type":"BreadcrumbList","@id":"https:\/\/talia-fashion.pl\/produkt\/brazowy-zimowy-plaszcz-z-miekkiej-tkaniny-ada\/#breadcrumb","itemListElement":[{"@type":"ListItem","position":1,"name":"Strona g\u0142\u00f3wna","item":"https:\/\/talia-fashion.pl\/"},{"@type":"ListItem","position":2,"name":"Sklep","item":"https:\/\/talia-fashion.pl\/sklep\/"},{"@type":"ListItem","position":3,"name":"Br\u0105zowy zimowy p\u0142aszcz z mi\u0119kkiej tkaniny Ada"}]},{"@type":"WebSite","@id":"https:\/\/talia-fashion.pl\/#website","url":"https:\/\/talia-fashion.pl\/","name":"Talia Fashion","description":"","potentialAction":[{"@type":"SearchAction","target":{"@type":"EntryPoint","urlTemplate":"https:\/\/talia-fashion.pl\/?s={search_term_string}"},"query-input":{"@type":"PropertyValueSpecification","valueRequired":true,"valueName":"search_term_string"}}],"inLanguage":"en-GB"}]}},"_links":{"self":[{"href":"https:\/\/talia-fashion.pl\/en\/wp-json\/wp\/v2\/product\/4075","targetHints":{"allow":["GET"]}}],"collection":[{"href":"https:\/\/talia-fashion.pl\/en\/wp-json\/wp\/v2\/product"}],"about":[{"href":"https:\/\/talia-fashion.pl\/en\/wp-json\/wp\/v2\/types\/product"}],"wp:featuredmedia":[{"embeddable":true,"href":"https:\/\/talia-fashion.pl\/en\/wp-json\/wp\/v2\/media\/259801"}],"wp:attachment":[{"href":"https:\/\/talia-fashion.pl\/en\/wp-json\/wp\/v2\/media?parent=4075"}],"wp:term":[{"taxonomy":"product_cat","embeddable":true,"href":"https:\/\/talia-fashion.pl\/en\/wp-json\/wp\/v2\/product_cat?post=4075"},{"taxonomy":"product_tag","embeddable":true,"href":"https:\/\/talia-fashion.pl\/en\/wp-json\/wp\/v2\/product_tag?post=4075"}],"curies":[{"name":"wp","href":"https:\/\/api.w.org\/{rel}","templated":true}]}}