{"id":4063,"date":"2019-11-11T18:06:02","date_gmt":"2019-11-11T17:06:02","guid":{"rendered":"http:\/\/talia-fashion.pl\/produkt\/szczotka-do-czyszczenia-i-pielegnacji-plaszcza\/"},"modified":"2026-04-15T09:07:34","modified_gmt":"2026-04-15T07:07:34","slug":"szczotka-do-czyszczenia-i-pielegnacji-plaszcza","status":"publish","type":"product","link":"https:\/\/talia-fashion.pl\/en\/product\/szczotka-do-czyszczenia-i-pielegnacji-plaszcza\/","title":{"rendered":"Brush for cleaning and care of the coat"},"content":{"rendered":"<p>Szczotka do czyszczenia i piel\u0119gnacji p\u0142aszcza usunie z powierzchni twojego p\u0142aszcza zanieczyszczenia typu:\u00a0 sier\u015b\u0107, w\u0142osy, paproszki, kurz, itp.<br \/>\nDodatkowo \u201ewyczesze\u201d w\u0142\u00f3kna tkaniny przepi\u0119knie od\u015bwie\u017caj\u0105c wygl\u0105d p\u0142aszcza.<\/p>\n<p>Nale\u017cy zwr\u00f3ci\u0107 baczn\u0105 uwag\u0119 na to, aby p\u0142aszcz czesa\u0107 zawsze z g\u00f3ry na d\u00f3\u0142 zgodnie z kierunkiem strza\u0142ki umieszczonej na g\u0142owicy szczotki. Szczotkowanie pod w\u0142os mo\u017ce uszkodzi\u0107 w\u0142\u00f3kna tkaniny.<\/p>\n<p>Obrotowa powierzchnia czyszcz\u0105ca powoduje, \u017ce szczotka mo\u017ce by\u0107 u\u017cywana zar\u00f3wno przez osoby prawo jak i lewor\u0119czne, a tak\u017ce pozwala na szybkie oczyszczenie p\u0142aszcza kt\u00f3ry ju\u017c mamy na sobie.<\/p>\n<p>Polecamy do codziennej piel\u0119gnacji.<\/p>","protected":false},"excerpt":{"rendered":"<p>Szczotka do czyszczenia i piel\u0119gnacji p\u0142aszcza usunie z powierzchni twojego p\u0142aszcza zanieczyszczenia typu:\u00a0 sier\u015b\u0107, w\u0142osy, paproszki, kurz, itp. Dodatkowo \u201ewyczesze\u201d w\u0142\u00f3kna tkaniny&hellip;<\/p>","protected":false},"featured_media":365,"template":"","meta":{"_acf_changed":false},"product_cat":[281,36],"product_tag":[144,145],"class_list":{"0":"post-4063","1":"product","2":"type-product","3":"status-publish","4":"has-post-thumbnail","6":"product_cat-akcesoria","7":"product_cat-plaszcze-dluzsze","8":"product_tag-szczotka","9":"product_tag-szczotka-do-plaszcza","11":"first","12":"instock","13":"shipping-taxable","14":"purchasable","15":"product-type-simple"},"acf":[],"yoast_head":"<!-- This site is optimized with the Yoast SEO plugin v25.7 - https:\/\/yoast.com\/wordpress\/plugins\/seo\/ -->\n<title>Szczotka do czyszczenia i piel\u0119gnacji p\u0142aszcza - Talia Fashion<\/title>\n<meta name=\"description\" content=\"Szczotka do czyszczenia i piel\u0119gnacji p\u0142aszcza z obrotow\u0105 g\u0142owic\u0105. Welurowa powierzchnia czyszcz\u0105ca pozwala na usuni\u0119cie zanieczyszcze\u0144 z okrycia.\" \/>\n<meta name=\"robots\" content=\"index, follow, max-snippet:-1, max-image-preview:large, max-video-preview:-1\" \/>\n<link rel=\"canonical\" href=\"https:\/\/talia-fashion.pl\/en\/product\/szczotka-do-czyszczenia-i-pielegnacji-plaszcza\/\" \/>\n<meta property=\"og:locale\" content=\"en_GB\" \/>\n<meta property=\"og:type\" content=\"article\" \/>\n<meta property=\"og:title\" content=\"Szczotka do czyszczenia i piel\u0119gnacji p\u0142aszcza - Talia Fashion\" \/>\n<meta property=\"og:description\" content=\"Szczotka do czyszczenia i piel\u0119gnacji p\u0142aszcza z obrotow\u0105 g\u0142owic\u0105. Welurowa powierzchnia czyszcz\u0105ca pozwala na usuni\u0119cie zanieczyszcze\u0144 z okrycia.\" \/>\n<meta property=\"og:url\" content=\"https:\/\/talia-fashion.pl\/en\/product\/szczotka-do-czyszczenia-i-pielegnacji-plaszcza\/\" \/>\n<meta property=\"og:site_name\" content=\"Talia Fashion\" \/>\n<meta property=\"article:modified_time\" content=\"2026-04-15T07:07:34+00:00\" \/>\n<meta property=\"og:image\" content=\"https:\/\/talia-fashion.pl\/wp-content\/uploads\/2024\/10\/szczotka-do-czyszczenia-plaszcza.jpg\" \/>\n\t<meta property=\"og:image:width\" content=\"1000\" \/>\n\t<meta property=\"og:image:height\" content=\"1500\" \/>\n\t<meta property=\"og:image:type\" content=\"image\/jpeg\" \/>\n<meta name=\"twitter:card\" content=\"summary_large_image\" \/>\n<meta name=\"twitter:label1\" content=\"Estimated reading time\" \/>\n\t<meta name=\"twitter:data1\" content=\"1 minute\" \/>\n<script type=\"application\/ld+json\" class=\"yoast-schema-graph\">{\"@context\":\"https:\/\/schema.org\",\"@graph\":[{\"@type\":\"WebPage\",\"@id\":\"https:\/\/talia-fashion.pl\/produkt\/szczotka-do-czyszczenia-i-pielegnacji-plaszcza\/\",\"url\":\"https:\/\/talia-fashion.pl\/produkt\/szczotka-do-czyszczenia-i-pielegnacji-plaszcza\/\",\"name\":\"Szczotka do czyszczenia i piel\u0119gnacji p\u0142aszcza - Talia Fashion\",\"isPartOf\":{\"@id\":\"https:\/\/talia-fashion.pl\/#website\"},\"primaryImageOfPage\":{\"@id\":\"https:\/\/talia-fashion.pl\/produkt\/szczotka-do-czyszczenia-i-pielegnacji-plaszcza\/#primaryimage\"},\"image\":{\"@id\":\"https:\/\/talia-fashion.pl\/produkt\/szczotka-do-czyszczenia-i-pielegnacji-plaszcza\/#primaryimage\"},\"thumbnailUrl\":\"https:\/\/talia-fashion.pl\/wp-content\/uploads\/2024\/10\/szczotka-do-czyszczenia-plaszcza.jpg\",\"datePublished\":\"2019-11-11T17:06:02+00:00\",\"dateModified\":\"2026-04-15T07:07:34+00:00\",\"description\":\"Szczotka do czyszczenia i piel\u0119gnacji p\u0142aszcza z obrotow\u0105 g\u0142owic\u0105. Welurowa powierzchnia czyszcz\u0105ca pozwala na usuni\u0119cie zanieczyszcze\u0144 z okrycia.\",\"breadcrumb\":{\"@id\":\"https:\/\/talia-fashion.pl\/produkt\/szczotka-do-czyszczenia-i-pielegnacji-plaszcza\/#breadcrumb\"},\"inLanguage\":\"en-GB\",\"potentialAction\":[{\"@type\":\"ReadAction\",\"target\":[\"https:\/\/talia-fashion.pl\/produkt\/szczotka-do-czyszczenia-i-pielegnacji-plaszcza\/\"]}]},{\"@type\":\"ImageObject\",\"inLanguage\":\"en-GB\",\"@id\":\"https:\/\/talia-fashion.pl\/produkt\/szczotka-do-czyszczenia-i-pielegnacji-plaszcza\/#primaryimage\",\"url\":\"https:\/\/talia-fashion.pl\/wp-content\/uploads\/2024\/10\/szczotka-do-czyszczenia-plaszcza.jpg\",\"contentUrl\":\"https:\/\/talia-fashion.pl\/wp-content\/uploads\/2024\/10\/szczotka-do-czyszczenia-plaszcza.jpg\",\"width\":1000,\"height\":1500,\"caption\":\"szczotka do czyszczenia p\u0142aszcza z obrotow\u0105 g\u0142owic\u0105\"},{\"@type\":\"BreadcrumbList\",\"@id\":\"https:\/\/talia-fashion.pl\/produkt\/szczotka-do-czyszczenia-i-pielegnacji-plaszcza\/#breadcrumb\",\"itemListElement\":[{\"@type\":\"ListItem\",\"position\":1,\"name\":\"Strona g\u0142\u00f3wna\",\"item\":\"https:\/\/talia-fashion.pl\/\"},{\"@type\":\"ListItem\",\"position\":2,\"name\":\"Sklep\",\"item\":\"https:\/\/talia-fashion.pl\/sklep\/\"},{\"@type\":\"ListItem\",\"position\":3,\"name\":\"Szczotka do czyszczenia i piel\u0119gnacji p\u0142aszcza\"}]},{\"@type\":\"WebSite\",\"@id\":\"https:\/\/talia-fashion.pl\/#website\",\"url\":\"https:\/\/talia-fashion.pl\/\",\"name\":\"Talia Fashion\",\"description\":\"\",\"potentialAction\":[{\"@type\":\"SearchAction\",\"target\":{\"@type\":\"EntryPoint\",\"urlTemplate\":\"https:\/\/talia-fashion.pl\/?s={search_term_string}\"},\"query-input\":{\"@type\":\"PropertyValueSpecification\",\"valueRequired\":true,\"valueName\":\"search_term_string\"}}],\"inLanguage\":\"en-GB\"}]}<\/script>\n<!-- \/ Yoast SEO plugin. -->","yoast_head_json":{"title":"Szczotka do czyszczenia i piel\u0119gnacji p\u0142aszcza - Talia Fashion","description":"Szczotka do czyszczenia i piel\u0119gnacji p\u0142aszcza z obrotow\u0105 g\u0142owic\u0105. Welurowa powierzchnia czyszcz\u0105ca pozwala na usuni\u0119cie zanieczyszcze\u0144 z okrycia.","robots":{"index":"index","follow":"follow","max-snippet":"max-snippet:-1","max-image-preview":"max-image-preview:large","max-video-preview":"max-video-preview:-1"},"canonical":"https:\/\/talia-fashion.pl\/en\/product\/szczotka-do-czyszczenia-i-pielegnacji-plaszcza\/","og_locale":"en_GB","og_type":"article","og_title":"Szczotka do czyszczenia i piel\u0119gnacji p\u0142aszcza - Talia Fashion","og_description":"Szczotka do czyszczenia i piel\u0119gnacji p\u0142aszcza z obrotow\u0105 g\u0142owic\u0105. Welurowa powierzchnia czyszcz\u0105ca pozwala na usuni\u0119cie zanieczyszcze\u0144 z okrycia.","og_url":"https:\/\/talia-fashion.pl\/en\/product\/szczotka-do-czyszczenia-i-pielegnacji-plaszcza\/","og_site_name":"Talia Fashion","article_modified_time":"2026-04-15T07:07:34+00:00","og_image":[{"width":1000,"height":1500,"url":"https:\/\/talia-fashion.pl\/wp-content\/uploads\/2024\/10\/szczotka-do-czyszczenia-plaszcza.jpg","type":"image\/jpeg"}],"twitter_card":"summary_large_image","twitter_misc":{"Estimated reading time":"1 minute"},"schema":{"@context":"https:\/\/schema.org","@graph":[{"@type":"WebPage","@id":"https:\/\/talia-fashion.pl\/produkt\/szczotka-do-czyszczenia-i-pielegnacji-plaszcza\/","url":"https:\/\/talia-fashion.pl\/produkt\/szczotka-do-czyszczenia-i-pielegnacji-plaszcza\/","name":"Szczotka do czyszczenia i piel\u0119gnacji p\u0142aszcza - Talia Fashion","isPartOf":{"@id":"https:\/\/talia-fashion.pl\/#website"},"primaryImageOfPage":{"@id":"https:\/\/talia-fashion.pl\/produkt\/szczotka-do-czyszczenia-i-pielegnacji-plaszcza\/#primaryimage"},"image":{"@id":"https:\/\/talia-fashion.pl\/produkt\/szczotka-do-czyszczenia-i-pielegnacji-plaszcza\/#primaryimage"},"thumbnailUrl":"https:\/\/talia-fashion.pl\/wp-content\/uploads\/2024\/10\/szczotka-do-czyszczenia-plaszcza.jpg","datePublished":"2019-11-11T17:06:02+00:00","dateModified":"2026-04-15T07:07:34+00:00","description":"Szczotka do czyszczenia i piel\u0119gnacji p\u0142aszcza z obrotow\u0105 g\u0142owic\u0105. Welurowa powierzchnia czyszcz\u0105ca pozwala na usuni\u0119cie zanieczyszcze\u0144 z okrycia.","breadcrumb":{"@id":"https:\/\/talia-fashion.pl\/produkt\/szczotka-do-czyszczenia-i-pielegnacji-plaszcza\/#breadcrumb"},"inLanguage":"en-GB","potentialAction":[{"@type":"ReadAction","target":["https:\/\/talia-fashion.pl\/produkt\/szczotka-do-czyszczenia-i-pielegnacji-plaszcza\/"]}]},{"@type":"ImageObject","inLanguage":"en-GB","@id":"https:\/\/talia-fashion.pl\/produkt\/szczotka-do-czyszczenia-i-pielegnacji-plaszcza\/#primaryimage","url":"https:\/\/talia-fashion.pl\/wp-content\/uploads\/2024\/10\/szczotka-do-czyszczenia-plaszcza.jpg","contentUrl":"https:\/\/talia-fashion.pl\/wp-content\/uploads\/2024\/10\/szczotka-do-czyszczenia-plaszcza.jpg","width":1000,"height":1500,"caption":"szczotka do czyszczenia p\u0142aszcza z obrotow\u0105 g\u0142owic\u0105"},{"@type":"BreadcrumbList","@id":"https:\/\/talia-fashion.pl\/produkt\/szczotka-do-czyszczenia-i-pielegnacji-plaszcza\/#breadcrumb","itemListElement":[{"@type":"ListItem","position":1,"name":"Strona g\u0142\u00f3wna","item":"https:\/\/talia-fashion.pl\/"},{"@type":"ListItem","position":2,"name":"Sklep","item":"https:\/\/talia-fashion.pl\/sklep\/"},{"@type":"ListItem","position":3,"name":"Szczotka do czyszczenia i piel\u0119gnacji p\u0142aszcza"}]},{"@type":"WebSite","@id":"https:\/\/talia-fashion.pl\/#website","url":"https:\/\/talia-fashion.pl\/","name":"Talia Fashion","description":"","potentialAction":[{"@type":"SearchAction","target":{"@type":"EntryPoint","urlTemplate":"https:\/\/talia-fashion.pl\/?s={search_term_string}"},"query-input":{"@type":"PropertyValueSpecification","valueRequired":true,"valueName":"search_term_string"}}],"inLanguage":"en-GB"}]}},"_links":{"self":[{"href":"https:\/\/talia-fashion.pl\/en\/wp-json\/wp\/v2\/product\/4063","targetHints":{"allow":["GET"]}}],"collection":[{"href":"https:\/\/talia-fashion.pl\/en\/wp-json\/wp\/v2\/product"}],"about":[{"href":"https:\/\/talia-fashion.pl\/en\/wp-json\/wp\/v2\/types\/product"}],"wp:featuredmedia":[{"embeddable":true,"href":"https:\/\/talia-fashion.pl\/en\/wp-json\/wp\/v2\/media\/365"}],"wp:attachment":[{"href":"https:\/\/talia-fashion.pl\/en\/wp-json\/wp\/v2\/media?parent=4063"}],"wp:term":[{"taxonomy":"product_cat","embeddable":true,"href":"https:\/\/talia-fashion.pl\/en\/wp-json\/wp\/v2\/product_cat?post=4063"},{"taxonomy":"product_tag","embeddable":true,"href":"https:\/\/talia-fashion.pl\/en\/wp-json\/wp\/v2\/product_tag?post=4063"}],"curies":[{"name":"wp","href":"https:\/\/api.w.org\/{rel}","templated":true}]}}