{"id":4057,"date":"2025-09-03T16:38:04","date_gmt":"2025-09-03T14:38:04","guid":{"rendered":"http:\/\/talia-fashion.pl\/produkt\/zimowy-szlafrokowy-plaszcz-w-kolano-bordo-ola\/"},"modified":"2026-02-12T16:27:00","modified_gmt":"2026-02-12T15:27:00","slug":"zimowy-szlafrokowy-plaszcz-w-kolano-bordo-ola","status":"publish","type":"product","link":"https:\/\/talia-fashion.pl\/en\/product\/zimowy-szlafrokowy-plaszcz-w-kolano-bordo-ola\/","title":{"rendered":"Ola maroon knee-length winter dressing gown coat"},"content":{"rendered":"<p>Ola maroon knee-length winter dressing gown coat - a delightful colourful coat proposal with a classic line, finished with a widened reverse collar. Single-breasted coat fastened with one button, the second button serves as a decoration. Profiling cuts on the back, without an opening at the bottom. A belt made of the same fabric as the coat is attached to accentuate the waist. Two diagonally sewn, inset pockets. Knee-length. The coat is fully insulated, including the sleeves. Ideal for the cold season.<\/p>\n<p>Ola is an extremely malleable cut that you will harmonise with many styles. Wear what you like! Without exception. Yes, it can even be a tracksuit:) Adidas or stilettos will go well with this cut of coat. Its beautiful collar can be worn swept up or with the lapels lined to create a pointed neckline. Throw on accessories in a contrasting colour and colour up winter \ud83d\ude09 .<\/p>\n<p><a href=\"https:\/\/talia-fashion.pl\/en\/jak-dobrac-plaszcz-do-sylwetki\/\">How do you choose a coat to suit your figure?<\/a> - In our short guide you will find tips on what to look for when choosing a coat.<\/p>\n<p><span lang=\"DE\">Actual photo - maroon<\/span><br \/>\nAvailable colours<span lang=\"DE\">: maroon<\/span><br \/>\n<span lang=\"DE\">The colours are presented in our <a href=\"https:\/\/talia-fashion.pl\/en\/paleta-kolorow\/\">Colour palette<\/a> As well as in the pictures of coats in other cuts. If in doubt, please do not hesitate to contact us.<\/span><\/p>\n<p><span lang=\"DE\">Available sizes: XS, S, M, L, XL<\/span><br \/>\nThe model is 172cm and a size S.<\/p>\n<p><span lang=\"DE\">Indicative dimensions:<\/span><br \/>\n<span lang=\"DE\">XS - bust: 86-88 \/ hips 94-96 \/ length: 97 \/ shoulder width 34.5-35 \/ sleeve 61<br \/>\nS - bust: 90-92 \/ hips: 98-100 \/ length: 98 \/ shoulder width 35.5-36 \/ sleeve: 62<br \/>\nM - bust: 94-96 \/ hips: 102-104 \/ length: 98 \/ shoulder width 37.5 \/ sleeve: 62<br \/>\nL - bust: 98-100 \/ hips: 106-108 \/ length: 98 \/ shoulder width 39.5-40 \/ sleeve: 63<br \/>\nXL - bust: 104-106 \/ hips: 112-114 \/ length: 98 \/ shoulder width 42-42.5 \/ sleeve: 64<br \/>\n<\/span><\/p>\n<p><span lang=\"DE\">We have included instructions on how to interpret the above measurements and how to measure yourself in the tab<a href=\"https:\/\/talia-fashion.pl\/en\/jak-dobrac-rozmiar\/\"> How to choose a size?<\/a> If in doubt, please contact us.<\/span><\/p>\n<p>Material: 47% wool, 30% polyester, 23% viscose<br \/>\nLining: 100 % acetate<br \/>\nLike viscose, acetate is produced from cellulose. Acetate yarn can also be made from recycled cellulose such as paper. The acetate lining is excellent at absorbing moisture and allowing air to pass through. It is coated with an antistatic apprettee and is OEKOtex\u00ae Standard 100 certified.<br \/>\nInsulation: 100% non-woven recycled polyester<br \/>\nOur coats are insulated with a compressed thermo-insulating quilted fleece on the lining. The fleece is made from recycled polyester fibres. The material is lightweight, thin and at the same time perfectly insulating. The insulating fleece we use is resistant to moisture (it retains its insulating properties and warming effect even in damp conditions), stops the wind, is hypoallergenic and breathable. It is OEKOtex\u00ae Standard 100 certified.<\/p>\n<p>The Ola maroon knee-length winter dressing gown coat is our original design, which was created in our family workshop. We have been designing and sewing women's coats for many years. We practice the traditional art of tailoring, so we put our whole heart into each of our coats.<\/p>\n<p>The coat should be dry-cleaned, but to avoid doing this too often, we recommend <a href=\"https:\/\/talia-fashion.pl\/en\/product\/szczotka-do-czyszczenia-i-pielegnacji-plaszcza\/\">Brush for cleaning and care of the coat\u00a0<\/a>to refresh your wool frequently. For additional tips on how to care for your coat, see <a href=\"https:\/\/talia-fashion.pl\/en\/jak-pielegnowac-i-dbac-o-plaszcz\/\">How to care for and maintain coats?<\/a><\/p>\n<p>We also offer the possibility of <strong>\u00a0Individual Order <\/strong>- making certain modifications at the client's request: shortening, lengthening of sleeves, shortening and lengthening of the coat. We determine the cost of such a service individually, after prior contact. <span lang=\"DE\">On individual request, it is possible to sew this coat model in size 34 (XXS).<\/span><br \/>\n<strong>An individual order is not subject to exchange or refund.<\/strong><\/p>\n<p><span lang=\"DE\">The lead time depends on the current stock in the atelier and the availability of the fabric colour in question. If a given coat is available in the company, the order will be fulfilled very quickly - 2-5 working days. If it is necessary to sew the coat or individualise the order - making alterations or sewing a new coat - the lead time may be extended, up to a maximum of 2 weeks.\u00a0<\/span><\/p>\n<p>For the most part we do not sew coats in stock, so please be patient, we need to sew this coat for you.<br \/>\n<strong>Thank you for supporting local crafts.<\/strong><\/p>\n<p>We invite you to like our profile on\u00a0<a href=\"https:\/\/www.instagram.com\/talia_plaszcze\/\">Instagram<\/a>.<\/p>","protected":false},"excerpt":{"rendered":"<p>Zimowy szlafrokowy p\u0142aszcz w kolano bordo Ola &#8211; zachwycaj\u0105ca kolorem propozycja p\u0142aszcza o klasycznej linii, wyko\u0144czona poszerzanym ko\u0142nierzem typu rewers. P\u0142aszcz jednorz\u0119dowy&hellip;<\/p>","protected":false},"featured_media":356,"template":"","meta":{"_acf_changed":false},"product_cat":[36,29],"product_tag":[56,141,78,32,33,34,39,40,41,67,142,43,44,91,45,46,96,47,75,122,50,143,69,60,53,63,88],"class_list":{"0":"post-4057","1":"product","2":"type-product","3":"status-publish","4":"has-post-thumbnail","6":"product_cat-plaszcze-dluzsze","7":"product_cat-sale-plaszcz-damski-w-promocji","8":"product_tag-bestseller","9":"product_tag-bordo","10":"product_tag-dla-roznych-sylwetek","11":"product_tag-dopasowany-kroj","12":"product_tag-dwurzedowy","13":"product_tag-handmade","14":"product_tag-klasyczny","15":"product_tag-kolnierz","16":"product_tag-na-podszewce","17":"product_tag-ocieplany","18":"product_tag-plaszcz-butelkowy","19":"product_tag-plaszcz-damski","20":"product_tag-plaszcz-damski-dlugi","21":"product_tag-plaszcz-damski-zimowy","22":"product_tag-plaszcz-dlugi","23":"product_tag-plaszcz-dwurzedowy","24":"product_tag-plaszcz-na-chlodne-dni","25":"product_tag-plaszcz-na-guziki","26":"product_tag-plaszcz-ocieplany","27":"product_tag-plaszcz-szlafrokowy","28":"product_tag-plaszcz-z-rewersem","29":"product_tag-plaszczyk-damski","30":"product_tag-prochowiec","31":"product_tag-producent-plaszczy-damskich","32":"product_tag-welna","33":"product_tag-welniany","34":"product_tag-wiazany","36":"first","37":"instock","38":"sale","39":"shipping-taxable","40":"purchasable","41":"product-type-variable","42":"has-default-attributes"},"acf":[],"yoast_head":"<!-- This site is optimized with the Yoast SEO plugin v25.7 - https:\/\/yoast.com\/wordpress\/plugins\/seo\/ -->\n<title>Zimowy szlafrokowy p\u0142aszcz w kolano bordo Ola - Talia Fashion - p\u0142aszcze damskie<\/title>\n<meta name=\"description\" content=\"Zimowy szlafrokowy p\u0142aszcz w kolano bordo to bardzo wygodny p\u0142aszcz z paskiem, ozdobiony szerokim ko\u0142nierzem typu rewers. R\u0119cznie szyty.\" \/>\n<meta name=\"robots\" content=\"index, follow, max-snippet:-1, max-image-preview:large, max-video-preview:-1\" \/>\n<link rel=\"canonical\" href=\"https:\/\/talia-fashion.pl\/en\/product\/zimowy-szlafrokowy-plaszcz-w-kolano-bordo-ola\/\" \/>\n<meta property=\"og:locale\" content=\"en_GB\" \/>\n<meta property=\"og:type\" content=\"article\" \/>\n<meta property=\"og:title\" content=\"Zimowy szlafrokowy p\u0142aszcz w kolano bordo Ola - Talia Fashion - p\u0142aszcze damskie\" \/>\n<meta property=\"og:description\" content=\"Zimowy szlafrokowy p\u0142aszcz w kolano bordo to bardzo wygodny p\u0142aszcz z paskiem, ozdobiony szerokim ko\u0142nierzem typu rewers. R\u0119cznie szyty.\" \/>\n<meta property=\"og:url\" content=\"https:\/\/talia-fashion.pl\/en\/product\/zimowy-szlafrokowy-plaszcz-w-kolano-bordo-ola\/\" \/>\n<meta property=\"og:site_name\" content=\"Talia Fashion\" \/>\n<meta property=\"article:modified_time\" content=\"2026-02-12T15:27:00+00:00\" \/>\n<meta property=\"og:image\" content=\"https:\/\/talia-fashion.pl\/wp-content\/uploads\/2024\/10\/zimowy-szlafrokowy-plaszcz-damski-bordo-wiazany.jpg\" \/>\n\t<meta property=\"og:image:width\" content=\"1500\" \/>\n\t<meta property=\"og:image:height\" content=\"2250\" \/>\n\t<meta property=\"og:image:type\" content=\"image\/jpeg\" \/>\n<meta name=\"twitter:card\" content=\"summary_large_image\" \/>\n<meta name=\"twitter:label1\" content=\"Estimated reading time\" \/>\n\t<meta name=\"twitter:data1\" content=\"3 minutes\" \/>\n<script type=\"application\/ld+json\" class=\"yoast-schema-graph\">{\"@context\":\"https:\/\/schema.org\",\"@graph\":[{\"@type\":\"WebPage\",\"@id\":\"https:\/\/talia-fashion.pl\/produkt\/zimowy-szlafrokowy-plaszcz-w-kolano-bordo-ola\/\",\"url\":\"https:\/\/talia-fashion.pl\/produkt\/zimowy-szlafrokowy-plaszcz-w-kolano-bordo-ola\/\",\"name\":\"Zimowy szlafrokowy p\u0142aszcz w kolano bordo Ola - Talia Fashion - p\u0142aszcze damskie\",\"isPartOf\":{\"@id\":\"https:\/\/talia-fashion.pl\/#website\"},\"primaryImageOfPage\":{\"@id\":\"https:\/\/talia-fashion.pl\/produkt\/zimowy-szlafrokowy-plaszcz-w-kolano-bordo-ola\/#primaryimage\"},\"image\":{\"@id\":\"https:\/\/talia-fashion.pl\/produkt\/zimowy-szlafrokowy-plaszcz-w-kolano-bordo-ola\/#primaryimage\"},\"thumbnailUrl\":\"https:\/\/talia-fashion.pl\/wp-content\/uploads\/2024\/10\/zimowy-szlafrokowy-plaszcz-damski-bordo-wiazany.jpg\",\"datePublished\":\"2025-09-03T14:38:04+00:00\",\"dateModified\":\"2026-02-12T15:27:00+00:00\",\"description\":\"Zimowy szlafrokowy p\u0142aszcz w kolano bordo to bardzo wygodny p\u0142aszcz z paskiem, ozdobiony szerokim ko\u0142nierzem typu rewers. R\u0119cznie szyty.\",\"breadcrumb\":{\"@id\":\"https:\/\/talia-fashion.pl\/produkt\/zimowy-szlafrokowy-plaszcz-w-kolano-bordo-ola\/#breadcrumb\"},\"inLanguage\":\"en-GB\",\"potentialAction\":[{\"@type\":\"ReadAction\",\"target\":[\"https:\/\/talia-fashion.pl\/produkt\/zimowy-szlafrokowy-plaszcz-w-kolano-bordo-ola\/\"]}]},{\"@type\":\"ImageObject\",\"inLanguage\":\"en-GB\",\"@id\":\"https:\/\/talia-fashion.pl\/produkt\/zimowy-szlafrokowy-plaszcz-w-kolano-bordo-ola\/#primaryimage\",\"url\":\"https:\/\/talia-fashion.pl\/wp-content\/uploads\/2024\/10\/zimowy-szlafrokowy-plaszcz-damski-bordo-wiazany.jpg\",\"contentUrl\":\"https:\/\/talia-fashion.pl\/wp-content\/uploads\/2024\/10\/zimowy-szlafrokowy-plaszcz-damski-bordo-wiazany.jpg\",\"width\":1500,\"height\":2250,\"caption\":\"Zimowy szlafrokowy p\u0142aszcz damski w najmodniejszym kolorze bordo. Zapinany na guziki. Wi\u0105zany. D\u0142ugo\u015b\u0107 w kolano.\"},{\"@type\":\"BreadcrumbList\",\"@id\":\"https:\/\/talia-fashion.pl\/produkt\/zimowy-szlafrokowy-plaszcz-w-kolano-bordo-ola\/#breadcrumb\",\"itemListElement\":[{\"@type\":\"ListItem\",\"position\":1,\"name\":\"Strona g\u0142\u00f3wna\",\"item\":\"https:\/\/talia-fashion.pl\/\"},{\"@type\":\"ListItem\",\"position\":2,\"name\":\"Sklep\",\"item\":\"https:\/\/talia-fashion.pl\/sklep\/\"},{\"@type\":\"ListItem\",\"position\":3,\"name\":\"Zimowy szlafrokowy p\u0142aszcz w kolano bordo Ola\"}]},{\"@type\":\"WebSite\",\"@id\":\"https:\/\/talia-fashion.pl\/#website\",\"url\":\"https:\/\/talia-fashion.pl\/\",\"name\":\"Talia Fashion\",\"description\":\"\",\"potentialAction\":[{\"@type\":\"SearchAction\",\"target\":{\"@type\":\"EntryPoint\",\"urlTemplate\":\"https:\/\/talia-fashion.pl\/?s={search_term_string}\"},\"query-input\":{\"@type\":\"PropertyValueSpecification\",\"valueRequired\":true,\"valueName\":\"search_term_string\"}}],\"inLanguage\":\"en-GB\"}]}<\/script>\n<!-- \/ Yoast SEO plugin. -->","yoast_head_json":{"title":"Zimowy szlafrokowy p\u0142aszcz w kolano bordo Ola - Talia Fashion - p\u0142aszcze damskie","description":"Zimowy szlafrokowy p\u0142aszcz w kolano bordo to bardzo wygodny p\u0142aszcz z paskiem, ozdobiony szerokim ko\u0142nierzem typu rewers. R\u0119cznie szyty.","robots":{"index":"index","follow":"follow","max-snippet":"max-snippet:-1","max-image-preview":"max-image-preview:large","max-video-preview":"max-video-preview:-1"},"canonical":"https:\/\/talia-fashion.pl\/en\/product\/zimowy-szlafrokowy-plaszcz-w-kolano-bordo-ola\/","og_locale":"en_GB","og_type":"article","og_title":"Zimowy szlafrokowy p\u0142aszcz w kolano bordo Ola - Talia Fashion - p\u0142aszcze damskie","og_description":"Zimowy szlafrokowy p\u0142aszcz w kolano bordo to bardzo wygodny p\u0142aszcz z paskiem, ozdobiony szerokim ko\u0142nierzem typu rewers. R\u0119cznie szyty.","og_url":"https:\/\/talia-fashion.pl\/en\/product\/zimowy-szlafrokowy-plaszcz-w-kolano-bordo-ola\/","og_site_name":"Talia Fashion","article_modified_time":"2026-02-12T15:27:00+00:00","og_image":[{"width":1500,"height":2250,"url":"https:\/\/talia-fashion.pl\/wp-content\/uploads\/2024\/10\/zimowy-szlafrokowy-plaszcz-damski-bordo-wiazany.jpg","type":"image\/jpeg"}],"twitter_card":"summary_large_image","twitter_misc":{"Estimated reading time":"3 minutes"},"schema":{"@context":"https:\/\/schema.org","@graph":[{"@type":"WebPage","@id":"https:\/\/talia-fashion.pl\/produkt\/zimowy-szlafrokowy-plaszcz-w-kolano-bordo-ola\/","url":"https:\/\/talia-fashion.pl\/produkt\/zimowy-szlafrokowy-plaszcz-w-kolano-bordo-ola\/","name":"Zimowy szlafrokowy p\u0142aszcz w kolano bordo Ola - Talia Fashion - p\u0142aszcze damskie","isPartOf":{"@id":"https:\/\/talia-fashion.pl\/#website"},"primaryImageOfPage":{"@id":"https:\/\/talia-fashion.pl\/produkt\/zimowy-szlafrokowy-plaszcz-w-kolano-bordo-ola\/#primaryimage"},"image":{"@id":"https:\/\/talia-fashion.pl\/produkt\/zimowy-szlafrokowy-plaszcz-w-kolano-bordo-ola\/#primaryimage"},"thumbnailUrl":"https:\/\/talia-fashion.pl\/wp-content\/uploads\/2024\/10\/zimowy-szlafrokowy-plaszcz-damski-bordo-wiazany.jpg","datePublished":"2025-09-03T14:38:04+00:00","dateModified":"2026-02-12T15:27:00+00:00","description":"Zimowy szlafrokowy p\u0142aszcz w kolano bordo to bardzo wygodny p\u0142aszcz z paskiem, ozdobiony szerokim ko\u0142nierzem typu rewers. R\u0119cznie szyty.","breadcrumb":{"@id":"https:\/\/talia-fashion.pl\/produkt\/zimowy-szlafrokowy-plaszcz-w-kolano-bordo-ola\/#breadcrumb"},"inLanguage":"en-GB","potentialAction":[{"@type":"ReadAction","target":["https:\/\/talia-fashion.pl\/produkt\/zimowy-szlafrokowy-plaszcz-w-kolano-bordo-ola\/"]}]},{"@type":"ImageObject","inLanguage":"en-GB","@id":"https:\/\/talia-fashion.pl\/produkt\/zimowy-szlafrokowy-plaszcz-w-kolano-bordo-ola\/#primaryimage","url":"https:\/\/talia-fashion.pl\/wp-content\/uploads\/2024\/10\/zimowy-szlafrokowy-plaszcz-damski-bordo-wiazany.jpg","contentUrl":"https:\/\/talia-fashion.pl\/wp-content\/uploads\/2024\/10\/zimowy-szlafrokowy-plaszcz-damski-bordo-wiazany.jpg","width":1500,"height":2250,"caption":"Zimowy szlafrokowy p\u0142aszcz damski w najmodniejszym kolorze bordo. Zapinany na guziki. Wi\u0105zany. D\u0142ugo\u015b\u0107 w kolano."},{"@type":"BreadcrumbList","@id":"https:\/\/talia-fashion.pl\/produkt\/zimowy-szlafrokowy-plaszcz-w-kolano-bordo-ola\/#breadcrumb","itemListElement":[{"@type":"ListItem","position":1,"name":"Strona g\u0142\u00f3wna","item":"https:\/\/talia-fashion.pl\/"},{"@type":"ListItem","position":2,"name":"Sklep","item":"https:\/\/talia-fashion.pl\/sklep\/"},{"@type":"ListItem","position":3,"name":"Zimowy szlafrokowy p\u0142aszcz w kolano bordo Ola"}]},{"@type":"WebSite","@id":"https:\/\/talia-fashion.pl\/#website","url":"https:\/\/talia-fashion.pl\/","name":"Talia Fashion","description":"","potentialAction":[{"@type":"SearchAction","target":{"@type":"EntryPoint","urlTemplate":"https:\/\/talia-fashion.pl\/?s={search_term_string}"},"query-input":{"@type":"PropertyValueSpecification","valueRequired":true,"valueName":"search_term_string"}}],"inLanguage":"en-GB"}]}},"_links":{"self":[{"href":"https:\/\/talia-fashion.pl\/en\/wp-json\/wp\/v2\/product\/4057","targetHints":{"allow":["GET"]}}],"collection":[{"href":"https:\/\/talia-fashion.pl\/en\/wp-json\/wp\/v2\/product"}],"about":[{"href":"https:\/\/talia-fashion.pl\/en\/wp-json\/wp\/v2\/types\/product"}],"wp:featuredmedia":[{"embeddable":true,"href":"https:\/\/talia-fashion.pl\/en\/wp-json\/wp\/v2\/media\/356"}],"wp:attachment":[{"href":"https:\/\/talia-fashion.pl\/en\/wp-json\/wp\/v2\/media?parent=4057"}],"wp:term":[{"taxonomy":"product_cat","embeddable":true,"href":"https:\/\/talia-fashion.pl\/en\/wp-json\/wp\/v2\/product_cat?post=4057"},{"taxonomy":"product_tag","embeddable":true,"href":"https:\/\/talia-fashion.pl\/en\/wp-json\/wp\/v2\/product_tag?post=4057"}],"curies":[{"name":"wp","href":"https:\/\/api.w.org\/{rel}","templated":true}]}}