{"id":4052,"date":"2019-09-14T15:25:37","date_gmt":"2019-09-14T13:25:37","guid":{"rendered":"http:\/\/talia-fashion.pl\/produkt\/plaszcz-z-delikatnymi-polami-ocieplany-anna\/"},"modified":"2026-02-05T07:32:28","modified_gmt":"2026-02-05T06:32:28","slug":"plaszcz-z-delikatnymi-polami-ocieplany-anna","status":"publish","type":"product","link":"https:\/\/talia-fashion.pl\/en\/product\/plaszcz-z-delikatnymi-polami-ocieplany-anna\/","title":{"rendered":"Soft half-length insulated coat Anna"},"content":{"rendered":"<p><span lang=\"DE\">Zimowy p\u0142aszcz z delikatnym ko\u0142nierzem z klapami (p\u0142aszcz z delikatnymi po\u0142ami ocieplany), zapinany na jeden guzik (drugi pe\u0142ni funkcj\u0119 ozdoby). P\u0142aszcz ma taliowany ty\u0142 oraz pasek uszyty z tej samej tkaniny do podkre\u015blenia talii. Po bokach wszyte kieszenie. D\u0142ugo\u015b\u0107 p\u0142aszcza w kolano. Model ocieplany. Idealny na zim\u0119. Po prostu \u2013 cudny! <\/span><\/p>\n<p><span lang=\"DE\">Z<\/span>dj\u0119cie rzeczywiste &#8211; karmel<\/p>\n<p>Available colours<span lang=\"DE\">: karmel (M, L, XL), zielony<br \/>\n<\/span><\/p>\n<p>The colours are shown in the pictures of the coats in different cuts. If in doubt, please contact us.<\/p>\n<p><span lang=\"DE\">Available sizes: XS, S, M, L<\/span><\/p>\n<p>The model is 177cm and a size S.<\/p>\n<p><span lang=\"DE\">Indicative dimensions:<\/span><\/p>\n<p><span lang=\"DE\">XS - bust: 86-88 \/ hips 94-96 \/ length: 97 \/ sleeve 61<br \/>\nS - bust: 90-92 \/ hips: 98-100 \/ length: 98 \/ sleeve: 62<br \/>\nM - bust: 94-96 \/ hips: 102-104 \/ length: 98 \/ sleeve: 62<br \/>\nL - bust: 98-100 \/ hips: 106-108 \/ length: 98 \/ sleeve: 63<br \/>\nXL - bust: 104-106 \/ hips: 112-114 \/ length: 98 \/ sleeve: 64<\/span><\/p>\n<p><span lang=\"DE\">If you are unsure of your size selection, please contact us.<\/span><\/p>\n<p><span lang=\"DE\">Materia\u0142 karmel: 8<\/span><span lang=\"DE\">0% wool, 20% polyamide<\/span><\/p>\n<p>Materia\u0142 zielony: 80% we\u0142na, 20% poliamid<\/p>\n<p>Lining: 100% acetate<\/p>\n<p>Like viscose, acetate is produced from cellulose. Acetate yarn can also be made from recycled cellulose such as paper. The acetate lining is excellent at absorbing moisture and allowing air to pass through. It is coated with an antistatic apprettee and is OEKOtex\u00ae Standard 100 certified.<\/p>\n<p>Insulation: 100% non-woven recycled polyester<br \/>\nOur coats are insulated with a compressed thermo-insulating quilted fleece on the lining. The fleece is made from recycled polyester fibres. The material is lightweight, thin and at the same time perfectly insulating. The insulating fleece we use is resistant to moisture (it retains its insulating properties and warming effect even in damp conditions), stops the wind, is hypoallergenic and breathable. It is OEKOtex\u00ae Standard 100 certified.<\/p>\n<p>P<span lang=\"DE\">\u0142aszcz z delikatnymi po\u0142ami ocieplany zaprojektowali\u015bmy i uszyli\u015bmy<\/span><span lang=\"DE\"> w naszej pracowni specjalnie z my\u015bl\u0105 o Tobie, by s\u0142u\u017cy\u0142 Ci latami. Klasyczny, ponadczasowy wz\u00f3r &#8211; rzemie\u015blnicza pere\u0142ka uszyta i wyko\u0144czona r\u0119cznie.\u00a0\u00a0<\/span><\/p>\n<p>The coat should be dry-cleaned. For frequent refreshing of the wool we recommend the following <a href=\"https:\/\/talia-fashion.pl\/en\/product\/szczotka-do-czyszczenia-i-pielegnacji-plaszcza\/\">Brush for cleaning and care of the coat<\/a>which can be purchased in our shop.<\/p>\n<p><span lang=\"DE\">Mo\u017cliwo\u015b\u0107 skr\u00f3cenia, b\u0105d\u017a wyd\u0142u\u017cenia r\u0119kaw\u00f3w, mo\u017cliwo\u015b\u0107 wyd\u0142u\u017cenia i skr\u00f3cenia p\u0142aszcza \u2013 koszt ustalany indywidualnie po uprzednim kontakcie.<\/span><\/p>\n<p><span lang=\"DE\">The lead time depends on the company's current stock and the availability of a given fabric colour. If a given coat is available in the company, the order will be realised very quickly - 2-5 working days. If individualisation of the order is necessary - making alterations or sewing a new coat - the lead time may be extended to a maximum of 2 weeks.<\/span><\/p>\n<p>Please be patient, we need to sew this coat for you.<\/p>\n<div class=\"woocommerce-tabs tabs-v1\">\n<div class=\"tab-content\">\n<div id=\"tabs-list-description\" class=\"tab-pane active in\">\n<div class=\"description\">\n<p>We encourage you to like our fanpage on\u00a0<a href=\"https:\/\/www.facebook.com\/talia.plaszcze\">Facebook<\/a>\u00a0i\u00a0<a href=\"https:\/\/www.instagram.com\/talia_plaszcze\/\">Instagram<\/a><\/p>\n<\/div>\n<\/div>\n<\/div>\n<\/div>","protected":false},"excerpt":{"rendered":"<p>Zimowy p\u0142aszcz z delikatnym ko\u0142nierzem z klapami (p\u0142aszcz z delikatnymi po\u0142ami ocieplany), zapinany na jeden guzik (drugi pe\u0142ni funkcj\u0119 ozdoby). P\u0142aszcz ma&hellip;<\/p>","protected":false},"featured_media":350,"template":"","meta":{"_acf_changed":false},"product_cat":[104,29],"product_tag":[78,32,37,34,38,41,67,222,105,135,91,136,137,85,95,86,138,69,60,53,139,88],"class_list":{"0":"post-4052","1":"product","2":"type-product","3":"status-publish","4":"has-post-thumbnail","6":"product_cat-ostatnie-sztuki","7":"product_cat-sale-plaszcz-damski-w-promocji","8":"product_tag-dla-roznych-sylwetek","9":"product_tag-dopasowany-kroj","10":"product_tag-dyplomatka","11":"product_tag-handmade","12":"product_tag-kamel","13":"product_tag-na-podszewce","14":"product_tag-ocieplany","15":"product_tag-ostanie-sztuki","16":"product_tag-ostatnie-sztuki","17":"product_tag-plaszcz-brazowy","18":"product_tag-plaszcz-damski-zimowy","19":"product_tag-plaszcz-kamelowy","20":"product_tag-plaszcz-w-kolano","21":"product_tag-plaszcz-welniany","22":"product_tag-plaszcz-zimowy","23":"product_tag-plaszcz-zimowy-ocieplany","24":"product_tag-polski-produkt","25":"product_tag-prochowiec","26":"product_tag-producent-plaszczy-damskich","27":"product_tag-welna","28":"product_tag-welna-dziewicza","29":"product_tag-wiazany","31":"first","32":"instock","33":"sale","34":"shipping-taxable","35":"purchasable","36":"product-type-variable","37":"has-default-attributes"},"acf":[],"yoast_head":"<!-- This site is optimized with the Yoast SEO plugin v25.7 - https:\/\/yoast.com\/wordpress\/plugins\/seo\/ -->\n<title>P\u0142aszcz z delikatnymi po\u0142ami ocieplany Anna - Talia Fashion<\/title>\n<meta name=\"description\" content=\"Sprawd\u017a ponadczasowy ocieplany p\u0142aszcz z delikatnymi po\u0142ami, wi\u0105zany w pasie. Ocieplany, idealny na zim\u0119. Uszyty w Polsce. Wysoka jako\u015b\u0107.\" \/>\n<meta name=\"robots\" content=\"index, follow, max-snippet:-1, max-image-preview:large, max-video-preview:-1\" \/>\n<link rel=\"canonical\" href=\"https:\/\/talia-fashion.pl\/en\/product\/plaszcz-z-delikatnymi-polami-ocieplany-anna\/\" \/>\n<meta property=\"og:locale\" content=\"en_GB\" \/>\n<meta property=\"og:type\" content=\"article\" \/>\n<meta property=\"og:title\" content=\"P\u0142aszcz z delikatnymi po\u0142ami ocieplany Anna - Talia Fashion\" \/>\n<meta property=\"og:description\" content=\"Sprawd\u017a ponadczasowy ocieplany p\u0142aszcz z delikatnymi po\u0142ami, wi\u0105zany w pasie. Ocieplany, idealny na zim\u0119. Uszyty w Polsce. Wysoka jako\u015b\u0107.\" \/>\n<meta property=\"og:url\" content=\"https:\/\/talia-fashion.pl\/en\/product\/plaszcz-z-delikatnymi-polami-ocieplany-anna\/\" \/>\n<meta property=\"og:site_name\" content=\"Talia Fashion\" \/>\n<meta property=\"article:modified_time\" content=\"2026-02-05T06:32:28+00:00\" \/>\n<meta property=\"og:image\" content=\"https:\/\/talia-fashion.pl\/wp-content\/uploads\/2024\/10\/zimowe-plaszcze-ocieplane-welniane-960x1440.jpg\" \/>\n\t<meta property=\"og:image:width\" content=\"960\" \/>\n\t<meta property=\"og:image:height\" content=\"1440\" \/>\n\t<meta property=\"og:image:type\" content=\"image\/jpeg\" \/>\n<meta name=\"twitter:card\" content=\"summary_large_image\" \/>\n<meta name=\"twitter:label1\" content=\"Estimated reading time\" \/>\n\t<meta name=\"twitter:data1\" content=\"2 minutes\" \/>\n<script type=\"application\/ld+json\" class=\"yoast-schema-graph\">{\"@context\":\"https:\/\/schema.org\",\"@graph\":[{\"@type\":\"WebPage\",\"@id\":\"https:\/\/talia-fashion.pl\/produkt\/plaszcz-z-delikatnymi-polami-ocieplany-anna\/\",\"url\":\"https:\/\/talia-fashion.pl\/produkt\/plaszcz-z-delikatnymi-polami-ocieplany-anna\/\",\"name\":\"P\u0142aszcz z delikatnymi po\u0142ami ocieplany Anna - Talia Fashion\",\"isPartOf\":{\"@id\":\"https:\/\/talia-fashion.pl\/#website\"},\"primaryImageOfPage\":{\"@id\":\"https:\/\/talia-fashion.pl\/produkt\/plaszcz-z-delikatnymi-polami-ocieplany-anna\/#primaryimage\"},\"image\":{\"@id\":\"https:\/\/talia-fashion.pl\/produkt\/plaszcz-z-delikatnymi-polami-ocieplany-anna\/#primaryimage\"},\"thumbnailUrl\":\"https:\/\/talia-fashion.pl\/wp-content\/uploads\/2024\/10\/zimowe-plaszcze-ocieplane-welniane.jpg\",\"datePublished\":\"2019-09-14T13:25:37+00:00\",\"dateModified\":\"2026-02-05T06:32:28+00:00\",\"description\":\"Sprawd\u017a ponadczasowy ocieplany p\u0142aszcz z delikatnymi po\u0142ami, wi\u0105zany w pasie. Ocieplany, idealny na zim\u0119. Uszyty w Polsce. Wysoka jako\u015b\u0107.\",\"breadcrumb\":{\"@id\":\"https:\/\/talia-fashion.pl\/produkt\/plaszcz-z-delikatnymi-polami-ocieplany-anna\/#breadcrumb\"},\"inLanguage\":\"en-GB\",\"potentialAction\":[{\"@type\":\"ReadAction\",\"target\":[\"https:\/\/talia-fashion.pl\/produkt\/plaszcz-z-delikatnymi-polami-ocieplany-anna\/\"]}]},{\"@type\":\"ImageObject\",\"inLanguage\":\"en-GB\",\"@id\":\"https:\/\/talia-fashion.pl\/produkt\/plaszcz-z-delikatnymi-polami-ocieplany-anna\/#primaryimage\",\"url\":\"https:\/\/talia-fashion.pl\/wp-content\/uploads\/2024\/10\/zimowe-plaszcze-ocieplane-welniane.jpg\",\"contentUrl\":\"https:\/\/talia-fashion.pl\/wp-content\/uploads\/2024\/10\/zimowe-plaszcze-ocieplane-welniane.jpg\",\"width\":1500,\"height\":2250,\"caption\":\"Zimowe p\u0142aszcze ocieplane we\u0142niane o ponadczasowym kroju i modnej kolorystyce.\"},{\"@type\":\"BreadcrumbList\",\"@id\":\"https:\/\/talia-fashion.pl\/produkt\/plaszcz-z-delikatnymi-polami-ocieplany-anna\/#breadcrumb\",\"itemListElement\":[{\"@type\":\"ListItem\",\"position\":1,\"name\":\"Strona g\u0142\u00f3wna\",\"item\":\"https:\/\/talia-fashion.pl\/\"},{\"@type\":\"ListItem\",\"position\":2,\"name\":\"Sklep\",\"item\":\"https:\/\/talia-fashion.pl\/sklep\/\"},{\"@type\":\"ListItem\",\"position\":3,\"name\":\"P\u0142aszcz z delikatnymi po\u0142ami ocieplany Anna\"}]},{\"@type\":\"WebSite\",\"@id\":\"https:\/\/talia-fashion.pl\/#website\",\"url\":\"https:\/\/talia-fashion.pl\/\",\"name\":\"Talia Fashion\",\"description\":\"\",\"potentialAction\":[{\"@type\":\"SearchAction\",\"target\":{\"@type\":\"EntryPoint\",\"urlTemplate\":\"https:\/\/talia-fashion.pl\/?s={search_term_string}\"},\"query-input\":{\"@type\":\"PropertyValueSpecification\",\"valueRequired\":true,\"valueName\":\"search_term_string\"}}],\"inLanguage\":\"en-GB\"}]}<\/script>\n<!-- \/ Yoast SEO plugin. -->","yoast_head_json":{"title":"P\u0142aszcz z delikatnymi po\u0142ami ocieplany Anna - Talia Fashion","description":"Sprawd\u017a ponadczasowy ocieplany p\u0142aszcz z delikatnymi po\u0142ami, wi\u0105zany w pasie. Ocieplany, idealny na zim\u0119. Uszyty w Polsce. Wysoka jako\u015b\u0107.","robots":{"index":"index","follow":"follow","max-snippet":"max-snippet:-1","max-image-preview":"max-image-preview:large","max-video-preview":"max-video-preview:-1"},"canonical":"https:\/\/talia-fashion.pl\/en\/product\/plaszcz-z-delikatnymi-polami-ocieplany-anna\/","og_locale":"en_GB","og_type":"article","og_title":"P\u0142aszcz z delikatnymi po\u0142ami ocieplany Anna - Talia Fashion","og_description":"Sprawd\u017a ponadczasowy ocieplany p\u0142aszcz z delikatnymi po\u0142ami, wi\u0105zany w pasie. Ocieplany, idealny na zim\u0119. Uszyty w Polsce. Wysoka jako\u015b\u0107.","og_url":"https:\/\/talia-fashion.pl\/en\/product\/plaszcz-z-delikatnymi-polami-ocieplany-anna\/","og_site_name":"Talia Fashion","article_modified_time":"2026-02-05T06:32:28+00:00","og_image":[{"width":960,"height":1440,"url":"https:\/\/talia-fashion.pl\/wp-content\/uploads\/2024\/10\/zimowe-plaszcze-ocieplane-welniane-960x1440.jpg","type":"image\/jpeg"}],"twitter_card":"summary_large_image","twitter_misc":{"Estimated reading time":"2 minutes"},"schema":{"@context":"https:\/\/schema.org","@graph":[{"@type":"WebPage","@id":"https:\/\/talia-fashion.pl\/produkt\/plaszcz-z-delikatnymi-polami-ocieplany-anna\/","url":"https:\/\/talia-fashion.pl\/produkt\/plaszcz-z-delikatnymi-polami-ocieplany-anna\/","name":"P\u0142aszcz z delikatnymi po\u0142ami ocieplany Anna - Talia Fashion","isPartOf":{"@id":"https:\/\/talia-fashion.pl\/#website"},"primaryImageOfPage":{"@id":"https:\/\/talia-fashion.pl\/produkt\/plaszcz-z-delikatnymi-polami-ocieplany-anna\/#primaryimage"},"image":{"@id":"https:\/\/talia-fashion.pl\/produkt\/plaszcz-z-delikatnymi-polami-ocieplany-anna\/#primaryimage"},"thumbnailUrl":"https:\/\/talia-fashion.pl\/wp-content\/uploads\/2024\/10\/zimowe-plaszcze-ocieplane-welniane.jpg","datePublished":"2019-09-14T13:25:37+00:00","dateModified":"2026-02-05T06:32:28+00:00","description":"Sprawd\u017a ponadczasowy ocieplany p\u0142aszcz z delikatnymi po\u0142ami, wi\u0105zany w pasie. Ocieplany, idealny na zim\u0119. Uszyty w Polsce. Wysoka jako\u015b\u0107.","breadcrumb":{"@id":"https:\/\/talia-fashion.pl\/produkt\/plaszcz-z-delikatnymi-polami-ocieplany-anna\/#breadcrumb"},"inLanguage":"en-GB","potentialAction":[{"@type":"ReadAction","target":["https:\/\/talia-fashion.pl\/produkt\/plaszcz-z-delikatnymi-polami-ocieplany-anna\/"]}]},{"@type":"ImageObject","inLanguage":"en-GB","@id":"https:\/\/talia-fashion.pl\/produkt\/plaszcz-z-delikatnymi-polami-ocieplany-anna\/#primaryimage","url":"https:\/\/talia-fashion.pl\/wp-content\/uploads\/2024\/10\/zimowe-plaszcze-ocieplane-welniane.jpg","contentUrl":"https:\/\/talia-fashion.pl\/wp-content\/uploads\/2024\/10\/zimowe-plaszcze-ocieplane-welniane.jpg","width":1500,"height":2250,"caption":"Zimowe p\u0142aszcze ocieplane we\u0142niane o ponadczasowym kroju i modnej kolorystyce."},{"@type":"BreadcrumbList","@id":"https:\/\/talia-fashion.pl\/produkt\/plaszcz-z-delikatnymi-polami-ocieplany-anna\/#breadcrumb","itemListElement":[{"@type":"ListItem","position":1,"name":"Strona g\u0142\u00f3wna","item":"https:\/\/talia-fashion.pl\/"},{"@type":"ListItem","position":2,"name":"Sklep","item":"https:\/\/talia-fashion.pl\/sklep\/"},{"@type":"ListItem","position":3,"name":"P\u0142aszcz z delikatnymi po\u0142ami ocieplany Anna"}]},{"@type":"WebSite","@id":"https:\/\/talia-fashion.pl\/#website","url":"https:\/\/talia-fashion.pl\/","name":"Talia Fashion","description":"","potentialAction":[{"@type":"SearchAction","target":{"@type":"EntryPoint","urlTemplate":"https:\/\/talia-fashion.pl\/?s={search_term_string}"},"query-input":{"@type":"PropertyValueSpecification","valueRequired":true,"valueName":"search_term_string"}}],"inLanguage":"en-GB"}]}},"_links":{"self":[{"href":"https:\/\/talia-fashion.pl\/en\/wp-json\/wp\/v2\/product\/4052","targetHints":{"allow":["GET"]}}],"collection":[{"href":"https:\/\/talia-fashion.pl\/en\/wp-json\/wp\/v2\/product"}],"about":[{"href":"https:\/\/talia-fashion.pl\/en\/wp-json\/wp\/v2\/types\/product"}],"wp:featuredmedia":[{"embeddable":true,"href":"https:\/\/talia-fashion.pl\/en\/wp-json\/wp\/v2\/media\/350"}],"wp:attachment":[{"href":"https:\/\/talia-fashion.pl\/en\/wp-json\/wp\/v2\/media?parent=4052"}],"wp:term":[{"taxonomy":"product_cat","embeddable":true,"href":"https:\/\/talia-fashion.pl\/en\/wp-json\/wp\/v2\/product_cat?post=4052"},{"taxonomy":"product_tag","embeddable":true,"href":"https:\/\/talia-fashion.pl\/en\/wp-json\/wp\/v2\/product_tag?post=4052"}],"curies":[{"name":"wp","href":"https:\/\/api.w.org\/{rel}","templated":true}]}}