{"id":4043,"date":"2019-09-12T13:08:13","date_gmt":"2019-09-12T11:08:13","guid":{"rendered":"http:\/\/talia-fashion.pl\/produkt\/camelowy-dlugi-plaszcz-szlafrokowy-como\/"},"modified":"2026-04-10T13:02:12","modified_gmt":"2026-04-10T11:02:12","slug":"camelowy-dlugi-plaszcz-szlafrokowy-como","status":"publish","type":"product","link":"https:\/\/talia-fashion.pl\/en\/product\/camelowy-dlugi-plaszcz-szlafrokowy-como\/","title":{"rendered":"Camel long dressing gown coat Como"},"content":{"rendered":"<p><span lang=\"DE\">Camelowy d\u0142ugi p\u0142aszcz szlafrokowy Como to minimalistyczny i ikoniczny model, dodaj\u0105cy ka\u017cdej stylizacji wyrafinowanego charakteru. Uszyty z przepi\u0119knego, mi\u0119kkiego materia\u0142u z przewag\u0105 we\u0142ny. Przody p\u0142aszcza zosta\u0142y dodatkowo podklejone bardzo delikatn\u0105 klejonk\u0105, stabilizuj\u0105ca w\u0142\u00f3kna, podkre\u015blaj\u0105c\u0105 w\u0142a\u015bciwo\u015bci tkaniny i nadaj\u0105c\u0105 p\u0142aszczowi luksusowego wygl\u0105du. <\/span><span lang=\"DE\">P\u0142aszcz ma klasycznie wszywane r\u0119kawy oraz wyk\u0142adany ko\u0142nierz z klapami. Taliowany ty\u0142 bez rozporka, profilowany prz\u00f3d, dwurz\u0119dowe zapi\u0119cie na szylkretowe guziki. Dwie, boczne kieszenie zako\u0144czone listewk\u0105. I ca\u0142o\u015b\u0107 wi\u0105zana paskiem, uszytym z tego samego materia\u0142u. D\u0142ugo\u015b\u0107 do po\u0142owy \u0142ydki. P\u0142aszcz w ca\u0142o\u015bci ocieplany, w\u0142\u0105cznie z r\u0119kawami.<br \/>\n<\/span><\/p>\n<p><span lang=\"DE\">Camel long dressing gown coat Como<\/span> to idealny p\u0142aszcz do tworzenia najr\u00f3\u017cniejszych stylizacji, poniewa\u017c \u0142atwo go dopasowa\u0107 do eleganckich element\u00f3w garderoby, a tak\u017ce do codziennych outfit\u00f3w. Jednakowo zgran\u0105 ca\u0142o\u015b\u0107 tworzy z wytworn\u0105 sukienk\u0105, kozakami i kapeluszem, jak i wygodnymi jeansami, skarpetowymi botkami oraz we\u0142nian\u0105 czapk\u0105.<\/p>\n<p>Pasek \u015bwietnie zbuduje tali\u0119 a podniesiony ko\u0142nierz ochroni przed wiatrem. We\u0142niana tkanina zapewni optymalny komfort termiczny, chroni\u0105c przed ch\u0142odem i wilgoci\u0105. Doskona\u0142a propozycja na zim\u0119. Odkryj nasz camelowy d\u0142ugi p\u0142aszcz szlafrokowy Como i zachwy\u0107 si\u0119 jako\u015bci\u0105 wykonania, ciep\u0142em i mi\u0119kko\u015bci\u0105.<\/p>\n<p><span lang=\"DE\">Zdj\u0119cie rzeczywiste &#8211; kamel, jasny kamel\u00a0<\/span><\/p>\n<p>The model is 172cm tall and a size S.<\/p>\n<p>Available colours<span lang=\"DE\">: jasny kamel (tylko rozmiar L), kamel<\/span><\/p>\n<p><span lang=\"DE\">The colours of the fabrics are presented in the different coat cuts, in the other auctions and in the\u00a0<a href=\"https:\/\/talia-fashion.pl\/en\/paleta-kolorow\/\">colour palette<\/a>. If in doubt about the colour, please contact us.<\/span><\/p>\n<p><span lang=\"DE\">Available sizes: XS, S, M, L, XL<\/span><\/p>\n<p><span lang=\"DE\">Indicative dimensions:<\/span><\/p>\n<p><span lang=\"DE\">XS - bust: 86-88 \/ hips 94-96 \/ length: 117 \/ sleeve 61<br \/>\nS - bust: 90-92 \/ hips: 98-100 \/ length: 118 \/ sleeve: 62<br \/>\nM - bust: 94-96 \/ hips: 102-104 \/ length: 118\/ sleeve: 62<br \/>\nL - bust: 98-100 \/ hips: 106-108 \/ length: 118 \/ sleeve: 63<br \/>\nXL &#8211; biust: 104-106 \/ biodra: 112-114 \/ d\u0142ugo\u015b\u0107: 119 \/ r\u0119kaw: 64<\/span><\/p>\n<p><span lang=\"DE\">If you are unsure of your size selection, please contact us.<\/span><\/p>\n<p><span lang=\"DE\">Materia\u0142 jasny kamel: 8<\/span><span lang=\"DE\">0% wool, 20% polyamide<br \/>\n<\/span><\/p>\n<p><span lang=\"DE\">Materia\u0142 karmel: 8<\/span><span lang=\"DE\">0% wool, 20% polyamide<\/span><\/p>\n<p>Lining: 100% acetate<\/p>\n<p>Like viscose, acetate is produced from cellulose. Acetate yarn can also be made from recycled cellulose such as paper. The acetate lining is excellent at absorbing moisture and permeable to air. It is coated with an antistatic apprettee and is OEKOtex\u00ae Standard 100 certified.<br \/>\nInsulation: 100% non-woven recycled polyester<br \/>\nOur coats are insulated with a compressed thermo-insulating quilted fleece on the lining. The fleece is made from recycled polyester fibres. The material is lightweight, thin and at the same time perfectly insulating. The insulating fleece we use is resistant to moisture (it retains its insulating properties and warming effect even in damp conditions), stops the wind, is hypoallergenic and breathable. It is OEKOtex\u00ae Standard 100 certified.<\/p>\n<p><span lang=\"DE\">Camelowy d\u0142ugi p\u0142aszcz szlafrokowy Como zaprojektowali\u015bmy i uszyli\u015bmy w naszej pracowni, tradycyjnymi, pracoch\u0142onnymi metodami i mn\u00f3stwem w\u0142o\u017conego serca, a jednocze\u015bnie w spos\u00f3b przyjazny \u015brodowisku.<br \/>\n<\/span><\/p>\n<p><strong>Individual order - <\/strong>Some modifications can be made at the client's request: shortening, lengthening of the sleeve, shortening and lengthening of the coat. Cost to be determined individually, after prior contact.<\/p>\n<p><strong>An individual order is not subject to exchange or refund.<\/strong><\/p>\n<p><span lang=\"DE\">The lead time depends on the current stock in the atelier and the availability of the fabric colour. If a given coat is available in the atelier, the order will be fulfilled very quickly - 2-5 working days. If it is necessary to sew the coat or to individualise the order according to the customer's specifications - making alterations or sewing a new coat - the lead time may be extended, up to a maximum of 2 weeks.<\/span><\/p>\n<p>The coat should be dry-cleaned. For frequent refreshing of the coat we recommend the following <a href=\"https:\/\/talia-fashion.pl\/en\/product\/szczotka-do-czyszczenia-i-pielegnacji-plaszcza\/\">Brush for cleaning and care of the coat<\/a>which can be purchased in our shop.  We also encourage you to read our advice on proper care: <a href=\"https:\/\/talia-fashion.pl\/en\/jak-pielegnowac-i-dbac-o-plaszcz\/\">How to care for and maintain coats? \u00a0<\/a>To keep jackets and coats clean, it is often enough to air them regularly and clean them with a dedicated brush. The process is gentler on the fabrics and avoids using water and energy. Remember that by taking care of your clothes you are protecting our environment.<\/p>\n<p>Please be patient, we need to sew this coat for you.<\/p>\n<p>We encourage you to like our fanpage on\u00a0<a href=\"https:\/\/www.facebook.com\/talia.plaszcze\">Facebook<\/a>\u00a0i\u00a0<a href=\"https:\/\/www.instagram.com\/talia_plaszcze\/\">Instagram<\/a><\/p>","protected":false},"excerpt":{"rendered":"<p>Camelowy d\u0142ugi p\u0142aszcz szlafrokowy Como to minimalistyczny i ikoniczny model, dodaj\u0105cy ka\u017cdej stylizacji wyrafinowanego charakteru. Uszyty z przepi\u0119knego, mi\u0119kkiego materia\u0142u z przewag\u0105&hellip;<\/p>","protected":false},"featured_media":335,"template":"","meta":{"_acf_changed":false},"product_cat":[36],"product_tag":[89,78,119,32,34,121,41,81,42,67,109,43,44,47,75,122,86,123,124,125,69,60,53,63,88,126],"class_list":{"0":"post-4043","1":"product","2":"type-product","3":"status-publish","4":"has-post-thumbnail","6":"product_cat-plaszcze-dluzsze","7":"product_tag-cieply","8":"product_tag-dla-roznych-sylwetek","9":"product_tag-dlugi-plaszcz-zimowy","10":"product_tag-dopasowany-kroj","11":"product_tag-handmade","12":"product_tag-materialy-przyjazne-dla-srodowiska","13":"product_tag-na-podszewce","14":"product_tag-naturalne-materialy","15":"product_tag-nowosc","16":"product_tag-ocieplany","17":"product_tag-plaszcz-camel","18":"product_tag-plaszcz-damski","19":"product_tag-plaszcz-damski-dlugi","20":"product_tag-plaszcz-na-guziki","21":"product_tag-plaszcz-ocieplany","22":"product_tag-plaszcz-szlafrokowy","23":"product_tag-plaszcz-zimowy-ocieplany","24":"product_tag-plaszcze-damskie","25":"product_tag-polska-marka","26":"product_tag-polskie-rzemioslo","27":"product_tag-prochowiec","28":"product_tag-producent-plaszczy-damskich","29":"product_tag-welna","30":"product_tag-welniany","31":"product_tag-wiazany","32":"product_tag-wysoka-jakosc","34":"first","35":"instock","36":"shipping-taxable","37":"purchasable","38":"product-type-variable","39":"has-default-attributes"},"acf":[],"yoast_head":"<!-- This site is optimized with the Yoast SEO plugin v25.7 - https:\/\/yoast.com\/wordpress\/plugins\/seo\/ -->\n<title>Camelowy d\u0142ugi p\u0142aszcz szlafrokowy Como - Talia Fashion - p\u0142aszcz zimowy<\/title>\n<meta name=\"description\" content=\"Camelowy d\u0142ugi p\u0142aszcz szlafrokowy - minimalistyczny kr\u00f3j i uniwersalny kolor. \u015awietne po\u0142\u0105czenie elegancji, komfortu i wysokiej jako\u015bci tkaniny. Must have.\" \/>\n<meta name=\"robots\" content=\"index, follow, max-snippet:-1, max-image-preview:large, max-video-preview:-1\" \/>\n<link rel=\"canonical\" href=\"https:\/\/talia-fashion.pl\/en\/product\/camelowy-dlugi-plaszcz-szlafrokowy-como\/\" \/>\n<meta property=\"og:locale\" content=\"en_GB\" \/>\n<meta property=\"og:type\" content=\"article\" \/>\n<meta property=\"og:title\" content=\"Camelowy d\u0142ugi p\u0142aszcz szlafrokowy Como - Talia Fashion - p\u0142aszcz zimowy\" \/>\n<meta property=\"og:description\" content=\"Camelowy d\u0142ugi p\u0142aszcz szlafrokowy - minimalistyczny kr\u00f3j i uniwersalny kolor. \u015awietne po\u0142\u0105czenie elegancji, komfortu i wysokiej jako\u015bci tkaniny. Must have.\" \/>\n<meta property=\"og:url\" content=\"https:\/\/talia-fashion.pl\/en\/product\/camelowy-dlugi-plaszcz-szlafrokowy-como\/\" \/>\n<meta property=\"og:site_name\" content=\"Talia Fashion\" \/>\n<meta property=\"article:modified_time\" content=\"2026-04-10T11:02:12+00:00\" \/>\n<meta property=\"og:image\" content=\"https:\/\/talia-fashion.pl\/wp-content\/uploads\/2024\/10\/camelowy-plaszcz-szlafrokowy-dlugi-welna-dziewicza.jpg\" \/>\n\t<meta property=\"og:image:width\" content=\"1500\" \/>\n\t<meta property=\"og:image:height\" content=\"2000\" \/>\n\t<meta property=\"og:image:type\" content=\"image\/jpeg\" \/>\n<meta name=\"twitter:card\" content=\"summary_large_image\" \/>\n<meta name=\"twitter:label1\" content=\"Estimated reading time\" \/>\n\t<meta name=\"twitter:data1\" content=\"3 minutes\" \/>\n<script type=\"application\/ld+json\" class=\"yoast-schema-graph\">{\"@context\":\"https:\/\/schema.org\",\"@graph\":[{\"@type\":\"WebPage\",\"@id\":\"https:\/\/talia-fashion.pl\/produkt\/camelowy-dlugi-plaszcz-szlafrokowy-como\/\",\"url\":\"https:\/\/talia-fashion.pl\/produkt\/camelowy-dlugi-plaszcz-szlafrokowy-como\/\",\"name\":\"Camelowy d\u0142ugi p\u0142aszcz szlafrokowy Como - Talia Fashion - p\u0142aszcz zimowy\",\"isPartOf\":{\"@id\":\"https:\/\/talia-fashion.pl\/#website\"},\"primaryImageOfPage\":{\"@id\":\"https:\/\/talia-fashion.pl\/produkt\/camelowy-dlugi-plaszcz-szlafrokowy-como\/#primaryimage\"},\"image\":{\"@id\":\"https:\/\/talia-fashion.pl\/produkt\/camelowy-dlugi-plaszcz-szlafrokowy-como\/#primaryimage\"},\"thumbnailUrl\":\"https:\/\/talia-fashion.pl\/wp-content\/uploads\/2024\/10\/camelowy-plaszcz-szlafrokowy-dlugi-welna-dziewicza.jpg\",\"datePublished\":\"2019-09-12T11:08:13+00:00\",\"dateModified\":\"2026-04-10T11:02:12+00:00\",\"description\":\"Camelowy d\u0142ugi p\u0142aszcz szlafrokowy - minimalistyczny kr\u00f3j i uniwersalny kolor. \u015awietne po\u0142\u0105czenie elegancji, komfortu i wysokiej jako\u015bci tkaniny. Must have.\",\"breadcrumb\":{\"@id\":\"https:\/\/talia-fashion.pl\/produkt\/camelowy-dlugi-plaszcz-szlafrokowy-como\/#breadcrumb\"},\"inLanguage\":\"en-GB\",\"potentialAction\":[{\"@type\":\"ReadAction\",\"target\":[\"https:\/\/talia-fashion.pl\/produkt\/camelowy-dlugi-plaszcz-szlafrokowy-como\/\"]}]},{\"@type\":\"ImageObject\",\"inLanguage\":\"en-GB\",\"@id\":\"https:\/\/talia-fashion.pl\/produkt\/camelowy-dlugi-plaszcz-szlafrokowy-como\/#primaryimage\",\"url\":\"https:\/\/talia-fashion.pl\/wp-content\/uploads\/2024\/10\/camelowy-plaszcz-szlafrokowy-dlugi-welna-dziewicza.jpg\",\"contentUrl\":\"https:\/\/talia-fashion.pl\/wp-content\/uploads\/2024\/10\/camelowy-plaszcz-szlafrokowy-dlugi-welna-dziewicza.jpg\",\"width\":1500,\"height\":2000,\"caption\":\"Karmelowy p\u0142aszcz zimowy o szlafrokowym kroju. Uszyty z pi\u0119knego materia\u0142u we\u0142ny dziewiczej. Ponadczasowy minimalistyczny kr\u00f3j i kolor stanowi\u0107 b\u0119dzie baz\u0119 dla wielu stylizacji.\"},{\"@type\":\"BreadcrumbList\",\"@id\":\"https:\/\/talia-fashion.pl\/produkt\/camelowy-dlugi-plaszcz-szlafrokowy-como\/#breadcrumb\",\"itemListElement\":[{\"@type\":\"ListItem\",\"position\":1,\"name\":\"Strona g\u0142\u00f3wna\",\"item\":\"https:\/\/talia-fashion.pl\/\"},{\"@type\":\"ListItem\",\"position\":2,\"name\":\"Sklep\",\"item\":\"https:\/\/talia-fashion.pl\/sklep\/\"},{\"@type\":\"ListItem\",\"position\":3,\"name\":\"Camelowy d\u0142ugi p\u0142aszcz szlafrokowy Como\"}]},{\"@type\":\"WebSite\",\"@id\":\"https:\/\/talia-fashion.pl\/#website\",\"url\":\"https:\/\/talia-fashion.pl\/\",\"name\":\"Talia Fashion\",\"description\":\"\",\"potentialAction\":[{\"@type\":\"SearchAction\",\"target\":{\"@type\":\"EntryPoint\",\"urlTemplate\":\"https:\/\/talia-fashion.pl\/?s={search_term_string}\"},\"query-input\":{\"@type\":\"PropertyValueSpecification\",\"valueRequired\":true,\"valueName\":\"search_term_string\"}}],\"inLanguage\":\"en-GB\"}]}<\/script>\n<!-- \/ Yoast SEO plugin. -->","yoast_head_json":{"title":"Camelowy d\u0142ugi p\u0142aszcz szlafrokowy Como - Talia Fashion - p\u0142aszcz zimowy","description":"Camelowy d\u0142ugi p\u0142aszcz szlafrokowy - minimalistyczny kr\u00f3j i uniwersalny kolor. \u015awietne po\u0142\u0105czenie elegancji, komfortu i wysokiej jako\u015bci tkaniny. Must have.","robots":{"index":"index","follow":"follow","max-snippet":"max-snippet:-1","max-image-preview":"max-image-preview:large","max-video-preview":"max-video-preview:-1"},"canonical":"https:\/\/talia-fashion.pl\/en\/product\/camelowy-dlugi-plaszcz-szlafrokowy-como\/","og_locale":"en_GB","og_type":"article","og_title":"Camelowy d\u0142ugi p\u0142aszcz szlafrokowy Como - Talia Fashion - p\u0142aszcz zimowy","og_description":"Camelowy d\u0142ugi p\u0142aszcz szlafrokowy - minimalistyczny kr\u00f3j i uniwersalny kolor. \u015awietne po\u0142\u0105czenie elegancji, komfortu i wysokiej jako\u015bci tkaniny. Must have.","og_url":"https:\/\/talia-fashion.pl\/en\/product\/camelowy-dlugi-plaszcz-szlafrokowy-como\/","og_site_name":"Talia Fashion","article_modified_time":"2026-04-10T11:02:12+00:00","og_image":[{"width":1500,"height":2000,"url":"https:\/\/talia-fashion.pl\/wp-content\/uploads\/2024\/10\/camelowy-plaszcz-szlafrokowy-dlugi-welna-dziewicza.jpg","type":"image\/jpeg"}],"twitter_card":"summary_large_image","twitter_misc":{"Estimated reading time":"3 minutes"},"schema":{"@context":"https:\/\/schema.org","@graph":[{"@type":"WebPage","@id":"https:\/\/talia-fashion.pl\/produkt\/camelowy-dlugi-plaszcz-szlafrokowy-como\/","url":"https:\/\/talia-fashion.pl\/produkt\/camelowy-dlugi-plaszcz-szlafrokowy-como\/","name":"Camelowy d\u0142ugi p\u0142aszcz szlafrokowy Como - Talia Fashion - p\u0142aszcz zimowy","isPartOf":{"@id":"https:\/\/talia-fashion.pl\/#website"},"primaryImageOfPage":{"@id":"https:\/\/talia-fashion.pl\/produkt\/camelowy-dlugi-plaszcz-szlafrokowy-como\/#primaryimage"},"image":{"@id":"https:\/\/talia-fashion.pl\/produkt\/camelowy-dlugi-plaszcz-szlafrokowy-como\/#primaryimage"},"thumbnailUrl":"https:\/\/talia-fashion.pl\/wp-content\/uploads\/2024\/10\/camelowy-plaszcz-szlafrokowy-dlugi-welna-dziewicza.jpg","datePublished":"2019-09-12T11:08:13+00:00","dateModified":"2026-04-10T11:02:12+00:00","description":"Camelowy d\u0142ugi p\u0142aszcz szlafrokowy - minimalistyczny kr\u00f3j i uniwersalny kolor. \u015awietne po\u0142\u0105czenie elegancji, komfortu i wysokiej jako\u015bci tkaniny. Must have.","breadcrumb":{"@id":"https:\/\/talia-fashion.pl\/produkt\/camelowy-dlugi-plaszcz-szlafrokowy-como\/#breadcrumb"},"inLanguage":"en-GB","potentialAction":[{"@type":"ReadAction","target":["https:\/\/talia-fashion.pl\/produkt\/camelowy-dlugi-plaszcz-szlafrokowy-como\/"]}]},{"@type":"ImageObject","inLanguage":"en-GB","@id":"https:\/\/talia-fashion.pl\/produkt\/camelowy-dlugi-plaszcz-szlafrokowy-como\/#primaryimage","url":"https:\/\/talia-fashion.pl\/wp-content\/uploads\/2024\/10\/camelowy-plaszcz-szlafrokowy-dlugi-welna-dziewicza.jpg","contentUrl":"https:\/\/talia-fashion.pl\/wp-content\/uploads\/2024\/10\/camelowy-plaszcz-szlafrokowy-dlugi-welna-dziewicza.jpg","width":1500,"height":2000,"caption":"Karmelowy p\u0142aszcz zimowy o szlafrokowym kroju. Uszyty z pi\u0119knego materia\u0142u we\u0142ny dziewiczej. Ponadczasowy minimalistyczny kr\u00f3j i kolor stanowi\u0107 b\u0119dzie baz\u0119 dla wielu stylizacji."},{"@type":"BreadcrumbList","@id":"https:\/\/talia-fashion.pl\/produkt\/camelowy-dlugi-plaszcz-szlafrokowy-como\/#breadcrumb","itemListElement":[{"@type":"ListItem","position":1,"name":"Strona g\u0142\u00f3wna","item":"https:\/\/talia-fashion.pl\/"},{"@type":"ListItem","position":2,"name":"Sklep","item":"https:\/\/talia-fashion.pl\/sklep\/"},{"@type":"ListItem","position":3,"name":"Camelowy d\u0142ugi p\u0142aszcz szlafrokowy Como"}]},{"@type":"WebSite","@id":"https:\/\/talia-fashion.pl\/#website","url":"https:\/\/talia-fashion.pl\/","name":"Talia Fashion","description":"","potentialAction":[{"@type":"SearchAction","target":{"@type":"EntryPoint","urlTemplate":"https:\/\/talia-fashion.pl\/?s={search_term_string}"},"query-input":{"@type":"PropertyValueSpecification","valueRequired":true,"valueName":"search_term_string"}}],"inLanguage":"en-GB"}]}},"_links":{"self":[{"href":"https:\/\/talia-fashion.pl\/en\/wp-json\/wp\/v2\/product\/4043","targetHints":{"allow":["GET"]}}],"collection":[{"href":"https:\/\/talia-fashion.pl\/en\/wp-json\/wp\/v2\/product"}],"about":[{"href":"https:\/\/talia-fashion.pl\/en\/wp-json\/wp\/v2\/types\/product"}],"wp:featuredmedia":[{"embeddable":true,"href":"https:\/\/talia-fashion.pl\/en\/wp-json\/wp\/v2\/media\/335"}],"wp:attachment":[{"href":"https:\/\/talia-fashion.pl\/en\/wp-json\/wp\/v2\/media?parent=4043"}],"wp:term":[{"taxonomy":"product_cat","embeddable":true,"href":"https:\/\/talia-fashion.pl\/en\/wp-json\/wp\/v2\/product_cat?post=4043"},{"taxonomy":"product_tag","embeddable":true,"href":"https:\/\/talia-fashion.pl\/en\/wp-json\/wp\/v2\/product_tag?post=4043"}],"curies":[{"name":"wp","href":"https:\/\/api.w.org\/{rel}","templated":true}]}}