{"id":4036,"date":"2019-09-06T13:28:03","date_gmt":"2019-09-06T11:28:03","guid":{"rendered":"http:\/\/talia-fashion.pl\/produkt\/dlugi-plaszcz-w-mlecznej-bieli-bianca\/"},"modified":"2026-02-05T22:11:58","modified_gmt":"2026-02-05T21:11:58","slug":"dlugi-plaszcz-w-mlecznej-bieli-bianca","status":"publish","type":"product","link":"https:\/\/talia-fashion.pl\/en\/product\/dlugi-plaszcz-w-mlecznej-bieli-bianca\/","title":{"rendered":"Long coat in milky white Bianca"},"content":{"rendered":"<p>We particularly recommend the wool long coat in milky white from the limited collection, with a 2-button fastening (two additional buttons <span lang=\"DE\">function as decoration<\/span>) and tied with a belt. <span lang=\"DE\">The winter coat has a decorative collar with lapels and a timeless cut. The coat is slim-fitting and fits the figure perfectly. The waist can be further emphasised with a belt made of the same fabric. Pockets on the sides. The model is lined and additionally insulated. Ideal for winter. Liven up any outfit!<\/span><\/p>\n<p><span lang=\"DE\">Actual photo - ecru<\/span><\/p>\n<p>Available colours<span lang=\"DE\">: ecru (creamy fading into soft beige), cool brown<br \/>\n<\/span><\/p>\n<p><span lang=\"DE\">The colours are shown in the pictures of the coats in different cuts. If in doubt, please contact us.<\/span><\/p>\n<p><span lang=\"DE\">Available sizes: XS, S, M, L, XL<\/span><\/p>\n<p>The model is 178cm and a size S.<\/p>\n<p><span lang=\"DE\">Indicative dimensions:<\/span><\/p>\n<p><span lang=\"DE\">XS - bust: 86-88 \/ hips 94-96 \/ length: 118 \/ sleeve 61<br \/>\nS - bust: 90-92 \/ hips: 98-100 \/ length: 118\/ sleeve: 62<br \/>\nM - bust: 94-96 \/ hips: 102-104 \/ length: 118 \/ sleeve: 62<br \/>\nL - bust: 98-100 \/ hips: 106-108 \/ length: 119 \/ sleeve: 63<br \/>\nXL - bust: 104-106 \/ hips: 112-114 \/ length: 119 \/ sleeve: 64<\/span><\/p>\n<p><span lang=\"DE\">If you are unsure of your size selection, please contact us.<\/span><\/p>\n<p><span lang=\"DE\">Material: 60% wool, <\/span><span lang=\"DE\">10% viscose, 22% polyester, 8% alpaca<br \/>\n<\/span><\/p>\n<p>Lining: acetate<br \/>\nLike viscose, acetate is produced from cellulose. Acetate yarn can also be made from recycled cellulose such as paper. The acetate lining is excellent at absorbing moisture and allowing air to pass through. It is coated with an antistatic apprettee and is OEKOtex\u00ae Standard 100 certified.<\/p>\n<p>Insulation: 100% non-woven recycled polyester<br \/>\nOur coats are insulated with a compressed thermo-insulating quilted fleece on the lining. The fleece is made from recycled polyester fibres. The material is lightweight, thin and at the same time perfectly insulating. The insulating fleece we use is resistant to moisture (it retains its insulating properties and warming effect even in damp conditions), stops the wind, is hypoallergenic and breathable. It is OEKOtex\u00ae Standard 100 certified.<\/p>\n<p>The long coat in milky white was created in our studio in Poznan in accordance with Fair Trade principles and in an environmentally friendly way<span lang=\"DE\">. This is an artisanal gem in which even the buttons have been sewn on by hand.\u00a0<\/span><\/p>\n<p>The coat should be dry-cleaned. For frequent refreshing of the wool we recommend the following\u00a0<a href=\"https:\/\/talia-fashion.pl\/en\/product\/szczotka-do-czyszczenia-i-pielegnacji-plaszcza\/\">Brush for cleaning and care of the coat<\/a>which can be purchased in our shop.<\/p>\n<p><strong>Individual order -\u00a0<\/strong>Some modifications can be made at the client's request: shortening, lengthening of the sleeve, shortening and lengthening of the coat.<\/p>\n<p><strong>An individual order is not subject to exchange or refund.<\/strong><\/p>\n<p><span lang=\"DE\">The lead time depends on the company's current stock and the availability of a given fabric colour. If a given coat is available in the company, the order will be realised very quickly - 2-5 working days. If individualisation of the order is necessary - making alterations or sewing a new coat - the lead time may be extended to a maximum of 2 weeks.<\/span><\/p>\n<p>Please be patient, we need to sew this coat for you.<\/p>","protected":false},"excerpt":{"rendered":"<p>Szczeg\u00f3lnie polecamy we\u0142niany d\u0142ugi p\u0142aszcz w mlecznej bieli z kolekcji limitowanej, zapinany na 2 guziki (dwa dodatkowe guziki pe\u0142ni\u0105 funkcj\u0119 ozdoby) i&hellip;<\/p>","protected":false},"featured_media":332,"template":"","meta":{"_acf_changed":false},"product_cat":[104],"product_tag":[119,37,34,39,65,41,67,222,105,91,45,85],"class_list":{"0":"post-4036","1":"product","2":"type-product","3":"status-publish","4":"has-post-thumbnail","6":"product_cat-ostatnie-sztuki","7":"product_tag-dlugi-plaszcz-zimowy","8":"product_tag-dyplomatka","9":"product_tag-handmade","10":"product_tag-klasyczny","11":"product_tag-kurtka-ocieplana","12":"product_tag-na-podszewce","13":"product_tag-ocieplany","14":"product_tag-ostanie-sztuki","15":"product_tag-ostatnie-sztuki","16":"product_tag-plaszcz-damski-zimowy","17":"product_tag-plaszcz-dlugi","18":"product_tag-plaszcz-welniany","20":"first","21":"instock","22":"shipping-taxable","23":"purchasable","24":"product-type-variable","25":"has-default-attributes"},"acf":[],"yoast_head":"<!-- This site is optimized with the Yoast SEO plugin v25.7 - https:\/\/yoast.com\/wordpress\/plugins\/seo\/ -->\n<title>D\u0142ugi p\u0142aszcz w mlecznej bieli Bianca - Talia Fashion p\u0142aszcze damskie<\/title>\n<meta name=\"description\" content=\"Zapoznaj si\u0119 z nasz\u0105 now\u0105 kolekcj\u0105 p\u0142aszczy damskich zimowych. Polecamy we\u0142niany d\u0142ugi p\u0142aszcz w najmodniejszej mlecznej bieli. Kolekcja limitowana.\" \/>\n<meta name=\"robots\" content=\"index, follow, max-snippet:-1, max-image-preview:large, max-video-preview:-1\" \/>\n<link rel=\"canonical\" href=\"https:\/\/talia-fashion.pl\/en\/product\/dlugi-plaszcz-w-mlecznej-bieli-bianca\/\" \/>\n<meta property=\"og:locale\" content=\"en_GB\" \/>\n<meta property=\"og:type\" content=\"article\" \/>\n<meta property=\"og:title\" content=\"D\u0142ugi p\u0142aszcz w mlecznej bieli Bianca - Talia Fashion p\u0142aszcze damskie\" \/>\n<meta property=\"og:description\" content=\"Zapoznaj si\u0119 z nasz\u0105 now\u0105 kolekcj\u0105 p\u0142aszczy damskich zimowych. Polecamy we\u0142niany d\u0142ugi p\u0142aszcz w najmodniejszej mlecznej bieli. Kolekcja limitowana.\" \/>\n<meta property=\"og:url\" content=\"https:\/\/talia-fashion.pl\/en\/product\/dlugi-plaszcz-w-mlecznej-bieli-bianca\/\" \/>\n<meta property=\"og:site_name\" content=\"Talia Fashion\" \/>\n<meta property=\"article:modified_time\" content=\"2026-02-05T21:11:58+00:00\" \/>\n<meta property=\"og:image\" content=\"https:\/\/talia-fashion.pl\/wp-content\/uploads\/2024\/10\/dlugi-plaszcz-damski-alpaka.jpg\" \/>\n\t<meta property=\"og:image:width\" content=\"1500\" \/>\n\t<meta property=\"og:image:height\" content=\"2250\" \/>\n\t<meta property=\"og:image:type\" content=\"image\/jpeg\" \/>\n<meta name=\"twitter:card\" content=\"summary_large_image\" \/>\n<meta name=\"twitter:label1\" content=\"Estimated reading time\" \/>\n\t<meta name=\"twitter:data1\" content=\"3 minutes\" \/>\n<script type=\"application\/ld+json\" class=\"yoast-schema-graph\">{\"@context\":\"https:\/\/schema.org\",\"@graph\":[{\"@type\":\"WebPage\",\"@id\":\"https:\/\/talia-fashion.pl\/produkt\/dlugi-plaszcz-w-mlecznej-bieli-bianca\/\",\"url\":\"https:\/\/talia-fashion.pl\/produkt\/dlugi-plaszcz-w-mlecznej-bieli-bianca\/\",\"name\":\"D\u0142ugi p\u0142aszcz w mlecznej bieli Bianca - Talia Fashion p\u0142aszcze damskie\",\"isPartOf\":{\"@id\":\"https:\/\/talia-fashion.pl\/#website\"},\"primaryImageOfPage\":{\"@id\":\"https:\/\/talia-fashion.pl\/produkt\/dlugi-plaszcz-w-mlecznej-bieli-bianca\/#primaryimage\"},\"image\":{\"@id\":\"https:\/\/talia-fashion.pl\/produkt\/dlugi-plaszcz-w-mlecznej-bieli-bianca\/#primaryimage\"},\"thumbnailUrl\":\"https:\/\/talia-fashion.pl\/wp-content\/uploads\/2024\/10\/dlugi-plaszcz-damski-alpaka.jpg\",\"datePublished\":\"2019-09-06T11:28:03+00:00\",\"dateModified\":\"2026-02-05T21:11:58+00:00\",\"description\":\"Zapoznaj si\u0119 z nasz\u0105 now\u0105 kolekcj\u0105 p\u0142aszczy damskich zimowych. Polecamy we\u0142niany d\u0142ugi p\u0142aszcz w najmodniejszej mlecznej bieli. Kolekcja limitowana.\",\"breadcrumb\":{\"@id\":\"https:\/\/talia-fashion.pl\/produkt\/dlugi-plaszcz-w-mlecznej-bieli-bianca\/#breadcrumb\"},\"inLanguage\":\"en-GB\",\"potentialAction\":[{\"@type\":\"ReadAction\",\"target\":[\"https:\/\/talia-fashion.pl\/produkt\/dlugi-plaszcz-w-mlecznej-bieli-bianca\/\"]}]},{\"@type\":\"ImageObject\",\"inLanguage\":\"en-GB\",\"@id\":\"https:\/\/talia-fashion.pl\/produkt\/dlugi-plaszcz-w-mlecznej-bieli-bianca\/#primaryimage\",\"url\":\"https:\/\/talia-fashion.pl\/wp-content\/uploads\/2024\/10\/dlugi-plaszcz-damski-alpaka.jpg\",\"contentUrl\":\"https:\/\/talia-fashion.pl\/wp-content\/uploads\/2024\/10\/dlugi-plaszcz-damski-alpaka.jpg\",\"width\":1500,\"height\":2250,\"caption\":\"D\u0142ugi p\u0142aszcz damski w kolorze mlecznej bieli.\"},{\"@type\":\"BreadcrumbList\",\"@id\":\"https:\/\/talia-fashion.pl\/produkt\/dlugi-plaszcz-w-mlecznej-bieli-bianca\/#breadcrumb\",\"itemListElement\":[{\"@type\":\"ListItem\",\"position\":1,\"name\":\"Strona g\u0142\u00f3wna\",\"item\":\"https:\/\/talia-fashion.pl\/\"},{\"@type\":\"ListItem\",\"position\":2,\"name\":\"Sklep\",\"item\":\"https:\/\/talia-fashion.pl\/sklep\/\"},{\"@type\":\"ListItem\",\"position\":3,\"name\":\"D\u0142ugi p\u0142aszcz w mlecznej bieli Bianca\"}]},{\"@type\":\"WebSite\",\"@id\":\"https:\/\/talia-fashion.pl\/#website\",\"url\":\"https:\/\/talia-fashion.pl\/\",\"name\":\"Talia Fashion\",\"description\":\"\",\"potentialAction\":[{\"@type\":\"SearchAction\",\"target\":{\"@type\":\"EntryPoint\",\"urlTemplate\":\"https:\/\/talia-fashion.pl\/?s={search_term_string}\"},\"query-input\":{\"@type\":\"PropertyValueSpecification\",\"valueRequired\":true,\"valueName\":\"search_term_string\"}}],\"inLanguage\":\"en-GB\"}]}<\/script>\n<!-- \/ Yoast SEO plugin. -->","yoast_head_json":{"title":"D\u0142ugi p\u0142aszcz w mlecznej bieli Bianca - Talia Fashion p\u0142aszcze damskie","description":"Zapoznaj si\u0119 z nasz\u0105 now\u0105 kolekcj\u0105 p\u0142aszczy damskich zimowych. Polecamy we\u0142niany d\u0142ugi p\u0142aszcz w najmodniejszej mlecznej bieli. Kolekcja limitowana.","robots":{"index":"index","follow":"follow","max-snippet":"max-snippet:-1","max-image-preview":"max-image-preview:large","max-video-preview":"max-video-preview:-1"},"canonical":"https:\/\/talia-fashion.pl\/en\/product\/dlugi-plaszcz-w-mlecznej-bieli-bianca\/","og_locale":"en_GB","og_type":"article","og_title":"D\u0142ugi p\u0142aszcz w mlecznej bieli Bianca - Talia Fashion p\u0142aszcze damskie","og_description":"Zapoznaj si\u0119 z nasz\u0105 now\u0105 kolekcj\u0105 p\u0142aszczy damskich zimowych. Polecamy we\u0142niany d\u0142ugi p\u0142aszcz w najmodniejszej mlecznej bieli. Kolekcja limitowana.","og_url":"https:\/\/talia-fashion.pl\/en\/product\/dlugi-plaszcz-w-mlecznej-bieli-bianca\/","og_site_name":"Talia Fashion","article_modified_time":"2026-02-05T21:11:58+00:00","og_image":[{"width":1500,"height":2250,"url":"https:\/\/talia-fashion.pl\/wp-content\/uploads\/2024\/10\/dlugi-plaszcz-damski-alpaka.jpg","type":"image\/jpeg"}],"twitter_card":"summary_large_image","twitter_misc":{"Estimated reading time":"3 minutes"},"schema":{"@context":"https:\/\/schema.org","@graph":[{"@type":"WebPage","@id":"https:\/\/talia-fashion.pl\/produkt\/dlugi-plaszcz-w-mlecznej-bieli-bianca\/","url":"https:\/\/talia-fashion.pl\/produkt\/dlugi-plaszcz-w-mlecznej-bieli-bianca\/","name":"D\u0142ugi p\u0142aszcz w mlecznej bieli Bianca - Talia Fashion p\u0142aszcze damskie","isPartOf":{"@id":"https:\/\/talia-fashion.pl\/#website"},"primaryImageOfPage":{"@id":"https:\/\/talia-fashion.pl\/produkt\/dlugi-plaszcz-w-mlecznej-bieli-bianca\/#primaryimage"},"image":{"@id":"https:\/\/talia-fashion.pl\/produkt\/dlugi-plaszcz-w-mlecznej-bieli-bianca\/#primaryimage"},"thumbnailUrl":"https:\/\/talia-fashion.pl\/wp-content\/uploads\/2024\/10\/dlugi-plaszcz-damski-alpaka.jpg","datePublished":"2019-09-06T11:28:03+00:00","dateModified":"2026-02-05T21:11:58+00:00","description":"Zapoznaj si\u0119 z nasz\u0105 now\u0105 kolekcj\u0105 p\u0142aszczy damskich zimowych. Polecamy we\u0142niany d\u0142ugi p\u0142aszcz w najmodniejszej mlecznej bieli. Kolekcja limitowana.","breadcrumb":{"@id":"https:\/\/talia-fashion.pl\/produkt\/dlugi-plaszcz-w-mlecznej-bieli-bianca\/#breadcrumb"},"inLanguage":"en-GB","potentialAction":[{"@type":"ReadAction","target":["https:\/\/talia-fashion.pl\/produkt\/dlugi-plaszcz-w-mlecznej-bieli-bianca\/"]}]},{"@type":"ImageObject","inLanguage":"en-GB","@id":"https:\/\/talia-fashion.pl\/produkt\/dlugi-plaszcz-w-mlecznej-bieli-bianca\/#primaryimage","url":"https:\/\/talia-fashion.pl\/wp-content\/uploads\/2024\/10\/dlugi-plaszcz-damski-alpaka.jpg","contentUrl":"https:\/\/talia-fashion.pl\/wp-content\/uploads\/2024\/10\/dlugi-plaszcz-damski-alpaka.jpg","width":1500,"height":2250,"caption":"D\u0142ugi p\u0142aszcz damski w kolorze mlecznej bieli."},{"@type":"BreadcrumbList","@id":"https:\/\/talia-fashion.pl\/produkt\/dlugi-plaszcz-w-mlecznej-bieli-bianca\/#breadcrumb","itemListElement":[{"@type":"ListItem","position":1,"name":"Strona g\u0142\u00f3wna","item":"https:\/\/talia-fashion.pl\/"},{"@type":"ListItem","position":2,"name":"Sklep","item":"https:\/\/talia-fashion.pl\/sklep\/"},{"@type":"ListItem","position":3,"name":"D\u0142ugi p\u0142aszcz w mlecznej bieli Bianca"}]},{"@type":"WebSite","@id":"https:\/\/talia-fashion.pl\/#website","url":"https:\/\/talia-fashion.pl\/","name":"Talia Fashion","description":"","potentialAction":[{"@type":"SearchAction","target":{"@type":"EntryPoint","urlTemplate":"https:\/\/talia-fashion.pl\/?s={search_term_string}"},"query-input":{"@type":"PropertyValueSpecification","valueRequired":true,"valueName":"search_term_string"}}],"inLanguage":"en-GB"}]}},"_links":{"self":[{"href":"https:\/\/talia-fashion.pl\/en\/wp-json\/wp\/v2\/product\/4036","targetHints":{"allow":["GET"]}}],"collection":[{"href":"https:\/\/talia-fashion.pl\/en\/wp-json\/wp\/v2\/product"}],"about":[{"href":"https:\/\/talia-fashion.pl\/en\/wp-json\/wp\/v2\/types\/product"}],"wp:featuredmedia":[{"embeddable":true,"href":"https:\/\/talia-fashion.pl\/en\/wp-json\/wp\/v2\/media\/332"}],"wp:attachment":[{"href":"https:\/\/talia-fashion.pl\/en\/wp-json\/wp\/v2\/media?parent=4036"}],"wp:term":[{"taxonomy":"product_cat","embeddable":true,"href":"https:\/\/talia-fashion.pl\/en\/wp-json\/wp\/v2\/product_cat?post=4036"},{"taxonomy":"product_tag","embeddable":true,"href":"https:\/\/talia-fashion.pl\/en\/wp-json\/wp\/v2\/product_tag?post=4036"}],"curies":[{"name":"wp","href":"https:\/\/api.w.org\/{rel}","templated":true}]}}