{"id":4017,"date":"2019-03-15T12:08:54","date_gmt":"2019-03-15T11:08:54","guid":{"rendered":"http:\/\/talia-fashion.pl\/produkt\/dyplomatka-dwurzedowa-krotka-welniana-maya\/"},"modified":"2026-03-23T12:27:22","modified_gmt":"2026-03-23T11:27:22","slug":"dyplomatka-dwurzedowa-krotka-welniana-maya","status":"publish","type":"product","link":"https:\/\/talia-fashion.pl\/en\/product\/dyplomatka-dwurzedowa-krotka-welniana-maya\/","title":{"rendered":"Diplomat double-breasted short wool Maya"},"content":{"rendered":"<p><span lang=\"DE\">The Maya double-breasted short woolen diplomat is a great option for the upcoming autumn\/winter season. The coat is lined and additionally <strong>insulated, has an opening<\/strong>. <strong>Gently curved back<\/strong>. Small profiling darts on the front. Side pockets, two decorative <strong>patches on the front<\/strong>. Long sleeve. Double-breasted coat, fastened with hand-sewn buttons. With the possibility of moving the buttons slightly to enlarge it at the hips, without affecting the cut. This type of diplomat is generally worn unbuttoned and then looks very stylish. A timeless classic line, comfortable and functional at the same time. A must-have item in every capsule wardrobe. The perfect outer garment to tie together a variety of looks.<\/span><\/p>\n<p><span lang=\"DE\">The Maya double-breasted short woolen dress is our bestseller. The minimalist cut and basic, timeless colours make the Maya model suitable for any of you, regardless of your age. The mid-thigh length and relaxed cut not only guarantee comfort, but also allow a wide range of styling options. The Maya will go well with streetwear style with sneakers, a kidney and a woollen scarf. You can also wear it with a pair of cigarette pants and loafers for a casual look. You don't have to be diplomatic to wear a diplomatic \ud83d\ude09 If you're into comfort and classics, the Maya is a must-have.<br \/>\n<\/span><\/p>\n<p>If you're wondering how to choose a coat to suit your figure, we recommend our tips:\u00a0<a href=\"https:\/\/talia-fashion.pl\/en\/jak-dobrac-plaszcz-do-sylwetki\/\">How do you choose a coat to suit your figure?\u00a0<\/a><\/p>\n<p>In this model, the hips are the most important (unless you plan to wear the coat unbuttoned), because too tight precisely in the hip area - it loses its lightness.<\/p>\n<p><span lang=\"DE\">Actual photo - black<\/span><\/p>\n<p>Coat available in the following colours: black<\/p>\n<p><span lang=\"DE\">The colours of the fabrics are presented in the different coat cuts, in the other auctions and in the\u00a0<a href=\"https:\/\/talia-fashion.pl\/en\/paleta-kolorow\/\">colour palette<\/a>. If in doubt about the colour, please contact us.<\/span><\/p>\n<p><span lang=\"DE\">Available sizes: XS, S, M, L, XL<br \/>\n<\/span><\/p>\n<p><span lang=\"DE\">Indicative dimensions:<br \/>\nXS - bust: 84-86 \/ hips: 92-94 \/ length: 87 \/ sleeve: 61<\/span><br \/>\n<span lang=\"DE\">S - bust: 88-90 \/ hips: 96-98 \/ length: 87 \/ sleeve: 61<\/span><br \/>\n<span lang=\"DE\">M - bust: 92-94 \/ hips: 100-102 \/ length: 88 \/ sleeve: 62<\/span><br \/>\n<span lang=\"DE\">L - bust: 96-98 \/ hips: 104-106 \/ length: 88 \/ sleeve: 63<\/span><br \/>\nXL - bust: 102-104 \/ hips: 110 - 112 \/ length: 88 \/ sleeve: 64<\/p>\n<p><span lang=\"DE\">If you are unsure about the size, please contact us.<\/span><\/p>\n<p><span lang=\"DE\">Material: 80% wool, 20% polyamide<\/span><\/p>\n<p>Lining: 100% acetate<br \/>\nLike viscose, acetate is produced from cellulose. Acetate yarn can also be made from recycled cellulose such as paper. The acetate lining is excellent at absorbing moisture and permeable to air. It is coated with an antistatic apprettee and is OEKOtex\u00ae Standard 100 certified.<\/p>\n<p>Insulation: 100% non-woven recycled polyester<br \/>\nOur coats are insulated with a compressed thermo-insulating quilted fleece on the lining. The fleece is made from recycled polyester fibres. The material is lightweight, thin and at the same time perfectly insulating. The insulating fleece we use is resistant to moisture (it retains its insulating properties and warming effect even in damp conditions), stops the wind, is hypoallergenic and breathable. It is OEKOtex\u00ae Standard 100 certified.<\/p>\n<p><span lang=\"DE\">The wool double-breasted short diploma was designed and sewn in our workshop, where we have been operating transparently and sustainably since 1988, using traditional, labour-intensive methods. Thank you for supporting Polish craftsmanship.<\/span><\/p>\n<p><span lang=\"DE\">It is possible to personalise the coat according to the client's specifications: shortening or lengthening the sleeves and the possibility of lengthening the coat - each modification and its cost is determined individually after prior contact.<\/span><\/p>\n<p><strong>An individual order is not subject to exchange or refund.<\/strong><\/p>\n<p>The coat should be dry-cleaned. For frequent refreshing of the coat we recommend the following <a href=\"https:\/\/talia-fashion.pl\/en\/product\/szczotka-do-czyszczenia-i-pielegnacji-plaszcza\/\">Brush for cleaning and care of the coat<\/a>which can be purchased in our shop.  We also encourage you to read our advice on proper care: <a href=\"https:\/\/talia-fashion.pl\/en\/jak-pielegnowac-i-dbac-o-plaszcz\/\">How to care for and maintain coats? <\/a><br \/>\nTaking proper care of your clothes means that you enjoy them far longer while caring for the environment by reducing waste.<\/p>\n<p><span lang=\"DE\">The lead time depends on the current stock in the atelier and the availability of the fabric colour in question. If the given coat is available in the company, the order will be fulfilled very quickly - 2-5 working days. If it is necessary to sew the coat or individualise the order - making alterations or sewing a new coat - the lead time may be extended, up to a maximum of 2 weeks.<\/span><\/p>\n<p>Please be patient, we need to sew this coat for you.<\/p>\n<p>We encourage you to like our profile on <a href=\"https:\/\/www.instagram.com\/talia_plaszcze\/\">Instagram<\/a>.<\/p>","protected":false},"excerpt":{"rendered":"<p>Diplomat - a classic, timeless coat cut that never goes out of fashion.<\/p>","protected":false},"featured_media":258595,"template":"","meta":{"_acf_changed":false},"product_cat":[55],"product_tag":[56,37,58,39,74,65,93,116,41,42,67,109,43,46,68,47,95,86,69,60,97,53,117],"class_list":{"0":"post-4017","1":"product","2":"type-product","3":"status-publish","4":"has-post-thumbnail","6":"product_cat-plaszcze-krotsze","7":"product_tag-bestseller","8":"product_tag-dyplomatka","9":"product_tag-dyplomatka-dwurzedowa","10":"product_tag-klasyczny","11":"product_tag-kurtka-damska","12":"product_tag-kurtka-ocieplana","13":"product_tag-kurtka-zimowa","14":"product_tag-marynarka","15":"product_tag-na-podszewce","16":"product_tag-nowosc","17":"product_tag-ocieplany","18":"product_tag-plaszcz-camel","19":"product_tag-plaszcz-damski","20":"product_tag-plaszcz-dwurzedowy","21":"product_tag-plaszcz-jesienny","22":"product_tag-plaszcz-na-guziki","23":"product_tag-plaszcz-zimowy","24":"product_tag-plaszcz-zimowy-ocieplany","25":"product_tag-prochowiec","26":"product_tag-producent-plaszczy-damskich","27":"product_tag-trencz","28":"product_tag-welna","29":"product_tag-zakiet","31":"first","32":"instock","33":"shipping-taxable","34":"purchasable","35":"product-type-variable","36":"has-default-attributes"},"acf":[],"yoast_head":"<!-- This site is optimized with the Yoast SEO plugin v25.7 - https:\/\/yoast.com\/wordpress\/plugins\/seo\/ -->\n<title>Dyplomatka dwurz\u0119dowa kr\u00f3tka we\u0142niana Maya - Talia Fashion<\/title>\n<meta name=\"description\" content=\"Dyplomatka dwurz\u0119dowa kr\u00f3tka we\u0142niana. Prosta linia, ko\u0142nierz typu rewers, zapinana na guziki, we\u0142niana, ocieplana. Obowi\u0105zkowa w szafie kapsu\u0142owej.\" \/>\n<meta name=\"robots\" content=\"index, follow, max-snippet:-1, max-image-preview:large, max-video-preview:-1\" \/>\n<link rel=\"canonical\" href=\"https:\/\/talia-fashion.pl\/en\/product\/dyplomatka-dwurzedowa-krotka-welniana-maya\/\" \/>\n<meta property=\"og:locale\" content=\"en_GB\" \/>\n<meta property=\"og:type\" content=\"article\" \/>\n<meta property=\"og:title\" content=\"Dyplomatka dwurz\u0119dowa kr\u00f3tka we\u0142niana Maya - Talia Fashion\" \/>\n<meta property=\"og:description\" content=\"Dyplomatka dwurz\u0119dowa kr\u00f3tka we\u0142niana. Prosta linia, ko\u0142nierz typu rewers, zapinana na guziki, we\u0142niana, ocieplana. Obowi\u0105zkowa w szafie kapsu\u0142owej.\" \/>\n<meta property=\"og:url\" content=\"https:\/\/talia-fashion.pl\/en\/product\/dyplomatka-dwurzedowa-krotka-welniana-maya\/\" \/>\n<meta property=\"og:site_name\" content=\"Talia Fashion\" \/>\n<meta property=\"article:modified_time\" content=\"2026-03-23T11:27:22+00:00\" \/>\n<meta property=\"og:image\" content=\"https:\/\/talia-fashion.pl\/wp-content\/uploads\/2025\/09\/dyplomatka-plaszcz-dwurzedowa-welna.jpg\" \/>\n\t<meta property=\"og:image:width\" content=\"752\" \/>\n\t<meta property=\"og:image:height\" content=\"1183\" \/>\n\t<meta property=\"og:image:type\" content=\"image\/jpeg\" \/>\n<meta name=\"twitter:card\" content=\"summary_large_image\" \/>\n<meta name=\"twitter:label1\" content=\"Estimated reading time\" \/>\n\t<meta name=\"twitter:data1\" content=\"3 minutes\" \/>\n<script type=\"application\/ld+json\" class=\"yoast-schema-graph\">{\"@context\":\"https:\/\/schema.org\",\"@graph\":[{\"@type\":\"WebPage\",\"@id\":\"https:\/\/talia-fashion.pl\/produkt\/dyplomatka-dwurzedowa-krotka-welniana-maya\/\",\"url\":\"https:\/\/talia-fashion.pl\/produkt\/dyplomatka-dwurzedowa-krotka-welniana-maya\/\",\"name\":\"Dyplomatka dwurz\u0119dowa kr\u00f3tka we\u0142niana Maya - Talia Fashion\",\"isPartOf\":{\"@id\":\"https:\/\/talia-fashion.pl\/#website\"},\"primaryImageOfPage\":{\"@id\":\"https:\/\/talia-fashion.pl\/produkt\/dyplomatka-dwurzedowa-krotka-welniana-maya\/#primaryimage\"},\"image\":{\"@id\":\"https:\/\/talia-fashion.pl\/produkt\/dyplomatka-dwurzedowa-krotka-welniana-maya\/#primaryimage\"},\"thumbnailUrl\":\"https:\/\/talia-fashion.pl\/wp-content\/uploads\/2025\/09\/dyplomatka-plaszcz-dwurzedowa-welna.jpg\",\"datePublished\":\"2019-03-15T11:08:54+00:00\",\"dateModified\":\"2026-03-23T11:27:22+00:00\",\"description\":\"Dyplomatka dwurz\u0119dowa kr\u00f3tka we\u0142niana. Prosta linia, ko\u0142nierz typu rewers, zapinana na guziki, we\u0142niana, ocieplana. Obowi\u0105zkowa w szafie kapsu\u0142owej.\",\"breadcrumb\":{\"@id\":\"https:\/\/talia-fashion.pl\/produkt\/dyplomatka-dwurzedowa-krotka-welniana-maya\/#breadcrumb\"},\"inLanguage\":\"en-GB\",\"potentialAction\":[{\"@type\":\"ReadAction\",\"target\":[\"https:\/\/talia-fashion.pl\/produkt\/dyplomatka-dwurzedowa-krotka-welniana-maya\/\"]}]},{\"@type\":\"ImageObject\",\"inLanguage\":\"en-GB\",\"@id\":\"https:\/\/talia-fashion.pl\/produkt\/dyplomatka-dwurzedowa-krotka-welniana-maya\/#primaryimage\",\"url\":\"https:\/\/talia-fashion.pl\/wp-content\/uploads\/2025\/09\/dyplomatka-plaszcz-dwurzedowa-welna.jpg\",\"contentUrl\":\"https:\/\/talia-fashion.pl\/wp-content\/uploads\/2025\/09\/dyplomatka-plaszcz-dwurzedowa-welna.jpg\",\"width\":752,\"height\":1183,\"caption\":\"Dyplomatka dwurz\u0119dowa zapinana na guziki. D\u0142ugo\u015b\u0107 do po\u0142owy uda. We\u0142na.\"},{\"@type\":\"BreadcrumbList\",\"@id\":\"https:\/\/talia-fashion.pl\/produkt\/dyplomatka-dwurzedowa-krotka-welniana-maya\/#breadcrumb\",\"itemListElement\":[{\"@type\":\"ListItem\",\"position\":1,\"name\":\"Strona g\u0142\u00f3wna\",\"item\":\"https:\/\/talia-fashion.pl\/\"},{\"@type\":\"ListItem\",\"position\":2,\"name\":\"Sklep\",\"item\":\"https:\/\/talia-fashion.pl\/sklep\/\"},{\"@type\":\"ListItem\",\"position\":3,\"name\":\"Dyplomatka dwurz\u0119dowa kr\u00f3tka we\u0142niana Maya\"}]},{\"@type\":\"WebSite\",\"@id\":\"https:\/\/talia-fashion.pl\/#website\",\"url\":\"https:\/\/talia-fashion.pl\/\",\"name\":\"Talia Fashion\",\"description\":\"\",\"potentialAction\":[{\"@type\":\"SearchAction\",\"target\":{\"@type\":\"EntryPoint\",\"urlTemplate\":\"https:\/\/talia-fashion.pl\/?s={search_term_string}\"},\"query-input\":{\"@type\":\"PropertyValueSpecification\",\"valueRequired\":true,\"valueName\":\"search_term_string\"}}],\"inLanguage\":\"en-GB\"}]}<\/script>\n<!-- \/ Yoast SEO plugin. -->","yoast_head_json":{"title":"Dyplomatka dwurz\u0119dowa kr\u00f3tka we\u0142niana Maya - Talia Fashion","description":"Dyplomatka dwurz\u0119dowa kr\u00f3tka we\u0142niana. Prosta linia, ko\u0142nierz typu rewers, zapinana na guziki, we\u0142niana, ocieplana. Obowi\u0105zkowa w szafie kapsu\u0142owej.","robots":{"index":"index","follow":"follow","max-snippet":"max-snippet:-1","max-image-preview":"max-image-preview:large","max-video-preview":"max-video-preview:-1"},"canonical":"https:\/\/talia-fashion.pl\/en\/product\/dyplomatka-dwurzedowa-krotka-welniana-maya\/","og_locale":"en_GB","og_type":"article","og_title":"Dyplomatka dwurz\u0119dowa kr\u00f3tka we\u0142niana Maya - Talia Fashion","og_description":"Dyplomatka dwurz\u0119dowa kr\u00f3tka we\u0142niana. Prosta linia, ko\u0142nierz typu rewers, zapinana na guziki, we\u0142niana, ocieplana. Obowi\u0105zkowa w szafie kapsu\u0142owej.","og_url":"https:\/\/talia-fashion.pl\/en\/product\/dyplomatka-dwurzedowa-krotka-welniana-maya\/","og_site_name":"Talia Fashion","article_modified_time":"2026-03-23T11:27:22+00:00","og_image":[{"width":752,"height":1183,"url":"https:\/\/talia-fashion.pl\/wp-content\/uploads\/2025\/09\/dyplomatka-plaszcz-dwurzedowa-welna.jpg","type":"image\/jpeg"}],"twitter_card":"summary_large_image","twitter_misc":{"Estimated reading time":"3 minutes"},"schema":{"@context":"https:\/\/schema.org","@graph":[{"@type":"WebPage","@id":"https:\/\/talia-fashion.pl\/produkt\/dyplomatka-dwurzedowa-krotka-welniana-maya\/","url":"https:\/\/talia-fashion.pl\/produkt\/dyplomatka-dwurzedowa-krotka-welniana-maya\/","name":"Dyplomatka dwurz\u0119dowa kr\u00f3tka we\u0142niana Maya - Talia Fashion","isPartOf":{"@id":"https:\/\/talia-fashion.pl\/#website"},"primaryImageOfPage":{"@id":"https:\/\/talia-fashion.pl\/produkt\/dyplomatka-dwurzedowa-krotka-welniana-maya\/#primaryimage"},"image":{"@id":"https:\/\/talia-fashion.pl\/produkt\/dyplomatka-dwurzedowa-krotka-welniana-maya\/#primaryimage"},"thumbnailUrl":"https:\/\/talia-fashion.pl\/wp-content\/uploads\/2025\/09\/dyplomatka-plaszcz-dwurzedowa-welna.jpg","datePublished":"2019-03-15T11:08:54+00:00","dateModified":"2026-03-23T11:27:22+00:00","description":"Dyplomatka dwurz\u0119dowa kr\u00f3tka we\u0142niana. Prosta linia, ko\u0142nierz typu rewers, zapinana na guziki, we\u0142niana, ocieplana. Obowi\u0105zkowa w szafie kapsu\u0142owej.","breadcrumb":{"@id":"https:\/\/talia-fashion.pl\/produkt\/dyplomatka-dwurzedowa-krotka-welniana-maya\/#breadcrumb"},"inLanguage":"en-GB","potentialAction":[{"@type":"ReadAction","target":["https:\/\/talia-fashion.pl\/produkt\/dyplomatka-dwurzedowa-krotka-welniana-maya\/"]}]},{"@type":"ImageObject","inLanguage":"en-GB","@id":"https:\/\/talia-fashion.pl\/produkt\/dyplomatka-dwurzedowa-krotka-welniana-maya\/#primaryimage","url":"https:\/\/talia-fashion.pl\/wp-content\/uploads\/2025\/09\/dyplomatka-plaszcz-dwurzedowa-welna.jpg","contentUrl":"https:\/\/talia-fashion.pl\/wp-content\/uploads\/2025\/09\/dyplomatka-plaszcz-dwurzedowa-welna.jpg","width":752,"height":1183,"caption":"Dyplomatka dwurz\u0119dowa zapinana na guziki. D\u0142ugo\u015b\u0107 do po\u0142owy uda. We\u0142na."},{"@type":"BreadcrumbList","@id":"https:\/\/talia-fashion.pl\/produkt\/dyplomatka-dwurzedowa-krotka-welniana-maya\/#breadcrumb","itemListElement":[{"@type":"ListItem","position":1,"name":"Strona g\u0142\u00f3wna","item":"https:\/\/talia-fashion.pl\/"},{"@type":"ListItem","position":2,"name":"Sklep","item":"https:\/\/talia-fashion.pl\/sklep\/"},{"@type":"ListItem","position":3,"name":"Dyplomatka dwurz\u0119dowa kr\u00f3tka we\u0142niana Maya"}]},{"@type":"WebSite","@id":"https:\/\/talia-fashion.pl\/#website","url":"https:\/\/talia-fashion.pl\/","name":"Talia Fashion","description":"","potentialAction":[{"@type":"SearchAction","target":{"@type":"EntryPoint","urlTemplate":"https:\/\/talia-fashion.pl\/?s={search_term_string}"},"query-input":{"@type":"PropertyValueSpecification","valueRequired":true,"valueName":"search_term_string"}}],"inLanguage":"en-GB"}]}},"_links":{"self":[{"href":"https:\/\/talia-fashion.pl\/en\/wp-json\/wp\/v2\/product\/4017","targetHints":{"allow":["GET"]}}],"collection":[{"href":"https:\/\/talia-fashion.pl\/en\/wp-json\/wp\/v2\/product"}],"about":[{"href":"https:\/\/talia-fashion.pl\/en\/wp-json\/wp\/v2\/types\/product"}],"wp:featuredmedia":[{"embeddable":true,"href":"https:\/\/talia-fashion.pl\/en\/wp-json\/wp\/v2\/media\/258595"}],"wp:attachment":[{"href":"https:\/\/talia-fashion.pl\/en\/wp-json\/wp\/v2\/media?parent=4017"}],"wp:term":[{"taxonomy":"product_cat","embeddable":true,"href":"https:\/\/talia-fashion.pl\/en\/wp-json\/wp\/v2\/product_cat?post=4017"},{"taxonomy":"product_tag","embeddable":true,"href":"https:\/\/talia-fashion.pl\/en\/wp-json\/wp\/v2\/product_tag?post=4017"}],"curies":[{"name":"wp","href":"https:\/\/api.w.org\/{rel}","templated":true}]}}