{"id":3992,"date":"2019-03-14T11:21:53","date_gmt":"2019-03-14T10:21:53","guid":{"rendered":"http:\/\/talia-fashion.pl\/produkt\/camelowy-plaszcz-klasyczny-z-paskiem-ola\/"},"modified":"2026-03-23T16:38:16","modified_gmt":"2026-03-23T15:38:16","slug":"camelowy-plaszcz-klasyczny-z-paskiem-ola","status":"publish","type":"product","link":"https:\/\/talia-fashion.pl\/en\/product\/camelowy-plaszcz-klasyczny-z-paskiem-ola\/","title":{"rendered":"Camel classic coat with belt Ola"},"content":{"rendered":"<p><span lang=\"DE\">Camel classic coat with belt finished with a beautiful reverse collar, fastened with one button (the other one serves as a decoration). The back is slightly waisted, with a comfortable cut. The waist can be further accentuated with a belt sewn from the same fabric. Coat with inset side pockets with decorative piping. No slit at the back. Fully lined. Additionally insulated. Ideal for cold winter weather.<\/span><\/p>\n<p><span lang=\"DE\">The camel Ola classic coat is a great alternative to a winter jacket, looking great worn both buttoned and unbuttoned. The collar can easily be stood up or turned up to wrap around the neck. This classic cut with a beautiful reverse collar is perfect for both everyday and festive occasions. If your job calls for chic and everyday elegance this will be the perfect choice, although there's nothing stopping you from wearing this coat with jeans, sports shoes and a knitted cap. If you choose a calm and classic colour, your coat will be the perfect backdrop for endless styling.\u00a0<\/span><\/p>\n<p>If you're wondering which coat to choose, we suggest you take a look at our tips\u00a0<a href=\"https:\/\/talia-fashion.pl\/en\/jak-dobrac-plaszcz-do-sylwetki\/\">How do you choose a coat to suit your figure?<\/a><\/p>\n<p><span lang=\"DE\">Actual photo - light camellia<\/span><br \/>\nAvailable colours<span lang=\"DE\">: light camel (M only), red<\/span><br \/>\n<span lang=\"DE\">The colours are shown in the pictures of the coats in different cuts and in the <a href=\"https:\/\/talia-fashion.pl\/en\/paleta-kolorow\/\">Colour palette<\/a>. If in doubt, please contact us.<\/span><\/p>\n<p><span lang=\"DE\">Available sizes: XS, S, M, L, XL<\/span><br \/>\nThe model is 177cm and a size S.<\/p>\n<p><span lang=\"DE\">Indicative dimensions:<\/span><\/p>\n<p><span lang=\"DE\">34 - bust: 84-86 \/ hips 92-94 \/ length: 97 \/ shoulder width 34 \/ sleeve 61<br \/>\nXS - bust: 86-88 \/ hips 94-96 \/ length: 97 \/ shoulder width 34.5-35 \/ sleeve 61<br \/>\nS - bust: 90-92 \/ hips: 98-100 \/ length: 98 \/ shoulder width 35.5-36 \/ sleeve: 62<br \/>\nM - bust: 94-96 \/ hips: 102-104 \/ length: 98 \/ shoulder width 37.5 \/ sleeve: 62<br \/>\nL - bust: 98-100 \/ hips: 106-108 \/ length: 98 \/ shoulder width 39.5-40 \/ sleeve: 63<br \/>\nXL - bust: 104-106 \/ hips: 112-114 \/ length: 98 \/ shoulder width 42-42.5 \/ sleeve: 64<\/span><\/p>\n<p>How to measure yourself can be found under\u00a0<a href=\"https:\/\/talia-fashion.pl\/en\/jak-dobrac-rozmiar\/\">How do you choose the right size?<\/a><br \/>\nIf you are unsure about the size, please contact us.<\/p>\n<p><span lang=\"DE\">Material: 47<\/span><span lang=\"DE\">% wool, 30% polyester, 23% viscose<\/span><\/p>\n<p>Lining: 100% acetate<br \/>\nLike viscose, acetate is produced from cellulose. Acetate yarn can also be made from recycled cellulose such as paper. The acetate lining is excellent at absorbing moisture and allowing air to pass through. It is coated with an antistatic apprettee and is OEKOtex\u00ae Standard 100 certified.<br \/>\nInsulation: 100% non-woven recycled polyester<br \/>\nOur coats are insulated with a compressed thermo-insulating quilted fleece on the lining. The fleece is made from recycled polyester fibres. The material is lightweight, thin and at the same time perfectly insulating. The insulating fleece we use is resistant to moisture (it retains its insulating properties and warming effect even in damp conditions), stops the wind, is hypoallergenic and breathable. It is OEKOtex\u00ae Standard 100 certified.<\/p>\n<p><span lang=\"DE\">The camel coloured classic coat with Ola belt has been designed and sewn in our family-run workshop, using environmentally friendly, traditional, labour-intensive methods and lots of heart put in.\u00a0<\/span><\/p>\n<p><strong>Individual order -\u00a0<\/strong>Some modifications can be made at the client's request: shortening, lengthening of the sleeve, shortening and lengthening of the coat. Cost to be determined individually, after prior contact.\u00a0<span lang=\"DE\">On individual request, it is possible to sew this coat model in size 34 (XXS).<\/span><br \/>\n<strong>An individual order is not subject to exchange or refund.<\/strong><\/p>\n<p>The coat should be dry-cleaned. To refresh the wool frequently we recommend the following\u00a0<a href=\"https:\/\/talia-fashion.pl\/en\/product\/szczotka-do-czyszczenia-i-pielegnacji-plaszcza\/\">Brush for cleaning and care of the coat,<\/a> which can be purchased in our shop. By taking care of your coat you are taking care of the environment. We recommend our tips <a href=\"https:\/\/talia-fashion.pl\/en\/jak-pielegnowac-i-dbac-o-plaszcz\/\">How to care for and maintain coats?<\/a><\/p>\n<p><span lang=\"DE\">The lead time depends on the company's current stock and the availability of the fabric colour in question. If a particular coat is available in the company, the order will be fulfilled very quickly - 2-5 working days. If it is necessary to sew a new coat or to individualise the order - making alterations or sewing a new coat - the lead time may be extended, up to a maximum of 2 weeks.<\/span><\/p>\n<p>Please be patient, we don't sew coats for stock so we have to sew this coat for you \ud83d\ude42<br \/>\nThank you for supporting indigenous crafts.<\/p>\n<p>Please visit us at <a href=\"https:\/\/www.facebook.com\/talia.plaszcze\">Facebook<\/a>\u00a0i\u00a0<a href=\"https:\/\/www.instagram.com\/talia_plaszcze\/\">Instagram<\/a><\/p>","protected":false},"excerpt":{"rendered":"<p>Camelowy p\u0142aszcz klasyczny z paskiem wyko\u0144czony przepi\u0119knym ko\u0142nierzem rewers, zapinany na jeden guzik (drugi pe\u0142ni funkcj\u0119 ozdoby). Ty\u0142 delikatnie taliowany, o wygodnym&hellip;<\/p>","protected":false},"featured_media":300,"template":"","meta":{"_acf_changed":false},"product_cat":[104],"product_tag":[56,78,33,34,38,73,39,40,41,67,105,109,43,44,91,47,75,50,95,69,61,62,53,63,88,110],"class_list":{"0":"post-3992","1":"product","2":"type-product","3":"status-publish","4":"has-post-thumbnail","6":"product_cat-ostatnie-sztuki","7":"product_tag-bestseller","8":"product_tag-dla-roznych-sylwetek","9":"product_tag-dwurzedowy","10":"product_tag-handmade","11":"product_tag-kamel","12":"product_tag-karmelowy","13":"product_tag-klasyczny","14":"product_tag-kolnierz","15":"product_tag-na-podszewce","16":"product_tag-ocieplany","17":"product_tag-ostatnie-sztuki","18":"product_tag-plaszcz-camel","19":"product_tag-plaszcz-damski","20":"product_tag-plaszcz-damski-dlugi","21":"product_tag-plaszcz-damski-zimowy","22":"product_tag-plaszcz-na-guziki","23":"product_tag-plaszcz-ocieplany","24":"product_tag-plaszcz-z-rewersem","25":"product_tag-plaszcz-zimowy","26":"product_tag-prochowiec","27":"product_tag-recznie-szyty","28":"product_tag-uszyty-w-polsce","29":"product_tag-welna","30":"product_tag-welniany","31":"product_tag-wiazany","32":"product_tag-z-paskiem","34":"first","35":"instock","36":"shipping-taxable","37":"purchasable","38":"product-type-variable","39":"has-default-attributes"},"acf":[],"yoast_head":"<!-- This site is optimized with the Yoast SEO plugin v25.7 - https:\/\/yoast.com\/wordpress\/plugins\/seo\/ -->\n<title>Camelowy p\u0142aszcz klasyczny z paskiem Ola - r\u0119cznie szyty<\/title>\n<meta name=\"description\" content=\"Camelowy p\u0142aszcz klasyczny z paskiem to ponadczasowa pozycja w Twojej szafie. P\u0142aszcz z pi\u0119knym ko\u0142nierzem, wi\u0105zany w pasie. Uszyty w Polsce. Wysoka jako\u015b\u0107.\" \/>\n<meta name=\"robots\" content=\"index, follow, max-snippet:-1, max-image-preview:large, max-video-preview:-1\" \/>\n<link rel=\"canonical\" href=\"https:\/\/talia-fashion.pl\/en\/product\/camelowy-plaszcz-klasyczny-z-paskiem-ola\/\" \/>\n<meta property=\"og:locale\" content=\"en_GB\" \/>\n<meta property=\"og:type\" content=\"article\" \/>\n<meta property=\"og:title\" content=\"Camelowy p\u0142aszcz klasyczny z paskiem Ola - r\u0119cznie szyty\" \/>\n<meta property=\"og:description\" content=\"Camelowy p\u0142aszcz klasyczny z paskiem to ponadczasowa pozycja w Twojej szafie. P\u0142aszcz z pi\u0119knym ko\u0142nierzem, wi\u0105zany w pasie. Uszyty w Polsce. Wysoka jako\u015b\u0107.\" \/>\n<meta property=\"og:url\" content=\"https:\/\/talia-fashion.pl\/en\/product\/camelowy-plaszcz-klasyczny-z-paskiem-ola\/\" \/>\n<meta property=\"og:site_name\" content=\"Talia Fashion\" \/>\n<meta property=\"article:modified_time\" content=\"2026-03-23T15:38:16+00:00\" \/>\n<meta property=\"og:image\" content=\"https:\/\/talia-fashion.pl\/wp-content\/uploads\/2024\/10\/camelowy-plaszcz-wiosenny.jpg\" \/>\n\t<meta property=\"og:image:width\" content=\"1500\" \/>\n\t<meta property=\"og:image:height\" content=\"2000\" \/>\n\t<meta property=\"og:image:type\" content=\"image\/jpeg\" \/>\n<meta name=\"twitter:card\" content=\"summary_large_image\" \/>\n<meta name=\"twitter:label1\" content=\"Estimated reading time\" \/>\n\t<meta name=\"twitter:data1\" content=\"3 minutes\" \/>\n<script type=\"application\/ld+json\" class=\"yoast-schema-graph\">{\"@context\":\"https:\/\/schema.org\",\"@graph\":[{\"@type\":\"WebPage\",\"@id\":\"https:\/\/talia-fashion.pl\/produkt\/camelowy-plaszcz-klasyczny-z-paskiem-ola\/\",\"url\":\"https:\/\/talia-fashion.pl\/produkt\/camelowy-plaszcz-klasyczny-z-paskiem-ola\/\",\"name\":\"Camelowy p\u0142aszcz klasyczny z paskiem Ola - r\u0119cznie szyty\",\"isPartOf\":{\"@id\":\"https:\/\/talia-fashion.pl\/#website\"},\"primaryImageOfPage\":{\"@id\":\"https:\/\/talia-fashion.pl\/produkt\/camelowy-plaszcz-klasyczny-z-paskiem-ola\/#primaryimage\"},\"image\":{\"@id\":\"https:\/\/talia-fashion.pl\/produkt\/camelowy-plaszcz-klasyczny-z-paskiem-ola\/#primaryimage\"},\"thumbnailUrl\":\"https:\/\/talia-fashion.pl\/wp-content\/uploads\/2024\/10\/camelowy-plaszcz-wiosenny.jpg\",\"datePublished\":\"2019-03-14T10:21:53+00:00\",\"dateModified\":\"2026-03-23T15:38:16+00:00\",\"description\":\"Camelowy p\u0142aszcz klasyczny z paskiem to ponadczasowa pozycja w Twojej szafie. P\u0142aszcz z pi\u0119knym ko\u0142nierzem, wi\u0105zany w pasie. Uszyty w Polsce. Wysoka jako\u015b\u0107.\",\"breadcrumb\":{\"@id\":\"https:\/\/talia-fashion.pl\/produkt\/camelowy-plaszcz-klasyczny-z-paskiem-ola\/#breadcrumb\"},\"inLanguage\":\"en-GB\",\"potentialAction\":[{\"@type\":\"ReadAction\",\"target\":[\"https:\/\/talia-fashion.pl\/produkt\/camelowy-plaszcz-klasyczny-z-paskiem-ola\/\"]}]},{\"@type\":\"ImageObject\",\"inLanguage\":\"en-GB\",\"@id\":\"https:\/\/talia-fashion.pl\/produkt\/camelowy-plaszcz-klasyczny-z-paskiem-ola\/#primaryimage\",\"url\":\"https:\/\/talia-fashion.pl\/wp-content\/uploads\/2024\/10\/camelowy-plaszcz-wiosenny.jpg\",\"contentUrl\":\"https:\/\/talia-fashion.pl\/wp-content\/uploads\/2024\/10\/camelowy-plaszcz-wiosenny.jpg\",\"width\":1500,\"height\":2000,\"caption\":\"Camelowy p\u0142aszcz zapinany na guziki z ko\u0142nierzem typu rewers.\"},{\"@type\":\"BreadcrumbList\",\"@id\":\"https:\/\/talia-fashion.pl\/produkt\/camelowy-plaszcz-klasyczny-z-paskiem-ola\/#breadcrumb\",\"itemListElement\":[{\"@type\":\"ListItem\",\"position\":1,\"name\":\"Strona g\u0142\u00f3wna\",\"item\":\"https:\/\/talia-fashion.pl\/\"},{\"@type\":\"ListItem\",\"position\":2,\"name\":\"Sklep\",\"item\":\"https:\/\/talia-fashion.pl\/sklep\/\"},{\"@type\":\"ListItem\",\"position\":3,\"name\":\"Camelowy p\u0142aszcz klasyczny z paskiem Ola\"}]},{\"@type\":\"WebSite\",\"@id\":\"https:\/\/talia-fashion.pl\/#website\",\"url\":\"https:\/\/talia-fashion.pl\/\",\"name\":\"Talia Fashion\",\"description\":\"\",\"potentialAction\":[{\"@type\":\"SearchAction\",\"target\":{\"@type\":\"EntryPoint\",\"urlTemplate\":\"https:\/\/talia-fashion.pl\/?s={search_term_string}\"},\"query-input\":{\"@type\":\"PropertyValueSpecification\",\"valueRequired\":true,\"valueName\":\"search_term_string\"}}],\"inLanguage\":\"en-GB\"}]}<\/script>\n<!-- \/ Yoast SEO plugin. -->","yoast_head_json":{"title":"Camelowy p\u0142aszcz klasyczny z paskiem Ola - r\u0119cznie szyty","description":"Camelowy p\u0142aszcz klasyczny z paskiem to ponadczasowa pozycja w Twojej szafie. P\u0142aszcz z pi\u0119knym ko\u0142nierzem, wi\u0105zany w pasie. Uszyty w Polsce. Wysoka jako\u015b\u0107.","robots":{"index":"index","follow":"follow","max-snippet":"max-snippet:-1","max-image-preview":"max-image-preview:large","max-video-preview":"max-video-preview:-1"},"canonical":"https:\/\/talia-fashion.pl\/en\/product\/camelowy-plaszcz-klasyczny-z-paskiem-ola\/","og_locale":"en_GB","og_type":"article","og_title":"Camelowy p\u0142aszcz klasyczny z paskiem Ola - r\u0119cznie szyty","og_description":"Camelowy p\u0142aszcz klasyczny z paskiem to ponadczasowa pozycja w Twojej szafie. P\u0142aszcz z pi\u0119knym ko\u0142nierzem, wi\u0105zany w pasie. Uszyty w Polsce. Wysoka jako\u015b\u0107.","og_url":"https:\/\/talia-fashion.pl\/en\/product\/camelowy-plaszcz-klasyczny-z-paskiem-ola\/","og_site_name":"Talia Fashion","article_modified_time":"2026-03-23T15:38:16+00:00","og_image":[{"width":1500,"height":2000,"url":"https:\/\/talia-fashion.pl\/wp-content\/uploads\/2024\/10\/camelowy-plaszcz-wiosenny.jpg","type":"image\/jpeg"}],"twitter_card":"summary_large_image","twitter_misc":{"Estimated reading time":"3 minutes"},"schema":{"@context":"https:\/\/schema.org","@graph":[{"@type":"WebPage","@id":"https:\/\/talia-fashion.pl\/produkt\/camelowy-plaszcz-klasyczny-z-paskiem-ola\/","url":"https:\/\/talia-fashion.pl\/produkt\/camelowy-plaszcz-klasyczny-z-paskiem-ola\/","name":"Camelowy p\u0142aszcz klasyczny z paskiem Ola - r\u0119cznie szyty","isPartOf":{"@id":"https:\/\/talia-fashion.pl\/#website"},"primaryImageOfPage":{"@id":"https:\/\/talia-fashion.pl\/produkt\/camelowy-plaszcz-klasyczny-z-paskiem-ola\/#primaryimage"},"image":{"@id":"https:\/\/talia-fashion.pl\/produkt\/camelowy-plaszcz-klasyczny-z-paskiem-ola\/#primaryimage"},"thumbnailUrl":"https:\/\/talia-fashion.pl\/wp-content\/uploads\/2024\/10\/camelowy-plaszcz-wiosenny.jpg","datePublished":"2019-03-14T10:21:53+00:00","dateModified":"2026-03-23T15:38:16+00:00","description":"Camelowy p\u0142aszcz klasyczny z paskiem to ponadczasowa pozycja w Twojej szafie. P\u0142aszcz z pi\u0119knym ko\u0142nierzem, wi\u0105zany w pasie. Uszyty w Polsce. Wysoka jako\u015b\u0107.","breadcrumb":{"@id":"https:\/\/talia-fashion.pl\/produkt\/camelowy-plaszcz-klasyczny-z-paskiem-ola\/#breadcrumb"},"inLanguage":"en-GB","potentialAction":[{"@type":"ReadAction","target":["https:\/\/talia-fashion.pl\/produkt\/camelowy-plaszcz-klasyczny-z-paskiem-ola\/"]}]},{"@type":"ImageObject","inLanguage":"en-GB","@id":"https:\/\/talia-fashion.pl\/produkt\/camelowy-plaszcz-klasyczny-z-paskiem-ola\/#primaryimage","url":"https:\/\/talia-fashion.pl\/wp-content\/uploads\/2024\/10\/camelowy-plaszcz-wiosenny.jpg","contentUrl":"https:\/\/talia-fashion.pl\/wp-content\/uploads\/2024\/10\/camelowy-plaszcz-wiosenny.jpg","width":1500,"height":2000,"caption":"Camelowy p\u0142aszcz zapinany na guziki z ko\u0142nierzem typu rewers."},{"@type":"BreadcrumbList","@id":"https:\/\/talia-fashion.pl\/produkt\/camelowy-plaszcz-klasyczny-z-paskiem-ola\/#breadcrumb","itemListElement":[{"@type":"ListItem","position":1,"name":"Strona g\u0142\u00f3wna","item":"https:\/\/talia-fashion.pl\/"},{"@type":"ListItem","position":2,"name":"Sklep","item":"https:\/\/talia-fashion.pl\/sklep\/"},{"@type":"ListItem","position":3,"name":"Camelowy p\u0142aszcz klasyczny z paskiem Ola"}]},{"@type":"WebSite","@id":"https:\/\/talia-fashion.pl\/#website","url":"https:\/\/talia-fashion.pl\/","name":"Talia Fashion","description":"","potentialAction":[{"@type":"SearchAction","target":{"@type":"EntryPoint","urlTemplate":"https:\/\/talia-fashion.pl\/?s={search_term_string}"},"query-input":{"@type":"PropertyValueSpecification","valueRequired":true,"valueName":"search_term_string"}}],"inLanguage":"en-GB"}]}},"_links":{"self":[{"href":"https:\/\/talia-fashion.pl\/en\/wp-json\/wp\/v2\/product\/3992","targetHints":{"allow":["GET"]}}],"collection":[{"href":"https:\/\/talia-fashion.pl\/en\/wp-json\/wp\/v2\/product"}],"about":[{"href":"https:\/\/talia-fashion.pl\/en\/wp-json\/wp\/v2\/types\/product"}],"wp:featuredmedia":[{"embeddable":true,"href":"https:\/\/talia-fashion.pl\/en\/wp-json\/wp\/v2\/media\/300"}],"wp:attachment":[{"href":"https:\/\/talia-fashion.pl\/en\/wp-json\/wp\/v2\/media?parent=3992"}],"wp:term":[{"taxonomy":"product_cat","embeddable":true,"href":"https:\/\/talia-fashion.pl\/en\/wp-json\/wp\/v2\/product_cat?post=3992"},{"taxonomy":"product_tag","embeddable":true,"href":"https:\/\/talia-fashion.pl\/en\/wp-json\/wp\/v2\/product_tag?post=3992"}],"curies":[{"name":"wp","href":"https:\/\/api.w.org\/{rel}","templated":true}]}}