{"id":3989,"date":"2019-03-06T15:32:56","date_gmt":"2019-03-06T14:32:56","guid":{"rendered":"http:\/\/talia-fashion.pl\/produkt\/dyplomatka-dwurzedowa-karmelowa-za-kolano-mia\/"},"modified":"2026-02-05T07:35:35","modified_gmt":"2026-02-05T06:35:35","slug":"dyplomatka-dwurzedowa-karmelowa-za-kolano-mia","status":"publish","type":"product","link":"https:\/\/talia-fashion.pl\/en\/product\/dyplomatka-dwurzedowa-karmelowa-za-kolano-mia\/","title":{"rendered":"Double-breasted caramel over-the-knee Mia dress"},"content":{"rendered":"<p><span lang=\"DE\">Dyplomatka dwurz\u0119dowa karmelowa za kolano Mia to \u015bwietna propozycja na nadchodz\u0105cy sezon jesienno-zimowy.\u00a0 P\u0142aszcz na podszewce, z ty\u0142u rozporek.\u00a0 Dodatkowo ocieplany. Ty\u0142 delikatnie taliowany. Prz\u00f3d prosty. Sko\u015bne kieszenie po bokach, dwie ozdobne patki na przodzie. Szylkretowe guziki. Wyk\u0142adany ko\u0142nierz typu rewers.\u00a0 \u015awietni wygl\u0105da podniesiony, a jednocze\u015bnie otula i chroni przed wiatrem. P\u0142aszcz jest dwurz\u0119dowy, z mo\u017cliwo\u015bci\u0105 przesuni\u0119cia guzik\u00f3w w celu powi\u0119kszenia go na biodrach, bez wp\u0142ywu na fason. Klasyczna linia, wygodna i funkcjonalna, w\u00a0 ponadczasowym karmelowym kolorze.<\/span><\/p>\n<p><span lang=\"DE\">Model ten spe\u0142ni oczekiwania ka\u017cdej kobiety, gdy\u017c \u015bwietnie komponuje si\u0119 zar\u00f3wno ze strojnym jak i sportowym outfitem.\u00a0 Dwurz\u0119dow\u0105 dyplomatk\u0119 w karmelowym kolorze bardzo \u0142atwo wystylizujesz u\u017cywaj\u0105c takich dodatk\u00f3w jak torebka czy szal. Wtedy w\u0142a\u015bnie twoja stylizacja nabierze charakteru dopasowuj\u0105c si\u0119 do okazji i nastroju.<\/span><br \/>\n<span lang=\"DE\">Dyplomatka tego typu prezentuje si\u0119 bardzo stylowo jako rozpi\u0119ta, dlatego cz\u0119sto noszona jest w\u0142a\u015bnie w taki spos\u00f3b. Nadaje to sylwetce lekko\u015bci i swobodnego charakteru, i bez w\u0105tpienia jest niezwykle wygodne.<\/span><\/p>\n<p>We invite you to take a look at our guidelines <a href=\"https:\/\/talia-fashion.pl\/en\/jak-dobrac-plaszcz-do-sylwetki\/\">How do you choose a coat to suit your figure?<\/a><\/p>\n<p><span lang=\"DE\">Zdj\u0119cie rzeczywiste &#8211; karmel<\/span><br \/>\n<span lang=\"DE\">P\u0142aszcz dost\u0119pny w nast\u0119puj\u0105cych kolorach:\u00a0 karmel (tylko XS)<\/span><br \/>\n<span lang=\"DE\">The colours of the fabrics are presented in the different coat cuts, in the other auctions and in the <a href=\"https:\/\/talia-fashion.pl\/en\/paleta-kolorow\/\">Colour palette<\/a>. If in doubt about the colour, please contact us.<\/span><\/p>\n<p><span lang=\"DE\">Dost\u0119pne rozmiary: XS,\u00a0 M, L<br \/>\n<\/span><\/p>\n<p><span lang=\"DE\">Indicative dimensions:<br \/>\nXS &#8211; biust: 84-86 \/ biodra: 92-94 \/ d\u0142ugo\u015b\u0107: 100 \/ szeroko\u015b\u0107 ramion 34,5-35 \/ r\u0119kaw: 61<\/span><br \/>\n<span lang=\"DE\">S &#8211; biust: 88-90 \/ biodra: 96-98 \/ d\u0142ugo\u015b\u0107: 100 \/ szeroko\u015b\u0107 ramion 35,5-36 \/ r\u0119kaw: 61<\/span><br \/>\n<span lang=\"DE\">M &#8211; biust: 92-94\u00a0\u00a0\/ biodra: 100-102 \/ d\u0142ugo\u015b\u0107: 100 \/ szeroko\u015b\u0107 ramion 37,5 \/ r\u0119kaw: 62<\/span><br \/>\n<span lang=\"DE\">L &#8211; biust: 96-98 \/ biodra: 104-106 \/ d\u0142ugo\u015b\u0107: 101 \/ szeroko\u015b\u0107 ramion 39,5-40 \/ r\u0119kaw: 63<\/span><br \/>\nXL &#8211; biust: 102-104 \/ biodra: 110 &#8211; 112 \/ d\u0142ugo\u015b\u0107: 102 \/ szeroko\u015b\u0107 ramion 42-42,5 \/ r\u0119kaw: 64<\/p>\n<p><span lang=\"DE\">Skorzystaj z informacji <a href=\"https:\/\/talia-fashion.pl\/en\/jak-wybrac-odpowiedni-rozmiar\/\">How do you choose the right size?<\/a> gdzie podpowiadamy jak si\u0119 mierzy\u0107. <\/span><br \/>\n<span lang=\"DE\">If you are unsure about the size, please contact us.<\/span><\/p>\n<p><span lang=\"DE\">Material: 80% wool, 20% polyamide<\/span><br \/>\nLining: 100% acetate<\/p>\n<p>Like viscose, acetate is produced from cellulose. Acetate yarn can also be made from recycled cellulose such as paper. The acetate lining is excellent at absorbing moisture and allowing air to pass through. It is coated with an antistatic apprettee and is OEKOtex\u00ae Standard 100 certified.<\/p>\n<p>Insulation: 100% non-woven recycled polyester<br \/>\nOur coats are insulated with a compressed thermo-insulating quilted fleece on the lining. The fleece is made from recycled polyester fibres. The material is lightweight, thin and at the same time perfectly insulating. The insulating fleece we use is resistant to moisture (it retains its insulating properties and warming effect even in damp conditions), stops the wind, is hypoallergenic and breathable. It is OEKOtex\u00ae Standard 100 certified.<\/p>\n<p><span lang=\"DE\">Dyplomatka dwurz\u0119dowa karmelowa za kolano zosta\u0142a zaprojektowana i uszyta w naszej pracowni, w kt\u00f3rej od 1988 roku dzia\u0142amy przejrzy\u015bcie i zgodnie z zasadami zr\u00f3wnowa\u017conego rozwoju, z zachowaniem tradycyjnych i pracoch\u0142onnych metod.\u00a0<\/span><\/p>\n<p><strong>Individual order -\u00a0<\/strong>istnieje mo\u017cliwo\u015b\u0107 wykonania pewnych modyfikacji na \u017cyczenie Klienta: skr\u00f3cenie, wyd\u0142u\u017cenie r\u0119kawa, skr\u00f3cenie i wyd\u0142u\u017cenie p\u0142aszcza. Koszt ustalany jest indywidualnie, po uprzednim kontakcie.<\/p>\n<p><strong>An individual order is not subject to exchange or refund.<\/strong><\/p>\n<p>The coat should be dry-cleaned. For frequent refreshing of the wool we recommend the following\u00a0<a href=\"https:\/\/talia-fashion.pl\/en\/product\/szczotka-do-czyszczenia-i-pielegnacji-plaszcza\/\">Brush for cleaning and care of the coat,<\/a> kt\u00f3r\u0105 mo\u017cna kupi\u0107 w naszym sklepie. Dbanie o odzie\u017c pozwala nie tylko d\u0142u\u017cej si\u0119 ni\u0105 cieszy\u0107 ale te\u017c przyczynia si\u0119 do ochrony \u015brodowiska naturalnego. Skorzystaj z naszych porad i zobacz <a href=\"https:\/\/talia-fashion.pl\/en\/jak-pielegnowac-i-dbac-o-plaszcz\/\">How to care for and maintain coats?<\/a><\/p>\n<p><span lang=\"DE\">The lead time depends on the company's current stock and the availability of the fabric colour in question. If a particular coat is available in the atelier, the order will be processed very quickly 2-5 working days. If it is necessary to sew the coat or to individualise the order - making alterations or sewing a new coat - the lead time may be extended, up to a maximum of 2 weeks.<\/span><\/p>\n<p>Prosimy o cierpliwo\u015b\u0107 poniewa\u017c w wi\u0119kszo\u015bci nie szyjemy p\u0142aszczy na zapas, czasami trzeba chwilk\u0119 poczeka\u0107:) Dok\u0142adamy wszelkich stara\u0144 aby czas realizacji by\u0142 jak najkr\u00f3tszy.<br \/>\nDzi\u0119kujemy, \u017ce wspierasz rodzime rzemios\u0142o,<\/p>\n<p>We invite you to like our profile on <a href=\"https:\/\/www.facebook.com\/talia.plaszcze\">Facebook<\/a>\u00a0i\u00a0<a href=\"https:\/\/www.instagram.com\/talia_plaszcze\/\">Instagram<\/a><\/p>","protected":false},"excerpt":{"rendered":"<p>Dyplomatka dwurz\u0119dowa karmelowa za kolano Mia to \u015bwietna propozycja na nadchodz\u0105cy sezon jesienno-zimowy.\u00a0 P\u0142aszcz na podszewce, z ty\u0142u rozporek.\u00a0 Dodatkowo ocieplany. Ty\u0142&hellip;<\/p>","protected":false},"featured_media":288,"template":"","meta":{"_acf_changed":false},"product_cat":[104,29],"product_tag":[56,33,37,34,39,41,67,105,43,46,47,106,50,95,86,69,107,52,53,63],"class_list":{"0":"post-3989","1":"product","2":"type-product","3":"status-publish","4":"has-post-thumbnail","6":"product_cat-ostatnie-sztuki","7":"product_cat-sale-plaszcz-damski-w-promocji","8":"product_tag-bestseller","9":"product_tag-dwurzedowy","10":"product_tag-dyplomatka","11":"product_tag-handmade","12":"product_tag-klasyczny","13":"product_tag-na-podszewce","14":"product_tag-ocieplany","15":"product_tag-ostatnie-sztuki","16":"product_tag-plaszcz-damski","17":"product_tag-plaszcz-dwurzedowy","18":"product_tag-plaszcz-na-guziki","19":"product_tag-plaszcz-w-promocji","20":"product_tag-plaszcz-z-rewersem","21":"product_tag-plaszcz-zimowy","22":"product_tag-plaszcz-zimowy-ocieplany","23":"product_tag-prochowiec","24":"product_tag-promocje","25":"product_tag-szylkretowe-guziki","26":"product_tag-welna","27":"product_tag-welniany","29":"first","30":"instock","31":"sale","32":"shipping-taxable","33":"purchasable","34":"product-type-variable","35":"has-default-attributes"},"acf":[],"yoast_head":"<!-- This site is optimized with the Yoast SEO plugin v25.7 - https:\/\/yoast.com\/wordpress\/plugins\/seo\/ -->\n<title>Dyplomatka dwurz\u0119dowa karmelowa za kolano Mia - Talia Fashion - p\u0142aszcze<\/title>\n<meta name=\"description\" content=\"Dyplomatka dwurz\u0119dowa karmelowa za kolano w klasycznym karmelowym kolorze. Must have w ka\u017cdej garderobie kapsu\u0142owej. Wygodna, stylowa i ponadczasowa.\" \/>\n<meta name=\"robots\" content=\"index, follow, max-snippet:-1, max-image-preview:large, max-video-preview:-1\" \/>\n<link rel=\"canonical\" href=\"https:\/\/talia-fashion.pl\/en\/product\/dyplomatka-dwurzedowa-karmelowa-za-kolano-mia\/\" \/>\n<meta property=\"og:locale\" content=\"en_GB\" \/>\n<meta property=\"og:type\" content=\"article\" \/>\n<meta property=\"og:title\" content=\"Dyplomatka dwurz\u0119dowa karmelowa za kolano Mia - Talia Fashion - p\u0142aszcze\" \/>\n<meta property=\"og:description\" content=\"Dyplomatka dwurz\u0119dowa karmelowa za kolano w klasycznym karmelowym kolorze. Must have w ka\u017cdej garderobie kapsu\u0142owej. Wygodna, stylowa i ponadczasowa.\" \/>\n<meta property=\"og:url\" content=\"https:\/\/talia-fashion.pl\/en\/product\/dyplomatka-dwurzedowa-karmelowa-za-kolano-mia\/\" \/>\n<meta property=\"og:site_name\" content=\"Talia Fashion\" \/>\n<meta property=\"article:modified_time\" content=\"2026-02-05T06:35:35+00:00\" \/>\n<meta property=\"og:image\" content=\"https:\/\/talia-fashion.pl\/wp-content\/uploads\/2024\/10\/dwurzedowa-dyplomatka-karmelowa-za-kolano.jpg\" \/>\n\t<meta property=\"og:image:width\" content=\"1500\" \/>\n\t<meta property=\"og:image:height\" content=\"2000\" \/>\n\t<meta property=\"og:image:type\" content=\"image\/jpeg\" \/>\n<meta name=\"twitter:card\" content=\"summary_large_image\" \/>\n<meta name=\"twitter:label1\" content=\"Estimated reading time\" \/>\n\t<meta name=\"twitter:data1\" content=\"3 minutes\" \/>\n<script type=\"application\/ld+json\" class=\"yoast-schema-graph\">{\"@context\":\"https:\/\/schema.org\",\"@graph\":[{\"@type\":\"WebPage\",\"@id\":\"https:\/\/talia-fashion.pl\/produkt\/dyplomatka-dwurzedowa-karmelowa-za-kolano-mia\/\",\"url\":\"https:\/\/talia-fashion.pl\/produkt\/dyplomatka-dwurzedowa-karmelowa-za-kolano-mia\/\",\"name\":\"Dyplomatka dwurz\u0119dowa karmelowa za kolano Mia - Talia Fashion - p\u0142aszcze\",\"isPartOf\":{\"@id\":\"https:\/\/talia-fashion.pl\/#website\"},\"primaryImageOfPage\":{\"@id\":\"https:\/\/talia-fashion.pl\/produkt\/dyplomatka-dwurzedowa-karmelowa-za-kolano-mia\/#primaryimage\"},\"image\":{\"@id\":\"https:\/\/talia-fashion.pl\/produkt\/dyplomatka-dwurzedowa-karmelowa-za-kolano-mia\/#primaryimage\"},\"thumbnailUrl\":\"https:\/\/talia-fashion.pl\/wp-content\/uploads\/2024\/10\/dwurzedowa-dyplomatka-karmelowa-za-kolano.jpg\",\"datePublished\":\"2019-03-06T14:32:56+00:00\",\"dateModified\":\"2026-02-05T06:35:35+00:00\",\"description\":\"Dyplomatka dwurz\u0119dowa karmelowa za kolano w klasycznym karmelowym kolorze. Must have w ka\u017cdej garderobie kapsu\u0142owej. Wygodna, stylowa i ponadczasowa.\",\"breadcrumb\":{\"@id\":\"https:\/\/talia-fashion.pl\/produkt\/dyplomatka-dwurzedowa-karmelowa-za-kolano-mia\/#breadcrumb\"},\"inLanguage\":\"en-GB\",\"potentialAction\":[{\"@type\":\"ReadAction\",\"target\":[\"https:\/\/talia-fashion.pl\/produkt\/dyplomatka-dwurzedowa-karmelowa-za-kolano-mia\/\"]}]},{\"@type\":\"ImageObject\",\"inLanguage\":\"en-GB\",\"@id\":\"https:\/\/talia-fashion.pl\/produkt\/dyplomatka-dwurzedowa-karmelowa-za-kolano-mia\/#primaryimage\",\"url\":\"https:\/\/talia-fashion.pl\/wp-content\/uploads\/2024\/10\/dwurzedowa-dyplomatka-karmelowa-za-kolano.jpg\",\"contentUrl\":\"https:\/\/talia-fashion.pl\/wp-content\/uploads\/2024\/10\/dwurzedowa-dyplomatka-karmelowa-za-kolano.jpg\",\"width\":1500,\"height\":2000,\"caption\":\"Dwurz\u0119dowa dyplomatka karmelowa za kolano z we\u0142ny. Ponadczasowa klasyka, idealna pozycja w ka\u017cdej szafie kaspu\u0142owej.\"},{\"@type\":\"BreadcrumbList\",\"@id\":\"https:\/\/talia-fashion.pl\/produkt\/dyplomatka-dwurzedowa-karmelowa-za-kolano-mia\/#breadcrumb\",\"itemListElement\":[{\"@type\":\"ListItem\",\"position\":1,\"name\":\"Strona g\u0142\u00f3wna\",\"item\":\"https:\/\/talia-fashion.pl\/\"},{\"@type\":\"ListItem\",\"position\":2,\"name\":\"Sklep\",\"item\":\"https:\/\/talia-fashion.pl\/sklep\/\"},{\"@type\":\"ListItem\",\"position\":3,\"name\":\"Dyplomatka dwurz\u0119dowa karmelowa za kolano Mia\"}]},{\"@type\":\"WebSite\",\"@id\":\"https:\/\/talia-fashion.pl\/#website\",\"url\":\"https:\/\/talia-fashion.pl\/\",\"name\":\"Talia Fashion\",\"description\":\"\",\"potentialAction\":[{\"@type\":\"SearchAction\",\"target\":{\"@type\":\"EntryPoint\",\"urlTemplate\":\"https:\/\/talia-fashion.pl\/?s={search_term_string}\"},\"query-input\":{\"@type\":\"PropertyValueSpecification\",\"valueRequired\":true,\"valueName\":\"search_term_string\"}}],\"inLanguage\":\"en-GB\"}]}<\/script>\n<!-- \/ Yoast SEO plugin. -->","yoast_head_json":{"title":"Dyplomatka dwurz\u0119dowa karmelowa za kolano Mia - Talia Fashion - p\u0142aszcze","description":"Dyplomatka dwurz\u0119dowa karmelowa za kolano w klasycznym karmelowym kolorze. Must have w ka\u017cdej garderobie kapsu\u0142owej. Wygodna, stylowa i ponadczasowa.","robots":{"index":"index","follow":"follow","max-snippet":"max-snippet:-1","max-image-preview":"max-image-preview:large","max-video-preview":"max-video-preview:-1"},"canonical":"https:\/\/talia-fashion.pl\/en\/product\/dyplomatka-dwurzedowa-karmelowa-za-kolano-mia\/","og_locale":"en_GB","og_type":"article","og_title":"Dyplomatka dwurz\u0119dowa karmelowa za kolano Mia - Talia Fashion - p\u0142aszcze","og_description":"Dyplomatka dwurz\u0119dowa karmelowa za kolano w klasycznym karmelowym kolorze. Must have w ka\u017cdej garderobie kapsu\u0142owej. Wygodna, stylowa i ponadczasowa.","og_url":"https:\/\/talia-fashion.pl\/en\/product\/dyplomatka-dwurzedowa-karmelowa-za-kolano-mia\/","og_site_name":"Talia Fashion","article_modified_time":"2026-02-05T06:35:35+00:00","og_image":[{"width":1500,"height":2000,"url":"https:\/\/talia-fashion.pl\/wp-content\/uploads\/2024\/10\/dwurzedowa-dyplomatka-karmelowa-za-kolano.jpg","type":"image\/jpeg"}],"twitter_card":"summary_large_image","twitter_misc":{"Estimated reading time":"3 minutes"},"schema":{"@context":"https:\/\/schema.org","@graph":[{"@type":"WebPage","@id":"https:\/\/talia-fashion.pl\/produkt\/dyplomatka-dwurzedowa-karmelowa-za-kolano-mia\/","url":"https:\/\/talia-fashion.pl\/produkt\/dyplomatka-dwurzedowa-karmelowa-za-kolano-mia\/","name":"Dyplomatka dwurz\u0119dowa karmelowa za kolano Mia - Talia Fashion - p\u0142aszcze","isPartOf":{"@id":"https:\/\/talia-fashion.pl\/#website"},"primaryImageOfPage":{"@id":"https:\/\/talia-fashion.pl\/produkt\/dyplomatka-dwurzedowa-karmelowa-za-kolano-mia\/#primaryimage"},"image":{"@id":"https:\/\/talia-fashion.pl\/produkt\/dyplomatka-dwurzedowa-karmelowa-za-kolano-mia\/#primaryimage"},"thumbnailUrl":"https:\/\/talia-fashion.pl\/wp-content\/uploads\/2024\/10\/dwurzedowa-dyplomatka-karmelowa-za-kolano.jpg","datePublished":"2019-03-06T14:32:56+00:00","dateModified":"2026-02-05T06:35:35+00:00","description":"Dyplomatka dwurz\u0119dowa karmelowa za kolano w klasycznym karmelowym kolorze. Must have w ka\u017cdej garderobie kapsu\u0142owej. Wygodna, stylowa i ponadczasowa.","breadcrumb":{"@id":"https:\/\/talia-fashion.pl\/produkt\/dyplomatka-dwurzedowa-karmelowa-za-kolano-mia\/#breadcrumb"},"inLanguage":"en-GB","potentialAction":[{"@type":"ReadAction","target":["https:\/\/talia-fashion.pl\/produkt\/dyplomatka-dwurzedowa-karmelowa-za-kolano-mia\/"]}]},{"@type":"ImageObject","inLanguage":"en-GB","@id":"https:\/\/talia-fashion.pl\/produkt\/dyplomatka-dwurzedowa-karmelowa-za-kolano-mia\/#primaryimage","url":"https:\/\/talia-fashion.pl\/wp-content\/uploads\/2024\/10\/dwurzedowa-dyplomatka-karmelowa-za-kolano.jpg","contentUrl":"https:\/\/talia-fashion.pl\/wp-content\/uploads\/2024\/10\/dwurzedowa-dyplomatka-karmelowa-za-kolano.jpg","width":1500,"height":2000,"caption":"Dwurz\u0119dowa dyplomatka karmelowa za kolano z we\u0142ny. Ponadczasowa klasyka, idealna pozycja w ka\u017cdej szafie kaspu\u0142owej."},{"@type":"BreadcrumbList","@id":"https:\/\/talia-fashion.pl\/produkt\/dyplomatka-dwurzedowa-karmelowa-za-kolano-mia\/#breadcrumb","itemListElement":[{"@type":"ListItem","position":1,"name":"Strona g\u0142\u00f3wna","item":"https:\/\/talia-fashion.pl\/"},{"@type":"ListItem","position":2,"name":"Sklep","item":"https:\/\/talia-fashion.pl\/sklep\/"},{"@type":"ListItem","position":3,"name":"Dyplomatka dwurz\u0119dowa karmelowa za kolano Mia"}]},{"@type":"WebSite","@id":"https:\/\/talia-fashion.pl\/#website","url":"https:\/\/talia-fashion.pl\/","name":"Talia Fashion","description":"","potentialAction":[{"@type":"SearchAction","target":{"@type":"EntryPoint","urlTemplate":"https:\/\/talia-fashion.pl\/?s={search_term_string}"},"query-input":{"@type":"PropertyValueSpecification","valueRequired":true,"valueName":"search_term_string"}}],"inLanguage":"en-GB"}]}},"_links":{"self":[{"href":"https:\/\/talia-fashion.pl\/en\/wp-json\/wp\/v2\/product\/3989","targetHints":{"allow":["GET"]}}],"collection":[{"href":"https:\/\/talia-fashion.pl\/en\/wp-json\/wp\/v2\/product"}],"about":[{"href":"https:\/\/talia-fashion.pl\/en\/wp-json\/wp\/v2\/types\/product"}],"wp:featuredmedia":[{"embeddable":true,"href":"https:\/\/talia-fashion.pl\/en\/wp-json\/wp\/v2\/media\/288"}],"wp:attachment":[{"href":"https:\/\/talia-fashion.pl\/en\/wp-json\/wp\/v2\/media?parent=3989"}],"wp:term":[{"taxonomy":"product_cat","embeddable":true,"href":"https:\/\/talia-fashion.pl\/en\/wp-json\/wp\/v2\/product_cat?post=3989"},{"taxonomy":"product_tag","embeddable":true,"href":"https:\/\/talia-fashion.pl\/en\/wp-json\/wp\/v2\/product_tag?post=3989"}],"curies":[{"name":"wp","href":"https:\/\/api.w.org\/{rel}","templated":true}]}}