{"id":3986,"date":"2018-09-16T17:47:41","date_gmt":"2018-09-16T15:47:41","guid":{"rendered":"http:\/\/talia-fashion.pl\/produkt\/oliwkowy-plaszcz-o-luznym-kroju-kenya\/"},"modified":"2026-02-17T12:20:52","modified_gmt":"2026-02-17T11:20:52","slug":"oliwkowy-plaszcz-o-luznym-kroju-kenya","status":"publish","type":"product","link":"https:\/\/talia-fashion.pl\/en\/product\/oliwkowy-plaszcz-o-luznym-kroju-kenya\/","title":{"rendered":"Kenya loose-fit olive coat"},"content":{"rendered":"<p>Oliwkowy p\u0142aszcz o lu\u017anym kroju Kenya w nietuzinkowym kolorze. Oliwkowy to odcie\u0144 zieleni, kt\u00f3ry \u0142\u0105czy w sobie tony zielone i be\u017cowe oraz nieco szaro\u015bci. Doskonale \u0142\u0105czy si\u0119 z kolorami ziemi, co sprawia, i\u017c jest \u015bwietn\u0105 alternatyw\u0105 klasycznego kamelowego p\u0142aszcza, gdy\u017c r\u00f3wnie \u0142atwo stanie si\u0119 baz\u0105 dla wielu stylizacji. Model dwurz\u0119dowy, zapinany na guziki. Oversizowy styl. Nisko wszyty r\u0119kaw, dwie przednie kieszenie wyko\u0144czone ozdobnymi listewkami. Poszerzany ko\u0142nierz z wyci\u0119ciem, pi\u0119knie modeluj\u0105cy dekolt w wysmuklaj\u0105cy szpic. P\u0142aszcz wyko\u0144czony w ca\u0142o\u015bci na podszewce i dodatkowo ocieplany. Ze wzgl\u0119du na obni\u017con\u0105 lini\u0119 ramion p\u0142aszczyk wypada nieco obszerniej zw\u0142aszcza w g\u00f3rnej jego cz\u0119\u015bci. Je\u015bli wolisz bardziej dopasowany p\u0142aszczyk &#8211; polecamy wyb\u00f3r mniejszego rozmiaru. W komplecie pasek, uszyty z tej samej tkaniny. Pasek \u015bwietnie zbuduje tali\u0119 i prze\u0142amie oversizow\u0105 form\u0119. Jednak r\u00f3wnie dobrze prezentuje si\u0119 bez paska lub z przewi\u0105zanym na tyle. Dzi\u0119ki du\u017cej zawarto\u015bci we\u0142ny p\u0142aszcz zapewnia komfort termiczny w ch\u0142odniejsze dni a podniesiony ko\u0142nierz ochroni przed wiatrem.<\/p>\n<p>Oliwkowy p\u0142aszcz o lu\u017anym kroju Kenya sprawi, \u017ce b\u0119dziesz w nim czu\u0142a si\u0119 komfortowo i stylowo. Zestawiony z sukienk\u0105 i butami na obcasie b\u0119dzie wygl\u0105da\u0142 ol\u015bniewaj\u0105co, ale mo\u017cesz te\u017c za\u0142o\u017cy\u0107 wygodne cygaretki, s\u0142ynne buty Mary Jane w wersji na platformie i super wygodnie buszowa\u0107 po mie\u015bcie. Dzi\u0119ki oversizowej swobodzie kroju pod p\u0142aszcz zmieszcz\u0105 si\u0119 te\u017c we\u0142niane swetry, dodasz do nich d\u017cinsowe spodnie, trampki, szal i mo\u017cna i\u015b\u0107 na spacer.<\/p>\n<p>Zdj\u0119cie rzeczywiste &#8211; oliwkowy(po\u0142\u0105czenie be\u017cu i szaro\u015bci z nut\u0105 zieleni)<\/p>\n<p>P\u0142aszcz dost\u0119pny w: oliwkowy (S), czarny (tylko XS, S), jasny be\u017c (XS, S, M)<\/p>\n<p>You can check the available colours in our <a href=\"https:\/\/talia-fashion.pl\/en\/paleta-kolorow\/\">Colour palette.<\/a> Additionally, if you would like to see how a particular fabric looks in a coat, check out the other items in our shop. All available fabric colours are shown in the pictures of the coats in the different models. If in doubt, please do not hesitate to contact us.<\/p>\n<p>The model is 172 cm with a size XS<\/p>\n<p>Available sizes: XS, S, M, L<\/p>\n<p>Indicative dimensions:<\/p>\n<p>XS - bust: 86-88 \/ hips: 94-96 \/ length: 106 \/ sleeve: 61<br \/>\nS - bust: 90-92 \/ hips: 98-100 \/ length: 106 \/ sleeve: 62<br \/>\nM - bust: 94-96 \/ hips: 102-104 \/ length: 106 \/ sleeve: 62<br \/>\nL - bust: 98-100 \/ hips: 106-108 \/ length: 107 \/ sleeve: 63<\/p>\n<p>If you are unsure about the size, please contact us.<\/p>\n<p><span lang=\"DE\">Materia\u0142: 60% we\u0142na, 22% poliester<\/span><span lang=\"DE\">, 10% wiskoza, 8% alpaka<br \/>\n<\/span><\/p>\n<p>Lining: 100% acetate<br \/>\nLike viscose, acetate is produced from cellulose. Acetate yarn can also be made from recycled cellulose such as paper. The acetate lining is excellent at absorbing moisture and permeable to air. It is coated with an antistatic apprettee and is OEKOtex\u00ae Standard 100 certified.<br \/>\nInsulation: 100% non-woven recycled polyester<br \/>\nOur coats are insulated with a compressed thermo-insulating quilted fleece on the lining. The fleece is made from recycled polyester fibres. The material is lightweight, thin and at the same time perfectly insulating. The insulating fleece we use is resistant to moisture (it retains its insulating properties and warming effect even in damp conditions), stops the wind, is hypoallergenic and breathable. It is OEKOtex\u00ae Standard 100 certified.<\/p>\n<p>Oliwkowy p\u0142aszcz o lu\u017anym kroju Kenya powsta\u0142 w naszej rodzinnej pracowni w Poznaniu. Od ponad 35 lat p\u0142aszcze s\u0105 nasz\u0105 pasj\u0105, dlatego wk\u0142adamy ca\u0142e serce w ka\u017cdy szyty produkt. Uprawiamy tradycyjne rzemios\u0142o i tworzymy p\u0142aszcze r\u0119cznie, z dba\u0142o\u015bci\u0105 o ka\u017cdy szczeg\u00f3\u0142. Podchodzimy indywidualnie do ka\u017cdego produktu, zaczynaj\u0105c od r\u0119cznie uk\u0142adanego wykroju, by powsta\u0142 jak najmniejszy odpad, a ko\u0144cz\u0105c na ostatecznym dopieszczeniu produktu poprzez r\u0119czne przyszywanie guzik\u00f3w czy aplikacji.<\/p>\n<p>The coat should be dry-cleaned, but to keep it looking great for longer we recommend the following <a href=\"https:\/\/talia-fashion.pl\/en\/product\/szczotka-do-czyszczenia-i-pielegnacji-plaszcza\/\">Brush for cleaning and care of the coat<\/a>, which is ideal for frequent refreshing of wool. We also encourage you to take a look at our simple tips <a href=\"https:\/\/talia-fashion.pl\/en\/jak-pielegnowac-i-dbac-o-plaszcz\/\">How to care for and maintain coats?<\/a> With simple measures, you can extend the life of your coat and thus contribute to protecting the environment.<\/p>\n<p><strong>Individual order <\/strong>- if you need us to make some modifications to the coat for you, such as: shortening, lengthening the sleeve, shortening and lengthening the coat. Contact us, the cost of making the modifications is priced individually depending on the scope of work.<br \/>\n<strong>An individual order is not subject to exchange or refund.<\/strong><\/p>\n<p>The lead time depends on the company's current stock and the availability of the given fabric colour. If the given coat is available in the company, the order will be realised very quickly - 2-5 working days. If the coat still needs to be sewn or if the order needs to be individualised, i.e. the coat needs to be altered or a new coat needs to be sewn, the lead time may be extended to a maximum of 2 weeks.<\/p>\n<p>We sew our coats by hand, using traditional methods, and so please be patient while we wait for your order to be processed - we need to sew that coat for you ? Thank you for being with us and supporting local craftsmanship.<\/p>\n<p>We encourage you to like our fanpage on\u00a0<a href=\"https:\/\/www.facebook.com\/talia.plaszcze\">Facebook<\/a>\u00a0i\u00a0<a href=\"https:\/\/www.instagram.com\/talia_plaszcze\/\">Instagram<\/a><\/p>","protected":false},"excerpt":{"rendered":"<p>Oliwkowy p\u0142aszcz o lu\u017anym kroju Kenya w nietuzinkowym kolorze. Oliwkowy to odcie\u0144 zieleni, kt\u00f3ry \u0142\u0105czy w sobie tony zielone i be\u017cowe oraz&hellip;<\/p>","protected":false},"featured_media":282,"template":"","meta":{"_acf_changed":false},"product_cat":[104],"product_tag":[78,33,34,40,80,41,42,101,43,44,45,46,68,83,96,47,84,102,50,95,86,51,53,63],"class_list":{"0":"post-3986","1":"product","2":"type-product","3":"status-publish","4":"has-post-thumbnail","6":"product_cat-ostatnie-sztuki","7":"product_tag-dla-roznych-sylwetek","8":"product_tag-dwurzedowy","9":"product_tag-handmade","10":"product_tag-kolnierz","11":"product_tag-luzny-kroj","12":"product_tag-na-podszewce","13":"product_tag-nowosc","14":"product_tag-oliwkowy-plaszcz","15":"product_tag-plaszcz-damski","16":"product_tag-plaszcz-damski-dlugi","17":"product_tag-plaszcz-dlugi","18":"product_tag-plaszcz-dwurzedowy","19":"product_tag-plaszcz-jesienny","20":"product_tag-plaszcz-luzny","21":"product_tag-plaszcz-na-chlodne-dni","22":"product_tag-plaszcz-na-guziki","23":"product_tag-plaszcz-oversizowy","24":"product_tag-plaszcz-z-alpaki","25":"product_tag-plaszcz-z-rewersem","26":"product_tag-plaszcz-zimowy","27":"product_tag-plaszcz-zimowy-ocieplany","28":"product_tag-prosty","29":"product_tag-welna","30":"product_tag-welniany","32":"first","33":"instock","34":"shipping-taxable","35":"purchasable","36":"product-type-variable","37":"has-default-attributes"},"acf":[],"yoast_head":"<!-- This site is optimized with the Yoast SEO plugin v25.7 - https:\/\/yoast.com\/wordpress\/plugins\/seo\/ -->\n<title>Oliwkowy p\u0142aszcz o lu\u017anym kroju Kenya - Talia Fashion - p\u0142aszcze damskie<\/title>\n<meta name=\"description\" content=\"Oliwkowy p\u0142aszcz o lu\u017anym kroju z alpak\u0105 - p\u0142aszcz z doskonale wywa\u017conymi proporcjami to komfort i wygoda u\u017cytkowania. Szyty r\u0119cznie w naszej pracowni.\" \/>\n<meta name=\"robots\" content=\"index, follow, max-snippet:-1, max-image-preview:large, max-video-preview:-1\" \/>\n<link rel=\"canonical\" href=\"https:\/\/talia-fashion.pl\/en\/product\/oliwkowy-plaszcz-o-luznym-kroju-kenya\/\" \/>\n<meta property=\"og:locale\" content=\"en_GB\" \/>\n<meta property=\"og:type\" content=\"article\" \/>\n<meta property=\"og:title\" content=\"Oliwkowy p\u0142aszcz o lu\u017anym kroju Kenya - Talia Fashion - p\u0142aszcze damskie\" \/>\n<meta property=\"og:description\" content=\"Oliwkowy p\u0142aszcz o lu\u017anym kroju z alpak\u0105 - p\u0142aszcz z doskonale wywa\u017conymi proporcjami to komfort i wygoda u\u017cytkowania. Szyty r\u0119cznie w naszej pracowni.\" \/>\n<meta property=\"og:url\" content=\"https:\/\/talia-fashion.pl\/en\/product\/oliwkowy-plaszcz-o-luznym-kroju-kenya\/\" \/>\n<meta property=\"og:site_name\" content=\"Talia Fashion\" \/>\n<meta property=\"article:modified_time\" content=\"2026-02-17T11:20:52+00:00\" \/>\n<meta property=\"og:image\" content=\"https:\/\/talia-fashion.pl\/wp-content\/uploads\/2024\/10\/oliwkowy-plaszcz-o-luznym-kroju-styl-oversize-miekki-material-zimowy.jpg\" \/>\n\t<meta property=\"og:image:width\" content=\"1500\" \/>\n\t<meta property=\"og:image:height\" content=\"2000\" \/>\n\t<meta property=\"og:image:type\" content=\"image\/jpeg\" \/>\n<meta name=\"twitter:card\" content=\"summary_large_image\" \/>\n<meta name=\"twitter:label1\" content=\"Estimated reading time\" \/>\n\t<meta name=\"twitter:data1\" content=\"4 minutes\" \/>\n<script type=\"application\/ld+json\" class=\"yoast-schema-graph\">{\"@context\":\"https:\/\/schema.org\",\"@graph\":[{\"@type\":\"WebPage\",\"@id\":\"https:\/\/talia-fashion.pl\/produkt\/oliwkowy-plaszcz-o-luznym-kroju-kenya\/\",\"url\":\"https:\/\/talia-fashion.pl\/produkt\/oliwkowy-plaszcz-o-luznym-kroju-kenya\/\",\"name\":\"Oliwkowy p\u0142aszcz o lu\u017anym kroju Kenya - Talia Fashion - p\u0142aszcze damskie\",\"isPartOf\":{\"@id\":\"https:\/\/talia-fashion.pl\/#website\"},\"primaryImageOfPage\":{\"@id\":\"https:\/\/talia-fashion.pl\/produkt\/oliwkowy-plaszcz-o-luznym-kroju-kenya\/#primaryimage\"},\"image\":{\"@id\":\"https:\/\/talia-fashion.pl\/produkt\/oliwkowy-plaszcz-o-luznym-kroju-kenya\/#primaryimage\"},\"thumbnailUrl\":\"https:\/\/talia-fashion.pl\/wp-content\/uploads\/2024\/10\/oliwkowy-plaszcz-o-luznym-kroju-styl-oversize-miekki-material-zimowy.jpg\",\"datePublished\":\"2018-09-16T15:47:41+00:00\",\"dateModified\":\"2026-02-17T11:20:52+00:00\",\"description\":\"Oliwkowy p\u0142aszcz o lu\u017anym kroju z alpak\u0105 - p\u0142aszcz z doskonale wywa\u017conymi proporcjami to komfort i wygoda u\u017cytkowania. Szyty r\u0119cznie w naszej pracowni.\",\"breadcrumb\":{\"@id\":\"https:\/\/talia-fashion.pl\/produkt\/oliwkowy-plaszcz-o-luznym-kroju-kenya\/#breadcrumb\"},\"inLanguage\":\"en-GB\",\"potentialAction\":[{\"@type\":\"ReadAction\",\"target\":[\"https:\/\/talia-fashion.pl\/produkt\/oliwkowy-plaszcz-o-luznym-kroju-kenya\/\"]}]},{\"@type\":\"ImageObject\",\"inLanguage\":\"en-GB\",\"@id\":\"https:\/\/talia-fashion.pl\/produkt\/oliwkowy-plaszcz-o-luznym-kroju-kenya\/#primaryimage\",\"url\":\"https:\/\/talia-fashion.pl\/wp-content\/uploads\/2024\/10\/oliwkowy-plaszcz-o-luznym-kroju-styl-oversize-miekki-material-zimowy.jpg\",\"contentUrl\":\"https:\/\/talia-fashion.pl\/wp-content\/uploads\/2024\/10\/oliwkowy-plaszcz-o-luznym-kroju-styl-oversize-miekki-material-zimowy.jpg\",\"width\":1500,\"height\":2000,\"caption\":\"Oliwkowy p\u0142aszcz o lu\u017anym kroju, dwurz\u0119dowy, wi\u0105zany, uszyty z mi\u0119kkiego materia\u0142u z alpak\u0105. Ciep\u0142y i zimowy.\"},{\"@type\":\"BreadcrumbList\",\"@id\":\"https:\/\/talia-fashion.pl\/produkt\/oliwkowy-plaszcz-o-luznym-kroju-kenya\/#breadcrumb\",\"itemListElement\":[{\"@type\":\"ListItem\",\"position\":1,\"name\":\"Strona g\u0142\u00f3wna\",\"item\":\"https:\/\/talia-fashion.pl\/\"},{\"@type\":\"ListItem\",\"position\":2,\"name\":\"Sklep\",\"item\":\"https:\/\/talia-fashion.pl\/sklep\/\"},{\"@type\":\"ListItem\",\"position\":3,\"name\":\"Oliwkowy p\u0142aszcz o lu\u017anym kroju Kenya\"}]},{\"@type\":\"WebSite\",\"@id\":\"https:\/\/talia-fashion.pl\/#website\",\"url\":\"https:\/\/talia-fashion.pl\/\",\"name\":\"Talia Fashion\",\"description\":\"\",\"potentialAction\":[{\"@type\":\"SearchAction\",\"target\":{\"@type\":\"EntryPoint\",\"urlTemplate\":\"https:\/\/talia-fashion.pl\/?s={search_term_string}\"},\"query-input\":{\"@type\":\"PropertyValueSpecification\",\"valueRequired\":true,\"valueName\":\"search_term_string\"}}],\"inLanguage\":\"en-GB\"}]}<\/script>\n<!-- \/ Yoast SEO plugin. -->","yoast_head_json":{"title":"Oliwkowy p\u0142aszcz o lu\u017anym kroju Kenya - Talia Fashion - p\u0142aszcze damskie","description":"Oliwkowy p\u0142aszcz o lu\u017anym kroju z alpak\u0105 - p\u0142aszcz z doskonale wywa\u017conymi proporcjami to komfort i wygoda u\u017cytkowania. Szyty r\u0119cznie w naszej pracowni.","robots":{"index":"index","follow":"follow","max-snippet":"max-snippet:-1","max-image-preview":"max-image-preview:large","max-video-preview":"max-video-preview:-1"},"canonical":"https:\/\/talia-fashion.pl\/en\/product\/oliwkowy-plaszcz-o-luznym-kroju-kenya\/","og_locale":"en_GB","og_type":"article","og_title":"Oliwkowy p\u0142aszcz o lu\u017anym kroju Kenya - Talia Fashion - p\u0142aszcze damskie","og_description":"Oliwkowy p\u0142aszcz o lu\u017anym kroju z alpak\u0105 - p\u0142aszcz z doskonale wywa\u017conymi proporcjami to komfort i wygoda u\u017cytkowania. Szyty r\u0119cznie w naszej pracowni.","og_url":"https:\/\/talia-fashion.pl\/en\/product\/oliwkowy-plaszcz-o-luznym-kroju-kenya\/","og_site_name":"Talia Fashion","article_modified_time":"2026-02-17T11:20:52+00:00","og_image":[{"width":1500,"height":2000,"url":"https:\/\/talia-fashion.pl\/wp-content\/uploads\/2024\/10\/oliwkowy-plaszcz-o-luznym-kroju-styl-oversize-miekki-material-zimowy.jpg","type":"image\/jpeg"}],"twitter_card":"summary_large_image","twitter_misc":{"Estimated reading time":"4 minutes"},"schema":{"@context":"https:\/\/schema.org","@graph":[{"@type":"WebPage","@id":"https:\/\/talia-fashion.pl\/produkt\/oliwkowy-plaszcz-o-luznym-kroju-kenya\/","url":"https:\/\/talia-fashion.pl\/produkt\/oliwkowy-plaszcz-o-luznym-kroju-kenya\/","name":"Oliwkowy p\u0142aszcz o lu\u017anym kroju Kenya - Talia Fashion - p\u0142aszcze damskie","isPartOf":{"@id":"https:\/\/talia-fashion.pl\/#website"},"primaryImageOfPage":{"@id":"https:\/\/talia-fashion.pl\/produkt\/oliwkowy-plaszcz-o-luznym-kroju-kenya\/#primaryimage"},"image":{"@id":"https:\/\/talia-fashion.pl\/produkt\/oliwkowy-plaszcz-o-luznym-kroju-kenya\/#primaryimage"},"thumbnailUrl":"https:\/\/talia-fashion.pl\/wp-content\/uploads\/2024\/10\/oliwkowy-plaszcz-o-luznym-kroju-styl-oversize-miekki-material-zimowy.jpg","datePublished":"2018-09-16T15:47:41+00:00","dateModified":"2026-02-17T11:20:52+00:00","description":"Oliwkowy p\u0142aszcz o lu\u017anym kroju z alpak\u0105 - p\u0142aszcz z doskonale wywa\u017conymi proporcjami to komfort i wygoda u\u017cytkowania. Szyty r\u0119cznie w naszej pracowni.","breadcrumb":{"@id":"https:\/\/talia-fashion.pl\/produkt\/oliwkowy-plaszcz-o-luznym-kroju-kenya\/#breadcrumb"},"inLanguage":"en-GB","potentialAction":[{"@type":"ReadAction","target":["https:\/\/talia-fashion.pl\/produkt\/oliwkowy-plaszcz-o-luznym-kroju-kenya\/"]}]},{"@type":"ImageObject","inLanguage":"en-GB","@id":"https:\/\/talia-fashion.pl\/produkt\/oliwkowy-plaszcz-o-luznym-kroju-kenya\/#primaryimage","url":"https:\/\/talia-fashion.pl\/wp-content\/uploads\/2024\/10\/oliwkowy-plaszcz-o-luznym-kroju-styl-oversize-miekki-material-zimowy.jpg","contentUrl":"https:\/\/talia-fashion.pl\/wp-content\/uploads\/2024\/10\/oliwkowy-plaszcz-o-luznym-kroju-styl-oversize-miekki-material-zimowy.jpg","width":1500,"height":2000,"caption":"Oliwkowy p\u0142aszcz o lu\u017anym kroju, dwurz\u0119dowy, wi\u0105zany, uszyty z mi\u0119kkiego materia\u0142u z alpak\u0105. Ciep\u0142y i zimowy."},{"@type":"BreadcrumbList","@id":"https:\/\/talia-fashion.pl\/produkt\/oliwkowy-plaszcz-o-luznym-kroju-kenya\/#breadcrumb","itemListElement":[{"@type":"ListItem","position":1,"name":"Strona g\u0142\u00f3wna","item":"https:\/\/talia-fashion.pl\/"},{"@type":"ListItem","position":2,"name":"Sklep","item":"https:\/\/talia-fashion.pl\/sklep\/"},{"@type":"ListItem","position":3,"name":"Oliwkowy p\u0142aszcz o lu\u017anym kroju Kenya"}]},{"@type":"WebSite","@id":"https:\/\/talia-fashion.pl\/#website","url":"https:\/\/talia-fashion.pl\/","name":"Talia Fashion","description":"","potentialAction":[{"@type":"SearchAction","target":{"@type":"EntryPoint","urlTemplate":"https:\/\/talia-fashion.pl\/?s={search_term_string}"},"query-input":{"@type":"PropertyValueSpecification","valueRequired":true,"valueName":"search_term_string"}}],"inLanguage":"en-GB"}]}},"_links":{"self":[{"href":"https:\/\/talia-fashion.pl\/en\/wp-json\/wp\/v2\/product\/3986","targetHints":{"allow":["GET"]}}],"collection":[{"href":"https:\/\/talia-fashion.pl\/en\/wp-json\/wp\/v2\/product"}],"about":[{"href":"https:\/\/talia-fashion.pl\/en\/wp-json\/wp\/v2\/types\/product"}],"wp:featuredmedia":[{"embeddable":true,"href":"https:\/\/talia-fashion.pl\/en\/wp-json\/wp\/v2\/media\/282"}],"wp:attachment":[{"href":"https:\/\/talia-fashion.pl\/en\/wp-json\/wp\/v2\/media?parent=3986"}],"wp:term":[{"taxonomy":"product_cat","embeddable":true,"href":"https:\/\/talia-fashion.pl\/en\/wp-json\/wp\/v2\/product_cat?post=3986"},{"taxonomy":"product_tag","embeddable":true,"href":"https:\/\/talia-fashion.pl\/en\/wp-json\/wp\/v2\/product_tag?post=3986"}],"curies":[{"name":"wp","href":"https:\/\/api.w.org\/{rel}","templated":true}]}}