{"id":3970,"date":"2018-09-13T11:40:37","date_gmt":"2018-09-13T09:40:37","guid":{"rendered":"http:\/\/talia-fashion.pl\/produkt\/kurtka-z-kimonowym-rekawem-handmade-roma\/"},"modified":"2026-04-04T22:15:13","modified_gmt":"2026-04-04T20:15:13","slug":"kurtka-z-kimonowym-rekawem-handmade-roma","status":"publish","type":"product","link":"https:\/\/talia-fashion.pl\/en\/product\/kurtka-z-kimonowym-rekawem-handmade-roma\/","title":{"rendered":"Handmade Roma kimono sleeve jacket"},"content":{"rendered":"<p>Kurtka z kimonowym r\u0119kawem handmade Roma to nasza propozycja zimowego, kr\u00f3tkiego p\u0142aszczyka w stylu nieco oversize. Dwurz\u0119dowy, zapinany na guziki, z wyk\u0142adanym ko\u0142nierzem typu rewers. Kurtka bez paska, o lu\u017anym fasonie. Dwie wszyte kieszenie. Idealna propozycja na jesie\u0144 i zim\u0119, p\u0142aszczyk w ca\u0142o\u015bci ocieplany.<\/p>\n<p>Kurtka z kimonowym r\u0119kawem \u015bwietnie wpisuje si\u0119 w obecne trendy modowe. Lu\u017any, swobodny fason \u015bwietnie pasuje zar\u00f3wno do spodni jak i do kr\u00f3tkich sukienek. Je\u015bli lubisz stylizacje w stylu boho, ten model sprawdzi si\u0119 idealnie. Pu\u015b\u0107 wodze fantazji i baw si\u0119 mod\u0105!<\/p>\n<p>Mo\u017ce zainteresuje Ci\u0119 kilka naszych wskaz\u00f3wek: <a href=\"https:\/\/talia-fashion.pl\/en\/jak-dobrac-plaszcz-do-sylwetki\/\">How do you choose a coat to suit your figure?<\/a><\/p>\n<p>Zdj\u0119cie rzeczywiste &#8211; czarny<\/p>\n<p>P\u0142aszcz dost\u0119pny w: czarny<\/p>\n<p>Available sizes: XS, S, M, L<\/p>\n<p>All available colours of materials are presented in the pictures of coats in various models and in our <a href=\"https:\/\/talia-fashion.pl\/en\/paleta-kolorow\/\">Colour palette<\/a>. If in doubt, please contact us.<\/p>\n<p><strong>Wszystkie nasze p\u0142aszcze s\u0105 wykonywane r\u0119cznie tradycyjnymi metodami, dlatego prosimy o cierpliwo\u015b\u0107 w oczekiwaniu na realizacj\u0119 zam\u00f3wienia &#8211; musimy uszy\u0107 ten p\u0142aszczyk dla Ciebie \ud83d\ude42 <\/strong><br \/>\n<strong>Thank you for being with us and supporting local crafts.<\/strong><\/p>\n<p>Indicative dimensions:<br \/>\nXS \u2013 biust: 86-88 \/ biodra: 94-96 \/ d\u0142ugo\u015b\u0107: 84 \/ r\u0119kaw: 61<br \/>\nS \u2013 biust: 90-92 \/ biodra: 98-100 \/ d\u0142ugo\u015b\u0107: 84 \/ r\u0119kaw: 62<br \/>\nM \u2013 biust: 94-96 \/ biodra: 102-104 \/ d\u0142ugo\u015b\u0107: 85 \/ r\u0119kaw: 62<br \/>\nL \u2013 biust: 98-100 \/ biodra: 106-108 \/ d\u0142ugo\u015b\u0107: 86\/ r\u0119kaw: 63<br \/>\nJest to p\u0142aszcz w stylu oversize \u2013 prosty kr\u00f3j i opuszczane r\u0119kawy sprawiaj\u0105, i\u017c wypada lu\u017aniejszy i wi\u0119kszy. W razie w\u0105tpliwo\u015bci odno\u015bnie rozmiaru, prosimy o kontakt.<\/p>\n<p>The model is 172 cm with a size S<\/p>\n<p>Material: 80% wool, 20% polyamide<\/p>\n<p>Lining: 100% acetate<\/p>\n<p>Like viscose, acetate is produced from cellulose. Acetate yarn can also be made from recycled cellulose such as paper. The acetate lining is excellent at absorbing moisture and allowing air to pass through. It is coated with an antistatic apprettee and is OEKOtex\u00ae Standard 100 certified.<\/p>\n<p>Insulation: 100% non-woven recycled polyester<br \/>\nOur coats are insulated with a compressed thermo-insulating quilted fleece on the lining. The fleece is made from recycled polyester fibres. The material is lightweight, thin and at the same time perfectly insulating. The insulating fleece we use is resistant to moisture (it retains its insulating properties and warming effect even in damp conditions), stops the wind, is hypoallergenic and breathable. It is OEKOtex\u00ae Standard 100 certified.<\/p>\n<p>Kurtka z kimonowym r\u0119kawem handmade Roma zosta\u0142a zaprojektowana i uszyta r\u0119cznie w naszej pracowni, z zachowaniem zasad Fair Trade i w trosce o \u015brodowisko naturalne.<\/p>\n<p>The jacket should be dry-cleaned. For home wool restoration we recommend <a href=\"https:\/\/talia-fashion.pl\/en\/product\/szczotka-do-czyszczenia-i-pielegnacji-plaszcza\/\">Brush for cleaning and care of the coat<\/a>, kt\u00f3r\u0105 mo\u017cna kupi\u0107 w naszym sklepie. Dbanie o odzie\u017c to r\u00f3wnie\u017c wyraz troski o \u015brodowisko, skorzystaj z naszych wskaz\u00f3wek: <a href=\"https:\/\/talia-fashion.pl\/en\/jak-pielegnowac-i-dbac-o-plaszcz\/\">How do you look after your coat?<\/a><\/p>\n<p><strong>Individual order -\u00a0<\/strong>Some modifications can be made at the client's request: shortening, lengthening of the sleeve, shortening and lengthening of the coat. Cost to be determined individually, after prior contact.<br \/>\n<strong>An individual order is not subject to exchange or refund.<\/strong><\/p>\n<p>The lead time depends on the company's current stock and the availability of the given fabric colour. If the given coat is available in the company, the order will be realised very quickly - 2-5 working days. If the coat still needs to be sewn or if the order needs to be individualised, i.e. the coat needs to be altered or a new coat needs to be sewn, the lead time may be extended to a maximum of 2 weeks.<\/p>\n<p>Wszystkie nasze p\u0142aszcze s\u0105 wykonywane r\u0119cznie tradycyjnymi metodami, dlatego prosimy o cierpliwo\u015b\u0107 w oczekiwaniu na realizacj\u0119 zam\u00f3wienia &#8211; musimy uszy\u0107 ten p\u0142aszczyk dla Ciebie \ud83d\ude42 Dzi\u0119kujemy, \u017ce jeste\u015b z nami i wspierasz lokalne rzemios\u0142o.<\/p>\n<p>We encourage you to like our fanpage on\u00a0<a href=\"https:\/\/www.facebook.com\/talia.plaszcze\">Facebook<\/a>\u00a0i\u00a0<a href=\"https:\/\/www.instagram.com\/talia_plaszcze\/\">Instagram<\/a><\/p>","protected":false},"excerpt":{"rendered":"<p>Kurtka z kimonowym r\u0119kawem handmade Roma to nasza propozycja zimowego, kr\u00f3tkiego p\u0142aszczyka w stylu nieco oversize. Dwurz\u0119dowy, zapinany na guziki, z wyk\u0142adanym&hellip;<\/p>","protected":false},"featured_media":256,"template":"","meta":{"_acf_changed":false},"product_cat":[55],"product_tag":[89,78,33,34,73,90,74,65,66,80,42,67,43,91,47,84,50,86,51,53],"class_list":{"0":"post-3970","1":"product","2":"type-product","3":"status-publish","4":"has-post-thumbnail","6":"product_cat-plaszcze-krotsze","7":"product_tag-cieply","8":"product_tag-dla-roznych-sylwetek","9":"product_tag-dwurzedowy","10":"product_tag-handmade","11":"product_tag-karmelowy","12":"product_tag-krotki-plaszcz","13":"product_tag-kurtka-damska","14":"product_tag-kurtka-ocieplana","15":"product_tag-kurtka-zimowa-ocieplana","16":"product_tag-luzny-kroj","17":"product_tag-nowosc","18":"product_tag-ocieplany","19":"product_tag-plaszcz-damski","20":"product_tag-plaszcz-damski-zimowy","21":"product_tag-plaszcz-na-guziki","22":"product_tag-plaszcz-oversizowy","23":"product_tag-plaszcz-z-rewersem","24":"product_tag-plaszcz-zimowy-ocieplany","25":"product_tag-prosty","26":"product_tag-welna","28":"first","29":"instock","30":"shipping-taxable","31":"purchasable","32":"product-type-variable","33":"has-default-attributes"},"acf":[],"yoast_head":"<!-- This site is optimized with the Yoast SEO plugin v25.7 - https:\/\/yoast.com\/wordpress\/plugins\/seo\/ -->\n<title>Kurtka z kimonowym r\u0119kawem handmade Roma - Talia Fashion<\/title>\n<meta name=\"description\" content=\"Kurtka z kimonowym r\u0119kawem handmade to nasza pere\u0142ka w\u015br\u00f3d kr\u00f3tkich p\u0142aszczyk\u00f3w. Oversizowy kr\u00f3j id\u0105cy w \u015bladem aktualnych trend\u00f3w modowych.\" \/>\n<meta name=\"robots\" content=\"index, follow, max-snippet:-1, max-image-preview:large, max-video-preview:-1\" \/>\n<link rel=\"canonical\" href=\"https:\/\/talia-fashion.pl\/en\/product\/kurtka-z-kimonowym-rekawem-handmade-roma\/\" \/>\n<meta property=\"og:locale\" content=\"en_GB\" \/>\n<meta property=\"og:type\" content=\"article\" \/>\n<meta property=\"og:title\" content=\"Kurtka z kimonowym r\u0119kawem handmade Roma - Talia Fashion\" \/>\n<meta property=\"og:description\" content=\"Kurtka z kimonowym r\u0119kawem handmade to nasza pere\u0142ka w\u015br\u00f3d kr\u00f3tkich p\u0142aszczyk\u00f3w. Oversizowy kr\u00f3j id\u0105cy w \u015bladem aktualnych trend\u00f3w modowych.\" \/>\n<meta property=\"og:url\" content=\"https:\/\/talia-fashion.pl\/en\/product\/kurtka-z-kimonowym-rekawem-handmade-roma\/\" \/>\n<meta property=\"og:site_name\" content=\"Talia Fashion\" \/>\n<meta property=\"article:modified_time\" content=\"2026-04-04T20:15:13+00:00\" \/>\n<meta property=\"og:image\" content=\"https:\/\/talia-fashion.pl\/wp-content\/uploads\/2024\/10\/zimowa-czarna-kurtka-dwurzedowa-ocieplana-welniana.jpg\" \/>\n\t<meta property=\"og:image:width\" content=\"1240\" \/>\n\t<meta property=\"og:image:height\" content=\"1654\" \/>\n\t<meta property=\"og:image:type\" content=\"image\/jpeg\" \/>\n<meta name=\"twitter:card\" content=\"summary_large_image\" \/>\n<meta name=\"twitter:label1\" content=\"Estimated reading time\" \/>\n\t<meta name=\"twitter:data1\" content=\"3 minutes\" \/>\n<script type=\"application\/ld+json\" class=\"yoast-schema-graph\">{\"@context\":\"https:\/\/schema.org\",\"@graph\":[{\"@type\":\"WebPage\",\"@id\":\"https:\/\/talia-fashion.pl\/produkt\/kurtka-z-kimonowym-rekawem-handmade-roma\/\",\"url\":\"https:\/\/talia-fashion.pl\/produkt\/kurtka-z-kimonowym-rekawem-handmade-roma\/\",\"name\":\"Kurtka z kimonowym r\u0119kawem handmade Roma - Talia Fashion\",\"isPartOf\":{\"@id\":\"https:\/\/talia-fashion.pl\/#website\"},\"primaryImageOfPage\":{\"@id\":\"https:\/\/talia-fashion.pl\/produkt\/kurtka-z-kimonowym-rekawem-handmade-roma\/#primaryimage\"},\"image\":{\"@id\":\"https:\/\/talia-fashion.pl\/produkt\/kurtka-z-kimonowym-rekawem-handmade-roma\/#primaryimage\"},\"thumbnailUrl\":\"https:\/\/talia-fashion.pl\/wp-content\/uploads\/2024\/10\/zimowa-czarna-kurtka-dwurzedowa-ocieplana-welniana.jpg\",\"datePublished\":\"2018-09-13T09:40:37+00:00\",\"dateModified\":\"2026-04-04T20:15:13+00:00\",\"description\":\"Kurtka z kimonowym r\u0119kawem handmade to nasza pere\u0142ka w\u015br\u00f3d kr\u00f3tkich p\u0142aszczyk\u00f3w. Oversizowy kr\u00f3j id\u0105cy w \u015bladem aktualnych trend\u00f3w modowych.\",\"breadcrumb\":{\"@id\":\"https:\/\/talia-fashion.pl\/produkt\/kurtka-z-kimonowym-rekawem-handmade-roma\/#breadcrumb\"},\"inLanguage\":\"en-GB\",\"potentialAction\":[{\"@type\":\"ReadAction\",\"target\":[\"https:\/\/talia-fashion.pl\/produkt\/kurtka-z-kimonowym-rekawem-handmade-roma\/\"]}]},{\"@type\":\"ImageObject\",\"inLanguage\":\"en-GB\",\"@id\":\"https:\/\/talia-fashion.pl\/produkt\/kurtka-z-kimonowym-rekawem-handmade-roma\/#primaryimage\",\"url\":\"https:\/\/talia-fashion.pl\/wp-content\/uploads\/2024\/10\/zimowa-czarna-kurtka-dwurzedowa-ocieplana-welniana.jpg\",\"contentUrl\":\"https:\/\/talia-fashion.pl\/wp-content\/uploads\/2024\/10\/zimowa-czarna-kurtka-dwurzedowa-ocieplana-welniana.jpg\",\"width\":1240,\"height\":1654,\"caption\":\"Zimowa, czarna kurtka dwurz\u0119dowa, r\u0119cznie szyta. Lu\u017any i komfortowy kr\u00f3j pomie\u015bci wielowarstowe stylizacje. Idealna do codziennych outfit\u00f3w, jak i na wyj\u015bcie do sukienki i kozak\u00f3w.\"},{\"@type\":\"BreadcrumbList\",\"@id\":\"https:\/\/talia-fashion.pl\/produkt\/kurtka-z-kimonowym-rekawem-handmade-roma\/#breadcrumb\",\"itemListElement\":[{\"@type\":\"ListItem\",\"position\":1,\"name\":\"Strona g\u0142\u00f3wna\",\"item\":\"https:\/\/talia-fashion.pl\/\"},{\"@type\":\"ListItem\",\"position\":2,\"name\":\"Sklep\",\"item\":\"https:\/\/talia-fashion.pl\/sklep\/\"},{\"@type\":\"ListItem\",\"position\":3,\"name\":\"Kurtka z kimonowym r\u0119kawem handmade Roma\"}]},{\"@type\":\"WebSite\",\"@id\":\"https:\/\/talia-fashion.pl\/#website\",\"url\":\"https:\/\/talia-fashion.pl\/\",\"name\":\"Talia Fashion\",\"description\":\"\",\"potentialAction\":[{\"@type\":\"SearchAction\",\"target\":{\"@type\":\"EntryPoint\",\"urlTemplate\":\"https:\/\/talia-fashion.pl\/?s={search_term_string}\"},\"query-input\":{\"@type\":\"PropertyValueSpecification\",\"valueRequired\":true,\"valueName\":\"search_term_string\"}}],\"inLanguage\":\"en-GB\"}]}<\/script>\n<!-- \/ Yoast SEO plugin. -->","yoast_head_json":{"title":"Kurtka z kimonowym r\u0119kawem handmade Roma - Talia Fashion","description":"Kurtka z kimonowym r\u0119kawem handmade to nasza pere\u0142ka w\u015br\u00f3d kr\u00f3tkich p\u0142aszczyk\u00f3w. Oversizowy kr\u00f3j id\u0105cy w \u015bladem aktualnych trend\u00f3w modowych.","robots":{"index":"index","follow":"follow","max-snippet":"max-snippet:-1","max-image-preview":"max-image-preview:large","max-video-preview":"max-video-preview:-1"},"canonical":"https:\/\/talia-fashion.pl\/en\/product\/kurtka-z-kimonowym-rekawem-handmade-roma\/","og_locale":"en_GB","og_type":"article","og_title":"Kurtka z kimonowym r\u0119kawem handmade Roma - Talia Fashion","og_description":"Kurtka z kimonowym r\u0119kawem handmade to nasza pere\u0142ka w\u015br\u00f3d kr\u00f3tkich p\u0142aszczyk\u00f3w. Oversizowy kr\u00f3j id\u0105cy w \u015bladem aktualnych trend\u00f3w modowych.","og_url":"https:\/\/talia-fashion.pl\/en\/product\/kurtka-z-kimonowym-rekawem-handmade-roma\/","og_site_name":"Talia Fashion","article_modified_time":"2026-04-04T20:15:13+00:00","og_image":[{"width":1240,"height":1654,"url":"https:\/\/talia-fashion.pl\/wp-content\/uploads\/2024\/10\/zimowa-czarna-kurtka-dwurzedowa-ocieplana-welniana.jpg","type":"image\/jpeg"}],"twitter_card":"summary_large_image","twitter_misc":{"Estimated reading time":"3 minutes"},"schema":{"@context":"https:\/\/schema.org","@graph":[{"@type":"WebPage","@id":"https:\/\/talia-fashion.pl\/produkt\/kurtka-z-kimonowym-rekawem-handmade-roma\/","url":"https:\/\/talia-fashion.pl\/produkt\/kurtka-z-kimonowym-rekawem-handmade-roma\/","name":"Kurtka z kimonowym r\u0119kawem handmade Roma - Talia Fashion","isPartOf":{"@id":"https:\/\/talia-fashion.pl\/#website"},"primaryImageOfPage":{"@id":"https:\/\/talia-fashion.pl\/produkt\/kurtka-z-kimonowym-rekawem-handmade-roma\/#primaryimage"},"image":{"@id":"https:\/\/talia-fashion.pl\/produkt\/kurtka-z-kimonowym-rekawem-handmade-roma\/#primaryimage"},"thumbnailUrl":"https:\/\/talia-fashion.pl\/wp-content\/uploads\/2024\/10\/zimowa-czarna-kurtka-dwurzedowa-ocieplana-welniana.jpg","datePublished":"2018-09-13T09:40:37+00:00","dateModified":"2026-04-04T20:15:13+00:00","description":"Kurtka z kimonowym r\u0119kawem handmade to nasza pere\u0142ka w\u015br\u00f3d kr\u00f3tkich p\u0142aszczyk\u00f3w. Oversizowy kr\u00f3j id\u0105cy w \u015bladem aktualnych trend\u00f3w modowych.","breadcrumb":{"@id":"https:\/\/talia-fashion.pl\/produkt\/kurtka-z-kimonowym-rekawem-handmade-roma\/#breadcrumb"},"inLanguage":"en-GB","potentialAction":[{"@type":"ReadAction","target":["https:\/\/talia-fashion.pl\/produkt\/kurtka-z-kimonowym-rekawem-handmade-roma\/"]}]},{"@type":"ImageObject","inLanguage":"en-GB","@id":"https:\/\/talia-fashion.pl\/produkt\/kurtka-z-kimonowym-rekawem-handmade-roma\/#primaryimage","url":"https:\/\/talia-fashion.pl\/wp-content\/uploads\/2024\/10\/zimowa-czarna-kurtka-dwurzedowa-ocieplana-welniana.jpg","contentUrl":"https:\/\/talia-fashion.pl\/wp-content\/uploads\/2024\/10\/zimowa-czarna-kurtka-dwurzedowa-ocieplana-welniana.jpg","width":1240,"height":1654,"caption":"Zimowa, czarna kurtka dwurz\u0119dowa, r\u0119cznie szyta. Lu\u017any i komfortowy kr\u00f3j pomie\u015bci wielowarstowe stylizacje. Idealna do codziennych outfit\u00f3w, jak i na wyj\u015bcie do sukienki i kozak\u00f3w."},{"@type":"BreadcrumbList","@id":"https:\/\/talia-fashion.pl\/produkt\/kurtka-z-kimonowym-rekawem-handmade-roma\/#breadcrumb","itemListElement":[{"@type":"ListItem","position":1,"name":"Strona g\u0142\u00f3wna","item":"https:\/\/talia-fashion.pl\/"},{"@type":"ListItem","position":2,"name":"Sklep","item":"https:\/\/talia-fashion.pl\/sklep\/"},{"@type":"ListItem","position":3,"name":"Kurtka z kimonowym r\u0119kawem handmade Roma"}]},{"@type":"WebSite","@id":"https:\/\/talia-fashion.pl\/#website","url":"https:\/\/talia-fashion.pl\/","name":"Talia Fashion","description":"","potentialAction":[{"@type":"SearchAction","target":{"@type":"EntryPoint","urlTemplate":"https:\/\/talia-fashion.pl\/?s={search_term_string}"},"query-input":{"@type":"PropertyValueSpecification","valueRequired":true,"valueName":"search_term_string"}}],"inLanguage":"en-GB"}]}},"_links":{"self":[{"href":"https:\/\/talia-fashion.pl\/en\/wp-json\/wp\/v2\/product\/3970","targetHints":{"allow":["GET"]}}],"collection":[{"href":"https:\/\/talia-fashion.pl\/en\/wp-json\/wp\/v2\/product"}],"about":[{"href":"https:\/\/talia-fashion.pl\/en\/wp-json\/wp\/v2\/types\/product"}],"wp:featuredmedia":[{"embeddable":true,"href":"https:\/\/talia-fashion.pl\/en\/wp-json\/wp\/v2\/media\/256"}],"wp:attachment":[{"href":"https:\/\/talia-fashion.pl\/en\/wp-json\/wp\/v2\/media?parent=3970"}],"wp:term":[{"taxonomy":"product_cat","embeddable":true,"href":"https:\/\/talia-fashion.pl\/en\/wp-json\/wp\/v2\/product_cat?post=3970"},{"taxonomy":"product_tag","embeddable":true,"href":"https:\/\/talia-fashion.pl\/en\/wp-json\/wp\/v2\/product_tag?post=3970"}],"curies":[{"name":"wp","href":"https:\/\/api.w.org\/{rel}","templated":true}]}}