{"id":3963,"date":"2018-09-13T09:37:41","date_gmt":"2018-09-13T07:37:41","guid":{"rendered":"http:\/\/talia-fashion.pl\/produkt\/kremowy-plaszcz-w-stylu-teddy-w-jodelke-yoko\/"},"modified":"2026-03-25T10:10:21","modified_gmt":"2026-03-25T09:10:21","slug":"tweedowy-plaszcz-trencz-midi-z-wysokim-kolnierzem-lima","status":"publish","type":"product","link":"https:\/\/talia-fashion.pl\/en\/product\/tweedowy-plaszcz-trencz-midi-z-wysokim-kolnierzem-lima\/","title":{"rendered":"Tweedowy p\u0142aszcz trencz midi z wysokim ko\u0142nierzem Lima"},"content":{"rendered":"<p><strong>Tweedowy p\u0142aszcz trencz midi z wysokim ko\u0142nierzem<\/strong> Lima to <strong>przej\u015bciowy p\u0142aszcz o lu\u017anym kroju<\/strong> z <strong>jednorz\u0119dowym<\/strong> <strong>asymetrycznym zapi\u0119ciem<\/strong> na guziki. P\u0142aszcz ma <strong>r<\/strong><span lang=\"DE\"><strong>aglanowe r\u0119kawy<\/strong>, kt\u00f3re nadaj\u0105 figurze mi\u0119kko\u015bci i jednocze\u015bnie oferuj\u0105 wi\u0119cej przestrzeni w okolicy pach oraz wi\u0119ksz\u0105 wygod\u0119 noszenia. Co ma szczeg\u00f3lne znaczenie przy budowaniu <strong>stylizacji warstwowych<\/strong>. <strong>Wyjmowany pasek<\/strong>, z tej samej tkaniny, umo\u017cliwia dopasowanie p\u0142aszcza do sylwetki i podkre\u015blenie talii. Wi\u0105zany tradycyjnie na przodzie, jak i na tyle \u2013 na mod\u0142\u0119 francusk\u0105. <\/span><strong>Wysoki ko\u0142nierz<\/strong> z mo\u017cliwo\u015bci\u0105 wy\u0142o\u017cenia w formie rewersu. Ozdobna <strong>peleryna na tyle<\/strong>. <span lang=\"DE\">Dwie, boczne kieszenie zako\u0144czone listewk\u0105. <strong>Mid-calf length<\/strong>. Rozci\u0119cie z ty\u0142u.\u00a0<\/span><\/p>\n<p><strong>Tweedowy p\u0142aszcz trencz midi z wysokim ko\u0142nierzem<\/strong> Lima to produkt premium w limitowanej dost\u0119pno\u015bci. Uszyli\u015bmy go z <strong>tweedu o l\u017cejszej gramaturze<\/strong>. Idealny <strong>for transitional seasons<\/strong>. O<span lang=\"DE\">tuli i ogrzeje w ch\u0142odniejsze dni, a gdy zrobi si\u0119 cieplej \u2014 zapewni komfort termiczny. P<\/span><span lang=\"DE\">rzody p\u0142aszcza zosta\u0142y podklejone bardzo delikatn\u0105 klejonk\u0105 stabilizuj\u0105c\u0105 w\u0142\u00f3kna i nadaj\u0105c\u0105 szlachetno\u015bci. <strong>Ca\u0142o\u015b\u0107 wyko\u0144czona podszewk\u0105<\/strong>. <strong>Subtelny dese\u0144 tkaniny<\/strong> delikatnie przykuwa uwag\u0119 i dodaje g\u0142\u0119bi temu oszcz\u0119dnemu, minimalistycznemu krojowi.<\/span><\/p>\n<p><strong>Tweedowy p\u0142aszcz trencz midi z wysokim ko\u0142nierzem<\/strong> Lima w swoim <strong>swobodnym, oversizowym kroju<\/strong> pomie\u015bci wi\u0119kszo\u015b\u0107 Twoich lu\u017anych kreacji. D\u0142ugo\u015b\u0107 p\u0142aszcza z \u0142atwo\u015bci\u0105 schowa sp\u00f3dniczki midi a w przypadku mini sp\u00f3dniczek ochroni Ci\u0119 przed podmuchami wiatru. Doskonale sprawdzi si\u0119 zar\u00f3wno do codziennych outfit\u00f3w jak i na wytworne, eleganckie wyj\u015bcie.<br \/>\nWy\u015bmienicie spisze si\u0119 te\u017c do nieformalnych stylizacji z loafersami i torebk\u0105 typu bagietka. <span lang=\"DE\"><span class=\"html-span xdj266r x14z9mp xat24cr x1lziwak xexx8yu xyri2b x18d9i69 x1c1uobl x1hl2dhg x16tdsg8 x1vvkbs x4k7w5x x1h91t0o x1h9r5lt x1jfb8zj xv2umb2 x1beo9mf xaigb6o x12ejxvf x3igimt xarpa2k xedcshv x1lytzrv x1t2pt76 x7ja8zs x1qrby5j\"><span class=\"x193iq5w xeuugli x13faqbe x1vvkbs x1xmvt09 x1lliihq x1s928wv xhkezso x1gmr53x x1cpjm7i x1fgarty x1943h6x xudqn12 x3x7a5m x6prxxf xvq8zen xo1l8bm x14ctfv\" dir=\"auto\">Postaw na przej\u015bciowy p\u0142aszcz Lima &#8211; zachwy\u0107 si\u0119 komfortem i jako\u015bci\u0105 wykonania.<\/span><\/span><\/span><\/p>\n<p><span lang=\"DE\">Zdj\u0119cie rzeczywiste \u2013 szaro-be\u017cowy diagonal delikatny\u00a0<\/span><br \/>\nAvailable colours<span lang=\"DE\">: szaro-be\u017cowy diagonal delikatny<\/span><br \/>\nThe colours of the fabric can be seen in<a href=\"https:\/\/talia-fashion.pl\/en\/paleta-kolorow\/\"> Colour palette<\/a> as well as in the pictures of coats in various models. If in doubt, please do not hesitate to contact us.<\/p>\n<p>Available sizes: XS, S, M, L<\/p>\n<p>Indicative dimensions:<\/p>\n<p>XS - bust: 86-88 \/ hips: 94-96 \/ length: 106 \/ sleeve 61<br \/>\nS - bust: 90-92 \/ hips: 98-100 \/ length: 106 \/ sleeve: 61<br \/>\nM - bust: 94-96 \/ hips: 102-104 \/ length: 106 \/ sleeve: 62<br \/>\nL - bust: 98-100 \/ hips: 106-108 \/ length: 107 \/ sleeve: 63<\/p>\n<p>We have included explanations on how to measure yourself and which size to choose on our website: <a href=\"https:\/\/talia-fashion.pl\/en\/jak-dobrac-rozmiar\/\">How to choose a size?<\/a><br \/>\nModel w stylu oversizowym, dlatego j<span lang=\"DE\">e\u015bli preferowany jest bardziej dopasowany p\u0142aszcz, sugerujemy wyb\u00f3r mniejszego rozmiaru. <\/span>Pasek mo\u017cna wyj\u0105\u0107 b\u0105d\u017a zawi\u0105za\u0107 na tyle, wtedy ten pude\u0142kowy fason idealnie sprawdzi si\u0119 u Pa\u0144 o figurze jab\u0142ka. Zajrzyj do naszych wskaz\u00f3wek: <a href=\"https:\/\/talia-fashion.pl\/en\/jak-dobrac-plaszcz-do-sylwetki\/\">How do you choose a coat to suit your figure? <\/a>\u00a0If in doubt, please contact us.<\/p>\n<p>Materia\u0142: 70% we\u0142na, 30% poliester<br \/>\nLining: 50% acetate, 50% viscose<\/p>\n<p>Like viscose, acetate is produced from cellulose. Acetate yarn can also be made from recycled cellulose such as paper. The acetate lining is excellent at absorbing moisture and permeable to air. It is coated with an antistatic apprettee and is OEKOtex\u00ae Standard 100 certified.<\/p>\n<p><strong>Tweedowy p\u0142aszcz trencz midi z wysokim ko\u0142nierzem<\/strong> Lima zaprojektowali\u015bmy i uszyli\u015bmy <strong>in our family workshop<\/strong>. Od ponad 37 lat staramy si\u0119 piel\u0119gnowa\u0107 i promowa\u0107 tradycyjne rzemios\u0142o. Kierujemy si\u0119 zasad\u0105 #lesswaste i dzi\u0119ki r\u0119cznemu uk\u0142adaniu wykroj\u00f3w minimalizujemy ilo\u015b\u0107 odpad\u00f3w.<\/p>\n<p>Dbaj o \u015brodowisko, troszcz\u0105c si\u0119 o sw\u00f3j p\u0142aszcz tak, aby s\u0142u\u017cy\u0142 Ci przez wiele sezon\u00f3w. Zalecamy czyszczenie chemiczne. W naszym sklepie znajdziesz <a href=\"https:\/\/talia-fashion.pl\/en\/product\/szczotka-do-czyszczenia-i-pielegnacji-plaszcza\/\">Brush for cleaning and care of the coat<\/a>, kt\u00f3ra skutecznie u\u0142atwi od\u015bwie\u017canie we\u0142ny. Wi\u0119cej praktycznych porad dotycz\u0105cych przed\u0142u\u017cania trwa\u0142o\u015bci p\u0142aszcza znajdziesz w zak\u0142adce <a href=\"https:\/\/talia-fashion.pl\/en\/jak-pielegnowac-i-dbac-o-plaszcz\/\">How to nurture and care for the coat?<\/a>.<\/p>\n<p><strong>Individual order <\/strong>- We can carry out certain modifications at the customer's request, such as: shortening, lengthening of the sleeve, shortening and lengthening of the coat. We determine the cost individually, pricing the scope of work, after prior contact. <strong>An individual order is not subject to exchange or refund.<\/strong><\/p>\n<p>Czas realizacji zam\u00f3wienia uzale\u017cniamy od aktualnego stanu magazynowego w naszym zak\u0142adzie krawieckim oraz dost\u0119pno\u015bci danego koloru materia\u0142u. Je\u015bli dany p\u0142aszcz jest dost\u0119pny w pracowni &#8222;od r\u0119ki&#8221; realizacja zam\u00f3wienia nast\u0105pi bardzo szybko, w ci\u0105gu 2-5 dni roboczych. Je\u015bli konieczne jest uszycie p\u0142aszcza lub indywidualizacja zam\u00f3wienia \u2013 wykonanie przer\u00f3bki lub uszycie nowego p\u0142aszcza wed\u0142ug specyfikacji Klienta \u2013 czas realizacji zam\u00f3wienia mo\u017ce ulec wyd\u0142u\u017ceniu, maksymalnie do 2 tygodni.<\/p>\n<p>Jeste\u015bmy rodzinn\u0105 pracowni\u0105 i nasze p\u0142aszcze szyjemy wed\u0142ug tradycyjnych metod, dlatego w wi\u0119kszo\u015bci nie szyjemy &#8222;na zapas&#8221;. Prosimy zatem o cierpliwo\u015b\u0107 poniewa\u017c musimy uszy\u0107 ten p\u0142aszczyk dla Ciebie.<\/p>\n<p>Stay with us longer and watch us on <a href=\"https:\/\/www.facebook.com\/talia.plaszcze\">Facebook<\/a> i <a href=\"https:\/\/www.instagram.com\/talia_plaszcze\/\">Instagram.<\/a><\/p>","protected":false},"excerpt":{"rendered":"<p>Tweedowy p\u0142aszcz trencz midi z wysokim ko\u0142nierzem Lima to <strong>przej\u015bciowy p\u0142aszcz w stylu oversize<\/strong>. <strong>Minimalist cut<\/strong>, <strong>szlachetny materia\u0142<\/strong> i <strong>delikatny dese\u0144<\/strong>. Modny wysoki ko\u0142nierz.<\/p>","protected":false},"featured_media":262548,"template":"","meta":{"_acf_changed":false},"product_cat":[31,36],"product_tag":[294,162,57,318,78,33,34,340,38,73,40,80,41,81,42,82,413,43,44,45,164,68,83,96,47,259,84,59,379,85,50,60,87,51,321,61,310,62,53,63,88],"class_list":{"0":"post-3963","1":"product","2":"type-product","3":"status-publish","4":"has-post-thumbnail","6":"product_cat-nowosci","7":"product_cat-plaszcze-dluzsze","8":"product_tag-acetatowa-podszewka","9":"product_tag-asymetryczny-plaszcz","10":"product_tag-bez-paska","11":"product_tag-diagonal","12":"product_tag-dla-roznych-sylwetek","13":"product_tag-dwurzedowy","14":"product_tag-handmade","15":"product_tag-jesionka","16":"product_tag-kamel","17":"product_tag-karmelowy","18":"product_tag-kolnierz","19":"product_tag-luzny-kroj","20":"product_tag-na-podszewce","21":"product_tag-naturalne-materialy","22":"product_tag-nowosc","23":"product_tag-oversize","24":"product_tag-palto","25":"product_tag-plaszcz-damski","26":"product_tag-plaszcz-damski-dlugi","27":"product_tag-plaszcz-dlugi","28":"product_tag-plaszcz-jednorzedowy","29":"product_tag-plaszcz-jesienny","30":"product_tag-plaszcz-luzny","31":"product_tag-plaszcz-na-chlodne-dni","32":"product_tag-plaszcz-na-guziki","33":"product_tag-plaszcz-na-wiosne","34":"product_tag-plaszcz-oversizowy","35":"product_tag-plaszcz-przejsciowy","36":"product_tag-plaszcz-tweedowy","37":"product_tag-plaszcz-welniany","38":"product_tag-plaszcz-z-rewersem","39":"product_tag-producent-plaszczy-damskich","40":"product_tag-produkt-premium","41":"product_tag-prosty","42":"product_tag-raglanowy-rekaw","43":"product_tag-recznie-szyty","44":"product_tag-tweed","45":"product_tag-uszyty-w-polsce","46":"product_tag-welna","47":"product_tag-welniany","48":"product_tag-wiazany","50":"first","51":"instock","52":"shipping-taxable","53":"purchasable","54":"product-type-variable","55":"has-default-attributes"},"acf":[],"yoast_head":"<!-- This site is optimized with the Yoast SEO plugin v25.7 - https:\/\/yoast.com\/wordpress\/plugins\/seo\/ -->\n<title>Tweedowy p\u0142aszcz trencz midi z wysokim ko\u0142nierzem Lima - Talia Fashion - handmade<\/title>\n<meta name=\"description\" content=\"Tweedowy p\u0142aszcz trencz midi z wysokim ko\u0142nierzem - swobodny kr\u00f3j w stylu oversize, jednorz\u0119dowe zapi\u0119cie na guziki, mi\u0119kki tweedowy materia\u0142. R\u0119cznie szyty\" \/>\n<meta name=\"robots\" content=\"index, follow, max-snippet:-1, max-image-preview:large, max-video-preview:-1\" \/>\n<link rel=\"canonical\" href=\"https:\/\/talia-fashion.pl\/en\/product\/tweedowy-plaszcz-trencz-midi-z-wysokim-kolnierzem-lima\/\" \/>\n<meta property=\"og:locale\" content=\"en_GB\" \/>\n<meta property=\"og:type\" content=\"article\" \/>\n<meta property=\"og:title\" content=\"Tweedowy p\u0142aszcz trencz midi z wysokim ko\u0142nierzem Lima - Talia Fashion - handmade\" \/>\n<meta property=\"og:description\" content=\"Tweedowy p\u0142aszcz trencz midi z wysokim ko\u0142nierzem - swobodny kr\u00f3j w stylu oversize, jednorz\u0119dowe zapi\u0119cie na guziki, mi\u0119kki tweedowy materia\u0142. R\u0119cznie szyty\" \/>\n<meta property=\"og:url\" content=\"https:\/\/talia-fashion.pl\/en\/product\/tweedowy-plaszcz-trencz-midi-z-wysokim-kolnierzem-lima\/\" \/>\n<meta property=\"og:site_name\" content=\"Talia Fashion\" \/>\n<meta property=\"article:modified_time\" content=\"2026-03-25T09:10:21+00:00\" \/>\n<meta property=\"og:image\" content=\"https:\/\/talia-fashion.pl\/wp-content\/uploads\/2018\/09\/tweedowy-plaszcz-trencz-midi-wysoki-kolnierz.jpg\" \/>\n\t<meta property=\"og:image:width\" content=\"1067\" \/>\n\t<meta property=\"og:image:height\" content=\"1600\" \/>\n\t<meta property=\"og:image:type\" content=\"image\/jpeg\" \/>\n<meta name=\"twitter:card\" content=\"summary_large_image\" \/>\n<meta name=\"twitter:label1\" content=\"Estimated reading time\" \/>\n\t<meta name=\"twitter:data1\" content=\"4 minutes\" \/>\n<script type=\"application\/ld+json\" class=\"yoast-schema-graph\">{\"@context\":\"https:\/\/schema.org\",\"@graph\":[{\"@type\":\"WebPage\",\"@id\":\"https:\/\/talia-fashion.pl\/produkt\/tweedowy-plaszcz-trencz-midi-z-wysokim-kolnierzem-lima\/\",\"url\":\"https:\/\/talia-fashion.pl\/produkt\/tweedowy-plaszcz-trencz-midi-z-wysokim-kolnierzem-lima\/\",\"name\":\"Tweedowy p\u0142aszcz trencz midi z wysokim ko\u0142nierzem Lima - Talia Fashion - handmade\",\"isPartOf\":{\"@id\":\"https:\/\/talia-fashion.pl\/#website\"},\"primaryImageOfPage\":{\"@id\":\"https:\/\/talia-fashion.pl\/produkt\/tweedowy-plaszcz-trencz-midi-z-wysokim-kolnierzem-lima\/#primaryimage\"},\"image\":{\"@id\":\"https:\/\/talia-fashion.pl\/produkt\/tweedowy-plaszcz-trencz-midi-z-wysokim-kolnierzem-lima\/#primaryimage\"},\"thumbnailUrl\":\"https:\/\/talia-fashion.pl\/wp-content\/uploads\/2018\/09\/tweedowy-plaszcz-trencz-midi-wysoki-kolnierz.jpg\",\"datePublished\":\"2018-09-13T07:37:41+00:00\",\"dateModified\":\"2026-03-25T09:10:21+00:00\",\"description\":\"Tweedowy p\u0142aszcz trencz midi z wysokim ko\u0142nierzem - swobodny kr\u00f3j w stylu oversize, jednorz\u0119dowe zapi\u0119cie na guziki, mi\u0119kki tweedowy materia\u0142. R\u0119cznie szyty\",\"breadcrumb\":{\"@id\":\"https:\/\/talia-fashion.pl\/produkt\/tweedowy-plaszcz-trencz-midi-z-wysokim-kolnierzem-lima\/#breadcrumb\"},\"inLanguage\":\"en-GB\",\"potentialAction\":[{\"@type\":\"ReadAction\",\"target\":[\"https:\/\/talia-fashion.pl\/produkt\/tweedowy-plaszcz-trencz-midi-z-wysokim-kolnierzem-lima\/\"]}]},{\"@type\":\"ImageObject\",\"inLanguage\":\"en-GB\",\"@id\":\"https:\/\/talia-fashion.pl\/produkt\/tweedowy-plaszcz-trencz-midi-z-wysokim-kolnierzem-lima\/#primaryimage\",\"url\":\"https:\/\/talia-fashion.pl\/wp-content\/uploads\/2018\/09\/tweedowy-plaszcz-trencz-midi-wysoki-kolnierz.jpg\",\"contentUrl\":\"https:\/\/talia-fashion.pl\/wp-content\/uploads\/2018\/09\/tweedowy-plaszcz-trencz-midi-wysoki-kolnierz.jpg\",\"width\":1067,\"height\":1600,\"caption\":\"Tweedowy p\u0142aszcz trencz o d\u0142ugo\u015bci midi. Zapinany asymetrycznie z wysokim, ozdobnym ko\u0142nierzem.\"},{\"@type\":\"BreadcrumbList\",\"@id\":\"https:\/\/talia-fashion.pl\/produkt\/tweedowy-plaszcz-trencz-midi-z-wysokim-kolnierzem-lima\/#breadcrumb\",\"itemListElement\":[{\"@type\":\"ListItem\",\"position\":1,\"name\":\"Strona g\u0142\u00f3wna\",\"item\":\"https:\/\/talia-fashion.pl\/\"},{\"@type\":\"ListItem\",\"position\":2,\"name\":\"Sklep\",\"item\":\"https:\/\/talia-fashion.pl\/sklep\/\"},{\"@type\":\"ListItem\",\"position\":3,\"name\":\"Tweedowy p\u0142aszcz trencz midi z wysokim ko\u0142nierzem Lima\"}]},{\"@type\":\"WebSite\",\"@id\":\"https:\/\/talia-fashion.pl\/#website\",\"url\":\"https:\/\/talia-fashion.pl\/\",\"name\":\"Talia Fashion\",\"description\":\"\",\"potentialAction\":[{\"@type\":\"SearchAction\",\"target\":{\"@type\":\"EntryPoint\",\"urlTemplate\":\"https:\/\/talia-fashion.pl\/?s={search_term_string}\"},\"query-input\":{\"@type\":\"PropertyValueSpecification\",\"valueRequired\":true,\"valueName\":\"search_term_string\"}}],\"inLanguage\":\"en-GB\"}]}<\/script>\n<!-- \/ Yoast SEO plugin. -->","yoast_head_json":{"title":"Tweedowy p\u0142aszcz trencz midi z wysokim ko\u0142nierzem Lima - Talia Fashion - handmade","description":"Tweedowy p\u0142aszcz trencz midi z wysokim ko\u0142nierzem - swobodny kr\u00f3j w stylu oversize, jednorz\u0119dowe zapi\u0119cie na guziki, mi\u0119kki tweedowy materia\u0142. R\u0119cznie szyty","robots":{"index":"index","follow":"follow","max-snippet":"max-snippet:-1","max-image-preview":"max-image-preview:large","max-video-preview":"max-video-preview:-1"},"canonical":"https:\/\/talia-fashion.pl\/en\/product\/tweedowy-plaszcz-trencz-midi-z-wysokim-kolnierzem-lima\/","og_locale":"en_GB","og_type":"article","og_title":"Tweedowy p\u0142aszcz trencz midi z wysokim ko\u0142nierzem Lima - Talia Fashion - handmade","og_description":"Tweedowy p\u0142aszcz trencz midi z wysokim ko\u0142nierzem - swobodny kr\u00f3j w stylu oversize, jednorz\u0119dowe zapi\u0119cie na guziki, mi\u0119kki tweedowy materia\u0142. R\u0119cznie szyty","og_url":"https:\/\/talia-fashion.pl\/en\/product\/tweedowy-plaszcz-trencz-midi-z-wysokim-kolnierzem-lima\/","og_site_name":"Talia Fashion","article_modified_time":"2026-03-25T09:10:21+00:00","og_image":[{"width":1067,"height":1600,"url":"https:\/\/talia-fashion.pl\/wp-content\/uploads\/2018\/09\/tweedowy-plaszcz-trencz-midi-wysoki-kolnierz.jpg","type":"image\/jpeg"}],"twitter_card":"summary_large_image","twitter_misc":{"Estimated reading time":"4 minutes"},"schema":{"@context":"https:\/\/schema.org","@graph":[{"@type":"WebPage","@id":"https:\/\/talia-fashion.pl\/produkt\/tweedowy-plaszcz-trencz-midi-z-wysokim-kolnierzem-lima\/","url":"https:\/\/talia-fashion.pl\/produkt\/tweedowy-plaszcz-trencz-midi-z-wysokim-kolnierzem-lima\/","name":"Tweedowy p\u0142aszcz trencz midi z wysokim ko\u0142nierzem Lima - Talia Fashion - handmade","isPartOf":{"@id":"https:\/\/talia-fashion.pl\/#website"},"primaryImageOfPage":{"@id":"https:\/\/talia-fashion.pl\/produkt\/tweedowy-plaszcz-trencz-midi-z-wysokim-kolnierzem-lima\/#primaryimage"},"image":{"@id":"https:\/\/talia-fashion.pl\/produkt\/tweedowy-plaszcz-trencz-midi-z-wysokim-kolnierzem-lima\/#primaryimage"},"thumbnailUrl":"https:\/\/talia-fashion.pl\/wp-content\/uploads\/2018\/09\/tweedowy-plaszcz-trencz-midi-wysoki-kolnierz.jpg","datePublished":"2018-09-13T07:37:41+00:00","dateModified":"2026-03-25T09:10:21+00:00","description":"Tweedowy p\u0142aszcz trencz midi z wysokim ko\u0142nierzem - swobodny kr\u00f3j w stylu oversize, jednorz\u0119dowe zapi\u0119cie na guziki, mi\u0119kki tweedowy materia\u0142. R\u0119cznie szyty","breadcrumb":{"@id":"https:\/\/talia-fashion.pl\/produkt\/tweedowy-plaszcz-trencz-midi-z-wysokim-kolnierzem-lima\/#breadcrumb"},"inLanguage":"en-GB","potentialAction":[{"@type":"ReadAction","target":["https:\/\/talia-fashion.pl\/produkt\/tweedowy-plaszcz-trencz-midi-z-wysokim-kolnierzem-lima\/"]}]},{"@type":"ImageObject","inLanguage":"en-GB","@id":"https:\/\/talia-fashion.pl\/produkt\/tweedowy-plaszcz-trencz-midi-z-wysokim-kolnierzem-lima\/#primaryimage","url":"https:\/\/talia-fashion.pl\/wp-content\/uploads\/2018\/09\/tweedowy-plaszcz-trencz-midi-wysoki-kolnierz.jpg","contentUrl":"https:\/\/talia-fashion.pl\/wp-content\/uploads\/2018\/09\/tweedowy-plaszcz-trencz-midi-wysoki-kolnierz.jpg","width":1067,"height":1600,"caption":"Tweedowy p\u0142aszcz trencz o d\u0142ugo\u015bci midi. Zapinany asymetrycznie z wysokim, ozdobnym ko\u0142nierzem."},{"@type":"BreadcrumbList","@id":"https:\/\/talia-fashion.pl\/produkt\/tweedowy-plaszcz-trencz-midi-z-wysokim-kolnierzem-lima\/#breadcrumb","itemListElement":[{"@type":"ListItem","position":1,"name":"Strona g\u0142\u00f3wna","item":"https:\/\/talia-fashion.pl\/"},{"@type":"ListItem","position":2,"name":"Sklep","item":"https:\/\/talia-fashion.pl\/sklep\/"},{"@type":"ListItem","position":3,"name":"Tweedowy p\u0142aszcz trencz midi z wysokim ko\u0142nierzem Lima"}]},{"@type":"WebSite","@id":"https:\/\/talia-fashion.pl\/#website","url":"https:\/\/talia-fashion.pl\/","name":"Talia Fashion","description":"","potentialAction":[{"@type":"SearchAction","target":{"@type":"EntryPoint","urlTemplate":"https:\/\/talia-fashion.pl\/?s={search_term_string}"},"query-input":{"@type":"PropertyValueSpecification","valueRequired":true,"valueName":"search_term_string"}}],"inLanguage":"en-GB"}]}},"_links":{"self":[{"href":"https:\/\/talia-fashion.pl\/en\/wp-json\/wp\/v2\/product\/3963","targetHints":{"allow":["GET"]}}],"collection":[{"href":"https:\/\/talia-fashion.pl\/en\/wp-json\/wp\/v2\/product"}],"about":[{"href":"https:\/\/talia-fashion.pl\/en\/wp-json\/wp\/v2\/types\/product"}],"wp:featuredmedia":[{"embeddable":true,"href":"https:\/\/talia-fashion.pl\/en\/wp-json\/wp\/v2\/media\/262548"}],"wp:attachment":[{"href":"https:\/\/talia-fashion.pl\/en\/wp-json\/wp\/v2\/media?parent=3963"}],"wp:term":[{"taxonomy":"product_cat","embeddable":true,"href":"https:\/\/talia-fashion.pl\/en\/wp-json\/wp\/v2\/product_cat?post=3963"},{"taxonomy":"product_tag","embeddable":true,"href":"https:\/\/talia-fashion.pl\/en\/wp-json\/wp\/v2\/product_tag?post=3963"}],"curies":[{"name":"wp","href":"https:\/\/api.w.org\/{rel}","templated":true}]}}