{"id":3954,"date":"2018-08-07T20:23:12","date_gmt":"2018-08-07T18:23:12","guid":{"rendered":"http:\/\/talia-fashion.pl\/produkt\/dyplomatka-klasyczna-dwurzedowa-grafitowa-maya\/"},"modified":"2026-02-25T16:13:28","modified_gmt":"2026-02-25T15:13:28","slug":"dyplomatka-klasyczna-dwurzedowa-grafitowa-maya","status":"publish","type":"product","link":"https:\/\/talia-fashion.pl\/en\/product\/dyplomatka-klasyczna-dwurzedowa-grafitowa-maya\/","title":{"rendered":"Classic double-breasted graphite diploma Maya"},"content":{"rendered":"<p><span lang=\"DE\">A classic double-breasted graphite diplomat, fully lined. Additionally insulated, also in sleeves. The back of the coat is slightly waisted with an opening. Small shaping darts on the front. Simple, classic cut. Front pockets with decorative flaps. Delicate padded collar. Long sleeves finished with hand-sewn buttons. Classic double-breasted graphite coat has quite a large overlap of material allowing for possible moving buttons for a better fit. The coat looks great unbuttoned. Timeless classics of the coat will make it accompany you for years, being a perfect complement to each styling.<\/span><\/p>\n<p><span lang=\"DE\">Actual photo - graphite<\/span><\/p>\n<p><span lang=\"DE\">Coat available in the following colours: graphite, light camel and black<br \/>\n<\/span><\/p>\n<p><span lang=\"DE\">The colours of the fabrics are presented in the different coat cuts, in the other auctions and in the <a href=\"https:\/\/talia-fashion.pl\/en\/paleta-kolorow\/\">colour palette<\/a>. <\/span><span lang=\"DE\">If in doubt about the colour, please contact us.<\/span><\/p>\n<p><span lang=\"DE\">Available sizes: XS, S, M, L, XL<br \/>\n<\/span><\/p>\n<p><span lang=\"DE\">Indicative dimensions:<\/span><\/p>\n<p>XS - bust: 84-86 \/ hips: 92-94 \/ length: 87 \/ sleeve 61<\/p>\n<p><span lang=\"DE\">S - bust: 88-90 \/ hips: 96-98 \/ length: 87 \/ sleeve: 61<\/span><\/p>\n<p><span lang=\"DE\">M - bust: 92-94 \/ hips: 100-102 \/ length: 88 \/ sleeve: 62<\/span><\/p>\n<p><span lang=\"DE\">L - bust: 96-98 \/ hips: 104-106 \/ length: 88 \/ sleeve: 63<\/span><\/p>\n<p>XL - bust: 102-104 \/ hips: 110-112 \/ length: 88 \/ sleeve: 64<\/p>\n<p><span lang=\"DE\">If you are unsure about the size, please contact us. The most important thing about this model is that it does not sag at the hips. Of course, you can always gently move the buttons to gain 1-2cm of slack. However, if you're a typical pear-shaped woman, this cut will look great unbuttoned - it will slim your silhouette. When choosing your size, make sure it fits snugly at the shoulders. Ideal for rectangular and apple shapes. <\/span>We have included tips on which coat cut to choose: <a href=\"https:\/\/talia-fashion.pl\/en\/jak-dobrac-plaszcz-do-sylwetki\/\">How do you choose a coat to suit your figure?<\/a><\/p>\n<p><span lang=\"DE\">Material: 80% wool, 20% polyamide<br \/>\n<\/span><\/p>\n<p>Lining: 100% acetate<\/p>\n<p>Like viscose, acetate is produced from cellulose. Acetate yarn can also be made from recycled cellulose such as paper. The acetate lining is excellent at absorbing moisture and allowing air to pass through. It is coated with an antistatic apprettee and is OEKOtex\u00ae Standard 100 certified.<br \/>\nInsulation: 100% non-woven recycled polyester<br \/>\nOur coats are insulated with a compressed thermo-insulating quilted fleece on the lining. The fleece is made from recycled polyester fibres. The material is lightweight, thin and at the same time perfectly insulating. The insulating fleece we use is resistant to moisture (it retains its insulating properties and warming effect even in damp conditions), stops the wind, is hypoallergenic and breathable. It is OEKOtex\u00ae Standard 100 certified.<\/p>\n<p><span lang=\"DE\">The classic double-breasted graphite diploma has been designed and sewn in our family workshop. <\/span><span lang=\"DE\">Wear your handmade coat proudly. Thank you for supporting local craftsmanship.<\/span><\/p>\n<p><span style=\"font-family: 'Helvetica','sans-serif'; color: #858585; background: white;\">The coat should be dry-cleaned. For frequent refreshing of the wool we recommend the following <a href=\"https:\/\/talia-fashion.pl\/en\/product\/szczotka-do-czyszczenia-i-pielegnacji-plaszcza\/\">Brush for cleaning and care of the coat,<\/a> which can be purchased in our shop. By taking care of the clothes, we take care of the environment.<\/span><\/p>\n<p><span lang=\"DE\">Minor modifications such as shortening or lengthening the sleeves are possible - cost to be agreed individually after prior contact.<\/span><\/p>\n<p><strong>An individual order is not subject to exchange or refund.<\/strong><\/p>\n<p><span lang=\"DE\">The lead time depends on the company's current stock and the availability of the fabric colour in question. If a given coat is available in the workshop, the order will be realised very quickly - 2-5 working days. If the coat needs to be sewn or the order needs to be individualised - making alterations or sewing a new coat according to the customer's specifications - the lead time may be extended, up to a maximum of 2 weeks.<\/span><\/p>\n<p>We encourage you to like our <a href=\"https:\/\/www.instagram.com\/talia_plaszcze\/\">fanpage on Instagram<\/a>.<\/p>","protected":false},"excerpt":{"rendered":"<p>Dyplomatka klasyczna dwurz\u0119dowa grafitowa, w ca\u0142o\u015bci uszyta na podszewce. Dodatkowo ocieplana, r\u00f3wnie\u017c w r\u0119kawach. Ty\u0142 p\u0142aszcza delikatnie taliowany z rozporkiem. Na przodzie&hellip;<\/p>","protected":false},"featured_media":229,"template":"","meta":{"_acf_changed":false},"product_cat":[55],"product_tag":[56,33,37,58,34,39,40,65,66,41,42,67,43,68,47,50,69,51,70,53,63],"class_list":{"0":"post-3954","1":"product","2":"type-product","3":"status-publish","4":"has-post-thumbnail","6":"product_cat-plaszcze-krotsze","7":"product_tag-bestseller","8":"product_tag-dwurzedowy","9":"product_tag-dyplomatka","10":"product_tag-dyplomatka-dwurzedowa","11":"product_tag-handmade","12":"product_tag-klasyczny","13":"product_tag-kolnierz","14":"product_tag-kurtka-ocieplana","15":"product_tag-kurtka-zimowa-ocieplana","16":"product_tag-na-podszewce","17":"product_tag-nowosc","18":"product_tag-ocieplany","19":"product_tag-plaszcz-damski","20":"product_tag-plaszcz-jesienny","21":"product_tag-plaszcz-na-guziki","22":"product_tag-plaszcz-z-rewersem","23":"product_tag-prochowiec","24":"product_tag-prosty","25":"product_tag-prosty-kroj","26":"product_tag-welna","27":"product_tag-welniany","29":"first","30":"instock","31":"shipping-taxable","32":"purchasable","33":"product-type-variable","34":"has-default-attributes"},"acf":[],"yoast_head":"<!-- This site is optimized with the Yoast SEO plugin v25.7 - https:\/\/yoast.com\/wordpress\/plugins\/seo\/ -->\n<title>Dyplomatka klasyczna dwurz\u0119dowa grafitowa - Talia Fashion p\u0142aszcze zimowe<\/title>\n<meta name=\"description\" content=\"Dyplomatka klasyczna dwurz\u0119dowa grafitowa z we\u0142n\u0105. Klasyczna, prosta linia p\u0142aszcza, kieszenie z patkami i delikatnie wyk\u0142adany ko\u0142nierz rewers.\" \/>\n<meta name=\"robots\" content=\"index, follow, max-snippet:-1, max-image-preview:large, max-video-preview:-1\" \/>\n<link rel=\"canonical\" href=\"https:\/\/talia-fashion.pl\/en\/product\/dyplomatka-klasyczna-dwurzedowa-grafitowa-maya\/\" \/>\n<meta property=\"og:locale\" content=\"en_GB\" \/>\n<meta property=\"og:type\" content=\"article\" \/>\n<meta property=\"og:title\" content=\"Dyplomatka klasyczna dwurz\u0119dowa grafitowa - Talia Fashion p\u0142aszcze zimowe\" \/>\n<meta property=\"og:description\" content=\"Dyplomatka klasyczna dwurz\u0119dowa grafitowa z we\u0142n\u0105. Klasyczna, prosta linia p\u0142aszcza, kieszenie z patkami i delikatnie wyk\u0142adany ko\u0142nierz rewers.\" \/>\n<meta property=\"og:url\" content=\"https:\/\/talia-fashion.pl\/en\/product\/dyplomatka-klasyczna-dwurzedowa-grafitowa-maya\/\" \/>\n<meta property=\"og:site_name\" content=\"Talia Fashion\" \/>\n<meta property=\"article:modified_time\" content=\"2026-02-25T15:13:28+00:00\" \/>\n<meta property=\"og:image\" content=\"https:\/\/talia-fashion.pl\/wp-content\/uploads\/2024\/10\/dyplomatka-klasyczna-dwurzedowa-welniana-szara.jpg\" \/>\n\t<meta property=\"og:image:width\" content=\"1000\" \/>\n\t<meta property=\"og:image:height\" content=\"1500\" \/>\n\t<meta property=\"og:image:type\" content=\"image\/jpeg\" \/>\n<meta name=\"twitter:card\" content=\"summary_large_image\" \/>\n<meta name=\"twitter:label1\" content=\"Estimated reading time\" \/>\n\t<meta name=\"twitter:data1\" content=\"3 minutes\" \/>\n<script type=\"application\/ld+json\" class=\"yoast-schema-graph\">{\"@context\":\"https:\/\/schema.org\",\"@graph\":[{\"@type\":\"WebPage\",\"@id\":\"https:\/\/talia-fashion.pl\/produkt\/dyplomatka-klasyczna-dwurzedowa-grafitowa-maya\/\",\"url\":\"https:\/\/talia-fashion.pl\/produkt\/dyplomatka-klasyczna-dwurzedowa-grafitowa-maya\/\",\"name\":\"Dyplomatka klasyczna dwurz\u0119dowa grafitowa - Talia Fashion p\u0142aszcze zimowe\",\"isPartOf\":{\"@id\":\"https:\/\/talia-fashion.pl\/#website\"},\"primaryImageOfPage\":{\"@id\":\"https:\/\/talia-fashion.pl\/produkt\/dyplomatka-klasyczna-dwurzedowa-grafitowa-maya\/#primaryimage\"},\"image\":{\"@id\":\"https:\/\/talia-fashion.pl\/produkt\/dyplomatka-klasyczna-dwurzedowa-grafitowa-maya\/#primaryimage\"},\"thumbnailUrl\":\"https:\/\/talia-fashion.pl\/wp-content\/uploads\/2024\/10\/dyplomatka-klasyczna-dwurzedowa-welniana-szara.jpg\",\"datePublished\":\"2018-08-07T18:23:12+00:00\",\"dateModified\":\"2026-02-25T15:13:28+00:00\",\"description\":\"Dyplomatka klasyczna dwurz\u0119dowa grafitowa z we\u0142n\u0105. Klasyczna, prosta linia p\u0142aszcza, kieszenie z patkami i delikatnie wyk\u0142adany ko\u0142nierz rewers.\",\"breadcrumb\":{\"@id\":\"https:\/\/talia-fashion.pl\/produkt\/dyplomatka-klasyczna-dwurzedowa-grafitowa-maya\/#breadcrumb\"},\"inLanguage\":\"en-GB\",\"potentialAction\":[{\"@type\":\"ReadAction\",\"target\":[\"https:\/\/talia-fashion.pl\/produkt\/dyplomatka-klasyczna-dwurzedowa-grafitowa-maya\/\"]}]},{\"@type\":\"ImageObject\",\"inLanguage\":\"en-GB\",\"@id\":\"https:\/\/talia-fashion.pl\/produkt\/dyplomatka-klasyczna-dwurzedowa-grafitowa-maya\/#primaryimage\",\"url\":\"https:\/\/talia-fashion.pl\/wp-content\/uploads\/2024\/10\/dyplomatka-klasyczna-dwurzedowa-welniana-szara.jpg\",\"contentUrl\":\"https:\/\/talia-fashion.pl\/wp-content\/uploads\/2024\/10\/dyplomatka-klasyczna-dwurzedowa-welniana-szara.jpg\",\"width\":1000,\"height\":1500,\"caption\":\"Dyplomatka klasyczna dwurz\u0119dowa we\u0142niana. D\u0142ugo\u015b\u0107 do po\u0142owy uda. Delikatnie taliowany ty\u0142 i ma\u0142e zaszewki na przodzie. Prosty, minimalistyczny kr\u00f3j.\"},{\"@type\":\"BreadcrumbList\",\"@id\":\"https:\/\/talia-fashion.pl\/produkt\/dyplomatka-klasyczna-dwurzedowa-grafitowa-maya\/#breadcrumb\",\"itemListElement\":[{\"@type\":\"ListItem\",\"position\":1,\"name\":\"Strona g\u0142\u00f3wna\",\"item\":\"https:\/\/talia-fashion.pl\/\"},{\"@type\":\"ListItem\",\"position\":2,\"name\":\"Sklep\",\"item\":\"https:\/\/talia-fashion.pl\/sklep\/\"},{\"@type\":\"ListItem\",\"position\":3,\"name\":\"Dyplomatka klasyczna dwurz\u0119dowa grafitowa Maya\"}]},{\"@type\":\"WebSite\",\"@id\":\"https:\/\/talia-fashion.pl\/#website\",\"url\":\"https:\/\/talia-fashion.pl\/\",\"name\":\"Talia Fashion\",\"description\":\"\",\"potentialAction\":[{\"@type\":\"SearchAction\",\"target\":{\"@type\":\"EntryPoint\",\"urlTemplate\":\"https:\/\/talia-fashion.pl\/?s={search_term_string}\"},\"query-input\":{\"@type\":\"PropertyValueSpecification\",\"valueRequired\":true,\"valueName\":\"search_term_string\"}}],\"inLanguage\":\"en-GB\"}]}<\/script>\n<!-- \/ Yoast SEO plugin. -->","yoast_head_json":{"title":"Dyplomatka klasyczna dwurz\u0119dowa grafitowa - Talia Fashion p\u0142aszcze zimowe","description":"Dyplomatka klasyczna dwurz\u0119dowa grafitowa z we\u0142n\u0105. Klasyczna, prosta linia p\u0142aszcza, kieszenie z patkami i delikatnie wyk\u0142adany ko\u0142nierz rewers.","robots":{"index":"index","follow":"follow","max-snippet":"max-snippet:-1","max-image-preview":"max-image-preview:large","max-video-preview":"max-video-preview:-1"},"canonical":"https:\/\/talia-fashion.pl\/en\/product\/dyplomatka-klasyczna-dwurzedowa-grafitowa-maya\/","og_locale":"en_GB","og_type":"article","og_title":"Dyplomatka klasyczna dwurz\u0119dowa grafitowa - Talia Fashion p\u0142aszcze zimowe","og_description":"Dyplomatka klasyczna dwurz\u0119dowa grafitowa z we\u0142n\u0105. Klasyczna, prosta linia p\u0142aszcza, kieszenie z patkami i delikatnie wyk\u0142adany ko\u0142nierz rewers.","og_url":"https:\/\/talia-fashion.pl\/en\/product\/dyplomatka-klasyczna-dwurzedowa-grafitowa-maya\/","og_site_name":"Talia Fashion","article_modified_time":"2026-02-25T15:13:28+00:00","og_image":[{"width":1000,"height":1500,"url":"https:\/\/talia-fashion.pl\/wp-content\/uploads\/2024\/10\/dyplomatka-klasyczna-dwurzedowa-welniana-szara.jpg","type":"image\/jpeg"}],"twitter_card":"summary_large_image","twitter_misc":{"Estimated reading time":"3 minutes"},"schema":{"@context":"https:\/\/schema.org","@graph":[{"@type":"WebPage","@id":"https:\/\/talia-fashion.pl\/produkt\/dyplomatka-klasyczna-dwurzedowa-grafitowa-maya\/","url":"https:\/\/talia-fashion.pl\/produkt\/dyplomatka-klasyczna-dwurzedowa-grafitowa-maya\/","name":"Dyplomatka klasyczna dwurz\u0119dowa grafitowa - Talia Fashion p\u0142aszcze zimowe","isPartOf":{"@id":"https:\/\/talia-fashion.pl\/#website"},"primaryImageOfPage":{"@id":"https:\/\/talia-fashion.pl\/produkt\/dyplomatka-klasyczna-dwurzedowa-grafitowa-maya\/#primaryimage"},"image":{"@id":"https:\/\/talia-fashion.pl\/produkt\/dyplomatka-klasyczna-dwurzedowa-grafitowa-maya\/#primaryimage"},"thumbnailUrl":"https:\/\/talia-fashion.pl\/wp-content\/uploads\/2024\/10\/dyplomatka-klasyczna-dwurzedowa-welniana-szara.jpg","datePublished":"2018-08-07T18:23:12+00:00","dateModified":"2026-02-25T15:13:28+00:00","description":"Dyplomatka klasyczna dwurz\u0119dowa grafitowa z we\u0142n\u0105. Klasyczna, prosta linia p\u0142aszcza, kieszenie z patkami i delikatnie wyk\u0142adany ko\u0142nierz rewers.","breadcrumb":{"@id":"https:\/\/talia-fashion.pl\/produkt\/dyplomatka-klasyczna-dwurzedowa-grafitowa-maya\/#breadcrumb"},"inLanguage":"en-GB","potentialAction":[{"@type":"ReadAction","target":["https:\/\/talia-fashion.pl\/produkt\/dyplomatka-klasyczna-dwurzedowa-grafitowa-maya\/"]}]},{"@type":"ImageObject","inLanguage":"en-GB","@id":"https:\/\/talia-fashion.pl\/produkt\/dyplomatka-klasyczna-dwurzedowa-grafitowa-maya\/#primaryimage","url":"https:\/\/talia-fashion.pl\/wp-content\/uploads\/2024\/10\/dyplomatka-klasyczna-dwurzedowa-welniana-szara.jpg","contentUrl":"https:\/\/talia-fashion.pl\/wp-content\/uploads\/2024\/10\/dyplomatka-klasyczna-dwurzedowa-welniana-szara.jpg","width":1000,"height":1500,"caption":"Dyplomatka klasyczna dwurz\u0119dowa we\u0142niana. D\u0142ugo\u015b\u0107 do po\u0142owy uda. Delikatnie taliowany ty\u0142 i ma\u0142e zaszewki na przodzie. Prosty, minimalistyczny kr\u00f3j."},{"@type":"BreadcrumbList","@id":"https:\/\/talia-fashion.pl\/produkt\/dyplomatka-klasyczna-dwurzedowa-grafitowa-maya\/#breadcrumb","itemListElement":[{"@type":"ListItem","position":1,"name":"Strona g\u0142\u00f3wna","item":"https:\/\/talia-fashion.pl\/"},{"@type":"ListItem","position":2,"name":"Sklep","item":"https:\/\/talia-fashion.pl\/sklep\/"},{"@type":"ListItem","position":3,"name":"Dyplomatka klasyczna dwurz\u0119dowa grafitowa Maya"}]},{"@type":"WebSite","@id":"https:\/\/talia-fashion.pl\/#website","url":"https:\/\/talia-fashion.pl\/","name":"Talia Fashion","description":"","potentialAction":[{"@type":"SearchAction","target":{"@type":"EntryPoint","urlTemplate":"https:\/\/talia-fashion.pl\/?s={search_term_string}"},"query-input":{"@type":"PropertyValueSpecification","valueRequired":true,"valueName":"search_term_string"}}],"inLanguage":"en-GB"}]}},"_links":{"self":[{"href":"https:\/\/talia-fashion.pl\/en\/wp-json\/wp\/v2\/product\/3954","targetHints":{"allow":["GET"]}}],"collection":[{"href":"https:\/\/talia-fashion.pl\/en\/wp-json\/wp\/v2\/product"}],"about":[{"href":"https:\/\/talia-fashion.pl\/en\/wp-json\/wp\/v2\/types\/product"}],"wp:featuredmedia":[{"embeddable":true,"href":"https:\/\/talia-fashion.pl\/en\/wp-json\/wp\/v2\/media\/229"}],"wp:attachment":[{"href":"https:\/\/talia-fashion.pl\/en\/wp-json\/wp\/v2\/media?parent=3954"}],"wp:term":[{"taxonomy":"product_cat","embeddable":true,"href":"https:\/\/talia-fashion.pl\/en\/wp-json\/wp\/v2\/product_cat?post=3954"},{"taxonomy":"product_tag","embeddable":true,"href":"https:\/\/talia-fashion.pl\/en\/wp-json\/wp\/v2\/product_tag?post=3954"}],"curies":[{"name":"wp","href":"https:\/\/api.w.org\/{rel}","templated":true}]}}